{"id":60715,"date":"2026-04-12T13:00:11","date_gmt":"2026-04-12T11:00:11","guid":{"rendered":"https:\/\/dev6.erresse-shop.it\/shop\/non%20class\u00e9\/coravin-pivot-noir\/"},"modified":"2025-09-14T06:33:06","modified_gmt":"2025-09-14T04:33:06","slug":"coravin-pivot-noir","status":"publish","type":"product","link":"https:\/\/dev6.erresse-shop.it\/fr\/shop\/table-fr-2\/vin\/aerateurs\/coravin-pivot-noir\/","title":{"rendered":"CORAVIN Pivot\u2122+ Noir"},"content":{"rendered":"<p>Versez vos vins pr\u00e9f\u00e9r\u00e9s sans jamais retirer le bouchon. Le Coravin Timeless Six porte l\u2019\u00e9l\u00e9gance \u00e0 un niveau sup\u00e9rieur en vous permettant de choisir parmi une vari\u00e9t\u00e9 de couleurs sophistiqu\u00e9es, toutes dot\u00e9es de finitions brillantes, d\u2019accents m\u00e9talliques et d\u2019une gamme d\u2019accessoires haut de gamme. Il suffit d\u2019ins\u00e9rer, d\u2019incliner et de verser autant de vin que vous le souhaitez tout en conservant tranquillement le reste de la bouteille pendant des semaines, des mois, voire des ann\u00e9es. Cet \u00e9l\u00e9gant syst\u00e8me de stockage du vin est parfait pour les connaisseurs mais aussi pour tous les amateurs de vin.<\/p>\n<p>SYST\u00c8ME DE CONSERVATION DU VIN: pr\u00e9servez la saveur, la couleur et l\u2019ar\u00f4me de votre vin rouge ou blanc jusqu\u2019\u00e0 4 semaines en utilisant le syst\u00e8me de conservation du vin Pivot Plus et l\u2019accessoire a\u00e9rateur Pivot.<br \/>\nSavourez le vin \u00e0 votre guise: les amateurs de vin peuvent d\u00e9guster autant ou aussi peu de vin qu\u2019ils le souhaitent sans la pression de finir la bouteille en une seule s\u00e9ance \u2013 il dure plus longtemps.<br \/>\nPROT\u00c9GE LE VIN DE L\u2019OXYDATION: le syst\u00e8me Pivot remplace l\u2019oxyg\u00e8ne dans une bouteille ouverte par du gaz argon pur de qualit\u00e9 alimentaire, de sorte que votre vin reste frais plus longtemps.<br \/>\nGARDE LA FRA\u00ceCHEUR DU VIN: il suffit de remplacer le bouchon de li\u00e8ge ou la capsule \u00e0 vis par un bouchon, de connecter l\u2019a\u00e9rateur au dispositif de pivotement, puis d\u2019ins\u00e9rer le dispositif lorsque vous \u00eates pr\u00eat \u00e0 verser. Lorsque vous avez termin\u00e9, retirez le dispositif et fermez le bouchon.<br \/>\nCONTENU DU PACKAGE: 1 dispositif de pivot, 2 bouchons de pivot, 2 capsules Coravin Pure et 1 a\u00e9rateur de pivot.<\/p>\n<p>Le syst\u00e8me Pivot\u2122&#43; combine la pr\u00e9servation du vin avec une oxyg\u00e9nation parfaite. Gr\u00e2ce \u00e0 l\u2019a\u00e9rateur Pivot (inclus), un effet de d\u00e9cantation de 90 minutes peut \u00eatre obtenu pendant le versement, ce qui rehaussera la saveur et l\u2019ar\u00f4me de notre vin. La quantit\u00e9 restante dans la bouteille peut ensuite \u00eatre consomm\u00e9e au cours des 4 semaines suivantes avec la garantie que le dernier verre sera aussi parfait que le premier. Adaptez le vin \u00e0 votre humeur, au plat du jour ou \u00e0 la m\u00e9t\u00e9o, c\u2019est vous qui choisissez.<\/p>\n<p>Pour les n\u00e9ophytes et les enthousiastes<br \/>\nLe syst\u00e8me Pivot est la solution id\u00e9ale pour les \u201camateurs occasionnels\u201d et les \u201camateurs en herbe\u201d.<\/p>\n<p>Dur\u00e9e de vie des capsules<br \/>\nChaque capsule vous permet de verser jusqu\u2019\u00e0 vingt verres de vin de 150 ml.<\/p>\n<p>Design unique<br \/>\nOuvrez la bouteille, remplacez le bouchon d\u2019origine par le Stopper Pivot et savourez un ou plusieurs verres de vin uniquement quand vous le souhaitez.<\/p>\n<p>Mat\u00e9riaux<\/p>\n<p>Dispositif Pivot\u2122 : plastique moul\u00e9 par injection, acier inoxydable, \u00e9lastom\u00e8res.<br \/>\nA\u00e9rateur Pivot\u2122 : Elastom\u00e8res, acier inoxydable<br \/>\nBouchon Pivot\u2122 : plastique moul\u00e9 par injection.<br \/>\nCapsules Coravin Pure\u2122 Argon : acier recyclable, gaz argon 100 % pur, caoutchouc synth\u00e9tique, nylon renforc\u00e9 de fibre de verre.<br \/>\nHousse de bouteille : Polyester<\/p>\n","protected":false},"excerpt":{"rendered":"<p>Versez vos vins pr\u00e9f\u00e9r\u00e9s sans jamais retirer le bouchon. Le Coravin Timeless Six porte l\u2019\u00e9l\u00e9gance \u00e0 un niveau sup\u00e9rieur en vous permettant de choisir parmi une vari\u00e9t\u00e9 de couleurs sophistiqu\u00e9es, toutes dot\u00e9es de finitions brillantes, d\u2019accents m\u00e9talliques et d\u2019une gamme d\u2019accessoires haut de gamme. Il suffit d\u2019ins\u00e9rer, d\u2019incliner et de verser autant de vin que [&hellip;]<\/p>\n","protected":false},"featured_media":6375640,"template":"","meta":{"_acf_changed":false},"product_cat":[12072,11995,12069],"product_tag":[],"class_list":{"0":"post-60715","1":"product","2":"type-product","3":"status-publish","4":"has-post-thumbnail","6":"product_cat-aerateurs","7":"product_cat-table-fr-2","8":"product_cat-vin","10":"first","11":"outofstock","12":"sale","13":"taxable","14":"shipping-taxable","15":"purchasable","16":"product-type-simple","swatches":"rey-swatches","show_selected":"","stretch_labels":"rey-swatches--stretch-labels"},"acf":[],"yoast_head":"<!-- This site is optimized with the Yoast SEO plugin v25.4 - https:\/\/yoast.com\/wordpress\/plugins\/seo\/ -->\n<title>CORAVIN Pivot\u2122+ Noir - dev6 Erresse<\/title>\n<meta name=\"description\" content=\"Versez vos vins pr\u00e9f\u00e9r\u00e9s sans jamais retirer le bouchon. Le Coravin Timeless Six porte l\u2019\u00e9l\u00e9gance \u00e0 un niveau sup\u00e9rieur en vous permettant de choisir\" \/>\n<meta name=\"robots\" content=\"noindex, follow, max-snippet:-1, max-image-preview:large, max-video-preview:-1\" \/>\n<meta property=\"og:locale\" content=\"fr_FR\" \/>\n<meta property=\"og:type\" content=\"article\" \/>\n<meta property=\"og:title\" content=\"CORAVIN Pivot\u2122+ Noir - dev6 Erresse\" \/>\n<meta property=\"og:description\" content=\"Versez vos vins pr\u00e9f\u00e9r\u00e9s sans jamais retirer le bouchon. Le Coravin Timeless Six porte l\u2019\u00e9l\u00e9gance \u00e0 un niveau sup\u00e9rieur en vous permettant de choisir\" \/>\n<meta property=\"og:url\" content=\"https:\/\/dev6.erresse-shop.it\/fr\/shop\/table-fr-2\/vin\/aerateurs\/coravin-pivot-noir\/\" \/>\n<meta property=\"og:site_name\" content=\"dev6 Erresse\" \/>\n<meta property=\"og:image\" content=\"https:\/\/interpim.erresse-shop.it\/Import\/Prodotti\/4631004-3.jpg\" \/><meta property=\"og:image\" content=\"https:\/\/interpim.erresse-shop.it\/Import\/Prodotti\/4631004-3.jpg\" \/>\n\t<meta property=\"og:image:width\" content=\"1024\" \/>\n\t<meta property=\"og:image:height\" content=\"1024\" \/>\n\t<meta property=\"og:image:type\" content=\"image\/jpeg\" \/>\n<meta name=\"twitter:card\" content=\"summary_large_image\" \/>\n<meta name=\"twitter:image\" content=\"https:\/\/interpim.erresse-shop.it\/Import\/Prodotti\/4631004-3.jpg\" \/>\n<script type=\"application\/ld+json\" class=\"yoast-schema-graph\">{\"@context\":\"https:\/\/schema.org\",\"@graph\":[{\"@type\":\"WebPage\",\"@id\":\"https:\/\/dev6.erresse-shop.it\/fr\/shop\/table-fr-2\/vin\/aerateurs\/coravin-pivot-noir\/\",\"url\":\"https:\/\/dev6.erresse-shop.it\/fr\/shop\/table-fr-2\/vin\/aerateurs\/coravin-pivot-noir\/\",\"name\":\"CORAVIN Pivot\u2122+ Noir - dev6 Erresse\",\"isPartOf\":{\"@id\":\"https:\/\/dev6.erresse-shop.it\/#website\"},\"primaryImageOfPage\":{\"@id\":\"https:\/\/dev6.erresse-shop.it\/fr\/shop\/table-fr-2\/vin\/aerateurs\/coravin-pivot-noir\/#primaryimage\"},\"image\":{\"@id\":\"https:\/\/dev6.erresse-shop.it\/fr\/shop\/table-fr-2\/vin\/aerateurs\/coravin-pivot-noir\/#primaryimage\"},\"thumbnailUrl\":\"https:\/\/i3.wp.com\/interpim.erresse-shop.it\/Import\/Prodotti\/4631004-3.jpg?ssl=1\",\"datePublished\":\"2026-04-12T11:00:11+00:00\",\"description\":\"Versez vos vins pr\u00e9f\u00e9r\u00e9s sans jamais retirer le bouchon. Le Coravin Timeless Six porte l\u2019\u00e9l\u00e9gance \u00e0 un niveau sup\u00e9rieur en vous permettant de choisir\",\"breadcrumb\":{\"@id\":\"https:\/\/dev6.erresse-shop.it\/fr\/shop\/table-fr-2\/vin\/aerateurs\/coravin-pivot-noir\/#breadcrumb\"},\"inLanguage\":\"fr-FR\",\"potentialAction\":[{\"@type\":\"ReadAction\",\"target\":[\"https:\/\/dev6.erresse-shop.it\/fr\/shop\/table-fr-2\/vin\/aerateurs\/coravin-pivot-noir\/\"]}]},{\"@type\":\"ImageObject\",\"inLanguage\":\"fr-FR\",\"@id\":\"https:\/\/dev6.erresse-shop.it\/fr\/shop\/table-fr-2\/vin\/aerateurs\/coravin-pivot-noir\/#primaryimage\",\"url\":\"https:\/\/i3.wp.com\/interpim.erresse-shop.it\/Import\/Prodotti\/4631004-3.jpg?ssl=1\",\"contentUrl\":\"https:\/\/i3.wp.com\/interpim.erresse-shop.it\/Import\/Prodotti\/4631004-3.jpg?ssl=1\"},{\"@type\":\"BreadcrumbList\",\"@id\":\"https:\/\/dev6.erresse-shop.it\/fr\/shop\/table-fr-2\/vin\/aerateurs\/coravin-pivot-noir\/#breadcrumb\",\"itemListElement\":[{\"@type\":\"ListItem\",\"position\":1,\"name\":\"Home\",\"item\":\"https:\/\/dev6.erresse-shop.it\/\"},{\"@type\":\"ListItem\",\"position\":2,\"name\":\"Boutique\",\"item\":\"https:\/\/dev6.erresse-shop.it\/shop\/\"},{\"@type\":\"ListItem\",\"position\":3,\"name\":\"CORAVIN Pivot\u2122+ Noir\"}]},{\"@type\":\"WebSite\",\"@id\":\"https:\/\/dev6.erresse-shop.it\/#website\",\"url\":\"https:\/\/dev6.erresse-shop.it\/\",\"name\":\"Erresse Shop\",\"description\":\"\",\"publisher\":{\"@id\":\"https:\/\/dev6.erresse-shop.it\/#organization\"},\"potentialAction\":[{\"@type\":\"SearchAction\",\"target\":{\"@type\":\"EntryPoint\",\"urlTemplate\":\"https:\/\/dev6.erresse-shop.it\/?s={search_term_string}\"},\"query-input\":{\"@type\":\"PropertyValueSpecification\",\"valueRequired\":true,\"valueName\":\"search_term_string\"}}],\"inLanguage\":\"fr-FR\"},{\"@type\":\"Organization\",\"@id\":\"https:\/\/dev6.erresse-shop.it\/#organization\",\"name\":\"Erresse Shop\",\"url\":\"https:\/\/dev6.erresse-shop.it\/\",\"logo\":{\"@type\":\"ImageObject\",\"inLanguage\":\"fr-FR\",\"@id\":\"https:\/\/dev6.erresse-shop.it\/#\/schema\/logo\/image\/\",\"url\":\"https:\/\/dev6.erresse-shop.it\/wp-content\/uploads\/2025\/01\/LOGO-ERRESSE-CLASSICO.svg\",\"contentUrl\":\"https:\/\/dev6.erresse-shop.it\/wp-content\/uploads\/2025\/01\/LOGO-ERRESSE-CLASSICO.svg\",\"caption\":\"Erresse Shop\"},\"image\":{\"@id\":\"https:\/\/dev6.erresse-shop.it\/#\/schema\/logo\/image\/\"}}]}<\/script>\n<!-- \/ Yoast SEO plugin. -->","yoast_head_json":{"title":"CORAVIN Pivot\u2122+ Noir - dev6 Erresse","description":"Versez vos vins pr\u00e9f\u00e9r\u00e9s sans jamais retirer le bouchon. Le Coravin Timeless Six porte l\u2019\u00e9l\u00e9gance \u00e0 un niveau sup\u00e9rieur en vous permettant de choisir","robots":{"index":"noindex","follow":"follow","max-snippet":"max-snippet:-1","max-image-preview":"max-image-preview:large","max-video-preview":"max-video-preview:-1"},"og_locale":"fr_FR","og_type":"article","og_title":"CORAVIN Pivot\u2122+ Noir - dev6 Erresse","og_description":"Versez vos vins pr\u00e9f\u00e9r\u00e9s sans jamais retirer le bouchon. Le Coravin Timeless Six porte l\u2019\u00e9l\u00e9gance \u00e0 un niveau sup\u00e9rieur en vous permettant de choisir","og_url":"https:\/\/dev6.erresse-shop.it\/fr\/shop\/table-fr-2\/vin\/aerateurs\/coravin-pivot-noir\/","og_site_name":"dev6 Erresse","og_image":[{"url":"https:\/\/interpim.erresse-shop.it\/Import\/Prodotti\/4631004-3.jpg","type":"","width":"","height":""},{"url":"https:\/\/interpim.erresse-shop.it\/Import\/Prodotti\/4631004-3.jpg","width":1024,"height":1024,"type":"image\/jpeg"}],"twitter_card":"summary_large_image","twitter_image":"https:\/\/interpim.erresse-shop.it\/Import\/Prodotti\/4631004-3.jpg","schema":{"@context":"https:\/\/schema.org","@graph":[{"@type":"WebPage","@id":"https:\/\/dev6.erresse-shop.it\/fr\/shop\/table-fr-2\/vin\/aerateurs\/coravin-pivot-noir\/","url":"https:\/\/dev6.erresse-shop.it\/fr\/shop\/table-fr-2\/vin\/aerateurs\/coravin-pivot-noir\/","name":"CORAVIN Pivot\u2122+ Noir - dev6 Erresse","isPartOf":{"@id":"https:\/\/dev6.erresse-shop.it\/#website"},"primaryImageOfPage":{"@id":"https:\/\/dev6.erresse-shop.it\/fr\/shop\/table-fr-2\/vin\/aerateurs\/coravin-pivot-noir\/#primaryimage"},"image":{"@id":"https:\/\/dev6.erresse-shop.it\/fr\/shop\/table-fr-2\/vin\/aerateurs\/coravin-pivot-noir\/#primaryimage"},"thumbnailUrl":"https:\/\/i3.wp.com\/interpim.erresse-shop.it\/Import\/Prodotti\/4631004-3.jpg?ssl=1","datePublished":"2026-04-12T11:00:11+00:00","description":"Versez vos vins pr\u00e9f\u00e9r\u00e9s sans jamais retirer le bouchon. Le Coravin Timeless Six porte l\u2019\u00e9l\u00e9gance \u00e0 un niveau sup\u00e9rieur en vous permettant de choisir","breadcrumb":{"@id":"https:\/\/dev6.erresse-shop.it\/fr\/shop\/table-fr-2\/vin\/aerateurs\/coravin-pivot-noir\/#breadcrumb"},"inLanguage":"fr-FR","potentialAction":[{"@type":"ReadAction","target":["https:\/\/dev6.erresse-shop.it\/fr\/shop\/table-fr-2\/vin\/aerateurs\/coravin-pivot-noir\/"]}]},{"@type":"ImageObject","inLanguage":"fr-FR","@id":"https:\/\/dev6.erresse-shop.it\/fr\/shop\/table-fr-2\/vin\/aerateurs\/coravin-pivot-noir\/#primaryimage","url":"https:\/\/i3.wp.com\/interpim.erresse-shop.it\/Import\/Prodotti\/4631004-3.jpg?ssl=1","contentUrl":"https:\/\/i3.wp.com\/interpim.erresse-shop.it\/Import\/Prodotti\/4631004-3.jpg?ssl=1"},{"@type":"BreadcrumbList","@id":"https:\/\/dev6.erresse-shop.it\/fr\/shop\/table-fr-2\/vin\/aerateurs\/coravin-pivot-noir\/#breadcrumb","itemListElement":[{"@type":"ListItem","position":1,"name":"Home","item":"https:\/\/dev6.erresse-shop.it\/"},{"@type":"ListItem","position":2,"name":"Boutique","item":"https:\/\/dev6.erresse-shop.it\/shop\/"},{"@type":"ListItem","position":3,"name":"CORAVIN Pivot\u2122+ Noir"}]},{"@type":"WebSite","@id":"https:\/\/dev6.erresse-shop.it\/#website","url":"https:\/\/dev6.erresse-shop.it\/","name":"Erresse Shop","description":"","publisher":{"@id":"https:\/\/dev6.erresse-shop.it\/#organization"},"potentialAction":[{"@type":"SearchAction","target":{"@type":"EntryPoint","urlTemplate":"https:\/\/dev6.erresse-shop.it\/?s={search_term_string}"},"query-input":{"@type":"PropertyValueSpecification","valueRequired":true,"valueName":"search_term_string"}}],"inLanguage":"fr-FR"},{"@type":"Organization","@id":"https:\/\/dev6.erresse-shop.it\/#organization","name":"Erresse Shop","url":"https:\/\/dev6.erresse-shop.it\/","logo":{"@type":"ImageObject","inLanguage":"fr-FR","@id":"https:\/\/dev6.erresse-shop.it\/#\/schema\/logo\/image\/","url":"https:\/\/dev6.erresse-shop.it\/wp-content\/uploads\/2025\/01\/LOGO-ERRESSE-CLASSICO.svg","contentUrl":"https:\/\/dev6.erresse-shop.it\/wp-content\/uploads\/2025\/01\/LOGO-ERRESSE-CLASSICO.svg","caption":"Erresse Shop"},"image":{"@id":"https:\/\/dev6.erresse-shop.it\/#\/schema\/logo\/image\/"}}]}},"df_price":169.95,"df_sale_price":169.95,"df_regular_price":199.99,"df_image_link":"https:\/\/i3.wp.com\/interpim.erresse-shop.it\/Import\/Prodotti\/4631004-3.jpg?resize=300,300&ssl=1","fifu_image_url":"https:\/\/interpim.erresse-shop.it\/Import\/Prodotti\/4631004-3.jpg","_links":{"self":[{"href":"https:\/\/dev6.erresse-shop.it\/fr\/wp-json\/wp\/v2\/product\/60715","targetHints":{"allow":["GET"]}}],"collection":[{"href":"https:\/\/dev6.erresse-shop.it\/fr\/wp-json\/wp\/v2\/product"}],"about":[{"href":"https:\/\/dev6.erresse-shop.it\/fr\/wp-json\/wp\/v2\/types\/product"}],"wp:featuredmedia":[{"embeddable":true,"href":"https:\/\/dev6.erresse-shop.it\/fr\/wp-json\/wp\/v2\/media\/6375640"}],"wp:attachment":[{"href":"https:\/\/dev6.erresse-shop.it\/fr\/wp-json\/wp\/v2\/media?parent=60715"}],"wp:term":[{"taxonomy":"product_cat","embeddable":true,"href":"https:\/\/dev6.erresse-shop.it\/fr\/wp-json\/wp\/v2\/product_cat?post=60715"},{"taxonomy":"product_tag","embeddable":true,"href":"https:\/\/dev6.erresse-shop.it\/fr\/wp-json\/wp\/v2\/product_tag?post=60715"}],"curies":[{"name":"wp","href":"https:\/\/api.w.org\/{rel}","templated":true}]}}