{"id":60676,"date":"2026-04-12T09:16:37","date_gmt":"2026-04-12T07:16:37","guid":{"rendered":"https:\/\/dev6.erresse-shop.it\/shop\/non%20class\u00e9\/joseph-joseph-nest-prepstore-jeu-de-4-bols-a-melanger-en-acier\/"},"modified":"2025-12-08T17:50:13","modified_gmt":"2025-12-08T16:50:13","slug":"joseph-joseph-nest-prepstore-jeu-de-4-bols-a-melanger-en-acier","status":"publish","type":"product","link":"https:\/\/dev6.erresse-shop.it\/fr\/shop\/table-fr-2\/recipients-et-bols\/joseph-joseph-nest-prepstore-jeu-de-4-bols-a-melanger-en-acier\/","title":{"rendered":"JOSEPH JOSEPH Nest\u2122 Prep&#038;Store Jeu de 4 bols \u00e0 m\u00e9langer en acier"},"content":{"rendered":"<p>Caract\u00e9ristiques du produit<\/p>\n<p>Chaque bol en acier inoxydable de ce set de 4 pi\u00e8ces est livr\u00e9 avec son propre couvercle en silicone, ce qui vous permet de pr\u00e9parer facilement les aliments \u00e0 l\u2019avance et de les conserver jusqu\u2019\u00e0 leur utilisation.<\/p>\n<p>Fabriqu\u00e9 en acier inoxydable 18\/8 de haute qualit\u00e9<br \/>\nLes bols en acier inoxydable ne se tachent pas et ne retiennent pas les odeurs.<br \/>\nLes bols s\u2019embo\u00eetent les uns dans les autres pour gagner de la place<br \/>\nLes couvercles sont faciles \u00e0 identifier et \u00e0 assembler<br \/>\nSupports antid\u00e9rapants<br \/>\nTailles des bols : 5 L (169 oz), 3,8 L (128 oz), 2,1 L (71 oz) et 1,2 L (40 oz)<br \/>\nPr\u00e9cautions et utilisation :<br \/>\nLavable au lave-vaisselle (couvercles de l\u2019\u00e9tag\u00e8re sup\u00e9rieure uniquement)<br \/>\nPour \u00e9viter les rayures, n\u2019utilisez pas d\u2019outils m\u00e9talliques ou d\u2019\u00e9ponges pour le nettoyage.<\/p>\n<p>Dimensions :<br \/>\nH13,6 x L28,5 x D28,5 cm (H5\u00bd x L11\u00bc x D11\u00bc pouces)<\/p>\n<p>Con\u00e7u par Morph pour Joseph Joseph<\/p>\n","protected":false},"excerpt":{"rendered":"<p>Caract\u00e9ristiques du produit Chaque bol en acier inoxydable de ce set de 4 pi\u00e8ces est livr\u00e9 avec son propre couvercle en silicone, ce qui vous permet de pr\u00e9parer facilement les aliments \u00e0 l\u2019avance et de les conserver jusqu\u2019\u00e0 leur utilisation. Fabriqu\u00e9 en acier inoxydable 18\/8 de haute qualit\u00e9 Les bols en acier inoxydable ne se [&hellip;]<\/p>\n","protected":false},"featured_media":6358790,"template":"","meta":{"_acf_changed":false},"product_cat":[12015,11995,11671],"product_tag":[],"class_list":{"0":"post-60676","1":"product","2":"type-product","3":"status-publish","4":"has-post-thumbnail","6":"product_cat-recipients-et-bols","7":"product_cat-table-fr-2","8":"product_cat-tavola","10":"first","11":"outofstock","12":"sale","13":"taxable","14":"shipping-taxable","15":"purchasable","16":"product-type-simple","swatches":"rey-swatches","show_selected":"","stretch_labels":"rey-swatches--stretch-labels"},"acf":[],"yoast_head":"<!-- This site is optimized with the Yoast SEO plugin v25.4 - https:\/\/yoast.com\/wordpress\/plugins\/seo\/ -->\n<title>JOSEPH JOSEPH Nest\u2122 Prep&#038;Store Jeu de 4 bols \u00e0 m\u00e9langer en acier - dev6 Erresse<\/title>\n<meta name=\"description\" content=\"Caract\u00e9ristiques du produit Chaque bol en acier inoxydable de ce set de 4 pi\u00e8ces est livr\u00e9 avec son propre couvercle en silicone, ce qui vous permet de\" \/>\n<meta name=\"robots\" content=\"noindex, follow, max-snippet:-1, max-image-preview:large, max-video-preview:-1\" \/>\n<meta property=\"og:locale\" content=\"fr_FR\" \/>\n<meta property=\"og:type\" content=\"article\" \/>\n<meta property=\"og:title\" content=\"JOSEPH JOSEPH Nest\u2122 Prep&#038;Store Jeu de 4 bols \u00e0 m\u00e9langer en acier - dev6 Erresse\" \/>\n<meta property=\"og:description\" content=\"Caract\u00e9ristiques du produit Chaque bol en acier inoxydable de ce set de 4 pi\u00e8ces est livr\u00e9 avec son propre couvercle en silicone, ce qui vous permet de\" \/>\n<meta property=\"og:url\" content=\"https:\/\/dev6.erresse-shop.it\/fr\/shop\/table-fr-2\/recipients-et-bols\/joseph-joseph-nest-prepstore-jeu-de-4-bols-a-melanger-en-acier\/\" \/>\n<meta property=\"og:site_name\" content=\"dev6 Erresse\" \/>\n<meta property=\"og:image\" content=\"https:\/\/interpim.erresse-shop.it\/Import\/Prodotti\/joseph-joseph-nest-prepstore-set-di-4-ciotole-per-impastare-in-acciaio.jpg\" \/><meta property=\"og:image\" content=\"https:\/\/interpim.erresse-shop.it\/Import\/Prodotti\/joseph-joseph-nest-prepstore-set-di-4-ciotole-per-impastare-in-acciaio.jpg\" \/>\n\t<meta property=\"og:image:width\" content=\"1024\" \/>\n\t<meta property=\"og:image:height\" content=\"1024\" \/>\n\t<meta property=\"og:image:type\" content=\"image\/jpeg\" \/>\n<meta name=\"twitter:card\" content=\"summary_large_image\" \/>\n<meta name=\"twitter:image\" content=\"https:\/\/interpim.erresse-shop.it\/Import\/Prodotti\/joseph-joseph-nest-prepstore-set-di-4-ciotole-per-impastare-in-acciaio.jpg\" \/>\n<script type=\"application\/ld+json\" class=\"yoast-schema-graph\">{\"@context\":\"https:\/\/schema.org\",\"@graph\":[{\"@type\":\"WebPage\",\"@id\":\"https:\/\/dev6.erresse-shop.it\/fr\/shop\/table-fr-2\/recipients-et-bols\/joseph-joseph-nest-prepstore-jeu-de-4-bols-a-melanger-en-acier\/\",\"url\":\"https:\/\/dev6.erresse-shop.it\/fr\/shop\/table-fr-2\/recipients-et-bols\/joseph-joseph-nest-prepstore-jeu-de-4-bols-a-melanger-en-acier\/\",\"name\":\"JOSEPH JOSEPH Nest\u2122 Prep&#038;Store Jeu de 4 bols \u00e0 m\u00e9langer en acier - dev6 Erresse\",\"isPartOf\":{\"@id\":\"https:\/\/dev6.erresse-shop.it\/#website\"},\"primaryImageOfPage\":{\"@id\":\"https:\/\/dev6.erresse-shop.it\/fr\/shop\/table-fr-2\/recipients-et-bols\/joseph-joseph-nest-prepstore-jeu-de-4-bols-a-melanger-en-acier\/#primaryimage\"},\"image\":{\"@id\":\"https:\/\/dev6.erresse-shop.it\/fr\/shop\/table-fr-2\/recipients-et-bols\/joseph-joseph-nest-prepstore-jeu-de-4-bols-a-melanger-en-acier\/#primaryimage\"},\"thumbnailUrl\":\"https:\/\/i0.wp.com\/interpim.erresse-shop.it\/Import\/Prodotti\/joseph-joseph-nest-prepstore-set-di-4-ciotole-per-impastare-in-acciaio.jpg?ssl=1\",\"datePublished\":\"2026-04-12T07:16:37+00:00\",\"description\":\"Caract\u00e9ristiques du produit Chaque bol en acier inoxydable de ce set de 4 pi\u00e8ces est livr\u00e9 avec son propre couvercle en silicone, ce qui vous permet de\",\"breadcrumb\":{\"@id\":\"https:\/\/dev6.erresse-shop.it\/fr\/shop\/table-fr-2\/recipients-et-bols\/joseph-joseph-nest-prepstore-jeu-de-4-bols-a-melanger-en-acier\/#breadcrumb\"},\"inLanguage\":\"fr-FR\",\"potentialAction\":[{\"@type\":\"ReadAction\",\"target\":[\"https:\/\/dev6.erresse-shop.it\/fr\/shop\/table-fr-2\/recipients-et-bols\/joseph-joseph-nest-prepstore-jeu-de-4-bols-a-melanger-en-acier\/\"]}]},{\"@type\":\"ImageObject\",\"inLanguage\":\"fr-FR\",\"@id\":\"https:\/\/dev6.erresse-shop.it\/fr\/shop\/table-fr-2\/recipients-et-bols\/joseph-joseph-nest-prepstore-jeu-de-4-bols-a-melanger-en-acier\/#primaryimage\",\"url\":\"https:\/\/i0.wp.com\/interpim.erresse-shop.it\/Import\/Prodotti\/joseph-joseph-nest-prepstore-set-di-4-ciotole-per-impastare-in-acciaio.jpg?ssl=1\",\"contentUrl\":\"https:\/\/i0.wp.com\/interpim.erresse-shop.it\/Import\/Prodotti\/joseph-joseph-nest-prepstore-set-di-4-ciotole-per-impastare-in-acciaio.jpg?ssl=1\"},{\"@type\":\"BreadcrumbList\",\"@id\":\"https:\/\/dev6.erresse-shop.it\/fr\/shop\/table-fr-2\/recipients-et-bols\/joseph-joseph-nest-prepstore-jeu-de-4-bols-a-melanger-en-acier\/#breadcrumb\",\"itemListElement\":[{\"@type\":\"ListItem\",\"position\":1,\"name\":\"Home\",\"item\":\"https:\/\/dev6.erresse-shop.it\/\"},{\"@type\":\"ListItem\",\"position\":2,\"name\":\"Boutique\",\"item\":\"https:\/\/dev6.erresse-shop.it\/shop\/\"},{\"@type\":\"ListItem\",\"position\":3,\"name\":\"JOSEPH JOSEPH Nest\u2122 Prep&#038;Store Jeu de 4 bols \u00e0 m\u00e9langer en acier\"}]},{\"@type\":\"WebSite\",\"@id\":\"https:\/\/dev6.erresse-shop.it\/#website\",\"url\":\"https:\/\/dev6.erresse-shop.it\/\",\"name\":\"Erresse Shop\",\"description\":\"\",\"publisher\":{\"@id\":\"https:\/\/dev6.erresse-shop.it\/#organization\"},\"potentialAction\":[{\"@type\":\"SearchAction\",\"target\":{\"@type\":\"EntryPoint\",\"urlTemplate\":\"https:\/\/dev6.erresse-shop.it\/?s={search_term_string}\"},\"query-input\":{\"@type\":\"PropertyValueSpecification\",\"valueRequired\":true,\"valueName\":\"search_term_string\"}}],\"inLanguage\":\"fr-FR\"},{\"@type\":\"Organization\",\"@id\":\"https:\/\/dev6.erresse-shop.it\/#organization\",\"name\":\"Erresse Shop\",\"url\":\"https:\/\/dev6.erresse-shop.it\/\",\"logo\":{\"@type\":\"ImageObject\",\"inLanguage\":\"fr-FR\",\"@id\":\"https:\/\/dev6.erresse-shop.it\/#\/schema\/logo\/image\/\",\"url\":\"https:\/\/dev6.erresse-shop.it\/wp-content\/uploads\/2025\/01\/LOGO-ERRESSE-CLASSICO.svg\",\"contentUrl\":\"https:\/\/dev6.erresse-shop.it\/wp-content\/uploads\/2025\/01\/LOGO-ERRESSE-CLASSICO.svg\",\"caption\":\"Erresse Shop\"},\"image\":{\"@id\":\"https:\/\/dev6.erresse-shop.it\/#\/schema\/logo\/image\/\"}}]}<\/script>\n<!-- \/ Yoast SEO plugin. -->","yoast_head_json":{"title":"JOSEPH JOSEPH Nest\u2122 Prep&#038;Store Jeu de 4 bols \u00e0 m\u00e9langer en acier - dev6 Erresse","description":"Caract\u00e9ristiques du produit Chaque bol en acier inoxydable de ce set de 4 pi\u00e8ces est livr\u00e9 avec son propre couvercle en silicone, ce qui vous permet de","robots":{"index":"noindex","follow":"follow","max-snippet":"max-snippet:-1","max-image-preview":"max-image-preview:large","max-video-preview":"max-video-preview:-1"},"og_locale":"fr_FR","og_type":"article","og_title":"JOSEPH JOSEPH Nest\u2122 Prep&#038;Store Jeu de 4 bols \u00e0 m\u00e9langer en acier - dev6 Erresse","og_description":"Caract\u00e9ristiques du produit Chaque bol en acier inoxydable de ce set de 4 pi\u00e8ces est livr\u00e9 avec son propre couvercle en silicone, ce qui vous permet de","og_url":"https:\/\/dev6.erresse-shop.it\/fr\/shop\/table-fr-2\/recipients-et-bols\/joseph-joseph-nest-prepstore-jeu-de-4-bols-a-melanger-en-acier\/","og_site_name":"dev6 Erresse","og_image":[{"url":"https:\/\/interpim.erresse-shop.it\/Import\/Prodotti\/joseph-joseph-nest-prepstore-set-di-4-ciotole-per-impastare-in-acciaio.jpg","type":"","width":"","height":""},{"url":"https:\/\/interpim.erresse-shop.it\/Import\/Prodotti\/joseph-joseph-nest-prepstore-set-di-4-ciotole-per-impastare-in-acciaio.jpg","width":1024,"height":1024,"type":"image\/jpeg"}],"twitter_card":"summary_large_image","twitter_image":"https:\/\/interpim.erresse-shop.it\/Import\/Prodotti\/joseph-joseph-nest-prepstore-set-di-4-ciotole-per-impastare-in-acciaio.jpg","schema":{"@context":"https:\/\/schema.org","@graph":[{"@type":"WebPage","@id":"https:\/\/dev6.erresse-shop.it\/fr\/shop\/table-fr-2\/recipients-et-bols\/joseph-joseph-nest-prepstore-jeu-de-4-bols-a-melanger-en-acier\/","url":"https:\/\/dev6.erresse-shop.it\/fr\/shop\/table-fr-2\/recipients-et-bols\/joseph-joseph-nest-prepstore-jeu-de-4-bols-a-melanger-en-acier\/","name":"JOSEPH JOSEPH Nest\u2122 Prep&#038;Store Jeu de 4 bols \u00e0 m\u00e9langer en acier - dev6 Erresse","isPartOf":{"@id":"https:\/\/dev6.erresse-shop.it\/#website"},"primaryImageOfPage":{"@id":"https:\/\/dev6.erresse-shop.it\/fr\/shop\/table-fr-2\/recipients-et-bols\/joseph-joseph-nest-prepstore-jeu-de-4-bols-a-melanger-en-acier\/#primaryimage"},"image":{"@id":"https:\/\/dev6.erresse-shop.it\/fr\/shop\/table-fr-2\/recipients-et-bols\/joseph-joseph-nest-prepstore-jeu-de-4-bols-a-melanger-en-acier\/#primaryimage"},"thumbnailUrl":"https:\/\/i0.wp.com\/interpim.erresse-shop.it\/Import\/Prodotti\/joseph-joseph-nest-prepstore-set-di-4-ciotole-per-impastare-in-acciaio.jpg?ssl=1","datePublished":"2026-04-12T07:16:37+00:00","description":"Caract\u00e9ristiques du produit Chaque bol en acier inoxydable de ce set de 4 pi\u00e8ces est livr\u00e9 avec son propre couvercle en silicone, ce qui vous permet de","breadcrumb":{"@id":"https:\/\/dev6.erresse-shop.it\/fr\/shop\/table-fr-2\/recipients-et-bols\/joseph-joseph-nest-prepstore-jeu-de-4-bols-a-melanger-en-acier\/#breadcrumb"},"inLanguage":"fr-FR","potentialAction":[{"@type":"ReadAction","target":["https:\/\/dev6.erresse-shop.it\/fr\/shop\/table-fr-2\/recipients-et-bols\/joseph-joseph-nest-prepstore-jeu-de-4-bols-a-melanger-en-acier\/"]}]},{"@type":"ImageObject","inLanguage":"fr-FR","@id":"https:\/\/dev6.erresse-shop.it\/fr\/shop\/table-fr-2\/recipients-et-bols\/joseph-joseph-nest-prepstore-jeu-de-4-bols-a-melanger-en-acier\/#primaryimage","url":"https:\/\/i0.wp.com\/interpim.erresse-shop.it\/Import\/Prodotti\/joseph-joseph-nest-prepstore-set-di-4-ciotole-per-impastare-in-acciaio.jpg?ssl=1","contentUrl":"https:\/\/i0.wp.com\/interpim.erresse-shop.it\/Import\/Prodotti\/joseph-joseph-nest-prepstore-set-di-4-ciotole-per-impastare-in-acciaio.jpg?ssl=1"},{"@type":"BreadcrumbList","@id":"https:\/\/dev6.erresse-shop.it\/fr\/shop\/table-fr-2\/recipients-et-bols\/joseph-joseph-nest-prepstore-jeu-de-4-bols-a-melanger-en-acier\/#breadcrumb","itemListElement":[{"@type":"ListItem","position":1,"name":"Home","item":"https:\/\/dev6.erresse-shop.it\/"},{"@type":"ListItem","position":2,"name":"Boutique","item":"https:\/\/dev6.erresse-shop.it\/shop\/"},{"@type":"ListItem","position":3,"name":"JOSEPH JOSEPH Nest\u2122 Prep&#038;Store Jeu de 4 bols \u00e0 m\u00e9langer en acier"}]},{"@type":"WebSite","@id":"https:\/\/dev6.erresse-shop.it\/#website","url":"https:\/\/dev6.erresse-shop.it\/","name":"Erresse Shop","description":"","publisher":{"@id":"https:\/\/dev6.erresse-shop.it\/#organization"},"potentialAction":[{"@type":"SearchAction","target":{"@type":"EntryPoint","urlTemplate":"https:\/\/dev6.erresse-shop.it\/?s={search_term_string}"},"query-input":{"@type":"PropertyValueSpecification","valueRequired":true,"valueName":"search_term_string"}}],"inLanguage":"fr-FR"},{"@type":"Organization","@id":"https:\/\/dev6.erresse-shop.it\/#organization","name":"Erresse Shop","url":"https:\/\/dev6.erresse-shop.it\/","logo":{"@type":"ImageObject","inLanguage":"fr-FR","@id":"https:\/\/dev6.erresse-shop.it\/#\/schema\/logo\/image\/","url":"https:\/\/dev6.erresse-shop.it\/wp-content\/uploads\/2025\/01\/LOGO-ERRESSE-CLASSICO.svg","contentUrl":"https:\/\/dev6.erresse-shop.it\/wp-content\/uploads\/2025\/01\/LOGO-ERRESSE-CLASSICO.svg","caption":"Erresse Shop"},"image":{"@id":"https:\/\/dev6.erresse-shop.it\/#\/schema\/logo\/image\/"}}]}},"df_price":76.95,"df_sale_price":76.95,"df_regular_price":99.99,"df_image_link":"https:\/\/i0.wp.com\/interpim.erresse-shop.it\/Import\/Prodotti\/joseph-joseph-nest-prepstore-set-di-4-ciotole-per-impastare-in-acciaio.jpg?resize=300,300&ssl=1","fifu_image_url":"https:\/\/interpim.erresse-shop.it\/Import\/Prodotti\/joseph-joseph-nest-prepstore-set-di-4-ciotole-per-impastare-in-acciaio.jpg","_links":{"self":[{"href":"https:\/\/dev6.erresse-shop.it\/fr\/wp-json\/wp\/v2\/product\/60676","targetHints":{"allow":["GET"]}}],"collection":[{"href":"https:\/\/dev6.erresse-shop.it\/fr\/wp-json\/wp\/v2\/product"}],"about":[{"href":"https:\/\/dev6.erresse-shop.it\/fr\/wp-json\/wp\/v2\/types\/product"}],"wp:featuredmedia":[{"embeddable":true,"href":"https:\/\/dev6.erresse-shop.it\/fr\/wp-json\/wp\/v2\/media\/6358790"}],"wp:attachment":[{"href":"https:\/\/dev6.erresse-shop.it\/fr\/wp-json\/wp\/v2\/media?parent=60676"}],"wp:term":[{"taxonomy":"product_cat","embeddable":true,"href":"https:\/\/dev6.erresse-shop.it\/fr\/wp-json\/wp\/v2\/product_cat?post=60676"},{"taxonomy":"product_tag","embeddable":true,"href":"https:\/\/dev6.erresse-shop.it\/fr\/wp-json\/wp\/v2\/product_tag?post=60676"}],"curies":[{"name":"wp","href":"https:\/\/api.w.org\/{rel}","templated":true}]}}