{"id":60664,"date":"2026-04-12T09:16:37","date_gmt":"2026-04-12T07:16:37","guid":{"rendered":"https:\/\/dev6.erresse-shop.it\/shop\/non%20class\u00e9\/joseph-joseph-folio-plus-ensemble-de-8-couteaux-et-planche-a-decouper\/"},"modified":"2025-12-08T17:50:09","modified_gmt":"2025-12-08T16:50:09","slug":"joseph-joseph-folio-plus-ensemble-de-8-couteaux-et-planche-a-decouper","status":"publish","type":"product","link":"https:\/\/dev6.erresse-shop.it\/fr\/shop\/cuisine\/planches-a-decouper\/joseph-joseph-folio-plus-ensemble-de-8-couteaux-et-planche-a-decouper\/","title":{"rendered":"JOSEPH JOSEPH Folio\u2122 Plus Ensemble de 8 couteaux et planche \u00e0 d\u00e9couper"},"content":{"rendered":"<p>Un design \u00e9l\u00e9gant et pratique vous permet de mieux organiser tous vos outils de coupe.Il est livr\u00e9 avec une mallette \u00e9l\u00e9gante et fine contenant quatre planches \u00e0 d\u00e9couper \u00e0 code couleur et quatre couteaux Elevate\u2122 assortis.<\/p>\n<p>\u00c9tui mince pour un rangement organis\u00e9.<br \/>\nConception \u00e0 plusieurs niveaux et barres en acier inoxydable sur les planches pour une s\u00e9lection facile.<br \/>\nDes planches \u00e0 double face avec des surfaces de coupe textur\u00e9es, adapt\u00e9es aux couteaux, et des pieds antid\u00e9rapants.<br \/>\nCouteaux Elevate\u2122 avec des lames en acier inoxydable japonais et des porte-outils int\u00e9gr\u00e9s.<br \/>\nCouteaux inclus : couteau d\u2019office 3,5\u2033 ; couteau dentel\u00e9 4,5\u2033 ; couteau Santoku 5,5\u2033 ; couteau de chef 6,5\u2033.<\/p>\n<p>Entretien et utilisation:<\/p>\n<p>Tables : Lavable au lave-vaisselle.<br \/>\nBo\u00eetier : Nettoyez-le avec un chiffon doux et humide.<br \/>\nComme pour toutes les planches \u00e0 d\u00e9couper en plastique, la surface des couteaux se raye \u00e0 l\u2019usage.<br \/>\nCouteau : ne va pas au lave-vaisselle. Laver \u00e0 la main uniquement et s\u00e9cher imm\u00e9diatement.<\/p>\n<p>Con\u00e7u par Joseph Joseph<\/p>\n","protected":false},"excerpt":{"rendered":"<p>Un design \u00e9l\u00e9gant et pratique vous permet de mieux organiser tous vos outils de coupe.Il est livr\u00e9 avec une mallette \u00e9l\u00e9gante et fine contenant quatre planches \u00e0 d\u00e9couper \u00e0 code couleur et quatre couteaux Elevate\u2122 assortis. \u00c9tui mince pour un rangement organis\u00e9. Conception \u00e0 plusieurs niveaux et barres en acier inoxydable sur les planches pour [&hellip;]<\/p>\n","protected":false},"featured_media":6358724,"template":"","meta":{"_acf_changed":false},"product_cat":[11668,11992,12042],"product_tag":[],"class_list":{"0":"post-60664","1":"product","2":"type-product","3":"status-publish","4":"has-post-thumbnail","6":"product_cat-cucina","7":"product_cat-cuisine","8":"product_cat-planches-a-decouper","10":"first","11":"outofstock","12":"sale","13":"taxable","14":"shipping-taxable","15":"purchasable","16":"product-type-simple","swatches":"rey-swatches","show_selected":"","stretch_labels":"rey-swatches--stretch-labels"},"acf":[],"yoast_head":"<!-- This site is optimized with the Yoast SEO plugin v25.4 - https:\/\/yoast.com\/wordpress\/plugins\/seo\/ -->\n<title>JOSEPH JOSEPH Folio\u2122 Plus Ensemble de 8 couteaux et planche \u00e0 d\u00e9couper - dev6 Erresse<\/title>\n<meta name=\"description\" content=\"Un design \u00e9l\u00e9gant et pratique vous permet de mieux organiser tous vos outils de coupe.Il est livr\u00e9 avec une mallette \u00e9l\u00e9gante et fine contenant quatre\" \/>\n<meta name=\"robots\" content=\"noindex, follow, max-snippet:-1, max-image-preview:large, max-video-preview:-1\" \/>\n<meta property=\"og:locale\" content=\"fr_FR\" \/>\n<meta property=\"og:type\" content=\"article\" \/>\n<meta property=\"og:title\" content=\"JOSEPH JOSEPH Folio\u2122 Plus Ensemble de 8 couteaux et planche \u00e0 d\u00e9couper - dev6 Erresse\" \/>\n<meta property=\"og:description\" content=\"Un design \u00e9l\u00e9gant et pratique vous permet de mieux organiser tous vos outils de coupe.Il est livr\u00e9 avec une mallette \u00e9l\u00e9gante et fine contenant quatre\" \/>\n<meta property=\"og:url\" content=\"https:\/\/dev6.erresse-shop.it\/fr\/shop\/cuisine\/planches-a-decouper\/joseph-joseph-folio-plus-ensemble-de-8-couteaux-et-planche-a-decouper\/\" \/>\n<meta property=\"og:site_name\" content=\"dev6 Erresse\" \/>\n<meta property=\"og:image\" content=\"https:\/\/interpim.erresse-shop.it\/Import\/Prodotti\/joseph-joseph-folio-con-coltelli-1.jpg\" \/><meta property=\"og:image\" content=\"https:\/\/interpim.erresse-shop.it\/Import\/Prodotti\/joseph-joseph-folio-con-coltelli-1.jpg\" \/>\n\t<meta property=\"og:image:width\" content=\"1024\" \/>\n\t<meta property=\"og:image:height\" content=\"1024\" \/>\n\t<meta property=\"og:image:type\" content=\"image\/jpeg\" \/>\n<meta name=\"twitter:card\" content=\"summary_large_image\" \/>\n<meta name=\"twitter:image\" content=\"https:\/\/interpim.erresse-shop.it\/Import\/Prodotti\/joseph-joseph-folio-con-coltelli-1.jpg\" \/>\n<script type=\"application\/ld+json\" class=\"yoast-schema-graph\">{\"@context\":\"https:\/\/schema.org\",\"@graph\":[{\"@type\":\"WebPage\",\"@id\":\"https:\/\/dev6.erresse-shop.it\/fr\/shop\/cuisine\/planches-a-decouper\/joseph-joseph-folio-plus-ensemble-de-8-couteaux-et-planche-a-decouper\/\",\"url\":\"https:\/\/dev6.erresse-shop.it\/fr\/shop\/cuisine\/planches-a-decouper\/joseph-joseph-folio-plus-ensemble-de-8-couteaux-et-planche-a-decouper\/\",\"name\":\"JOSEPH JOSEPH Folio\u2122 Plus Ensemble de 8 couteaux et planche \u00e0 d\u00e9couper - dev6 Erresse\",\"isPartOf\":{\"@id\":\"https:\/\/dev6.erresse-shop.it\/#website\"},\"primaryImageOfPage\":{\"@id\":\"https:\/\/dev6.erresse-shop.it\/fr\/shop\/cuisine\/planches-a-decouper\/joseph-joseph-folio-plus-ensemble-de-8-couteaux-et-planche-a-decouper\/#primaryimage\"},\"image\":{\"@id\":\"https:\/\/dev6.erresse-shop.it\/fr\/shop\/cuisine\/planches-a-decouper\/joseph-joseph-folio-plus-ensemble-de-8-couteaux-et-planche-a-decouper\/#primaryimage\"},\"thumbnailUrl\":\"https:\/\/i0.wp.com\/interpim.erresse-shop.it\/Import\/Prodotti\/joseph-joseph-folio-con-coltelli-1.jpg?ssl=1\",\"datePublished\":\"2026-04-12T07:16:37+00:00\",\"description\":\"Un design \u00e9l\u00e9gant et pratique vous permet de mieux organiser tous vos outils de coupe.Il est livr\u00e9 avec une mallette \u00e9l\u00e9gante et fine contenant quatre\",\"breadcrumb\":{\"@id\":\"https:\/\/dev6.erresse-shop.it\/fr\/shop\/cuisine\/planches-a-decouper\/joseph-joseph-folio-plus-ensemble-de-8-couteaux-et-planche-a-decouper\/#breadcrumb\"},\"inLanguage\":\"fr-FR\",\"potentialAction\":[{\"@type\":\"ReadAction\",\"target\":[\"https:\/\/dev6.erresse-shop.it\/fr\/shop\/cuisine\/planches-a-decouper\/joseph-joseph-folio-plus-ensemble-de-8-couteaux-et-planche-a-decouper\/\"]}]},{\"@type\":\"ImageObject\",\"inLanguage\":\"fr-FR\",\"@id\":\"https:\/\/dev6.erresse-shop.it\/fr\/shop\/cuisine\/planches-a-decouper\/joseph-joseph-folio-plus-ensemble-de-8-couteaux-et-planche-a-decouper\/#primaryimage\",\"url\":\"https:\/\/i0.wp.com\/interpim.erresse-shop.it\/Import\/Prodotti\/joseph-joseph-folio-con-coltelli-1.jpg?ssl=1\",\"contentUrl\":\"https:\/\/i0.wp.com\/interpim.erresse-shop.it\/Import\/Prodotti\/joseph-joseph-folio-con-coltelli-1.jpg?ssl=1\"},{\"@type\":\"BreadcrumbList\",\"@id\":\"https:\/\/dev6.erresse-shop.it\/fr\/shop\/cuisine\/planches-a-decouper\/joseph-joseph-folio-plus-ensemble-de-8-couteaux-et-planche-a-decouper\/#breadcrumb\",\"itemListElement\":[{\"@type\":\"ListItem\",\"position\":1,\"name\":\"Home\",\"item\":\"https:\/\/dev6.erresse-shop.it\/\"},{\"@type\":\"ListItem\",\"position\":2,\"name\":\"Boutique\",\"item\":\"https:\/\/dev6.erresse-shop.it\/shop\/\"},{\"@type\":\"ListItem\",\"position\":3,\"name\":\"JOSEPH JOSEPH Folio\u2122 Plus Ensemble de 8 couteaux et planche \u00e0 d\u00e9couper\"}]},{\"@type\":\"WebSite\",\"@id\":\"https:\/\/dev6.erresse-shop.it\/#website\",\"url\":\"https:\/\/dev6.erresse-shop.it\/\",\"name\":\"Erresse Shop\",\"description\":\"\",\"publisher\":{\"@id\":\"https:\/\/dev6.erresse-shop.it\/#organization\"},\"potentialAction\":[{\"@type\":\"SearchAction\",\"target\":{\"@type\":\"EntryPoint\",\"urlTemplate\":\"https:\/\/dev6.erresse-shop.it\/?s={search_term_string}\"},\"query-input\":{\"@type\":\"PropertyValueSpecification\",\"valueRequired\":true,\"valueName\":\"search_term_string\"}}],\"inLanguage\":\"fr-FR\"},{\"@type\":\"Organization\",\"@id\":\"https:\/\/dev6.erresse-shop.it\/#organization\",\"name\":\"Erresse Shop\",\"url\":\"https:\/\/dev6.erresse-shop.it\/\",\"logo\":{\"@type\":\"ImageObject\",\"inLanguage\":\"fr-FR\",\"@id\":\"https:\/\/dev6.erresse-shop.it\/#\/schema\/logo\/image\/\",\"url\":\"https:\/\/dev6.erresse-shop.it\/wp-content\/uploads\/2025\/01\/LOGO-ERRESSE-CLASSICO.svg\",\"contentUrl\":\"https:\/\/dev6.erresse-shop.it\/wp-content\/uploads\/2025\/01\/LOGO-ERRESSE-CLASSICO.svg\",\"caption\":\"Erresse Shop\"},\"image\":{\"@id\":\"https:\/\/dev6.erresse-shop.it\/#\/schema\/logo\/image\/\"}}]}<\/script>\n<!-- \/ Yoast SEO plugin. -->","yoast_head_json":{"title":"JOSEPH JOSEPH Folio\u2122 Plus Ensemble de 8 couteaux et planche \u00e0 d\u00e9couper - dev6 Erresse","description":"Un design \u00e9l\u00e9gant et pratique vous permet de mieux organiser tous vos outils de coupe.Il est livr\u00e9 avec une mallette \u00e9l\u00e9gante et fine contenant quatre","robots":{"index":"noindex","follow":"follow","max-snippet":"max-snippet:-1","max-image-preview":"max-image-preview:large","max-video-preview":"max-video-preview:-1"},"og_locale":"fr_FR","og_type":"article","og_title":"JOSEPH JOSEPH Folio\u2122 Plus Ensemble de 8 couteaux et planche \u00e0 d\u00e9couper - dev6 Erresse","og_description":"Un design \u00e9l\u00e9gant et pratique vous permet de mieux organiser tous vos outils de coupe.Il est livr\u00e9 avec une mallette \u00e9l\u00e9gante et fine contenant quatre","og_url":"https:\/\/dev6.erresse-shop.it\/fr\/shop\/cuisine\/planches-a-decouper\/joseph-joseph-folio-plus-ensemble-de-8-couteaux-et-planche-a-decouper\/","og_site_name":"dev6 Erresse","og_image":[{"url":"https:\/\/interpim.erresse-shop.it\/Import\/Prodotti\/joseph-joseph-folio-con-coltelli-1.jpg","type":"","width":"","height":""},{"url":"https:\/\/interpim.erresse-shop.it\/Import\/Prodotti\/joseph-joseph-folio-con-coltelli-1.jpg","width":1024,"height":1024,"type":"image\/jpeg"}],"twitter_card":"summary_large_image","twitter_image":"https:\/\/interpim.erresse-shop.it\/Import\/Prodotti\/joseph-joseph-folio-con-coltelli-1.jpg","schema":{"@context":"https:\/\/schema.org","@graph":[{"@type":"WebPage","@id":"https:\/\/dev6.erresse-shop.it\/fr\/shop\/cuisine\/planches-a-decouper\/joseph-joseph-folio-plus-ensemble-de-8-couteaux-et-planche-a-decouper\/","url":"https:\/\/dev6.erresse-shop.it\/fr\/shop\/cuisine\/planches-a-decouper\/joseph-joseph-folio-plus-ensemble-de-8-couteaux-et-planche-a-decouper\/","name":"JOSEPH JOSEPH Folio\u2122 Plus Ensemble de 8 couteaux et planche \u00e0 d\u00e9couper - dev6 Erresse","isPartOf":{"@id":"https:\/\/dev6.erresse-shop.it\/#website"},"primaryImageOfPage":{"@id":"https:\/\/dev6.erresse-shop.it\/fr\/shop\/cuisine\/planches-a-decouper\/joseph-joseph-folio-plus-ensemble-de-8-couteaux-et-planche-a-decouper\/#primaryimage"},"image":{"@id":"https:\/\/dev6.erresse-shop.it\/fr\/shop\/cuisine\/planches-a-decouper\/joseph-joseph-folio-plus-ensemble-de-8-couteaux-et-planche-a-decouper\/#primaryimage"},"thumbnailUrl":"https:\/\/i0.wp.com\/interpim.erresse-shop.it\/Import\/Prodotti\/joseph-joseph-folio-con-coltelli-1.jpg?ssl=1","datePublished":"2026-04-12T07:16:37+00:00","description":"Un design \u00e9l\u00e9gant et pratique vous permet de mieux organiser tous vos outils de coupe.Il est livr\u00e9 avec une mallette \u00e9l\u00e9gante et fine contenant quatre","breadcrumb":{"@id":"https:\/\/dev6.erresse-shop.it\/fr\/shop\/cuisine\/planches-a-decouper\/joseph-joseph-folio-plus-ensemble-de-8-couteaux-et-planche-a-decouper\/#breadcrumb"},"inLanguage":"fr-FR","potentialAction":[{"@type":"ReadAction","target":["https:\/\/dev6.erresse-shop.it\/fr\/shop\/cuisine\/planches-a-decouper\/joseph-joseph-folio-plus-ensemble-de-8-couteaux-et-planche-a-decouper\/"]}]},{"@type":"ImageObject","inLanguage":"fr-FR","@id":"https:\/\/dev6.erresse-shop.it\/fr\/shop\/cuisine\/planches-a-decouper\/joseph-joseph-folio-plus-ensemble-de-8-couteaux-et-planche-a-decouper\/#primaryimage","url":"https:\/\/i0.wp.com\/interpim.erresse-shop.it\/Import\/Prodotti\/joseph-joseph-folio-con-coltelli-1.jpg?ssl=1","contentUrl":"https:\/\/i0.wp.com\/interpim.erresse-shop.it\/Import\/Prodotti\/joseph-joseph-folio-con-coltelli-1.jpg?ssl=1"},{"@type":"BreadcrumbList","@id":"https:\/\/dev6.erresse-shop.it\/fr\/shop\/cuisine\/planches-a-decouper\/joseph-joseph-folio-plus-ensemble-de-8-couteaux-et-planche-a-decouper\/#breadcrumb","itemListElement":[{"@type":"ListItem","position":1,"name":"Home","item":"https:\/\/dev6.erresse-shop.it\/"},{"@type":"ListItem","position":2,"name":"Boutique","item":"https:\/\/dev6.erresse-shop.it\/shop\/"},{"@type":"ListItem","position":3,"name":"JOSEPH JOSEPH Folio\u2122 Plus Ensemble de 8 couteaux et planche \u00e0 d\u00e9couper"}]},{"@type":"WebSite","@id":"https:\/\/dev6.erresse-shop.it\/#website","url":"https:\/\/dev6.erresse-shop.it\/","name":"Erresse Shop","description":"","publisher":{"@id":"https:\/\/dev6.erresse-shop.it\/#organization"},"potentialAction":[{"@type":"SearchAction","target":{"@type":"EntryPoint","urlTemplate":"https:\/\/dev6.erresse-shop.it\/?s={search_term_string}"},"query-input":{"@type":"PropertyValueSpecification","valueRequired":true,"valueName":"search_term_string"}}],"inLanguage":"fr-FR"},{"@type":"Organization","@id":"https:\/\/dev6.erresse-shop.it\/#organization","name":"Erresse Shop","url":"https:\/\/dev6.erresse-shop.it\/","logo":{"@type":"ImageObject","inLanguage":"fr-FR","@id":"https:\/\/dev6.erresse-shop.it\/#\/schema\/logo\/image\/","url":"https:\/\/dev6.erresse-shop.it\/wp-content\/uploads\/2025\/01\/LOGO-ERRESSE-CLASSICO.svg","contentUrl":"https:\/\/dev6.erresse-shop.it\/wp-content\/uploads\/2025\/01\/LOGO-ERRESSE-CLASSICO.svg","caption":"Erresse Shop"},"image":{"@id":"https:\/\/dev6.erresse-shop.it\/#\/schema\/logo\/image\/"}}]}},"df_price":89,"df_sale_price":89,"df_regular_price":109.9,"df_image_link":"https:\/\/i0.wp.com\/interpim.erresse-shop.it\/Import\/Prodotti\/joseph-joseph-folio-con-coltelli-1.jpg?resize=300,300&ssl=1","fifu_image_url":"https:\/\/interpim.erresse-shop.it\/Import\/Prodotti\/joseph-joseph-folio-con-coltelli-1.jpg","_links":{"self":[{"href":"https:\/\/dev6.erresse-shop.it\/fr\/wp-json\/wp\/v2\/product\/60664","targetHints":{"allow":["GET"]}}],"collection":[{"href":"https:\/\/dev6.erresse-shop.it\/fr\/wp-json\/wp\/v2\/product"}],"about":[{"href":"https:\/\/dev6.erresse-shop.it\/fr\/wp-json\/wp\/v2\/types\/product"}],"wp:featuredmedia":[{"embeddable":true,"href":"https:\/\/dev6.erresse-shop.it\/fr\/wp-json\/wp\/v2\/media\/6358724"}],"wp:attachment":[{"href":"https:\/\/dev6.erresse-shop.it\/fr\/wp-json\/wp\/v2\/media?parent=60664"}],"wp:term":[{"taxonomy":"product_cat","embeddable":true,"href":"https:\/\/dev6.erresse-shop.it\/fr\/wp-json\/wp\/v2\/product_cat?post=60664"},{"taxonomy":"product_tag","embeddable":true,"href":"https:\/\/dev6.erresse-shop.it\/fr\/wp-json\/wp\/v2\/product_tag?post=60664"}],"curies":[{"name":"wp","href":"https:\/\/api.w.org\/{rel}","templated":true}]}}