{"id":60650,"date":"2026-04-12T09:16:37","date_gmt":"2026-04-12T07:16:37","guid":{"rendered":"https:\/\/dev6.erresse-shop.it\/shop\/non%20class\u00e9\/versace-home-vase-24cm-scala-palazzo-rose\/"},"modified":"2025-07-04T16:40:36","modified_gmt":"2025-07-04T14:40:36","slug":"versace-home-vase-24cm-scala-palazzo-rose","status":"publish","type":"product","link":"https:\/\/dev6.erresse-shop.it\/fr\/shop\/ameublement-maison\/vases-fr\/versace-home-vase-24cm-scala-palazzo-rose\/","title":{"rendered":"VERSACE HOME Vase 24cm Scala Palazzo Rose"},"content":{"rendered":"<p>Avant que la c\u00e9l\u00e8bre et iconique t\u00eate de M\u00e9duse n\u2019attire l\u2019attention du spectateur, ce dernier est particuli\u00e8rement frapp\u00e9 par le majestueux escalier en marbre \u00e0 l\u2019entr\u00e9e du Palazzo Versace sur la Via Ges\u00f9 \u00e0 Milan. Les lignes m\u00e9talliques brillantes en spirale m\u00e8nent \u00e0 l\u2019int\u00e9rieur de la r\u00e9sidence et laissent d\u00e9j\u00e0 entrevoir la beaut\u00e9 de l\u2019int\u00e9rieur. Elles ont \u00e9galement inspir\u00e9 les designers dans la cr\u00e9ation de la nouvelle d\u00e9coration \u201cLa Scala del Palazzo\u201d pour Rosenthal meets Versace.<\/p>\n<p>Le style pr\u00e9gnant du nouveau service est mis en valeur par l\u2019\u00e9l\u00e9gance des verts pastel et des ros\u00e9s, qui rappellent le monde color\u00e9 fascinant des anciens palais italiens.<\/p>\n<p>Mat\u00e9riau : porcelaine<br \/>\nDimensions : H 24 cm<\/p>\n","protected":false},"excerpt":{"rendered":"<p>Avant que la c\u00e9l\u00e8bre et iconique t\u00eate de M\u00e9duse n\u2019attire l\u2019attention du spectateur, ce dernier est particuli\u00e8rement frapp\u00e9 par le majestueux escalier en marbre \u00e0 l\u2019entr\u00e9e du Palazzo Versace sur la Via Ges\u00f9 \u00e0 Milan. Les lignes m\u00e9talliques brillantes en spirale m\u00e8nent \u00e0 l\u2019int\u00e9rieur de la r\u00e9sidence et laissent d\u00e9j\u00e0 entrevoir la beaut\u00e9 de l\u2019int\u00e9rieur. [&hellip;]<\/p>\n","protected":false},"featured_media":6358711,"template":"","meta":{"_acf_changed":false},"product_cat":[11990,11666,12018],"product_tag":[],"class_list":{"0":"post-60650","1":"product","2":"type-product","3":"status-publish","4":"has-post-thumbnail","6":"product_cat-ameublement-maison","7":"product_cat-arredamento-casa","8":"product_cat-vases-fr","10":"first","11":"outofstock","12":"taxable","13":"shipping-taxable","14":"purchasable","15":"product-type-simple","swatches":"rey-swatches","show_selected":"","stretch_labels":"rey-swatches--stretch-labels"},"acf":[],"yoast_head":"<!-- This site is optimized with the Yoast SEO plugin v25.4 - https:\/\/yoast.com\/wordpress\/plugins\/seo\/ -->\n<title>VERSACE HOME Vase 24cm Scala Palazzo Rose - dev6 Erresse<\/title>\n<meta name=\"description\" content=\"Avant que la c\u00e9l\u00e8bre et iconique t\u00eate de M\u00e9duse n\u2019attire l\u2019attention du spectateur, ce dernier est particuli\u00e8rement frapp\u00e9 par le majestueux escalier en\" \/>\n<meta name=\"robots\" content=\"noindex, follow, max-snippet:-1, max-image-preview:large, max-video-preview:-1\" \/>\n<meta property=\"og:locale\" content=\"fr_FR\" \/>\n<meta property=\"og:type\" content=\"article\" \/>\n<meta property=\"og:title\" content=\"VERSACE HOME Vase 24cm Scala Palazzo Rose - dev6 Erresse\" \/>\n<meta property=\"og:description\" content=\"Avant que la c\u00e9l\u00e8bre et iconique t\u00eate de M\u00e9duse n\u2019attire l\u2019attention du spectateur, ce dernier est particuli\u00e8rement frapp\u00e9 par le majestueux escalier en\" \/>\n<meta property=\"og:url\" content=\"https:\/\/dev6.erresse-shop.it\/fr\/shop\/ameublement-maison\/vases-fr\/versace-home-vase-24cm-scala-palazzo-rose\/\" \/>\n<meta property=\"og:site_name\" content=\"dev6 Erresse\" \/>\n<meta property=\"og:image\" content=\"https:\/\/interpim.erresse-shop.it\/img-catalogo\/versace\/versace-home-vaso-24cm-scala-palazzo-rosa.jpg\" \/><meta property=\"og:image\" content=\"https:\/\/interpim.erresse-shop.it\/img-catalogo\/versace\/versace-home-vaso-24cm-scala-palazzo-rosa.jpg\" \/>\n\t<meta property=\"og:image:width\" content=\"1024\" \/>\n\t<meta property=\"og:image:height\" content=\"1024\" \/>\n\t<meta property=\"og:image:type\" content=\"image\/jpeg\" \/>\n<meta name=\"twitter:card\" content=\"summary_large_image\" \/>\n<meta name=\"twitter:image\" content=\"https:\/\/interpim.erresse-shop.it\/img-catalogo\/versace\/versace-home-vaso-24cm-scala-palazzo-rosa.jpg\" \/>\n<script type=\"application\/ld+json\" class=\"yoast-schema-graph\">{\"@context\":\"https:\/\/schema.org\",\"@graph\":[{\"@type\":\"WebPage\",\"@id\":\"https:\/\/dev6.erresse-shop.it\/fr\/shop\/ameublement-maison\/vases-fr\/versace-home-vase-24cm-scala-palazzo-rose\/\",\"url\":\"https:\/\/dev6.erresse-shop.it\/fr\/shop\/ameublement-maison\/vases-fr\/versace-home-vase-24cm-scala-palazzo-rose\/\",\"name\":\"VERSACE HOME Vase 24cm Scala Palazzo Rose - dev6 Erresse\",\"isPartOf\":{\"@id\":\"https:\/\/dev6.erresse-shop.it\/#website\"},\"primaryImageOfPage\":{\"@id\":\"https:\/\/dev6.erresse-shop.it\/fr\/shop\/ameublement-maison\/vases-fr\/versace-home-vase-24cm-scala-palazzo-rose\/#primaryimage\"},\"image\":{\"@id\":\"https:\/\/dev6.erresse-shop.it\/fr\/shop\/ameublement-maison\/vases-fr\/versace-home-vase-24cm-scala-palazzo-rose\/#primaryimage\"},\"thumbnailUrl\":\"https:\/\/i0.wp.com\/interpim.erresse-shop.it\/img-catalogo\/versace\/versace-home-vaso-24cm-scala-palazzo-rosa.jpg?ssl=1\",\"datePublished\":\"2026-04-12T07:16:37+00:00\",\"description\":\"Avant que la c\u00e9l\u00e8bre et iconique t\u00eate de M\u00e9duse n\u2019attire l\u2019attention du spectateur, ce dernier est particuli\u00e8rement frapp\u00e9 par le majestueux escalier en\",\"breadcrumb\":{\"@id\":\"https:\/\/dev6.erresse-shop.it\/fr\/shop\/ameublement-maison\/vases-fr\/versace-home-vase-24cm-scala-palazzo-rose\/#breadcrumb\"},\"inLanguage\":\"fr-FR\",\"potentialAction\":[{\"@type\":\"ReadAction\",\"target\":[\"https:\/\/dev6.erresse-shop.it\/fr\/shop\/ameublement-maison\/vases-fr\/versace-home-vase-24cm-scala-palazzo-rose\/\"]}]},{\"@type\":\"ImageObject\",\"inLanguage\":\"fr-FR\",\"@id\":\"https:\/\/dev6.erresse-shop.it\/fr\/shop\/ameublement-maison\/vases-fr\/versace-home-vase-24cm-scala-palazzo-rose\/#primaryimage\",\"url\":\"https:\/\/i0.wp.com\/interpim.erresse-shop.it\/img-catalogo\/versace\/versace-home-vaso-24cm-scala-palazzo-rosa.jpg?ssl=1\",\"contentUrl\":\"https:\/\/i0.wp.com\/interpim.erresse-shop.it\/img-catalogo\/versace\/versace-home-vaso-24cm-scala-palazzo-rosa.jpg?ssl=1\"},{\"@type\":\"BreadcrumbList\",\"@id\":\"https:\/\/dev6.erresse-shop.it\/fr\/shop\/ameublement-maison\/vases-fr\/versace-home-vase-24cm-scala-palazzo-rose\/#breadcrumb\",\"itemListElement\":[{\"@type\":\"ListItem\",\"position\":1,\"name\":\"Home\",\"item\":\"https:\/\/dev6.erresse-shop.it\/\"},{\"@type\":\"ListItem\",\"position\":2,\"name\":\"Boutique\",\"item\":\"https:\/\/dev6.erresse-shop.it\/shop\/\"},{\"@type\":\"ListItem\",\"position\":3,\"name\":\"VERSACE HOME Vase 24cm Scala Palazzo Rose\"}]},{\"@type\":\"WebSite\",\"@id\":\"https:\/\/dev6.erresse-shop.it\/#website\",\"url\":\"https:\/\/dev6.erresse-shop.it\/\",\"name\":\"Erresse Shop\",\"description\":\"\",\"publisher\":{\"@id\":\"https:\/\/dev6.erresse-shop.it\/#organization\"},\"potentialAction\":[{\"@type\":\"SearchAction\",\"target\":{\"@type\":\"EntryPoint\",\"urlTemplate\":\"https:\/\/dev6.erresse-shop.it\/?s={search_term_string}\"},\"query-input\":{\"@type\":\"PropertyValueSpecification\",\"valueRequired\":true,\"valueName\":\"search_term_string\"}}],\"inLanguage\":\"fr-FR\"},{\"@type\":\"Organization\",\"@id\":\"https:\/\/dev6.erresse-shop.it\/#organization\",\"name\":\"Erresse Shop\",\"url\":\"https:\/\/dev6.erresse-shop.it\/\",\"logo\":{\"@type\":\"ImageObject\",\"inLanguage\":\"fr-FR\",\"@id\":\"https:\/\/dev6.erresse-shop.it\/#\/schema\/logo\/image\/\",\"url\":\"https:\/\/dev6.erresse-shop.it\/wp-content\/uploads\/2025\/01\/LOGO-ERRESSE-CLASSICO.svg\",\"contentUrl\":\"https:\/\/dev6.erresse-shop.it\/wp-content\/uploads\/2025\/01\/LOGO-ERRESSE-CLASSICO.svg\",\"caption\":\"Erresse Shop\"},\"image\":{\"@id\":\"https:\/\/dev6.erresse-shop.it\/#\/schema\/logo\/image\/\"}}]}<\/script>\n<!-- \/ Yoast SEO plugin. -->","yoast_head_json":{"title":"VERSACE HOME Vase 24cm Scala Palazzo Rose - dev6 Erresse","description":"Avant que la c\u00e9l\u00e8bre et iconique t\u00eate de M\u00e9duse n\u2019attire l\u2019attention du spectateur, ce dernier est particuli\u00e8rement frapp\u00e9 par le majestueux escalier en","robots":{"index":"noindex","follow":"follow","max-snippet":"max-snippet:-1","max-image-preview":"max-image-preview:large","max-video-preview":"max-video-preview:-1"},"og_locale":"fr_FR","og_type":"article","og_title":"VERSACE HOME Vase 24cm Scala Palazzo Rose - dev6 Erresse","og_description":"Avant que la c\u00e9l\u00e8bre et iconique t\u00eate de M\u00e9duse n\u2019attire l\u2019attention du spectateur, ce dernier est particuli\u00e8rement frapp\u00e9 par le majestueux escalier en","og_url":"https:\/\/dev6.erresse-shop.it\/fr\/shop\/ameublement-maison\/vases-fr\/versace-home-vase-24cm-scala-palazzo-rose\/","og_site_name":"dev6 Erresse","og_image":[{"url":"https:\/\/interpim.erresse-shop.it\/img-catalogo\/versace\/versace-home-vaso-24cm-scala-palazzo-rosa.jpg","type":"","width":"","height":""},{"url":"https:\/\/interpim.erresse-shop.it\/img-catalogo\/versace\/versace-home-vaso-24cm-scala-palazzo-rosa.jpg","width":1024,"height":1024,"type":"image\/jpeg"}],"twitter_card":"summary_large_image","twitter_image":"https:\/\/interpim.erresse-shop.it\/img-catalogo\/versace\/versace-home-vaso-24cm-scala-palazzo-rosa.jpg","schema":{"@context":"https:\/\/schema.org","@graph":[{"@type":"WebPage","@id":"https:\/\/dev6.erresse-shop.it\/fr\/shop\/ameublement-maison\/vases-fr\/versace-home-vase-24cm-scala-palazzo-rose\/","url":"https:\/\/dev6.erresse-shop.it\/fr\/shop\/ameublement-maison\/vases-fr\/versace-home-vase-24cm-scala-palazzo-rose\/","name":"VERSACE HOME Vase 24cm Scala Palazzo Rose - dev6 Erresse","isPartOf":{"@id":"https:\/\/dev6.erresse-shop.it\/#website"},"primaryImageOfPage":{"@id":"https:\/\/dev6.erresse-shop.it\/fr\/shop\/ameublement-maison\/vases-fr\/versace-home-vase-24cm-scala-palazzo-rose\/#primaryimage"},"image":{"@id":"https:\/\/dev6.erresse-shop.it\/fr\/shop\/ameublement-maison\/vases-fr\/versace-home-vase-24cm-scala-palazzo-rose\/#primaryimage"},"thumbnailUrl":"https:\/\/i0.wp.com\/interpim.erresse-shop.it\/img-catalogo\/versace\/versace-home-vaso-24cm-scala-palazzo-rosa.jpg?ssl=1","datePublished":"2026-04-12T07:16:37+00:00","description":"Avant que la c\u00e9l\u00e8bre et iconique t\u00eate de M\u00e9duse n\u2019attire l\u2019attention du spectateur, ce dernier est particuli\u00e8rement frapp\u00e9 par le majestueux escalier en","breadcrumb":{"@id":"https:\/\/dev6.erresse-shop.it\/fr\/shop\/ameublement-maison\/vases-fr\/versace-home-vase-24cm-scala-palazzo-rose\/#breadcrumb"},"inLanguage":"fr-FR","potentialAction":[{"@type":"ReadAction","target":["https:\/\/dev6.erresse-shop.it\/fr\/shop\/ameublement-maison\/vases-fr\/versace-home-vase-24cm-scala-palazzo-rose\/"]}]},{"@type":"ImageObject","inLanguage":"fr-FR","@id":"https:\/\/dev6.erresse-shop.it\/fr\/shop\/ameublement-maison\/vases-fr\/versace-home-vase-24cm-scala-palazzo-rose\/#primaryimage","url":"https:\/\/i0.wp.com\/interpim.erresse-shop.it\/img-catalogo\/versace\/versace-home-vaso-24cm-scala-palazzo-rosa.jpg?ssl=1","contentUrl":"https:\/\/i0.wp.com\/interpim.erresse-shop.it\/img-catalogo\/versace\/versace-home-vaso-24cm-scala-palazzo-rosa.jpg?ssl=1"},{"@type":"BreadcrumbList","@id":"https:\/\/dev6.erresse-shop.it\/fr\/shop\/ameublement-maison\/vases-fr\/versace-home-vase-24cm-scala-palazzo-rose\/#breadcrumb","itemListElement":[{"@type":"ListItem","position":1,"name":"Home","item":"https:\/\/dev6.erresse-shop.it\/"},{"@type":"ListItem","position":2,"name":"Boutique","item":"https:\/\/dev6.erresse-shop.it\/shop\/"},{"@type":"ListItem","position":3,"name":"VERSACE HOME Vase 24cm Scala Palazzo Rose"}]},{"@type":"WebSite","@id":"https:\/\/dev6.erresse-shop.it\/#website","url":"https:\/\/dev6.erresse-shop.it\/","name":"Erresse Shop","description":"","publisher":{"@id":"https:\/\/dev6.erresse-shop.it\/#organization"},"potentialAction":[{"@type":"SearchAction","target":{"@type":"EntryPoint","urlTemplate":"https:\/\/dev6.erresse-shop.it\/?s={search_term_string}"},"query-input":{"@type":"PropertyValueSpecification","valueRequired":true,"valueName":"search_term_string"}}],"inLanguage":"fr-FR"},{"@type":"Organization","@id":"https:\/\/dev6.erresse-shop.it\/#organization","name":"Erresse Shop","url":"https:\/\/dev6.erresse-shop.it\/","logo":{"@type":"ImageObject","inLanguage":"fr-FR","@id":"https:\/\/dev6.erresse-shop.it\/#\/schema\/logo\/image\/","url":"https:\/\/dev6.erresse-shop.it\/wp-content\/uploads\/2025\/01\/LOGO-ERRESSE-CLASSICO.svg","contentUrl":"https:\/\/dev6.erresse-shop.it\/wp-content\/uploads\/2025\/01\/LOGO-ERRESSE-CLASSICO.svg","caption":"Erresse Shop"},"image":{"@id":"https:\/\/dev6.erresse-shop.it\/#\/schema\/logo\/image\/"}}]}},"df_price":479,"df_sale_price":"","df_regular_price":479,"df_image_link":"https:\/\/i0.wp.com\/interpim.erresse-shop.it\/img-catalogo\/versace\/versace-home-vaso-24cm-scala-palazzo-rosa.jpg?resize=300,300&ssl=1","fifu_image_url":"https:\/\/interpim.erresse-shop.it\/img-catalogo\/versace\/versace-home-vaso-24cm-scala-palazzo-rosa.jpg","_links":{"self":[{"href":"https:\/\/dev6.erresse-shop.it\/fr\/wp-json\/wp\/v2\/product\/60650","targetHints":{"allow":["GET"]}}],"collection":[{"href":"https:\/\/dev6.erresse-shop.it\/fr\/wp-json\/wp\/v2\/product"}],"about":[{"href":"https:\/\/dev6.erresse-shop.it\/fr\/wp-json\/wp\/v2\/types\/product"}],"wp:featuredmedia":[{"embeddable":true,"href":"https:\/\/dev6.erresse-shop.it\/fr\/wp-json\/wp\/v2\/media\/6358711"}],"wp:attachment":[{"href":"https:\/\/dev6.erresse-shop.it\/fr\/wp-json\/wp\/v2\/media?parent=60650"}],"wp:term":[{"taxonomy":"product_cat","embeddable":true,"href":"https:\/\/dev6.erresse-shop.it\/fr\/wp-json\/wp\/v2\/product_cat?post=60650"},{"taxonomy":"product_tag","embeddable":true,"href":"https:\/\/dev6.erresse-shop.it\/fr\/wp-json\/wp\/v2\/product_tag?post=60650"}],"curies":[{"name":"wp","href":"https:\/\/api.w.org\/{rel}","templated":true}]}}