{"id":60644,"date":"2026-04-12T09:15:16","date_gmt":"2026-04-12T07:15:16","guid":{"rendered":"https:\/\/dev6.erresse-shop.it\/shop\/non%20class\u00e9\/coravin-pure-sparkling-capsules-co2\/"},"modified":"2025-09-14T04:40:51","modified_gmt":"2025-09-14T02:40:51","slug":"coravin-pure-sparkling-capsules-co2","status":"publish","type":"product","link":"https:\/\/dev6.erresse-shop.it\/fr\/shop\/table-fr-2\/vin\/aerateurs\/coravin-pure-sparkling-capsules-co2\/","title":{"rendered":"CORAVIN Pure\u2122 Sparkling Capsules CO2"},"content":{"rendered":"<p>Les capsules de CO2 Coravin Pure\u2122 Sparkling alimentent votre syst\u00e8me Coravin Sparkling\u2122. Les capsules de remplacement sont remplies de CO2 pur, le m\u00eame gaz qui cr\u00e9e les bulles dans le vin mousseux, pour pr\u00e9server le go\u00fbt et l\u2019effervescence jusqu\u2019\u00e0 4 semaines. Chaque capsule permet de conserver jusqu\u2019\u00e0 7 bouteilles standard de vin mousseux.<\/p>\n<p>Comment utiliser le Coravin Sparkling<\/p>\n<p>Ins\u00e9rer le bouchon p\u00e9tillant<br \/>\nApr\u00e8s avoir vers\u00e9 tout le vin mousseux que vous voulez, soulevez la poign\u00e9e de verrouillage du Stopper en position ouverte. Placez ensuite le bouchon sur la bouteille ouverte et appuyez fermement sur la poign\u00e9e de verrouillage jusqu\u2019\u00e0 ce que vous entendiez un d\u00e9clic.<\/p>\n<p>R\u00e9initialisation du niveau de CO2<br \/>\nV\u00e9rifiez l\u2019indicateur de pression pour vous assurer qu\u2019il est vert. Cela signifie qu\u2019une capsule de CO2 p\u00e9tillant Coravin Pure\u2122 est install\u00e9e. Alignez le syst\u00e8me sur le dessus du Stopper et appuyez fermement. L\u2019indicateur de pression devient rouge, indiquant que la bouteille est pr\u00eate \u00e0 \u00eatre remplie de CO2. Lorsque l\u2019indicateur repasse au vert, le niveau de CO2 a \u00e9t\u00e9 r\u00e9tabli.<\/p>\n<p>Indicateur visuel de CO2<br \/>\nV\u00e9rifiez instantan\u00e9ment l\u2019\u00e9tat du CO2 \u00e0 l\u2019int\u00e9rieur de la bouteille gr\u00e2ce \u00e0 l\u2019indicateur simple et intuitif.<\/p>\n<p>Inclinaison pour lib\u00e9rer le gaz<br \/>\nLorsque vous \u00eates pr\u00eat \u00e0 retirer le bouchon, vous pouvez rel\u00e2cher la pression dans la bouteille en la faisant simplement basculer.<\/p>\n<p>Caract\u00e9ristiques de s\u00e9curit\u00e9<br \/>\nLe chargeur Sparkling est con\u00e7u avec un r\u00e9gulateur interne qui arr\u00eate de charger la bouteille lorsque la pression correcte est atteinte.<\/p>\n<p>D\u00e9tails du produit<\/p>\n<p>Caract\u00e9ristiques principales. Capsules p\u00e9tillantes Coravin Pure\u2122 CO2<br \/>\nLes capsules Coravin Pure\u2122 Sparkling pr\u00e9servent la saveur et l\u2019effervescence de votre vin. Chaque capsule vous permet de stocker jusqu\u2019\u00e0 7 bouteilles standard. Une pr\u00e9servation in\u00e9gal\u00e9e<br \/>\nSe verse de la m\u00eame bouteille parfaitement conserv\u00e9e jusqu\u2019\u00e0 4 semaines.<br \/>\nCO2 gazeux pur<br \/>\nLes capsules de CO2 p\u00e9tillant Coravin Pure\u2122 sont remplies de gaz CO2 pur, le m\u00eame gaz qui cr\u00e9e les bulles dans le vin p\u00e9tillant, pour maintenir la fra\u00eecheur des bulles de votre vin p\u00e9tillant.<\/p>\n<p>\u00a0<\/p>\n<p>Non vendable en dehors de l\u2019Europe<\/p>\n","protected":false},"excerpt":{"rendered":"<p>Les capsules de CO2 Coravin Pure\u2122 Sparkling alimentent votre syst\u00e8me Coravin Sparkling\u2122. Les capsules de remplacement sont remplies de CO2 pur, le m\u00eame gaz qui cr\u00e9e les bulles dans le vin mousseux, pour pr\u00e9server le go\u00fbt et l\u2019effervescence jusqu\u2019\u00e0 4 semaines. Chaque capsule permet de conserver jusqu\u2019\u00e0 7 bouteilles standard de vin mousseux. Comment utiliser [&hellip;]<\/p>\n","protected":false},"featured_media":6358702,"template":"","meta":{"_acf_changed":false},"product_cat":[12072,11995,12069],"product_tag":[],"class_list":{"0":"post-60644","1":"product","2":"type-product","3":"status-publish","4":"has-post-thumbnail","6":"product_cat-aerateurs","7":"product_cat-table-fr-2","8":"product_cat-vin","10":"first","11":"outofstock","12":"taxable","13":"shipping-taxable","14":"purchasable","15":"product-type-simple","swatches":"rey-swatches","show_selected":"","stretch_labels":"rey-swatches--stretch-labels"},"acf":[],"yoast_head":"<!-- This site is optimized with the Yoast SEO plugin v25.4 - https:\/\/yoast.com\/wordpress\/plugins\/seo\/ -->\n<title>CORAVIN Pure\u2122 Sparkling Capsules CO2 - dev6 Erresse<\/title>\n<meta name=\"description\" content=\"Les capsules de CO2 Coravin Pure\u2122 Sparkling alimentent votre syst\u00e8me Coravin Sparkling\u2122. Les capsules de remplacement sont remplies de CO2 pur, le m\u00eame\" \/>\n<meta name=\"robots\" content=\"noindex, follow, max-snippet:-1, max-image-preview:large, max-video-preview:-1\" \/>\n<meta property=\"og:locale\" content=\"fr_FR\" \/>\n<meta property=\"og:type\" content=\"article\" \/>\n<meta property=\"og:title\" content=\"CORAVIN Pure\u2122 Sparkling Capsules CO2 - dev6 Erresse\" \/>\n<meta property=\"og:description\" content=\"Les capsules de CO2 Coravin Pure\u2122 Sparkling alimentent votre syst\u00e8me Coravin Sparkling\u2122. Les capsules de remplacement sont remplies de CO2 pur, le m\u00eame\" \/>\n<meta property=\"og:url\" content=\"https:\/\/dev6.erresse-shop.it\/fr\/shop\/table-fr-2\/vin\/aerateurs\/coravin-pure-sparkling-capsules-co2\/\" \/>\n<meta property=\"og:site_name\" content=\"dev6 Erresse\" \/>\n<meta property=\"og:image\" content=\"https:\/\/interpim.erresse-shop.it\/wp-content\/uploads\/2022\/12\/CORAVIN-Pure\u2122-Sparkling-Capsule-CO2.jpg\/coravin-pure-e2-84-a2-sparkling-capsule-co2.jpg\" \/><meta property=\"og:image\" content=\"https:\/\/interpim.erresse-shop.it\/wp-content\/uploads\/2022\/12\/CORAVIN-Pure\u2122-Sparkling-Capsule-CO2.jpg\/coravin-pure-e2-84-a2-sparkling-capsule-co2.jpg\" \/>\n\t<meta property=\"og:image:width\" content=\"1024\" \/>\n\t<meta property=\"og:image:height\" content=\"1024\" \/>\n\t<meta property=\"og:image:type\" content=\"image\/jpeg\" \/>\n<meta name=\"twitter:card\" content=\"summary_large_image\" \/>\n<meta name=\"twitter:image\" content=\"https:\/\/interpim.erresse-shop.it\/wp-content\/uploads\/2022\/12\/CORAVIN-Pure\u2122-Sparkling-Capsule-CO2.jpg\/coravin-pure-e2-84-a2-sparkling-capsule-co2.jpg\" \/>\n<script type=\"application\/ld+json\" class=\"yoast-schema-graph\">{\"@context\":\"https:\/\/schema.org\",\"@graph\":[{\"@type\":\"WebPage\",\"@id\":\"https:\/\/dev6.erresse-shop.it\/fr\/shop\/table-fr-2\/vin\/aerateurs\/coravin-pure-sparkling-capsules-co2\/\",\"url\":\"https:\/\/dev6.erresse-shop.it\/fr\/shop\/table-fr-2\/vin\/aerateurs\/coravin-pure-sparkling-capsules-co2\/\",\"name\":\"CORAVIN Pure\u2122 Sparkling Capsules CO2 - dev6 Erresse\",\"isPartOf\":{\"@id\":\"https:\/\/dev6.erresse-shop.it\/#website\"},\"primaryImageOfPage\":{\"@id\":\"https:\/\/dev6.erresse-shop.it\/fr\/shop\/table-fr-2\/vin\/aerateurs\/coravin-pure-sparkling-capsules-co2\/#primaryimage\"},\"image\":{\"@id\":\"https:\/\/dev6.erresse-shop.it\/fr\/shop\/table-fr-2\/vin\/aerateurs\/coravin-pure-sparkling-capsules-co2\/#primaryimage\"},\"thumbnailUrl\":\"https:\/\/i3.wp.com\/interpim.erresse-shop.it\/wp-content\/uploads\/2022\/12\/CORAVIN-Pure\u2122-Sparkling-Capsule-CO2.jpg\/coravin-pure-e2-84-a2-sparkling-capsule-co2.jpg?ssl=1\",\"datePublished\":\"2026-04-12T07:15:16+00:00\",\"description\":\"Les capsules de CO2 Coravin Pure\u2122 Sparkling alimentent votre syst\u00e8me Coravin Sparkling\u2122. Les capsules de remplacement sont remplies de CO2 pur, le m\u00eame\",\"breadcrumb\":{\"@id\":\"https:\/\/dev6.erresse-shop.it\/fr\/shop\/table-fr-2\/vin\/aerateurs\/coravin-pure-sparkling-capsules-co2\/#breadcrumb\"},\"inLanguage\":\"fr-FR\",\"potentialAction\":[{\"@type\":\"ReadAction\",\"target\":[\"https:\/\/dev6.erresse-shop.it\/fr\/shop\/table-fr-2\/vin\/aerateurs\/coravin-pure-sparkling-capsules-co2\/\"]}]},{\"@type\":\"ImageObject\",\"inLanguage\":\"fr-FR\",\"@id\":\"https:\/\/dev6.erresse-shop.it\/fr\/shop\/table-fr-2\/vin\/aerateurs\/coravin-pure-sparkling-capsules-co2\/#primaryimage\",\"url\":\"https:\/\/i3.wp.com\/interpim.erresse-shop.it\/wp-content\/uploads\/2022\/12\/CORAVIN-Pure\u2122-Sparkling-Capsule-CO2.jpg\/coravin-pure-e2-84-a2-sparkling-capsule-co2.jpg?ssl=1\",\"contentUrl\":\"https:\/\/i3.wp.com\/interpim.erresse-shop.it\/wp-content\/uploads\/2022\/12\/CORAVIN-Pure\u2122-Sparkling-Capsule-CO2.jpg\/coravin-pure-e2-84-a2-sparkling-capsule-co2.jpg?ssl=1\"},{\"@type\":\"BreadcrumbList\",\"@id\":\"https:\/\/dev6.erresse-shop.it\/fr\/shop\/table-fr-2\/vin\/aerateurs\/coravin-pure-sparkling-capsules-co2\/#breadcrumb\",\"itemListElement\":[{\"@type\":\"ListItem\",\"position\":1,\"name\":\"Home\",\"item\":\"https:\/\/dev6.erresse-shop.it\/\"},{\"@type\":\"ListItem\",\"position\":2,\"name\":\"Boutique\",\"item\":\"https:\/\/dev6.erresse-shop.it\/shop\/\"},{\"@type\":\"ListItem\",\"position\":3,\"name\":\"CORAVIN Pure\u2122 Sparkling Capsules CO2\"}]},{\"@type\":\"WebSite\",\"@id\":\"https:\/\/dev6.erresse-shop.it\/#website\",\"url\":\"https:\/\/dev6.erresse-shop.it\/\",\"name\":\"Erresse Shop\",\"description\":\"\",\"publisher\":{\"@id\":\"https:\/\/dev6.erresse-shop.it\/#organization\"},\"potentialAction\":[{\"@type\":\"SearchAction\",\"target\":{\"@type\":\"EntryPoint\",\"urlTemplate\":\"https:\/\/dev6.erresse-shop.it\/?s={search_term_string}\"},\"query-input\":{\"@type\":\"PropertyValueSpecification\",\"valueRequired\":true,\"valueName\":\"search_term_string\"}}],\"inLanguage\":\"fr-FR\"},{\"@type\":\"Organization\",\"@id\":\"https:\/\/dev6.erresse-shop.it\/#organization\",\"name\":\"Erresse Shop\",\"url\":\"https:\/\/dev6.erresse-shop.it\/\",\"logo\":{\"@type\":\"ImageObject\",\"inLanguage\":\"fr-FR\",\"@id\":\"https:\/\/dev6.erresse-shop.it\/#\/schema\/logo\/image\/\",\"url\":\"https:\/\/dev6.erresse-shop.it\/wp-content\/uploads\/2025\/01\/LOGO-ERRESSE-CLASSICO.svg\",\"contentUrl\":\"https:\/\/dev6.erresse-shop.it\/wp-content\/uploads\/2025\/01\/LOGO-ERRESSE-CLASSICO.svg\",\"caption\":\"Erresse Shop\"},\"image\":{\"@id\":\"https:\/\/dev6.erresse-shop.it\/#\/schema\/logo\/image\/\"}}]}<\/script>\n<!-- \/ Yoast SEO plugin. -->","yoast_head_json":{"title":"CORAVIN Pure\u2122 Sparkling Capsules CO2 - dev6 Erresse","description":"Les capsules de CO2 Coravin Pure\u2122 Sparkling alimentent votre syst\u00e8me Coravin Sparkling\u2122. Les capsules de remplacement sont remplies de CO2 pur, le m\u00eame","robots":{"index":"noindex","follow":"follow","max-snippet":"max-snippet:-1","max-image-preview":"max-image-preview:large","max-video-preview":"max-video-preview:-1"},"og_locale":"fr_FR","og_type":"article","og_title":"CORAVIN Pure\u2122 Sparkling Capsules CO2 - dev6 Erresse","og_description":"Les capsules de CO2 Coravin Pure\u2122 Sparkling alimentent votre syst\u00e8me Coravin Sparkling\u2122. Les capsules de remplacement sont remplies de CO2 pur, le m\u00eame","og_url":"https:\/\/dev6.erresse-shop.it\/fr\/shop\/table-fr-2\/vin\/aerateurs\/coravin-pure-sparkling-capsules-co2\/","og_site_name":"dev6 Erresse","og_image":[{"url":"https:\/\/interpim.erresse-shop.it\/wp-content\/uploads\/2022\/12\/CORAVIN-Pure\u2122-Sparkling-Capsule-CO2.jpg\/coravin-pure-e2-84-a2-sparkling-capsule-co2.jpg","type":"","width":"","height":""},{"url":"https:\/\/interpim.erresse-shop.it\/wp-content\/uploads\/2022\/12\/CORAVIN-Pure\u2122-Sparkling-Capsule-CO2.jpg\/coravin-pure-e2-84-a2-sparkling-capsule-co2.jpg","width":1024,"height":1024,"type":"image\/jpeg"}],"twitter_card":"summary_large_image","twitter_image":"https:\/\/interpim.erresse-shop.it\/wp-content\/uploads\/2022\/12\/CORAVIN-Pure\u2122-Sparkling-Capsule-CO2.jpg\/coravin-pure-e2-84-a2-sparkling-capsule-co2.jpg","schema":{"@context":"https:\/\/schema.org","@graph":[{"@type":"WebPage","@id":"https:\/\/dev6.erresse-shop.it\/fr\/shop\/table-fr-2\/vin\/aerateurs\/coravin-pure-sparkling-capsules-co2\/","url":"https:\/\/dev6.erresse-shop.it\/fr\/shop\/table-fr-2\/vin\/aerateurs\/coravin-pure-sparkling-capsules-co2\/","name":"CORAVIN Pure\u2122 Sparkling Capsules CO2 - dev6 Erresse","isPartOf":{"@id":"https:\/\/dev6.erresse-shop.it\/#website"},"primaryImageOfPage":{"@id":"https:\/\/dev6.erresse-shop.it\/fr\/shop\/table-fr-2\/vin\/aerateurs\/coravin-pure-sparkling-capsules-co2\/#primaryimage"},"image":{"@id":"https:\/\/dev6.erresse-shop.it\/fr\/shop\/table-fr-2\/vin\/aerateurs\/coravin-pure-sparkling-capsules-co2\/#primaryimage"},"thumbnailUrl":"https:\/\/i3.wp.com\/interpim.erresse-shop.it\/wp-content\/uploads\/2022\/12\/CORAVIN-Pure\u2122-Sparkling-Capsule-CO2.jpg\/coravin-pure-e2-84-a2-sparkling-capsule-co2.jpg?ssl=1","datePublished":"2026-04-12T07:15:16+00:00","description":"Les capsules de CO2 Coravin Pure\u2122 Sparkling alimentent votre syst\u00e8me Coravin Sparkling\u2122. Les capsules de remplacement sont remplies de CO2 pur, le m\u00eame","breadcrumb":{"@id":"https:\/\/dev6.erresse-shop.it\/fr\/shop\/table-fr-2\/vin\/aerateurs\/coravin-pure-sparkling-capsules-co2\/#breadcrumb"},"inLanguage":"fr-FR","potentialAction":[{"@type":"ReadAction","target":["https:\/\/dev6.erresse-shop.it\/fr\/shop\/table-fr-2\/vin\/aerateurs\/coravin-pure-sparkling-capsules-co2\/"]}]},{"@type":"ImageObject","inLanguage":"fr-FR","@id":"https:\/\/dev6.erresse-shop.it\/fr\/shop\/table-fr-2\/vin\/aerateurs\/coravin-pure-sparkling-capsules-co2\/#primaryimage","url":"https:\/\/i3.wp.com\/interpim.erresse-shop.it\/wp-content\/uploads\/2022\/12\/CORAVIN-Pure\u2122-Sparkling-Capsule-CO2.jpg\/coravin-pure-e2-84-a2-sparkling-capsule-co2.jpg?ssl=1","contentUrl":"https:\/\/i3.wp.com\/interpim.erresse-shop.it\/wp-content\/uploads\/2022\/12\/CORAVIN-Pure\u2122-Sparkling-Capsule-CO2.jpg\/coravin-pure-e2-84-a2-sparkling-capsule-co2.jpg?ssl=1"},{"@type":"BreadcrumbList","@id":"https:\/\/dev6.erresse-shop.it\/fr\/shop\/table-fr-2\/vin\/aerateurs\/coravin-pure-sparkling-capsules-co2\/#breadcrumb","itemListElement":[{"@type":"ListItem","position":1,"name":"Home","item":"https:\/\/dev6.erresse-shop.it\/"},{"@type":"ListItem","position":2,"name":"Boutique","item":"https:\/\/dev6.erresse-shop.it\/shop\/"},{"@type":"ListItem","position":3,"name":"CORAVIN Pure\u2122 Sparkling Capsules CO2"}]},{"@type":"WebSite","@id":"https:\/\/dev6.erresse-shop.it\/#website","url":"https:\/\/dev6.erresse-shop.it\/","name":"Erresse Shop","description":"","publisher":{"@id":"https:\/\/dev6.erresse-shop.it\/#organization"},"potentialAction":[{"@type":"SearchAction","target":{"@type":"EntryPoint","urlTemplate":"https:\/\/dev6.erresse-shop.it\/?s={search_term_string}"},"query-input":{"@type":"PropertyValueSpecification","valueRequired":true,"valueName":"search_term_string"}}],"inLanguage":"fr-FR"},{"@type":"Organization","@id":"https:\/\/dev6.erresse-shop.it\/#organization","name":"Erresse Shop","url":"https:\/\/dev6.erresse-shop.it\/","logo":{"@type":"ImageObject","inLanguage":"fr-FR","@id":"https:\/\/dev6.erresse-shop.it\/#\/schema\/logo\/image\/","url":"https:\/\/dev6.erresse-shop.it\/wp-content\/uploads\/2025\/01\/LOGO-ERRESSE-CLASSICO.svg","contentUrl":"https:\/\/dev6.erresse-shop.it\/wp-content\/uploads\/2025\/01\/LOGO-ERRESSE-CLASSICO.svg","caption":"Erresse Shop"},"image":{"@id":"https:\/\/dev6.erresse-shop.it\/#\/schema\/logo\/image\/"}}]}},"df_price":49.9,"df_sale_price":"","df_regular_price":49.9,"df_image_link":"https:\/\/i3.wp.com\/interpim.erresse-shop.it\/wp-content\/uploads\/2022\/12\/CORAVIN-Pure\u2122-Sparkling-Capsule-CO2.jpg\/coravin-pure-e2-84-a2-sparkling-capsule-co2.jpg?resize=300,300&ssl=1","fifu_image_url":"https:\/\/interpim.erresse-shop.it\/wp-content\/uploads\/2022\/12\/CORAVIN-Pure\u2122-Sparkling-Capsule-CO2.jpg\/coravin-pure-e2-84-a2-sparkling-capsule-co2.jpg","_links":{"self":[{"href":"https:\/\/dev6.erresse-shop.it\/fr\/wp-json\/wp\/v2\/product\/60644","targetHints":{"allow":["GET"]}}],"collection":[{"href":"https:\/\/dev6.erresse-shop.it\/fr\/wp-json\/wp\/v2\/product"}],"about":[{"href":"https:\/\/dev6.erresse-shop.it\/fr\/wp-json\/wp\/v2\/types\/product"}],"wp:featuredmedia":[{"embeddable":true,"href":"https:\/\/dev6.erresse-shop.it\/fr\/wp-json\/wp\/v2\/media\/6358702"}],"wp:attachment":[{"href":"https:\/\/dev6.erresse-shop.it\/fr\/wp-json\/wp\/v2\/media?parent=60644"}],"wp:term":[{"taxonomy":"product_cat","embeddable":true,"href":"https:\/\/dev6.erresse-shop.it\/fr\/wp-json\/wp\/v2\/product_cat?post=60644"},{"taxonomy":"product_tag","embeddable":true,"href":"https:\/\/dev6.erresse-shop.it\/fr\/wp-json\/wp\/v2\/product_tag?post=60644"}],"curies":[{"name":"wp","href":"https:\/\/api.w.org\/{rel}","templated":true}]}}