{"id":60642,"date":"2026-04-10T09:53:54","date_gmt":"2026-04-10T07:53:54","guid":{"rendered":"https:\/\/dev6.erresse-shop.it\/shop\/non%20class\u00e9\/coravin-pivot-aerateur-noir\/"},"modified":"2025-09-14T04:40:48","modified_gmt":"2025-09-14T02:40:48","slug":"coravin-pivot-aerateur-noir","status":"publish","type":"product","link":"https:\/\/dev6.erresse-shop.it\/fr\/shop\/table-fr-2\/vin\/aerateurs\/coravin-pivot-aerateur-noir\/","title":{"rendered":"CORAVIN Pivot\u2122 A\u00e9rateur Noir"},"content":{"rendered":"<p>L\u2019a\u00e9rateur Pivot\u2122, con\u00e7u pour \u00eatre utilis\u00e9 avec les syst\u00e8mes de stockage de vin Pivot, est l\u2019accessoire parfait pour obtenir un vin plus aromatique et plus savoureux en quelques secondes. Cet accessoire unique a\u00e8re rapidement le vin pendant que vous le versez, ce qui donne des r\u00e9sultats soyeux, doux et aromatiques \u00e9quivalents \u00e0 une d\u00e9cantation de 60 \u00e0 90 minutes. Non compatible avec les syst\u00e8mes de conservation du vin Coravin Timeless (ceux qui utilisent une aiguille pour percer le bouchon).<\/p>\n<p>A\u00e9rer le vin en quelques secondes<br \/>\nFixez l\u2019a\u00e9rateur au bec du Pivot pour a\u00e9rer le vin pendant que vous le versez et obtenir imm\u00e9diatement le m\u00eame effet qu\u2019une d\u00e9cantation de 90 minutes.<\/p>\n<p>Compatible Pivot\u2122<br \/>\nL\u2019a\u00e9rateur Pivot\u2122 s\u2019adapte en toute s\u00e9curit\u00e9 au syst\u00e8me de stockage du vin Pivot, afin que vous puissiez a\u00e9rer le vin de votre choix au fur et \u00e0 mesure que vous le versez.<\/p>\n<p>Facile \u00e0 nettoyer<br \/>\nNettoyez r\u00e9guli\u00e8rement l\u2019a\u00e9rateur Pivot en le rin\u00e7ant \u00e0 l\u2019eau chaude apr\u00e8s chaque utilisation. Pour un nettoyage plus approfondi, il suffit de d\u00e9visser la t\u00eate, de retirer la grille int\u00e9rieure du corps et de rincer les trois parties \u00e0 l\u2019eau chaude.<\/p>\n","protected":false},"excerpt":{"rendered":"<p>L\u2019a\u00e9rateur Pivot\u2122, con\u00e7u pour \u00eatre utilis\u00e9 avec les syst\u00e8mes de stockage de vin Pivot, est l\u2019accessoire parfait pour obtenir un vin plus aromatique et plus savoureux en quelques secondes. Cet accessoire unique a\u00e8re rapidement le vin pendant que vous le versez, ce qui donne des r\u00e9sultats soyeux, doux et aromatiques \u00e9quivalents \u00e0 une d\u00e9cantation de [&hellip;]<\/p>\n","protected":false},"featured_media":6317060,"template":"","meta":{"_acf_changed":false},"product_cat":[12072,11995,12069],"product_tag":[],"class_list":{"0":"post-60642","1":"product","2":"type-product","3":"status-publish","4":"has-post-thumbnail","6":"product_cat-aerateurs","7":"product_cat-table-fr-2","8":"product_cat-vin","10":"first","11":"outofstock","12":"taxable","13":"shipping-taxable","14":"purchasable","15":"product-type-simple","swatches":"rey-swatches","show_selected":"","stretch_labels":"rey-swatches--stretch-labels"},"acf":[],"yoast_head":"<!-- This site is optimized with the Yoast SEO plugin v25.4 - https:\/\/yoast.com\/wordpress\/plugins\/seo\/ -->\n<title>CORAVIN Pivot\u2122 A\u00e9rateur Noir - dev6 Erresse<\/title>\n<meta name=\"description\" content=\"L\u2019a\u00e9rateur Pivot\u2122, con\u00e7u pour \u00eatre utilis\u00e9 avec les syst\u00e8mes de stockage de vin Pivot, est l\u2019accessoire parfait pour obtenir un vin plus aromatique et\" \/>\n<meta name=\"robots\" content=\"noindex, follow, max-snippet:-1, max-image-preview:large, max-video-preview:-1\" \/>\n<meta property=\"og:locale\" content=\"fr_FR\" \/>\n<meta property=\"og:type\" content=\"article\" \/>\n<meta property=\"og:title\" content=\"CORAVIN Pivot\u2122 A\u00e9rateur Noir - dev6 Erresse\" \/>\n<meta property=\"og:description\" content=\"L\u2019a\u00e9rateur Pivot\u2122, con\u00e7u pour \u00eatre utilis\u00e9 avec les syst\u00e8mes de stockage de vin Pivot, est l\u2019accessoire parfait pour obtenir un vin plus aromatique et\" \/>\n<meta property=\"og:url\" content=\"https:\/\/dev6.erresse-shop.it\/fr\/shop\/table-fr-2\/vin\/aerateurs\/coravin-pivot-aerateur-noir\/\" \/>\n<meta property=\"og:site_name\" content=\"dev6 Erresse\" \/>\n<meta property=\"og:image\" content=\"https:\/\/interpim.erresse-shop.it\/Import\/Prodotti\/4631021.jpg\" \/><meta property=\"og:image\" content=\"https:\/\/interpim.erresse-shop.it\/Import\/Prodotti\/4631021.jpg\" \/>\n\t<meta property=\"og:image:width\" content=\"1024\" \/>\n\t<meta property=\"og:image:height\" content=\"1024\" \/>\n\t<meta property=\"og:image:type\" content=\"image\/jpeg\" \/>\n<meta name=\"twitter:card\" content=\"summary_large_image\" \/>\n<meta name=\"twitter:image\" content=\"https:\/\/interpim.erresse-shop.it\/Import\/Prodotti\/4631021.jpg\" \/>\n<script type=\"application\/ld+json\" class=\"yoast-schema-graph\">{\"@context\":\"https:\/\/schema.org\",\"@graph\":[{\"@type\":\"WebPage\",\"@id\":\"https:\/\/dev6.erresse-shop.it\/fr\/shop\/table-fr-2\/vin\/aerateurs\/coravin-pivot-aerateur-noir\/\",\"url\":\"https:\/\/dev6.erresse-shop.it\/fr\/shop\/table-fr-2\/vin\/aerateurs\/coravin-pivot-aerateur-noir\/\",\"name\":\"CORAVIN Pivot\u2122 A\u00e9rateur Noir - dev6 Erresse\",\"isPartOf\":{\"@id\":\"https:\/\/dev6.erresse-shop.it\/#website\"},\"primaryImageOfPage\":{\"@id\":\"https:\/\/dev6.erresse-shop.it\/fr\/shop\/table-fr-2\/vin\/aerateurs\/coravin-pivot-aerateur-noir\/#primaryimage\"},\"image\":{\"@id\":\"https:\/\/dev6.erresse-shop.it\/fr\/shop\/table-fr-2\/vin\/aerateurs\/coravin-pivot-aerateur-noir\/#primaryimage\"},\"thumbnailUrl\":\"https:\/\/i2.wp.com\/interpim.erresse-shop.it\/Import\/Prodotti\/4631021.jpg?ssl=1\",\"datePublished\":\"2026-04-10T07:53:54+00:00\",\"description\":\"L\u2019a\u00e9rateur Pivot\u2122, con\u00e7u pour \u00eatre utilis\u00e9 avec les syst\u00e8mes de stockage de vin Pivot, est l\u2019accessoire parfait pour obtenir un vin plus aromatique et\",\"breadcrumb\":{\"@id\":\"https:\/\/dev6.erresse-shop.it\/fr\/shop\/table-fr-2\/vin\/aerateurs\/coravin-pivot-aerateur-noir\/#breadcrumb\"},\"inLanguage\":\"fr-FR\",\"potentialAction\":[{\"@type\":\"ReadAction\",\"target\":[\"https:\/\/dev6.erresse-shop.it\/fr\/shop\/table-fr-2\/vin\/aerateurs\/coravin-pivot-aerateur-noir\/\"]}]},{\"@type\":\"ImageObject\",\"inLanguage\":\"fr-FR\",\"@id\":\"https:\/\/dev6.erresse-shop.it\/fr\/shop\/table-fr-2\/vin\/aerateurs\/coravin-pivot-aerateur-noir\/#primaryimage\",\"url\":\"https:\/\/i2.wp.com\/interpim.erresse-shop.it\/Import\/Prodotti\/4631021.jpg?ssl=1\",\"contentUrl\":\"https:\/\/i2.wp.com\/interpim.erresse-shop.it\/Import\/Prodotti\/4631021.jpg?ssl=1\"},{\"@type\":\"BreadcrumbList\",\"@id\":\"https:\/\/dev6.erresse-shop.it\/fr\/shop\/table-fr-2\/vin\/aerateurs\/coravin-pivot-aerateur-noir\/#breadcrumb\",\"itemListElement\":[{\"@type\":\"ListItem\",\"position\":1,\"name\":\"Home\",\"item\":\"https:\/\/dev6.erresse-shop.it\/\"},{\"@type\":\"ListItem\",\"position\":2,\"name\":\"Boutique\",\"item\":\"https:\/\/dev6.erresse-shop.it\/shop\/\"},{\"@type\":\"ListItem\",\"position\":3,\"name\":\"CORAVIN Pivot\u2122 A\u00e9rateur Noir\"}]},{\"@type\":\"WebSite\",\"@id\":\"https:\/\/dev6.erresse-shop.it\/#website\",\"url\":\"https:\/\/dev6.erresse-shop.it\/\",\"name\":\"Erresse Shop\",\"description\":\"\",\"publisher\":{\"@id\":\"https:\/\/dev6.erresse-shop.it\/#organization\"},\"potentialAction\":[{\"@type\":\"SearchAction\",\"target\":{\"@type\":\"EntryPoint\",\"urlTemplate\":\"https:\/\/dev6.erresse-shop.it\/?s={search_term_string}\"},\"query-input\":{\"@type\":\"PropertyValueSpecification\",\"valueRequired\":true,\"valueName\":\"search_term_string\"}}],\"inLanguage\":\"fr-FR\"},{\"@type\":\"Organization\",\"@id\":\"https:\/\/dev6.erresse-shop.it\/#organization\",\"name\":\"Erresse Shop\",\"url\":\"https:\/\/dev6.erresse-shop.it\/\",\"logo\":{\"@type\":\"ImageObject\",\"inLanguage\":\"fr-FR\",\"@id\":\"https:\/\/dev6.erresse-shop.it\/#\/schema\/logo\/image\/\",\"url\":\"https:\/\/dev6.erresse-shop.it\/wp-content\/uploads\/2025\/01\/LOGO-ERRESSE-CLASSICO.svg\",\"contentUrl\":\"https:\/\/dev6.erresse-shop.it\/wp-content\/uploads\/2025\/01\/LOGO-ERRESSE-CLASSICO.svg\",\"caption\":\"Erresse Shop\"},\"image\":{\"@id\":\"https:\/\/dev6.erresse-shop.it\/#\/schema\/logo\/image\/\"}}]}<\/script>\n<!-- \/ Yoast SEO plugin. -->","yoast_head_json":{"title":"CORAVIN Pivot\u2122 A\u00e9rateur Noir - dev6 Erresse","description":"L\u2019a\u00e9rateur Pivot\u2122, con\u00e7u pour \u00eatre utilis\u00e9 avec les syst\u00e8mes de stockage de vin Pivot, est l\u2019accessoire parfait pour obtenir un vin plus aromatique et","robots":{"index":"noindex","follow":"follow","max-snippet":"max-snippet:-1","max-image-preview":"max-image-preview:large","max-video-preview":"max-video-preview:-1"},"og_locale":"fr_FR","og_type":"article","og_title":"CORAVIN Pivot\u2122 A\u00e9rateur Noir - dev6 Erresse","og_description":"L\u2019a\u00e9rateur Pivot\u2122, con\u00e7u pour \u00eatre utilis\u00e9 avec les syst\u00e8mes de stockage de vin Pivot, est l\u2019accessoire parfait pour obtenir un vin plus aromatique et","og_url":"https:\/\/dev6.erresse-shop.it\/fr\/shop\/table-fr-2\/vin\/aerateurs\/coravin-pivot-aerateur-noir\/","og_site_name":"dev6 Erresse","og_image":[{"url":"https:\/\/interpim.erresse-shop.it\/Import\/Prodotti\/4631021.jpg","type":"","width":"","height":""},{"url":"https:\/\/interpim.erresse-shop.it\/Import\/Prodotti\/4631021.jpg","width":1024,"height":1024,"type":"image\/jpeg"}],"twitter_card":"summary_large_image","twitter_image":"https:\/\/interpim.erresse-shop.it\/Import\/Prodotti\/4631021.jpg","schema":{"@context":"https:\/\/schema.org","@graph":[{"@type":"WebPage","@id":"https:\/\/dev6.erresse-shop.it\/fr\/shop\/table-fr-2\/vin\/aerateurs\/coravin-pivot-aerateur-noir\/","url":"https:\/\/dev6.erresse-shop.it\/fr\/shop\/table-fr-2\/vin\/aerateurs\/coravin-pivot-aerateur-noir\/","name":"CORAVIN Pivot\u2122 A\u00e9rateur Noir - dev6 Erresse","isPartOf":{"@id":"https:\/\/dev6.erresse-shop.it\/#website"},"primaryImageOfPage":{"@id":"https:\/\/dev6.erresse-shop.it\/fr\/shop\/table-fr-2\/vin\/aerateurs\/coravin-pivot-aerateur-noir\/#primaryimage"},"image":{"@id":"https:\/\/dev6.erresse-shop.it\/fr\/shop\/table-fr-2\/vin\/aerateurs\/coravin-pivot-aerateur-noir\/#primaryimage"},"thumbnailUrl":"https:\/\/i2.wp.com\/interpim.erresse-shop.it\/Import\/Prodotti\/4631021.jpg?ssl=1","datePublished":"2026-04-10T07:53:54+00:00","description":"L\u2019a\u00e9rateur Pivot\u2122, con\u00e7u pour \u00eatre utilis\u00e9 avec les syst\u00e8mes de stockage de vin Pivot, est l\u2019accessoire parfait pour obtenir un vin plus aromatique et","breadcrumb":{"@id":"https:\/\/dev6.erresse-shop.it\/fr\/shop\/table-fr-2\/vin\/aerateurs\/coravin-pivot-aerateur-noir\/#breadcrumb"},"inLanguage":"fr-FR","potentialAction":[{"@type":"ReadAction","target":["https:\/\/dev6.erresse-shop.it\/fr\/shop\/table-fr-2\/vin\/aerateurs\/coravin-pivot-aerateur-noir\/"]}]},{"@type":"ImageObject","inLanguage":"fr-FR","@id":"https:\/\/dev6.erresse-shop.it\/fr\/shop\/table-fr-2\/vin\/aerateurs\/coravin-pivot-aerateur-noir\/#primaryimage","url":"https:\/\/i2.wp.com\/interpim.erresse-shop.it\/Import\/Prodotti\/4631021.jpg?ssl=1","contentUrl":"https:\/\/i2.wp.com\/interpim.erresse-shop.it\/Import\/Prodotti\/4631021.jpg?ssl=1"},{"@type":"BreadcrumbList","@id":"https:\/\/dev6.erresse-shop.it\/fr\/shop\/table-fr-2\/vin\/aerateurs\/coravin-pivot-aerateur-noir\/#breadcrumb","itemListElement":[{"@type":"ListItem","position":1,"name":"Home","item":"https:\/\/dev6.erresse-shop.it\/"},{"@type":"ListItem","position":2,"name":"Boutique","item":"https:\/\/dev6.erresse-shop.it\/shop\/"},{"@type":"ListItem","position":3,"name":"CORAVIN Pivot\u2122 A\u00e9rateur Noir"}]},{"@type":"WebSite","@id":"https:\/\/dev6.erresse-shop.it\/#website","url":"https:\/\/dev6.erresse-shop.it\/","name":"Erresse Shop","description":"","publisher":{"@id":"https:\/\/dev6.erresse-shop.it\/#organization"},"potentialAction":[{"@type":"SearchAction","target":{"@type":"EntryPoint","urlTemplate":"https:\/\/dev6.erresse-shop.it\/?s={search_term_string}"},"query-input":{"@type":"PropertyValueSpecification","valueRequired":true,"valueName":"search_term_string"}}],"inLanguage":"fr-FR"},{"@type":"Organization","@id":"https:\/\/dev6.erresse-shop.it\/#organization","name":"Erresse Shop","url":"https:\/\/dev6.erresse-shop.it\/","logo":{"@type":"ImageObject","inLanguage":"fr-FR","@id":"https:\/\/dev6.erresse-shop.it\/#\/schema\/logo\/image\/","url":"https:\/\/dev6.erresse-shop.it\/wp-content\/uploads\/2025\/01\/LOGO-ERRESSE-CLASSICO.svg","contentUrl":"https:\/\/dev6.erresse-shop.it\/wp-content\/uploads\/2025\/01\/LOGO-ERRESSE-CLASSICO.svg","caption":"Erresse Shop"},"image":{"@id":"https:\/\/dev6.erresse-shop.it\/#\/schema\/logo\/image\/"}}]}},"df_price":19.99,"df_sale_price":"","df_regular_price":19.99,"df_image_link":"https:\/\/i2.wp.com\/interpim.erresse-shop.it\/Import\/Prodotti\/4631021.jpg?resize=300,300&ssl=1","fifu_image_url":"https:\/\/interpim.erresse-shop.it\/Import\/Prodotti\/4631021.jpg","_links":{"self":[{"href":"https:\/\/dev6.erresse-shop.it\/fr\/wp-json\/wp\/v2\/product\/60642","targetHints":{"allow":["GET"]}}],"collection":[{"href":"https:\/\/dev6.erresse-shop.it\/fr\/wp-json\/wp\/v2\/product"}],"about":[{"href":"https:\/\/dev6.erresse-shop.it\/fr\/wp-json\/wp\/v2\/types\/product"}],"wp:featuredmedia":[{"embeddable":true,"href":"https:\/\/dev6.erresse-shop.it\/fr\/wp-json\/wp\/v2\/media\/6317060"}],"wp:attachment":[{"href":"https:\/\/dev6.erresse-shop.it\/fr\/wp-json\/wp\/v2\/media?parent=60642"}],"wp:term":[{"taxonomy":"product_cat","embeddable":true,"href":"https:\/\/dev6.erresse-shop.it\/fr\/wp-json\/wp\/v2\/product_cat?post=60642"},{"taxonomy":"product_tag","embeddable":true,"href":"https:\/\/dev6.erresse-shop.it\/fr\/wp-json\/wp\/v2\/product_tag?post=60642"}],"curies":[{"name":"wp","href":"https:\/\/api.w.org\/{rel}","templated":true}]}}