{"id":60640,"date":"2026-04-04T09:13:28","date_gmt":"2026-04-04T07:13:28","guid":{"rendered":"https:\/\/dev6.erresse-shop.it\/shop\/non%20class\u00e9\/zwilling-friteuse-a-air-4-l-noir\/"},"modified":"2026-01-16T22:15:19","modified_gmt":"2026-01-16T21:15:19","slug":"zwilling-friteuse-a-air-4-l-noir","status":"publish","type":"product","link":"https:\/\/dev6.erresse-shop.it\/fr\/shop\/petits-electromenagers\/friteuses-a-air\/zwilling-friteuse-a-air-4-l-noir\/","title":{"rendered":"ZWILLING Friteuse \u00e0 air 4 L Noir"},"content":{"rendered":"<p>3\u20262\u20261\u2026 Profitez-en ! La friteuse \u00e0 air chaud ZWILLING pr\u00e9pare des plats sal\u00e9s et sucr\u00e9s en un rien de temps et sans pr\u00e9chauffage. Vous pouvez facilement pr\u00e9parer des chips, des pizzas, des muffins et bien plus encore. Vous pouvez cuisiner dans la friteuse sans huile ou avec peu de graisse. Sur l\u2019\u00e9cran tactile LED, vous pouvez s\u00e9lectionner six programmes pr\u00e9d\u00e9finis pour les frites, le poulet, les crevettes, le poisson, la pizza et le g\u00e2teau. La temp\u00e9rature et la dur\u00e9e peuvent \u00e9galement \u00eatre r\u00e9gl\u00e9es individuellement. Le livre de recettes ci-joint propose d\u2019autres id\u00e9es d\u00e9licieuses \u00e0 tester imm\u00e9diatement dans la friteuse. \u00c0 la fin du temps de cuisson, un signal sonore retentit et la friteuse termine automatiquement le processus de cuisson. Avec une capacit\u00e9 de 4 litres, le panier offre suffisamment d\u2019espace pour des portions g\u00e9n\u00e9reuses. Le panier et la grille vont au lave-vaisselle. La friteuse \u00e0 air n\u2019a pas de graisse r\u00e9siduelle \u00e0 \u00e9liminer, ce qui la rend particuli\u00e8rement pratique pour une utilisation quotidienne.<\/p>\n<p>Votre nouvel alli\u00e9 dans la cuisine pour des plats simples et savoureux. Gr\u00e2ce \u00e0 la friteuse ZWILLING, vous pouvez facilement pr\u00e9parer des frites, des pizzas, des ailes de poulet. Mais il n\u2019est pas seulement parfait pour les plats sal\u00e9s ; vous pouvez \u00e9galement pr\u00e9parer de d\u00e9licieux muffins et g\u00e2teaux avec une simple touche. Friture, cuisson au four ou \u00e0 la po\u00eale, tout est possible gr\u00e2ce au flux d\u2019air chaud de notre nouvelle friteuse.<\/p>\n<p>Sp\u00e9cifications techniques :<\/p>\n<p>Effet de friture, cuisson \u00e0 la po\u00eale et cuisson comme au four<br \/>\nCapacit\u00e9 de 4 L<br \/>\n\u00c9cran tactile LED pour un fonctionnement instantan\u00e9<br \/>\n6 programmes pr\u00e9d\u00e9finis<br \/>\nTemp\u00e9rature r\u00e9glable entre 80 et 200 degr\u00e9s<br \/>\nGrille et panier lavables au lave-vaisselle<br \/>\nLivre de recettes en anglais inclus<\/p>\n<p>Dimensions :<\/p>\n<p>Poids : 3,91 kg<br \/>\nCapacit\u00e9 : 4 L<br \/>\nLongueur : 34,70 cm<br \/>\nLargeur : 29,10 cm<br \/>\nHauteur : 30 cm<\/p>\n<p>Ne peut \u00eatre vendu en dehors de l\u2019Europe<\/p>\n","protected":false},"excerpt":{"rendered":"<p>3\u20262\u20261\u2026 Profitez-en ! La friteuse \u00e0 air chaud ZWILLING pr\u00e9pare des plats sal\u00e9s et sucr\u00e9s en un rien de temps et sans pr\u00e9chauffage. Vous pouvez facilement pr\u00e9parer des chips, des pizzas, des muffins et bien plus encore. Vous pouvez cuisiner dans la friteuse sans huile ou avec peu de graisse. Sur l\u2019\u00e9cran tactile LED, vous [&hellip;]<\/p>\n","protected":false},"featured_media":6275390,"template":"","meta":{"_acf_changed":false},"product_cat":[12086,12055],"product_tag":[],"class_list":{"0":"post-60640","1":"product","2":"type-product","3":"status-publish","4":"has-post-thumbnail","6":"product_cat-friteuses-a-air","7":"product_cat-petits-electromenagers","9":"first","10":"outofstock","11":"sale","12":"taxable","13":"shipping-taxable","14":"purchasable","15":"product-type-simple","swatches":"rey-swatches","show_selected":"","stretch_labels":"rey-swatches--stretch-labels"},"acf":[],"yoast_head":"<!-- This site is optimized with the Yoast SEO plugin v25.4 - https:\/\/yoast.com\/wordpress\/plugins\/seo\/ -->\n<title>ZWILLING Friteuse \u00e0 air 4 L Noir - dev6 Erresse<\/title>\n<meta name=\"description\" content=\"3\u20262\u20261\u2026 Profitez-en ! La friteuse \u00e0 air chaud ZWILLING pr\u00e9pare des plats sal\u00e9s et sucr\u00e9s en un rien de temps et sans pr\u00e9chauffage. Vous pouvez facilement\" \/>\n<meta name=\"robots\" content=\"noindex, follow, max-snippet:-1, max-image-preview:large, max-video-preview:-1\" \/>\n<meta property=\"og:locale\" content=\"fr_FR\" \/>\n<meta property=\"og:type\" content=\"article\" \/>\n<meta property=\"og:title\" content=\"ZWILLING Friteuse \u00e0 air 4 L Noir - dev6 Erresse\" \/>\n<meta property=\"og:description\" content=\"3\u20262\u20261\u2026 Profitez-en ! La friteuse \u00e0 air chaud ZWILLING pr\u00e9pare des plats sal\u00e9s et sucr\u00e9s en un rien de temps et sans pr\u00e9chauffage. Vous pouvez facilement\" \/>\n<meta property=\"og:url\" content=\"https:\/\/dev6.erresse-shop.it\/fr\/shop\/petits-electromenagers\/friteuses-a-air\/zwilling-friteuse-a-air-4-l-noir\/\" \/>\n<meta property=\"og:site_name\" content=\"dev6 Erresse\" \/>\n<meta property=\"og:image\" content=\"https:\/\/interpim.erresse-shop.it\/img-catalogo\/zwilling\/zwilling-friggitrice-ad-aria2.jpg\" \/><meta property=\"og:image\" content=\"https:\/\/interpim.erresse-shop.it\/img-catalogo\/zwilling\/zwilling-friggitrice-ad-aria2.jpg\" \/>\n\t<meta property=\"og:image:width\" content=\"1024\" \/>\n\t<meta property=\"og:image:height\" content=\"1024\" \/>\n\t<meta property=\"og:image:type\" content=\"image\/jpeg\" \/>\n<meta name=\"twitter:card\" content=\"summary_large_image\" \/>\n<meta name=\"twitter:image\" content=\"https:\/\/interpim.erresse-shop.it\/img-catalogo\/zwilling\/zwilling-friggitrice-ad-aria2.jpg\" \/>\n<script type=\"application\/ld+json\" class=\"yoast-schema-graph\">{\"@context\":\"https:\/\/schema.org\",\"@graph\":[{\"@type\":\"WebPage\",\"@id\":\"https:\/\/dev6.erresse-shop.it\/fr\/shop\/petits-electromenagers\/friteuses-a-air\/zwilling-friteuse-a-air-4-l-noir\/\",\"url\":\"https:\/\/dev6.erresse-shop.it\/fr\/shop\/petits-electromenagers\/friteuses-a-air\/zwilling-friteuse-a-air-4-l-noir\/\",\"name\":\"ZWILLING Friteuse \u00e0 air 4 L Noir - dev6 Erresse\",\"isPartOf\":{\"@id\":\"https:\/\/dev6.erresse-shop.it\/#website\"},\"primaryImageOfPage\":{\"@id\":\"https:\/\/dev6.erresse-shop.it\/fr\/shop\/petits-electromenagers\/friteuses-a-air\/zwilling-friteuse-a-air-4-l-noir\/#primaryimage\"},\"image\":{\"@id\":\"https:\/\/dev6.erresse-shop.it\/fr\/shop\/petits-electromenagers\/friteuses-a-air\/zwilling-friteuse-a-air-4-l-noir\/#primaryimage\"},\"thumbnailUrl\":\"https:\/\/i1.wp.com\/interpim.erresse-shop.it\/img-catalogo\/zwilling\/zwilling-friggitrice-ad-aria2.jpg?ssl=1\",\"datePublished\":\"2026-04-04T07:13:28+00:00\",\"description\":\"3\u20262\u20261\u2026 Profitez-en ! La friteuse \u00e0 air chaud ZWILLING pr\u00e9pare des plats sal\u00e9s et sucr\u00e9s en un rien de temps et sans pr\u00e9chauffage. Vous pouvez facilement\",\"breadcrumb\":{\"@id\":\"https:\/\/dev6.erresse-shop.it\/fr\/shop\/petits-electromenagers\/friteuses-a-air\/zwilling-friteuse-a-air-4-l-noir\/#breadcrumb\"},\"inLanguage\":\"fr-FR\",\"potentialAction\":[{\"@type\":\"ReadAction\",\"target\":[\"https:\/\/dev6.erresse-shop.it\/fr\/shop\/petits-electromenagers\/friteuses-a-air\/zwilling-friteuse-a-air-4-l-noir\/\"]}]},{\"@type\":\"ImageObject\",\"inLanguage\":\"fr-FR\",\"@id\":\"https:\/\/dev6.erresse-shop.it\/fr\/shop\/petits-electromenagers\/friteuses-a-air\/zwilling-friteuse-a-air-4-l-noir\/#primaryimage\",\"url\":\"https:\/\/i1.wp.com\/interpim.erresse-shop.it\/img-catalogo\/zwilling\/zwilling-friggitrice-ad-aria2.jpg?ssl=1\",\"contentUrl\":\"https:\/\/i1.wp.com\/interpim.erresse-shop.it\/img-catalogo\/zwilling\/zwilling-friggitrice-ad-aria2.jpg?ssl=1\"},{\"@type\":\"BreadcrumbList\",\"@id\":\"https:\/\/dev6.erresse-shop.it\/fr\/shop\/petits-electromenagers\/friteuses-a-air\/zwilling-friteuse-a-air-4-l-noir\/#breadcrumb\",\"itemListElement\":[{\"@type\":\"ListItem\",\"position\":1,\"name\":\"Home\",\"item\":\"https:\/\/dev6.erresse-shop.it\/\"},{\"@type\":\"ListItem\",\"position\":2,\"name\":\"Boutique\",\"item\":\"https:\/\/dev6.erresse-shop.it\/shop\/\"},{\"@type\":\"ListItem\",\"position\":3,\"name\":\"ZWILLING Friteuse \u00e0 air 4 L Noir\"}]},{\"@type\":\"WebSite\",\"@id\":\"https:\/\/dev6.erresse-shop.it\/#website\",\"url\":\"https:\/\/dev6.erresse-shop.it\/\",\"name\":\"Erresse Shop\",\"description\":\"\",\"publisher\":{\"@id\":\"https:\/\/dev6.erresse-shop.it\/#organization\"},\"potentialAction\":[{\"@type\":\"SearchAction\",\"target\":{\"@type\":\"EntryPoint\",\"urlTemplate\":\"https:\/\/dev6.erresse-shop.it\/?s={search_term_string}\"},\"query-input\":{\"@type\":\"PropertyValueSpecification\",\"valueRequired\":true,\"valueName\":\"search_term_string\"}}],\"inLanguage\":\"fr-FR\"},{\"@type\":\"Organization\",\"@id\":\"https:\/\/dev6.erresse-shop.it\/#organization\",\"name\":\"Erresse Shop\",\"url\":\"https:\/\/dev6.erresse-shop.it\/\",\"logo\":{\"@type\":\"ImageObject\",\"inLanguage\":\"fr-FR\",\"@id\":\"https:\/\/dev6.erresse-shop.it\/#\/schema\/logo\/image\/\",\"url\":\"https:\/\/dev6.erresse-shop.it\/wp-content\/uploads\/2025\/01\/LOGO-ERRESSE-CLASSICO.svg\",\"contentUrl\":\"https:\/\/dev6.erresse-shop.it\/wp-content\/uploads\/2025\/01\/LOGO-ERRESSE-CLASSICO.svg\",\"caption\":\"Erresse Shop\"},\"image\":{\"@id\":\"https:\/\/dev6.erresse-shop.it\/#\/schema\/logo\/image\/\"}}]}<\/script>\n<!-- \/ Yoast SEO plugin. -->","yoast_head_json":{"title":"ZWILLING Friteuse \u00e0 air 4 L Noir - dev6 Erresse","description":"3\u20262\u20261\u2026 Profitez-en ! La friteuse \u00e0 air chaud ZWILLING pr\u00e9pare des plats sal\u00e9s et sucr\u00e9s en un rien de temps et sans pr\u00e9chauffage. Vous pouvez facilement","robots":{"index":"noindex","follow":"follow","max-snippet":"max-snippet:-1","max-image-preview":"max-image-preview:large","max-video-preview":"max-video-preview:-1"},"og_locale":"fr_FR","og_type":"article","og_title":"ZWILLING Friteuse \u00e0 air 4 L Noir - dev6 Erresse","og_description":"3\u20262\u20261\u2026 Profitez-en ! La friteuse \u00e0 air chaud ZWILLING pr\u00e9pare des plats sal\u00e9s et sucr\u00e9s en un rien de temps et sans pr\u00e9chauffage. Vous pouvez facilement","og_url":"https:\/\/dev6.erresse-shop.it\/fr\/shop\/petits-electromenagers\/friteuses-a-air\/zwilling-friteuse-a-air-4-l-noir\/","og_site_name":"dev6 Erresse","og_image":[{"url":"https:\/\/interpim.erresse-shop.it\/img-catalogo\/zwilling\/zwilling-friggitrice-ad-aria2.jpg","type":"","width":"","height":""},{"url":"https:\/\/interpim.erresse-shop.it\/img-catalogo\/zwilling\/zwilling-friggitrice-ad-aria2.jpg","width":1024,"height":1024,"type":"image\/jpeg"}],"twitter_card":"summary_large_image","twitter_image":"https:\/\/interpim.erresse-shop.it\/img-catalogo\/zwilling\/zwilling-friggitrice-ad-aria2.jpg","schema":{"@context":"https:\/\/schema.org","@graph":[{"@type":"WebPage","@id":"https:\/\/dev6.erresse-shop.it\/fr\/shop\/petits-electromenagers\/friteuses-a-air\/zwilling-friteuse-a-air-4-l-noir\/","url":"https:\/\/dev6.erresse-shop.it\/fr\/shop\/petits-electromenagers\/friteuses-a-air\/zwilling-friteuse-a-air-4-l-noir\/","name":"ZWILLING Friteuse \u00e0 air 4 L Noir - dev6 Erresse","isPartOf":{"@id":"https:\/\/dev6.erresse-shop.it\/#website"},"primaryImageOfPage":{"@id":"https:\/\/dev6.erresse-shop.it\/fr\/shop\/petits-electromenagers\/friteuses-a-air\/zwilling-friteuse-a-air-4-l-noir\/#primaryimage"},"image":{"@id":"https:\/\/dev6.erresse-shop.it\/fr\/shop\/petits-electromenagers\/friteuses-a-air\/zwilling-friteuse-a-air-4-l-noir\/#primaryimage"},"thumbnailUrl":"https:\/\/i1.wp.com\/interpim.erresse-shop.it\/img-catalogo\/zwilling\/zwilling-friggitrice-ad-aria2.jpg?ssl=1","datePublished":"2026-04-04T07:13:28+00:00","description":"3\u20262\u20261\u2026 Profitez-en ! La friteuse \u00e0 air chaud ZWILLING pr\u00e9pare des plats sal\u00e9s et sucr\u00e9s en un rien de temps et sans pr\u00e9chauffage. Vous pouvez facilement","breadcrumb":{"@id":"https:\/\/dev6.erresse-shop.it\/fr\/shop\/petits-electromenagers\/friteuses-a-air\/zwilling-friteuse-a-air-4-l-noir\/#breadcrumb"},"inLanguage":"fr-FR","potentialAction":[{"@type":"ReadAction","target":["https:\/\/dev6.erresse-shop.it\/fr\/shop\/petits-electromenagers\/friteuses-a-air\/zwilling-friteuse-a-air-4-l-noir\/"]}]},{"@type":"ImageObject","inLanguage":"fr-FR","@id":"https:\/\/dev6.erresse-shop.it\/fr\/shop\/petits-electromenagers\/friteuses-a-air\/zwilling-friteuse-a-air-4-l-noir\/#primaryimage","url":"https:\/\/i1.wp.com\/interpim.erresse-shop.it\/img-catalogo\/zwilling\/zwilling-friggitrice-ad-aria2.jpg?ssl=1","contentUrl":"https:\/\/i1.wp.com\/interpim.erresse-shop.it\/img-catalogo\/zwilling\/zwilling-friggitrice-ad-aria2.jpg?ssl=1"},{"@type":"BreadcrumbList","@id":"https:\/\/dev6.erresse-shop.it\/fr\/shop\/petits-electromenagers\/friteuses-a-air\/zwilling-friteuse-a-air-4-l-noir\/#breadcrumb","itemListElement":[{"@type":"ListItem","position":1,"name":"Home","item":"https:\/\/dev6.erresse-shop.it\/"},{"@type":"ListItem","position":2,"name":"Boutique","item":"https:\/\/dev6.erresse-shop.it\/shop\/"},{"@type":"ListItem","position":3,"name":"ZWILLING Friteuse \u00e0 air 4 L Noir"}]},{"@type":"WebSite","@id":"https:\/\/dev6.erresse-shop.it\/#website","url":"https:\/\/dev6.erresse-shop.it\/","name":"Erresse Shop","description":"","publisher":{"@id":"https:\/\/dev6.erresse-shop.it\/#organization"},"potentialAction":[{"@type":"SearchAction","target":{"@type":"EntryPoint","urlTemplate":"https:\/\/dev6.erresse-shop.it\/?s={search_term_string}"},"query-input":{"@type":"PropertyValueSpecification","valueRequired":true,"valueName":"search_term_string"}}],"inLanguage":"fr-FR"},{"@type":"Organization","@id":"https:\/\/dev6.erresse-shop.it\/#organization","name":"Erresse Shop","url":"https:\/\/dev6.erresse-shop.it\/","logo":{"@type":"ImageObject","inLanguage":"fr-FR","@id":"https:\/\/dev6.erresse-shop.it\/#\/schema\/logo\/image\/","url":"https:\/\/dev6.erresse-shop.it\/wp-content\/uploads\/2025\/01\/LOGO-ERRESSE-CLASSICO.svg","contentUrl":"https:\/\/dev6.erresse-shop.it\/wp-content\/uploads\/2025\/01\/LOGO-ERRESSE-CLASSICO.svg","caption":"Erresse Shop"},"image":{"@id":"https:\/\/dev6.erresse-shop.it\/#\/schema\/logo\/image\/"}}]}},"df_price":89,"df_sale_price":89,"df_regular_price":139,"df_image_link":"https:\/\/i1.wp.com\/interpim.erresse-shop.it\/img-catalogo\/zwilling\/zwilling-friggitrice-ad-aria2.jpg?resize=300,300&ssl=1","fifu_image_url":"https:\/\/interpim.erresse-shop.it\/img-catalogo\/zwilling\/zwilling-friggitrice-ad-aria2.jpg","_links":{"self":[{"href":"https:\/\/dev6.erresse-shop.it\/fr\/wp-json\/wp\/v2\/product\/60640","targetHints":{"allow":["GET"]}}],"collection":[{"href":"https:\/\/dev6.erresse-shop.it\/fr\/wp-json\/wp\/v2\/product"}],"about":[{"href":"https:\/\/dev6.erresse-shop.it\/fr\/wp-json\/wp\/v2\/types\/product"}],"wp:featuredmedia":[{"embeddable":true,"href":"https:\/\/dev6.erresse-shop.it\/fr\/wp-json\/wp\/v2\/media\/6275390"}],"wp:attachment":[{"href":"https:\/\/dev6.erresse-shop.it\/fr\/wp-json\/wp\/v2\/media?parent=60640"}],"wp:term":[{"taxonomy":"product_cat","embeddable":true,"href":"https:\/\/dev6.erresse-shop.it\/fr\/wp-json\/wp\/v2\/product_cat?post=60640"},{"taxonomy":"product_tag","embeddable":true,"href":"https:\/\/dev6.erresse-shop.it\/fr\/wp-json\/wp\/v2\/product_tag?post=60640"}],"curies":[{"name":"wp","href":"https:\/\/api.w.org\/{rel}","templated":true}]}}