{"id":60638,"date":"2026-04-12T09:15:16","date_gmt":"2026-04-12T07:15:16","guid":{"rendered":"https:\/\/dev6.erresse-shop.it\/shop\/non%20class\u00e9\/coravin-timeless-aerateur-gris\/"},"modified":"2025-09-14T04:40:42","modified_gmt":"2025-09-14T02:40:42","slug":"coravin-timeless-aerateur-gris","status":"publish","type":"product","link":"https:\/\/dev6.erresse-shop.it\/fr\/shop\/table-fr-2\/vin\/aerateurs\/coravin-timeless-aerateur-gris\/","title":{"rendered":"CORAVIN Timeless A\u00e9rateur Gris"},"content":{"rendered":"<p>L\u2019a\u00e9rateur Coravin Timeless, con\u00e7u exclusivement pour les syst\u00e8mes de stockage du vin Coravin, est l\u2019accessoire id\u00e9al pour rehausser le go\u00fbt du vin. Cet accessoire unique a\u00e8re rapidement le vin pendant le versement, garantissant les m\u00eames r\u00e9sultats d\u2019aromaticit\u00e9, d\u2019homog\u00e9n\u00e9it\u00e9 et de douceur qu\u2019une d\u00e9cantation de 60-90 minutes. Non compatible avec le syst\u00e8me de conservation du vin Pivot\u00ae.<\/p>\n<p>Un moyen plus rapide d\u2019a\u00e9rer le vin<\/p>\n<p>Installer<br \/>\nPlacez l\u2019a\u00e9rateur sur le bec du syst\u00e8me Coravin.<\/p>\n<p>Pour<br \/>\nUtilisez le syst\u00e8me Coravin normalement, en versant directement \u00e0 travers l\u2019a\u00e9rateur.<\/p>\n<p>Design unique<br \/>\nLes 30 trous soigneusement positionn\u00e9s et de taille id\u00e9ale de l\u2019a\u00e9rateur optimisent le contact du vin avec l\u2019air.<\/p>\n<p>Vin doux et soyeux<br \/>\nL\u2019a\u00e9rateur expose rapidement de fins filets de vin \u00e0 l\u2019air pendant le versement, pour des r\u00e9sultats \u00e9quivalents \u00e0 une d\u00e9cantation d\u2019environ 60 \u00e0 90 minutes.<\/p>\n<p>Compatible avec le Coravin<br \/>\nL\u2019a\u00e9rateur peut \u00eatre mont\u00e9 en toute s\u00e9curit\u00e9 sur n\u2019importe quel syst\u00e8me Coravin, ce qui permet d\u2019a\u00e9rer n\u2019importe quel vin.<\/p>\n","protected":false},"excerpt":{"rendered":"<p>L\u2019a\u00e9rateur Coravin Timeless, con\u00e7u exclusivement pour les syst\u00e8mes de stockage du vin Coravin, est l\u2019accessoire id\u00e9al pour rehausser le go\u00fbt du vin. Cet accessoire unique a\u00e8re rapidement le vin pendant le versement, garantissant les m\u00eames r\u00e9sultats d\u2019aromaticit\u00e9, d\u2019homog\u00e9n\u00e9it\u00e9 et de douceur qu\u2019une d\u00e9cantation de 60-90 minutes. Non compatible avec le syst\u00e8me de conservation du vin [&hellip;]<\/p>\n","protected":false},"featured_media":6358649,"template":"","meta":{"_acf_changed":false},"product_cat":[12072,11995,12069],"product_tag":[],"class_list":{"0":"post-60638","1":"product","2":"type-product","3":"status-publish","4":"has-post-thumbnail","6":"product_cat-aerateurs","7":"product_cat-table-fr-2","8":"product_cat-vin","10":"first","11":"outofstock","12":"taxable","13":"shipping-taxable","14":"purchasable","15":"product-type-simple","swatches":"rey-swatches","show_selected":"","stretch_labels":"rey-swatches--stretch-labels"},"acf":[],"yoast_head":"<!-- This site is optimized with the Yoast SEO plugin v25.4 - https:\/\/yoast.com\/wordpress\/plugins\/seo\/ -->\n<title>CORAVIN Timeless A\u00e9rateur Gris - dev6 Erresse<\/title>\n<meta name=\"description\" content=\"L\u2019a\u00e9rateur Coravin Timeless, con\u00e7u exclusivement pour les syst\u00e8mes de stockage du vin Coravin, est l\u2019accessoire id\u00e9al pour rehausser le go\u00fbt du vin. Cet\" \/>\n<meta name=\"robots\" content=\"noindex, follow, max-snippet:-1, max-image-preview:large, max-video-preview:-1\" \/>\n<meta property=\"og:locale\" content=\"fr_FR\" \/>\n<meta property=\"og:type\" content=\"article\" \/>\n<meta property=\"og:title\" content=\"CORAVIN Timeless A\u00e9rateur Gris - dev6 Erresse\" \/>\n<meta property=\"og:description\" content=\"L\u2019a\u00e9rateur Coravin Timeless, con\u00e7u exclusivement pour les syst\u00e8mes de stockage du vin Coravin, est l\u2019accessoire id\u00e9al pour rehausser le go\u00fbt du vin. Cet\" \/>\n<meta property=\"og:url\" content=\"https:\/\/dev6.erresse-shop.it\/fr\/shop\/table-fr-2\/vin\/aerateurs\/coravin-timeless-aerateur-gris\/\" \/>\n<meta property=\"og:site_name\" content=\"dev6 Erresse\" \/>\n<meta property=\"og:image\" content=\"https:\/\/interpim.erresse-shop.it\/Import\/Prodotti\/4631019.jpg\" \/><meta property=\"og:image\" content=\"https:\/\/interpim.erresse-shop.it\/Import\/Prodotti\/4631019.jpg\" \/>\n\t<meta property=\"og:image:width\" content=\"1024\" \/>\n\t<meta property=\"og:image:height\" content=\"1024\" \/>\n\t<meta property=\"og:image:type\" content=\"image\/jpeg\" \/>\n<meta name=\"twitter:card\" content=\"summary_large_image\" \/>\n<meta name=\"twitter:image\" content=\"https:\/\/interpim.erresse-shop.it\/Import\/Prodotti\/4631019.jpg\" \/>\n<script type=\"application\/ld+json\" class=\"yoast-schema-graph\">{\"@context\":\"https:\/\/schema.org\",\"@graph\":[{\"@type\":\"WebPage\",\"@id\":\"https:\/\/dev6.erresse-shop.it\/fr\/shop\/table-fr-2\/vin\/aerateurs\/coravin-timeless-aerateur-gris\/\",\"url\":\"https:\/\/dev6.erresse-shop.it\/fr\/shop\/table-fr-2\/vin\/aerateurs\/coravin-timeless-aerateur-gris\/\",\"name\":\"CORAVIN Timeless A\u00e9rateur Gris - dev6 Erresse\",\"isPartOf\":{\"@id\":\"https:\/\/dev6.erresse-shop.it\/#website\"},\"primaryImageOfPage\":{\"@id\":\"https:\/\/dev6.erresse-shop.it\/fr\/shop\/table-fr-2\/vin\/aerateurs\/coravin-timeless-aerateur-gris\/#primaryimage\"},\"image\":{\"@id\":\"https:\/\/dev6.erresse-shop.it\/fr\/shop\/table-fr-2\/vin\/aerateurs\/coravin-timeless-aerateur-gris\/#primaryimage\"},\"thumbnailUrl\":\"https:\/\/i1.wp.com\/interpim.erresse-shop.it\/Import\/Prodotti\/4631019.jpg?ssl=1\",\"datePublished\":\"2026-04-12T07:15:16+00:00\",\"description\":\"L\u2019a\u00e9rateur Coravin Timeless, con\u00e7u exclusivement pour les syst\u00e8mes de stockage du vin Coravin, est l\u2019accessoire id\u00e9al pour rehausser le go\u00fbt du vin. Cet\",\"breadcrumb\":{\"@id\":\"https:\/\/dev6.erresse-shop.it\/fr\/shop\/table-fr-2\/vin\/aerateurs\/coravin-timeless-aerateur-gris\/#breadcrumb\"},\"inLanguage\":\"fr-FR\",\"potentialAction\":[{\"@type\":\"ReadAction\",\"target\":[\"https:\/\/dev6.erresse-shop.it\/fr\/shop\/table-fr-2\/vin\/aerateurs\/coravin-timeless-aerateur-gris\/\"]}]},{\"@type\":\"ImageObject\",\"inLanguage\":\"fr-FR\",\"@id\":\"https:\/\/dev6.erresse-shop.it\/fr\/shop\/table-fr-2\/vin\/aerateurs\/coravin-timeless-aerateur-gris\/#primaryimage\",\"url\":\"https:\/\/i1.wp.com\/interpim.erresse-shop.it\/Import\/Prodotti\/4631019.jpg?ssl=1\",\"contentUrl\":\"https:\/\/i1.wp.com\/interpim.erresse-shop.it\/Import\/Prodotti\/4631019.jpg?ssl=1\"},{\"@type\":\"BreadcrumbList\",\"@id\":\"https:\/\/dev6.erresse-shop.it\/fr\/shop\/table-fr-2\/vin\/aerateurs\/coravin-timeless-aerateur-gris\/#breadcrumb\",\"itemListElement\":[{\"@type\":\"ListItem\",\"position\":1,\"name\":\"Home\",\"item\":\"https:\/\/dev6.erresse-shop.it\/\"},{\"@type\":\"ListItem\",\"position\":2,\"name\":\"Boutique\",\"item\":\"https:\/\/dev6.erresse-shop.it\/shop\/\"},{\"@type\":\"ListItem\",\"position\":3,\"name\":\"CORAVIN Timeless A\u00e9rateur Gris\"}]},{\"@type\":\"WebSite\",\"@id\":\"https:\/\/dev6.erresse-shop.it\/#website\",\"url\":\"https:\/\/dev6.erresse-shop.it\/\",\"name\":\"Erresse Shop\",\"description\":\"\",\"publisher\":{\"@id\":\"https:\/\/dev6.erresse-shop.it\/#organization\"},\"potentialAction\":[{\"@type\":\"SearchAction\",\"target\":{\"@type\":\"EntryPoint\",\"urlTemplate\":\"https:\/\/dev6.erresse-shop.it\/?s={search_term_string}\"},\"query-input\":{\"@type\":\"PropertyValueSpecification\",\"valueRequired\":true,\"valueName\":\"search_term_string\"}}],\"inLanguage\":\"fr-FR\"},{\"@type\":\"Organization\",\"@id\":\"https:\/\/dev6.erresse-shop.it\/#organization\",\"name\":\"Erresse Shop\",\"url\":\"https:\/\/dev6.erresse-shop.it\/\",\"logo\":{\"@type\":\"ImageObject\",\"inLanguage\":\"fr-FR\",\"@id\":\"https:\/\/dev6.erresse-shop.it\/#\/schema\/logo\/image\/\",\"url\":\"https:\/\/dev6.erresse-shop.it\/wp-content\/uploads\/2025\/01\/LOGO-ERRESSE-CLASSICO.svg\",\"contentUrl\":\"https:\/\/dev6.erresse-shop.it\/wp-content\/uploads\/2025\/01\/LOGO-ERRESSE-CLASSICO.svg\",\"caption\":\"Erresse Shop\"},\"image\":{\"@id\":\"https:\/\/dev6.erresse-shop.it\/#\/schema\/logo\/image\/\"}}]}<\/script>\n<!-- \/ Yoast SEO plugin. -->","yoast_head_json":{"title":"CORAVIN Timeless A\u00e9rateur Gris - dev6 Erresse","description":"L\u2019a\u00e9rateur Coravin Timeless, con\u00e7u exclusivement pour les syst\u00e8mes de stockage du vin Coravin, est l\u2019accessoire id\u00e9al pour rehausser le go\u00fbt du vin. Cet","robots":{"index":"noindex","follow":"follow","max-snippet":"max-snippet:-1","max-image-preview":"max-image-preview:large","max-video-preview":"max-video-preview:-1"},"og_locale":"fr_FR","og_type":"article","og_title":"CORAVIN Timeless A\u00e9rateur Gris - dev6 Erresse","og_description":"L\u2019a\u00e9rateur Coravin Timeless, con\u00e7u exclusivement pour les syst\u00e8mes de stockage du vin Coravin, est l\u2019accessoire id\u00e9al pour rehausser le go\u00fbt du vin. Cet","og_url":"https:\/\/dev6.erresse-shop.it\/fr\/shop\/table-fr-2\/vin\/aerateurs\/coravin-timeless-aerateur-gris\/","og_site_name":"dev6 Erresse","og_image":[{"url":"https:\/\/interpim.erresse-shop.it\/Import\/Prodotti\/4631019.jpg","type":"","width":"","height":""},{"url":"https:\/\/interpim.erresse-shop.it\/Import\/Prodotti\/4631019.jpg","width":1024,"height":1024,"type":"image\/jpeg"}],"twitter_card":"summary_large_image","twitter_image":"https:\/\/interpim.erresse-shop.it\/Import\/Prodotti\/4631019.jpg","schema":{"@context":"https:\/\/schema.org","@graph":[{"@type":"WebPage","@id":"https:\/\/dev6.erresse-shop.it\/fr\/shop\/table-fr-2\/vin\/aerateurs\/coravin-timeless-aerateur-gris\/","url":"https:\/\/dev6.erresse-shop.it\/fr\/shop\/table-fr-2\/vin\/aerateurs\/coravin-timeless-aerateur-gris\/","name":"CORAVIN Timeless A\u00e9rateur Gris - dev6 Erresse","isPartOf":{"@id":"https:\/\/dev6.erresse-shop.it\/#website"},"primaryImageOfPage":{"@id":"https:\/\/dev6.erresse-shop.it\/fr\/shop\/table-fr-2\/vin\/aerateurs\/coravin-timeless-aerateur-gris\/#primaryimage"},"image":{"@id":"https:\/\/dev6.erresse-shop.it\/fr\/shop\/table-fr-2\/vin\/aerateurs\/coravin-timeless-aerateur-gris\/#primaryimage"},"thumbnailUrl":"https:\/\/i1.wp.com\/interpim.erresse-shop.it\/Import\/Prodotti\/4631019.jpg?ssl=1","datePublished":"2026-04-12T07:15:16+00:00","description":"L\u2019a\u00e9rateur Coravin Timeless, con\u00e7u exclusivement pour les syst\u00e8mes de stockage du vin Coravin, est l\u2019accessoire id\u00e9al pour rehausser le go\u00fbt du vin. Cet","breadcrumb":{"@id":"https:\/\/dev6.erresse-shop.it\/fr\/shop\/table-fr-2\/vin\/aerateurs\/coravin-timeless-aerateur-gris\/#breadcrumb"},"inLanguage":"fr-FR","potentialAction":[{"@type":"ReadAction","target":["https:\/\/dev6.erresse-shop.it\/fr\/shop\/table-fr-2\/vin\/aerateurs\/coravin-timeless-aerateur-gris\/"]}]},{"@type":"ImageObject","inLanguage":"fr-FR","@id":"https:\/\/dev6.erresse-shop.it\/fr\/shop\/table-fr-2\/vin\/aerateurs\/coravin-timeless-aerateur-gris\/#primaryimage","url":"https:\/\/i1.wp.com\/interpim.erresse-shop.it\/Import\/Prodotti\/4631019.jpg?ssl=1","contentUrl":"https:\/\/i1.wp.com\/interpim.erresse-shop.it\/Import\/Prodotti\/4631019.jpg?ssl=1"},{"@type":"BreadcrumbList","@id":"https:\/\/dev6.erresse-shop.it\/fr\/shop\/table-fr-2\/vin\/aerateurs\/coravin-timeless-aerateur-gris\/#breadcrumb","itemListElement":[{"@type":"ListItem","position":1,"name":"Home","item":"https:\/\/dev6.erresse-shop.it\/"},{"@type":"ListItem","position":2,"name":"Boutique","item":"https:\/\/dev6.erresse-shop.it\/shop\/"},{"@type":"ListItem","position":3,"name":"CORAVIN Timeless A\u00e9rateur Gris"}]},{"@type":"WebSite","@id":"https:\/\/dev6.erresse-shop.it\/#website","url":"https:\/\/dev6.erresse-shop.it\/","name":"Erresse Shop","description":"","publisher":{"@id":"https:\/\/dev6.erresse-shop.it\/#organization"},"potentialAction":[{"@type":"SearchAction","target":{"@type":"EntryPoint","urlTemplate":"https:\/\/dev6.erresse-shop.it\/?s={search_term_string}"},"query-input":{"@type":"PropertyValueSpecification","valueRequired":true,"valueName":"search_term_string"}}],"inLanguage":"fr-FR"},{"@type":"Organization","@id":"https:\/\/dev6.erresse-shop.it\/#organization","name":"Erresse Shop","url":"https:\/\/dev6.erresse-shop.it\/","logo":{"@type":"ImageObject","inLanguage":"fr-FR","@id":"https:\/\/dev6.erresse-shop.it\/#\/schema\/logo\/image\/","url":"https:\/\/dev6.erresse-shop.it\/wp-content\/uploads\/2025\/01\/LOGO-ERRESSE-CLASSICO.svg","contentUrl":"https:\/\/dev6.erresse-shop.it\/wp-content\/uploads\/2025\/01\/LOGO-ERRESSE-CLASSICO.svg","caption":"Erresse Shop"},"image":{"@id":"https:\/\/dev6.erresse-shop.it\/#\/schema\/logo\/image\/"}}]}},"df_price":69.99,"df_sale_price":"","df_regular_price":69.99,"df_image_link":"https:\/\/i1.wp.com\/interpim.erresse-shop.it\/Import\/Prodotti\/4631019.jpg?resize=300,300&ssl=1","fifu_image_url":"https:\/\/interpim.erresse-shop.it\/Import\/Prodotti\/4631019.jpg","_links":{"self":[{"href":"https:\/\/dev6.erresse-shop.it\/fr\/wp-json\/wp\/v2\/product\/60638","targetHints":{"allow":["GET"]}}],"collection":[{"href":"https:\/\/dev6.erresse-shop.it\/fr\/wp-json\/wp\/v2\/product"}],"about":[{"href":"https:\/\/dev6.erresse-shop.it\/fr\/wp-json\/wp\/v2\/types\/product"}],"wp:featuredmedia":[{"embeddable":true,"href":"https:\/\/dev6.erresse-shop.it\/fr\/wp-json\/wp\/v2\/media\/6358649"}],"wp:attachment":[{"href":"https:\/\/dev6.erresse-shop.it\/fr\/wp-json\/wp\/v2\/media?parent=60638"}],"wp:term":[{"taxonomy":"product_cat","embeddable":true,"href":"https:\/\/dev6.erresse-shop.it\/fr\/wp-json\/wp\/v2\/product_cat?post=60638"},{"taxonomy":"product_tag","embeddable":true,"href":"https:\/\/dev6.erresse-shop.it\/fr\/wp-json\/wp\/v2\/product_tag?post=60638"}],"curies":[{"name":"wp","href":"https:\/\/api.w.org\/{rel}","templated":true}]}}