{"id":60606,"date":"2026-04-12T09:15:16","date_gmt":"2026-04-12T07:15:16","guid":{"rendered":"https:\/\/dev6.erresse-shop.it\/shop\/non%20class\u00e9\/joseph-joseph-tota-panier-a-linge-60-litres-noir\/"},"modified":"2026-01-21T20:16:06","modified_gmt":"2026-01-21T19:16:06","slug":"joseph-joseph-tota-panier-a-linge-60-litres-noir","status":"publish","type":"product","link":"https:\/\/dev6.erresse-shop.it\/fr\/shop\/ameublement-maison\/salle-de-bain\/joseph-joseph-tota-panier-a-linge-60-litres-noir\/","title":{"rendered":"JOSEPH JOSEPH Tota Panier \u00e0 linge 60 litres Noir"},"content":{"rendered":"<p>Joseph Joseph, le premier fabricant mondial de produits pour la cuisine et la maison. Fond\u00e9 en 2003, Joseph Joseph fusionne un design innovant avec un style moderne. L\u2019utilisation de la couleur caract\u00e9rise ind\u00e9niablement les produits et le design soign\u00e9. les rend absolument fonctionnels et pratiques.<\/p>\n<p>Caract\u00e9ristiques:<br \/>\nR\u00e9duisez les corv\u00e9es de lessive en s\u00e9parant les articles clairs des articles fonc\u00e9s ou color\u00e9s, gr\u00e2ce aux deux compartiments de cet \u00e9l\u00e9gant panier \u00e0 linge.<br \/>\nDeux compartiments de 30 litres pour une s\u00e9paration facile des tissus<br \/>\nSacs en toile d\u00e9tachables avec poign\u00e9es faciles \u00e0 transporter<br \/>\nLa poign\u00e9e situ\u00e9e au bas des sacs facilite le vidage.<br \/>\nRetour rapide : les sacs sont automatiquement remis dans le panier.<br \/>\nParfait pour les chambres, les salles de bains ou les buanderies.<br \/>\nLivr\u00e9 emball\u00e9 avec des instructions de montage compl\u00e8tes<\/p>\n<p>Pr\u00e9cautions et utilisation<br \/>\nSacs en toile lavables en machine, v\u00e9rifiez l\u2019\u00e9tiquette de l\u2019article, retirez la doublure en plastique avant le lavage.<br \/>\nExt\u00e9rieur en tissu, lavage \u00e0 la main recommand\u00e9<br \/>\nCouvercle, ourlets et cadre : nettoyer avec un chiffon humide.<br \/>\n\u00c9vitez de vous asseoir ou de poser des objets lourds sur le panier<br \/>\nGardez le panier hors de port\u00e9e des enfants<br \/>\nL\u2019assemblage est requis par l\u2019utilisateur<\/p>\n<p>Dimensions :<br \/>\nH71 x L39,5 x P39,5 cm (H28 x L15\u00be x P15\u00be pouces)<br \/>\nComposition du tissu<br \/>\nSac en toile \u2013 100% coton<br \/>\nExt\u00e9rieur \u2013 100% polyester<\/p>\n","protected":false},"excerpt":{"rendered":"<p>Joseph Joseph, le premier fabricant mondial de produits pour la cuisine et la maison. Fond\u00e9 en 2003, Joseph Joseph fusionne un design innovant avec un style moderne. L\u2019utilisation de la couleur caract\u00e9rise ind\u00e9niablement les produits et le design soign\u00e9. les rend absolument fonctionnels et pratiques. Caract\u00e9ristiques: R\u00e9duisez les corv\u00e9es de lessive en s\u00e9parant les articles [&hellip;]<\/p>\n","protected":false},"featured_media":6358562,"template":"","meta":{"_acf_changed":false},"product_cat":[11990,12074],"product_tag":[],"class_list":{"0":"post-60606","1":"product","2":"type-product","3":"status-publish","4":"has-post-thumbnail","6":"product_cat-ameublement-maison","7":"product_cat-salle-de-bain","9":"first","10":"outofstock","11":"sale","12":"taxable","13":"shipping-taxable","14":"purchasable","15":"product-type-simple","swatches":"rey-swatches","show_selected":"","stretch_labels":"rey-swatches--stretch-labels"},"acf":[],"yoast_head":"<!-- This site is optimized with the Yoast SEO plugin v25.4 - https:\/\/yoast.com\/wordpress\/plugins\/seo\/ -->\n<title>JOSEPH JOSEPH Tota Panier \u00e0 linge 60 litres Noir - dev6 Erresse<\/title>\n<meta name=\"description\" content=\"Joseph Joseph, le premier fabricant mondial de produits pour la cuisine et la maison. Fond\u00e9 en 2003, Joseph Joseph fusionne un design innovant avec un\" \/>\n<meta name=\"robots\" content=\"noindex, follow, max-snippet:-1, max-image-preview:large, max-video-preview:-1\" \/>\n<meta property=\"og:locale\" content=\"fr_FR\" \/>\n<meta property=\"og:type\" content=\"article\" \/>\n<meta property=\"og:title\" content=\"JOSEPH JOSEPH Tota Panier \u00e0 linge 60 litres Noir - dev6 Erresse\" \/>\n<meta property=\"og:description\" content=\"Joseph Joseph, le premier fabricant mondial de produits pour la cuisine et la maison. Fond\u00e9 en 2003, Joseph Joseph fusionne un design innovant avec un\" \/>\n<meta property=\"og:url\" content=\"https:\/\/dev6.erresse-shop.it\/fr\/shop\/ameublement-maison\/salle-de-bain\/joseph-joseph-tota-panier-a-linge-60-litres-noir\/\" \/>\n<meta property=\"og:site_name\" content=\"dev6 Erresse\" \/>\n<meta property=\"og:image\" content=\"https:\/\/interpim.erresse-shop.it\/Import\/Prodotti\/joseph-joseph-tota-cesto-da-biancheria-60-litri-nero.jpg\" \/><meta property=\"og:image\" content=\"https:\/\/interpim.erresse-shop.it\/Import\/Prodotti\/joseph-joseph-tota-cesto-da-biancheria-60-litri-nero.jpg\" \/>\n\t<meta property=\"og:image:width\" content=\"1024\" \/>\n\t<meta property=\"og:image:height\" content=\"1024\" \/>\n\t<meta property=\"og:image:type\" content=\"image\/jpeg\" \/>\n<meta name=\"twitter:card\" content=\"summary_large_image\" \/>\n<meta name=\"twitter:image\" content=\"https:\/\/interpim.erresse-shop.it\/Import\/Prodotti\/joseph-joseph-tota-cesto-da-biancheria-60-litri-nero.jpg\" \/>\n<script type=\"application\/ld+json\" class=\"yoast-schema-graph\">{\"@context\":\"https:\/\/schema.org\",\"@graph\":[{\"@type\":\"WebPage\",\"@id\":\"https:\/\/dev6.erresse-shop.it\/fr\/shop\/ameublement-maison\/salle-de-bain\/joseph-joseph-tota-panier-a-linge-60-litres-noir\/\",\"url\":\"https:\/\/dev6.erresse-shop.it\/fr\/shop\/ameublement-maison\/salle-de-bain\/joseph-joseph-tota-panier-a-linge-60-litres-noir\/\",\"name\":\"JOSEPH JOSEPH Tota Panier \u00e0 linge 60 litres Noir - dev6 Erresse\",\"isPartOf\":{\"@id\":\"https:\/\/dev6.erresse-shop.it\/#website\"},\"primaryImageOfPage\":{\"@id\":\"https:\/\/dev6.erresse-shop.it\/fr\/shop\/ameublement-maison\/salle-de-bain\/joseph-joseph-tota-panier-a-linge-60-litres-noir\/#primaryimage\"},\"image\":{\"@id\":\"https:\/\/dev6.erresse-shop.it\/fr\/shop\/ameublement-maison\/salle-de-bain\/joseph-joseph-tota-panier-a-linge-60-litres-noir\/#primaryimage\"},\"thumbnailUrl\":\"https:\/\/i3.wp.com\/interpim.erresse-shop.it\/Import\/Prodotti\/joseph-joseph-tota-cesto-da-biancheria-60-litri-nero.jpg?ssl=1\",\"datePublished\":\"2026-04-12T07:15:16+00:00\",\"description\":\"Joseph Joseph, le premier fabricant mondial de produits pour la cuisine et la maison. Fond\u00e9 en 2003, Joseph Joseph fusionne un design innovant avec un\",\"breadcrumb\":{\"@id\":\"https:\/\/dev6.erresse-shop.it\/fr\/shop\/ameublement-maison\/salle-de-bain\/joseph-joseph-tota-panier-a-linge-60-litres-noir\/#breadcrumb\"},\"inLanguage\":\"fr-FR\",\"potentialAction\":[{\"@type\":\"ReadAction\",\"target\":[\"https:\/\/dev6.erresse-shop.it\/fr\/shop\/ameublement-maison\/salle-de-bain\/joseph-joseph-tota-panier-a-linge-60-litres-noir\/\"]}]},{\"@type\":\"ImageObject\",\"inLanguage\":\"fr-FR\",\"@id\":\"https:\/\/dev6.erresse-shop.it\/fr\/shop\/ameublement-maison\/salle-de-bain\/joseph-joseph-tota-panier-a-linge-60-litres-noir\/#primaryimage\",\"url\":\"https:\/\/i3.wp.com\/interpim.erresse-shop.it\/Import\/Prodotti\/joseph-joseph-tota-cesto-da-biancheria-60-litri-nero.jpg?ssl=1\",\"contentUrl\":\"https:\/\/i3.wp.com\/interpim.erresse-shop.it\/Import\/Prodotti\/joseph-joseph-tota-cesto-da-biancheria-60-litri-nero.jpg?ssl=1\"},{\"@type\":\"BreadcrumbList\",\"@id\":\"https:\/\/dev6.erresse-shop.it\/fr\/shop\/ameublement-maison\/salle-de-bain\/joseph-joseph-tota-panier-a-linge-60-litres-noir\/#breadcrumb\",\"itemListElement\":[{\"@type\":\"ListItem\",\"position\":1,\"name\":\"Home\",\"item\":\"https:\/\/dev6.erresse-shop.it\/\"},{\"@type\":\"ListItem\",\"position\":2,\"name\":\"Boutique\",\"item\":\"https:\/\/dev6.erresse-shop.it\/shop\/\"},{\"@type\":\"ListItem\",\"position\":3,\"name\":\"JOSEPH JOSEPH Tota Panier \u00e0 linge 60 litres Noir\"}]},{\"@type\":\"WebSite\",\"@id\":\"https:\/\/dev6.erresse-shop.it\/#website\",\"url\":\"https:\/\/dev6.erresse-shop.it\/\",\"name\":\"Erresse Shop\",\"description\":\"\",\"publisher\":{\"@id\":\"https:\/\/dev6.erresse-shop.it\/#organization\"},\"potentialAction\":[{\"@type\":\"SearchAction\",\"target\":{\"@type\":\"EntryPoint\",\"urlTemplate\":\"https:\/\/dev6.erresse-shop.it\/?s={search_term_string}\"},\"query-input\":{\"@type\":\"PropertyValueSpecification\",\"valueRequired\":true,\"valueName\":\"search_term_string\"}}],\"inLanguage\":\"fr-FR\"},{\"@type\":\"Organization\",\"@id\":\"https:\/\/dev6.erresse-shop.it\/#organization\",\"name\":\"Erresse Shop\",\"url\":\"https:\/\/dev6.erresse-shop.it\/\",\"logo\":{\"@type\":\"ImageObject\",\"inLanguage\":\"fr-FR\",\"@id\":\"https:\/\/dev6.erresse-shop.it\/#\/schema\/logo\/image\/\",\"url\":\"https:\/\/dev6.erresse-shop.it\/wp-content\/uploads\/2025\/01\/LOGO-ERRESSE-CLASSICO.svg\",\"contentUrl\":\"https:\/\/dev6.erresse-shop.it\/wp-content\/uploads\/2025\/01\/LOGO-ERRESSE-CLASSICO.svg\",\"caption\":\"Erresse Shop\"},\"image\":{\"@id\":\"https:\/\/dev6.erresse-shop.it\/#\/schema\/logo\/image\/\"}}]}<\/script>\n<!-- \/ Yoast SEO plugin. -->","yoast_head_json":{"title":"JOSEPH JOSEPH Tota Panier \u00e0 linge 60 litres Noir - dev6 Erresse","description":"Joseph Joseph, le premier fabricant mondial de produits pour la cuisine et la maison. Fond\u00e9 en 2003, Joseph Joseph fusionne un design innovant avec un","robots":{"index":"noindex","follow":"follow","max-snippet":"max-snippet:-1","max-image-preview":"max-image-preview:large","max-video-preview":"max-video-preview:-1"},"og_locale":"fr_FR","og_type":"article","og_title":"JOSEPH JOSEPH Tota Panier \u00e0 linge 60 litres Noir - dev6 Erresse","og_description":"Joseph Joseph, le premier fabricant mondial de produits pour la cuisine et la maison. Fond\u00e9 en 2003, Joseph Joseph fusionne un design innovant avec un","og_url":"https:\/\/dev6.erresse-shop.it\/fr\/shop\/ameublement-maison\/salle-de-bain\/joseph-joseph-tota-panier-a-linge-60-litres-noir\/","og_site_name":"dev6 Erresse","og_image":[{"url":"https:\/\/interpim.erresse-shop.it\/Import\/Prodotti\/joseph-joseph-tota-cesto-da-biancheria-60-litri-nero.jpg","type":"","width":"","height":""},{"url":"https:\/\/interpim.erresse-shop.it\/Import\/Prodotti\/joseph-joseph-tota-cesto-da-biancheria-60-litri-nero.jpg","width":1024,"height":1024,"type":"image\/jpeg"}],"twitter_card":"summary_large_image","twitter_image":"https:\/\/interpim.erresse-shop.it\/Import\/Prodotti\/joseph-joseph-tota-cesto-da-biancheria-60-litri-nero.jpg","schema":{"@context":"https:\/\/schema.org","@graph":[{"@type":"WebPage","@id":"https:\/\/dev6.erresse-shop.it\/fr\/shop\/ameublement-maison\/salle-de-bain\/joseph-joseph-tota-panier-a-linge-60-litres-noir\/","url":"https:\/\/dev6.erresse-shop.it\/fr\/shop\/ameublement-maison\/salle-de-bain\/joseph-joseph-tota-panier-a-linge-60-litres-noir\/","name":"JOSEPH JOSEPH Tota Panier \u00e0 linge 60 litres Noir - dev6 Erresse","isPartOf":{"@id":"https:\/\/dev6.erresse-shop.it\/#website"},"primaryImageOfPage":{"@id":"https:\/\/dev6.erresse-shop.it\/fr\/shop\/ameublement-maison\/salle-de-bain\/joseph-joseph-tota-panier-a-linge-60-litres-noir\/#primaryimage"},"image":{"@id":"https:\/\/dev6.erresse-shop.it\/fr\/shop\/ameublement-maison\/salle-de-bain\/joseph-joseph-tota-panier-a-linge-60-litres-noir\/#primaryimage"},"thumbnailUrl":"https:\/\/i3.wp.com\/interpim.erresse-shop.it\/Import\/Prodotti\/joseph-joseph-tota-cesto-da-biancheria-60-litri-nero.jpg?ssl=1","datePublished":"2026-04-12T07:15:16+00:00","description":"Joseph Joseph, le premier fabricant mondial de produits pour la cuisine et la maison. Fond\u00e9 en 2003, Joseph Joseph fusionne un design innovant avec un","breadcrumb":{"@id":"https:\/\/dev6.erresse-shop.it\/fr\/shop\/ameublement-maison\/salle-de-bain\/joseph-joseph-tota-panier-a-linge-60-litres-noir\/#breadcrumb"},"inLanguage":"fr-FR","potentialAction":[{"@type":"ReadAction","target":["https:\/\/dev6.erresse-shop.it\/fr\/shop\/ameublement-maison\/salle-de-bain\/joseph-joseph-tota-panier-a-linge-60-litres-noir\/"]}]},{"@type":"ImageObject","inLanguage":"fr-FR","@id":"https:\/\/dev6.erresse-shop.it\/fr\/shop\/ameublement-maison\/salle-de-bain\/joseph-joseph-tota-panier-a-linge-60-litres-noir\/#primaryimage","url":"https:\/\/i3.wp.com\/interpim.erresse-shop.it\/Import\/Prodotti\/joseph-joseph-tota-cesto-da-biancheria-60-litri-nero.jpg?ssl=1","contentUrl":"https:\/\/i3.wp.com\/interpim.erresse-shop.it\/Import\/Prodotti\/joseph-joseph-tota-cesto-da-biancheria-60-litri-nero.jpg?ssl=1"},{"@type":"BreadcrumbList","@id":"https:\/\/dev6.erresse-shop.it\/fr\/shop\/ameublement-maison\/salle-de-bain\/joseph-joseph-tota-panier-a-linge-60-litres-noir\/#breadcrumb","itemListElement":[{"@type":"ListItem","position":1,"name":"Home","item":"https:\/\/dev6.erresse-shop.it\/"},{"@type":"ListItem","position":2,"name":"Boutique","item":"https:\/\/dev6.erresse-shop.it\/shop\/"},{"@type":"ListItem","position":3,"name":"JOSEPH JOSEPH Tota Panier \u00e0 linge 60 litres Noir"}]},{"@type":"WebSite","@id":"https:\/\/dev6.erresse-shop.it\/#website","url":"https:\/\/dev6.erresse-shop.it\/","name":"Erresse Shop","description":"","publisher":{"@id":"https:\/\/dev6.erresse-shop.it\/#organization"},"potentialAction":[{"@type":"SearchAction","target":{"@type":"EntryPoint","urlTemplate":"https:\/\/dev6.erresse-shop.it\/?s={search_term_string}"},"query-input":{"@type":"PropertyValueSpecification","valueRequired":true,"valueName":"search_term_string"}}],"inLanguage":"fr-FR"},{"@type":"Organization","@id":"https:\/\/dev6.erresse-shop.it\/#organization","name":"Erresse Shop","url":"https:\/\/dev6.erresse-shop.it\/","logo":{"@type":"ImageObject","inLanguage":"fr-FR","@id":"https:\/\/dev6.erresse-shop.it\/#\/schema\/logo\/image\/","url":"https:\/\/dev6.erresse-shop.it\/wp-content\/uploads\/2025\/01\/LOGO-ERRESSE-CLASSICO.svg","contentUrl":"https:\/\/dev6.erresse-shop.it\/wp-content\/uploads\/2025\/01\/LOGO-ERRESSE-CLASSICO.svg","caption":"Erresse Shop"},"image":{"@id":"https:\/\/dev6.erresse-shop.it\/#\/schema\/logo\/image\/"}}]}},"df_price":84,"df_sale_price":84,"df_regular_price":119.99,"df_image_link":"https:\/\/i3.wp.com\/interpim.erresse-shop.it\/Import\/Prodotti\/joseph-joseph-tota-cesto-da-biancheria-60-litri-nero.jpg?resize=300,300&ssl=1","fifu_image_url":"https:\/\/interpim.erresse-shop.it\/Import\/Prodotti\/joseph-joseph-tota-cesto-da-biancheria-60-litri-nero.jpg","_links":{"self":[{"href":"https:\/\/dev6.erresse-shop.it\/fr\/wp-json\/wp\/v2\/product\/60606","targetHints":{"allow":["GET"]}}],"collection":[{"href":"https:\/\/dev6.erresse-shop.it\/fr\/wp-json\/wp\/v2\/product"}],"about":[{"href":"https:\/\/dev6.erresse-shop.it\/fr\/wp-json\/wp\/v2\/types\/product"}],"wp:featuredmedia":[{"embeddable":true,"href":"https:\/\/dev6.erresse-shop.it\/fr\/wp-json\/wp\/v2\/media\/6358562"}],"wp:attachment":[{"href":"https:\/\/dev6.erresse-shop.it\/fr\/wp-json\/wp\/v2\/media?parent=60606"}],"wp:term":[{"taxonomy":"product_cat","embeddable":true,"href":"https:\/\/dev6.erresse-shop.it\/fr\/wp-json\/wp\/v2\/product_cat?post=60606"},{"taxonomy":"product_tag","embeddable":true,"href":"https:\/\/dev6.erresse-shop.it\/fr\/wp-json\/wp\/v2\/product_tag?post=60606"}],"curies":[{"name":"wp","href":"https:\/\/api.w.org\/{rel}","templated":true}]}}