{"id":60602,"date":"2026-04-04T09:13:28","date_gmt":"2026-04-04T07:13:28","guid":{"rendered":"https:\/\/dev6.erresse-shop.it\/shop\/non%20class\u00e9\/sambonet-36-pieces-de-service-monobloc-velvet-acier-mirror\/"},"modified":"2025-07-04T16:39:44","modified_gmt":"2025-07-04T14:39:44","slug":"sambonet-36-pieces-de-service-monobloc-velvet-acier-mirror","status":"publish","type":"product","link":"https:\/\/dev6.erresse-shop.it\/fr\/shop\/table-fr-2\/couverts\/sambonet-36-pieces-de-service-monobloc-velvet-acier-mirror\/","title":{"rendered":"SAMBONET 36 pi\u00e8ces de service Monobloc Velvet Acier Mirror"},"content":{"rendered":"<p>Description<br \/>\nLignes sinueuses et design \u00e9quilibr\u00e9.<br \/>\nLe style contemporain minimaliste et chic peut \u00eatre associ\u00e9 \u00e0 tout type de table.<br \/>\n\u00c9paisseur de 4 mm.<br \/>\nFabriqu\u00e9s en acier inoxydable 18\/10 de haute qualit\u00e9 et lavables au lave-vaisselle.<br \/>\nLes couverts Sambonet Velvet s\u2019inscrivent dans la philosophie du chic minimal, o\u00f9 l\u2019harmonie des formes r\u00e9pond \u00e0 une esth\u00e9tique simple et raffin\u00e9e, id\u00e9ale pour les tables d\u00e9contract\u00e9es et contemporaines.<\/p>\n<p>Sp\u00e9cifications techniques<br \/>\nMarque : Sambonet<br \/>\nCollection : Velvet<br \/>\nMat\u00e9riau : Acier inoxydable<br \/>\nD\u00e9cor : Edelstahl 18\/10<br \/>\nNombre d\u2019articles dans le set : 36<br \/>\nSet compos\u00e9 de : 6 cuill\u00e8res de table, 6 fourchettes de table, 6 couteaux de table, 6 fourchettes \u00e0 dessert, 6 couteaux \u00e0 dessert, 6 cuill\u00e8res \u00e0 th\u00e9.<br \/>\nPour combien de personnes : 6<br \/>\nNum\u00e9ro d\u2019article : 52512-83<br \/>\nAnn\u00e9e d\u2019introduction : 2021<\/p>\n<p>Dimensions<br \/>\nPoids de l\u2019article : 3,12 kg<br \/>\nHauteur du paquet : 5,20 cm<br \/>\nLongueur du paquet : 59,40 cm<br \/>\nLargeur du paquet : 35,70 cm<br \/>\nPoids du paquet : 3,12 kg<\/p>\n","protected":false},"excerpt":{"rendered":"<p>Description Lignes sinueuses et design \u00e9quilibr\u00e9. Le style contemporain minimaliste et chic peut \u00eatre associ\u00e9 \u00e0 tout type de table. \u00c9paisseur de 4 mm. Fabriqu\u00e9s en acier inoxydable 18\/10 de haute qualit\u00e9 et lavables au lave-vaisselle. Les couverts Sambonet Velvet s\u2019inscrivent dans la philosophie du chic minimal, o\u00f9 l\u2019harmonie des formes r\u00e9pond \u00e0 une esth\u00e9tique [&hellip;]<\/p>\n","protected":false},"featured_media":6275244,"template":"","meta":{"_acf_changed":false},"product_cat":[11996,11995,11671],"product_tag":[],"class_list":{"0":"post-60602","1":"product","2":"type-product","3":"status-publish","4":"has-post-thumbnail","6":"product_cat-couverts","7":"product_cat-table-fr-2","8":"product_cat-tavola","10":"first","11":"outofstock","12":"taxable","13":"shipping-taxable","14":"product-type-simple","swatches":"rey-swatches","show_selected":"","stretch_labels":"rey-swatches--stretch-labels"},"acf":[],"yoast_head":"<!-- This site is optimized with the Yoast SEO plugin v25.4 - https:\/\/yoast.com\/wordpress\/plugins\/seo\/ -->\n<title>SAMBONET 36 pi\u00e8ces de service Monobloc Velvet Acier Mirror - dev6 Erresse<\/title>\n<meta name=\"description\" content=\"Description Lignes sinueuses et design \u00e9quilibr\u00e9. Le style contemporain minimaliste et chic peut \u00eatre associ\u00e9 \u00e0 tout type de table. \u00c9paisseur de 4 mm.\" \/>\n<meta name=\"robots\" content=\"noindex, follow, max-snippet:-1, max-image-preview:large, max-video-preview:-1\" \/>\n<meta property=\"og:locale\" content=\"fr_FR\" \/>\n<meta property=\"og:type\" content=\"article\" \/>\n<meta property=\"og:title\" content=\"SAMBONET 36 pi\u00e8ces de service Monobloc Velvet Acier Mirror - dev6 Erresse\" \/>\n<meta property=\"og:description\" content=\"Description Lignes sinueuses et design \u00e9quilibr\u00e9. Le style contemporain minimaliste et chic peut \u00eatre associ\u00e9 \u00e0 tout type de table. \u00c9paisseur de 4 mm.\" \/>\n<meta property=\"og:url\" content=\"https:\/\/dev6.erresse-shop.it\/fr\/shop\/table-fr-2\/couverts\/sambonet-36-pieces-de-service-monobloc-velvet-acier-mirror\/\" \/>\n<meta property=\"og:site_name\" content=\"dev6 Erresse\" \/>\n<meta property=\"og:image\" content=\"https:\/\/interpim.erresse-shop.it\/Import\/Prodotti\/sambonet-servizio-36-pezzi-monoblocco-velvet-inox.jpg\" \/><meta property=\"og:image\" content=\"https:\/\/interpim.erresse-shop.it\/Import\/Prodotti\/sambonet-servizio-36-pezzi-monoblocco-velvet-inox.jpg\" \/>\n\t<meta property=\"og:image:width\" content=\"1024\" \/>\n\t<meta property=\"og:image:height\" content=\"1024\" \/>\n\t<meta property=\"og:image:type\" content=\"image\/jpeg\" \/>\n<meta name=\"twitter:card\" content=\"summary_large_image\" \/>\n<meta name=\"twitter:image\" content=\"https:\/\/interpim.erresse-shop.it\/Import\/Prodotti\/sambonet-servizio-36-pezzi-monoblocco-velvet-inox.jpg\" \/>\n<script type=\"application\/ld+json\" class=\"yoast-schema-graph\">{\"@context\":\"https:\/\/schema.org\",\"@graph\":[{\"@type\":\"WebPage\",\"@id\":\"https:\/\/dev6.erresse-shop.it\/fr\/shop\/table-fr-2\/couverts\/sambonet-36-pieces-de-service-monobloc-velvet-acier-mirror\/\",\"url\":\"https:\/\/dev6.erresse-shop.it\/fr\/shop\/table-fr-2\/couverts\/sambonet-36-pieces-de-service-monobloc-velvet-acier-mirror\/\",\"name\":\"SAMBONET 36 pi\u00e8ces de service Monobloc Velvet Acier Mirror - dev6 Erresse\",\"isPartOf\":{\"@id\":\"https:\/\/dev6.erresse-shop.it\/#website\"},\"primaryImageOfPage\":{\"@id\":\"https:\/\/dev6.erresse-shop.it\/fr\/shop\/table-fr-2\/couverts\/sambonet-36-pieces-de-service-monobloc-velvet-acier-mirror\/#primaryimage\"},\"image\":{\"@id\":\"https:\/\/dev6.erresse-shop.it\/fr\/shop\/table-fr-2\/couverts\/sambonet-36-pieces-de-service-monobloc-velvet-acier-mirror\/#primaryimage\"},\"thumbnailUrl\":\"https:\/\/i1.wp.com\/interpim.erresse-shop.it\/Import\/Prodotti\/sambonet-servizio-36-pezzi-monoblocco-velvet-inox.jpg?ssl=1\",\"datePublished\":\"2026-04-04T07:13:28+00:00\",\"description\":\"Description Lignes sinueuses et design \u00e9quilibr\u00e9. Le style contemporain minimaliste et chic peut \u00eatre associ\u00e9 \u00e0 tout type de table. \u00c9paisseur de 4 mm.\",\"breadcrumb\":{\"@id\":\"https:\/\/dev6.erresse-shop.it\/fr\/shop\/table-fr-2\/couverts\/sambonet-36-pieces-de-service-monobloc-velvet-acier-mirror\/#breadcrumb\"},\"inLanguage\":\"fr-FR\",\"potentialAction\":[{\"@type\":\"ReadAction\",\"target\":[\"https:\/\/dev6.erresse-shop.it\/fr\/shop\/table-fr-2\/couverts\/sambonet-36-pieces-de-service-monobloc-velvet-acier-mirror\/\"]}]},{\"@type\":\"ImageObject\",\"inLanguage\":\"fr-FR\",\"@id\":\"https:\/\/dev6.erresse-shop.it\/fr\/shop\/table-fr-2\/couverts\/sambonet-36-pieces-de-service-monobloc-velvet-acier-mirror\/#primaryimage\",\"url\":\"https:\/\/i1.wp.com\/interpim.erresse-shop.it\/Import\/Prodotti\/sambonet-servizio-36-pezzi-monoblocco-velvet-inox.jpg?ssl=1\",\"contentUrl\":\"https:\/\/i1.wp.com\/interpim.erresse-shop.it\/Import\/Prodotti\/sambonet-servizio-36-pezzi-monoblocco-velvet-inox.jpg?ssl=1\"},{\"@type\":\"BreadcrumbList\",\"@id\":\"https:\/\/dev6.erresse-shop.it\/fr\/shop\/table-fr-2\/couverts\/sambonet-36-pieces-de-service-monobloc-velvet-acier-mirror\/#breadcrumb\",\"itemListElement\":[{\"@type\":\"ListItem\",\"position\":1,\"name\":\"Home\",\"item\":\"https:\/\/dev6.erresse-shop.it\/\"},{\"@type\":\"ListItem\",\"position\":2,\"name\":\"Boutique\",\"item\":\"https:\/\/dev6.erresse-shop.it\/shop\/\"},{\"@type\":\"ListItem\",\"position\":3,\"name\":\"SAMBONET 36 pi\u00e8ces de service Monobloc Velvet Acier Mirror\"}]},{\"@type\":\"WebSite\",\"@id\":\"https:\/\/dev6.erresse-shop.it\/#website\",\"url\":\"https:\/\/dev6.erresse-shop.it\/\",\"name\":\"Erresse Shop\",\"description\":\"\",\"publisher\":{\"@id\":\"https:\/\/dev6.erresse-shop.it\/#organization\"},\"potentialAction\":[{\"@type\":\"SearchAction\",\"target\":{\"@type\":\"EntryPoint\",\"urlTemplate\":\"https:\/\/dev6.erresse-shop.it\/?s={search_term_string}\"},\"query-input\":{\"@type\":\"PropertyValueSpecification\",\"valueRequired\":true,\"valueName\":\"search_term_string\"}}],\"inLanguage\":\"fr-FR\"},{\"@type\":\"Organization\",\"@id\":\"https:\/\/dev6.erresse-shop.it\/#organization\",\"name\":\"Erresse Shop\",\"url\":\"https:\/\/dev6.erresse-shop.it\/\",\"logo\":{\"@type\":\"ImageObject\",\"inLanguage\":\"fr-FR\",\"@id\":\"https:\/\/dev6.erresse-shop.it\/#\/schema\/logo\/image\/\",\"url\":\"https:\/\/dev6.erresse-shop.it\/wp-content\/uploads\/2025\/01\/LOGO-ERRESSE-CLASSICO.svg\",\"contentUrl\":\"https:\/\/dev6.erresse-shop.it\/wp-content\/uploads\/2025\/01\/LOGO-ERRESSE-CLASSICO.svg\",\"caption\":\"Erresse Shop\"},\"image\":{\"@id\":\"https:\/\/dev6.erresse-shop.it\/#\/schema\/logo\/image\/\"}}]}<\/script>\n<!-- \/ Yoast SEO plugin. -->","yoast_head_json":{"title":"SAMBONET 36 pi\u00e8ces de service Monobloc Velvet Acier Mirror - dev6 Erresse","description":"Description Lignes sinueuses et design \u00e9quilibr\u00e9. Le style contemporain minimaliste et chic peut \u00eatre associ\u00e9 \u00e0 tout type de table. \u00c9paisseur de 4 mm.","robots":{"index":"noindex","follow":"follow","max-snippet":"max-snippet:-1","max-image-preview":"max-image-preview:large","max-video-preview":"max-video-preview:-1"},"og_locale":"fr_FR","og_type":"article","og_title":"SAMBONET 36 pi\u00e8ces de service Monobloc Velvet Acier Mirror - dev6 Erresse","og_description":"Description Lignes sinueuses et design \u00e9quilibr\u00e9. Le style contemporain minimaliste et chic peut \u00eatre associ\u00e9 \u00e0 tout type de table. \u00c9paisseur de 4 mm.","og_url":"https:\/\/dev6.erresse-shop.it\/fr\/shop\/table-fr-2\/couverts\/sambonet-36-pieces-de-service-monobloc-velvet-acier-mirror\/","og_site_name":"dev6 Erresse","og_image":[{"url":"https:\/\/interpim.erresse-shop.it\/Import\/Prodotti\/sambonet-servizio-36-pezzi-monoblocco-velvet-inox.jpg","type":"","width":"","height":""},{"url":"https:\/\/interpim.erresse-shop.it\/Import\/Prodotti\/sambonet-servizio-36-pezzi-monoblocco-velvet-inox.jpg","width":1024,"height":1024,"type":"image\/jpeg"}],"twitter_card":"summary_large_image","twitter_image":"https:\/\/interpim.erresse-shop.it\/Import\/Prodotti\/sambonet-servizio-36-pezzi-monoblocco-velvet-inox.jpg","schema":{"@context":"https:\/\/schema.org","@graph":[{"@type":"WebPage","@id":"https:\/\/dev6.erresse-shop.it\/fr\/shop\/table-fr-2\/couverts\/sambonet-36-pieces-de-service-monobloc-velvet-acier-mirror\/","url":"https:\/\/dev6.erresse-shop.it\/fr\/shop\/table-fr-2\/couverts\/sambonet-36-pieces-de-service-monobloc-velvet-acier-mirror\/","name":"SAMBONET 36 pi\u00e8ces de service Monobloc Velvet Acier Mirror - dev6 Erresse","isPartOf":{"@id":"https:\/\/dev6.erresse-shop.it\/#website"},"primaryImageOfPage":{"@id":"https:\/\/dev6.erresse-shop.it\/fr\/shop\/table-fr-2\/couverts\/sambonet-36-pieces-de-service-monobloc-velvet-acier-mirror\/#primaryimage"},"image":{"@id":"https:\/\/dev6.erresse-shop.it\/fr\/shop\/table-fr-2\/couverts\/sambonet-36-pieces-de-service-monobloc-velvet-acier-mirror\/#primaryimage"},"thumbnailUrl":"https:\/\/i1.wp.com\/interpim.erresse-shop.it\/Import\/Prodotti\/sambonet-servizio-36-pezzi-monoblocco-velvet-inox.jpg?ssl=1","datePublished":"2026-04-04T07:13:28+00:00","description":"Description Lignes sinueuses et design \u00e9quilibr\u00e9. Le style contemporain minimaliste et chic peut \u00eatre associ\u00e9 \u00e0 tout type de table. \u00c9paisseur de 4 mm.","breadcrumb":{"@id":"https:\/\/dev6.erresse-shop.it\/fr\/shop\/table-fr-2\/couverts\/sambonet-36-pieces-de-service-monobloc-velvet-acier-mirror\/#breadcrumb"},"inLanguage":"fr-FR","potentialAction":[{"@type":"ReadAction","target":["https:\/\/dev6.erresse-shop.it\/fr\/shop\/table-fr-2\/couverts\/sambonet-36-pieces-de-service-monobloc-velvet-acier-mirror\/"]}]},{"@type":"ImageObject","inLanguage":"fr-FR","@id":"https:\/\/dev6.erresse-shop.it\/fr\/shop\/table-fr-2\/couverts\/sambonet-36-pieces-de-service-monobloc-velvet-acier-mirror\/#primaryimage","url":"https:\/\/i1.wp.com\/interpim.erresse-shop.it\/Import\/Prodotti\/sambonet-servizio-36-pezzi-monoblocco-velvet-inox.jpg?ssl=1","contentUrl":"https:\/\/i1.wp.com\/interpim.erresse-shop.it\/Import\/Prodotti\/sambonet-servizio-36-pezzi-monoblocco-velvet-inox.jpg?ssl=1"},{"@type":"BreadcrumbList","@id":"https:\/\/dev6.erresse-shop.it\/fr\/shop\/table-fr-2\/couverts\/sambonet-36-pieces-de-service-monobloc-velvet-acier-mirror\/#breadcrumb","itemListElement":[{"@type":"ListItem","position":1,"name":"Home","item":"https:\/\/dev6.erresse-shop.it\/"},{"@type":"ListItem","position":2,"name":"Boutique","item":"https:\/\/dev6.erresse-shop.it\/shop\/"},{"@type":"ListItem","position":3,"name":"SAMBONET 36 pi\u00e8ces de service Monobloc Velvet Acier Mirror"}]},{"@type":"WebSite","@id":"https:\/\/dev6.erresse-shop.it\/#website","url":"https:\/\/dev6.erresse-shop.it\/","name":"Erresse Shop","description":"","publisher":{"@id":"https:\/\/dev6.erresse-shop.it\/#organization"},"potentialAction":[{"@type":"SearchAction","target":{"@type":"EntryPoint","urlTemplate":"https:\/\/dev6.erresse-shop.it\/?s={search_term_string}"},"query-input":{"@type":"PropertyValueSpecification","valueRequired":true,"valueName":"search_term_string"}}],"inLanguage":"fr-FR"},{"@type":"Organization","@id":"https:\/\/dev6.erresse-shop.it\/#organization","name":"Erresse Shop","url":"https:\/\/dev6.erresse-shop.it\/","logo":{"@type":"ImageObject","inLanguage":"fr-FR","@id":"https:\/\/dev6.erresse-shop.it\/#\/schema\/logo\/image\/","url":"https:\/\/dev6.erresse-shop.it\/wp-content\/uploads\/2025\/01\/LOGO-ERRESSE-CLASSICO.svg","contentUrl":"https:\/\/dev6.erresse-shop.it\/wp-content\/uploads\/2025\/01\/LOGO-ERRESSE-CLASSICO.svg","caption":"Erresse Shop"},"image":{"@id":"https:\/\/dev6.erresse-shop.it\/#\/schema\/logo\/image\/"}}]}},"df_price":"","df_sale_price":"","df_regular_price":"","df_image_link":"https:\/\/i1.wp.com\/interpim.erresse-shop.it\/Import\/Prodotti\/sambonet-servizio-36-pezzi-monoblocco-velvet-inox.jpg?resize=300,300&ssl=1","fifu_image_url":"https:\/\/interpim.erresse-shop.it\/Import\/Prodotti\/sambonet-servizio-36-pezzi-monoblocco-velvet-inox.jpg","_links":{"self":[{"href":"https:\/\/dev6.erresse-shop.it\/fr\/wp-json\/wp\/v2\/product\/60602","targetHints":{"allow":["GET"]}}],"collection":[{"href":"https:\/\/dev6.erresse-shop.it\/fr\/wp-json\/wp\/v2\/product"}],"about":[{"href":"https:\/\/dev6.erresse-shop.it\/fr\/wp-json\/wp\/v2\/types\/product"}],"wp:featuredmedia":[{"embeddable":true,"href":"https:\/\/dev6.erresse-shop.it\/fr\/wp-json\/wp\/v2\/media\/6275244"}],"wp:attachment":[{"href":"https:\/\/dev6.erresse-shop.it\/fr\/wp-json\/wp\/v2\/media?parent=60602"}],"wp:term":[{"taxonomy":"product_cat","embeddable":true,"href":"https:\/\/dev6.erresse-shop.it\/fr\/wp-json\/wp\/v2\/product_cat?post=60602"},{"taxonomy":"product_tag","embeddable":true,"href":"https:\/\/dev6.erresse-shop.it\/fr\/wp-json\/wp\/v2\/product_tag?post=60602"}],"curies":[{"name":"wp","href":"https:\/\/api.w.org\/{rel}","templated":true}]}}