{"id":60600,"date":"2026-04-04T09:13:28","date_gmt":"2026-04-04T07:13:28","guid":{"rendered":"https:\/\/dev6.erresse-shop.it\/shop\/non%20class\u00e9\/joseph-joseph-tota-panier-a-linge-90-litres-gris\/"},"modified":"2025-12-08T17:50:05","modified_gmt":"2025-12-08T16:50:05","slug":"joseph-joseph-tota-panier-a-linge-90-litres-gris","status":"publish","type":"product","link":"https:\/\/dev6.erresse-shop.it\/fr\/shop\/ameublement-maison\/salle-de-bain\/joseph-joseph-tota-panier-a-linge-90-litres-gris\/","title":{"rendered":"JOSEPH JOSEPH Tota Panier \u00e0 linge 90 litres Gris"},"content":{"rendered":"<p>Joseph Joseph, le plus grand fabricant mondial de produits de cuisine et de m\u00e9nage.<br \/>\nFond\u00e9 en 2003, Joseph Joseph associe un design innovant \u00e0 un style moderne.<br \/>\nL\u2019utilisation de la couleur caract\u00e9rise ind\u00e9niablement les produits et le design soign\u00e9.<br \/>\nles rend absolument fonctionnels et pratiques.<\/p>\n<p>Caract\u00e9ristiques :<br \/>\nDeux compartiments de 45 litres pour une s\u00e9paration facile des tissus<br \/>\nSacs en toile d\u00e9tachables avec poign\u00e9es faciles \u00e0 transporter<br \/>\nLa poign\u00e9e au fond des sacs facilite le vidage.<br \/>\nRetour rapide : les sacs sont automatiquement remis dans le panier.<br \/>\nParfait pour les chambres, les salles de bains ou les buanderies.<br \/>\nLivr\u00e9 avec des instructions de montage compl\u00e8tes<\/p>\n<p>Pr\u00e9cautions et utilisation<br \/>\nSacs en tissu \u2013 lavables en machine, voir les instructions de lavage sur l\u2019\u00e9tiquette, retirer la protection plastique avant le lavage.<br \/>\nTissu ext\u00e9rieur : nettoyer uniquement avec un chiffon, ne pas laver en machine.<br \/>\nCouvercle, bords et cadre : nettoyer avec un chiffon humide.<br \/>\nAttention : ne vous asseyez pas sur le panier et ne posez pas d\u2019objets lourds dessus.<br \/>\nTenir hors de port\u00e9e des enfants<\/p>\n<p>Dimensions :<br \/>\nH71 x L56 x D39.5 cm (H28 x L22\u00bc x D15\u00be pouces).<br \/>\nComposition du tissu :<br \/>\nSacs en toile \u2013 100% coton<br \/>\nExt\u00e9rieur \u2013 100% Polyester<br \/>\nCon\u00e7u par Joseph Joseph<\/p>\n","protected":false},"excerpt":{"rendered":"<p>Joseph Joseph, le plus grand fabricant mondial de produits de cuisine et de m\u00e9nage. Fond\u00e9 en 2003, Joseph Joseph associe un design innovant \u00e0 un style moderne. L\u2019utilisation de la couleur caract\u00e9rise ind\u00e9niablement les produits et le design soign\u00e9. les rend absolument fonctionnels et pratiques. Caract\u00e9ristiques : Deux compartiments de 45 litres pour une s\u00e9paration [&hellip;]<\/p>\n","protected":false},"featured_media":6275218,"template":"","meta":{"_acf_changed":false},"product_cat":[11990,12074],"product_tag":[],"class_list":{"0":"post-60600","1":"product","2":"type-product","3":"status-publish","4":"has-post-thumbnail","6":"product_cat-ameublement-maison","7":"product_cat-salle-de-bain","9":"first","10":"outofstock","11":"sale","12":"taxable","13":"shipping-taxable","14":"purchasable","15":"product-type-simple","swatches":"rey-swatches","show_selected":"","stretch_labels":"rey-swatches--stretch-labels"},"acf":[],"yoast_head":"<!-- This site is optimized with the Yoast SEO plugin v25.4 - https:\/\/yoast.com\/wordpress\/plugins\/seo\/ -->\n<title>JOSEPH JOSEPH Tota Panier \u00e0 linge 90 litres Gris - dev6 Erresse<\/title>\n<meta name=\"description\" content=\"Joseph Joseph, le plus grand fabricant mondial de produits de cuisine et de m\u00e9nage. Fond\u00e9 en 2003, Joseph Joseph associe un design innovant \u00e0 un style\" \/>\n<meta name=\"robots\" content=\"noindex, follow, max-snippet:-1, max-image-preview:large, max-video-preview:-1\" \/>\n<meta property=\"og:locale\" content=\"fr_FR\" \/>\n<meta property=\"og:type\" content=\"article\" \/>\n<meta property=\"og:title\" content=\"JOSEPH JOSEPH Tota Panier \u00e0 linge 90 litres Gris - dev6 Erresse\" \/>\n<meta property=\"og:description\" content=\"Joseph Joseph, le plus grand fabricant mondial de produits de cuisine et de m\u00e9nage. Fond\u00e9 en 2003, Joseph Joseph associe un design innovant \u00e0 un style\" \/>\n<meta property=\"og:url\" content=\"https:\/\/dev6.erresse-shop.it\/fr\/shop\/ameublement-maison\/salle-de-bain\/joseph-joseph-tota-panier-a-linge-90-litres-gris\/\" \/>\n<meta property=\"og:site_name\" content=\"dev6 Erresse\" \/>\n<meta property=\"og:image\" content=\"https:\/\/interpim.erresse-shop.it\/Import\/Prodotti\/joseph-joseph-tota-cesto-da-biancheria-90-litri-grigio.jpg\" \/><meta property=\"og:image\" content=\"https:\/\/interpim.erresse-shop.it\/Import\/Prodotti\/joseph-joseph-tota-cesto-da-biancheria-90-litri-grigio.jpg\" \/>\n\t<meta property=\"og:image:width\" content=\"1024\" \/>\n\t<meta property=\"og:image:height\" content=\"1024\" \/>\n\t<meta property=\"og:image:type\" content=\"image\/jpeg\" \/>\n<meta name=\"twitter:card\" content=\"summary_large_image\" \/>\n<meta name=\"twitter:image\" content=\"https:\/\/interpim.erresse-shop.it\/Import\/Prodotti\/joseph-joseph-tota-cesto-da-biancheria-90-litri-grigio.jpg\" \/>\n<script type=\"application\/ld+json\" class=\"yoast-schema-graph\">{\"@context\":\"https:\/\/schema.org\",\"@graph\":[{\"@type\":\"WebPage\",\"@id\":\"https:\/\/dev6.erresse-shop.it\/fr\/shop\/ameublement-maison\/salle-de-bain\/joseph-joseph-tota-panier-a-linge-90-litres-gris\/\",\"url\":\"https:\/\/dev6.erresse-shop.it\/fr\/shop\/ameublement-maison\/salle-de-bain\/joseph-joseph-tota-panier-a-linge-90-litres-gris\/\",\"name\":\"JOSEPH JOSEPH Tota Panier \u00e0 linge 90 litres Gris - dev6 Erresse\",\"isPartOf\":{\"@id\":\"https:\/\/dev6.erresse-shop.it\/#website\"},\"primaryImageOfPage\":{\"@id\":\"https:\/\/dev6.erresse-shop.it\/fr\/shop\/ameublement-maison\/salle-de-bain\/joseph-joseph-tota-panier-a-linge-90-litres-gris\/#primaryimage\"},\"image\":{\"@id\":\"https:\/\/dev6.erresse-shop.it\/fr\/shop\/ameublement-maison\/salle-de-bain\/joseph-joseph-tota-panier-a-linge-90-litres-gris\/#primaryimage\"},\"thumbnailUrl\":\"https:\/\/i1.wp.com\/interpim.erresse-shop.it\/Import\/Prodotti\/joseph-joseph-tota-cesto-da-biancheria-90-litri-grigio.jpg?ssl=1\",\"datePublished\":\"2026-04-04T07:13:28+00:00\",\"description\":\"Joseph Joseph, le plus grand fabricant mondial de produits de cuisine et de m\u00e9nage. Fond\u00e9 en 2003, Joseph Joseph associe un design innovant \u00e0 un style\",\"breadcrumb\":{\"@id\":\"https:\/\/dev6.erresse-shop.it\/fr\/shop\/ameublement-maison\/salle-de-bain\/joseph-joseph-tota-panier-a-linge-90-litres-gris\/#breadcrumb\"},\"inLanguage\":\"fr-FR\",\"potentialAction\":[{\"@type\":\"ReadAction\",\"target\":[\"https:\/\/dev6.erresse-shop.it\/fr\/shop\/ameublement-maison\/salle-de-bain\/joseph-joseph-tota-panier-a-linge-90-litres-gris\/\"]}]},{\"@type\":\"ImageObject\",\"inLanguage\":\"fr-FR\",\"@id\":\"https:\/\/dev6.erresse-shop.it\/fr\/shop\/ameublement-maison\/salle-de-bain\/joseph-joseph-tota-panier-a-linge-90-litres-gris\/#primaryimage\",\"url\":\"https:\/\/i1.wp.com\/interpim.erresse-shop.it\/Import\/Prodotti\/joseph-joseph-tota-cesto-da-biancheria-90-litri-grigio.jpg?ssl=1\",\"contentUrl\":\"https:\/\/i1.wp.com\/interpim.erresse-shop.it\/Import\/Prodotti\/joseph-joseph-tota-cesto-da-biancheria-90-litri-grigio.jpg?ssl=1\"},{\"@type\":\"BreadcrumbList\",\"@id\":\"https:\/\/dev6.erresse-shop.it\/fr\/shop\/ameublement-maison\/salle-de-bain\/joseph-joseph-tota-panier-a-linge-90-litres-gris\/#breadcrumb\",\"itemListElement\":[{\"@type\":\"ListItem\",\"position\":1,\"name\":\"Home\",\"item\":\"https:\/\/dev6.erresse-shop.it\/\"},{\"@type\":\"ListItem\",\"position\":2,\"name\":\"Boutique\",\"item\":\"https:\/\/dev6.erresse-shop.it\/shop\/\"},{\"@type\":\"ListItem\",\"position\":3,\"name\":\"JOSEPH JOSEPH Tota Panier \u00e0 linge 90 litres Gris\"}]},{\"@type\":\"WebSite\",\"@id\":\"https:\/\/dev6.erresse-shop.it\/#website\",\"url\":\"https:\/\/dev6.erresse-shop.it\/\",\"name\":\"Erresse Shop\",\"description\":\"\",\"publisher\":{\"@id\":\"https:\/\/dev6.erresse-shop.it\/#organization\"},\"potentialAction\":[{\"@type\":\"SearchAction\",\"target\":{\"@type\":\"EntryPoint\",\"urlTemplate\":\"https:\/\/dev6.erresse-shop.it\/?s={search_term_string}\"},\"query-input\":{\"@type\":\"PropertyValueSpecification\",\"valueRequired\":true,\"valueName\":\"search_term_string\"}}],\"inLanguage\":\"fr-FR\"},{\"@type\":\"Organization\",\"@id\":\"https:\/\/dev6.erresse-shop.it\/#organization\",\"name\":\"Erresse Shop\",\"url\":\"https:\/\/dev6.erresse-shop.it\/\",\"logo\":{\"@type\":\"ImageObject\",\"inLanguage\":\"fr-FR\",\"@id\":\"https:\/\/dev6.erresse-shop.it\/#\/schema\/logo\/image\/\",\"url\":\"https:\/\/dev6.erresse-shop.it\/wp-content\/uploads\/2025\/01\/LOGO-ERRESSE-CLASSICO.svg\",\"contentUrl\":\"https:\/\/dev6.erresse-shop.it\/wp-content\/uploads\/2025\/01\/LOGO-ERRESSE-CLASSICO.svg\",\"caption\":\"Erresse Shop\"},\"image\":{\"@id\":\"https:\/\/dev6.erresse-shop.it\/#\/schema\/logo\/image\/\"}}]}<\/script>\n<!-- \/ Yoast SEO plugin. -->","yoast_head_json":{"title":"JOSEPH JOSEPH Tota Panier \u00e0 linge 90 litres Gris - dev6 Erresse","description":"Joseph Joseph, le plus grand fabricant mondial de produits de cuisine et de m\u00e9nage. Fond\u00e9 en 2003, Joseph Joseph associe un design innovant \u00e0 un style","robots":{"index":"noindex","follow":"follow","max-snippet":"max-snippet:-1","max-image-preview":"max-image-preview:large","max-video-preview":"max-video-preview:-1"},"og_locale":"fr_FR","og_type":"article","og_title":"JOSEPH JOSEPH Tota Panier \u00e0 linge 90 litres Gris - dev6 Erresse","og_description":"Joseph Joseph, le plus grand fabricant mondial de produits de cuisine et de m\u00e9nage. Fond\u00e9 en 2003, Joseph Joseph associe un design innovant \u00e0 un style","og_url":"https:\/\/dev6.erresse-shop.it\/fr\/shop\/ameublement-maison\/salle-de-bain\/joseph-joseph-tota-panier-a-linge-90-litres-gris\/","og_site_name":"dev6 Erresse","og_image":[{"url":"https:\/\/interpim.erresse-shop.it\/Import\/Prodotti\/joseph-joseph-tota-cesto-da-biancheria-90-litri-grigio.jpg","type":"","width":"","height":""},{"url":"https:\/\/interpim.erresse-shop.it\/Import\/Prodotti\/joseph-joseph-tota-cesto-da-biancheria-90-litri-grigio.jpg","width":1024,"height":1024,"type":"image\/jpeg"}],"twitter_card":"summary_large_image","twitter_image":"https:\/\/interpim.erresse-shop.it\/Import\/Prodotti\/joseph-joseph-tota-cesto-da-biancheria-90-litri-grigio.jpg","schema":{"@context":"https:\/\/schema.org","@graph":[{"@type":"WebPage","@id":"https:\/\/dev6.erresse-shop.it\/fr\/shop\/ameublement-maison\/salle-de-bain\/joseph-joseph-tota-panier-a-linge-90-litres-gris\/","url":"https:\/\/dev6.erresse-shop.it\/fr\/shop\/ameublement-maison\/salle-de-bain\/joseph-joseph-tota-panier-a-linge-90-litres-gris\/","name":"JOSEPH JOSEPH Tota Panier \u00e0 linge 90 litres Gris - dev6 Erresse","isPartOf":{"@id":"https:\/\/dev6.erresse-shop.it\/#website"},"primaryImageOfPage":{"@id":"https:\/\/dev6.erresse-shop.it\/fr\/shop\/ameublement-maison\/salle-de-bain\/joseph-joseph-tota-panier-a-linge-90-litres-gris\/#primaryimage"},"image":{"@id":"https:\/\/dev6.erresse-shop.it\/fr\/shop\/ameublement-maison\/salle-de-bain\/joseph-joseph-tota-panier-a-linge-90-litres-gris\/#primaryimage"},"thumbnailUrl":"https:\/\/i1.wp.com\/interpim.erresse-shop.it\/Import\/Prodotti\/joseph-joseph-tota-cesto-da-biancheria-90-litri-grigio.jpg?ssl=1","datePublished":"2026-04-04T07:13:28+00:00","description":"Joseph Joseph, le plus grand fabricant mondial de produits de cuisine et de m\u00e9nage. Fond\u00e9 en 2003, Joseph Joseph associe un design innovant \u00e0 un style","breadcrumb":{"@id":"https:\/\/dev6.erresse-shop.it\/fr\/shop\/ameublement-maison\/salle-de-bain\/joseph-joseph-tota-panier-a-linge-90-litres-gris\/#breadcrumb"},"inLanguage":"fr-FR","potentialAction":[{"@type":"ReadAction","target":["https:\/\/dev6.erresse-shop.it\/fr\/shop\/ameublement-maison\/salle-de-bain\/joseph-joseph-tota-panier-a-linge-90-litres-gris\/"]}]},{"@type":"ImageObject","inLanguage":"fr-FR","@id":"https:\/\/dev6.erresse-shop.it\/fr\/shop\/ameublement-maison\/salle-de-bain\/joseph-joseph-tota-panier-a-linge-90-litres-gris\/#primaryimage","url":"https:\/\/i1.wp.com\/interpim.erresse-shop.it\/Import\/Prodotti\/joseph-joseph-tota-cesto-da-biancheria-90-litri-grigio.jpg?ssl=1","contentUrl":"https:\/\/i1.wp.com\/interpim.erresse-shop.it\/Import\/Prodotti\/joseph-joseph-tota-cesto-da-biancheria-90-litri-grigio.jpg?ssl=1"},{"@type":"BreadcrumbList","@id":"https:\/\/dev6.erresse-shop.it\/fr\/shop\/ameublement-maison\/salle-de-bain\/joseph-joseph-tota-panier-a-linge-90-litres-gris\/#breadcrumb","itemListElement":[{"@type":"ListItem","position":1,"name":"Home","item":"https:\/\/dev6.erresse-shop.it\/"},{"@type":"ListItem","position":2,"name":"Boutique","item":"https:\/\/dev6.erresse-shop.it\/shop\/"},{"@type":"ListItem","position":3,"name":"JOSEPH JOSEPH Tota Panier \u00e0 linge 90 litres Gris"}]},{"@type":"WebSite","@id":"https:\/\/dev6.erresse-shop.it\/#website","url":"https:\/\/dev6.erresse-shop.it\/","name":"Erresse Shop","description":"","publisher":{"@id":"https:\/\/dev6.erresse-shop.it\/#organization"},"potentialAction":[{"@type":"SearchAction","target":{"@type":"EntryPoint","urlTemplate":"https:\/\/dev6.erresse-shop.it\/?s={search_term_string}"},"query-input":{"@type":"PropertyValueSpecification","valueRequired":true,"valueName":"search_term_string"}}],"inLanguage":"fr-FR"},{"@type":"Organization","@id":"https:\/\/dev6.erresse-shop.it\/#organization","name":"Erresse Shop","url":"https:\/\/dev6.erresse-shop.it\/","logo":{"@type":"ImageObject","inLanguage":"fr-FR","@id":"https:\/\/dev6.erresse-shop.it\/#\/schema\/logo\/image\/","url":"https:\/\/dev6.erresse-shop.it\/wp-content\/uploads\/2025\/01\/LOGO-ERRESSE-CLASSICO.svg","contentUrl":"https:\/\/dev6.erresse-shop.it\/wp-content\/uploads\/2025\/01\/LOGO-ERRESSE-CLASSICO.svg","caption":"Erresse Shop"},"image":{"@id":"https:\/\/dev6.erresse-shop.it\/#\/schema\/logo\/image\/"}}]}},"df_price":109.95,"df_sale_price":109.95,"df_regular_price":139.99,"df_image_link":"https:\/\/i1.wp.com\/interpim.erresse-shop.it\/Import\/Prodotti\/joseph-joseph-tota-cesto-da-biancheria-90-litri-grigio.jpg?resize=300,300&ssl=1","fifu_image_url":"https:\/\/interpim.erresse-shop.it\/Import\/Prodotti\/joseph-joseph-tota-cesto-da-biancheria-90-litri-grigio.jpg","_links":{"self":[{"href":"https:\/\/dev6.erresse-shop.it\/fr\/wp-json\/wp\/v2\/product\/60600","targetHints":{"allow":["GET"]}}],"collection":[{"href":"https:\/\/dev6.erresse-shop.it\/fr\/wp-json\/wp\/v2\/product"}],"about":[{"href":"https:\/\/dev6.erresse-shop.it\/fr\/wp-json\/wp\/v2\/types\/product"}],"wp:featuredmedia":[{"embeddable":true,"href":"https:\/\/dev6.erresse-shop.it\/fr\/wp-json\/wp\/v2\/media\/6275218"}],"wp:attachment":[{"href":"https:\/\/dev6.erresse-shop.it\/fr\/wp-json\/wp\/v2\/media?parent=60600"}],"wp:term":[{"taxonomy":"product_cat","embeddable":true,"href":"https:\/\/dev6.erresse-shop.it\/fr\/wp-json\/wp\/v2\/product_cat?post=60600"},{"taxonomy":"product_tag","embeddable":true,"href":"https:\/\/dev6.erresse-shop.it\/fr\/wp-json\/wp\/v2\/product_tag?post=60600"}],"curies":[{"name":"wp","href":"https:\/\/api.w.org\/{rel}","templated":true}]}}