{"id":60590,"date":"2026-04-12T09:15:16","date_gmt":"2026-04-12T07:15:16","guid":{"rendered":"https:\/\/dev6.erresse-shop.it\/shop\/non%20class\u00e9\/sambonet-paderno-set-de-mixologie-3-pieces-martini-or\/"},"modified":"2025-07-04T16:39:25","modified_gmt":"2025-07-04T14:39:25","slug":"sambonet-paderno-set-de-mixologie-3-pieces-martini-or","status":"publish","type":"product","link":"https:\/\/dev6.erresse-shop.it\/fr\/shop\/table-fr-2\/cocktail-fr\/sambonet-paderno-set-de-mixologie-3-pieces-martini-or\/","title":{"rendered":"SAMBONET Paderno Set de Mixologie 3 Pi\u00e8ces Martini Or"},"content":{"rendered":"<p>C\u2019est le seul cocktail reconnaissable \u00e0 son verre, qui ne doit jamais \u00eatre tenu que par le pied, afin de ne pas le chauffer. Une tasse pratique \u00e0 utiliser et raffin\u00e9e \u00e0 servir. Son design minimaliste lui permet de s\u2019adapter \u00e0 toutes les atmosph\u00e8res, tandis que la finition en acier poli et les couleurs brillantes rendent chaque happy hour sp\u00e9cial.<\/p>\n<p>Mat\u00e9riau : Acier inoxydable<\/p>\n<p>Nombre de pi\u00e8ces dans le set : 3<\/p>\n","protected":false},"excerpt":{"rendered":"<p>C\u2019est le seul cocktail reconnaissable \u00e0 son verre, qui ne doit jamais \u00eatre tenu que par le pied, afin de ne pas le chauffer. Une tasse pratique \u00e0 utiliser et raffin\u00e9e \u00e0 servir. Son design minimaliste lui permet de s\u2019adapter \u00e0 toutes les atmosph\u00e8res, tandis que la finition en acier poli et les couleurs brillantes [&hellip;]<\/p>\n","protected":false},"featured_media":6358447,"template":"","meta":{"_acf_changed":false},"product_cat":[12046,11995,11671],"product_tag":[],"class_list":{"0":"post-60590","1":"product","2":"type-product","3":"status-publish","4":"has-post-thumbnail","6":"product_cat-cocktail-fr","7":"product_cat-table-fr-2","8":"product_cat-tavola","10":"first","11":"outofstock","12":"sale","13":"taxable","14":"shipping-taxable","15":"purchasable","16":"product-type-simple","swatches":"rey-swatches","show_selected":"","stretch_labels":"rey-swatches--stretch-labels"},"acf":[],"yoast_head":"<!-- This site is optimized with the Yoast SEO plugin v25.4 - https:\/\/yoast.com\/wordpress\/plugins\/seo\/ -->\n<title>SAMBONET Paderno Set de Mixologie 3 Pi\u00e8ces Martini Or - dev6 Erresse<\/title>\n<meta name=\"description\" content=\"C\u2019est le seul cocktail reconnaissable \u00e0 son verre, qui ne doit jamais \u00eatre tenu que par le pied, afin de ne pas le chauffer. Une tasse pratique \u00e0 utiliser\" \/>\n<meta name=\"robots\" content=\"noindex, follow, max-snippet:-1, max-image-preview:large, max-video-preview:-1\" \/>\n<meta property=\"og:locale\" content=\"fr_FR\" \/>\n<meta property=\"og:type\" content=\"article\" \/>\n<meta property=\"og:title\" content=\"SAMBONET Paderno Set de Mixologie 3 Pi\u00e8ces Martini Or - dev6 Erresse\" \/>\n<meta property=\"og:description\" content=\"C\u2019est le seul cocktail reconnaissable \u00e0 son verre, qui ne doit jamais \u00eatre tenu que par le pied, afin de ne pas le chauffer. Une tasse pratique \u00e0 utiliser\" \/>\n<meta property=\"og:url\" content=\"https:\/\/dev6.erresse-shop.it\/fr\/shop\/table-fr-2\/cocktail-fr\/sambonet-paderno-set-de-mixologie-3-pieces-martini-or\/\" \/>\n<meta property=\"og:site_name\" content=\"dev6 Erresse\" \/>\n<meta property=\"og:image\" content=\"https:\/\/interpim.erresse-shop.it\/wp-content\/uploads\/2022\/11\/SAMBONET-Paderno-Mixology-Set-3-Pezzi-Martini-Oro.jpg\/sambonet-paderno-mixology-set-3-pezzi-martini-oro.jpg\" \/><meta property=\"og:image\" content=\"https:\/\/interpim.erresse-shop.it\/wp-content\/uploads\/2022\/11\/SAMBONET-Paderno-Mixology-Set-3-Pezzi-Martini-Oro.jpg\/sambonet-paderno-mixology-set-3-pezzi-martini-oro.jpg\" \/>\n\t<meta property=\"og:image:width\" content=\"1024\" \/>\n\t<meta property=\"og:image:height\" content=\"1024\" \/>\n\t<meta property=\"og:image:type\" content=\"image\/jpeg\" \/>\n<meta name=\"twitter:card\" content=\"summary_large_image\" \/>\n<meta name=\"twitter:image\" content=\"https:\/\/interpim.erresse-shop.it\/wp-content\/uploads\/2022\/11\/SAMBONET-Paderno-Mixology-Set-3-Pezzi-Martini-Oro.jpg\/sambonet-paderno-mixology-set-3-pezzi-martini-oro.jpg\" \/>\n<script type=\"application\/ld+json\" class=\"yoast-schema-graph\">{\"@context\":\"https:\/\/schema.org\",\"@graph\":[{\"@type\":\"WebPage\",\"@id\":\"https:\/\/dev6.erresse-shop.it\/fr\/shop\/table-fr-2\/cocktail-fr\/sambonet-paderno-set-de-mixologie-3-pieces-martini-or\/\",\"url\":\"https:\/\/dev6.erresse-shop.it\/fr\/shop\/table-fr-2\/cocktail-fr\/sambonet-paderno-set-de-mixologie-3-pieces-martini-or\/\",\"name\":\"SAMBONET Paderno Set de Mixologie 3 Pi\u00e8ces Martini Or - dev6 Erresse\",\"isPartOf\":{\"@id\":\"https:\/\/dev6.erresse-shop.it\/#website\"},\"primaryImageOfPage\":{\"@id\":\"https:\/\/dev6.erresse-shop.it\/fr\/shop\/table-fr-2\/cocktail-fr\/sambonet-paderno-set-de-mixologie-3-pieces-martini-or\/#primaryimage\"},\"image\":{\"@id\":\"https:\/\/dev6.erresse-shop.it\/fr\/shop\/table-fr-2\/cocktail-fr\/sambonet-paderno-set-de-mixologie-3-pieces-martini-or\/#primaryimage\"},\"thumbnailUrl\":\"https:\/\/i3.wp.com\/interpim.erresse-shop.it\/wp-content\/uploads\/2022\/11\/SAMBONET-Paderno-Mixology-Set-3-Pezzi-Martini-Oro.jpg\/sambonet-paderno-mixology-set-3-pezzi-martini-oro.jpg?ssl=1\",\"datePublished\":\"2026-04-12T07:15:16+00:00\",\"description\":\"C\u2019est le seul cocktail reconnaissable \u00e0 son verre, qui ne doit jamais \u00eatre tenu que par le pied, afin de ne pas le chauffer. Une tasse pratique \u00e0 utiliser\",\"breadcrumb\":{\"@id\":\"https:\/\/dev6.erresse-shop.it\/fr\/shop\/table-fr-2\/cocktail-fr\/sambonet-paderno-set-de-mixologie-3-pieces-martini-or\/#breadcrumb\"},\"inLanguage\":\"fr-FR\",\"potentialAction\":[{\"@type\":\"ReadAction\",\"target\":[\"https:\/\/dev6.erresse-shop.it\/fr\/shop\/table-fr-2\/cocktail-fr\/sambonet-paderno-set-de-mixologie-3-pieces-martini-or\/\"]}]},{\"@type\":\"ImageObject\",\"inLanguage\":\"fr-FR\",\"@id\":\"https:\/\/dev6.erresse-shop.it\/fr\/shop\/table-fr-2\/cocktail-fr\/sambonet-paderno-set-de-mixologie-3-pieces-martini-or\/#primaryimage\",\"url\":\"https:\/\/i3.wp.com\/interpim.erresse-shop.it\/wp-content\/uploads\/2022\/11\/SAMBONET-Paderno-Mixology-Set-3-Pezzi-Martini-Oro.jpg\/sambonet-paderno-mixology-set-3-pezzi-martini-oro.jpg?ssl=1\",\"contentUrl\":\"https:\/\/i3.wp.com\/interpim.erresse-shop.it\/wp-content\/uploads\/2022\/11\/SAMBONET-Paderno-Mixology-Set-3-Pezzi-Martini-Oro.jpg\/sambonet-paderno-mixology-set-3-pezzi-martini-oro.jpg?ssl=1\"},{\"@type\":\"BreadcrumbList\",\"@id\":\"https:\/\/dev6.erresse-shop.it\/fr\/shop\/table-fr-2\/cocktail-fr\/sambonet-paderno-set-de-mixologie-3-pieces-martini-or\/#breadcrumb\",\"itemListElement\":[{\"@type\":\"ListItem\",\"position\":1,\"name\":\"Home\",\"item\":\"https:\/\/dev6.erresse-shop.it\/\"},{\"@type\":\"ListItem\",\"position\":2,\"name\":\"Boutique\",\"item\":\"https:\/\/dev6.erresse-shop.it\/shop\/\"},{\"@type\":\"ListItem\",\"position\":3,\"name\":\"SAMBONET Paderno Set de Mixologie 3 Pi\u00e8ces Martini Or\"}]},{\"@type\":\"WebSite\",\"@id\":\"https:\/\/dev6.erresse-shop.it\/#website\",\"url\":\"https:\/\/dev6.erresse-shop.it\/\",\"name\":\"Erresse Shop\",\"description\":\"\",\"publisher\":{\"@id\":\"https:\/\/dev6.erresse-shop.it\/#organization\"},\"potentialAction\":[{\"@type\":\"SearchAction\",\"target\":{\"@type\":\"EntryPoint\",\"urlTemplate\":\"https:\/\/dev6.erresse-shop.it\/?s={search_term_string}\"},\"query-input\":{\"@type\":\"PropertyValueSpecification\",\"valueRequired\":true,\"valueName\":\"search_term_string\"}}],\"inLanguage\":\"fr-FR\"},{\"@type\":\"Organization\",\"@id\":\"https:\/\/dev6.erresse-shop.it\/#organization\",\"name\":\"Erresse Shop\",\"url\":\"https:\/\/dev6.erresse-shop.it\/\",\"logo\":{\"@type\":\"ImageObject\",\"inLanguage\":\"fr-FR\",\"@id\":\"https:\/\/dev6.erresse-shop.it\/#\/schema\/logo\/image\/\",\"url\":\"https:\/\/dev6.erresse-shop.it\/wp-content\/uploads\/2025\/01\/LOGO-ERRESSE-CLASSICO.svg\",\"contentUrl\":\"https:\/\/dev6.erresse-shop.it\/wp-content\/uploads\/2025\/01\/LOGO-ERRESSE-CLASSICO.svg\",\"caption\":\"Erresse Shop\"},\"image\":{\"@id\":\"https:\/\/dev6.erresse-shop.it\/#\/schema\/logo\/image\/\"}}]}<\/script>\n<!-- \/ Yoast SEO plugin. -->","yoast_head_json":{"title":"SAMBONET Paderno Set de Mixologie 3 Pi\u00e8ces Martini Or - dev6 Erresse","description":"C\u2019est le seul cocktail reconnaissable \u00e0 son verre, qui ne doit jamais \u00eatre tenu que par le pied, afin de ne pas le chauffer. Une tasse pratique \u00e0 utiliser","robots":{"index":"noindex","follow":"follow","max-snippet":"max-snippet:-1","max-image-preview":"max-image-preview:large","max-video-preview":"max-video-preview:-1"},"og_locale":"fr_FR","og_type":"article","og_title":"SAMBONET Paderno Set de Mixologie 3 Pi\u00e8ces Martini Or - dev6 Erresse","og_description":"C\u2019est le seul cocktail reconnaissable \u00e0 son verre, qui ne doit jamais \u00eatre tenu que par le pied, afin de ne pas le chauffer. Une tasse pratique \u00e0 utiliser","og_url":"https:\/\/dev6.erresse-shop.it\/fr\/shop\/table-fr-2\/cocktail-fr\/sambonet-paderno-set-de-mixologie-3-pieces-martini-or\/","og_site_name":"dev6 Erresse","og_image":[{"url":"https:\/\/interpim.erresse-shop.it\/wp-content\/uploads\/2022\/11\/SAMBONET-Paderno-Mixology-Set-3-Pezzi-Martini-Oro.jpg\/sambonet-paderno-mixology-set-3-pezzi-martini-oro.jpg","type":"","width":"","height":""},{"url":"https:\/\/interpim.erresse-shop.it\/wp-content\/uploads\/2022\/11\/SAMBONET-Paderno-Mixology-Set-3-Pezzi-Martini-Oro.jpg\/sambonet-paderno-mixology-set-3-pezzi-martini-oro.jpg","width":1024,"height":1024,"type":"image\/jpeg"}],"twitter_card":"summary_large_image","twitter_image":"https:\/\/interpim.erresse-shop.it\/wp-content\/uploads\/2022\/11\/SAMBONET-Paderno-Mixology-Set-3-Pezzi-Martini-Oro.jpg\/sambonet-paderno-mixology-set-3-pezzi-martini-oro.jpg","schema":{"@context":"https:\/\/schema.org","@graph":[{"@type":"WebPage","@id":"https:\/\/dev6.erresse-shop.it\/fr\/shop\/table-fr-2\/cocktail-fr\/sambonet-paderno-set-de-mixologie-3-pieces-martini-or\/","url":"https:\/\/dev6.erresse-shop.it\/fr\/shop\/table-fr-2\/cocktail-fr\/sambonet-paderno-set-de-mixologie-3-pieces-martini-or\/","name":"SAMBONET Paderno Set de Mixologie 3 Pi\u00e8ces Martini Or - dev6 Erresse","isPartOf":{"@id":"https:\/\/dev6.erresse-shop.it\/#website"},"primaryImageOfPage":{"@id":"https:\/\/dev6.erresse-shop.it\/fr\/shop\/table-fr-2\/cocktail-fr\/sambonet-paderno-set-de-mixologie-3-pieces-martini-or\/#primaryimage"},"image":{"@id":"https:\/\/dev6.erresse-shop.it\/fr\/shop\/table-fr-2\/cocktail-fr\/sambonet-paderno-set-de-mixologie-3-pieces-martini-or\/#primaryimage"},"thumbnailUrl":"https:\/\/i3.wp.com\/interpim.erresse-shop.it\/wp-content\/uploads\/2022\/11\/SAMBONET-Paderno-Mixology-Set-3-Pezzi-Martini-Oro.jpg\/sambonet-paderno-mixology-set-3-pezzi-martini-oro.jpg?ssl=1","datePublished":"2026-04-12T07:15:16+00:00","description":"C\u2019est le seul cocktail reconnaissable \u00e0 son verre, qui ne doit jamais \u00eatre tenu que par le pied, afin de ne pas le chauffer. Une tasse pratique \u00e0 utiliser","breadcrumb":{"@id":"https:\/\/dev6.erresse-shop.it\/fr\/shop\/table-fr-2\/cocktail-fr\/sambonet-paderno-set-de-mixologie-3-pieces-martini-or\/#breadcrumb"},"inLanguage":"fr-FR","potentialAction":[{"@type":"ReadAction","target":["https:\/\/dev6.erresse-shop.it\/fr\/shop\/table-fr-2\/cocktail-fr\/sambonet-paderno-set-de-mixologie-3-pieces-martini-or\/"]}]},{"@type":"ImageObject","inLanguage":"fr-FR","@id":"https:\/\/dev6.erresse-shop.it\/fr\/shop\/table-fr-2\/cocktail-fr\/sambonet-paderno-set-de-mixologie-3-pieces-martini-or\/#primaryimage","url":"https:\/\/i3.wp.com\/interpim.erresse-shop.it\/wp-content\/uploads\/2022\/11\/SAMBONET-Paderno-Mixology-Set-3-Pezzi-Martini-Oro.jpg\/sambonet-paderno-mixology-set-3-pezzi-martini-oro.jpg?ssl=1","contentUrl":"https:\/\/i3.wp.com\/interpim.erresse-shop.it\/wp-content\/uploads\/2022\/11\/SAMBONET-Paderno-Mixology-Set-3-Pezzi-Martini-Oro.jpg\/sambonet-paderno-mixology-set-3-pezzi-martini-oro.jpg?ssl=1"},{"@type":"BreadcrumbList","@id":"https:\/\/dev6.erresse-shop.it\/fr\/shop\/table-fr-2\/cocktail-fr\/sambonet-paderno-set-de-mixologie-3-pieces-martini-or\/#breadcrumb","itemListElement":[{"@type":"ListItem","position":1,"name":"Home","item":"https:\/\/dev6.erresse-shop.it\/"},{"@type":"ListItem","position":2,"name":"Boutique","item":"https:\/\/dev6.erresse-shop.it\/shop\/"},{"@type":"ListItem","position":3,"name":"SAMBONET Paderno Set de Mixologie 3 Pi\u00e8ces Martini Or"}]},{"@type":"WebSite","@id":"https:\/\/dev6.erresse-shop.it\/#website","url":"https:\/\/dev6.erresse-shop.it\/","name":"Erresse Shop","description":"","publisher":{"@id":"https:\/\/dev6.erresse-shop.it\/#organization"},"potentialAction":[{"@type":"SearchAction","target":{"@type":"EntryPoint","urlTemplate":"https:\/\/dev6.erresse-shop.it\/?s={search_term_string}"},"query-input":{"@type":"PropertyValueSpecification","valueRequired":true,"valueName":"search_term_string"}}],"inLanguage":"fr-FR"},{"@type":"Organization","@id":"https:\/\/dev6.erresse-shop.it\/#organization","name":"Erresse Shop","url":"https:\/\/dev6.erresse-shop.it\/","logo":{"@type":"ImageObject","inLanguage":"fr-FR","@id":"https:\/\/dev6.erresse-shop.it\/#\/schema\/logo\/image\/","url":"https:\/\/dev6.erresse-shop.it\/wp-content\/uploads\/2025\/01\/LOGO-ERRESSE-CLASSICO.svg","contentUrl":"https:\/\/dev6.erresse-shop.it\/wp-content\/uploads\/2025\/01\/LOGO-ERRESSE-CLASSICO.svg","caption":"Erresse Shop"},"image":{"@id":"https:\/\/dev6.erresse-shop.it\/#\/schema\/logo\/image\/"}}]}},"df_price":59,"df_sale_price":59,"df_regular_price":69.9,"df_image_link":"https:\/\/i3.wp.com\/interpim.erresse-shop.it\/wp-content\/uploads\/2022\/11\/SAMBONET-Paderno-Mixology-Set-3-Pezzi-Martini-Oro.jpg\/sambonet-paderno-mixology-set-3-pezzi-martini-oro.jpg?resize=300,300&ssl=1","fifu_image_url":"https:\/\/interpim.erresse-shop.it\/wp-content\/uploads\/2022\/11\/SAMBONET-Paderno-Mixology-Set-3-Pezzi-Martini-Oro.jpg\/sambonet-paderno-mixology-set-3-pezzi-martini-oro.jpg","_links":{"self":[{"href":"https:\/\/dev6.erresse-shop.it\/fr\/wp-json\/wp\/v2\/product\/60590","targetHints":{"allow":["GET"]}}],"collection":[{"href":"https:\/\/dev6.erresse-shop.it\/fr\/wp-json\/wp\/v2\/product"}],"about":[{"href":"https:\/\/dev6.erresse-shop.it\/fr\/wp-json\/wp\/v2\/types\/product"}],"wp:featuredmedia":[{"embeddable":true,"href":"https:\/\/dev6.erresse-shop.it\/fr\/wp-json\/wp\/v2\/media\/6358447"}],"wp:attachment":[{"href":"https:\/\/dev6.erresse-shop.it\/fr\/wp-json\/wp\/v2\/media?parent=60590"}],"wp:term":[{"taxonomy":"product_cat","embeddable":true,"href":"https:\/\/dev6.erresse-shop.it\/fr\/wp-json\/wp\/v2\/product_cat?post=60590"},{"taxonomy":"product_tag","embeddable":true,"href":"https:\/\/dev6.erresse-shop.it\/fr\/wp-json\/wp\/v2\/product_tag?post=60590"}],"curies":[{"name":"wp","href":"https:\/\/api.w.org\/{rel}","templated":true}]}}