{"id":60586,"date":"2026-04-12T09:13:54","date_gmt":"2026-04-12T07:13:54","guid":{"rendered":"https:\/\/dev6.erresse-shop.it\/shop\/non%20class\u00e9\/sambonet-paderno-mixology-set-de-2-tasses-a-martini-or\/"},"modified":"2025-11-22T17:59:40","modified_gmt":"2025-11-22T16:59:40","slug":"sambonet-paderno-mixology-set-de-2-tasses-a-martini-or","status":"publish","type":"product","link":"https:\/\/dev6.erresse-shop.it\/fr\/shop\/table-fr-2\/cocktail-fr\/sambonet-paderno-mixology-set-de-2-tasses-a-martini-or\/","title":{"rendered":"SAMBONET Paderno Mixology Set de 2 tasses \u00e0 Martini Or"},"content":{"rendered":"<p>Rapide \u00e0 pr\u00e9parer et savoureux dans toutes les combinaisons. Servez-le en ajoutant l\u2019\u00e9l\u00e9gant zeste de citron, pour accompagner un plateau de fromages et de charcuterie lors d\u2019un ap\u00e9ritif, ou pour une une boisson savoureuse apr\u00e8s le repas. Traditionnellement, le Vodka Martini ne doit \u00eatre que remu\u00e9, et non secou\u00e9, pour \u00e9viter de le troubler. Mais pouvons-nous peut-\u00eatre contredire James Bond et son embl\u00e9matique \u201cMartini secou\u00e9, pas remu\u00e9\u201d ?<\/p>\n<p>Mat\u00e9riau : Acier inoxydable<\/p>\n<p>Nombre de pi\u00e8ces dans le set : 2<\/p>\n","protected":false},"excerpt":{"rendered":"<p>Rapide \u00e0 pr\u00e9parer et savoureux dans toutes les combinaisons. Servez-le en ajoutant l\u2019\u00e9l\u00e9gant zeste de citron, pour accompagner un plateau de fromages et de charcuterie lors d\u2019un ap\u00e9ritif, ou pour une une boisson savoureuse apr\u00e8s le repas. Traditionnellement, le Vodka Martini ne doit \u00eatre que remu\u00e9, et non secou\u00e9, pour \u00e9viter de le troubler. Mais [&hellip;]<\/p>\n","protected":false},"featured_media":6358440,"template":"","meta":{"_acf_changed":false},"product_cat":[12046,11995,11671],"product_tag":[],"class_list":{"0":"post-60586","1":"product","2":"type-product","3":"status-publish","4":"has-post-thumbnail","6":"product_cat-cocktail-fr","7":"product_cat-table-fr-2","8":"product_cat-tavola","10":"first","11":"outofstock","12":"taxable","13":"shipping-taxable","14":"purchasable","15":"product-type-simple","swatches":"rey-swatches","show_selected":"","stretch_labels":"rey-swatches--stretch-labels"},"acf":[],"yoast_head":"<!-- This site is optimized with the Yoast SEO plugin v25.4 - https:\/\/yoast.com\/wordpress\/plugins\/seo\/ -->\n<title>SAMBONET Paderno Mixology Set de 2 tasses \u00e0 Martini Or - dev6 Erresse<\/title>\n<meta name=\"description\" content=\"Rapide \u00e0 pr\u00e9parer et savoureux dans toutes les combinaisons. Servez-le en ajoutant l\u2019\u00e9l\u00e9gant zeste de citron, pour accompagner un plateau de fromages et\" \/>\n<meta name=\"robots\" content=\"noindex, follow, max-snippet:-1, max-image-preview:large, max-video-preview:-1\" \/>\n<meta property=\"og:locale\" content=\"fr_FR\" \/>\n<meta property=\"og:type\" content=\"article\" \/>\n<meta property=\"og:title\" content=\"SAMBONET Paderno Mixology Set de 2 tasses \u00e0 Martini Or - dev6 Erresse\" \/>\n<meta property=\"og:description\" content=\"Rapide \u00e0 pr\u00e9parer et savoureux dans toutes les combinaisons. Servez-le en ajoutant l\u2019\u00e9l\u00e9gant zeste de citron, pour accompagner un plateau de fromages et\" \/>\n<meta property=\"og:url\" content=\"https:\/\/dev6.erresse-shop.it\/fr\/shop\/table-fr-2\/cocktail-fr\/sambonet-paderno-mixology-set-de-2-tasses-a-martini-or\/\" \/>\n<meta property=\"og:site_name\" content=\"dev6 Erresse\" \/>\n<meta property=\"og:image\" content=\"https:\/\/interpim.erresse-shop.it\/Import\/Prodotti\/41494-g2.jpg\" \/><meta property=\"og:image\" content=\"https:\/\/interpim.erresse-shop.it\/Import\/Prodotti\/41494-g2.jpg\" \/>\n\t<meta property=\"og:image:width\" content=\"1024\" \/>\n\t<meta property=\"og:image:height\" content=\"1024\" \/>\n\t<meta property=\"og:image:type\" content=\"image\/jpeg\" \/>\n<meta name=\"twitter:card\" content=\"summary_large_image\" \/>\n<meta name=\"twitter:image\" content=\"https:\/\/interpim.erresse-shop.it\/Import\/Prodotti\/41494-g2.jpg\" \/>\n<script type=\"application\/ld+json\" class=\"yoast-schema-graph\">{\"@context\":\"https:\/\/schema.org\",\"@graph\":[{\"@type\":\"WebPage\",\"@id\":\"https:\/\/dev6.erresse-shop.it\/fr\/shop\/table-fr-2\/cocktail-fr\/sambonet-paderno-mixology-set-de-2-tasses-a-martini-or\/\",\"url\":\"https:\/\/dev6.erresse-shop.it\/fr\/shop\/table-fr-2\/cocktail-fr\/sambonet-paderno-mixology-set-de-2-tasses-a-martini-or\/\",\"name\":\"SAMBONET Paderno Mixology Set de 2 tasses \u00e0 Martini Or - dev6 Erresse\",\"isPartOf\":{\"@id\":\"https:\/\/dev6.erresse-shop.it\/#website\"},\"primaryImageOfPage\":{\"@id\":\"https:\/\/dev6.erresse-shop.it\/fr\/shop\/table-fr-2\/cocktail-fr\/sambonet-paderno-mixology-set-de-2-tasses-a-martini-or\/#primaryimage\"},\"image\":{\"@id\":\"https:\/\/dev6.erresse-shop.it\/fr\/shop\/table-fr-2\/cocktail-fr\/sambonet-paderno-mixology-set-de-2-tasses-a-martini-or\/#primaryimage\"},\"thumbnailUrl\":\"https:\/\/i0.wp.com\/interpim.erresse-shop.it\/Import\/Prodotti\/41494-g2.jpg?ssl=1\",\"datePublished\":\"2026-04-12T07:13:54+00:00\",\"description\":\"Rapide \u00e0 pr\u00e9parer et savoureux dans toutes les combinaisons. Servez-le en ajoutant l\u2019\u00e9l\u00e9gant zeste de citron, pour accompagner un plateau de fromages et\",\"breadcrumb\":{\"@id\":\"https:\/\/dev6.erresse-shop.it\/fr\/shop\/table-fr-2\/cocktail-fr\/sambonet-paderno-mixology-set-de-2-tasses-a-martini-or\/#breadcrumb\"},\"inLanguage\":\"fr-FR\",\"potentialAction\":[{\"@type\":\"ReadAction\",\"target\":[\"https:\/\/dev6.erresse-shop.it\/fr\/shop\/table-fr-2\/cocktail-fr\/sambonet-paderno-mixology-set-de-2-tasses-a-martini-or\/\"]}]},{\"@type\":\"ImageObject\",\"inLanguage\":\"fr-FR\",\"@id\":\"https:\/\/dev6.erresse-shop.it\/fr\/shop\/table-fr-2\/cocktail-fr\/sambonet-paderno-mixology-set-de-2-tasses-a-martini-or\/#primaryimage\",\"url\":\"https:\/\/i0.wp.com\/interpim.erresse-shop.it\/Import\/Prodotti\/41494-g2.jpg?ssl=1\",\"contentUrl\":\"https:\/\/i0.wp.com\/interpim.erresse-shop.it\/Import\/Prodotti\/41494-g2.jpg?ssl=1\"},{\"@type\":\"BreadcrumbList\",\"@id\":\"https:\/\/dev6.erresse-shop.it\/fr\/shop\/table-fr-2\/cocktail-fr\/sambonet-paderno-mixology-set-de-2-tasses-a-martini-or\/#breadcrumb\",\"itemListElement\":[{\"@type\":\"ListItem\",\"position\":1,\"name\":\"Home\",\"item\":\"https:\/\/dev6.erresse-shop.it\/\"},{\"@type\":\"ListItem\",\"position\":2,\"name\":\"Boutique\",\"item\":\"https:\/\/dev6.erresse-shop.it\/shop\/\"},{\"@type\":\"ListItem\",\"position\":3,\"name\":\"SAMBONET Paderno Mixology Set de 2 tasses \u00e0 Martini Or\"}]},{\"@type\":\"WebSite\",\"@id\":\"https:\/\/dev6.erresse-shop.it\/#website\",\"url\":\"https:\/\/dev6.erresse-shop.it\/\",\"name\":\"Erresse Shop\",\"description\":\"\",\"publisher\":{\"@id\":\"https:\/\/dev6.erresse-shop.it\/#organization\"},\"potentialAction\":[{\"@type\":\"SearchAction\",\"target\":{\"@type\":\"EntryPoint\",\"urlTemplate\":\"https:\/\/dev6.erresse-shop.it\/?s={search_term_string}\"},\"query-input\":{\"@type\":\"PropertyValueSpecification\",\"valueRequired\":true,\"valueName\":\"search_term_string\"}}],\"inLanguage\":\"fr-FR\"},{\"@type\":\"Organization\",\"@id\":\"https:\/\/dev6.erresse-shop.it\/#organization\",\"name\":\"Erresse Shop\",\"url\":\"https:\/\/dev6.erresse-shop.it\/\",\"logo\":{\"@type\":\"ImageObject\",\"inLanguage\":\"fr-FR\",\"@id\":\"https:\/\/dev6.erresse-shop.it\/#\/schema\/logo\/image\/\",\"url\":\"https:\/\/dev6.erresse-shop.it\/wp-content\/uploads\/2025\/01\/LOGO-ERRESSE-CLASSICO.svg\",\"contentUrl\":\"https:\/\/dev6.erresse-shop.it\/wp-content\/uploads\/2025\/01\/LOGO-ERRESSE-CLASSICO.svg\",\"caption\":\"Erresse Shop\"},\"image\":{\"@id\":\"https:\/\/dev6.erresse-shop.it\/#\/schema\/logo\/image\/\"}}]}<\/script>\n<!-- \/ Yoast SEO plugin. -->","yoast_head_json":{"title":"SAMBONET Paderno Mixology Set de 2 tasses \u00e0 Martini Or - dev6 Erresse","description":"Rapide \u00e0 pr\u00e9parer et savoureux dans toutes les combinaisons. Servez-le en ajoutant l\u2019\u00e9l\u00e9gant zeste de citron, pour accompagner un plateau de fromages et","robots":{"index":"noindex","follow":"follow","max-snippet":"max-snippet:-1","max-image-preview":"max-image-preview:large","max-video-preview":"max-video-preview:-1"},"og_locale":"fr_FR","og_type":"article","og_title":"SAMBONET Paderno Mixology Set de 2 tasses \u00e0 Martini Or - dev6 Erresse","og_description":"Rapide \u00e0 pr\u00e9parer et savoureux dans toutes les combinaisons. Servez-le en ajoutant l\u2019\u00e9l\u00e9gant zeste de citron, pour accompagner un plateau de fromages et","og_url":"https:\/\/dev6.erresse-shop.it\/fr\/shop\/table-fr-2\/cocktail-fr\/sambonet-paderno-mixology-set-de-2-tasses-a-martini-or\/","og_site_name":"dev6 Erresse","og_image":[{"url":"https:\/\/interpim.erresse-shop.it\/Import\/Prodotti\/41494-g2.jpg","type":"","width":"","height":""},{"url":"https:\/\/interpim.erresse-shop.it\/Import\/Prodotti\/41494-g2.jpg","width":1024,"height":1024,"type":"image\/jpeg"}],"twitter_card":"summary_large_image","twitter_image":"https:\/\/interpim.erresse-shop.it\/Import\/Prodotti\/41494-g2.jpg","schema":{"@context":"https:\/\/schema.org","@graph":[{"@type":"WebPage","@id":"https:\/\/dev6.erresse-shop.it\/fr\/shop\/table-fr-2\/cocktail-fr\/sambonet-paderno-mixology-set-de-2-tasses-a-martini-or\/","url":"https:\/\/dev6.erresse-shop.it\/fr\/shop\/table-fr-2\/cocktail-fr\/sambonet-paderno-mixology-set-de-2-tasses-a-martini-or\/","name":"SAMBONET Paderno Mixology Set de 2 tasses \u00e0 Martini Or - dev6 Erresse","isPartOf":{"@id":"https:\/\/dev6.erresse-shop.it\/#website"},"primaryImageOfPage":{"@id":"https:\/\/dev6.erresse-shop.it\/fr\/shop\/table-fr-2\/cocktail-fr\/sambonet-paderno-mixology-set-de-2-tasses-a-martini-or\/#primaryimage"},"image":{"@id":"https:\/\/dev6.erresse-shop.it\/fr\/shop\/table-fr-2\/cocktail-fr\/sambonet-paderno-mixology-set-de-2-tasses-a-martini-or\/#primaryimage"},"thumbnailUrl":"https:\/\/i0.wp.com\/interpim.erresse-shop.it\/Import\/Prodotti\/41494-g2.jpg?ssl=1","datePublished":"2026-04-12T07:13:54+00:00","description":"Rapide \u00e0 pr\u00e9parer et savoureux dans toutes les combinaisons. Servez-le en ajoutant l\u2019\u00e9l\u00e9gant zeste de citron, pour accompagner un plateau de fromages et","breadcrumb":{"@id":"https:\/\/dev6.erresse-shop.it\/fr\/shop\/table-fr-2\/cocktail-fr\/sambonet-paderno-mixology-set-de-2-tasses-a-martini-or\/#breadcrumb"},"inLanguage":"fr-FR","potentialAction":[{"@type":"ReadAction","target":["https:\/\/dev6.erresse-shop.it\/fr\/shop\/table-fr-2\/cocktail-fr\/sambonet-paderno-mixology-set-de-2-tasses-a-martini-or\/"]}]},{"@type":"ImageObject","inLanguage":"fr-FR","@id":"https:\/\/dev6.erresse-shop.it\/fr\/shop\/table-fr-2\/cocktail-fr\/sambonet-paderno-mixology-set-de-2-tasses-a-martini-or\/#primaryimage","url":"https:\/\/i0.wp.com\/interpim.erresse-shop.it\/Import\/Prodotti\/41494-g2.jpg?ssl=1","contentUrl":"https:\/\/i0.wp.com\/interpim.erresse-shop.it\/Import\/Prodotti\/41494-g2.jpg?ssl=1"},{"@type":"BreadcrumbList","@id":"https:\/\/dev6.erresse-shop.it\/fr\/shop\/table-fr-2\/cocktail-fr\/sambonet-paderno-mixology-set-de-2-tasses-a-martini-or\/#breadcrumb","itemListElement":[{"@type":"ListItem","position":1,"name":"Home","item":"https:\/\/dev6.erresse-shop.it\/"},{"@type":"ListItem","position":2,"name":"Boutique","item":"https:\/\/dev6.erresse-shop.it\/shop\/"},{"@type":"ListItem","position":3,"name":"SAMBONET Paderno Mixology Set de 2 tasses \u00e0 Martini Or"}]},{"@type":"WebSite","@id":"https:\/\/dev6.erresse-shop.it\/#website","url":"https:\/\/dev6.erresse-shop.it\/","name":"Erresse Shop","description":"","publisher":{"@id":"https:\/\/dev6.erresse-shop.it\/#organization"},"potentialAction":[{"@type":"SearchAction","target":{"@type":"EntryPoint","urlTemplate":"https:\/\/dev6.erresse-shop.it\/?s={search_term_string}"},"query-input":{"@type":"PropertyValueSpecification","valueRequired":true,"valueName":"search_term_string"}}],"inLanguage":"fr-FR"},{"@type":"Organization","@id":"https:\/\/dev6.erresse-shop.it\/#organization","name":"Erresse Shop","url":"https:\/\/dev6.erresse-shop.it\/","logo":{"@type":"ImageObject","inLanguage":"fr-FR","@id":"https:\/\/dev6.erresse-shop.it\/#\/schema\/logo\/image\/","url":"https:\/\/dev6.erresse-shop.it\/wp-content\/uploads\/2025\/01\/LOGO-ERRESSE-CLASSICO.svg","contentUrl":"https:\/\/dev6.erresse-shop.it\/wp-content\/uploads\/2025\/01\/LOGO-ERRESSE-CLASSICO.svg","caption":"Erresse Shop"},"image":{"@id":"https:\/\/dev6.erresse-shop.it\/#\/schema\/logo\/image\/"}}]}},"df_price":44.9,"df_sale_price":"","df_regular_price":44.9,"df_image_link":"https:\/\/i0.wp.com\/interpim.erresse-shop.it\/Import\/Prodotti\/41494-g2.jpg?resize=300,300&ssl=1","fifu_image_url":"https:\/\/interpim.erresse-shop.it\/Import\/Prodotti\/41494-g2.jpg","_links":{"self":[{"href":"https:\/\/dev6.erresse-shop.it\/fr\/wp-json\/wp\/v2\/product\/60586","targetHints":{"allow":["GET"]}}],"collection":[{"href":"https:\/\/dev6.erresse-shop.it\/fr\/wp-json\/wp\/v2\/product"}],"about":[{"href":"https:\/\/dev6.erresse-shop.it\/fr\/wp-json\/wp\/v2\/types\/product"}],"wp:featuredmedia":[{"embeddable":true,"href":"https:\/\/dev6.erresse-shop.it\/fr\/wp-json\/wp\/v2\/media\/6358440"}],"wp:attachment":[{"href":"https:\/\/dev6.erresse-shop.it\/fr\/wp-json\/wp\/v2\/media?parent=60586"}],"wp:term":[{"taxonomy":"product_cat","embeddable":true,"href":"https:\/\/dev6.erresse-shop.it\/fr\/wp-json\/wp\/v2\/product_cat?post=60586"},{"taxonomy":"product_tag","embeddable":true,"href":"https:\/\/dev6.erresse-shop.it\/fr\/wp-json\/wp\/v2\/product_tag?post=60586"}],"curies":[{"name":"wp","href":"https:\/\/api.w.org\/{rel}","templated":true}]}}