{"id":60538,"date":"2026-04-12T09:13:54","date_gmt":"2026-04-12T07:13:54","guid":{"rendered":"https:\/\/dev6.erresse-shop.it\/shop\/non%20class\u00e9\/le-creuset-tire-bouchon-lm-450-argent\/"},"modified":"2025-11-30T17:51:30","modified_gmt":"2025-11-30T16:51:30","slug":"le-creuset-tire-bouchon-lm-450-argent","status":"publish","type":"product","link":"https:\/\/dev6.erresse-shop.it\/fr\/shop\/table-fr-2\/vin\/tire-bouchons\/le-creuset-tire-bouchon-lm-450-argent\/","title":{"rendered":"LE CREUSET Tire-bouchon LM-450 Argent"},"content":{"rendered":"<p>Combinaison de design \u00e9l\u00e9gant et de simplicit\u00e9, ce tire-bouchon fait de l\u2019ouverture de votre nouveau vin pr\u00e9f\u00e9r\u00e9 un jeu d\u2019enfant. La technologie brevet\u00e9e du twist permet de retirer facilement le bouchon, tandis que la construction de haute qualit\u00e9 r\u00e9siste aux chocs et pr\u00e9sente une finition agr\u00e9able au toucher. Cet accessoire est con\u00e7u pour ouvrir plus de 2 500 bouteilles sans avoir \u00e0 remplacer la spirale.<\/p>\n<p>D\u00e9tails<br \/>\nL\u2019innovation en action : la technologie de rotation int\u00e9gr\u00e9e offre d\u2019excellentes performances avec un minimum d\u2019efforts.<br \/>\nLe meilleur de sa cat\u00e9gorie : nos produits sont fabriqu\u00e9s \u00e0 partir des meilleurs mat\u00e9riaux dans des usines du monde entier afin de garantir la qualit\u00e9 que vous attendez de Le Creuset.<\/p>\n<p>Mat\u00e9riau thermoplastique<br \/>\nFabriqu\u00e9 en Chine<br \/>\nGarantie de 10 ans<\/p>\n<p>Dimensions<br \/>\nLongueur : 17,8 cm<br \/>\nLargeur : 11,4 cm<br \/>\nHauteur : 5 cm<\/p>\n<p>Recommandations d\u2019utilisation<br \/>\nAvant la premi\u00e8re utilisation<br \/>\nProfitez du moment o\u00f9 vous ouvrez l\u2019emballage de votre nouvel achat ! Et veillez \u00e0 retirer toutes les \u00e9tiquettes et tous les emballages.<br \/>\nAvant d\u2019utiliser vos accessoires pour le vin pour la premi\u00e8re fois, consultez toujours le mode d\u2019emploi de votre mod\u00e8le sp\u00e9cifique.<\/p>\n<p>Nettoyer<br \/>\nFaites attention lorsque vous nettoyez le tire-bouchon : la pointe est tranchante !<br \/>\nDe temps en temps, nettoyez le tire-bouchon \u00e0 l\u2019aide d\u2019un chiffon humide ou d\u2019eau chaude savonneuse.<br \/>\nApr\u00e8s le lavage, s\u00e9chez soigneusement le produit et stockez-le dans un endroit sec.<\/p>\n<p>Utilisez<br \/>\nRetirez toute capsule recouvrant le bouchon et v\u00e9rifiez que le col et le bord de la bouteille sont exempts d\u2019\u00e9clats et de fissures.<br \/>\nPour l\u2019ouvrir, placez la bouteille sur une surface ferme et plate.<br \/>\nAttention \u00e0 l\u2019ouverture : la pointe du tire-bouchon est tranchante ! Avant d\u2019ouvrir, assurez-vous que le tire-bouchon repose fermement sur le goulot de la bouteille.<br \/>\nVous avez besoin de remplacer une spirale us\u00e9e ? D\u00e9vissez le capuchon de protection chrom\u00e9, retirez l\u2019ancienne spirale, puis ins\u00e9rez la nouvelle spirale et replacez le capuchon de protection. Avant de commencer, consultez toujours les instructions relatives \u00e0 votre mod\u00e8le sp\u00e9cifique.<\/p>\n","protected":false},"excerpt":{"rendered":"<p>Combinaison de design \u00e9l\u00e9gant et de simplicit\u00e9, ce tire-bouchon fait de l\u2019ouverture de votre nouveau vin pr\u00e9f\u00e9r\u00e9 un jeu d\u2019enfant. La technologie brevet\u00e9e du twist permet de retirer facilement le bouchon, tandis que la construction de haute qualit\u00e9 r\u00e9siste aux chocs et pr\u00e9sente une finition agr\u00e9able au toucher. Cet accessoire est con\u00e7u pour ouvrir plus [&hellip;]<\/p>\n","protected":false},"featured_media":6358165,"template":"","meta":{"_acf_changed":false},"product_cat":[11995,12080,12069],"product_tag":[],"class_list":{"0":"post-60538","1":"product","2":"type-product","3":"status-publish","4":"has-post-thumbnail","6":"product_cat-table-fr-2","7":"product_cat-tire-bouchons","8":"product_cat-vin","10":"first","11":"outofstock","12":"sale","13":"taxable","14":"shipping-taxable","15":"purchasable","16":"product-type-simple","swatches":"rey-swatches","show_selected":"","stretch_labels":"rey-swatches--stretch-labels"},"acf":[],"yoast_head":"<!-- This site is optimized with the Yoast SEO plugin v25.4 - https:\/\/yoast.com\/wordpress\/plugins\/seo\/ -->\n<title>LE CREUSET Tire-bouchon LM-450 Argent - dev6 Erresse<\/title>\n<meta name=\"description\" content=\"Combinaison de design \u00e9l\u00e9gant et de simplicit\u00e9, ce tire-bouchon fait de l\u2019ouverture de votre nouveau vin pr\u00e9f\u00e9r\u00e9 un jeu d\u2019enfant. La technologie brevet\u00e9e\" \/>\n<meta name=\"robots\" content=\"noindex, follow, max-snippet:-1, max-image-preview:large, max-video-preview:-1\" \/>\n<meta property=\"og:locale\" content=\"fr_FR\" \/>\n<meta property=\"og:type\" content=\"article\" \/>\n<meta property=\"og:title\" content=\"LE CREUSET Tire-bouchon LM-450 Argent - dev6 Erresse\" \/>\n<meta property=\"og:description\" content=\"Combinaison de design \u00e9l\u00e9gant et de simplicit\u00e9, ce tire-bouchon fait de l\u2019ouverture de votre nouveau vin pr\u00e9f\u00e9r\u00e9 un jeu d\u2019enfant. La technologie brevet\u00e9e\" \/>\n<meta property=\"og:url\" content=\"https:\/\/dev6.erresse-shop.it\/fr\/shop\/table-fr-2\/vin\/tire-bouchons\/le-creuset-tire-bouchon-lm-450-argent\/\" \/>\n<meta property=\"og:site_name\" content=\"dev6 Erresse\" \/>\n<meta property=\"og:image\" content=\"https:\/\/interpim.erresse-shop.it\/Import\/Prodotti\/le-creuset-apribottiglie-lm-450.jpg\" \/><meta property=\"og:image\" content=\"https:\/\/interpim.erresse-shop.it\/Import\/Prodotti\/le-creuset-apribottiglie-lm-450.jpg\" \/>\n\t<meta property=\"og:image:width\" content=\"1024\" \/>\n\t<meta property=\"og:image:height\" content=\"1024\" \/>\n\t<meta property=\"og:image:type\" content=\"image\/jpeg\" \/>\n<meta name=\"twitter:card\" content=\"summary_large_image\" \/>\n<meta name=\"twitter:image\" content=\"https:\/\/interpim.erresse-shop.it\/Import\/Prodotti\/le-creuset-apribottiglie-lm-450.jpg\" \/>\n<script type=\"application\/ld+json\" class=\"yoast-schema-graph\">{\"@context\":\"https:\/\/schema.org\",\"@graph\":[{\"@type\":\"WebPage\",\"@id\":\"https:\/\/dev6.erresse-shop.it\/fr\/shop\/table-fr-2\/vin\/tire-bouchons\/le-creuset-tire-bouchon-lm-450-argent\/\",\"url\":\"https:\/\/dev6.erresse-shop.it\/fr\/shop\/table-fr-2\/vin\/tire-bouchons\/le-creuset-tire-bouchon-lm-450-argent\/\",\"name\":\"LE CREUSET Tire-bouchon LM-450 Argent - dev6 Erresse\",\"isPartOf\":{\"@id\":\"https:\/\/dev6.erresse-shop.it\/#website\"},\"primaryImageOfPage\":{\"@id\":\"https:\/\/dev6.erresse-shop.it\/fr\/shop\/table-fr-2\/vin\/tire-bouchons\/le-creuset-tire-bouchon-lm-450-argent\/#primaryimage\"},\"image\":{\"@id\":\"https:\/\/dev6.erresse-shop.it\/fr\/shop\/table-fr-2\/vin\/tire-bouchons\/le-creuset-tire-bouchon-lm-450-argent\/#primaryimage\"},\"thumbnailUrl\":\"https:\/\/i2.wp.com\/interpim.erresse-shop.it\/Import\/Prodotti\/le-creuset-apribottiglie-lm-450.jpg?ssl=1\",\"datePublished\":\"2026-04-12T07:13:54+00:00\",\"description\":\"Combinaison de design \u00e9l\u00e9gant et de simplicit\u00e9, ce tire-bouchon fait de l\u2019ouverture de votre nouveau vin pr\u00e9f\u00e9r\u00e9 un jeu d\u2019enfant. La technologie brevet\u00e9e\",\"breadcrumb\":{\"@id\":\"https:\/\/dev6.erresse-shop.it\/fr\/shop\/table-fr-2\/vin\/tire-bouchons\/le-creuset-tire-bouchon-lm-450-argent\/#breadcrumb\"},\"inLanguage\":\"fr-FR\",\"potentialAction\":[{\"@type\":\"ReadAction\",\"target\":[\"https:\/\/dev6.erresse-shop.it\/fr\/shop\/table-fr-2\/vin\/tire-bouchons\/le-creuset-tire-bouchon-lm-450-argent\/\"]}]},{\"@type\":\"ImageObject\",\"inLanguage\":\"fr-FR\",\"@id\":\"https:\/\/dev6.erresse-shop.it\/fr\/shop\/table-fr-2\/vin\/tire-bouchons\/le-creuset-tire-bouchon-lm-450-argent\/#primaryimage\",\"url\":\"https:\/\/i2.wp.com\/interpim.erresse-shop.it\/Import\/Prodotti\/le-creuset-apribottiglie-lm-450.jpg?ssl=1\",\"contentUrl\":\"https:\/\/i2.wp.com\/interpim.erresse-shop.it\/Import\/Prodotti\/le-creuset-apribottiglie-lm-450.jpg?ssl=1\"},{\"@type\":\"BreadcrumbList\",\"@id\":\"https:\/\/dev6.erresse-shop.it\/fr\/shop\/table-fr-2\/vin\/tire-bouchons\/le-creuset-tire-bouchon-lm-450-argent\/#breadcrumb\",\"itemListElement\":[{\"@type\":\"ListItem\",\"position\":1,\"name\":\"Home\",\"item\":\"https:\/\/dev6.erresse-shop.it\/\"},{\"@type\":\"ListItem\",\"position\":2,\"name\":\"Boutique\",\"item\":\"https:\/\/dev6.erresse-shop.it\/shop\/\"},{\"@type\":\"ListItem\",\"position\":3,\"name\":\"LE CREUSET Tire-bouchon LM-450 Argent\"}]},{\"@type\":\"WebSite\",\"@id\":\"https:\/\/dev6.erresse-shop.it\/#website\",\"url\":\"https:\/\/dev6.erresse-shop.it\/\",\"name\":\"Erresse Shop\",\"description\":\"\",\"publisher\":{\"@id\":\"https:\/\/dev6.erresse-shop.it\/#organization\"},\"potentialAction\":[{\"@type\":\"SearchAction\",\"target\":{\"@type\":\"EntryPoint\",\"urlTemplate\":\"https:\/\/dev6.erresse-shop.it\/?s={search_term_string}\"},\"query-input\":{\"@type\":\"PropertyValueSpecification\",\"valueRequired\":true,\"valueName\":\"search_term_string\"}}],\"inLanguage\":\"fr-FR\"},{\"@type\":\"Organization\",\"@id\":\"https:\/\/dev6.erresse-shop.it\/#organization\",\"name\":\"Erresse Shop\",\"url\":\"https:\/\/dev6.erresse-shop.it\/\",\"logo\":{\"@type\":\"ImageObject\",\"inLanguage\":\"fr-FR\",\"@id\":\"https:\/\/dev6.erresse-shop.it\/#\/schema\/logo\/image\/\",\"url\":\"https:\/\/dev6.erresse-shop.it\/wp-content\/uploads\/2025\/01\/LOGO-ERRESSE-CLASSICO.svg\",\"contentUrl\":\"https:\/\/dev6.erresse-shop.it\/wp-content\/uploads\/2025\/01\/LOGO-ERRESSE-CLASSICO.svg\",\"caption\":\"Erresse Shop\"},\"image\":{\"@id\":\"https:\/\/dev6.erresse-shop.it\/#\/schema\/logo\/image\/\"}}]}<\/script>\n<!-- \/ Yoast SEO plugin. -->","yoast_head_json":{"title":"LE CREUSET Tire-bouchon LM-450 Argent - dev6 Erresse","description":"Combinaison de design \u00e9l\u00e9gant et de simplicit\u00e9, ce tire-bouchon fait de l\u2019ouverture de votre nouveau vin pr\u00e9f\u00e9r\u00e9 un jeu d\u2019enfant. La technologie brevet\u00e9e","robots":{"index":"noindex","follow":"follow","max-snippet":"max-snippet:-1","max-image-preview":"max-image-preview:large","max-video-preview":"max-video-preview:-1"},"og_locale":"fr_FR","og_type":"article","og_title":"LE CREUSET Tire-bouchon LM-450 Argent - dev6 Erresse","og_description":"Combinaison de design \u00e9l\u00e9gant et de simplicit\u00e9, ce tire-bouchon fait de l\u2019ouverture de votre nouveau vin pr\u00e9f\u00e9r\u00e9 un jeu d\u2019enfant. La technologie brevet\u00e9e","og_url":"https:\/\/dev6.erresse-shop.it\/fr\/shop\/table-fr-2\/vin\/tire-bouchons\/le-creuset-tire-bouchon-lm-450-argent\/","og_site_name":"dev6 Erresse","og_image":[{"url":"https:\/\/interpim.erresse-shop.it\/Import\/Prodotti\/le-creuset-apribottiglie-lm-450.jpg","type":"","width":"","height":""},{"url":"https:\/\/interpim.erresse-shop.it\/Import\/Prodotti\/le-creuset-apribottiglie-lm-450.jpg","width":1024,"height":1024,"type":"image\/jpeg"}],"twitter_card":"summary_large_image","twitter_image":"https:\/\/interpim.erresse-shop.it\/Import\/Prodotti\/le-creuset-apribottiglie-lm-450.jpg","schema":{"@context":"https:\/\/schema.org","@graph":[{"@type":"WebPage","@id":"https:\/\/dev6.erresse-shop.it\/fr\/shop\/table-fr-2\/vin\/tire-bouchons\/le-creuset-tire-bouchon-lm-450-argent\/","url":"https:\/\/dev6.erresse-shop.it\/fr\/shop\/table-fr-2\/vin\/tire-bouchons\/le-creuset-tire-bouchon-lm-450-argent\/","name":"LE CREUSET Tire-bouchon LM-450 Argent - dev6 Erresse","isPartOf":{"@id":"https:\/\/dev6.erresse-shop.it\/#website"},"primaryImageOfPage":{"@id":"https:\/\/dev6.erresse-shop.it\/fr\/shop\/table-fr-2\/vin\/tire-bouchons\/le-creuset-tire-bouchon-lm-450-argent\/#primaryimage"},"image":{"@id":"https:\/\/dev6.erresse-shop.it\/fr\/shop\/table-fr-2\/vin\/tire-bouchons\/le-creuset-tire-bouchon-lm-450-argent\/#primaryimage"},"thumbnailUrl":"https:\/\/i2.wp.com\/interpim.erresse-shop.it\/Import\/Prodotti\/le-creuset-apribottiglie-lm-450.jpg?ssl=1","datePublished":"2026-04-12T07:13:54+00:00","description":"Combinaison de design \u00e9l\u00e9gant et de simplicit\u00e9, ce tire-bouchon fait de l\u2019ouverture de votre nouveau vin pr\u00e9f\u00e9r\u00e9 un jeu d\u2019enfant. La technologie brevet\u00e9e","breadcrumb":{"@id":"https:\/\/dev6.erresse-shop.it\/fr\/shop\/table-fr-2\/vin\/tire-bouchons\/le-creuset-tire-bouchon-lm-450-argent\/#breadcrumb"},"inLanguage":"fr-FR","potentialAction":[{"@type":"ReadAction","target":["https:\/\/dev6.erresse-shop.it\/fr\/shop\/table-fr-2\/vin\/tire-bouchons\/le-creuset-tire-bouchon-lm-450-argent\/"]}]},{"@type":"ImageObject","inLanguage":"fr-FR","@id":"https:\/\/dev6.erresse-shop.it\/fr\/shop\/table-fr-2\/vin\/tire-bouchons\/le-creuset-tire-bouchon-lm-450-argent\/#primaryimage","url":"https:\/\/i2.wp.com\/interpim.erresse-shop.it\/Import\/Prodotti\/le-creuset-apribottiglie-lm-450.jpg?ssl=1","contentUrl":"https:\/\/i2.wp.com\/interpim.erresse-shop.it\/Import\/Prodotti\/le-creuset-apribottiglie-lm-450.jpg?ssl=1"},{"@type":"BreadcrumbList","@id":"https:\/\/dev6.erresse-shop.it\/fr\/shop\/table-fr-2\/vin\/tire-bouchons\/le-creuset-tire-bouchon-lm-450-argent\/#breadcrumb","itemListElement":[{"@type":"ListItem","position":1,"name":"Home","item":"https:\/\/dev6.erresse-shop.it\/"},{"@type":"ListItem","position":2,"name":"Boutique","item":"https:\/\/dev6.erresse-shop.it\/shop\/"},{"@type":"ListItem","position":3,"name":"LE CREUSET Tire-bouchon LM-450 Argent"}]},{"@type":"WebSite","@id":"https:\/\/dev6.erresse-shop.it\/#website","url":"https:\/\/dev6.erresse-shop.it\/","name":"Erresse Shop","description":"","publisher":{"@id":"https:\/\/dev6.erresse-shop.it\/#organization"},"potentialAction":[{"@type":"SearchAction","target":{"@type":"EntryPoint","urlTemplate":"https:\/\/dev6.erresse-shop.it\/?s={search_term_string}"},"query-input":{"@type":"PropertyValueSpecification","valueRequired":true,"valueName":"search_term_string"}}],"inLanguage":"fr-FR"},{"@type":"Organization","@id":"https:\/\/dev6.erresse-shop.it\/#organization","name":"Erresse Shop","url":"https:\/\/dev6.erresse-shop.it\/","logo":{"@type":"ImageObject","inLanguage":"fr-FR","@id":"https:\/\/dev6.erresse-shop.it\/#\/schema\/logo\/image\/","url":"https:\/\/dev6.erresse-shop.it\/wp-content\/uploads\/2025\/01\/LOGO-ERRESSE-CLASSICO.svg","contentUrl":"https:\/\/dev6.erresse-shop.it\/wp-content\/uploads\/2025\/01\/LOGO-ERRESSE-CLASSICO.svg","caption":"Erresse Shop"},"image":{"@id":"https:\/\/dev6.erresse-shop.it\/#\/schema\/logo\/image\/"}}]}},"df_price":82.95,"df_sale_price":82.95,"df_regular_price":109,"df_image_link":"https:\/\/i2.wp.com\/interpim.erresse-shop.it\/Import\/Prodotti\/le-creuset-apribottiglie-lm-450.jpg?resize=300,300&ssl=1","fifu_image_url":"https:\/\/interpim.erresse-shop.it\/Import\/Prodotti\/le-creuset-apribottiglie-lm-450.jpg","_links":{"self":[{"href":"https:\/\/dev6.erresse-shop.it\/fr\/wp-json\/wp\/v2\/product\/60538","targetHints":{"allow":["GET"]}}],"collection":[{"href":"https:\/\/dev6.erresse-shop.it\/fr\/wp-json\/wp\/v2\/product"}],"about":[{"href":"https:\/\/dev6.erresse-shop.it\/fr\/wp-json\/wp\/v2\/types\/product"}],"wp:featuredmedia":[{"embeddable":true,"href":"https:\/\/dev6.erresse-shop.it\/fr\/wp-json\/wp\/v2\/media\/6358165"}],"wp:attachment":[{"href":"https:\/\/dev6.erresse-shop.it\/fr\/wp-json\/wp\/v2\/media?parent=60538"}],"wp:term":[{"taxonomy":"product_cat","embeddable":true,"href":"https:\/\/dev6.erresse-shop.it\/fr\/wp-json\/wp\/v2\/product_cat?post=60538"},{"taxonomy":"product_tag","embeddable":true,"href":"https:\/\/dev6.erresse-shop.it\/fr\/wp-json\/wp\/v2\/product_tag?post=60538"}],"curies":[{"name":"wp","href":"https:\/\/api.w.org\/{rel}","templated":true}]}}