{"id":60522,"date":"2026-04-04T09:12:07","date_gmt":"2026-04-04T07:12:07","guid":{"rendered":"https:\/\/dev6.erresse-shop.it\/shop\/non%20class\u00e9\/le-creuset-cocotte-haute-en-fonte-emaillee-24-cm-volcanique\/"},"modified":"2025-11-30T17:51:26","modified_gmt":"2025-11-30T16:51:26","slug":"le-creuset-cocotte-haute-en-fonte-emaillee-24-cm-volcanique","status":"publish","type":"product","link":"https:\/\/dev6.erresse-shop.it\/fr\/shop\/poeles-pots\/marmites-et-cocottes-poeles-pots\/le-creuset-cocotte-haute-en-fonte-emaillee-24-cm-volcanique\/","title":{"rendered":"LE CREUSET Cocotte haute en fonte \u00e9maill\u00e9e 24 cm Volcanique"},"content":{"rendered":"<p>Une multitude de possibilit\u00e9s<br \/>\nAvec ses hautes parois, cette cocotte en fonte \u00e9maill\u00e9e offrira de larges portions. Parfait pour faire des soupes, des rago\u00fbts et plus encore, plus particuli\u00e8rement lorsque vous aurez beaucoup d\u2019invit\u00e9s. Cette cocotte g\u00e9n\u00e9reuse et ultra-polyvalente peut facilement vous permettre de cuisiner des plats pour 8 \u00e0 10 convives. Placez-la sur la table et voil\u00e0 le repas est servi.<\/p>\n<p>D\u00e8tails du Produit<br \/>\nCaract\u00e9ristiques<br \/>\nPas d\u2019inqui\u00e9tude : notre bouton thermor\u00e9sistant (jusqu\u2019\u00e0 260 \u00b0C) est con\u00e7u pour vous offrir une meilleure prise en main, m\u00eame en portant un gant de cuisine pour soulever le couvercle.<br \/>\nUn nettoyage express : le rev\u00eatement \u00e9maill\u00e9 int\u00e9rieur facilite le nettoyage.<br \/>\nDes poign\u00e9es de r\u00eave : en saisissant ses grandes poign\u00e9es, vous pouvez facilement passer de la plaque de cuisson au four et \u00e0 la table, m\u00eame en portant des gants de cuisine.<br \/>\nUn ustensile ultra polyvalent : passe au four, sur les plaques de cuisson, y compris \u00e0 induction, et m\u00eame sous le gril.<br \/>\nDes plats savoureux : la conception en fonte \u00e9maill\u00e9e retient la chaleur pour une cuisson uniforme et dor\u00e9e. Vos plats gourmands resteront \u00e9galement plus longtemps au chaud \u00e0 table.<br \/>\nUne cuisson en vase clos : notre couvercle herm\u00e9tique amplifie la condensation des vapeurs de cuisson qui \u00e0 leur tour rehaussent les saveurs de vos pr\u00e9parations, pour un r\u00e9sultat sensationnel.<br \/>\nBonne prise en main : ses poign\u00e9es \u00e9l\u00e9gantes et agr\u00e9ables sont parfaites pour le soulever en toute s\u00e9curit\u00e9.<br \/>\nContr\u00f4le de la temp\u00e9rature : cuisinez \u00e0 feu doux ou mod\u00e9r\u00e9 pour prendre soin de votre fonte \u00e9maill\u00e9e et obtenir des r\u00e9sultats sensationnels.<br \/>\nLe summum de l\u2019excellence : nos produits sont fabriqu\u00e9s \u00e0 partir de mat\u00e9riaux haut de gamme dans des usines du monde entier, ce qui vous assure la qualit\u00e9 que vous \u00eates en droit d\u2019attendre d\u2019un produit Le Creuset.<\/p>\n<p>Mat\u00e9riau: Fonte \u00e9maill\u00e9e<br \/>\nFabriqu\u00e9 en: France<br \/>\nGarantie: Garantie \u00e0 vie<\/p>\n<p>Source de Chaleur<br \/>\nGril<br \/>\nFour<br \/>\nPlaque \u00e9lectrique<br \/>\nPlaque de cuisson en vitroc\u00e9ramique<br \/>\nGaz<br \/>\nInduction<\/p>\n<p>Dimensions<br \/>\nCapacit\u00e9: 5 L<br \/>\nLongueur: 32.5 cm<br \/>\nLargeur: 25.2 cm<br \/>\nHauteur: 18.7 cm<br \/>\nProfondeur: 13.1 cm<\/p>\n<p>Entretien et Utilisation<br \/>\nConservation<br \/>\nCompatible Cong\u00e9lateur<\/p>\n<p>Entretien<br \/>\nCompatible lave-vaisselle<\/p>\n<p>Avant la premi\u00e8re utilisation<br \/>\nPrenez plaisir \u00e0 d\u00e9baller votre nouvel achat ! (Avant toute chose, veillez \u00e0 retirer les \u00e9tiquettes et l\u2019emballage.)<br \/>\nLavez votre produit Le Creuset \u00e0 l\u2019eau chaude avec du liquide vaisselle, puis rincez-le et s\u00e9chez-le soigneusement.<\/p>\n<p>Cuisine<br \/>\nProt\u00e9gez-vous \u2013 Toujours utiliser des gants de cuisine lors de la manipulation de tout ustensile de cuisine chaud.<br \/>\nNous vous recommandons de n\u2019utiliser que les accessoires Le Creuset en silicone, en bois ou en plastique thermor\u00e9sistant. N\u2019utilisez PAS de couteaux ou d\u2019ustensiles en m\u00e9tal, car cela pourrait marquer ou rayer le rev\u00eatement en fonte \u00e9maill\u00e9e de votre produit.<br \/>\nUtilisez le feu de cuisson de la taille la plus appropri\u00e9e \u00e0 votre produit. Cela vous permettra d\u2019obtenir des cuissons plus uniformes et d\u2019\u00e9viter d\u2019endommager les poign\u00e9es et les parois. Cette remarque s\u2019adresse tout particuli\u00e8rement aux plaques \u00e0 induction : si vous utilisez le mauvais feu de cuisson, la plaque risque de ne pas \u00ab reconna\u00eetre \u00bb le produit.<br \/>\nLa cuisson \u00e0 feu mod\u00e9r\u00e9 ou doux donne de meilleurs r\u00e9sultats, m\u00eame pour faire rissoler ou saisir vos ingr\u00e9dients. Laissez la po\u00eale monter progressivement en temp\u00e9rature pour intensifier les saveurs et obtenir des cuissons uniformes. Si vous devez utiliser un feu vif, baissez le r\u00e9glage d\u00e8s que la chaleur souhait\u00e9e sera atteinte.<br \/>\nNe faites jamais glisser le produit sur une plaque de cuisson\/plan de travail en verre, car cela pourrait endommager la base de l\u2019ustensile et rayer le verre. Il est pr\u00e9f\u00e9rable de toujours soulever votre ustensile pour le poser, l\u2019enlever ou le d\u00e9placer.<\/p>\n<p>Nettoyage<br \/>\nLaissez refroidir votre produit avant de le nettoyer.<br \/>\nEssuyez tout \u00e9coulement qui serait sur la base et les parois du produit. Si votre pr\u00e9paration a attach\u00e9, remplissez le produit d\u2019eau chaude avec du liquide vaisselle et laissez tremper 15 \u00e0 20 minutes avant de le laver comme d\u2019habitude.<br \/>\nN\u2019utilisez pas de d\u00e9tergent d\u00e9capant, d\u2019\u00e9ponge avec rev\u00eatement abrasif ou en m\u00e9tal ou encore de brosse \u00e0 r\u00e9curer \u00e0 poils durs sur toutes les surfaces de votre produit.<br \/>\nS\u00e9chez-le bien ensuite et rangez-le dans un endroit sec.<\/p>\n","protected":false},"excerpt":{"rendered":"<p>Une multitude de possibilit\u00e9s Avec ses hautes parois, cette cocotte en fonte \u00e9maill\u00e9e offrira de larges portions. Parfait pour faire des soupes, des rago\u00fbts et plus encore, plus particuli\u00e8rement lorsque vous aurez beaucoup d\u2019invit\u00e9s. Cette cocotte g\u00e9n\u00e9reuse et ultra-polyvalente peut facilement vous permettre de cuisiner des plats pour 8 \u00e0 10 convives. Placez-la sur la [&hellip;]<\/p>\n","protected":false},"featured_media":6274793,"template":"","meta":{"_acf_changed":false},"product_cat":[12000,11667,11991],"product_tag":[],"class_list":{"0":"post-60522","1":"product","2":"type-product","3":"status-publish","4":"has-post-thumbnail","6":"product_cat-marmites-et-cocottes-poeles-pots","7":"product_cat-padelle-pentole","8":"product_cat-poeles-pots","10":"first","11":"outofstock","12":"sale","13":"taxable","14":"shipping-taxable","15":"purchasable","16":"product-type-simple","swatches":"rey-swatches","show_selected":"","stretch_labels":"rey-swatches--stretch-labels"},"acf":[],"yoast_head":"<!-- This site is optimized with the Yoast SEO plugin v25.4 - https:\/\/yoast.com\/wordpress\/plugins\/seo\/ -->\n<title>LE CREUSET Cocotte haute en fonte \u00e9maill\u00e9e 24 cm Volcanique - dev6 Erresse<\/title>\n<meta name=\"description\" content=\"Une multitude de possibilit\u00e9s Avec ses hautes parois, cette cocotte en fonte \u00e9maill\u00e9e offrira de larges portions. Parfait pour faire des soupes, des\" \/>\n<meta name=\"robots\" content=\"noindex, follow, max-snippet:-1, max-image-preview:large, max-video-preview:-1\" \/>\n<meta property=\"og:locale\" content=\"fr_FR\" \/>\n<meta property=\"og:type\" content=\"article\" \/>\n<meta property=\"og:title\" content=\"LE CREUSET Cocotte haute en fonte \u00e9maill\u00e9e 24 cm Volcanique - dev6 Erresse\" \/>\n<meta property=\"og:description\" content=\"Une multitude de possibilit\u00e9s Avec ses hautes parois, cette cocotte en fonte \u00e9maill\u00e9e offrira de larges portions. Parfait pour faire des soupes, des\" \/>\n<meta property=\"og:url\" content=\"https:\/\/dev6.erresse-shop.it\/fr\/shop\/poeles-pots\/marmites-et-cocottes-poeles-pots\/le-creuset-cocotte-haute-en-fonte-emaillee-24-cm-volcanique\/\" \/>\n<meta property=\"og:site_name\" content=\"dev6 Erresse\" \/>\n<meta property=\"og:image\" content=\"https:\/\/interpim.erresse-shop.it\/Import\/Prodotti\/le-creuset-cocotte-profonda-arancio1.jpg\" \/><meta property=\"og:image\" content=\"https:\/\/interpim.erresse-shop.it\/Import\/Prodotti\/le-creuset-cocotte-profonda-arancio1.jpg\" \/>\n\t<meta property=\"og:image:width\" content=\"1024\" \/>\n\t<meta property=\"og:image:height\" content=\"1024\" \/>\n\t<meta property=\"og:image:type\" content=\"image\/jpeg\" \/>\n<meta name=\"twitter:card\" content=\"summary_large_image\" \/>\n<meta name=\"twitter:image\" content=\"https:\/\/interpim.erresse-shop.it\/Import\/Prodotti\/le-creuset-cocotte-profonda-arancio1.jpg\" \/>\n<script type=\"application\/ld+json\" class=\"yoast-schema-graph\">{\"@context\":\"https:\/\/schema.org\",\"@graph\":[{\"@type\":\"WebPage\",\"@id\":\"https:\/\/dev6.erresse-shop.it\/fr\/shop\/poeles-pots\/marmites-et-cocottes-poeles-pots\/le-creuset-cocotte-haute-en-fonte-emaillee-24-cm-volcanique\/\",\"url\":\"https:\/\/dev6.erresse-shop.it\/fr\/shop\/poeles-pots\/marmites-et-cocottes-poeles-pots\/le-creuset-cocotte-haute-en-fonte-emaillee-24-cm-volcanique\/\",\"name\":\"LE CREUSET Cocotte haute en fonte \u00e9maill\u00e9e 24 cm Volcanique - dev6 Erresse\",\"isPartOf\":{\"@id\":\"https:\/\/dev6.erresse-shop.it\/#website\"},\"primaryImageOfPage\":{\"@id\":\"https:\/\/dev6.erresse-shop.it\/fr\/shop\/poeles-pots\/marmites-et-cocottes-poeles-pots\/le-creuset-cocotte-haute-en-fonte-emaillee-24-cm-volcanique\/#primaryimage\"},\"image\":{\"@id\":\"https:\/\/dev6.erresse-shop.it\/fr\/shop\/poeles-pots\/marmites-et-cocottes-poeles-pots\/le-creuset-cocotte-haute-en-fonte-emaillee-24-cm-volcanique\/#primaryimage\"},\"thumbnailUrl\":\"https:\/\/i1.wp.com\/interpim.erresse-shop.it\/Import\/Prodotti\/le-creuset-cocotte-profonda-arancio1.jpg?ssl=1\",\"datePublished\":\"2026-04-04T07:12:07+00:00\",\"description\":\"Une multitude de possibilit\u00e9s Avec ses hautes parois, cette cocotte en fonte \u00e9maill\u00e9e offrira de larges portions. Parfait pour faire des soupes, des\",\"breadcrumb\":{\"@id\":\"https:\/\/dev6.erresse-shop.it\/fr\/shop\/poeles-pots\/marmites-et-cocottes-poeles-pots\/le-creuset-cocotte-haute-en-fonte-emaillee-24-cm-volcanique\/#breadcrumb\"},\"inLanguage\":\"fr-FR\",\"potentialAction\":[{\"@type\":\"ReadAction\",\"target\":[\"https:\/\/dev6.erresse-shop.it\/fr\/shop\/poeles-pots\/marmites-et-cocottes-poeles-pots\/le-creuset-cocotte-haute-en-fonte-emaillee-24-cm-volcanique\/\"]}]},{\"@type\":\"ImageObject\",\"inLanguage\":\"fr-FR\",\"@id\":\"https:\/\/dev6.erresse-shop.it\/fr\/shop\/poeles-pots\/marmites-et-cocottes-poeles-pots\/le-creuset-cocotte-haute-en-fonte-emaillee-24-cm-volcanique\/#primaryimage\",\"url\":\"https:\/\/i1.wp.com\/interpim.erresse-shop.it\/Import\/Prodotti\/le-creuset-cocotte-profonda-arancio1.jpg?ssl=1\",\"contentUrl\":\"https:\/\/i1.wp.com\/interpim.erresse-shop.it\/Import\/Prodotti\/le-creuset-cocotte-profonda-arancio1.jpg?ssl=1\"},{\"@type\":\"BreadcrumbList\",\"@id\":\"https:\/\/dev6.erresse-shop.it\/fr\/shop\/poeles-pots\/marmites-et-cocottes-poeles-pots\/le-creuset-cocotte-haute-en-fonte-emaillee-24-cm-volcanique\/#breadcrumb\",\"itemListElement\":[{\"@type\":\"ListItem\",\"position\":1,\"name\":\"Home\",\"item\":\"https:\/\/dev6.erresse-shop.it\/\"},{\"@type\":\"ListItem\",\"position\":2,\"name\":\"Boutique\",\"item\":\"https:\/\/dev6.erresse-shop.it\/shop\/\"},{\"@type\":\"ListItem\",\"position\":3,\"name\":\"LE CREUSET Cocotte haute en fonte \u00e9maill\u00e9e 24 cm Volcanique\"}]},{\"@type\":\"WebSite\",\"@id\":\"https:\/\/dev6.erresse-shop.it\/#website\",\"url\":\"https:\/\/dev6.erresse-shop.it\/\",\"name\":\"Erresse Shop\",\"description\":\"\",\"publisher\":{\"@id\":\"https:\/\/dev6.erresse-shop.it\/#organization\"},\"potentialAction\":[{\"@type\":\"SearchAction\",\"target\":{\"@type\":\"EntryPoint\",\"urlTemplate\":\"https:\/\/dev6.erresse-shop.it\/?s={search_term_string}\"},\"query-input\":{\"@type\":\"PropertyValueSpecification\",\"valueRequired\":true,\"valueName\":\"search_term_string\"}}],\"inLanguage\":\"fr-FR\"},{\"@type\":\"Organization\",\"@id\":\"https:\/\/dev6.erresse-shop.it\/#organization\",\"name\":\"Erresse Shop\",\"url\":\"https:\/\/dev6.erresse-shop.it\/\",\"logo\":{\"@type\":\"ImageObject\",\"inLanguage\":\"fr-FR\",\"@id\":\"https:\/\/dev6.erresse-shop.it\/#\/schema\/logo\/image\/\",\"url\":\"https:\/\/dev6.erresse-shop.it\/wp-content\/uploads\/2025\/01\/LOGO-ERRESSE-CLASSICO.svg\",\"contentUrl\":\"https:\/\/dev6.erresse-shop.it\/wp-content\/uploads\/2025\/01\/LOGO-ERRESSE-CLASSICO.svg\",\"caption\":\"Erresse Shop\"},\"image\":{\"@id\":\"https:\/\/dev6.erresse-shop.it\/#\/schema\/logo\/image\/\"}}]}<\/script>\n<!-- \/ Yoast SEO plugin. -->","yoast_head_json":{"title":"LE CREUSET Cocotte haute en fonte \u00e9maill\u00e9e 24 cm Volcanique - dev6 Erresse","description":"Une multitude de possibilit\u00e9s Avec ses hautes parois, cette cocotte en fonte \u00e9maill\u00e9e offrira de larges portions. Parfait pour faire des soupes, des","robots":{"index":"noindex","follow":"follow","max-snippet":"max-snippet:-1","max-image-preview":"max-image-preview:large","max-video-preview":"max-video-preview:-1"},"og_locale":"fr_FR","og_type":"article","og_title":"LE CREUSET Cocotte haute en fonte \u00e9maill\u00e9e 24 cm Volcanique - dev6 Erresse","og_description":"Une multitude de possibilit\u00e9s Avec ses hautes parois, cette cocotte en fonte \u00e9maill\u00e9e offrira de larges portions. Parfait pour faire des soupes, des","og_url":"https:\/\/dev6.erresse-shop.it\/fr\/shop\/poeles-pots\/marmites-et-cocottes-poeles-pots\/le-creuset-cocotte-haute-en-fonte-emaillee-24-cm-volcanique\/","og_site_name":"dev6 Erresse","og_image":[{"url":"https:\/\/interpim.erresse-shop.it\/Import\/Prodotti\/le-creuset-cocotte-profonda-arancio1.jpg","type":"","width":"","height":""},{"url":"https:\/\/interpim.erresse-shop.it\/Import\/Prodotti\/le-creuset-cocotte-profonda-arancio1.jpg","width":1024,"height":1024,"type":"image\/jpeg"}],"twitter_card":"summary_large_image","twitter_image":"https:\/\/interpim.erresse-shop.it\/Import\/Prodotti\/le-creuset-cocotte-profonda-arancio1.jpg","schema":{"@context":"https:\/\/schema.org","@graph":[{"@type":"WebPage","@id":"https:\/\/dev6.erresse-shop.it\/fr\/shop\/poeles-pots\/marmites-et-cocottes-poeles-pots\/le-creuset-cocotte-haute-en-fonte-emaillee-24-cm-volcanique\/","url":"https:\/\/dev6.erresse-shop.it\/fr\/shop\/poeles-pots\/marmites-et-cocottes-poeles-pots\/le-creuset-cocotte-haute-en-fonte-emaillee-24-cm-volcanique\/","name":"LE CREUSET Cocotte haute en fonte \u00e9maill\u00e9e 24 cm Volcanique - dev6 Erresse","isPartOf":{"@id":"https:\/\/dev6.erresse-shop.it\/#website"},"primaryImageOfPage":{"@id":"https:\/\/dev6.erresse-shop.it\/fr\/shop\/poeles-pots\/marmites-et-cocottes-poeles-pots\/le-creuset-cocotte-haute-en-fonte-emaillee-24-cm-volcanique\/#primaryimage"},"image":{"@id":"https:\/\/dev6.erresse-shop.it\/fr\/shop\/poeles-pots\/marmites-et-cocottes-poeles-pots\/le-creuset-cocotte-haute-en-fonte-emaillee-24-cm-volcanique\/#primaryimage"},"thumbnailUrl":"https:\/\/i1.wp.com\/interpim.erresse-shop.it\/Import\/Prodotti\/le-creuset-cocotte-profonda-arancio1.jpg?ssl=1","datePublished":"2026-04-04T07:12:07+00:00","description":"Une multitude de possibilit\u00e9s Avec ses hautes parois, cette cocotte en fonte \u00e9maill\u00e9e offrira de larges portions. Parfait pour faire des soupes, des","breadcrumb":{"@id":"https:\/\/dev6.erresse-shop.it\/fr\/shop\/poeles-pots\/marmites-et-cocottes-poeles-pots\/le-creuset-cocotte-haute-en-fonte-emaillee-24-cm-volcanique\/#breadcrumb"},"inLanguage":"fr-FR","potentialAction":[{"@type":"ReadAction","target":["https:\/\/dev6.erresse-shop.it\/fr\/shop\/poeles-pots\/marmites-et-cocottes-poeles-pots\/le-creuset-cocotte-haute-en-fonte-emaillee-24-cm-volcanique\/"]}]},{"@type":"ImageObject","inLanguage":"fr-FR","@id":"https:\/\/dev6.erresse-shop.it\/fr\/shop\/poeles-pots\/marmites-et-cocottes-poeles-pots\/le-creuset-cocotte-haute-en-fonte-emaillee-24-cm-volcanique\/#primaryimage","url":"https:\/\/i1.wp.com\/interpim.erresse-shop.it\/Import\/Prodotti\/le-creuset-cocotte-profonda-arancio1.jpg?ssl=1","contentUrl":"https:\/\/i1.wp.com\/interpim.erresse-shop.it\/Import\/Prodotti\/le-creuset-cocotte-profonda-arancio1.jpg?ssl=1"},{"@type":"BreadcrumbList","@id":"https:\/\/dev6.erresse-shop.it\/fr\/shop\/poeles-pots\/marmites-et-cocottes-poeles-pots\/le-creuset-cocotte-haute-en-fonte-emaillee-24-cm-volcanique\/#breadcrumb","itemListElement":[{"@type":"ListItem","position":1,"name":"Home","item":"https:\/\/dev6.erresse-shop.it\/"},{"@type":"ListItem","position":2,"name":"Boutique","item":"https:\/\/dev6.erresse-shop.it\/shop\/"},{"@type":"ListItem","position":3,"name":"LE CREUSET Cocotte haute en fonte \u00e9maill\u00e9e 24 cm Volcanique"}]},{"@type":"WebSite","@id":"https:\/\/dev6.erresse-shop.it\/#website","url":"https:\/\/dev6.erresse-shop.it\/","name":"Erresse Shop","description":"","publisher":{"@id":"https:\/\/dev6.erresse-shop.it\/#organization"},"potentialAction":[{"@type":"SearchAction","target":{"@type":"EntryPoint","urlTemplate":"https:\/\/dev6.erresse-shop.it\/?s={search_term_string}"},"query-input":{"@type":"PropertyValueSpecification","valueRequired":true,"valueName":"search_term_string"}}],"inLanguage":"fr-FR"},{"@type":"Organization","@id":"https:\/\/dev6.erresse-shop.it\/#organization","name":"Erresse Shop","url":"https:\/\/dev6.erresse-shop.it\/","logo":{"@type":"ImageObject","inLanguage":"fr-FR","@id":"https:\/\/dev6.erresse-shop.it\/#\/schema\/logo\/image\/","url":"https:\/\/dev6.erresse-shop.it\/wp-content\/uploads\/2025\/01\/LOGO-ERRESSE-CLASSICO.svg","contentUrl":"https:\/\/dev6.erresse-shop.it\/wp-content\/uploads\/2025\/01\/LOGO-ERRESSE-CLASSICO.svg","caption":"Erresse Shop"},"image":{"@id":"https:\/\/dev6.erresse-shop.it\/#\/schema\/logo\/image\/"}}]}},"df_price":254.95,"df_sale_price":254.95,"df_regular_price":385,"df_image_link":"https:\/\/i1.wp.com\/interpim.erresse-shop.it\/Import\/Prodotti\/le-creuset-cocotte-profonda-arancio1.jpg?resize=300,300&ssl=1","fifu_image_url":"https:\/\/interpim.erresse-shop.it\/Import\/Prodotti\/le-creuset-cocotte-profonda-arancio1.jpg","_links":{"self":[{"href":"https:\/\/dev6.erresse-shop.it\/fr\/wp-json\/wp\/v2\/product\/60522","targetHints":{"allow":["GET"]}}],"collection":[{"href":"https:\/\/dev6.erresse-shop.it\/fr\/wp-json\/wp\/v2\/product"}],"about":[{"href":"https:\/\/dev6.erresse-shop.it\/fr\/wp-json\/wp\/v2\/types\/product"}],"wp:featuredmedia":[{"embeddable":true,"href":"https:\/\/dev6.erresse-shop.it\/fr\/wp-json\/wp\/v2\/media\/6274793"}],"wp:attachment":[{"href":"https:\/\/dev6.erresse-shop.it\/fr\/wp-json\/wp\/v2\/media?parent=60522"}],"wp:term":[{"taxonomy":"product_cat","embeddable":true,"href":"https:\/\/dev6.erresse-shop.it\/fr\/wp-json\/wp\/v2\/product_cat?post=60522"},{"taxonomy":"product_tag","embeddable":true,"href":"https:\/\/dev6.erresse-shop.it\/fr\/wp-json\/wp\/v2\/product_tag?post=60522"}],"curies":[{"name":"wp","href":"https:\/\/api.w.org\/{rel}","templated":true}]}}