{"id":60518,"date":"2026-04-12T09:12:33","date_gmt":"2026-04-12T07:12:33","guid":{"rendered":"https:\/\/dev6.erresse-shop.it\/shop\/non%20class\u00e9\/zafferano-pi01500-bouteille-en-verre-borosilicate-capuchon-blanc\/"},"modified":"2025-09-14T04:39:39","modified_gmt":"2025-09-14T02:39:39","slug":"zafferano-pi01500-bouteille-en-verre-borosilicate-capuchon-blanc","status":"publish","type":"product","link":"https:\/\/dev6.erresse-shop.it\/fr\/shop\/table-fr-2\/carafes-bouteilles\/zafferano-pi01500-bouteille-en-verre-borosilicate-capuchon-blanc\/","title":{"rendered":"ZAFFERANO PI01500 Bouteille en verre borosilicate Capuchon blanc"},"content":{"rendered":"<p>Bouteille faite \u00e0 la main en verre borosilicate r\u00e9sistant aux chocs thermiques, avec bouchon de couleur. La bouteille Pirolo, avec son \u00e9l\u00e9gante forme de goutte et son bouchon de couleur diff\u00e9rente, est id\u00e9ale pour servir de l\u2019eau, du vin et d\u2019autres boissons.<\/p>\n<p>Le design et la fonctionnalit\u00e9 inspirent le travail de Federico de Majo, dont les cr\u00e9ations vont de lignes plus traditionnelles \u00e0 d\u2019autres \u00e0 fort contenu technique, o\u00f9 s\u2019expriment le go\u00fbt pour l\u2019innovation et la recherche de produits.<\/p>\n","protected":false},"excerpt":{"rendered":"<p>Bouteille faite \u00e0 la main en verre borosilicate r\u00e9sistant aux chocs thermiques, avec bouchon de couleur. La bouteille Pirolo, avec son \u00e9l\u00e9gante forme de goutte et son bouchon de couleur diff\u00e9rente, est id\u00e9ale pour servir de l\u2019eau, du vin et d\u2019autres boissons. Le design et la fonctionnalit\u00e9 inspirent le travail de Federico de Majo, dont [&hellip;]<\/p>\n","protected":false},"featured_media":6358060,"template":"","meta":{"_acf_changed":false},"product_cat":[12007,11995,11671],"product_tag":[],"class_list":{"0":"post-60518","1":"product","2":"type-product","3":"status-publish","4":"has-post-thumbnail","6":"product_cat-carafes-bouteilles","7":"product_cat-table-fr-2","8":"product_cat-tavola","10":"first","11":"outofstock","12":"taxable","13":"shipping-taxable","14":"purchasable","15":"product-type-simple","swatches":"rey-swatches","show_selected":"","stretch_labels":"rey-swatches--stretch-labels"},"acf":[],"yoast_head":"<!-- This site is optimized with the Yoast SEO plugin v25.4 - https:\/\/yoast.com\/wordpress\/plugins\/seo\/ -->\n<title>ZAFFERANO PI01500 Bouteille en verre borosilicate Capuchon blanc - dev6 Erresse<\/title>\n<meta name=\"description\" content=\"Bouteille faite \u00e0 la main en verre borosilicate r\u00e9sistant aux chocs thermiques, avec bouchon de couleur. La bouteille Pirolo, avec son \u00e9l\u00e9gante forme de\" \/>\n<meta name=\"robots\" content=\"noindex, follow, max-snippet:-1, max-image-preview:large, max-video-preview:-1\" \/>\n<meta property=\"og:locale\" content=\"fr_FR\" \/>\n<meta property=\"og:type\" content=\"article\" \/>\n<meta property=\"og:title\" content=\"ZAFFERANO PI01500 Bouteille en verre borosilicate Capuchon blanc - dev6 Erresse\" \/>\n<meta property=\"og:description\" content=\"Bouteille faite \u00e0 la main en verre borosilicate r\u00e9sistant aux chocs thermiques, avec bouchon de couleur. La bouteille Pirolo, avec son \u00e9l\u00e9gante forme de\" \/>\n<meta property=\"og:url\" content=\"https:\/\/dev6.erresse-shop.it\/fr\/shop\/table-fr-2\/carafes-bouteilles\/zafferano-pi01500-bouteille-en-verre-borosilicate-capuchon-blanc\/\" \/>\n<meta property=\"og:site_name\" content=\"dev6 Erresse\" \/>\n<meta property=\"og:image\" content=\"https:\/\/interpim.erresse-shop.it\/img-catalogo\/zafferano\/zafferano-bottiglia-tappo-bianco.jpg\" \/><meta property=\"og:image\" content=\"https:\/\/interpim.erresse-shop.it\/img-catalogo\/zafferano\/zafferano-bottiglia-tappo-bianco.jpg\" \/>\n\t<meta property=\"og:image:width\" content=\"1024\" \/>\n\t<meta property=\"og:image:height\" content=\"1024\" \/>\n\t<meta property=\"og:image:type\" content=\"image\/jpeg\" \/>\n<meta name=\"twitter:card\" content=\"summary_large_image\" \/>\n<meta name=\"twitter:image\" content=\"https:\/\/interpim.erresse-shop.it\/img-catalogo\/zafferano\/zafferano-bottiglia-tappo-bianco.jpg\" \/>\n<script type=\"application\/ld+json\" class=\"yoast-schema-graph\">{\"@context\":\"https:\/\/schema.org\",\"@graph\":[{\"@type\":\"WebPage\",\"@id\":\"https:\/\/dev6.erresse-shop.it\/fr\/shop\/table-fr-2\/carafes-bouteilles\/zafferano-pi01500-bouteille-en-verre-borosilicate-capuchon-blanc\/\",\"url\":\"https:\/\/dev6.erresse-shop.it\/fr\/shop\/table-fr-2\/carafes-bouteilles\/zafferano-pi01500-bouteille-en-verre-borosilicate-capuchon-blanc\/\",\"name\":\"ZAFFERANO PI01500 Bouteille en verre borosilicate Capuchon blanc - dev6 Erresse\",\"isPartOf\":{\"@id\":\"https:\/\/dev6.erresse-shop.it\/#website\"},\"primaryImageOfPage\":{\"@id\":\"https:\/\/dev6.erresse-shop.it\/fr\/shop\/table-fr-2\/carafes-bouteilles\/zafferano-pi01500-bouteille-en-verre-borosilicate-capuchon-blanc\/#primaryimage\"},\"image\":{\"@id\":\"https:\/\/dev6.erresse-shop.it\/fr\/shop\/table-fr-2\/carafes-bouteilles\/zafferano-pi01500-bouteille-en-verre-borosilicate-capuchon-blanc\/#primaryimage\"},\"thumbnailUrl\":\"https:\/\/i3.wp.com\/interpim.erresse-shop.it\/img-catalogo\/zafferano\/zafferano-bottiglia-tappo-bianco.jpg?ssl=1\",\"datePublished\":\"2026-04-12T07:12:33+00:00\",\"description\":\"Bouteille faite \u00e0 la main en verre borosilicate r\u00e9sistant aux chocs thermiques, avec bouchon de couleur. La bouteille Pirolo, avec son \u00e9l\u00e9gante forme de\",\"breadcrumb\":{\"@id\":\"https:\/\/dev6.erresse-shop.it\/fr\/shop\/table-fr-2\/carafes-bouteilles\/zafferano-pi01500-bouteille-en-verre-borosilicate-capuchon-blanc\/#breadcrumb\"},\"inLanguage\":\"fr-FR\",\"potentialAction\":[{\"@type\":\"ReadAction\",\"target\":[\"https:\/\/dev6.erresse-shop.it\/fr\/shop\/table-fr-2\/carafes-bouteilles\/zafferano-pi01500-bouteille-en-verre-borosilicate-capuchon-blanc\/\"]}]},{\"@type\":\"ImageObject\",\"inLanguage\":\"fr-FR\",\"@id\":\"https:\/\/dev6.erresse-shop.it\/fr\/shop\/table-fr-2\/carafes-bouteilles\/zafferano-pi01500-bouteille-en-verre-borosilicate-capuchon-blanc\/#primaryimage\",\"url\":\"https:\/\/i3.wp.com\/interpim.erresse-shop.it\/img-catalogo\/zafferano\/zafferano-bottiglia-tappo-bianco.jpg?ssl=1\",\"contentUrl\":\"https:\/\/i3.wp.com\/interpim.erresse-shop.it\/img-catalogo\/zafferano\/zafferano-bottiglia-tappo-bianco.jpg?ssl=1\"},{\"@type\":\"BreadcrumbList\",\"@id\":\"https:\/\/dev6.erresse-shop.it\/fr\/shop\/table-fr-2\/carafes-bouteilles\/zafferano-pi01500-bouteille-en-verre-borosilicate-capuchon-blanc\/#breadcrumb\",\"itemListElement\":[{\"@type\":\"ListItem\",\"position\":1,\"name\":\"Home\",\"item\":\"https:\/\/dev6.erresse-shop.it\/\"},{\"@type\":\"ListItem\",\"position\":2,\"name\":\"Boutique\",\"item\":\"https:\/\/dev6.erresse-shop.it\/shop\/\"},{\"@type\":\"ListItem\",\"position\":3,\"name\":\"ZAFFERANO PI01500 Bouteille en verre borosilicate Capuchon blanc\"}]},{\"@type\":\"WebSite\",\"@id\":\"https:\/\/dev6.erresse-shop.it\/#website\",\"url\":\"https:\/\/dev6.erresse-shop.it\/\",\"name\":\"Erresse Shop\",\"description\":\"\",\"publisher\":{\"@id\":\"https:\/\/dev6.erresse-shop.it\/#organization\"},\"potentialAction\":[{\"@type\":\"SearchAction\",\"target\":{\"@type\":\"EntryPoint\",\"urlTemplate\":\"https:\/\/dev6.erresse-shop.it\/?s={search_term_string}\"},\"query-input\":{\"@type\":\"PropertyValueSpecification\",\"valueRequired\":true,\"valueName\":\"search_term_string\"}}],\"inLanguage\":\"fr-FR\"},{\"@type\":\"Organization\",\"@id\":\"https:\/\/dev6.erresse-shop.it\/#organization\",\"name\":\"Erresse Shop\",\"url\":\"https:\/\/dev6.erresse-shop.it\/\",\"logo\":{\"@type\":\"ImageObject\",\"inLanguage\":\"fr-FR\",\"@id\":\"https:\/\/dev6.erresse-shop.it\/#\/schema\/logo\/image\/\",\"url\":\"https:\/\/dev6.erresse-shop.it\/wp-content\/uploads\/2025\/01\/LOGO-ERRESSE-CLASSICO.svg\",\"contentUrl\":\"https:\/\/dev6.erresse-shop.it\/wp-content\/uploads\/2025\/01\/LOGO-ERRESSE-CLASSICO.svg\",\"caption\":\"Erresse Shop\"},\"image\":{\"@id\":\"https:\/\/dev6.erresse-shop.it\/#\/schema\/logo\/image\/\"}}]}<\/script>\n<!-- \/ Yoast SEO plugin. -->","yoast_head_json":{"title":"ZAFFERANO PI01500 Bouteille en verre borosilicate Capuchon blanc - dev6 Erresse","description":"Bouteille faite \u00e0 la main en verre borosilicate r\u00e9sistant aux chocs thermiques, avec bouchon de couleur. La bouteille Pirolo, avec son \u00e9l\u00e9gante forme de","robots":{"index":"noindex","follow":"follow","max-snippet":"max-snippet:-1","max-image-preview":"max-image-preview:large","max-video-preview":"max-video-preview:-1"},"og_locale":"fr_FR","og_type":"article","og_title":"ZAFFERANO PI01500 Bouteille en verre borosilicate Capuchon blanc - dev6 Erresse","og_description":"Bouteille faite \u00e0 la main en verre borosilicate r\u00e9sistant aux chocs thermiques, avec bouchon de couleur. La bouteille Pirolo, avec son \u00e9l\u00e9gante forme de","og_url":"https:\/\/dev6.erresse-shop.it\/fr\/shop\/table-fr-2\/carafes-bouteilles\/zafferano-pi01500-bouteille-en-verre-borosilicate-capuchon-blanc\/","og_site_name":"dev6 Erresse","og_image":[{"url":"https:\/\/interpim.erresse-shop.it\/img-catalogo\/zafferano\/zafferano-bottiglia-tappo-bianco.jpg","type":"","width":"","height":""},{"url":"https:\/\/interpim.erresse-shop.it\/img-catalogo\/zafferano\/zafferano-bottiglia-tappo-bianco.jpg","width":1024,"height":1024,"type":"image\/jpeg"}],"twitter_card":"summary_large_image","twitter_image":"https:\/\/interpim.erresse-shop.it\/img-catalogo\/zafferano\/zafferano-bottiglia-tappo-bianco.jpg","schema":{"@context":"https:\/\/schema.org","@graph":[{"@type":"WebPage","@id":"https:\/\/dev6.erresse-shop.it\/fr\/shop\/table-fr-2\/carafes-bouteilles\/zafferano-pi01500-bouteille-en-verre-borosilicate-capuchon-blanc\/","url":"https:\/\/dev6.erresse-shop.it\/fr\/shop\/table-fr-2\/carafes-bouteilles\/zafferano-pi01500-bouteille-en-verre-borosilicate-capuchon-blanc\/","name":"ZAFFERANO PI01500 Bouteille en verre borosilicate Capuchon blanc - dev6 Erresse","isPartOf":{"@id":"https:\/\/dev6.erresse-shop.it\/#website"},"primaryImageOfPage":{"@id":"https:\/\/dev6.erresse-shop.it\/fr\/shop\/table-fr-2\/carafes-bouteilles\/zafferano-pi01500-bouteille-en-verre-borosilicate-capuchon-blanc\/#primaryimage"},"image":{"@id":"https:\/\/dev6.erresse-shop.it\/fr\/shop\/table-fr-2\/carafes-bouteilles\/zafferano-pi01500-bouteille-en-verre-borosilicate-capuchon-blanc\/#primaryimage"},"thumbnailUrl":"https:\/\/i3.wp.com\/interpim.erresse-shop.it\/img-catalogo\/zafferano\/zafferano-bottiglia-tappo-bianco.jpg?ssl=1","datePublished":"2026-04-12T07:12:33+00:00","description":"Bouteille faite \u00e0 la main en verre borosilicate r\u00e9sistant aux chocs thermiques, avec bouchon de couleur. La bouteille Pirolo, avec son \u00e9l\u00e9gante forme de","breadcrumb":{"@id":"https:\/\/dev6.erresse-shop.it\/fr\/shop\/table-fr-2\/carafes-bouteilles\/zafferano-pi01500-bouteille-en-verre-borosilicate-capuchon-blanc\/#breadcrumb"},"inLanguage":"fr-FR","potentialAction":[{"@type":"ReadAction","target":["https:\/\/dev6.erresse-shop.it\/fr\/shop\/table-fr-2\/carafes-bouteilles\/zafferano-pi01500-bouteille-en-verre-borosilicate-capuchon-blanc\/"]}]},{"@type":"ImageObject","inLanguage":"fr-FR","@id":"https:\/\/dev6.erresse-shop.it\/fr\/shop\/table-fr-2\/carafes-bouteilles\/zafferano-pi01500-bouteille-en-verre-borosilicate-capuchon-blanc\/#primaryimage","url":"https:\/\/i3.wp.com\/interpim.erresse-shop.it\/img-catalogo\/zafferano\/zafferano-bottiglia-tappo-bianco.jpg?ssl=1","contentUrl":"https:\/\/i3.wp.com\/interpim.erresse-shop.it\/img-catalogo\/zafferano\/zafferano-bottiglia-tappo-bianco.jpg?ssl=1"},{"@type":"BreadcrumbList","@id":"https:\/\/dev6.erresse-shop.it\/fr\/shop\/table-fr-2\/carafes-bouteilles\/zafferano-pi01500-bouteille-en-verre-borosilicate-capuchon-blanc\/#breadcrumb","itemListElement":[{"@type":"ListItem","position":1,"name":"Home","item":"https:\/\/dev6.erresse-shop.it\/"},{"@type":"ListItem","position":2,"name":"Boutique","item":"https:\/\/dev6.erresse-shop.it\/shop\/"},{"@type":"ListItem","position":3,"name":"ZAFFERANO PI01500 Bouteille en verre borosilicate Capuchon blanc"}]},{"@type":"WebSite","@id":"https:\/\/dev6.erresse-shop.it\/#website","url":"https:\/\/dev6.erresse-shop.it\/","name":"Erresse Shop","description":"","publisher":{"@id":"https:\/\/dev6.erresse-shop.it\/#organization"},"potentialAction":[{"@type":"SearchAction","target":{"@type":"EntryPoint","urlTemplate":"https:\/\/dev6.erresse-shop.it\/?s={search_term_string}"},"query-input":{"@type":"PropertyValueSpecification","valueRequired":true,"valueName":"search_term_string"}}],"inLanguage":"fr-FR"},{"@type":"Organization","@id":"https:\/\/dev6.erresse-shop.it\/#organization","name":"Erresse Shop","url":"https:\/\/dev6.erresse-shop.it\/","logo":{"@type":"ImageObject","inLanguage":"fr-FR","@id":"https:\/\/dev6.erresse-shop.it\/#\/schema\/logo\/image\/","url":"https:\/\/dev6.erresse-shop.it\/wp-content\/uploads\/2025\/01\/LOGO-ERRESSE-CLASSICO.svg","contentUrl":"https:\/\/dev6.erresse-shop.it\/wp-content\/uploads\/2025\/01\/LOGO-ERRESSE-CLASSICO.svg","caption":"Erresse Shop"},"image":{"@id":"https:\/\/dev6.erresse-shop.it\/#\/schema\/logo\/image\/"}}]}},"df_price":32.33,"df_sale_price":"","df_regular_price":32.33,"df_image_link":"https:\/\/i3.wp.com\/interpim.erresse-shop.it\/img-catalogo\/zafferano\/zafferano-bottiglia-tappo-bianco.jpg?resize=300,300&ssl=1","fifu_image_url":"https:\/\/interpim.erresse-shop.it\/img-catalogo\/zafferano\/zafferano-bottiglia-tappo-bianco.jpg","_links":{"self":[{"href":"https:\/\/dev6.erresse-shop.it\/fr\/wp-json\/wp\/v2\/product\/60518","targetHints":{"allow":["GET"]}}],"collection":[{"href":"https:\/\/dev6.erresse-shop.it\/fr\/wp-json\/wp\/v2\/product"}],"about":[{"href":"https:\/\/dev6.erresse-shop.it\/fr\/wp-json\/wp\/v2\/types\/product"}],"wp:featuredmedia":[{"embeddable":true,"href":"https:\/\/dev6.erresse-shop.it\/fr\/wp-json\/wp\/v2\/media\/6358060"}],"wp:attachment":[{"href":"https:\/\/dev6.erresse-shop.it\/fr\/wp-json\/wp\/v2\/media?parent=60518"}],"wp:term":[{"taxonomy":"product_cat","embeddable":true,"href":"https:\/\/dev6.erresse-shop.it\/fr\/wp-json\/wp\/v2\/product_cat?post=60518"},{"taxonomy":"product_tag","embeddable":true,"href":"https:\/\/dev6.erresse-shop.it\/fr\/wp-json\/wp\/v2\/product_tag?post=60518"}],"curies":[{"name":"wp","href":"https:\/\/api.w.org\/{rel}","templated":true}]}}