{"id":60432,"date":"2026-04-04T09:08:11","date_gmt":"2026-04-04T07:08:11","guid":{"rendered":"https:\/\/dev6.erresse-shop.it\/shop\/non%20class\u00e9\/jura-cappuccinateur-chaud-et-froid\/"},"modified":"2025-09-14T04:38:13","modified_gmt":"2025-09-14T02:38:13","slug":"jura-cappuccinateur-chaud-et-froid","status":"publish","type":"product","link":"https:\/\/dev6.erresse-shop.it\/fr\/shop\/petits-electromenagers\/mousseurs-a-lait\/jura-cappuccinateur-chaud-et-froid\/","title":{"rendered":"JURA Cappuccinateur chaud et froid"},"content":{"rendered":"<p>MOUSSE DE LAIT MAGIQUE<br \/>\nDoux et polyvalent. Gr\u00e2ce \u00e0 la mousse de lait fra\u00eeche et cr\u00e9meuse pr\u00e9par\u00e9e avec la machine \u00e0 cappuccino JURA, il est enfin possible de r\u00e9aliser des sp\u00e9cialit\u00e9s telles que le flat white, la boisson du moment, m\u00eame en version froide.<\/p>\n<p>Le design clair et minimaliste, l\u2019haptique d\u00e9taill\u00e9e et les mat\u00e9riaux s\u00e9lectionn\u00e9s rendent l\u2019assistant de moussage particuli\u00e8rement facile \u00e0 manipuler, dans des conditions d\u2019hygi\u00e8ne maximale. \u00c9quip\u00e9 de deux accessoires, il pr\u00e9pare du lait froid, chaud ou bouillant et de la mousse de lait par simple pression d\u2019un bouton.<\/p>\n<p>Que ce soit en compl\u00e9ment d\u2019une machine automatique \u00e0 caf\u00e9 sp\u00e9cial ou en tant qu\u2019accessoire indispensable pour tous les amateurs de sp\u00e9cialit\u00e9s lact\u00e9es, la machine \u00e0 cappuccino JURA permet d\u2019accro\u00eetre la vari\u00e9t\u00e9 des recettes et de perfectionner l\u2019art de la pr\u00e9paration.<\/p>\n<p>VARI\u00c9T\u00c9<br \/>\nQue ce soit en tant que garniture ou en tant qu\u2019ingr\u00e9dient de base, la mousse de lait douce et cr\u00e9meuse donne aux sp\u00e9cialit\u00e9s tendance la fra\u00eecheur et la l\u00e9g\u00e8ret\u00e9 n\u00e9cessaires. Froid, chaud ou bouillant \u2013 la machine \u00e0 cappuccino permet de pr\u00e9parer des d\u00e9lices pour chaque saison. Un chocolat chaud en hiver, un Cold Romanoff fruit\u00e9 au printemps, un Flat White glac\u00e9 en \u00e9t\u00e9 ou un Chai Latte glac\u00e9 en automne \u2013 l\u2019imagination n\u2019a pas de limites ! Le livret de recettes ci-joint donne quelques id\u00e9es pour la pr\u00e9paration de boissons tendance exclusives.<\/p>\n<p>MOUSSE DE LAIT FROID SUR SIMPLE PRESSION D\u2019UN BOUTON<br \/>\nPour faire mousser du lait froid, chaud ou bouillant dans le r\u00e9cipient \u00e0 lait, il suffit d\u2019appuyer une, deux ou trois fois sur le bouton de commande ergonomique. Des pictogrammes intuitifs en couleur confirment le mode choisi.<\/p>\n<p>CONCEPTION ING\u00c9NIEUSE<br \/>\nL\u2019haptique et l\u2019esth\u00e9tique de la machine \u00e0 cappuccino s\u2019inspirent du design classique de JURA et assurent une manipulation facile et une hygi\u00e8ne optimale. Le r\u00e9cipient \u00e0 lait est dot\u00e9 d\u2019une surface agr\u00e9able au toucher doux et de d\u00e9tails chrom\u00e9s \u00e9l\u00e9gants. Les mat\u00e9riaux faciles d\u2019entretien comme l\u2019acier inoxydable et les formes arrondies rendent le nettoyage du r\u00e9cipient particuli\u00e8rement ais\u00e9.<\/p>\n<p>FAIBLE ENCOMBREMENT<br \/>\nLe tube d\u2019alimentation et les accessoires peuvent \u00eatre rang\u00e9s de mani\u00e8re pratique dans la base. Gr\u00e2ce \u00e0 ses dimensions de 13 x 21 cm, le cappuccinator se glisse dans n\u2019importe quel placard de cuisine.<\/p>\n<p>CARACT\u00c9RISTIQUES TECHNIQUES<\/p>\n<p>Longueur du c\u00e2ble 0,8 m<br \/>\nTension 120 \u2013 240 V ~<br \/>\nFr\u00e9quence 50 \u2013 60 Hz<br \/>\nPoids 1 kg<br \/>\nLargeur 12,5 cm<br \/>\nHauteur 20,9 cm<\/p>\n","protected":false},"excerpt":{"rendered":"<p>MOUSSE DE LAIT MAGIQUE Doux et polyvalent. Gr\u00e2ce \u00e0 la mousse de lait fra\u00eeche et cr\u00e9meuse pr\u00e9par\u00e9e avec la machine \u00e0 cappuccino JURA, il est enfin possible de r\u00e9aliser des sp\u00e9cialit\u00e9s telles que le flat white, la boisson du moment, m\u00eame en version froide. Le design clair et minimaliste, l\u2019haptique d\u00e9taill\u00e9e et les mat\u00e9riaux s\u00e9lectionn\u00e9s [&hellip;]<\/p>\n","protected":false},"featured_media":6273940,"template":"","meta":{"_acf_changed":false},"product_cat":[12091,12055],"product_tag":[],"class_list":{"0":"post-60432","1":"product","2":"type-product","3":"status-publish","4":"has-post-thumbnail","6":"product_cat-mousseurs-a-lait","7":"product_cat-petits-electromenagers","9":"first","10":"outofstock","11":"sale","12":"taxable","13":"shipping-taxable","14":"purchasable","15":"product-type-simple","swatches":"rey-swatches","show_selected":"","stretch_labels":"rey-swatches--stretch-labels"},"acf":[],"yoast_head":"<!-- This site is optimized with the Yoast SEO plugin v25.4 - https:\/\/yoast.com\/wordpress\/plugins\/seo\/ -->\n<title>JURA Cappuccinateur chaud et froid - dev6 Erresse<\/title>\n<meta name=\"description\" content=\"MOUSSE DE LAIT MAGIQUE Doux et polyvalent. Gr\u00e2ce \u00e0 la mousse de lait fra\u00eeche et cr\u00e9meuse pr\u00e9par\u00e9e avec la machine \u00e0 cappuccino JURA, il est enfin possible\" \/>\n<meta name=\"robots\" content=\"noindex, follow, max-snippet:-1, max-image-preview:large, max-video-preview:-1\" \/>\n<meta property=\"og:locale\" content=\"fr_FR\" \/>\n<meta property=\"og:type\" content=\"article\" \/>\n<meta property=\"og:title\" content=\"JURA Cappuccinateur chaud et froid - dev6 Erresse\" \/>\n<meta property=\"og:description\" content=\"MOUSSE DE LAIT MAGIQUE Doux et polyvalent. Gr\u00e2ce \u00e0 la mousse de lait fra\u00eeche et cr\u00e9meuse pr\u00e9par\u00e9e avec la machine \u00e0 cappuccino JURA, il est enfin possible\" \/>\n<meta property=\"og:url\" content=\"https:\/\/dev6.erresse-shop.it\/fr\/shop\/petits-electromenagers\/mousseurs-a-lait\/jura-cappuccinateur-chaud-et-froid\/\" \/>\n<meta property=\"og:site_name\" content=\"dev6 Erresse\" \/>\n<meta property=\"og:image\" content=\"https:\/\/interpim.erresse-shop.it\/Import\/Prodotti\/jura-cappuccinatore4.jpg\" \/><meta property=\"og:image\" content=\"https:\/\/interpim.erresse-shop.it\/Import\/Prodotti\/jura-cappuccinatore4.jpg\" \/>\n\t<meta property=\"og:image:width\" content=\"1024\" \/>\n\t<meta property=\"og:image:height\" content=\"1024\" \/>\n\t<meta property=\"og:image:type\" content=\"image\/jpeg\" \/>\n<meta name=\"twitter:card\" content=\"summary_large_image\" \/>\n<meta name=\"twitter:image\" content=\"https:\/\/interpim.erresse-shop.it\/Import\/Prodotti\/jura-cappuccinatore4.jpg\" \/>\n<script type=\"application\/ld+json\" class=\"yoast-schema-graph\">{\"@context\":\"https:\/\/schema.org\",\"@graph\":[{\"@type\":\"WebPage\",\"@id\":\"https:\/\/dev6.erresse-shop.it\/fr\/shop\/petits-electromenagers\/mousseurs-a-lait\/jura-cappuccinateur-chaud-et-froid\/\",\"url\":\"https:\/\/dev6.erresse-shop.it\/fr\/shop\/petits-electromenagers\/mousseurs-a-lait\/jura-cappuccinateur-chaud-et-froid\/\",\"name\":\"JURA Cappuccinateur chaud et froid - dev6 Erresse\",\"isPartOf\":{\"@id\":\"https:\/\/dev6.erresse-shop.it\/#website\"},\"primaryImageOfPage\":{\"@id\":\"https:\/\/dev6.erresse-shop.it\/fr\/shop\/petits-electromenagers\/mousseurs-a-lait\/jura-cappuccinateur-chaud-et-froid\/#primaryimage\"},\"image\":{\"@id\":\"https:\/\/dev6.erresse-shop.it\/fr\/shop\/petits-electromenagers\/mousseurs-a-lait\/jura-cappuccinateur-chaud-et-froid\/#primaryimage\"},\"thumbnailUrl\":\"https:\/\/i1.wp.com\/interpim.erresse-shop.it\/Import\/Prodotti\/jura-cappuccinatore4.jpg?ssl=1\",\"datePublished\":\"2026-04-04T07:08:11+00:00\",\"description\":\"MOUSSE DE LAIT MAGIQUE Doux et polyvalent. Gr\u00e2ce \u00e0 la mousse de lait fra\u00eeche et cr\u00e9meuse pr\u00e9par\u00e9e avec la machine \u00e0 cappuccino JURA, il est enfin possible\",\"breadcrumb\":{\"@id\":\"https:\/\/dev6.erresse-shop.it\/fr\/shop\/petits-electromenagers\/mousseurs-a-lait\/jura-cappuccinateur-chaud-et-froid\/#breadcrumb\"},\"inLanguage\":\"fr-FR\",\"potentialAction\":[{\"@type\":\"ReadAction\",\"target\":[\"https:\/\/dev6.erresse-shop.it\/fr\/shop\/petits-electromenagers\/mousseurs-a-lait\/jura-cappuccinateur-chaud-et-froid\/\"]}]},{\"@type\":\"ImageObject\",\"inLanguage\":\"fr-FR\",\"@id\":\"https:\/\/dev6.erresse-shop.it\/fr\/shop\/petits-electromenagers\/mousseurs-a-lait\/jura-cappuccinateur-chaud-et-froid\/#primaryimage\",\"url\":\"https:\/\/i1.wp.com\/interpim.erresse-shop.it\/Import\/Prodotti\/jura-cappuccinatore4.jpg?ssl=1\",\"contentUrl\":\"https:\/\/i1.wp.com\/interpim.erresse-shop.it\/Import\/Prodotti\/jura-cappuccinatore4.jpg?ssl=1\"},{\"@type\":\"BreadcrumbList\",\"@id\":\"https:\/\/dev6.erresse-shop.it\/fr\/shop\/petits-electromenagers\/mousseurs-a-lait\/jura-cappuccinateur-chaud-et-froid\/#breadcrumb\",\"itemListElement\":[{\"@type\":\"ListItem\",\"position\":1,\"name\":\"Home\",\"item\":\"https:\/\/dev6.erresse-shop.it\/\"},{\"@type\":\"ListItem\",\"position\":2,\"name\":\"Boutique\",\"item\":\"https:\/\/dev6.erresse-shop.it\/shop\/\"},{\"@type\":\"ListItem\",\"position\":3,\"name\":\"JURA Cappuccinateur chaud et froid\"}]},{\"@type\":\"WebSite\",\"@id\":\"https:\/\/dev6.erresse-shop.it\/#website\",\"url\":\"https:\/\/dev6.erresse-shop.it\/\",\"name\":\"Erresse Shop\",\"description\":\"\",\"publisher\":{\"@id\":\"https:\/\/dev6.erresse-shop.it\/#organization\"},\"potentialAction\":[{\"@type\":\"SearchAction\",\"target\":{\"@type\":\"EntryPoint\",\"urlTemplate\":\"https:\/\/dev6.erresse-shop.it\/?s={search_term_string}\"},\"query-input\":{\"@type\":\"PropertyValueSpecification\",\"valueRequired\":true,\"valueName\":\"search_term_string\"}}],\"inLanguage\":\"fr-FR\"},{\"@type\":\"Organization\",\"@id\":\"https:\/\/dev6.erresse-shop.it\/#organization\",\"name\":\"Erresse Shop\",\"url\":\"https:\/\/dev6.erresse-shop.it\/\",\"logo\":{\"@type\":\"ImageObject\",\"inLanguage\":\"fr-FR\",\"@id\":\"https:\/\/dev6.erresse-shop.it\/#\/schema\/logo\/image\/\",\"url\":\"https:\/\/dev6.erresse-shop.it\/wp-content\/uploads\/2025\/01\/LOGO-ERRESSE-CLASSICO.svg\",\"contentUrl\":\"https:\/\/dev6.erresse-shop.it\/wp-content\/uploads\/2025\/01\/LOGO-ERRESSE-CLASSICO.svg\",\"caption\":\"Erresse Shop\"},\"image\":{\"@id\":\"https:\/\/dev6.erresse-shop.it\/#\/schema\/logo\/image\/\"}}]}<\/script>\n<!-- \/ Yoast SEO plugin. -->","yoast_head_json":{"title":"JURA Cappuccinateur chaud et froid - dev6 Erresse","description":"MOUSSE DE LAIT MAGIQUE Doux et polyvalent. Gr\u00e2ce \u00e0 la mousse de lait fra\u00eeche et cr\u00e9meuse pr\u00e9par\u00e9e avec la machine \u00e0 cappuccino JURA, il est enfin possible","robots":{"index":"noindex","follow":"follow","max-snippet":"max-snippet:-1","max-image-preview":"max-image-preview:large","max-video-preview":"max-video-preview:-1"},"og_locale":"fr_FR","og_type":"article","og_title":"JURA Cappuccinateur chaud et froid - dev6 Erresse","og_description":"MOUSSE DE LAIT MAGIQUE Doux et polyvalent. Gr\u00e2ce \u00e0 la mousse de lait fra\u00eeche et cr\u00e9meuse pr\u00e9par\u00e9e avec la machine \u00e0 cappuccino JURA, il est enfin possible","og_url":"https:\/\/dev6.erresse-shop.it\/fr\/shop\/petits-electromenagers\/mousseurs-a-lait\/jura-cappuccinateur-chaud-et-froid\/","og_site_name":"dev6 Erresse","og_image":[{"url":"https:\/\/interpim.erresse-shop.it\/Import\/Prodotti\/jura-cappuccinatore4.jpg","type":"","width":"","height":""},{"url":"https:\/\/interpim.erresse-shop.it\/Import\/Prodotti\/jura-cappuccinatore4.jpg","width":1024,"height":1024,"type":"image\/jpeg"}],"twitter_card":"summary_large_image","twitter_image":"https:\/\/interpim.erresse-shop.it\/Import\/Prodotti\/jura-cappuccinatore4.jpg","schema":{"@context":"https:\/\/schema.org","@graph":[{"@type":"WebPage","@id":"https:\/\/dev6.erresse-shop.it\/fr\/shop\/petits-electromenagers\/mousseurs-a-lait\/jura-cappuccinateur-chaud-et-froid\/","url":"https:\/\/dev6.erresse-shop.it\/fr\/shop\/petits-electromenagers\/mousseurs-a-lait\/jura-cappuccinateur-chaud-et-froid\/","name":"JURA Cappuccinateur chaud et froid - dev6 Erresse","isPartOf":{"@id":"https:\/\/dev6.erresse-shop.it\/#website"},"primaryImageOfPage":{"@id":"https:\/\/dev6.erresse-shop.it\/fr\/shop\/petits-electromenagers\/mousseurs-a-lait\/jura-cappuccinateur-chaud-et-froid\/#primaryimage"},"image":{"@id":"https:\/\/dev6.erresse-shop.it\/fr\/shop\/petits-electromenagers\/mousseurs-a-lait\/jura-cappuccinateur-chaud-et-froid\/#primaryimage"},"thumbnailUrl":"https:\/\/i1.wp.com\/interpim.erresse-shop.it\/Import\/Prodotti\/jura-cappuccinatore4.jpg?ssl=1","datePublished":"2026-04-04T07:08:11+00:00","description":"MOUSSE DE LAIT MAGIQUE Doux et polyvalent. Gr\u00e2ce \u00e0 la mousse de lait fra\u00eeche et cr\u00e9meuse pr\u00e9par\u00e9e avec la machine \u00e0 cappuccino JURA, il est enfin possible","breadcrumb":{"@id":"https:\/\/dev6.erresse-shop.it\/fr\/shop\/petits-electromenagers\/mousseurs-a-lait\/jura-cappuccinateur-chaud-et-froid\/#breadcrumb"},"inLanguage":"fr-FR","potentialAction":[{"@type":"ReadAction","target":["https:\/\/dev6.erresse-shop.it\/fr\/shop\/petits-electromenagers\/mousseurs-a-lait\/jura-cappuccinateur-chaud-et-froid\/"]}]},{"@type":"ImageObject","inLanguage":"fr-FR","@id":"https:\/\/dev6.erresse-shop.it\/fr\/shop\/petits-electromenagers\/mousseurs-a-lait\/jura-cappuccinateur-chaud-et-froid\/#primaryimage","url":"https:\/\/i1.wp.com\/interpim.erresse-shop.it\/Import\/Prodotti\/jura-cappuccinatore4.jpg?ssl=1","contentUrl":"https:\/\/i1.wp.com\/interpim.erresse-shop.it\/Import\/Prodotti\/jura-cappuccinatore4.jpg?ssl=1"},{"@type":"BreadcrumbList","@id":"https:\/\/dev6.erresse-shop.it\/fr\/shop\/petits-electromenagers\/mousseurs-a-lait\/jura-cappuccinateur-chaud-et-froid\/#breadcrumb","itemListElement":[{"@type":"ListItem","position":1,"name":"Home","item":"https:\/\/dev6.erresse-shop.it\/"},{"@type":"ListItem","position":2,"name":"Boutique","item":"https:\/\/dev6.erresse-shop.it\/shop\/"},{"@type":"ListItem","position":3,"name":"JURA Cappuccinateur chaud et froid"}]},{"@type":"WebSite","@id":"https:\/\/dev6.erresse-shop.it\/#website","url":"https:\/\/dev6.erresse-shop.it\/","name":"Erresse Shop","description":"","publisher":{"@id":"https:\/\/dev6.erresse-shop.it\/#organization"},"potentialAction":[{"@type":"SearchAction","target":{"@type":"EntryPoint","urlTemplate":"https:\/\/dev6.erresse-shop.it\/?s={search_term_string}"},"query-input":{"@type":"PropertyValueSpecification","valueRequired":true,"valueName":"search_term_string"}}],"inLanguage":"fr-FR"},{"@type":"Organization","@id":"https:\/\/dev6.erresse-shop.it\/#organization","name":"Erresse Shop","url":"https:\/\/dev6.erresse-shop.it\/","logo":{"@type":"ImageObject","inLanguage":"fr-FR","@id":"https:\/\/dev6.erresse-shop.it\/#\/schema\/logo\/image\/","url":"https:\/\/dev6.erresse-shop.it\/wp-content\/uploads\/2025\/01\/LOGO-ERRESSE-CLASSICO.svg","contentUrl":"https:\/\/dev6.erresse-shop.it\/wp-content\/uploads\/2025\/01\/LOGO-ERRESSE-CLASSICO.svg","caption":"Erresse Shop"},"image":{"@id":"https:\/\/dev6.erresse-shop.it\/#\/schema\/logo\/image\/"}}]}},"df_price":119,"df_sale_price":119,"df_regular_price":119.9,"df_image_link":"https:\/\/i1.wp.com\/interpim.erresse-shop.it\/Import\/Prodotti\/jura-cappuccinatore4.jpg?resize=300,300&ssl=1","fifu_image_url":"https:\/\/interpim.erresse-shop.it\/Import\/Prodotti\/jura-cappuccinatore4.jpg","_links":{"self":[{"href":"https:\/\/dev6.erresse-shop.it\/fr\/wp-json\/wp\/v2\/product\/60432","targetHints":{"allow":["GET"]}}],"collection":[{"href":"https:\/\/dev6.erresse-shop.it\/fr\/wp-json\/wp\/v2\/product"}],"about":[{"href":"https:\/\/dev6.erresse-shop.it\/fr\/wp-json\/wp\/v2\/types\/product"}],"wp:featuredmedia":[{"embeddable":true,"href":"https:\/\/dev6.erresse-shop.it\/fr\/wp-json\/wp\/v2\/media\/6273940"}],"wp:attachment":[{"href":"https:\/\/dev6.erresse-shop.it\/fr\/wp-json\/wp\/v2\/media?parent=60432"}],"wp:term":[{"taxonomy":"product_cat","embeddable":true,"href":"https:\/\/dev6.erresse-shop.it\/fr\/wp-json\/wp\/v2\/product_cat?post=60432"},{"taxonomy":"product_tag","embeddable":true,"href":"https:\/\/dev6.erresse-shop.it\/fr\/wp-json\/wp\/v2\/product_tag?post=60432"}],"curies":[{"name":"wp","href":"https:\/\/api.w.org\/{rel}","templated":true}]}}