{"id":60426,"date":"2026-04-12T09:09:53","date_gmt":"2026-04-12T07:09:53","guid":{"rendered":"https:\/\/dev6.erresse-shop.it\/shop\/non%20class\u00e9\/villeroy-boch-toys-delight-la-boule\/"},"modified":"2025-09-14T04:38:07","modified_gmt":"2025-09-14T02:38:07","slug":"villeroy-boch-toys-delight-la-boule","status":"publish","type":"product","link":"https:\/\/dev6.erresse-shop.it\/fr\/shop\/table-fr-2\/plats\/villeroy-boch-toys-delight-la-boule\/","title":{"rendered":"VILLEROY &#038; BOCH Toy&#8217;s Delight La Boule"},"content":{"rendered":"<p>La magie de Toy\u2019s Delight : La collection Toy\u2019s Delight donne \u00e0 chaque moment une touche de charme.<\/p>\n<p>Ic\u00f4ne de design dans le style de No\u00ebl<br \/>\nAvec la collection Toy\u2019s Delight, vous apporterez une atmosph\u00e8re de No\u00ebl nostalgique dans votre maison. La vaisselle et les accessoires d\u00e9coratifs assortis sont orn\u00e9s de jolis motifs qui \u00e9voquent de beaux souvenirs d\u2019enfance. Id\u00e9al pour assortir, collectionner et offrir en cadeau. La fonctionnalit\u00e9 et le design iconique font de cette La Boule de No\u00ebl non seulement une attraction sur chaque table, mais aussi un objet d\u2019int\u00e9rieur tr\u00e8s sp\u00e9cial. La Boule se compose de deux saladiers, deux bols plats et deux assiettes universelles, ainsi que d\u2019un plat de service. Apportez l\u2019ambiance festive de No\u00ebl \u00e0 votre table.<\/p>\n<p>L\u2019ensemble se compose de :<\/p>\n<p>2x Bol, 620ml<br \/>\n2x Bol, 500ml<br \/>\n2x Plat universel, 24cm<br \/>\n1x Plat de service, 23.9cm<\/p>\n<p>FEATURES<\/p>\n<p>Mat\u00e9riau : Porcelaine de qualit\u00e9 sup\u00e9rieure<br \/>\nConvient aux micro-ondes : NON<br \/>\nCouleur : blanc color\u00e9<\/p>\n<p>LAVABLE AU LAVE-VAISSELLE OUI<\/p>\n","protected":false},"excerpt":{"rendered":"<p>La magie de Toy\u2019s Delight : La collection Toy\u2019s Delight donne \u00e0 chaque moment une touche de charme. Ic\u00f4ne de design dans le style de No\u00ebl Avec la collection Toy\u2019s Delight, vous apporterez une atmosph\u00e8re de No\u00ebl nostalgique dans votre maison. La vaisselle et les accessoires d\u00e9coratifs assortis sont orn\u00e9s de jolis motifs qui \u00e9voquent [&hellip;]<\/p>\n","protected":false},"featured_media":6357191,"template":"","meta":{"_acf_changed":false},"product_cat":[12014,11995,11671],"product_tag":[],"class_list":{"0":"post-60426","1":"product","2":"type-product","3":"status-publish","4":"has-post-thumbnail","6":"product_cat-plats","7":"product_cat-table-fr-2","8":"product_cat-tavola","10":"first","11":"outofstock","12":"sale","13":"taxable","14":"shipping-taxable","15":"purchasable","16":"product-type-simple","swatches":"rey-swatches","show_selected":"","stretch_labels":"rey-swatches--stretch-labels"},"acf":[],"yoast_head":"<!-- This site is optimized with the Yoast SEO plugin v25.4 - https:\/\/yoast.com\/wordpress\/plugins\/seo\/ -->\n<title>VILLEROY &#038; BOCH Toy&#8217;s Delight La Boule - dev6 Erresse<\/title>\n<meta name=\"description\" content=\"La magie de Toy\u2019s Delight : La collection Toy\u2019s Delight donne \u00e0 chaque moment une touche de charme. Ic\u00f4ne de design dans le style de No\u00ebl Avec la\" \/>\n<meta name=\"robots\" content=\"noindex, follow, max-snippet:-1, max-image-preview:large, max-video-preview:-1\" \/>\n<meta property=\"og:locale\" content=\"fr_FR\" \/>\n<meta property=\"og:type\" content=\"article\" \/>\n<meta property=\"og:title\" content=\"VILLEROY &#038; BOCH Toy&#8217;s Delight La Boule - dev6 Erresse\" \/>\n<meta property=\"og:description\" content=\"La magie de Toy\u2019s Delight : La collection Toy\u2019s Delight donne \u00e0 chaque moment une touche de charme. Ic\u00f4ne de design dans le style de No\u00ebl Avec la\" \/>\n<meta property=\"og:url\" content=\"https:\/\/dev6.erresse-shop.it\/fr\/shop\/table-fr-2\/plats\/villeroy-boch-toys-delight-la-boule\/\" \/>\n<meta property=\"og:site_name\" content=\"dev6 Erresse\" \/>\n<meta property=\"og:image\" content=\"https:\/\/interpim.erresse-shop.it\/img-catalogo\/villeroy\/villeroy-boch-la-boule-natale.jpg\" \/><meta property=\"og:image\" content=\"https:\/\/interpim.erresse-shop.it\/img-catalogo\/villeroy\/villeroy-boch-la-boule-natale.jpg\" \/>\n\t<meta property=\"og:image:width\" content=\"1024\" \/>\n\t<meta property=\"og:image:height\" content=\"1024\" \/>\n\t<meta property=\"og:image:type\" content=\"image\/jpeg\" \/>\n<meta name=\"twitter:card\" content=\"summary_large_image\" \/>\n<meta name=\"twitter:image\" content=\"https:\/\/interpim.erresse-shop.it\/img-catalogo\/villeroy\/villeroy-boch-la-boule-natale.jpg\" \/>\n<script type=\"application\/ld+json\" class=\"yoast-schema-graph\">{\"@context\":\"https:\/\/schema.org\",\"@graph\":[{\"@type\":\"WebPage\",\"@id\":\"https:\/\/dev6.erresse-shop.it\/fr\/shop\/table-fr-2\/plats\/villeroy-boch-toys-delight-la-boule\/\",\"url\":\"https:\/\/dev6.erresse-shop.it\/fr\/shop\/table-fr-2\/plats\/villeroy-boch-toys-delight-la-boule\/\",\"name\":\"VILLEROY &#038; BOCH Toy&#8217;s Delight La Boule - dev6 Erresse\",\"isPartOf\":{\"@id\":\"https:\/\/dev6.erresse-shop.it\/#website\"},\"primaryImageOfPage\":{\"@id\":\"https:\/\/dev6.erresse-shop.it\/fr\/shop\/table-fr-2\/plats\/villeroy-boch-toys-delight-la-boule\/#primaryimage\"},\"image\":{\"@id\":\"https:\/\/dev6.erresse-shop.it\/fr\/shop\/table-fr-2\/plats\/villeroy-boch-toys-delight-la-boule\/#primaryimage\"},\"thumbnailUrl\":\"https:\/\/i1.wp.com\/interpim.erresse-shop.it\/img-catalogo\/villeroy\/villeroy-boch-la-boule-natale.jpg?ssl=1\",\"datePublished\":\"2026-04-12T07:09:53+00:00\",\"description\":\"La magie de Toy\u2019s Delight : La collection Toy\u2019s Delight donne \u00e0 chaque moment une touche de charme. Ic\u00f4ne de design dans le style de No\u00ebl Avec la\",\"breadcrumb\":{\"@id\":\"https:\/\/dev6.erresse-shop.it\/fr\/shop\/table-fr-2\/plats\/villeroy-boch-toys-delight-la-boule\/#breadcrumb\"},\"inLanguage\":\"fr-FR\",\"potentialAction\":[{\"@type\":\"ReadAction\",\"target\":[\"https:\/\/dev6.erresse-shop.it\/fr\/shop\/table-fr-2\/plats\/villeroy-boch-toys-delight-la-boule\/\"]}]},{\"@type\":\"ImageObject\",\"inLanguage\":\"fr-FR\",\"@id\":\"https:\/\/dev6.erresse-shop.it\/fr\/shop\/table-fr-2\/plats\/villeroy-boch-toys-delight-la-boule\/#primaryimage\",\"url\":\"https:\/\/i1.wp.com\/interpim.erresse-shop.it\/img-catalogo\/villeroy\/villeroy-boch-la-boule-natale.jpg?ssl=1\",\"contentUrl\":\"https:\/\/i1.wp.com\/interpim.erresse-shop.it\/img-catalogo\/villeroy\/villeroy-boch-la-boule-natale.jpg?ssl=1\"},{\"@type\":\"BreadcrumbList\",\"@id\":\"https:\/\/dev6.erresse-shop.it\/fr\/shop\/table-fr-2\/plats\/villeroy-boch-toys-delight-la-boule\/#breadcrumb\",\"itemListElement\":[{\"@type\":\"ListItem\",\"position\":1,\"name\":\"Home\",\"item\":\"https:\/\/dev6.erresse-shop.it\/\"},{\"@type\":\"ListItem\",\"position\":2,\"name\":\"Boutique\",\"item\":\"https:\/\/dev6.erresse-shop.it\/shop\/\"},{\"@type\":\"ListItem\",\"position\":3,\"name\":\"VILLEROY &#038; BOCH Toy&#8217;s Delight La Boule\"}]},{\"@type\":\"WebSite\",\"@id\":\"https:\/\/dev6.erresse-shop.it\/#website\",\"url\":\"https:\/\/dev6.erresse-shop.it\/\",\"name\":\"Erresse Shop\",\"description\":\"\",\"publisher\":{\"@id\":\"https:\/\/dev6.erresse-shop.it\/#organization\"},\"potentialAction\":[{\"@type\":\"SearchAction\",\"target\":{\"@type\":\"EntryPoint\",\"urlTemplate\":\"https:\/\/dev6.erresse-shop.it\/?s={search_term_string}\"},\"query-input\":{\"@type\":\"PropertyValueSpecification\",\"valueRequired\":true,\"valueName\":\"search_term_string\"}}],\"inLanguage\":\"fr-FR\"},{\"@type\":\"Organization\",\"@id\":\"https:\/\/dev6.erresse-shop.it\/#organization\",\"name\":\"Erresse Shop\",\"url\":\"https:\/\/dev6.erresse-shop.it\/\",\"logo\":{\"@type\":\"ImageObject\",\"inLanguage\":\"fr-FR\",\"@id\":\"https:\/\/dev6.erresse-shop.it\/#\/schema\/logo\/image\/\",\"url\":\"https:\/\/dev6.erresse-shop.it\/wp-content\/uploads\/2025\/01\/LOGO-ERRESSE-CLASSICO.svg\",\"contentUrl\":\"https:\/\/dev6.erresse-shop.it\/wp-content\/uploads\/2025\/01\/LOGO-ERRESSE-CLASSICO.svg\",\"caption\":\"Erresse Shop\"},\"image\":{\"@id\":\"https:\/\/dev6.erresse-shop.it\/#\/schema\/logo\/image\/\"}}]}<\/script>\n<!-- \/ Yoast SEO plugin. -->","yoast_head_json":{"title":"VILLEROY &#038; BOCH Toy&#8217;s Delight La Boule - dev6 Erresse","description":"La magie de Toy\u2019s Delight : La collection Toy\u2019s Delight donne \u00e0 chaque moment une touche de charme. Ic\u00f4ne de design dans le style de No\u00ebl Avec la","robots":{"index":"noindex","follow":"follow","max-snippet":"max-snippet:-1","max-image-preview":"max-image-preview:large","max-video-preview":"max-video-preview:-1"},"og_locale":"fr_FR","og_type":"article","og_title":"VILLEROY &#038; BOCH Toy&#8217;s Delight La Boule - dev6 Erresse","og_description":"La magie de Toy\u2019s Delight : La collection Toy\u2019s Delight donne \u00e0 chaque moment une touche de charme. Ic\u00f4ne de design dans le style de No\u00ebl Avec la","og_url":"https:\/\/dev6.erresse-shop.it\/fr\/shop\/table-fr-2\/plats\/villeroy-boch-toys-delight-la-boule\/","og_site_name":"dev6 Erresse","og_image":[{"url":"https:\/\/interpim.erresse-shop.it\/img-catalogo\/villeroy\/villeroy-boch-la-boule-natale.jpg","type":"","width":"","height":""},{"url":"https:\/\/interpim.erresse-shop.it\/img-catalogo\/villeroy\/villeroy-boch-la-boule-natale.jpg","width":1024,"height":1024,"type":"image\/jpeg"}],"twitter_card":"summary_large_image","twitter_image":"https:\/\/interpim.erresse-shop.it\/img-catalogo\/villeroy\/villeroy-boch-la-boule-natale.jpg","schema":{"@context":"https:\/\/schema.org","@graph":[{"@type":"WebPage","@id":"https:\/\/dev6.erresse-shop.it\/fr\/shop\/table-fr-2\/plats\/villeroy-boch-toys-delight-la-boule\/","url":"https:\/\/dev6.erresse-shop.it\/fr\/shop\/table-fr-2\/plats\/villeroy-boch-toys-delight-la-boule\/","name":"VILLEROY &#038; BOCH Toy&#8217;s Delight La Boule - dev6 Erresse","isPartOf":{"@id":"https:\/\/dev6.erresse-shop.it\/#website"},"primaryImageOfPage":{"@id":"https:\/\/dev6.erresse-shop.it\/fr\/shop\/table-fr-2\/plats\/villeroy-boch-toys-delight-la-boule\/#primaryimage"},"image":{"@id":"https:\/\/dev6.erresse-shop.it\/fr\/shop\/table-fr-2\/plats\/villeroy-boch-toys-delight-la-boule\/#primaryimage"},"thumbnailUrl":"https:\/\/i1.wp.com\/interpim.erresse-shop.it\/img-catalogo\/villeroy\/villeroy-boch-la-boule-natale.jpg?ssl=1","datePublished":"2026-04-12T07:09:53+00:00","description":"La magie de Toy\u2019s Delight : La collection Toy\u2019s Delight donne \u00e0 chaque moment une touche de charme. Ic\u00f4ne de design dans le style de No\u00ebl Avec la","breadcrumb":{"@id":"https:\/\/dev6.erresse-shop.it\/fr\/shop\/table-fr-2\/plats\/villeroy-boch-toys-delight-la-boule\/#breadcrumb"},"inLanguage":"fr-FR","potentialAction":[{"@type":"ReadAction","target":["https:\/\/dev6.erresse-shop.it\/fr\/shop\/table-fr-2\/plats\/villeroy-boch-toys-delight-la-boule\/"]}]},{"@type":"ImageObject","inLanguage":"fr-FR","@id":"https:\/\/dev6.erresse-shop.it\/fr\/shop\/table-fr-2\/plats\/villeroy-boch-toys-delight-la-boule\/#primaryimage","url":"https:\/\/i1.wp.com\/interpim.erresse-shop.it\/img-catalogo\/villeroy\/villeroy-boch-la-boule-natale.jpg?ssl=1","contentUrl":"https:\/\/i1.wp.com\/interpim.erresse-shop.it\/img-catalogo\/villeroy\/villeroy-boch-la-boule-natale.jpg?ssl=1"},{"@type":"BreadcrumbList","@id":"https:\/\/dev6.erresse-shop.it\/fr\/shop\/table-fr-2\/plats\/villeroy-boch-toys-delight-la-boule\/#breadcrumb","itemListElement":[{"@type":"ListItem","position":1,"name":"Home","item":"https:\/\/dev6.erresse-shop.it\/"},{"@type":"ListItem","position":2,"name":"Boutique","item":"https:\/\/dev6.erresse-shop.it\/shop\/"},{"@type":"ListItem","position":3,"name":"VILLEROY &#038; BOCH Toy&#8217;s Delight La Boule"}]},{"@type":"WebSite","@id":"https:\/\/dev6.erresse-shop.it\/#website","url":"https:\/\/dev6.erresse-shop.it\/","name":"Erresse Shop","description":"","publisher":{"@id":"https:\/\/dev6.erresse-shop.it\/#organization"},"potentialAction":[{"@type":"SearchAction","target":{"@type":"EntryPoint","urlTemplate":"https:\/\/dev6.erresse-shop.it\/?s={search_term_string}"},"query-input":{"@type":"PropertyValueSpecification","valueRequired":true,"valueName":"search_term_string"}}],"inLanguage":"fr-FR"},{"@type":"Organization","@id":"https:\/\/dev6.erresse-shop.it\/#organization","name":"Erresse Shop","url":"https:\/\/dev6.erresse-shop.it\/","logo":{"@type":"ImageObject","inLanguage":"fr-FR","@id":"https:\/\/dev6.erresse-shop.it\/#\/schema\/logo\/image\/","url":"https:\/\/dev6.erresse-shop.it\/wp-content\/uploads\/2025\/01\/LOGO-ERRESSE-CLASSICO.svg","contentUrl":"https:\/\/dev6.erresse-shop.it\/wp-content\/uploads\/2025\/01\/LOGO-ERRESSE-CLASSICO.svg","caption":"Erresse Shop"},"image":{"@id":"https:\/\/dev6.erresse-shop.it\/#\/schema\/logo\/image\/"}}]}},"df_price":289,"df_sale_price":289,"df_regular_price":399,"df_image_link":"https:\/\/i1.wp.com\/interpim.erresse-shop.it\/img-catalogo\/villeroy\/villeroy-boch-la-boule-natale.jpg?resize=300,300&ssl=1","fifu_image_url":"https:\/\/interpim.erresse-shop.it\/img-catalogo\/villeroy\/villeroy-boch-la-boule-natale.jpg","_links":{"self":[{"href":"https:\/\/dev6.erresse-shop.it\/fr\/wp-json\/wp\/v2\/product\/60426","targetHints":{"allow":["GET"]}}],"collection":[{"href":"https:\/\/dev6.erresse-shop.it\/fr\/wp-json\/wp\/v2\/product"}],"about":[{"href":"https:\/\/dev6.erresse-shop.it\/fr\/wp-json\/wp\/v2\/types\/product"}],"wp:featuredmedia":[{"embeddable":true,"href":"https:\/\/dev6.erresse-shop.it\/fr\/wp-json\/wp\/v2\/media\/6357191"}],"wp:attachment":[{"href":"https:\/\/dev6.erresse-shop.it\/fr\/wp-json\/wp\/v2\/media?parent=60426"}],"wp:term":[{"taxonomy":"product_cat","embeddable":true,"href":"https:\/\/dev6.erresse-shop.it\/fr\/wp-json\/wp\/v2\/product_cat?post=60426"},{"taxonomy":"product_tag","embeddable":true,"href":"https:\/\/dev6.erresse-shop.it\/fr\/wp-json\/wp\/v2\/product_tag?post=60426"}],"curies":[{"name":"wp","href":"https:\/\/api.w.org\/{rel}","templated":true}]}}