{"id":60420,"date":"2026-04-12T09:09:53","date_gmt":"2026-04-12T07:09:53","guid":{"rendered":"https:\/\/dev6.erresse-shop.it\/shop\/non%20class\u00e9\/sage-the-barista-express-impress\/"},"modified":"2025-07-04T16:35:38","modified_gmt":"2025-07-04T14:35:38","slug":"sage-the-barista-express-impress","status":"publish","type":"product","link":"https:\/\/dev6.erresse-shop.it\/fr\/shop\/petits-electromenagers\/machines-cafe\/automatique\/sage-the-barista-express-impress\/","title":{"rendered":"SAGE The Barista Express\u2122 Impress"},"content":{"rendered":"<p>LE SYST\u00c8ME DE PALET IMPRESS\u2122. MOINS DE SALET\u00c9, PLUS DE SIMPLICIT\u00c9<br \/>\nPr\u00e9parez un caf\u00e9 de troisi\u00e8me g\u00e9n\u00e9ration dans le confort de votre maison : du grain \u00e0 la tasse en moins d\u2019une minute. Le meilleur du Barista Express avec le syst\u00e8me Impress\u2122 Puck. Pour vous aider \u00e0 obtenir la dose parfaite et un pressage pr\u00e9cis, r\u00e9duisez les r\u00e9sidus de caf\u00e9 moulu sur la machine et sur le plan de travail de votre cuisine.<\/p>\n<p>D\u00c9COUVREZ LE CAF\u00c9 DE 3\u00c8ME G\u00c9N\u00c9RATION \u00c0 DOMICILE GR\u00c2CE AUX 4 \u00c9L\u00c9MENTS CL\u00c9S<br \/>\nNos machines \u00e0 espresso utilisent les m\u00eames 4 \u00e9l\u00e9ments cl\u00e9s que les machines professionnelles. Ils sont con\u00e7us pour utiliser la juste quantit\u00e9 de grains fra\u00eechement moulus, assurer un contr\u00f4le pr\u00e9cis de la temp\u00e9rature et une pression d\u2019eau optimale, et cr\u00e9er la mousse \u00e0 micro-bulles essentielle \u00e0 l\u2019art du latte. Pressez simplement.<\/p>\n<p>Dosage intelligent gr\u00e2ce au moulin conique int\u00e9gr\u00e9 avec 25 r\u00e9glages de mouture : la dose est automatiquement calcul\u00e9e sur la base de la derni\u00e8re mouture, ce qui garantit qu\u2019elle est pr\u00eate pour la prochaine utilisation.<br \/>\nPressage assist\u00e9 : pression pr\u00e9cise de 10 kg avec une torsion finale professionnelle de 7 degr\u00e9s, comme celle des vrais baristas, ce qui permet d\u2019obtenir un disque de caf\u00e9 propre.<br \/>\nUn dosage pr\u00e9cis qui corrige automatiquement la dose suivante : si votre dose n\u00e9cessite un peu plus ou un peu moins de caf\u00e9, le syst\u00e8me de dosage intelligent la corrige automatiquement, en se souvenant de la derni\u00e8re dose et du r\u00e9sultat de la pression et en l\u2019ajustant pour vous garantir la dose parfaite la fois suivante.<br \/>\nLe porte-filtre en acier inoxydable de 54 mm avec filtres \u00e0 paroi simple ou double vous permet de profiter pleinement des saveurs : un caf\u00e9 cors\u00e9 \u00e0 l\u2019ar\u00f4me riche et complexe est obtenu en utilisant la dose id\u00e9ale de 18 g de grains fra\u00eechement moulus distribu\u00e9s par un porte-filtre en acier inoxydable de 54 mm, comme celui des machines professionnelles.<br \/>\nPr\u00e9-infusion \u00e0 basse pression, suivie d\u2019une extraction \u00e0 9 bars : pour un espresso cors\u00e9, cr\u00e9meux et de couleur caramel, commencez par une pr\u00e9-infusion \u00e0 basse pression, suivie d\u2019une extraction \u00e0 haute pression (9 bars), gr\u00e2ce \u00e0 notre pompe italienne de 15 bars.<br \/>\nSyst\u00e8me de chauffage Thermocoil avec contr\u00f4le de temp\u00e9rature PID qui d\u00e9livre une eau \u00e0 93\u00baC : Le syst\u00e8me de chauffage Thermocoil avec contr\u00f4le de temp\u00e9rature PID d\u00e9livre une eau \u00e0 exactement 93\u00baC, pour un go\u00fbt de caf\u00e9 parfaitement \u00e9quilibr\u00e9.<br \/>\nVapeur puissante \u00e0 130\u00baC pour une mousse rapide et soyeuse \u00e0 microbulles : profitez d\u2019une mousse soyeuse et velout\u00e9e \u00e0 microbulles gr\u00e2ce \u00e0 un jet de vapeur puissant.<\/p>\n<p>Ne peut \u00eatre vendu en dehors de l\u2019Europe<\/p>\n","protected":false},"excerpt":{"rendered":"<p>LE SYST\u00c8ME DE PALET IMPRESS\u2122. MOINS DE SALET\u00c9, PLUS DE SIMPLICIT\u00c9 Pr\u00e9parez un caf\u00e9 de troisi\u00e8me g\u00e9n\u00e9ration dans le confort de votre maison : du grain \u00e0 la tasse en moins d\u2019une minute. Le meilleur du Barista Express avec le syst\u00e8me Impress\u2122 Puck. Pour vous aider \u00e0 obtenir la dose parfaite et un pressage pr\u00e9cis, [&hellip;]<\/p>\n","protected":false},"featured_media":6357182,"template":"","meta":{"_acf_changed":false},"product_cat":[12076,12063,12055],"product_tag":[],"class_list":{"0":"post-60420","1":"product","2":"type-product","3":"status-publish","4":"has-post-thumbnail","6":"product_cat-automatique","7":"product_cat-machines-cafe","8":"product_cat-petits-electromenagers","10":"first","11":"outofstock","12":"sale","13":"taxable","14":"shipping-taxable","15":"purchasable","16":"product-type-simple","swatches":"rey-swatches","show_selected":"","stretch_labels":"rey-swatches--stretch-labels"},"acf":[],"yoast_head":"<!-- This site is optimized with the Yoast SEO plugin v25.4 - https:\/\/yoast.com\/wordpress\/plugins\/seo\/ -->\n<title>SAGE The Barista Express\u2122 Impress - dev6 Erresse<\/title>\n<meta name=\"description\" content=\"LE SYST\u00c8ME DE PALET IMPRESS\u2122. MOINS DE SALET\u00c9, PLUS DE SIMPLICIT\u00c9 Pr\u00e9parez un caf\u00e9 de troisi\u00e8me g\u00e9n\u00e9ration dans le confort de votre maison : du grain \u00e0 la\" \/>\n<meta name=\"robots\" content=\"noindex, follow, max-snippet:-1, max-image-preview:large, max-video-preview:-1\" \/>\n<meta property=\"og:locale\" content=\"fr_FR\" \/>\n<meta property=\"og:type\" content=\"article\" \/>\n<meta property=\"og:title\" content=\"SAGE The Barista Express\u2122 Impress - dev6 Erresse\" \/>\n<meta property=\"og:description\" content=\"LE SYST\u00c8ME DE PALET IMPRESS\u2122. MOINS DE SALET\u00c9, PLUS DE SIMPLICIT\u00c9 Pr\u00e9parez un caf\u00e9 de troisi\u00e8me g\u00e9n\u00e9ration dans le confort de votre maison : du grain \u00e0 la\" \/>\n<meta property=\"og:url\" content=\"https:\/\/dev6.erresse-shop.it\/fr\/shop\/petits-electromenagers\/machines-cafe\/automatique\/sage-the-barista-express-impress\/\" \/>\n<meta property=\"og:site_name\" content=\"dev6 Erresse\" \/>\n<meta property=\"og:image\" content=\"https:\/\/interpim.erresse-shop.it\/img-catalogo\/sage\/sage-the-barista-express-impress-2.jpg\" \/><meta property=\"og:image\" content=\"https:\/\/interpim.erresse-shop.it\/img-catalogo\/sage\/sage-the-barista-express-impress-2.jpg\" \/>\n\t<meta property=\"og:image:width\" content=\"1024\" \/>\n\t<meta property=\"og:image:height\" content=\"1024\" \/>\n\t<meta property=\"og:image:type\" content=\"image\/jpeg\" \/>\n<meta name=\"twitter:card\" content=\"summary_large_image\" \/>\n<meta name=\"twitter:image\" content=\"https:\/\/interpim.erresse-shop.it\/img-catalogo\/sage\/sage-the-barista-express-impress-2.jpg\" \/>\n<script type=\"application\/ld+json\" class=\"yoast-schema-graph\">{\"@context\":\"https:\/\/schema.org\",\"@graph\":[{\"@type\":\"WebPage\",\"@id\":\"https:\/\/dev6.erresse-shop.it\/fr\/shop\/petits-electromenagers\/machines-cafe\/automatique\/sage-the-barista-express-impress\/\",\"url\":\"https:\/\/dev6.erresse-shop.it\/fr\/shop\/petits-electromenagers\/machines-cafe\/automatique\/sage-the-barista-express-impress\/\",\"name\":\"SAGE The Barista Express\u2122 Impress - dev6 Erresse\",\"isPartOf\":{\"@id\":\"https:\/\/dev6.erresse-shop.it\/#website\"},\"primaryImageOfPage\":{\"@id\":\"https:\/\/dev6.erresse-shop.it\/fr\/shop\/petits-electromenagers\/machines-cafe\/automatique\/sage-the-barista-express-impress\/#primaryimage\"},\"image\":{\"@id\":\"https:\/\/dev6.erresse-shop.it\/fr\/shop\/petits-electromenagers\/machines-cafe\/automatique\/sage-the-barista-express-impress\/#primaryimage\"},\"thumbnailUrl\":\"https:\/\/i1.wp.com\/interpim.erresse-shop.it\/img-catalogo\/sage\/sage-the-barista-express-impress-2.jpg?ssl=1\",\"datePublished\":\"2026-04-12T07:09:53+00:00\",\"description\":\"LE SYST\u00c8ME DE PALET IMPRESS\u2122. MOINS DE SALET\u00c9, PLUS DE SIMPLICIT\u00c9 Pr\u00e9parez un caf\u00e9 de troisi\u00e8me g\u00e9n\u00e9ration dans le confort de votre maison : du grain \u00e0 la\",\"breadcrumb\":{\"@id\":\"https:\/\/dev6.erresse-shop.it\/fr\/shop\/petits-electromenagers\/machines-cafe\/automatique\/sage-the-barista-express-impress\/#breadcrumb\"},\"inLanguage\":\"fr-FR\",\"potentialAction\":[{\"@type\":\"ReadAction\",\"target\":[\"https:\/\/dev6.erresse-shop.it\/fr\/shop\/petits-electromenagers\/machines-cafe\/automatique\/sage-the-barista-express-impress\/\"]}]},{\"@type\":\"ImageObject\",\"inLanguage\":\"fr-FR\",\"@id\":\"https:\/\/dev6.erresse-shop.it\/fr\/shop\/petits-electromenagers\/machines-cafe\/automatique\/sage-the-barista-express-impress\/#primaryimage\",\"url\":\"https:\/\/i1.wp.com\/interpim.erresse-shop.it\/img-catalogo\/sage\/sage-the-barista-express-impress-2.jpg?ssl=1\",\"contentUrl\":\"https:\/\/i1.wp.com\/interpim.erresse-shop.it\/img-catalogo\/sage\/sage-the-barista-express-impress-2.jpg?ssl=1\"},{\"@type\":\"BreadcrumbList\",\"@id\":\"https:\/\/dev6.erresse-shop.it\/fr\/shop\/petits-electromenagers\/machines-cafe\/automatique\/sage-the-barista-express-impress\/#breadcrumb\",\"itemListElement\":[{\"@type\":\"ListItem\",\"position\":1,\"name\":\"Home\",\"item\":\"https:\/\/dev6.erresse-shop.it\/\"},{\"@type\":\"ListItem\",\"position\":2,\"name\":\"Boutique\",\"item\":\"https:\/\/dev6.erresse-shop.it\/shop\/\"},{\"@type\":\"ListItem\",\"position\":3,\"name\":\"SAGE The Barista Express\u2122 Impress\"}]},{\"@type\":\"WebSite\",\"@id\":\"https:\/\/dev6.erresse-shop.it\/#website\",\"url\":\"https:\/\/dev6.erresse-shop.it\/\",\"name\":\"Erresse Shop\",\"description\":\"\",\"publisher\":{\"@id\":\"https:\/\/dev6.erresse-shop.it\/#organization\"},\"potentialAction\":[{\"@type\":\"SearchAction\",\"target\":{\"@type\":\"EntryPoint\",\"urlTemplate\":\"https:\/\/dev6.erresse-shop.it\/?s={search_term_string}\"},\"query-input\":{\"@type\":\"PropertyValueSpecification\",\"valueRequired\":true,\"valueName\":\"search_term_string\"}}],\"inLanguage\":\"fr-FR\"},{\"@type\":\"Organization\",\"@id\":\"https:\/\/dev6.erresse-shop.it\/#organization\",\"name\":\"Erresse Shop\",\"url\":\"https:\/\/dev6.erresse-shop.it\/\",\"logo\":{\"@type\":\"ImageObject\",\"inLanguage\":\"fr-FR\",\"@id\":\"https:\/\/dev6.erresse-shop.it\/#\/schema\/logo\/image\/\",\"url\":\"https:\/\/dev6.erresse-shop.it\/wp-content\/uploads\/2025\/01\/LOGO-ERRESSE-CLASSICO.svg\",\"contentUrl\":\"https:\/\/dev6.erresse-shop.it\/wp-content\/uploads\/2025\/01\/LOGO-ERRESSE-CLASSICO.svg\",\"caption\":\"Erresse Shop\"},\"image\":{\"@id\":\"https:\/\/dev6.erresse-shop.it\/#\/schema\/logo\/image\/\"}}]}<\/script>\n<!-- \/ Yoast SEO plugin. -->","yoast_head_json":{"title":"SAGE The Barista Express\u2122 Impress - dev6 Erresse","description":"LE SYST\u00c8ME DE PALET IMPRESS\u2122. MOINS DE SALET\u00c9, PLUS DE SIMPLICIT\u00c9 Pr\u00e9parez un caf\u00e9 de troisi\u00e8me g\u00e9n\u00e9ration dans le confort de votre maison : du grain \u00e0 la","robots":{"index":"noindex","follow":"follow","max-snippet":"max-snippet:-1","max-image-preview":"max-image-preview:large","max-video-preview":"max-video-preview:-1"},"og_locale":"fr_FR","og_type":"article","og_title":"SAGE The Barista Express\u2122 Impress - dev6 Erresse","og_description":"LE SYST\u00c8ME DE PALET IMPRESS\u2122. MOINS DE SALET\u00c9, PLUS DE SIMPLICIT\u00c9 Pr\u00e9parez un caf\u00e9 de troisi\u00e8me g\u00e9n\u00e9ration dans le confort de votre maison : du grain \u00e0 la","og_url":"https:\/\/dev6.erresse-shop.it\/fr\/shop\/petits-electromenagers\/machines-cafe\/automatique\/sage-the-barista-express-impress\/","og_site_name":"dev6 Erresse","og_image":[{"url":"https:\/\/interpim.erresse-shop.it\/img-catalogo\/sage\/sage-the-barista-express-impress-2.jpg","type":"","width":"","height":""},{"url":"https:\/\/interpim.erresse-shop.it\/img-catalogo\/sage\/sage-the-barista-express-impress-2.jpg","width":1024,"height":1024,"type":"image\/jpeg"}],"twitter_card":"summary_large_image","twitter_image":"https:\/\/interpim.erresse-shop.it\/img-catalogo\/sage\/sage-the-barista-express-impress-2.jpg","schema":{"@context":"https:\/\/schema.org","@graph":[{"@type":"WebPage","@id":"https:\/\/dev6.erresse-shop.it\/fr\/shop\/petits-electromenagers\/machines-cafe\/automatique\/sage-the-barista-express-impress\/","url":"https:\/\/dev6.erresse-shop.it\/fr\/shop\/petits-electromenagers\/machines-cafe\/automatique\/sage-the-barista-express-impress\/","name":"SAGE The Barista Express\u2122 Impress - dev6 Erresse","isPartOf":{"@id":"https:\/\/dev6.erresse-shop.it\/#website"},"primaryImageOfPage":{"@id":"https:\/\/dev6.erresse-shop.it\/fr\/shop\/petits-electromenagers\/machines-cafe\/automatique\/sage-the-barista-express-impress\/#primaryimage"},"image":{"@id":"https:\/\/dev6.erresse-shop.it\/fr\/shop\/petits-electromenagers\/machines-cafe\/automatique\/sage-the-barista-express-impress\/#primaryimage"},"thumbnailUrl":"https:\/\/i1.wp.com\/interpim.erresse-shop.it\/img-catalogo\/sage\/sage-the-barista-express-impress-2.jpg?ssl=1","datePublished":"2026-04-12T07:09:53+00:00","description":"LE SYST\u00c8ME DE PALET IMPRESS\u2122. MOINS DE SALET\u00c9, PLUS DE SIMPLICIT\u00c9 Pr\u00e9parez un caf\u00e9 de troisi\u00e8me g\u00e9n\u00e9ration dans le confort de votre maison : du grain \u00e0 la","breadcrumb":{"@id":"https:\/\/dev6.erresse-shop.it\/fr\/shop\/petits-electromenagers\/machines-cafe\/automatique\/sage-the-barista-express-impress\/#breadcrumb"},"inLanguage":"fr-FR","potentialAction":[{"@type":"ReadAction","target":["https:\/\/dev6.erresse-shop.it\/fr\/shop\/petits-electromenagers\/machines-cafe\/automatique\/sage-the-barista-express-impress\/"]}]},{"@type":"ImageObject","inLanguage":"fr-FR","@id":"https:\/\/dev6.erresse-shop.it\/fr\/shop\/petits-electromenagers\/machines-cafe\/automatique\/sage-the-barista-express-impress\/#primaryimage","url":"https:\/\/i1.wp.com\/interpim.erresse-shop.it\/img-catalogo\/sage\/sage-the-barista-express-impress-2.jpg?ssl=1","contentUrl":"https:\/\/i1.wp.com\/interpim.erresse-shop.it\/img-catalogo\/sage\/sage-the-barista-express-impress-2.jpg?ssl=1"},{"@type":"BreadcrumbList","@id":"https:\/\/dev6.erresse-shop.it\/fr\/shop\/petits-electromenagers\/machines-cafe\/automatique\/sage-the-barista-express-impress\/#breadcrumb","itemListElement":[{"@type":"ListItem","position":1,"name":"Home","item":"https:\/\/dev6.erresse-shop.it\/"},{"@type":"ListItem","position":2,"name":"Boutique","item":"https:\/\/dev6.erresse-shop.it\/shop\/"},{"@type":"ListItem","position":3,"name":"SAGE The Barista Express\u2122 Impress"}]},{"@type":"WebSite","@id":"https:\/\/dev6.erresse-shop.it\/#website","url":"https:\/\/dev6.erresse-shop.it\/","name":"Erresse Shop","description":"","publisher":{"@id":"https:\/\/dev6.erresse-shop.it\/#organization"},"potentialAction":[{"@type":"SearchAction","target":{"@type":"EntryPoint","urlTemplate":"https:\/\/dev6.erresse-shop.it\/?s={search_term_string}"},"query-input":{"@type":"PropertyValueSpecification","valueRequired":true,"valueName":"search_term_string"}}],"inLanguage":"fr-FR"},{"@type":"Organization","@id":"https:\/\/dev6.erresse-shop.it\/#organization","name":"Erresse Shop","url":"https:\/\/dev6.erresse-shop.it\/","logo":{"@type":"ImageObject","inLanguage":"fr-FR","@id":"https:\/\/dev6.erresse-shop.it\/#\/schema\/logo\/image\/","url":"https:\/\/dev6.erresse-shop.it\/wp-content\/uploads\/2025\/01\/LOGO-ERRESSE-CLASSICO.svg","contentUrl":"https:\/\/dev6.erresse-shop.it\/wp-content\/uploads\/2025\/01\/LOGO-ERRESSE-CLASSICO.svg","caption":"Erresse Shop"},"image":{"@id":"https:\/\/dev6.erresse-shop.it\/#\/schema\/logo\/image\/"}}]}},"df_price":779.95,"df_sale_price":779.95,"df_regular_price":829.29,"df_image_link":"https:\/\/i1.wp.com\/interpim.erresse-shop.it\/img-catalogo\/sage\/sage-the-barista-express-impress-2.jpg?resize=300,300&ssl=1","fifu_image_url":"https:\/\/interpim.erresse-shop.it\/img-catalogo\/sage\/sage-the-barista-express-impress-2.jpg","_links":{"self":[{"href":"https:\/\/dev6.erresse-shop.it\/fr\/wp-json\/wp\/v2\/product\/60420","targetHints":{"allow":["GET"]}}],"collection":[{"href":"https:\/\/dev6.erresse-shop.it\/fr\/wp-json\/wp\/v2\/product"}],"about":[{"href":"https:\/\/dev6.erresse-shop.it\/fr\/wp-json\/wp\/v2\/types\/product"}],"wp:featuredmedia":[{"embeddable":true,"href":"https:\/\/dev6.erresse-shop.it\/fr\/wp-json\/wp\/v2\/media\/6357182"}],"wp:attachment":[{"href":"https:\/\/dev6.erresse-shop.it\/fr\/wp-json\/wp\/v2\/media?parent=60420"}],"wp:term":[{"taxonomy":"product_cat","embeddable":true,"href":"https:\/\/dev6.erresse-shop.it\/fr\/wp-json\/wp\/v2\/product_cat?post=60420"},{"taxonomy":"product_tag","embeddable":true,"href":"https:\/\/dev6.erresse-shop.it\/fr\/wp-json\/wp\/v2\/product_tag?post=60420"}],"curies":[{"name":"wp","href":"https:\/\/api.w.org\/{rel}","templated":true}]}}