{"id":60376,"date":"2026-04-12T09:08:39","date_gmt":"2026-04-12T07:08:39","guid":{"rendered":"https:\/\/dev6.erresse-shop.it\/shop\/non%20class\u00e9\/bordallo-pinheiro-plateau-kiwi-40-cm\/"},"modified":"2026-01-09T02:09:35","modified_gmt":"2026-01-09T01:09:35","slug":"bordallo-pinheiro-plateau-kiwi-40-cm","status":"publish","type":"product","link":"https:\/\/dev6.erresse-shop.it\/fr\/shop\/table-fr-2\/plateaux\/bordallo-pinheiro-plateau-kiwi-40-cm\/","title":{"rendered":"BORDALLO PINHEIRO Plateau Kiwi 40 cm"},"content":{"rendered":"<p>La collection Tropical Fruit est un hymne \u00e0 l\u2019exub\u00e9rance et aux d\u00e9tails de la nature dans son \u00e9tat le plus pur. Le kiwi, le fruit du dragon, le fruit de la passion, la papaye, l\u2019annone, la noix de coco et l\u2019avocat ont \u00e9t\u00e9 recr\u00e9\u00e9s \u00e0 l\u2019aide de diverses techniques manuelles qui donnent des couleurs, des textures et des reliefs si r\u00e9els que nous avons l\u2019impression d\u2019\u00eatre au milieu de la for\u00eat tropicale.<\/p>\n<p>\u201cPour reproduire des caract\u00e9ristiques telles que les graines et la texture, le fruit a \u00e9t\u00e9 utilis\u00e9 \u00e0 diff\u00e9rentes \u00e9tapes du processus. Les textures, par exemple, ont \u00e9t\u00e9 reproduites \u00e0 partir du fruit apr\u00e8s s\u00e9chage, qui a \u00e9t\u00e9 utilis\u00e9 pour mouler l\u2019argile. Divers outils traditionnels et techniques ancestrales ont \u00e9t\u00e9 utilis\u00e9s dans ce processus. L\u2019ensemble du processus a \u00e9t\u00e9 tr\u00e8s exigeant et a pris beaucoup de temps, pour aboutir \u00e0 une ligne esth\u00e9tique et technique tr\u00e8s riche et \u00e9clectique, o\u00f9 les op\u00e9rations manuelles ressortent clairement\u201d, explique le designer coordonnateur de Bordallo Pinheiro, Francisco Vieira Martins, \u00e0 propos du processus cr\u00e9atif et des \u00e9tapes complexes de la production.<\/p>\n<p>Le plateau ovale inspir\u00e9 de l\u2019esth\u00e9tique d\u2019un kiwi convient pour servir des fruits ou divers amuse-gueules.<br \/>\nPeint \u00e0 la main, ce plateau impressionne par ses d\u00e9tails et son relief en c\u00e9ramique qui lui conf\u00e8re un aspect r\u00e9aliste. Que ce soit pour un \u00e9v\u00e9nement festif ou un d\u00eener en famille, le plateau ovale Tropical Fruit Kiwi compl\u00e8te parfaitement un d\u00e9cor exceptionnel.<\/p>\n<p>Mat\u00e9riau : terre cuite<\/p>\n","protected":false},"excerpt":{"rendered":"<p>La collection Tropical Fruit est un hymne \u00e0 l\u2019exub\u00e9rance et aux d\u00e9tails de la nature dans son \u00e9tat le plus pur. Le kiwi, le fruit du dragon, le fruit de la passion, la papaye, l\u2019annone, la noix de coco et l\u2019avocat ont \u00e9t\u00e9 recr\u00e9\u00e9s \u00e0 l\u2019aide de diverses techniques manuelles qui donnent des couleurs, des [&hellip;]<\/p>\n","protected":false},"featured_media":6357089,"template":"","meta":{"_acf_changed":false},"product_cat":[12004,11995,11671],"product_tag":[],"class_list":{"0":"post-60376","1":"product","2":"type-product","3":"status-publish","4":"has-post-thumbnail","6":"product_cat-plateaux","7":"product_cat-table-fr-2","8":"product_cat-tavola","10":"first","11":"outofstock","12":"sale","13":"taxable","14":"shipping-taxable","15":"purchasable","16":"product-type-simple","swatches":"rey-swatches","show_selected":"","stretch_labels":"rey-swatches--stretch-labels"},"acf":[],"yoast_head":"<!-- This site is optimized with the Yoast SEO plugin v25.4 - https:\/\/yoast.com\/wordpress\/plugins\/seo\/ -->\n<title>BORDALLO PINHEIRO Plateau Kiwi 40 cm - dev6 Erresse<\/title>\n<meta name=\"description\" content=\"La collection Tropical Fruit est un hymne \u00e0 l\u2019exub\u00e9rance et aux d\u00e9tails de la nature dans son \u00e9tat le plus pur. Le kiwi, le fruit du dragon, le fruit de\" \/>\n<meta name=\"robots\" content=\"noindex, follow, max-snippet:-1, max-image-preview:large, max-video-preview:-1\" \/>\n<meta property=\"og:locale\" content=\"fr_FR\" \/>\n<meta property=\"og:type\" content=\"article\" \/>\n<meta property=\"og:title\" content=\"BORDALLO PINHEIRO Plateau Kiwi 40 cm - dev6 Erresse\" \/>\n<meta property=\"og:description\" content=\"La collection Tropical Fruit est un hymne \u00e0 l\u2019exub\u00e9rance et aux d\u00e9tails de la nature dans son \u00e9tat le plus pur. Le kiwi, le fruit du dragon, le fruit de\" \/>\n<meta property=\"og:url\" content=\"https:\/\/dev6.erresse-shop.it\/fr\/shop\/table-fr-2\/plateaux\/bordallo-pinheiro-plateau-kiwi-40-cm\/\" \/>\n<meta property=\"og:site_name\" content=\"dev6 Erresse\" \/>\n<meta property=\"og:image\" content=\"https:\/\/interpim.erresse-shop.it\/Import\/Prodotti\/bordallo-pinheiro-vassoio-kiwi.jpg\" \/><meta property=\"og:image\" content=\"https:\/\/interpim.erresse-shop.it\/Import\/Prodotti\/bordallo-pinheiro-vassoio-kiwi.jpg\" \/>\n\t<meta property=\"og:image:width\" content=\"1024\" \/>\n\t<meta property=\"og:image:height\" content=\"1024\" \/>\n\t<meta property=\"og:image:type\" content=\"image\/jpeg\" \/>\n<meta name=\"twitter:card\" content=\"summary_large_image\" \/>\n<meta name=\"twitter:image\" content=\"https:\/\/interpim.erresse-shop.it\/Import\/Prodotti\/bordallo-pinheiro-vassoio-kiwi.jpg\" \/>\n<script type=\"application\/ld+json\" class=\"yoast-schema-graph\">{\"@context\":\"https:\/\/schema.org\",\"@graph\":[{\"@type\":\"WebPage\",\"@id\":\"https:\/\/dev6.erresse-shop.it\/fr\/shop\/table-fr-2\/plateaux\/bordallo-pinheiro-plateau-kiwi-40-cm\/\",\"url\":\"https:\/\/dev6.erresse-shop.it\/fr\/shop\/table-fr-2\/plateaux\/bordallo-pinheiro-plateau-kiwi-40-cm\/\",\"name\":\"BORDALLO PINHEIRO Plateau Kiwi 40 cm - dev6 Erresse\",\"isPartOf\":{\"@id\":\"https:\/\/dev6.erresse-shop.it\/#website\"},\"primaryImageOfPage\":{\"@id\":\"https:\/\/dev6.erresse-shop.it\/fr\/shop\/table-fr-2\/plateaux\/bordallo-pinheiro-plateau-kiwi-40-cm\/#primaryimage\"},\"image\":{\"@id\":\"https:\/\/dev6.erresse-shop.it\/fr\/shop\/table-fr-2\/plateaux\/bordallo-pinheiro-plateau-kiwi-40-cm\/#primaryimage\"},\"thumbnailUrl\":\"https:\/\/i0.wp.com\/interpim.erresse-shop.it\/Import\/Prodotti\/bordallo-pinheiro-vassoio-kiwi.jpg?ssl=1\",\"datePublished\":\"2026-04-12T07:08:39+00:00\",\"description\":\"La collection Tropical Fruit est un hymne \u00e0 l\u2019exub\u00e9rance et aux d\u00e9tails de la nature dans son \u00e9tat le plus pur. Le kiwi, le fruit du dragon, le fruit de\",\"breadcrumb\":{\"@id\":\"https:\/\/dev6.erresse-shop.it\/fr\/shop\/table-fr-2\/plateaux\/bordallo-pinheiro-plateau-kiwi-40-cm\/#breadcrumb\"},\"inLanguage\":\"fr-FR\",\"potentialAction\":[{\"@type\":\"ReadAction\",\"target\":[\"https:\/\/dev6.erresse-shop.it\/fr\/shop\/table-fr-2\/plateaux\/bordallo-pinheiro-plateau-kiwi-40-cm\/\"]}]},{\"@type\":\"ImageObject\",\"inLanguage\":\"fr-FR\",\"@id\":\"https:\/\/dev6.erresse-shop.it\/fr\/shop\/table-fr-2\/plateaux\/bordallo-pinheiro-plateau-kiwi-40-cm\/#primaryimage\",\"url\":\"https:\/\/i0.wp.com\/interpim.erresse-shop.it\/Import\/Prodotti\/bordallo-pinheiro-vassoio-kiwi.jpg?ssl=1\",\"contentUrl\":\"https:\/\/i0.wp.com\/interpim.erresse-shop.it\/Import\/Prodotti\/bordallo-pinheiro-vassoio-kiwi.jpg?ssl=1\"},{\"@type\":\"BreadcrumbList\",\"@id\":\"https:\/\/dev6.erresse-shop.it\/fr\/shop\/table-fr-2\/plateaux\/bordallo-pinheiro-plateau-kiwi-40-cm\/#breadcrumb\",\"itemListElement\":[{\"@type\":\"ListItem\",\"position\":1,\"name\":\"Home\",\"item\":\"https:\/\/dev6.erresse-shop.it\/\"},{\"@type\":\"ListItem\",\"position\":2,\"name\":\"Boutique\",\"item\":\"https:\/\/dev6.erresse-shop.it\/shop\/\"},{\"@type\":\"ListItem\",\"position\":3,\"name\":\"BORDALLO PINHEIRO Plateau Kiwi 40 cm\"}]},{\"@type\":\"WebSite\",\"@id\":\"https:\/\/dev6.erresse-shop.it\/#website\",\"url\":\"https:\/\/dev6.erresse-shop.it\/\",\"name\":\"Erresse Shop\",\"description\":\"\",\"publisher\":{\"@id\":\"https:\/\/dev6.erresse-shop.it\/#organization\"},\"potentialAction\":[{\"@type\":\"SearchAction\",\"target\":{\"@type\":\"EntryPoint\",\"urlTemplate\":\"https:\/\/dev6.erresse-shop.it\/?s={search_term_string}\"},\"query-input\":{\"@type\":\"PropertyValueSpecification\",\"valueRequired\":true,\"valueName\":\"search_term_string\"}}],\"inLanguage\":\"fr-FR\"},{\"@type\":\"Organization\",\"@id\":\"https:\/\/dev6.erresse-shop.it\/#organization\",\"name\":\"Erresse Shop\",\"url\":\"https:\/\/dev6.erresse-shop.it\/\",\"logo\":{\"@type\":\"ImageObject\",\"inLanguage\":\"fr-FR\",\"@id\":\"https:\/\/dev6.erresse-shop.it\/#\/schema\/logo\/image\/\",\"url\":\"https:\/\/dev6.erresse-shop.it\/wp-content\/uploads\/2025\/01\/LOGO-ERRESSE-CLASSICO.svg\",\"contentUrl\":\"https:\/\/dev6.erresse-shop.it\/wp-content\/uploads\/2025\/01\/LOGO-ERRESSE-CLASSICO.svg\",\"caption\":\"Erresse Shop\"},\"image\":{\"@id\":\"https:\/\/dev6.erresse-shop.it\/#\/schema\/logo\/image\/\"}}]}<\/script>\n<!-- \/ Yoast SEO plugin. -->","yoast_head_json":{"title":"BORDALLO PINHEIRO Plateau Kiwi 40 cm - dev6 Erresse","description":"La collection Tropical Fruit est un hymne \u00e0 l\u2019exub\u00e9rance et aux d\u00e9tails de la nature dans son \u00e9tat le plus pur. Le kiwi, le fruit du dragon, le fruit de","robots":{"index":"noindex","follow":"follow","max-snippet":"max-snippet:-1","max-image-preview":"max-image-preview:large","max-video-preview":"max-video-preview:-1"},"og_locale":"fr_FR","og_type":"article","og_title":"BORDALLO PINHEIRO Plateau Kiwi 40 cm - dev6 Erresse","og_description":"La collection Tropical Fruit est un hymne \u00e0 l\u2019exub\u00e9rance et aux d\u00e9tails de la nature dans son \u00e9tat le plus pur. Le kiwi, le fruit du dragon, le fruit de","og_url":"https:\/\/dev6.erresse-shop.it\/fr\/shop\/table-fr-2\/plateaux\/bordallo-pinheiro-plateau-kiwi-40-cm\/","og_site_name":"dev6 Erresse","og_image":[{"url":"https:\/\/interpim.erresse-shop.it\/Import\/Prodotti\/bordallo-pinheiro-vassoio-kiwi.jpg","type":"","width":"","height":""},{"url":"https:\/\/interpim.erresse-shop.it\/Import\/Prodotti\/bordallo-pinheiro-vassoio-kiwi.jpg","width":1024,"height":1024,"type":"image\/jpeg"}],"twitter_card":"summary_large_image","twitter_image":"https:\/\/interpim.erresse-shop.it\/Import\/Prodotti\/bordallo-pinheiro-vassoio-kiwi.jpg","schema":{"@context":"https:\/\/schema.org","@graph":[{"@type":"WebPage","@id":"https:\/\/dev6.erresse-shop.it\/fr\/shop\/table-fr-2\/plateaux\/bordallo-pinheiro-plateau-kiwi-40-cm\/","url":"https:\/\/dev6.erresse-shop.it\/fr\/shop\/table-fr-2\/plateaux\/bordallo-pinheiro-plateau-kiwi-40-cm\/","name":"BORDALLO PINHEIRO Plateau Kiwi 40 cm - dev6 Erresse","isPartOf":{"@id":"https:\/\/dev6.erresse-shop.it\/#website"},"primaryImageOfPage":{"@id":"https:\/\/dev6.erresse-shop.it\/fr\/shop\/table-fr-2\/plateaux\/bordallo-pinheiro-plateau-kiwi-40-cm\/#primaryimage"},"image":{"@id":"https:\/\/dev6.erresse-shop.it\/fr\/shop\/table-fr-2\/plateaux\/bordallo-pinheiro-plateau-kiwi-40-cm\/#primaryimage"},"thumbnailUrl":"https:\/\/i0.wp.com\/interpim.erresse-shop.it\/Import\/Prodotti\/bordallo-pinheiro-vassoio-kiwi.jpg?ssl=1","datePublished":"2026-04-12T07:08:39+00:00","description":"La collection Tropical Fruit est un hymne \u00e0 l\u2019exub\u00e9rance et aux d\u00e9tails de la nature dans son \u00e9tat le plus pur. Le kiwi, le fruit du dragon, le fruit de","breadcrumb":{"@id":"https:\/\/dev6.erresse-shop.it\/fr\/shop\/table-fr-2\/plateaux\/bordallo-pinheiro-plateau-kiwi-40-cm\/#breadcrumb"},"inLanguage":"fr-FR","potentialAction":[{"@type":"ReadAction","target":["https:\/\/dev6.erresse-shop.it\/fr\/shop\/table-fr-2\/plateaux\/bordallo-pinheiro-plateau-kiwi-40-cm\/"]}]},{"@type":"ImageObject","inLanguage":"fr-FR","@id":"https:\/\/dev6.erresse-shop.it\/fr\/shop\/table-fr-2\/plateaux\/bordallo-pinheiro-plateau-kiwi-40-cm\/#primaryimage","url":"https:\/\/i0.wp.com\/interpim.erresse-shop.it\/Import\/Prodotti\/bordallo-pinheiro-vassoio-kiwi.jpg?ssl=1","contentUrl":"https:\/\/i0.wp.com\/interpim.erresse-shop.it\/Import\/Prodotti\/bordallo-pinheiro-vassoio-kiwi.jpg?ssl=1"},{"@type":"BreadcrumbList","@id":"https:\/\/dev6.erresse-shop.it\/fr\/shop\/table-fr-2\/plateaux\/bordallo-pinheiro-plateau-kiwi-40-cm\/#breadcrumb","itemListElement":[{"@type":"ListItem","position":1,"name":"Home","item":"https:\/\/dev6.erresse-shop.it\/"},{"@type":"ListItem","position":2,"name":"Boutique","item":"https:\/\/dev6.erresse-shop.it\/shop\/"},{"@type":"ListItem","position":3,"name":"BORDALLO PINHEIRO Plateau Kiwi 40 cm"}]},{"@type":"WebSite","@id":"https:\/\/dev6.erresse-shop.it\/#website","url":"https:\/\/dev6.erresse-shop.it\/","name":"Erresse Shop","description":"","publisher":{"@id":"https:\/\/dev6.erresse-shop.it\/#organization"},"potentialAction":[{"@type":"SearchAction","target":{"@type":"EntryPoint","urlTemplate":"https:\/\/dev6.erresse-shop.it\/?s={search_term_string}"},"query-input":{"@type":"PropertyValueSpecification","valueRequired":true,"valueName":"search_term_string"}}],"inLanguage":"fr-FR"},{"@type":"Organization","@id":"https:\/\/dev6.erresse-shop.it\/#organization","name":"Erresse Shop","url":"https:\/\/dev6.erresse-shop.it\/","logo":{"@type":"ImageObject","inLanguage":"fr-FR","@id":"https:\/\/dev6.erresse-shop.it\/#\/schema\/logo\/image\/","url":"https:\/\/dev6.erresse-shop.it\/wp-content\/uploads\/2025\/01\/LOGO-ERRESSE-CLASSICO.svg","contentUrl":"https:\/\/dev6.erresse-shop.it\/wp-content\/uploads\/2025\/01\/LOGO-ERRESSE-CLASSICO.svg","caption":"Erresse Shop"},"image":{"@id":"https:\/\/dev6.erresse-shop.it\/#\/schema\/logo\/image\/"}}]}},"df_price":69,"df_sale_price":69,"df_regular_price":89,"df_image_link":"https:\/\/i0.wp.com\/interpim.erresse-shop.it\/Import\/Prodotti\/bordallo-pinheiro-vassoio-kiwi.jpg?resize=300,300&ssl=1","fifu_image_url":"https:\/\/interpim.erresse-shop.it\/Import\/Prodotti\/bordallo-pinheiro-vassoio-kiwi.jpg","_links":{"self":[{"href":"https:\/\/dev6.erresse-shop.it\/fr\/wp-json\/wp\/v2\/product\/60376","targetHints":{"allow":["GET"]}}],"collection":[{"href":"https:\/\/dev6.erresse-shop.it\/fr\/wp-json\/wp\/v2\/product"}],"about":[{"href":"https:\/\/dev6.erresse-shop.it\/fr\/wp-json\/wp\/v2\/types\/product"}],"wp:featuredmedia":[{"embeddable":true,"href":"https:\/\/dev6.erresse-shop.it\/fr\/wp-json\/wp\/v2\/media\/6357089"}],"wp:attachment":[{"href":"https:\/\/dev6.erresse-shop.it\/fr\/wp-json\/wp\/v2\/media?parent=60376"}],"wp:term":[{"taxonomy":"product_cat","embeddable":true,"href":"https:\/\/dev6.erresse-shop.it\/fr\/wp-json\/wp\/v2\/product_cat?post=60376"},{"taxonomy":"product_tag","embeddable":true,"href":"https:\/\/dev6.erresse-shop.it\/fr\/wp-json\/wp\/v2\/product_tag?post=60376"}],"curies":[{"name":"wp","href":"https:\/\/api.w.org\/{rel}","templated":true}]}}