{"id":60372,"date":"2026-04-12T09:08:39","date_gmt":"2026-04-12T07:08:39","guid":{"rendered":"https:\/\/dev6.erresse-shop.it\/shop\/non%20class\u00e9\/bordallo-pinheiro-presentoir-a-gateau-amazonia\/"},"modified":"2026-01-09T02:09:32","modified_gmt":"2026-01-09T01:09:32","slug":"bordallo-pinheiro-presentoir-a-gateau-amazonia","status":"publish","type":"product","link":"https:\/\/dev6.erresse-shop.it\/fr\/shop\/table-fr-2\/presentoirs-a-gateau\/bordallo-pinheiro-presentoir-a-gateau-amazonia\/","title":{"rendered":"BORDALLO PINHEIRO Pr\u00e9sentoir \u00e0 G\u00e2teau Amazonia"},"content":{"rendered":"<p>Cette collection est le fruit d\u2019une collaboration entre Bordallo Pinheiro et l\u2019ONG br\u00e9silienne Ecoarts Amaz\u00f4nia pour la conservation d\u2019un patrimoine environnemental, culturel, social et scientifique crucial pour l\u2019avenir de l\u2019humanit\u00e9. Chaque pi\u00e8ce a \u00e9t\u00e9 inspir\u00e9e par la richesse de la flore locale et n\u2019a \u00e9t\u00e9 possible que gr\u00e2ce \u00e0 un intense partage de connaissances avec ceux qui vivent au quotidien dans cette mosa\u00efque vibrante d\u2019\u00e9cosyst\u00e8mes, de traditions, de couleurs, de sons et d\u2019odeurs qu\u2019est la for\u00eat amazonienne. Une partie des recettes de la collecte sera consacr\u00e9e \u00e0 la reforestation de la r\u00e9gion amazonienne du Mato Grosso, en plantant des arbres fruitiers indig\u00e8nes dans les villes, les zones rurales et les villages indig\u00e8nes de la r\u00e9gion o\u00f9 op\u00e8re Ecoarts Amaz\u00f4nia.<\/p>\n<p>La collection a \u00e9t\u00e9 r\u00e9compens\u00e9e par un prix europ\u00e9en de design de produit \u2013 laur\u00e9at du prix d\u2019or et par un prix allemand de design 2020.<\/p>\n<p>Mat\u00e9riau : terre cuite<\/p>\n","protected":false},"excerpt":{"rendered":"<p>Cette collection est le fruit d\u2019une collaboration entre Bordallo Pinheiro et l\u2019ONG br\u00e9silienne Ecoarts Amaz\u00f4nia pour la conservation d\u2019un patrimoine environnemental, culturel, social et scientifique crucial pour l\u2019avenir de l\u2019humanit\u00e9. Chaque pi\u00e8ce a \u00e9t\u00e9 inspir\u00e9e par la richesse de la flore locale et n\u2019a \u00e9t\u00e9 possible que gr\u00e2ce \u00e0 un intense partage de connaissances avec [&hellip;]<\/p>\n","protected":false},"featured_media":6357084,"template":"","meta":{"_acf_changed":false},"product_cat":[12017,11995,11671],"product_tag":[],"class_list":{"0":"post-60372","1":"product","2":"type-product","3":"status-publish","4":"has-post-thumbnail","6":"product_cat-presentoirs-a-gateau","7":"product_cat-table-fr-2","8":"product_cat-tavola","10":"first","11":"outofstock","12":"sale","13":"taxable","14":"shipping-taxable","15":"purchasable","16":"product-type-simple","swatches":"rey-swatches","show_selected":"","stretch_labels":"rey-swatches--stretch-labels"},"acf":[],"yoast_head":"<!-- This site is optimized with the Yoast SEO plugin v25.4 - https:\/\/yoast.com\/wordpress\/plugins\/seo\/ -->\n<title>BORDALLO PINHEIRO Pr\u00e9sentoir \u00e0 G\u00e2teau Amazonia - dev6 Erresse<\/title>\n<meta name=\"description\" content=\"Cette collection est le fruit d\u2019une collaboration entre Bordallo Pinheiro et l\u2019ONG br\u00e9silienne Ecoarts Amaz\u00f4nia pour la conservation d\u2019un patrimoine\" \/>\n<meta name=\"robots\" content=\"noindex, follow, max-snippet:-1, max-image-preview:large, max-video-preview:-1\" \/>\n<meta property=\"og:locale\" content=\"fr_FR\" \/>\n<meta property=\"og:type\" content=\"article\" \/>\n<meta property=\"og:title\" content=\"BORDALLO PINHEIRO Pr\u00e9sentoir \u00e0 G\u00e2teau Amazonia - dev6 Erresse\" \/>\n<meta property=\"og:description\" content=\"Cette collection est le fruit d\u2019une collaboration entre Bordallo Pinheiro et l\u2019ONG br\u00e9silienne Ecoarts Amaz\u00f4nia pour la conservation d\u2019un patrimoine\" \/>\n<meta property=\"og:url\" content=\"https:\/\/dev6.erresse-shop.it\/fr\/shop\/table-fr-2\/presentoirs-a-gateau\/bordallo-pinheiro-presentoir-a-gateau-amazonia\/\" \/>\n<meta property=\"og:site_name\" content=\"dev6 Erresse\" \/>\n<meta property=\"og:image\" content=\"https:\/\/interpim.erresse-shop.it\/Import\/Prodotti\/bordallo-pinheiro-alzata-per-torte-amazzonia-1.jpg\" \/><meta property=\"og:image\" content=\"https:\/\/interpim.erresse-shop.it\/Import\/Prodotti\/bordallo-pinheiro-alzata-per-torte-amazzonia-1.jpg\" \/>\n\t<meta property=\"og:image:width\" content=\"1024\" \/>\n\t<meta property=\"og:image:height\" content=\"1024\" \/>\n\t<meta property=\"og:image:type\" content=\"image\/jpeg\" \/>\n<meta name=\"twitter:card\" content=\"summary_large_image\" \/>\n<meta name=\"twitter:image\" content=\"https:\/\/interpim.erresse-shop.it\/Import\/Prodotti\/bordallo-pinheiro-alzata-per-torte-amazzonia-1.jpg\" \/>\n<script type=\"application\/ld+json\" class=\"yoast-schema-graph\">{\"@context\":\"https:\/\/schema.org\",\"@graph\":[{\"@type\":\"WebPage\",\"@id\":\"https:\/\/dev6.erresse-shop.it\/fr\/shop\/table-fr-2\/presentoirs-a-gateau\/bordallo-pinheiro-presentoir-a-gateau-amazonia\/\",\"url\":\"https:\/\/dev6.erresse-shop.it\/fr\/shop\/table-fr-2\/presentoirs-a-gateau\/bordallo-pinheiro-presentoir-a-gateau-amazonia\/\",\"name\":\"BORDALLO PINHEIRO Pr\u00e9sentoir \u00e0 G\u00e2teau Amazonia - dev6 Erresse\",\"isPartOf\":{\"@id\":\"https:\/\/dev6.erresse-shop.it\/#website\"},\"primaryImageOfPage\":{\"@id\":\"https:\/\/dev6.erresse-shop.it\/fr\/shop\/table-fr-2\/presentoirs-a-gateau\/bordallo-pinheiro-presentoir-a-gateau-amazonia\/#primaryimage\"},\"image\":{\"@id\":\"https:\/\/dev6.erresse-shop.it\/fr\/shop\/table-fr-2\/presentoirs-a-gateau\/bordallo-pinheiro-presentoir-a-gateau-amazonia\/#primaryimage\"},\"thumbnailUrl\":\"https:\/\/i3.wp.com\/interpim.erresse-shop.it\/Import\/Prodotti\/bordallo-pinheiro-alzata-per-torte-amazzonia-1.jpg?ssl=1\",\"datePublished\":\"2026-04-12T07:08:39+00:00\",\"description\":\"Cette collection est le fruit d\u2019une collaboration entre Bordallo Pinheiro et l\u2019ONG br\u00e9silienne Ecoarts Amaz\u00f4nia pour la conservation d\u2019un patrimoine\",\"breadcrumb\":{\"@id\":\"https:\/\/dev6.erresse-shop.it\/fr\/shop\/table-fr-2\/presentoirs-a-gateau\/bordallo-pinheiro-presentoir-a-gateau-amazonia\/#breadcrumb\"},\"inLanguage\":\"fr-FR\",\"potentialAction\":[{\"@type\":\"ReadAction\",\"target\":[\"https:\/\/dev6.erresse-shop.it\/fr\/shop\/table-fr-2\/presentoirs-a-gateau\/bordallo-pinheiro-presentoir-a-gateau-amazonia\/\"]}]},{\"@type\":\"ImageObject\",\"inLanguage\":\"fr-FR\",\"@id\":\"https:\/\/dev6.erresse-shop.it\/fr\/shop\/table-fr-2\/presentoirs-a-gateau\/bordallo-pinheiro-presentoir-a-gateau-amazonia\/#primaryimage\",\"url\":\"https:\/\/i3.wp.com\/interpim.erresse-shop.it\/Import\/Prodotti\/bordallo-pinheiro-alzata-per-torte-amazzonia-1.jpg?ssl=1\",\"contentUrl\":\"https:\/\/i3.wp.com\/interpim.erresse-shop.it\/Import\/Prodotti\/bordallo-pinheiro-alzata-per-torte-amazzonia-1.jpg?ssl=1\"},{\"@type\":\"BreadcrumbList\",\"@id\":\"https:\/\/dev6.erresse-shop.it\/fr\/shop\/table-fr-2\/presentoirs-a-gateau\/bordallo-pinheiro-presentoir-a-gateau-amazonia\/#breadcrumb\",\"itemListElement\":[{\"@type\":\"ListItem\",\"position\":1,\"name\":\"Home\",\"item\":\"https:\/\/dev6.erresse-shop.it\/\"},{\"@type\":\"ListItem\",\"position\":2,\"name\":\"Boutique\",\"item\":\"https:\/\/dev6.erresse-shop.it\/shop\/\"},{\"@type\":\"ListItem\",\"position\":3,\"name\":\"BORDALLO PINHEIRO Pr\u00e9sentoir \u00e0 G\u00e2teau Amazonia\"}]},{\"@type\":\"WebSite\",\"@id\":\"https:\/\/dev6.erresse-shop.it\/#website\",\"url\":\"https:\/\/dev6.erresse-shop.it\/\",\"name\":\"Erresse Shop\",\"description\":\"\",\"publisher\":{\"@id\":\"https:\/\/dev6.erresse-shop.it\/#organization\"},\"potentialAction\":[{\"@type\":\"SearchAction\",\"target\":{\"@type\":\"EntryPoint\",\"urlTemplate\":\"https:\/\/dev6.erresse-shop.it\/?s={search_term_string}\"},\"query-input\":{\"@type\":\"PropertyValueSpecification\",\"valueRequired\":true,\"valueName\":\"search_term_string\"}}],\"inLanguage\":\"fr-FR\"},{\"@type\":\"Organization\",\"@id\":\"https:\/\/dev6.erresse-shop.it\/#organization\",\"name\":\"Erresse Shop\",\"url\":\"https:\/\/dev6.erresse-shop.it\/\",\"logo\":{\"@type\":\"ImageObject\",\"inLanguage\":\"fr-FR\",\"@id\":\"https:\/\/dev6.erresse-shop.it\/#\/schema\/logo\/image\/\",\"url\":\"https:\/\/dev6.erresse-shop.it\/wp-content\/uploads\/2025\/01\/LOGO-ERRESSE-CLASSICO.svg\",\"contentUrl\":\"https:\/\/dev6.erresse-shop.it\/wp-content\/uploads\/2025\/01\/LOGO-ERRESSE-CLASSICO.svg\",\"caption\":\"Erresse Shop\"},\"image\":{\"@id\":\"https:\/\/dev6.erresse-shop.it\/#\/schema\/logo\/image\/\"}}]}<\/script>\n<!-- \/ Yoast SEO plugin. -->","yoast_head_json":{"title":"BORDALLO PINHEIRO Pr\u00e9sentoir \u00e0 G\u00e2teau Amazonia - dev6 Erresse","description":"Cette collection est le fruit d\u2019une collaboration entre Bordallo Pinheiro et l\u2019ONG br\u00e9silienne Ecoarts Amaz\u00f4nia pour la conservation d\u2019un patrimoine","robots":{"index":"noindex","follow":"follow","max-snippet":"max-snippet:-1","max-image-preview":"max-image-preview:large","max-video-preview":"max-video-preview:-1"},"og_locale":"fr_FR","og_type":"article","og_title":"BORDALLO PINHEIRO Pr\u00e9sentoir \u00e0 G\u00e2teau Amazonia - dev6 Erresse","og_description":"Cette collection est le fruit d\u2019une collaboration entre Bordallo Pinheiro et l\u2019ONG br\u00e9silienne Ecoarts Amaz\u00f4nia pour la conservation d\u2019un patrimoine","og_url":"https:\/\/dev6.erresse-shop.it\/fr\/shop\/table-fr-2\/presentoirs-a-gateau\/bordallo-pinheiro-presentoir-a-gateau-amazonia\/","og_site_name":"dev6 Erresse","og_image":[{"url":"https:\/\/interpim.erresse-shop.it\/Import\/Prodotti\/bordallo-pinheiro-alzata-per-torte-amazzonia-1.jpg","type":"","width":"","height":""},{"url":"https:\/\/interpim.erresse-shop.it\/Import\/Prodotti\/bordallo-pinheiro-alzata-per-torte-amazzonia-1.jpg","width":1024,"height":1024,"type":"image\/jpeg"}],"twitter_card":"summary_large_image","twitter_image":"https:\/\/interpim.erresse-shop.it\/Import\/Prodotti\/bordallo-pinheiro-alzata-per-torte-amazzonia-1.jpg","schema":{"@context":"https:\/\/schema.org","@graph":[{"@type":"WebPage","@id":"https:\/\/dev6.erresse-shop.it\/fr\/shop\/table-fr-2\/presentoirs-a-gateau\/bordallo-pinheiro-presentoir-a-gateau-amazonia\/","url":"https:\/\/dev6.erresse-shop.it\/fr\/shop\/table-fr-2\/presentoirs-a-gateau\/bordallo-pinheiro-presentoir-a-gateau-amazonia\/","name":"BORDALLO PINHEIRO Pr\u00e9sentoir \u00e0 G\u00e2teau Amazonia - dev6 Erresse","isPartOf":{"@id":"https:\/\/dev6.erresse-shop.it\/#website"},"primaryImageOfPage":{"@id":"https:\/\/dev6.erresse-shop.it\/fr\/shop\/table-fr-2\/presentoirs-a-gateau\/bordallo-pinheiro-presentoir-a-gateau-amazonia\/#primaryimage"},"image":{"@id":"https:\/\/dev6.erresse-shop.it\/fr\/shop\/table-fr-2\/presentoirs-a-gateau\/bordallo-pinheiro-presentoir-a-gateau-amazonia\/#primaryimage"},"thumbnailUrl":"https:\/\/i3.wp.com\/interpim.erresse-shop.it\/Import\/Prodotti\/bordallo-pinheiro-alzata-per-torte-amazzonia-1.jpg?ssl=1","datePublished":"2026-04-12T07:08:39+00:00","description":"Cette collection est le fruit d\u2019une collaboration entre Bordallo Pinheiro et l\u2019ONG br\u00e9silienne Ecoarts Amaz\u00f4nia pour la conservation d\u2019un patrimoine","breadcrumb":{"@id":"https:\/\/dev6.erresse-shop.it\/fr\/shop\/table-fr-2\/presentoirs-a-gateau\/bordallo-pinheiro-presentoir-a-gateau-amazonia\/#breadcrumb"},"inLanguage":"fr-FR","potentialAction":[{"@type":"ReadAction","target":["https:\/\/dev6.erresse-shop.it\/fr\/shop\/table-fr-2\/presentoirs-a-gateau\/bordallo-pinheiro-presentoir-a-gateau-amazonia\/"]}]},{"@type":"ImageObject","inLanguage":"fr-FR","@id":"https:\/\/dev6.erresse-shop.it\/fr\/shop\/table-fr-2\/presentoirs-a-gateau\/bordallo-pinheiro-presentoir-a-gateau-amazonia\/#primaryimage","url":"https:\/\/i3.wp.com\/interpim.erresse-shop.it\/Import\/Prodotti\/bordallo-pinheiro-alzata-per-torte-amazzonia-1.jpg?ssl=1","contentUrl":"https:\/\/i3.wp.com\/interpim.erresse-shop.it\/Import\/Prodotti\/bordallo-pinheiro-alzata-per-torte-amazzonia-1.jpg?ssl=1"},{"@type":"BreadcrumbList","@id":"https:\/\/dev6.erresse-shop.it\/fr\/shop\/table-fr-2\/presentoirs-a-gateau\/bordallo-pinheiro-presentoir-a-gateau-amazonia\/#breadcrumb","itemListElement":[{"@type":"ListItem","position":1,"name":"Home","item":"https:\/\/dev6.erresse-shop.it\/"},{"@type":"ListItem","position":2,"name":"Boutique","item":"https:\/\/dev6.erresse-shop.it\/shop\/"},{"@type":"ListItem","position":3,"name":"BORDALLO PINHEIRO Pr\u00e9sentoir \u00e0 G\u00e2teau Amazonia"}]},{"@type":"WebSite","@id":"https:\/\/dev6.erresse-shop.it\/#website","url":"https:\/\/dev6.erresse-shop.it\/","name":"Erresse Shop","description":"","publisher":{"@id":"https:\/\/dev6.erresse-shop.it\/#organization"},"potentialAction":[{"@type":"SearchAction","target":{"@type":"EntryPoint","urlTemplate":"https:\/\/dev6.erresse-shop.it\/?s={search_term_string}"},"query-input":{"@type":"PropertyValueSpecification","valueRequired":true,"valueName":"search_term_string"}}],"inLanguage":"fr-FR"},{"@type":"Organization","@id":"https:\/\/dev6.erresse-shop.it\/#organization","name":"Erresse Shop","url":"https:\/\/dev6.erresse-shop.it\/","logo":{"@type":"ImageObject","inLanguage":"fr-FR","@id":"https:\/\/dev6.erresse-shop.it\/#\/schema\/logo\/image\/","url":"https:\/\/dev6.erresse-shop.it\/wp-content\/uploads\/2025\/01\/LOGO-ERRESSE-CLASSICO.svg","contentUrl":"https:\/\/dev6.erresse-shop.it\/wp-content\/uploads\/2025\/01\/LOGO-ERRESSE-CLASSICO.svg","caption":"Erresse Shop"},"image":{"@id":"https:\/\/dev6.erresse-shop.it\/#\/schema\/logo\/image\/"}}]}},"df_price":124,"df_sale_price":124,"df_regular_price":184,"df_image_link":"https:\/\/i3.wp.com\/interpim.erresse-shop.it\/Import\/Prodotti\/bordallo-pinheiro-alzata-per-torte-amazzonia-1.jpg?resize=300,300&ssl=1","fifu_image_url":"https:\/\/interpim.erresse-shop.it\/Import\/Prodotti\/bordallo-pinheiro-alzata-per-torte-amazzonia-1.jpg","_links":{"self":[{"href":"https:\/\/dev6.erresse-shop.it\/fr\/wp-json\/wp\/v2\/product\/60372","targetHints":{"allow":["GET"]}}],"collection":[{"href":"https:\/\/dev6.erresse-shop.it\/fr\/wp-json\/wp\/v2\/product"}],"about":[{"href":"https:\/\/dev6.erresse-shop.it\/fr\/wp-json\/wp\/v2\/types\/product"}],"wp:featuredmedia":[{"embeddable":true,"href":"https:\/\/dev6.erresse-shop.it\/fr\/wp-json\/wp\/v2\/media\/6357084"}],"wp:attachment":[{"href":"https:\/\/dev6.erresse-shop.it\/fr\/wp-json\/wp\/v2\/media?parent=60372"}],"wp:term":[{"taxonomy":"product_cat","embeddable":true,"href":"https:\/\/dev6.erresse-shop.it\/fr\/wp-json\/wp\/v2\/product_cat?post=60372"},{"taxonomy":"product_tag","embeddable":true,"href":"https:\/\/dev6.erresse-shop.it\/fr\/wp-json\/wp\/v2\/product_tag?post=60372"}],"curies":[{"name":"wp","href":"https:\/\/api.w.org\/{rel}","templated":true}]}}