{"id":60328,"date":"2026-04-12T09:07:27","date_gmt":"2026-04-12T07:07:27","guid":{"rendered":"https:\/\/dev6.erresse-shop.it\/shop\/non%20class\u00e9\/villeroy-boch-assiette-a-gateau-toys-delight-33-cm\/"},"modified":"2025-07-04T16:33:45","modified_gmt":"2025-07-04T14:33:45","slug":"villeroy-boch-assiette-a-gateau-toys-delight-33-cm","status":"publish","type":"product","link":"https:\/\/dev6.erresse-shop.it\/fr\/shop\/table-fr-2\/plateaux\/villeroy-boch-assiette-a-gateau-toys-delight-33-cm\/","title":{"rendered":"VILLEROY &#038; BOCH Assiette \u00c0 G\u00e2teau Toy&#8217;s Delight 33 cm"},"content":{"rendered":"<p>NE VA PAS AU LAVE-VAISSELLE<br \/>\nMat\u00e9riau : Porcelaine Premium<br \/>\nConvient au micro-ondes : Oui<\/p>\n<p>ASSIETTE \u00c0 G\u00c2TEAU SUR PI\u00c9DESTAL POUR LE CAF\u00c9 DE L\u2019APR\u00c8S-MIDI<br \/>\nAvec la collection Toy\u2019s Delight, vous apporterez une atmosph\u00e8re de No\u00ebl nostalgique \u00e0 votre maison. La porcelaine est d\u00e9cor\u00e9e de jolis motifs rouges, verts et blancs et \u00e9voque des souvenirs d\u2019enfance. \u00c0 assortir, \u00e0 collectionner et \u00e0 offrir en cadeau. Sur cette assiette, vous pouvez disposer de d\u00e9licieux g\u00e2teaux ou p\u00e2tisseries, pandoro ou panettone \u00e0 d\u00e9guster lors d\u2019un caf\u00e9 de No\u00ebl l\u2019apr\u00e8s-midi. Servez une tentation irr\u00e9sistible.<\/p>\n","protected":false},"excerpt":{"rendered":"<p>NE VA PAS AU LAVE-VAISSELLE Mat\u00e9riau : Porcelaine Premium Convient au micro-ondes : Oui ASSIETTE \u00c0 G\u00c2TEAU SUR PI\u00c9DESTAL POUR LE CAF\u00c9 DE L\u2019APR\u00c8S-MIDI Avec la collection Toy\u2019s Delight, vous apporterez une atmosph\u00e8re de No\u00ebl nostalgique \u00e0 votre maison. La porcelaine est d\u00e9cor\u00e9e de jolis motifs rouges, verts et blancs et \u00e9voque des souvenirs d\u2019enfance. [&hellip;]<\/p>\n","protected":false},"featured_media":6356916,"template":"","meta":{"_acf_changed":false},"product_cat":[12004,11995,11671],"product_tag":[],"class_list":{"0":"post-60328","1":"product","2":"type-product","3":"status-publish","4":"has-post-thumbnail","6":"product_cat-plateaux","7":"product_cat-table-fr-2","8":"product_cat-tavola","10":"first","11":"outofstock","12":"sale","13":"taxable","14":"shipping-taxable","15":"purchasable","16":"product-type-simple","swatches":"rey-swatches","show_selected":"","stretch_labels":"rey-swatches--stretch-labels"},"acf":[],"yoast_head":"<!-- This site is optimized with the Yoast SEO plugin v25.4 - https:\/\/yoast.com\/wordpress\/plugins\/seo\/ -->\n<title>VILLEROY &#038; BOCH Assiette \u00c0 G\u00e2teau Toy&#8217;s Delight 33 cm - dev6 Erresse<\/title>\n<meta name=\"description\" content=\"NE VA PAS AU LAVE-VAISSELLE Mat\u00e9riau : Porcelaine Premium Convient au micro-ondes : Oui ASSIETTE \u00c0 G\u00c2TEAU SUR PI\u00c9DESTAL POUR LE CAF\u00c9 DE L\u2019APR\u00c8S-MIDI Avec\" \/>\n<meta name=\"robots\" content=\"noindex, follow, max-snippet:-1, max-image-preview:large, max-video-preview:-1\" \/>\n<meta property=\"og:locale\" content=\"fr_FR\" \/>\n<meta property=\"og:type\" content=\"article\" \/>\n<meta property=\"og:title\" content=\"VILLEROY &#038; BOCH Assiette \u00c0 G\u00e2teau Toy&#8217;s Delight 33 cm - dev6 Erresse\" \/>\n<meta property=\"og:description\" content=\"NE VA PAS AU LAVE-VAISSELLE Mat\u00e9riau : Porcelaine Premium Convient au micro-ondes : Oui ASSIETTE \u00c0 G\u00c2TEAU SUR PI\u00c9DESTAL POUR LE CAF\u00c9 DE L\u2019APR\u00c8S-MIDI Avec\" \/>\n<meta property=\"og:url\" content=\"https:\/\/dev6.erresse-shop.it\/fr\/shop\/table-fr-2\/plateaux\/villeroy-boch-assiette-a-gateau-toys-delight-33-cm\/\" \/>\n<meta property=\"og:site_name\" content=\"dev6 Erresse\" \/>\n<meta property=\"og:image\" content=\"https:\/\/interpim.erresse-shop.it\/img-catalogo\/villeroy\/villeroy-boch-piatto-portata-dolce-3.jpg\" \/><meta property=\"og:image\" content=\"https:\/\/interpim.erresse-shop.it\/img-catalogo\/villeroy\/villeroy-boch-piatto-portata-dolce-3.jpg\" \/>\n\t<meta property=\"og:image:width\" content=\"1024\" \/>\n\t<meta property=\"og:image:height\" content=\"1024\" \/>\n\t<meta property=\"og:image:type\" content=\"image\/jpeg\" \/>\n<meta name=\"twitter:card\" content=\"summary_large_image\" \/>\n<meta name=\"twitter:image\" content=\"https:\/\/interpim.erresse-shop.it\/img-catalogo\/villeroy\/villeroy-boch-piatto-portata-dolce-3.jpg\" \/>\n<script type=\"application\/ld+json\" class=\"yoast-schema-graph\">{\"@context\":\"https:\/\/schema.org\",\"@graph\":[{\"@type\":\"WebPage\",\"@id\":\"https:\/\/dev6.erresse-shop.it\/fr\/shop\/table-fr-2\/plateaux\/villeroy-boch-assiette-a-gateau-toys-delight-33-cm\/\",\"url\":\"https:\/\/dev6.erresse-shop.it\/fr\/shop\/table-fr-2\/plateaux\/villeroy-boch-assiette-a-gateau-toys-delight-33-cm\/\",\"name\":\"VILLEROY &#038; BOCH Assiette \u00c0 G\u00e2teau Toy&#8217;s Delight 33 cm - dev6 Erresse\",\"isPartOf\":{\"@id\":\"https:\/\/dev6.erresse-shop.it\/#website\"},\"primaryImageOfPage\":{\"@id\":\"https:\/\/dev6.erresse-shop.it\/fr\/shop\/table-fr-2\/plateaux\/villeroy-boch-assiette-a-gateau-toys-delight-33-cm\/#primaryimage\"},\"image\":{\"@id\":\"https:\/\/dev6.erresse-shop.it\/fr\/shop\/table-fr-2\/plateaux\/villeroy-boch-assiette-a-gateau-toys-delight-33-cm\/#primaryimage\"},\"thumbnailUrl\":\"https:\/\/i3.wp.com\/interpim.erresse-shop.it\/img-catalogo\/villeroy\/villeroy-boch-piatto-portata-dolce-3.jpg?ssl=1\",\"datePublished\":\"2026-04-12T07:07:27+00:00\",\"description\":\"NE VA PAS AU LAVE-VAISSELLE Mat\u00e9riau : Porcelaine Premium Convient au micro-ondes : Oui ASSIETTE \u00c0 G\u00c2TEAU SUR PI\u00c9DESTAL POUR LE CAF\u00c9 DE L\u2019APR\u00c8S-MIDI Avec\",\"breadcrumb\":{\"@id\":\"https:\/\/dev6.erresse-shop.it\/fr\/shop\/table-fr-2\/plateaux\/villeroy-boch-assiette-a-gateau-toys-delight-33-cm\/#breadcrumb\"},\"inLanguage\":\"fr-FR\",\"potentialAction\":[{\"@type\":\"ReadAction\",\"target\":[\"https:\/\/dev6.erresse-shop.it\/fr\/shop\/table-fr-2\/plateaux\/villeroy-boch-assiette-a-gateau-toys-delight-33-cm\/\"]}]},{\"@type\":\"ImageObject\",\"inLanguage\":\"fr-FR\",\"@id\":\"https:\/\/dev6.erresse-shop.it\/fr\/shop\/table-fr-2\/plateaux\/villeroy-boch-assiette-a-gateau-toys-delight-33-cm\/#primaryimage\",\"url\":\"https:\/\/i3.wp.com\/interpim.erresse-shop.it\/img-catalogo\/villeroy\/villeroy-boch-piatto-portata-dolce-3.jpg?ssl=1\",\"contentUrl\":\"https:\/\/i3.wp.com\/interpim.erresse-shop.it\/img-catalogo\/villeroy\/villeroy-boch-piatto-portata-dolce-3.jpg?ssl=1\"},{\"@type\":\"BreadcrumbList\",\"@id\":\"https:\/\/dev6.erresse-shop.it\/fr\/shop\/table-fr-2\/plateaux\/villeroy-boch-assiette-a-gateau-toys-delight-33-cm\/#breadcrumb\",\"itemListElement\":[{\"@type\":\"ListItem\",\"position\":1,\"name\":\"Home\",\"item\":\"https:\/\/dev6.erresse-shop.it\/\"},{\"@type\":\"ListItem\",\"position\":2,\"name\":\"Boutique\",\"item\":\"https:\/\/dev6.erresse-shop.it\/shop\/\"},{\"@type\":\"ListItem\",\"position\":3,\"name\":\"VILLEROY &#038; BOCH Assiette \u00c0 G\u00e2teau Toy&#8217;s Delight 33 cm\"}]},{\"@type\":\"WebSite\",\"@id\":\"https:\/\/dev6.erresse-shop.it\/#website\",\"url\":\"https:\/\/dev6.erresse-shop.it\/\",\"name\":\"Erresse Shop\",\"description\":\"\",\"publisher\":{\"@id\":\"https:\/\/dev6.erresse-shop.it\/#organization\"},\"potentialAction\":[{\"@type\":\"SearchAction\",\"target\":{\"@type\":\"EntryPoint\",\"urlTemplate\":\"https:\/\/dev6.erresse-shop.it\/?s={search_term_string}\"},\"query-input\":{\"@type\":\"PropertyValueSpecification\",\"valueRequired\":true,\"valueName\":\"search_term_string\"}}],\"inLanguage\":\"fr-FR\"},{\"@type\":\"Organization\",\"@id\":\"https:\/\/dev6.erresse-shop.it\/#organization\",\"name\":\"Erresse Shop\",\"url\":\"https:\/\/dev6.erresse-shop.it\/\",\"logo\":{\"@type\":\"ImageObject\",\"inLanguage\":\"fr-FR\",\"@id\":\"https:\/\/dev6.erresse-shop.it\/#\/schema\/logo\/image\/\",\"url\":\"https:\/\/dev6.erresse-shop.it\/wp-content\/uploads\/2025\/01\/LOGO-ERRESSE-CLASSICO.svg\",\"contentUrl\":\"https:\/\/dev6.erresse-shop.it\/wp-content\/uploads\/2025\/01\/LOGO-ERRESSE-CLASSICO.svg\",\"caption\":\"Erresse Shop\"},\"image\":{\"@id\":\"https:\/\/dev6.erresse-shop.it\/#\/schema\/logo\/image\/\"}}]}<\/script>\n<!-- \/ Yoast SEO plugin. -->","yoast_head_json":{"title":"VILLEROY &#038; BOCH Assiette \u00c0 G\u00e2teau Toy&#8217;s Delight 33 cm - dev6 Erresse","description":"NE VA PAS AU LAVE-VAISSELLE Mat\u00e9riau : Porcelaine Premium Convient au micro-ondes : Oui ASSIETTE \u00c0 G\u00c2TEAU SUR PI\u00c9DESTAL POUR LE CAF\u00c9 DE L\u2019APR\u00c8S-MIDI Avec","robots":{"index":"noindex","follow":"follow","max-snippet":"max-snippet:-1","max-image-preview":"max-image-preview:large","max-video-preview":"max-video-preview:-1"},"og_locale":"fr_FR","og_type":"article","og_title":"VILLEROY &#038; BOCH Assiette \u00c0 G\u00e2teau Toy&#8217;s Delight 33 cm - dev6 Erresse","og_description":"NE VA PAS AU LAVE-VAISSELLE Mat\u00e9riau : Porcelaine Premium Convient au micro-ondes : Oui ASSIETTE \u00c0 G\u00c2TEAU SUR PI\u00c9DESTAL POUR LE CAF\u00c9 DE L\u2019APR\u00c8S-MIDI Avec","og_url":"https:\/\/dev6.erresse-shop.it\/fr\/shop\/table-fr-2\/plateaux\/villeroy-boch-assiette-a-gateau-toys-delight-33-cm\/","og_site_name":"dev6 Erresse","og_image":[{"url":"https:\/\/interpim.erresse-shop.it\/img-catalogo\/villeroy\/villeroy-boch-piatto-portata-dolce-3.jpg","type":"","width":"","height":""},{"url":"https:\/\/interpim.erresse-shop.it\/img-catalogo\/villeroy\/villeroy-boch-piatto-portata-dolce-3.jpg","width":1024,"height":1024,"type":"image\/jpeg"}],"twitter_card":"summary_large_image","twitter_image":"https:\/\/interpim.erresse-shop.it\/img-catalogo\/villeroy\/villeroy-boch-piatto-portata-dolce-3.jpg","schema":{"@context":"https:\/\/schema.org","@graph":[{"@type":"WebPage","@id":"https:\/\/dev6.erresse-shop.it\/fr\/shop\/table-fr-2\/plateaux\/villeroy-boch-assiette-a-gateau-toys-delight-33-cm\/","url":"https:\/\/dev6.erresse-shop.it\/fr\/shop\/table-fr-2\/plateaux\/villeroy-boch-assiette-a-gateau-toys-delight-33-cm\/","name":"VILLEROY &#038; BOCH Assiette \u00c0 G\u00e2teau Toy&#8217;s Delight 33 cm - dev6 Erresse","isPartOf":{"@id":"https:\/\/dev6.erresse-shop.it\/#website"},"primaryImageOfPage":{"@id":"https:\/\/dev6.erresse-shop.it\/fr\/shop\/table-fr-2\/plateaux\/villeroy-boch-assiette-a-gateau-toys-delight-33-cm\/#primaryimage"},"image":{"@id":"https:\/\/dev6.erresse-shop.it\/fr\/shop\/table-fr-2\/plateaux\/villeroy-boch-assiette-a-gateau-toys-delight-33-cm\/#primaryimage"},"thumbnailUrl":"https:\/\/i3.wp.com\/interpim.erresse-shop.it\/img-catalogo\/villeroy\/villeroy-boch-piatto-portata-dolce-3.jpg?ssl=1","datePublished":"2026-04-12T07:07:27+00:00","description":"NE VA PAS AU LAVE-VAISSELLE Mat\u00e9riau : Porcelaine Premium Convient au micro-ondes : Oui ASSIETTE \u00c0 G\u00c2TEAU SUR PI\u00c9DESTAL POUR LE CAF\u00c9 DE L\u2019APR\u00c8S-MIDI Avec","breadcrumb":{"@id":"https:\/\/dev6.erresse-shop.it\/fr\/shop\/table-fr-2\/plateaux\/villeroy-boch-assiette-a-gateau-toys-delight-33-cm\/#breadcrumb"},"inLanguage":"fr-FR","potentialAction":[{"@type":"ReadAction","target":["https:\/\/dev6.erresse-shop.it\/fr\/shop\/table-fr-2\/plateaux\/villeroy-boch-assiette-a-gateau-toys-delight-33-cm\/"]}]},{"@type":"ImageObject","inLanguage":"fr-FR","@id":"https:\/\/dev6.erresse-shop.it\/fr\/shop\/table-fr-2\/plateaux\/villeroy-boch-assiette-a-gateau-toys-delight-33-cm\/#primaryimage","url":"https:\/\/i3.wp.com\/interpim.erresse-shop.it\/img-catalogo\/villeroy\/villeroy-boch-piatto-portata-dolce-3.jpg?ssl=1","contentUrl":"https:\/\/i3.wp.com\/interpim.erresse-shop.it\/img-catalogo\/villeroy\/villeroy-boch-piatto-portata-dolce-3.jpg?ssl=1"},{"@type":"BreadcrumbList","@id":"https:\/\/dev6.erresse-shop.it\/fr\/shop\/table-fr-2\/plateaux\/villeroy-boch-assiette-a-gateau-toys-delight-33-cm\/#breadcrumb","itemListElement":[{"@type":"ListItem","position":1,"name":"Home","item":"https:\/\/dev6.erresse-shop.it\/"},{"@type":"ListItem","position":2,"name":"Boutique","item":"https:\/\/dev6.erresse-shop.it\/shop\/"},{"@type":"ListItem","position":3,"name":"VILLEROY &#038; BOCH Assiette \u00c0 G\u00e2teau Toy&#8217;s Delight 33 cm"}]},{"@type":"WebSite","@id":"https:\/\/dev6.erresse-shop.it\/#website","url":"https:\/\/dev6.erresse-shop.it\/","name":"Erresse Shop","description":"","publisher":{"@id":"https:\/\/dev6.erresse-shop.it\/#organization"},"potentialAction":[{"@type":"SearchAction","target":{"@type":"EntryPoint","urlTemplate":"https:\/\/dev6.erresse-shop.it\/?s={search_term_string}"},"query-input":{"@type":"PropertyValueSpecification","valueRequired":true,"valueName":"search_term_string"}}],"inLanguage":"fr-FR"},{"@type":"Organization","@id":"https:\/\/dev6.erresse-shop.it\/#organization","name":"Erresse Shop","url":"https:\/\/dev6.erresse-shop.it\/","logo":{"@type":"ImageObject","inLanguage":"fr-FR","@id":"https:\/\/dev6.erresse-shop.it\/#\/schema\/logo\/image\/","url":"https:\/\/dev6.erresse-shop.it\/wp-content\/uploads\/2025\/01\/LOGO-ERRESSE-CLASSICO.svg","contentUrl":"https:\/\/dev6.erresse-shop.it\/wp-content\/uploads\/2025\/01\/LOGO-ERRESSE-CLASSICO.svg","caption":"Erresse Shop"},"image":{"@id":"https:\/\/dev6.erresse-shop.it\/#\/schema\/logo\/image\/"}}]}},"df_price":62,"df_sale_price":62,"df_regular_price":66.9,"df_image_link":"https:\/\/i3.wp.com\/interpim.erresse-shop.it\/img-catalogo\/villeroy\/villeroy-boch-piatto-portata-dolce-3.jpg?resize=300,300&ssl=1","fifu_image_url":"https:\/\/interpim.erresse-shop.it\/img-catalogo\/villeroy\/villeroy-boch-piatto-portata-dolce-3.jpg","_links":{"self":[{"href":"https:\/\/dev6.erresse-shop.it\/fr\/wp-json\/wp\/v2\/product\/60328","targetHints":{"allow":["GET"]}}],"collection":[{"href":"https:\/\/dev6.erresse-shop.it\/fr\/wp-json\/wp\/v2\/product"}],"about":[{"href":"https:\/\/dev6.erresse-shop.it\/fr\/wp-json\/wp\/v2\/types\/product"}],"wp:featuredmedia":[{"embeddable":true,"href":"https:\/\/dev6.erresse-shop.it\/fr\/wp-json\/wp\/v2\/media\/6356916"}],"wp:attachment":[{"href":"https:\/\/dev6.erresse-shop.it\/fr\/wp-json\/wp\/v2\/media?parent=60328"}],"wp:term":[{"taxonomy":"product_cat","embeddable":true,"href":"https:\/\/dev6.erresse-shop.it\/fr\/wp-json\/wp\/v2\/product_cat?post=60328"},{"taxonomy":"product_tag","embeddable":true,"href":"https:\/\/dev6.erresse-shop.it\/fr\/wp-json\/wp\/v2\/product_tag?post=60328"}],"curies":[{"name":"wp","href":"https:\/\/api.w.org\/{rel}","templated":true}]}}