{"id":60306,"date":"2026-04-12T09:06:12","date_gmt":"2026-04-12T07:06:12","guid":{"rendered":"https:\/\/dev6.erresse-shop.it\/shop\/non%20class\u00e9\/villeroy-boch-traineau-pere-noel-christmas-toys-memory\/"},"modified":"2025-09-14T04:35:56","modified_gmt":"2025-09-14T02:35:56","slug":"villeroy-boch-traineau-pere-noel-christmas-toys-memory","status":"publish","type":"product","link":"https:\/\/dev6.erresse-shop.it\/fr\/shop\/ameublement-maison\/objets-de-decoration\/villeroy-boch-traineau-pere-noel-christmas-toys-memory\/","title":{"rendered":"VILLEROY &#038; BOCH Tra\u00eeneau P\u00e8re No\u00ebl Christmas Toys Memory"},"content":{"rendered":"<p>Mat\u00e9riau : Porcelaine<\/p>\n<p>LA BO\u00ceTE \u00c0 MUSIQUE JOUE \u201cLE P\u00c8RE NO\u00cbL ARRIVE EN VILLE\u201d<br \/>\nCette d\u00e9coration peinte \u00e0 la main par Christmas Toys Memory rappelle l\u2019\u00e9poque o\u00f9 les jouets \u00e9taient encore apport\u00e9s par le P\u00e8re No\u00ebl. Les rennes tirent le tra\u00eeneau du P\u00e8re No\u00ebl et portent sur leur dos de petites bougies pour une lumi\u00e8re agr\u00e9able. Cette bo\u00eete \u00e0 musique joue \u201cSanta Claus is coming to town\u201d. D\u00e9couvrez No\u00ebl \u00e0 travers les yeux d\u2019un enfant.<\/p>\n","protected":false},"excerpt":{"rendered":"<p>Mat\u00e9riau : Porcelaine LA BO\u00ceTE \u00c0 MUSIQUE JOUE \u201cLE P\u00c8RE NO\u00cbL ARRIVE EN VILLE\u201d Cette d\u00e9coration peinte \u00e0 la main par Christmas Toys Memory rappelle l\u2019\u00e9poque o\u00f9 les jouets \u00e9taient encore apport\u00e9s par le P\u00e8re No\u00ebl. Les rennes tirent le tra\u00eeneau du P\u00e8re No\u00ebl et portent sur leur dos de petites bougies pour une lumi\u00e8re [&hellip;]<\/p>\n","protected":false},"featured_media":6356815,"template":"","meta":{"_acf_changed":false},"product_cat":[11990,11666,12021],"product_tag":[],"class_list":{"0":"post-60306","1":"product","2":"type-product","3":"status-publish","4":"has-post-thumbnail","6":"product_cat-ameublement-maison","7":"product_cat-arredamento-casa","8":"product_cat-objets-de-decoration","10":"first","11":"outofstock","12":"sale","13":"taxable","14":"shipping-taxable","15":"purchasable","16":"product-type-simple","swatches":"rey-swatches","show_selected":"","stretch_labels":"rey-swatches--stretch-labels"},"acf":[],"yoast_head":"<!-- This site is optimized with the Yoast SEO plugin v25.4 - https:\/\/yoast.com\/wordpress\/plugins\/seo\/ -->\n<title>VILLEROY &#038; BOCH Tra\u00eeneau P\u00e8re No\u00ebl Christmas Toys Memory - dev6 Erresse<\/title>\n<meta name=\"description\" content=\"Mat\u00e9riau : Porcelaine LA BO\u00ceTE \u00c0 MUSIQUE JOUE \u201cLE P\u00c8RE NO\u00cbL ARRIVE EN VILLE\u201d Cette d\u00e9coration peinte \u00e0 la main par Christmas Toys Memory rappelle l\u2019\u00e9poque\" \/>\n<meta name=\"robots\" content=\"noindex, follow, max-snippet:-1, max-image-preview:large, max-video-preview:-1\" \/>\n<meta property=\"og:locale\" content=\"fr_FR\" \/>\n<meta property=\"og:type\" content=\"article\" \/>\n<meta property=\"og:title\" content=\"VILLEROY &#038; BOCH Tra\u00eeneau P\u00e8re No\u00ebl Christmas Toys Memory - dev6 Erresse\" \/>\n<meta property=\"og:description\" content=\"Mat\u00e9riau : Porcelaine LA BO\u00ceTE \u00c0 MUSIQUE JOUE \u201cLE P\u00c8RE NO\u00cbL ARRIVE EN VILLE\u201d Cette d\u00e9coration peinte \u00e0 la main par Christmas Toys Memory rappelle l\u2019\u00e9poque\" \/>\n<meta property=\"og:url\" content=\"https:\/\/dev6.erresse-shop.it\/fr\/shop\/ameublement-maison\/objets-de-decoration\/villeroy-boch-traineau-pere-noel-christmas-toys-memory\/\" \/>\n<meta property=\"og:site_name\" content=\"dev6 Erresse\" \/>\n<meta property=\"og:image\" content=\"https:\/\/interpim.erresse-shop.it\/img-catalogo\/villeroy\/villeroy-boch-slitta-di-babbo-natale-christmas-toys-memory.jpg\" \/><meta property=\"og:image\" content=\"https:\/\/interpim.erresse-shop.it\/img-catalogo\/villeroy\/villeroy-boch-slitta-di-babbo-natale-christmas-toys-memory.jpg\" \/>\n\t<meta property=\"og:image:width\" content=\"1024\" \/>\n\t<meta property=\"og:image:height\" content=\"1024\" \/>\n\t<meta property=\"og:image:type\" content=\"image\/jpeg\" \/>\n<meta name=\"twitter:card\" content=\"summary_large_image\" \/>\n<meta name=\"twitter:image\" content=\"https:\/\/interpim.erresse-shop.it\/img-catalogo\/villeroy\/villeroy-boch-slitta-di-babbo-natale-christmas-toys-memory.jpg\" \/>\n<script type=\"application\/ld+json\" class=\"yoast-schema-graph\">{\"@context\":\"https:\/\/schema.org\",\"@graph\":[{\"@type\":\"WebPage\",\"@id\":\"https:\/\/dev6.erresse-shop.it\/fr\/shop\/ameublement-maison\/objets-de-decoration\/villeroy-boch-traineau-pere-noel-christmas-toys-memory\/\",\"url\":\"https:\/\/dev6.erresse-shop.it\/fr\/shop\/ameublement-maison\/objets-de-decoration\/villeroy-boch-traineau-pere-noel-christmas-toys-memory\/\",\"name\":\"VILLEROY &#038; BOCH Tra\u00eeneau P\u00e8re No\u00ebl Christmas Toys Memory - dev6 Erresse\",\"isPartOf\":{\"@id\":\"https:\/\/dev6.erresse-shop.it\/#website\"},\"primaryImageOfPage\":{\"@id\":\"https:\/\/dev6.erresse-shop.it\/fr\/shop\/ameublement-maison\/objets-de-decoration\/villeroy-boch-traineau-pere-noel-christmas-toys-memory\/#primaryimage\"},\"image\":{\"@id\":\"https:\/\/dev6.erresse-shop.it\/fr\/shop\/ameublement-maison\/objets-de-decoration\/villeroy-boch-traineau-pere-noel-christmas-toys-memory\/#primaryimage\"},\"thumbnailUrl\":\"https:\/\/i3.wp.com\/interpim.erresse-shop.it\/img-catalogo\/villeroy\/villeroy-boch-slitta-di-babbo-natale-christmas-toys-memory.jpg?ssl=1\",\"datePublished\":\"2026-04-12T07:06:12+00:00\",\"description\":\"Mat\u00e9riau : Porcelaine LA BO\u00ceTE \u00c0 MUSIQUE JOUE \u201cLE P\u00c8RE NO\u00cbL ARRIVE EN VILLE\u201d Cette d\u00e9coration peinte \u00e0 la main par Christmas Toys Memory rappelle l\u2019\u00e9poque\",\"breadcrumb\":{\"@id\":\"https:\/\/dev6.erresse-shop.it\/fr\/shop\/ameublement-maison\/objets-de-decoration\/villeroy-boch-traineau-pere-noel-christmas-toys-memory\/#breadcrumb\"},\"inLanguage\":\"fr-FR\",\"potentialAction\":[{\"@type\":\"ReadAction\",\"target\":[\"https:\/\/dev6.erresse-shop.it\/fr\/shop\/ameublement-maison\/objets-de-decoration\/villeroy-boch-traineau-pere-noel-christmas-toys-memory\/\"]}]},{\"@type\":\"ImageObject\",\"inLanguage\":\"fr-FR\",\"@id\":\"https:\/\/dev6.erresse-shop.it\/fr\/shop\/ameublement-maison\/objets-de-decoration\/villeroy-boch-traineau-pere-noel-christmas-toys-memory\/#primaryimage\",\"url\":\"https:\/\/i3.wp.com\/interpim.erresse-shop.it\/img-catalogo\/villeroy\/villeroy-boch-slitta-di-babbo-natale-christmas-toys-memory.jpg?ssl=1\",\"contentUrl\":\"https:\/\/i3.wp.com\/interpim.erresse-shop.it\/img-catalogo\/villeroy\/villeroy-boch-slitta-di-babbo-natale-christmas-toys-memory.jpg?ssl=1\"},{\"@type\":\"BreadcrumbList\",\"@id\":\"https:\/\/dev6.erresse-shop.it\/fr\/shop\/ameublement-maison\/objets-de-decoration\/villeroy-boch-traineau-pere-noel-christmas-toys-memory\/#breadcrumb\",\"itemListElement\":[{\"@type\":\"ListItem\",\"position\":1,\"name\":\"Home\",\"item\":\"https:\/\/dev6.erresse-shop.it\/\"},{\"@type\":\"ListItem\",\"position\":2,\"name\":\"Boutique\",\"item\":\"https:\/\/dev6.erresse-shop.it\/shop\/\"},{\"@type\":\"ListItem\",\"position\":3,\"name\":\"VILLEROY &#038; BOCH Tra\u00eeneau P\u00e8re No\u00ebl Christmas Toys Memory\"}]},{\"@type\":\"WebSite\",\"@id\":\"https:\/\/dev6.erresse-shop.it\/#website\",\"url\":\"https:\/\/dev6.erresse-shop.it\/\",\"name\":\"Erresse Shop\",\"description\":\"\",\"publisher\":{\"@id\":\"https:\/\/dev6.erresse-shop.it\/#organization\"},\"potentialAction\":[{\"@type\":\"SearchAction\",\"target\":{\"@type\":\"EntryPoint\",\"urlTemplate\":\"https:\/\/dev6.erresse-shop.it\/?s={search_term_string}\"},\"query-input\":{\"@type\":\"PropertyValueSpecification\",\"valueRequired\":true,\"valueName\":\"search_term_string\"}}],\"inLanguage\":\"fr-FR\"},{\"@type\":\"Organization\",\"@id\":\"https:\/\/dev6.erresse-shop.it\/#organization\",\"name\":\"Erresse Shop\",\"url\":\"https:\/\/dev6.erresse-shop.it\/\",\"logo\":{\"@type\":\"ImageObject\",\"inLanguage\":\"fr-FR\",\"@id\":\"https:\/\/dev6.erresse-shop.it\/#\/schema\/logo\/image\/\",\"url\":\"https:\/\/dev6.erresse-shop.it\/wp-content\/uploads\/2025\/01\/LOGO-ERRESSE-CLASSICO.svg\",\"contentUrl\":\"https:\/\/dev6.erresse-shop.it\/wp-content\/uploads\/2025\/01\/LOGO-ERRESSE-CLASSICO.svg\",\"caption\":\"Erresse Shop\"},\"image\":{\"@id\":\"https:\/\/dev6.erresse-shop.it\/#\/schema\/logo\/image\/\"}}]}<\/script>\n<!-- \/ Yoast SEO plugin. -->","yoast_head_json":{"title":"VILLEROY &#038; BOCH Tra\u00eeneau P\u00e8re No\u00ebl Christmas Toys Memory - dev6 Erresse","description":"Mat\u00e9riau : Porcelaine LA BO\u00ceTE \u00c0 MUSIQUE JOUE \u201cLE P\u00c8RE NO\u00cbL ARRIVE EN VILLE\u201d Cette d\u00e9coration peinte \u00e0 la main par Christmas Toys Memory rappelle l\u2019\u00e9poque","robots":{"index":"noindex","follow":"follow","max-snippet":"max-snippet:-1","max-image-preview":"max-image-preview:large","max-video-preview":"max-video-preview:-1"},"og_locale":"fr_FR","og_type":"article","og_title":"VILLEROY &#038; BOCH Tra\u00eeneau P\u00e8re No\u00ebl Christmas Toys Memory - dev6 Erresse","og_description":"Mat\u00e9riau : Porcelaine LA BO\u00ceTE \u00c0 MUSIQUE JOUE \u201cLE P\u00c8RE NO\u00cbL ARRIVE EN VILLE\u201d Cette d\u00e9coration peinte \u00e0 la main par Christmas Toys Memory rappelle l\u2019\u00e9poque","og_url":"https:\/\/dev6.erresse-shop.it\/fr\/shop\/ameublement-maison\/objets-de-decoration\/villeroy-boch-traineau-pere-noel-christmas-toys-memory\/","og_site_name":"dev6 Erresse","og_image":[{"url":"https:\/\/interpim.erresse-shop.it\/img-catalogo\/villeroy\/villeroy-boch-slitta-di-babbo-natale-christmas-toys-memory.jpg","type":"","width":"","height":""},{"url":"https:\/\/interpim.erresse-shop.it\/img-catalogo\/villeroy\/villeroy-boch-slitta-di-babbo-natale-christmas-toys-memory.jpg","width":1024,"height":1024,"type":"image\/jpeg"}],"twitter_card":"summary_large_image","twitter_image":"https:\/\/interpim.erresse-shop.it\/img-catalogo\/villeroy\/villeroy-boch-slitta-di-babbo-natale-christmas-toys-memory.jpg","schema":{"@context":"https:\/\/schema.org","@graph":[{"@type":"WebPage","@id":"https:\/\/dev6.erresse-shop.it\/fr\/shop\/ameublement-maison\/objets-de-decoration\/villeroy-boch-traineau-pere-noel-christmas-toys-memory\/","url":"https:\/\/dev6.erresse-shop.it\/fr\/shop\/ameublement-maison\/objets-de-decoration\/villeroy-boch-traineau-pere-noel-christmas-toys-memory\/","name":"VILLEROY &#038; BOCH Tra\u00eeneau P\u00e8re No\u00ebl Christmas Toys Memory - dev6 Erresse","isPartOf":{"@id":"https:\/\/dev6.erresse-shop.it\/#website"},"primaryImageOfPage":{"@id":"https:\/\/dev6.erresse-shop.it\/fr\/shop\/ameublement-maison\/objets-de-decoration\/villeroy-boch-traineau-pere-noel-christmas-toys-memory\/#primaryimage"},"image":{"@id":"https:\/\/dev6.erresse-shop.it\/fr\/shop\/ameublement-maison\/objets-de-decoration\/villeroy-boch-traineau-pere-noel-christmas-toys-memory\/#primaryimage"},"thumbnailUrl":"https:\/\/i3.wp.com\/interpim.erresse-shop.it\/img-catalogo\/villeroy\/villeroy-boch-slitta-di-babbo-natale-christmas-toys-memory.jpg?ssl=1","datePublished":"2026-04-12T07:06:12+00:00","description":"Mat\u00e9riau : Porcelaine LA BO\u00ceTE \u00c0 MUSIQUE JOUE \u201cLE P\u00c8RE NO\u00cbL ARRIVE EN VILLE\u201d Cette d\u00e9coration peinte \u00e0 la main par Christmas Toys Memory rappelle l\u2019\u00e9poque","breadcrumb":{"@id":"https:\/\/dev6.erresse-shop.it\/fr\/shop\/ameublement-maison\/objets-de-decoration\/villeroy-boch-traineau-pere-noel-christmas-toys-memory\/#breadcrumb"},"inLanguage":"fr-FR","potentialAction":[{"@type":"ReadAction","target":["https:\/\/dev6.erresse-shop.it\/fr\/shop\/ameublement-maison\/objets-de-decoration\/villeroy-boch-traineau-pere-noel-christmas-toys-memory\/"]}]},{"@type":"ImageObject","inLanguage":"fr-FR","@id":"https:\/\/dev6.erresse-shop.it\/fr\/shop\/ameublement-maison\/objets-de-decoration\/villeroy-boch-traineau-pere-noel-christmas-toys-memory\/#primaryimage","url":"https:\/\/i3.wp.com\/interpim.erresse-shop.it\/img-catalogo\/villeroy\/villeroy-boch-slitta-di-babbo-natale-christmas-toys-memory.jpg?ssl=1","contentUrl":"https:\/\/i3.wp.com\/interpim.erresse-shop.it\/img-catalogo\/villeroy\/villeroy-boch-slitta-di-babbo-natale-christmas-toys-memory.jpg?ssl=1"},{"@type":"BreadcrumbList","@id":"https:\/\/dev6.erresse-shop.it\/fr\/shop\/ameublement-maison\/objets-de-decoration\/villeroy-boch-traineau-pere-noel-christmas-toys-memory\/#breadcrumb","itemListElement":[{"@type":"ListItem","position":1,"name":"Home","item":"https:\/\/dev6.erresse-shop.it\/"},{"@type":"ListItem","position":2,"name":"Boutique","item":"https:\/\/dev6.erresse-shop.it\/shop\/"},{"@type":"ListItem","position":3,"name":"VILLEROY &#038; BOCH Tra\u00eeneau P\u00e8re No\u00ebl Christmas Toys Memory"}]},{"@type":"WebSite","@id":"https:\/\/dev6.erresse-shop.it\/#website","url":"https:\/\/dev6.erresse-shop.it\/","name":"Erresse Shop","description":"","publisher":{"@id":"https:\/\/dev6.erresse-shop.it\/#organization"},"potentialAction":[{"@type":"SearchAction","target":{"@type":"EntryPoint","urlTemplate":"https:\/\/dev6.erresse-shop.it\/?s={search_term_string}"},"query-input":{"@type":"PropertyValueSpecification","valueRequired":true,"valueName":"search_term_string"}}],"inLanguage":"fr-FR"},{"@type":"Organization","@id":"https:\/\/dev6.erresse-shop.it\/#organization","name":"Erresse Shop","url":"https:\/\/dev6.erresse-shop.it\/","logo":{"@type":"ImageObject","inLanguage":"fr-FR","@id":"https:\/\/dev6.erresse-shop.it\/#\/schema\/logo\/image\/","url":"https:\/\/dev6.erresse-shop.it\/wp-content\/uploads\/2025\/01\/LOGO-ERRESSE-CLASSICO.svg","contentUrl":"https:\/\/dev6.erresse-shop.it\/wp-content\/uploads\/2025\/01\/LOGO-ERRESSE-CLASSICO.svg","caption":"Erresse Shop"},"image":{"@id":"https:\/\/dev6.erresse-shop.it\/#\/schema\/logo\/image\/"}}]}},"df_price":239,"df_sale_price":239,"df_regular_price":329,"df_image_link":"https:\/\/i3.wp.com\/interpim.erresse-shop.it\/img-catalogo\/villeroy\/villeroy-boch-slitta-di-babbo-natale-christmas-toys-memory.jpg?resize=300,300&ssl=1","fifu_image_url":"https:\/\/interpim.erresse-shop.it\/img-catalogo\/villeroy\/villeroy-boch-slitta-di-babbo-natale-christmas-toys-memory.jpg","_links":{"self":[{"href":"https:\/\/dev6.erresse-shop.it\/fr\/wp-json\/wp\/v2\/product\/60306","targetHints":{"allow":["GET"]}}],"collection":[{"href":"https:\/\/dev6.erresse-shop.it\/fr\/wp-json\/wp\/v2\/product"}],"about":[{"href":"https:\/\/dev6.erresse-shop.it\/fr\/wp-json\/wp\/v2\/types\/product"}],"wp:featuredmedia":[{"embeddable":true,"href":"https:\/\/dev6.erresse-shop.it\/fr\/wp-json\/wp\/v2\/media\/6356815"}],"wp:attachment":[{"href":"https:\/\/dev6.erresse-shop.it\/fr\/wp-json\/wp\/v2\/media?parent=60306"}],"wp:term":[{"taxonomy":"product_cat","embeddable":true,"href":"https:\/\/dev6.erresse-shop.it\/fr\/wp-json\/wp\/v2\/product_cat?post=60306"},{"taxonomy":"product_tag","embeddable":true,"href":"https:\/\/dev6.erresse-shop.it\/fr\/wp-json\/wp\/v2\/product_tag?post=60306"}],"curies":[{"name":"wp","href":"https:\/\/api.w.org\/{rel}","templated":true}]}}