{"id":60298,"date":"2026-04-12T09:06:12","date_gmt":"2026-04-12T07:06:12","guid":{"rendered":"https:\/\/dev6.erresse-shop.it\/shop\/non%20class\u00e9\/villeroy-boch-bol-aperitif-cabaret-nostalgia-toys-fantasy\/"},"modified":"2025-09-14T04:35:43","modified_gmt":"2025-09-14T02:35:43","slug":"villeroy-boch-bol-aperitif-cabaret-nostalgia-toys-fantasy","status":"publish","type":"product","link":"https:\/\/dev6.erresse-shop.it\/fr\/shop\/ameublement-maison\/objets-de-decoration\/villeroy-boch-bol-aperitif-cabaret-nostalgia-toys-fantasy\/","title":{"rendered":"VILLEROY &#038; BOCH Bol Ap\u00e9ritif Cabaret Nostalgia Toy&#8217;s Fantasy"},"content":{"rendered":"<p>NE VA PAS AU LAVE-VAISSELLE<br \/>\nMat\u00e9riau : Porcelaine Premium<br \/>\nConvient au micro-ondes : Oui<\/p>\n<p>POUR LES DESSERTS, LES SNACKS OU COMME D\u00c9CORATION<br \/>\nToy\u2019s Fantasy fait partie du grand monde de No\u00ebl de Villeroy &amp; Boch et r\u00e9veille de tendres souvenirs d\u2019enfance avec ses objets magnifiquement d\u00e9taill\u00e9s aux couleurs de No\u00ebl. Rendez votre maison particuli\u00e8rement accueillante pour les f\u00eates de fin d\u2019ann\u00e9e gr\u00e2ce \u00e0 des id\u00e9es originales de vaisselle et de d\u00e9coration. Les articles de cette collection de No\u00ebl peuvent \u00eatre collectionn\u00e9s et combin\u00e9s \u00e0 merveille. Le hors d\u2019\u0153uvre avec la figurine du P\u00e8re No\u00ebl deviendra la pi\u00e8ce ma\u00eetresse de toute table de No\u00ebl ou table basse. Les six compartiments permettent de s\u00e9parer les snacks ou les sucreries, par exemple. Transformez No\u00ebl en une f\u00eate color\u00e9e.<\/p>\n","protected":false},"excerpt":{"rendered":"<p>NE VA PAS AU LAVE-VAISSELLE Mat\u00e9riau : Porcelaine Premium Convient au micro-ondes : Oui POUR LES DESSERTS, LES SNACKS OU COMME D\u00c9CORATION Toy\u2019s Fantasy fait partie du grand monde de No\u00ebl de Villeroy &amp; Boch et r\u00e9veille de tendres souvenirs d\u2019enfance avec ses objets magnifiquement d\u00e9taill\u00e9s aux couleurs de No\u00ebl. Rendez votre maison particuli\u00e8rement accueillante [&hellip;]<\/p>\n","protected":false},"featured_media":6356788,"template":"","meta":{"_acf_changed":false},"product_cat":[11990,11666,12021],"product_tag":[],"class_list":{"0":"post-60298","1":"product","2":"type-product","3":"status-publish","4":"has-post-thumbnail","6":"product_cat-ameublement-maison","7":"product_cat-arredamento-casa","8":"product_cat-objets-de-decoration","10":"first","11":"outofstock","12":"sale","13":"taxable","14":"shipping-taxable","15":"purchasable","16":"product-type-simple","swatches":"rey-swatches","show_selected":"","stretch_labels":"rey-swatches--stretch-labels"},"acf":[],"yoast_head":"<!-- This site is optimized with the Yoast SEO plugin v25.4 - https:\/\/yoast.com\/wordpress\/plugins\/seo\/ -->\n<title>VILLEROY &#038; BOCH Bol Ap\u00e9ritif Cabaret Nostalgia Toy&#8217;s Fantasy - dev6 Erresse<\/title>\n<meta name=\"description\" content=\"NE VA PAS AU LAVE-VAISSELLE Mat\u00e9riau : Porcelaine Premium Convient au micro-ondes : Oui POUR LES DESSERTS, LES SNACKS OU COMME D\u00c9CORATION Toy\u2019s Fantasy\" \/>\n<meta name=\"robots\" content=\"noindex, follow, max-snippet:-1, max-image-preview:large, max-video-preview:-1\" \/>\n<meta property=\"og:locale\" content=\"fr_FR\" \/>\n<meta property=\"og:type\" content=\"article\" \/>\n<meta property=\"og:title\" content=\"VILLEROY &#038; BOCH Bol Ap\u00e9ritif Cabaret Nostalgia Toy&#8217;s Fantasy - dev6 Erresse\" \/>\n<meta property=\"og:description\" content=\"NE VA PAS AU LAVE-VAISSELLE Mat\u00e9riau : Porcelaine Premium Convient au micro-ondes : Oui POUR LES DESSERTS, LES SNACKS OU COMME D\u00c9CORATION Toy\u2019s Fantasy\" \/>\n<meta property=\"og:url\" content=\"https:\/\/dev6.erresse-shop.it\/fr\/shop\/ameublement-maison\/objets-de-decoration\/villeroy-boch-bol-aperitif-cabaret-nostalgia-toys-fantasy\/\" \/>\n<meta property=\"og:site_name\" content=\"dev6 Erresse\" \/>\n<meta property=\"og:image\" content=\"https:\/\/interpim.erresse-shop.it\/img-catalogo\/villeroy\/villeroy-boch-cabaret-nostalgia.jpg\" \/><meta property=\"og:image\" content=\"https:\/\/interpim.erresse-shop.it\/img-catalogo\/villeroy\/villeroy-boch-cabaret-nostalgia.jpg\" \/>\n\t<meta property=\"og:image:width\" content=\"1024\" \/>\n\t<meta property=\"og:image:height\" content=\"1024\" \/>\n\t<meta property=\"og:image:type\" content=\"image\/jpeg\" \/>\n<meta name=\"twitter:card\" content=\"summary_large_image\" \/>\n<meta name=\"twitter:image\" content=\"https:\/\/interpim.erresse-shop.it\/img-catalogo\/villeroy\/villeroy-boch-cabaret-nostalgia.jpg\" \/>\n<script type=\"application\/ld+json\" class=\"yoast-schema-graph\">{\"@context\":\"https:\/\/schema.org\",\"@graph\":[{\"@type\":\"WebPage\",\"@id\":\"https:\/\/dev6.erresse-shop.it\/fr\/shop\/ameublement-maison\/objets-de-decoration\/villeroy-boch-bol-aperitif-cabaret-nostalgia-toys-fantasy\/\",\"url\":\"https:\/\/dev6.erresse-shop.it\/fr\/shop\/ameublement-maison\/objets-de-decoration\/villeroy-boch-bol-aperitif-cabaret-nostalgia-toys-fantasy\/\",\"name\":\"VILLEROY &#038; BOCH Bol Ap\u00e9ritif Cabaret Nostalgia Toy&#8217;s Fantasy - dev6 Erresse\",\"isPartOf\":{\"@id\":\"https:\/\/dev6.erresse-shop.it\/#website\"},\"primaryImageOfPage\":{\"@id\":\"https:\/\/dev6.erresse-shop.it\/fr\/shop\/ameublement-maison\/objets-de-decoration\/villeroy-boch-bol-aperitif-cabaret-nostalgia-toys-fantasy\/#primaryimage\"},\"image\":{\"@id\":\"https:\/\/dev6.erresse-shop.it\/fr\/shop\/ameublement-maison\/objets-de-decoration\/villeroy-boch-bol-aperitif-cabaret-nostalgia-toys-fantasy\/#primaryimage\"},\"thumbnailUrl\":\"https:\/\/i2.wp.com\/interpim.erresse-shop.it\/img-catalogo\/villeroy\/villeroy-boch-cabaret-nostalgia.jpg?ssl=1\",\"datePublished\":\"2026-04-12T07:06:12+00:00\",\"description\":\"NE VA PAS AU LAVE-VAISSELLE Mat\u00e9riau : Porcelaine Premium Convient au micro-ondes : Oui POUR LES DESSERTS, LES SNACKS OU COMME D\u00c9CORATION Toy\u2019s Fantasy\",\"breadcrumb\":{\"@id\":\"https:\/\/dev6.erresse-shop.it\/fr\/shop\/ameublement-maison\/objets-de-decoration\/villeroy-boch-bol-aperitif-cabaret-nostalgia-toys-fantasy\/#breadcrumb\"},\"inLanguage\":\"fr-FR\",\"potentialAction\":[{\"@type\":\"ReadAction\",\"target\":[\"https:\/\/dev6.erresse-shop.it\/fr\/shop\/ameublement-maison\/objets-de-decoration\/villeroy-boch-bol-aperitif-cabaret-nostalgia-toys-fantasy\/\"]}]},{\"@type\":\"ImageObject\",\"inLanguage\":\"fr-FR\",\"@id\":\"https:\/\/dev6.erresse-shop.it\/fr\/shop\/ameublement-maison\/objets-de-decoration\/villeroy-boch-bol-aperitif-cabaret-nostalgia-toys-fantasy\/#primaryimage\",\"url\":\"https:\/\/i2.wp.com\/interpim.erresse-shop.it\/img-catalogo\/villeroy\/villeroy-boch-cabaret-nostalgia.jpg?ssl=1\",\"contentUrl\":\"https:\/\/i2.wp.com\/interpim.erresse-shop.it\/img-catalogo\/villeroy\/villeroy-boch-cabaret-nostalgia.jpg?ssl=1\"},{\"@type\":\"BreadcrumbList\",\"@id\":\"https:\/\/dev6.erresse-shop.it\/fr\/shop\/ameublement-maison\/objets-de-decoration\/villeroy-boch-bol-aperitif-cabaret-nostalgia-toys-fantasy\/#breadcrumb\",\"itemListElement\":[{\"@type\":\"ListItem\",\"position\":1,\"name\":\"Home\",\"item\":\"https:\/\/dev6.erresse-shop.it\/\"},{\"@type\":\"ListItem\",\"position\":2,\"name\":\"Boutique\",\"item\":\"https:\/\/dev6.erresse-shop.it\/shop\/\"},{\"@type\":\"ListItem\",\"position\":3,\"name\":\"VILLEROY &#038; BOCH Bol Ap\u00e9ritif Cabaret Nostalgia Toy&#8217;s Fantasy\"}]},{\"@type\":\"WebSite\",\"@id\":\"https:\/\/dev6.erresse-shop.it\/#website\",\"url\":\"https:\/\/dev6.erresse-shop.it\/\",\"name\":\"Erresse Shop\",\"description\":\"\",\"publisher\":{\"@id\":\"https:\/\/dev6.erresse-shop.it\/#organization\"},\"potentialAction\":[{\"@type\":\"SearchAction\",\"target\":{\"@type\":\"EntryPoint\",\"urlTemplate\":\"https:\/\/dev6.erresse-shop.it\/?s={search_term_string}\"},\"query-input\":{\"@type\":\"PropertyValueSpecification\",\"valueRequired\":true,\"valueName\":\"search_term_string\"}}],\"inLanguage\":\"fr-FR\"},{\"@type\":\"Organization\",\"@id\":\"https:\/\/dev6.erresse-shop.it\/#organization\",\"name\":\"Erresse Shop\",\"url\":\"https:\/\/dev6.erresse-shop.it\/\",\"logo\":{\"@type\":\"ImageObject\",\"inLanguage\":\"fr-FR\",\"@id\":\"https:\/\/dev6.erresse-shop.it\/#\/schema\/logo\/image\/\",\"url\":\"https:\/\/dev6.erresse-shop.it\/wp-content\/uploads\/2025\/01\/LOGO-ERRESSE-CLASSICO.svg\",\"contentUrl\":\"https:\/\/dev6.erresse-shop.it\/wp-content\/uploads\/2025\/01\/LOGO-ERRESSE-CLASSICO.svg\",\"caption\":\"Erresse Shop\"},\"image\":{\"@id\":\"https:\/\/dev6.erresse-shop.it\/#\/schema\/logo\/image\/\"}}]}<\/script>\n<!-- \/ Yoast SEO plugin. -->","yoast_head_json":{"title":"VILLEROY &#038; BOCH Bol Ap\u00e9ritif Cabaret Nostalgia Toy&#8217;s Fantasy - dev6 Erresse","description":"NE VA PAS AU LAVE-VAISSELLE Mat\u00e9riau : Porcelaine Premium Convient au micro-ondes : Oui POUR LES DESSERTS, LES SNACKS OU COMME D\u00c9CORATION Toy\u2019s Fantasy","robots":{"index":"noindex","follow":"follow","max-snippet":"max-snippet:-1","max-image-preview":"max-image-preview:large","max-video-preview":"max-video-preview:-1"},"og_locale":"fr_FR","og_type":"article","og_title":"VILLEROY &#038; BOCH Bol Ap\u00e9ritif Cabaret Nostalgia Toy&#8217;s Fantasy - dev6 Erresse","og_description":"NE VA PAS AU LAVE-VAISSELLE Mat\u00e9riau : Porcelaine Premium Convient au micro-ondes : Oui POUR LES DESSERTS, LES SNACKS OU COMME D\u00c9CORATION Toy\u2019s Fantasy","og_url":"https:\/\/dev6.erresse-shop.it\/fr\/shop\/ameublement-maison\/objets-de-decoration\/villeroy-boch-bol-aperitif-cabaret-nostalgia-toys-fantasy\/","og_site_name":"dev6 Erresse","og_image":[{"url":"https:\/\/interpim.erresse-shop.it\/img-catalogo\/villeroy\/villeroy-boch-cabaret-nostalgia.jpg","type":"","width":"","height":""},{"url":"https:\/\/interpim.erresse-shop.it\/img-catalogo\/villeroy\/villeroy-boch-cabaret-nostalgia.jpg","width":1024,"height":1024,"type":"image\/jpeg"}],"twitter_card":"summary_large_image","twitter_image":"https:\/\/interpim.erresse-shop.it\/img-catalogo\/villeroy\/villeroy-boch-cabaret-nostalgia.jpg","schema":{"@context":"https:\/\/schema.org","@graph":[{"@type":"WebPage","@id":"https:\/\/dev6.erresse-shop.it\/fr\/shop\/ameublement-maison\/objets-de-decoration\/villeroy-boch-bol-aperitif-cabaret-nostalgia-toys-fantasy\/","url":"https:\/\/dev6.erresse-shop.it\/fr\/shop\/ameublement-maison\/objets-de-decoration\/villeroy-boch-bol-aperitif-cabaret-nostalgia-toys-fantasy\/","name":"VILLEROY &#038; BOCH Bol Ap\u00e9ritif Cabaret Nostalgia Toy&#8217;s Fantasy - dev6 Erresse","isPartOf":{"@id":"https:\/\/dev6.erresse-shop.it\/#website"},"primaryImageOfPage":{"@id":"https:\/\/dev6.erresse-shop.it\/fr\/shop\/ameublement-maison\/objets-de-decoration\/villeroy-boch-bol-aperitif-cabaret-nostalgia-toys-fantasy\/#primaryimage"},"image":{"@id":"https:\/\/dev6.erresse-shop.it\/fr\/shop\/ameublement-maison\/objets-de-decoration\/villeroy-boch-bol-aperitif-cabaret-nostalgia-toys-fantasy\/#primaryimage"},"thumbnailUrl":"https:\/\/i2.wp.com\/interpim.erresse-shop.it\/img-catalogo\/villeroy\/villeroy-boch-cabaret-nostalgia.jpg?ssl=1","datePublished":"2026-04-12T07:06:12+00:00","description":"NE VA PAS AU LAVE-VAISSELLE Mat\u00e9riau : Porcelaine Premium Convient au micro-ondes : Oui POUR LES DESSERTS, LES SNACKS OU COMME D\u00c9CORATION Toy\u2019s Fantasy","breadcrumb":{"@id":"https:\/\/dev6.erresse-shop.it\/fr\/shop\/ameublement-maison\/objets-de-decoration\/villeroy-boch-bol-aperitif-cabaret-nostalgia-toys-fantasy\/#breadcrumb"},"inLanguage":"fr-FR","potentialAction":[{"@type":"ReadAction","target":["https:\/\/dev6.erresse-shop.it\/fr\/shop\/ameublement-maison\/objets-de-decoration\/villeroy-boch-bol-aperitif-cabaret-nostalgia-toys-fantasy\/"]}]},{"@type":"ImageObject","inLanguage":"fr-FR","@id":"https:\/\/dev6.erresse-shop.it\/fr\/shop\/ameublement-maison\/objets-de-decoration\/villeroy-boch-bol-aperitif-cabaret-nostalgia-toys-fantasy\/#primaryimage","url":"https:\/\/i2.wp.com\/interpim.erresse-shop.it\/img-catalogo\/villeroy\/villeroy-boch-cabaret-nostalgia.jpg?ssl=1","contentUrl":"https:\/\/i2.wp.com\/interpim.erresse-shop.it\/img-catalogo\/villeroy\/villeroy-boch-cabaret-nostalgia.jpg?ssl=1"},{"@type":"BreadcrumbList","@id":"https:\/\/dev6.erresse-shop.it\/fr\/shop\/ameublement-maison\/objets-de-decoration\/villeroy-boch-bol-aperitif-cabaret-nostalgia-toys-fantasy\/#breadcrumb","itemListElement":[{"@type":"ListItem","position":1,"name":"Home","item":"https:\/\/dev6.erresse-shop.it\/"},{"@type":"ListItem","position":2,"name":"Boutique","item":"https:\/\/dev6.erresse-shop.it\/shop\/"},{"@type":"ListItem","position":3,"name":"VILLEROY &#038; BOCH Bol Ap\u00e9ritif Cabaret Nostalgia Toy&#8217;s Fantasy"}]},{"@type":"WebSite","@id":"https:\/\/dev6.erresse-shop.it\/#website","url":"https:\/\/dev6.erresse-shop.it\/","name":"Erresse Shop","description":"","publisher":{"@id":"https:\/\/dev6.erresse-shop.it\/#organization"},"potentialAction":[{"@type":"SearchAction","target":{"@type":"EntryPoint","urlTemplate":"https:\/\/dev6.erresse-shop.it\/?s={search_term_string}"},"query-input":{"@type":"PropertyValueSpecification","valueRequired":true,"valueName":"search_term_string"}}],"inLanguage":"fr-FR"},{"@type":"Organization","@id":"https:\/\/dev6.erresse-shop.it\/#organization","name":"Erresse Shop","url":"https:\/\/dev6.erresse-shop.it\/","logo":{"@type":"ImageObject","inLanguage":"fr-FR","@id":"https:\/\/dev6.erresse-shop.it\/#\/schema\/logo\/image\/","url":"https:\/\/dev6.erresse-shop.it\/wp-content\/uploads\/2025\/01\/LOGO-ERRESSE-CLASSICO.svg","contentUrl":"https:\/\/dev6.erresse-shop.it\/wp-content\/uploads\/2025\/01\/LOGO-ERRESSE-CLASSICO.svg","caption":"Erresse Shop"},"image":{"@id":"https:\/\/dev6.erresse-shop.it\/#\/schema\/logo\/image\/"}}]}},"df_price":169,"df_sale_price":169,"df_regular_price":219,"df_image_link":"https:\/\/i2.wp.com\/interpim.erresse-shop.it\/img-catalogo\/villeroy\/villeroy-boch-cabaret-nostalgia.jpg?resize=300,300&ssl=1","fifu_image_url":"https:\/\/interpim.erresse-shop.it\/img-catalogo\/villeroy\/villeroy-boch-cabaret-nostalgia.jpg","_links":{"self":[{"href":"https:\/\/dev6.erresse-shop.it\/fr\/wp-json\/wp\/v2\/product\/60298","targetHints":{"allow":["GET"]}}],"collection":[{"href":"https:\/\/dev6.erresse-shop.it\/fr\/wp-json\/wp\/v2\/product"}],"about":[{"href":"https:\/\/dev6.erresse-shop.it\/fr\/wp-json\/wp\/v2\/types\/product"}],"wp:featuredmedia":[{"embeddable":true,"href":"https:\/\/dev6.erresse-shop.it\/fr\/wp-json\/wp\/v2\/media\/6356788"}],"wp:attachment":[{"href":"https:\/\/dev6.erresse-shop.it\/fr\/wp-json\/wp\/v2\/media?parent=60298"}],"wp:term":[{"taxonomy":"product_cat","embeddable":true,"href":"https:\/\/dev6.erresse-shop.it\/fr\/wp-json\/wp\/v2\/product_cat?post=60298"},{"taxonomy":"product_tag","embeddable":true,"href":"https:\/\/dev6.erresse-shop.it\/fr\/wp-json\/wp\/v2\/product_tag?post=60298"}],"curies":[{"name":"wp","href":"https:\/\/api.w.org\/{rel}","templated":true}]}}