{"id":60254,"date":"2026-04-04T09:03:20","date_gmt":"2026-04-04T07:03:20","guid":{"rendered":"https:\/\/dev6.erresse-shop.it\/shop\/non%20class\u00e9\/staub-cocotte-ronde-avec-panier-vapeur-26-cm-gris\/"},"modified":"2025-09-14T04:35:06","modified_gmt":"2025-09-14T02:35:06","slug":"staub-cocotte-ronde-avec-panier-vapeur-26-cm-gris","status":"publish","type":"product","link":"https:\/\/dev6.erresse-shop.it\/fr\/shop\/poeles-pots\/marmites-et-cocottes-poeles-pots\/staub-cocotte-ronde-avec-panier-vapeur-26-cm-gris\/","title":{"rendered":"STAUB Cocotte ronde avec panier vapeur 26 cm Gris"},"content":{"rendered":"<p>La cocotte ronde avec panier vapeur est un v\u00e9ritable outil polyvalent. Cette marmite, selon le mod\u00e8le fran\u00e7ais, peut \u00eatre utilis\u00e9e pour les r\u00f4tis et les rago\u00fbts. \u00c0 l\u2019int\u00e9rieur, vous pouvez cuisiner de mani\u00e8re conventionnelle ou \u00e0 la vapeur. De plus, vous n\u2019aurez pas besoin de verser un d\u00e9licieux rago\u00fbt dans un bol, car, gr\u00e2ce aux propri\u00e9t\u00e9s de conservation de la chaleur du mat\u00e9riau, il restera chaud \u00e0 l\u2019int\u00e9rieur de la cocotte. Par son design et sa couleur gris graphite, la cocotte apporte un petit morceau de France dans votre cuisine. La cocotte ronde avec panier vapeur a un diam\u00e8tre de 26 cm, une hauteur de 15,6 cm et une capacit\u00e9 de 5,2 l. Cette cocotte peut \u00e9galement \u00eatre utilis\u00e9e pour pr\u00e9parer sans effort un plat pour un grand nombre d\u2019invit\u00e9s. Cette cocotte peut \u00eatre utilis\u00e9e sur tout type de cuisini\u00e8re, y compris les cuisini\u00e8res \u00e0 induction, et peut \u00e9galement \u00eatre plac\u00e9e au four. Le panier vapeur est fabriqu\u00e9 en acier inoxydable 18\/10 de haute qualit\u00e9. Toutes les cocottes Staub sont fabriqu\u00e9es en fonte \u00e9maill\u00e9e. Ils conservent la chaleur pendant de longues p\u00e9riodes et sont particuli\u00e8rement adapt\u00e9s \u00e0 la cuisson lente de la viande et des plats contenant divers ingr\u00e9dients. Le fantastique effet de rago\u00fbt est encore renforc\u00e9 par l\u2019int\u00e9rieur \u00e9maill\u00e9 noir mat. Avec la cocotte \u00e9quip\u00e9e d\u2019un panier vapeur, vous pouvez cr\u00e9er des plats d\u00e9licieux avec lesquels vous pourrez impressionner vos amis et votre famille.<\/p>\n<p>Id\u00e9al pour braiser et cuire \u00e0 l\u2019\u00e9touff\u00e9e en m\u00eame temps, par exemple pour cuire du riz dans la partie inf\u00e9rieure et du poisson dans la partie sup\u00e9rieure.<br \/>\nPour un r\u00e9sultat de cuisson juteux et tendre gr\u00e2ce au couvercle<br \/>\nL\u2019\u00e9maillage int\u00e9rieur noir mat est id\u00e9al pour des braisages particuli\u00e8rement croustillants et est tr\u00e8s r\u00e9sistant.<br \/>\nConvient \u00e0 tous les types de plaques de cuisson, y compris l\u2019induction, et peut \u00e9galement \u00eatre plac\u00e9 dans le four\/gril.<br \/>\nCouleur intense<\/p>\n<p>CARACTERISTIQUES<br \/>\n\u2013 R\u00e9sistance \u00e0 la chaleur (\u00b0C) : 240.00 \u00baC<br \/>\n\u2013 R\u00e9sistance au froid : -20.00 \u00baC<br \/>\n\u2013 Mat\u00e9riau : fonte<br \/>\n\u2013 Couvercle existant : oui<br \/>\n\u2013 Induction : Oui<br \/>\n\u2013 Convient au four : Oui<br \/>\n\u2013 Convient pour le cong\u00e9lateur : Oui<br \/>\n\u2013 Convient aux plaques de cuisson : Oui<br \/>\n\u2013 Lavable au lave-vaisselle : oui<\/p>\n<p>DIMENSIONS<br \/>\n\u2013 Poids net : 6,56 kg<br \/>\n\u2013 Capacit\u00e9 : 5,25 l<br \/>\n\u2013 Longueur du produit : 33 cm<br \/>\n\u2013 Largeur du produit : 26 cm<br \/>\n\u2013 Hauteur du produit : 23,70 cm<br \/>\n\u2013 Hauteur sans couvercle : 11,80 cm<br \/>\n\u2013 Diam\u00e8tre du sommet : 26,00 cm<br \/>\n\u2013 Diam\u00e8tre du fond : 21,70 cm<br \/>\n\u2013 Longueur du manche : 3,50 cm<\/p>\n","protected":false},"excerpt":{"rendered":"<p>La cocotte ronde avec panier vapeur est un v\u00e9ritable outil polyvalent. Cette marmite, selon le mod\u00e8le fran\u00e7ais, peut \u00eatre utilis\u00e9e pour les r\u00f4tis et les rago\u00fbts. \u00c0 l\u2019int\u00e9rieur, vous pouvez cuisiner de mani\u00e8re conventionnelle ou \u00e0 la vapeur. De plus, vous n\u2019aurez pas besoin de verser un d\u00e9licieux rago\u00fbt dans un bol, car, gr\u00e2ce aux [&hellip;]<\/p>\n","protected":false},"featured_media":6273300,"template":"","meta":{"_acf_changed":false},"product_cat":[12000,11667,11991],"product_tag":[],"class_list":{"0":"post-60254","1":"product","2":"type-product","3":"status-publish","4":"has-post-thumbnail","6":"product_cat-marmites-et-cocottes-poeles-pots","7":"product_cat-padelle-pentole","8":"product_cat-poeles-pots","10":"first","11":"outofstock","12":"sale","13":"taxable","14":"shipping-taxable","15":"purchasable","16":"product-type-simple","swatches":"rey-swatches","show_selected":"","stretch_labels":"rey-swatches--stretch-labels"},"acf":[],"yoast_head":"<!-- This site is optimized with the Yoast SEO plugin v25.4 - https:\/\/yoast.com\/wordpress\/plugins\/seo\/ -->\n<title>STAUB Cocotte ronde avec panier vapeur 26 cm Gris - dev6 Erresse<\/title>\n<meta name=\"description\" content=\"La cocotte ronde avec panier vapeur est un v\u00e9ritable outil polyvalent. Cette marmite, selon le mod\u00e8le fran\u00e7ais, peut \u00eatre utilis\u00e9e pour les r\u00f4tis et les\" \/>\n<meta name=\"robots\" content=\"noindex, follow, max-snippet:-1, max-image-preview:large, max-video-preview:-1\" \/>\n<meta property=\"og:locale\" content=\"fr_FR\" \/>\n<meta property=\"og:type\" content=\"article\" \/>\n<meta property=\"og:title\" content=\"STAUB Cocotte ronde avec panier vapeur 26 cm Gris - dev6 Erresse\" \/>\n<meta property=\"og:description\" content=\"La cocotte ronde avec panier vapeur est un v\u00e9ritable outil polyvalent. Cette marmite, selon le mod\u00e8le fran\u00e7ais, peut \u00eatre utilis\u00e9e pour les r\u00f4tis et les\" \/>\n<meta property=\"og:url\" content=\"https:\/\/dev6.erresse-shop.it\/fr\/shop\/poeles-pots\/marmites-et-cocottes-poeles-pots\/staub-cocotte-ronde-avec-panier-vapeur-26-cm-gris\/\" \/>\n<meta property=\"og:site_name\" content=\"dev6 Erresse\" \/>\n<meta property=\"og:image\" content=\"https:\/\/interpim.erresse-shop.it\/img-catalogo\/staub\/staub-cocotte-con-cestello-a-vapore-rotonda-26-cm-grigio.jpg\" \/><meta property=\"og:image\" content=\"https:\/\/interpim.erresse-shop.it\/img-catalogo\/staub\/staub-cocotte-con-cestello-a-vapore-rotonda-26-cm-grigio.jpg\" \/>\n\t<meta property=\"og:image:width\" content=\"1024\" \/>\n\t<meta property=\"og:image:height\" content=\"1024\" \/>\n\t<meta property=\"og:image:type\" content=\"image\/jpeg\" \/>\n<meta name=\"twitter:card\" content=\"summary_large_image\" \/>\n<meta name=\"twitter:image\" content=\"https:\/\/interpim.erresse-shop.it\/img-catalogo\/staub\/staub-cocotte-con-cestello-a-vapore-rotonda-26-cm-grigio.jpg\" \/>\n<script type=\"application\/ld+json\" class=\"yoast-schema-graph\">{\"@context\":\"https:\/\/schema.org\",\"@graph\":[{\"@type\":\"WebPage\",\"@id\":\"https:\/\/dev6.erresse-shop.it\/fr\/shop\/poeles-pots\/marmites-et-cocottes-poeles-pots\/staub-cocotte-ronde-avec-panier-vapeur-26-cm-gris\/\",\"url\":\"https:\/\/dev6.erresse-shop.it\/fr\/shop\/poeles-pots\/marmites-et-cocottes-poeles-pots\/staub-cocotte-ronde-avec-panier-vapeur-26-cm-gris\/\",\"name\":\"STAUB Cocotte ronde avec panier vapeur 26 cm Gris - dev6 Erresse\",\"isPartOf\":{\"@id\":\"https:\/\/dev6.erresse-shop.it\/#website\"},\"primaryImageOfPage\":{\"@id\":\"https:\/\/dev6.erresse-shop.it\/fr\/shop\/poeles-pots\/marmites-et-cocottes-poeles-pots\/staub-cocotte-ronde-avec-panier-vapeur-26-cm-gris\/#primaryimage\"},\"image\":{\"@id\":\"https:\/\/dev6.erresse-shop.it\/fr\/shop\/poeles-pots\/marmites-et-cocottes-poeles-pots\/staub-cocotte-ronde-avec-panier-vapeur-26-cm-gris\/#primaryimage\"},\"thumbnailUrl\":\"https:\/\/i1.wp.com\/interpim.erresse-shop.it\/img-catalogo\/staub\/staub-cocotte-con-cestello-a-vapore-rotonda-26-cm-grigio.jpg?ssl=1\",\"datePublished\":\"2026-04-04T07:03:20+00:00\",\"description\":\"La cocotte ronde avec panier vapeur est un v\u00e9ritable outil polyvalent. Cette marmite, selon le mod\u00e8le fran\u00e7ais, peut \u00eatre utilis\u00e9e pour les r\u00f4tis et les\",\"breadcrumb\":{\"@id\":\"https:\/\/dev6.erresse-shop.it\/fr\/shop\/poeles-pots\/marmites-et-cocottes-poeles-pots\/staub-cocotte-ronde-avec-panier-vapeur-26-cm-gris\/#breadcrumb\"},\"inLanguage\":\"fr-FR\",\"potentialAction\":[{\"@type\":\"ReadAction\",\"target\":[\"https:\/\/dev6.erresse-shop.it\/fr\/shop\/poeles-pots\/marmites-et-cocottes-poeles-pots\/staub-cocotte-ronde-avec-panier-vapeur-26-cm-gris\/\"]}]},{\"@type\":\"ImageObject\",\"inLanguage\":\"fr-FR\",\"@id\":\"https:\/\/dev6.erresse-shop.it\/fr\/shop\/poeles-pots\/marmites-et-cocottes-poeles-pots\/staub-cocotte-ronde-avec-panier-vapeur-26-cm-gris\/#primaryimage\",\"url\":\"https:\/\/i1.wp.com\/interpim.erresse-shop.it\/img-catalogo\/staub\/staub-cocotte-con-cestello-a-vapore-rotonda-26-cm-grigio.jpg?ssl=1\",\"contentUrl\":\"https:\/\/i1.wp.com\/interpim.erresse-shop.it\/img-catalogo\/staub\/staub-cocotte-con-cestello-a-vapore-rotonda-26-cm-grigio.jpg?ssl=1\"},{\"@type\":\"BreadcrumbList\",\"@id\":\"https:\/\/dev6.erresse-shop.it\/fr\/shop\/poeles-pots\/marmites-et-cocottes-poeles-pots\/staub-cocotte-ronde-avec-panier-vapeur-26-cm-gris\/#breadcrumb\",\"itemListElement\":[{\"@type\":\"ListItem\",\"position\":1,\"name\":\"Home\",\"item\":\"https:\/\/dev6.erresse-shop.it\/\"},{\"@type\":\"ListItem\",\"position\":2,\"name\":\"Boutique\",\"item\":\"https:\/\/dev6.erresse-shop.it\/shop\/\"},{\"@type\":\"ListItem\",\"position\":3,\"name\":\"STAUB Cocotte ronde avec panier vapeur 26 cm Gris\"}]},{\"@type\":\"WebSite\",\"@id\":\"https:\/\/dev6.erresse-shop.it\/#website\",\"url\":\"https:\/\/dev6.erresse-shop.it\/\",\"name\":\"Erresse Shop\",\"description\":\"\",\"publisher\":{\"@id\":\"https:\/\/dev6.erresse-shop.it\/#organization\"},\"potentialAction\":[{\"@type\":\"SearchAction\",\"target\":{\"@type\":\"EntryPoint\",\"urlTemplate\":\"https:\/\/dev6.erresse-shop.it\/?s={search_term_string}\"},\"query-input\":{\"@type\":\"PropertyValueSpecification\",\"valueRequired\":true,\"valueName\":\"search_term_string\"}}],\"inLanguage\":\"fr-FR\"},{\"@type\":\"Organization\",\"@id\":\"https:\/\/dev6.erresse-shop.it\/#organization\",\"name\":\"Erresse Shop\",\"url\":\"https:\/\/dev6.erresse-shop.it\/\",\"logo\":{\"@type\":\"ImageObject\",\"inLanguage\":\"fr-FR\",\"@id\":\"https:\/\/dev6.erresse-shop.it\/#\/schema\/logo\/image\/\",\"url\":\"https:\/\/dev6.erresse-shop.it\/wp-content\/uploads\/2025\/01\/LOGO-ERRESSE-CLASSICO.svg\",\"contentUrl\":\"https:\/\/dev6.erresse-shop.it\/wp-content\/uploads\/2025\/01\/LOGO-ERRESSE-CLASSICO.svg\",\"caption\":\"Erresse Shop\"},\"image\":{\"@id\":\"https:\/\/dev6.erresse-shop.it\/#\/schema\/logo\/image\/\"}}]}<\/script>\n<!-- \/ Yoast SEO plugin. -->","yoast_head_json":{"title":"STAUB Cocotte ronde avec panier vapeur 26 cm Gris - dev6 Erresse","description":"La cocotte ronde avec panier vapeur est un v\u00e9ritable outil polyvalent. Cette marmite, selon le mod\u00e8le fran\u00e7ais, peut \u00eatre utilis\u00e9e pour les r\u00f4tis et les","robots":{"index":"noindex","follow":"follow","max-snippet":"max-snippet:-1","max-image-preview":"max-image-preview:large","max-video-preview":"max-video-preview:-1"},"og_locale":"fr_FR","og_type":"article","og_title":"STAUB Cocotte ronde avec panier vapeur 26 cm Gris - dev6 Erresse","og_description":"La cocotte ronde avec panier vapeur est un v\u00e9ritable outil polyvalent. Cette marmite, selon le mod\u00e8le fran\u00e7ais, peut \u00eatre utilis\u00e9e pour les r\u00f4tis et les","og_url":"https:\/\/dev6.erresse-shop.it\/fr\/shop\/poeles-pots\/marmites-et-cocottes-poeles-pots\/staub-cocotte-ronde-avec-panier-vapeur-26-cm-gris\/","og_site_name":"dev6 Erresse","og_image":[{"url":"https:\/\/interpim.erresse-shop.it\/img-catalogo\/staub\/staub-cocotte-con-cestello-a-vapore-rotonda-26-cm-grigio.jpg","type":"","width":"","height":""},{"url":"https:\/\/interpim.erresse-shop.it\/img-catalogo\/staub\/staub-cocotte-con-cestello-a-vapore-rotonda-26-cm-grigio.jpg","width":1024,"height":1024,"type":"image\/jpeg"}],"twitter_card":"summary_large_image","twitter_image":"https:\/\/interpim.erresse-shop.it\/img-catalogo\/staub\/staub-cocotte-con-cestello-a-vapore-rotonda-26-cm-grigio.jpg","schema":{"@context":"https:\/\/schema.org","@graph":[{"@type":"WebPage","@id":"https:\/\/dev6.erresse-shop.it\/fr\/shop\/poeles-pots\/marmites-et-cocottes-poeles-pots\/staub-cocotte-ronde-avec-panier-vapeur-26-cm-gris\/","url":"https:\/\/dev6.erresse-shop.it\/fr\/shop\/poeles-pots\/marmites-et-cocottes-poeles-pots\/staub-cocotte-ronde-avec-panier-vapeur-26-cm-gris\/","name":"STAUB Cocotte ronde avec panier vapeur 26 cm Gris - dev6 Erresse","isPartOf":{"@id":"https:\/\/dev6.erresse-shop.it\/#website"},"primaryImageOfPage":{"@id":"https:\/\/dev6.erresse-shop.it\/fr\/shop\/poeles-pots\/marmites-et-cocottes-poeles-pots\/staub-cocotte-ronde-avec-panier-vapeur-26-cm-gris\/#primaryimage"},"image":{"@id":"https:\/\/dev6.erresse-shop.it\/fr\/shop\/poeles-pots\/marmites-et-cocottes-poeles-pots\/staub-cocotte-ronde-avec-panier-vapeur-26-cm-gris\/#primaryimage"},"thumbnailUrl":"https:\/\/i1.wp.com\/interpim.erresse-shop.it\/img-catalogo\/staub\/staub-cocotte-con-cestello-a-vapore-rotonda-26-cm-grigio.jpg?ssl=1","datePublished":"2026-04-04T07:03:20+00:00","description":"La cocotte ronde avec panier vapeur est un v\u00e9ritable outil polyvalent. Cette marmite, selon le mod\u00e8le fran\u00e7ais, peut \u00eatre utilis\u00e9e pour les r\u00f4tis et les","breadcrumb":{"@id":"https:\/\/dev6.erresse-shop.it\/fr\/shop\/poeles-pots\/marmites-et-cocottes-poeles-pots\/staub-cocotte-ronde-avec-panier-vapeur-26-cm-gris\/#breadcrumb"},"inLanguage":"fr-FR","potentialAction":[{"@type":"ReadAction","target":["https:\/\/dev6.erresse-shop.it\/fr\/shop\/poeles-pots\/marmites-et-cocottes-poeles-pots\/staub-cocotte-ronde-avec-panier-vapeur-26-cm-gris\/"]}]},{"@type":"ImageObject","inLanguage":"fr-FR","@id":"https:\/\/dev6.erresse-shop.it\/fr\/shop\/poeles-pots\/marmites-et-cocottes-poeles-pots\/staub-cocotte-ronde-avec-panier-vapeur-26-cm-gris\/#primaryimage","url":"https:\/\/i1.wp.com\/interpim.erresse-shop.it\/img-catalogo\/staub\/staub-cocotte-con-cestello-a-vapore-rotonda-26-cm-grigio.jpg?ssl=1","contentUrl":"https:\/\/i1.wp.com\/interpim.erresse-shop.it\/img-catalogo\/staub\/staub-cocotte-con-cestello-a-vapore-rotonda-26-cm-grigio.jpg?ssl=1"},{"@type":"BreadcrumbList","@id":"https:\/\/dev6.erresse-shop.it\/fr\/shop\/poeles-pots\/marmites-et-cocottes-poeles-pots\/staub-cocotte-ronde-avec-panier-vapeur-26-cm-gris\/#breadcrumb","itemListElement":[{"@type":"ListItem","position":1,"name":"Home","item":"https:\/\/dev6.erresse-shop.it\/"},{"@type":"ListItem","position":2,"name":"Boutique","item":"https:\/\/dev6.erresse-shop.it\/shop\/"},{"@type":"ListItem","position":3,"name":"STAUB Cocotte ronde avec panier vapeur 26 cm Gris"}]},{"@type":"WebSite","@id":"https:\/\/dev6.erresse-shop.it\/#website","url":"https:\/\/dev6.erresse-shop.it\/","name":"Erresse Shop","description":"","publisher":{"@id":"https:\/\/dev6.erresse-shop.it\/#organization"},"potentialAction":[{"@type":"SearchAction","target":{"@type":"EntryPoint","urlTemplate":"https:\/\/dev6.erresse-shop.it\/?s={search_term_string}"},"query-input":{"@type":"PropertyValueSpecification","valueRequired":true,"valueName":"search_term_string"}}],"inLanguage":"fr-FR"},{"@type":"Organization","@id":"https:\/\/dev6.erresse-shop.it\/#organization","name":"Erresse Shop","url":"https:\/\/dev6.erresse-shop.it\/","logo":{"@type":"ImageObject","inLanguage":"fr-FR","@id":"https:\/\/dev6.erresse-shop.it\/#\/schema\/logo\/image\/","url":"https:\/\/dev6.erresse-shop.it\/wp-content\/uploads\/2025\/01\/LOGO-ERRESSE-CLASSICO.svg","contentUrl":"https:\/\/dev6.erresse-shop.it\/wp-content\/uploads\/2025\/01\/LOGO-ERRESSE-CLASSICO.svg","caption":"Erresse Shop"},"image":{"@id":"https:\/\/dev6.erresse-shop.it\/#\/schema\/logo\/image\/"}}]}},"df_price":219.95,"df_sale_price":219.95,"df_regular_price":349,"df_image_link":"https:\/\/i1.wp.com\/interpim.erresse-shop.it\/img-catalogo\/staub\/staub-cocotte-con-cestello-a-vapore-rotonda-26-cm-grigio.jpg?resize=300,300&ssl=1","fifu_image_url":"https:\/\/interpim.erresse-shop.it\/img-catalogo\/staub\/staub-cocotte-con-cestello-a-vapore-rotonda-26-cm-grigio.jpg","_links":{"self":[{"href":"https:\/\/dev6.erresse-shop.it\/fr\/wp-json\/wp\/v2\/product\/60254","targetHints":{"allow":["GET"]}}],"collection":[{"href":"https:\/\/dev6.erresse-shop.it\/fr\/wp-json\/wp\/v2\/product"}],"about":[{"href":"https:\/\/dev6.erresse-shop.it\/fr\/wp-json\/wp\/v2\/types\/product"}],"wp:featuredmedia":[{"embeddable":true,"href":"https:\/\/dev6.erresse-shop.it\/fr\/wp-json\/wp\/v2\/media\/6273300"}],"wp:attachment":[{"href":"https:\/\/dev6.erresse-shop.it\/fr\/wp-json\/wp\/v2\/media?parent=60254"}],"wp:term":[{"taxonomy":"product_cat","embeddable":true,"href":"https:\/\/dev6.erresse-shop.it\/fr\/wp-json\/wp\/v2\/product_cat?post=60254"},{"taxonomy":"product_tag","embeddable":true,"href":"https:\/\/dev6.erresse-shop.it\/fr\/wp-json\/wp\/v2\/product_tag?post=60254"}],"curies":[{"name":"wp","href":"https:\/\/api.w.org\/{rel}","templated":true}]}}