{"id":60236,"date":"2026-04-04T09:03:20","date_gmt":"2026-04-04T07:03:20","guid":{"rendered":"https:\/\/dev6.erresse-shop.it\/shop\/non%20class\u00e9\/emile-henry-tarte-tatin-grand-cru\/"},"modified":"2025-09-14T04:34:55","modified_gmt":"2025-09-14T02:34:55","slug":"emile-henry-tarte-tatin-grand-cru","status":"publish","type":"product","link":"https:\/\/dev6.erresse-shop.it\/fr\/shop\/poeles-pots\/plats-et-casseroles-a-four\/emile-henry-tarte-tatin-grand-cru\/","title":{"rendered":"EMILE HENRY Tarte Tatin Grand Cru"},"content":{"rendered":"<p>Un seul moule pour faire toute la recette : d\u2019abord le caramel directement sur le feu (tout type de feu sauf induction), puis la cuisson au four dans le m\u00eame plat. D\u00e9moulez et pr\u00e9sentez votre tarte Tatin avec le plat de service. C\u2019est facile et rapide !<\/p>\n<p>La forme du moule est adapt\u00e9e pour une cuisson confin\u00e9e des pommes dans leur caramel.<\/p>\n<p>Notre moule Tatin mesure 28 cm de diam\u00e8tre. Tous les produits Emile Henry sont fabriqu\u00e9s en France et garantis 10 ans.<\/p>\n<p>CARACT\u00c9RISTIQUES :<\/p>\n<p>Longueur \/ Diam\u00e8tre 33 cm<br \/>\nHauteur 6,5 cm<br \/>\nLongueur \/ Diam\u00e8tre (interne) 27 cm<br \/>\nHauteur (interne) 5 cm<br \/>\nVolume total 1,9 L<br \/>\nNombre de personnes 8<br \/>\nPoids du produit 2,8 kg<br \/>\nTemp\u00e9rature maximale 450\u00b0C<br \/>\nTemp\u00e9rature minimale -20 \u00b0C<\/p>\n","protected":false},"excerpt":{"rendered":"<p>Un seul moule pour faire toute la recette : d\u2019abord le caramel directement sur le feu (tout type de feu sauf induction), puis la cuisson au four dans le m\u00eame plat. D\u00e9moulez et pr\u00e9sentez votre tarte Tatin avec le plat de service. C\u2019est facile et rapide ! La forme du moule est adapt\u00e9e pour une [&hellip;]<\/p>\n","protected":false},"featured_media":6273260,"template":"","meta":{"_acf_changed":false},"product_cat":[11667,12050,11991],"product_tag":[],"class_list":{"0":"post-60236","1":"product","2":"type-product","3":"status-publish","4":"has-post-thumbnail","6":"product_cat-padelle-pentole","7":"product_cat-plats-et-casseroles-a-four","8":"product_cat-poeles-pots","10":"first","11":"instock","12":"sale","13":"taxable","14":"shipping-taxable","15":"purchasable","16":"product-type-simple","swatches":"rey-swatches","show_selected":"","stretch_labels":"rey-swatches--stretch-labels"},"acf":[],"yoast_head":"<!-- This site is optimized with the Yoast SEO plugin v25.4 - https:\/\/yoast.com\/wordpress\/plugins\/seo\/ -->\n<title>EMILE HENRY Tarte Tatin Grand Cru - dev6 Erresse<\/title>\n<meta name=\"description\" content=\"Un seul moule pour faire toute la recette : d\u2019abord le caramel directement sur le feu (tout type de feu sauf induction), puis la cuisson au four dans le\" \/>\n<meta name=\"robots\" content=\"noindex, follow, max-snippet:-1, max-image-preview:large, max-video-preview:-1\" \/>\n<meta property=\"og:locale\" content=\"fr_FR\" \/>\n<meta property=\"og:type\" content=\"article\" \/>\n<meta property=\"og:title\" content=\"EMILE HENRY Tarte Tatin Grand Cru - dev6 Erresse\" \/>\n<meta property=\"og:description\" content=\"Un seul moule pour faire toute la recette : d\u2019abord le caramel directement sur le feu (tout type de feu sauf induction), puis la cuisson au four dans le\" \/>\n<meta property=\"og:url\" content=\"https:\/\/dev6.erresse-shop.it\/fr\/shop\/poeles-pots\/plats-et-casseroles-a-four\/emile-henry-tarte-tatin-grand-cru\/\" \/>\n<meta property=\"og:site_name\" content=\"dev6 Erresse\" \/>\n<meta property=\"og:image\" content=\"https:\/\/interpim.erresse-shop.it\/Import\/Prodotti\/emile-henry-tarte-tatin-grand-cru.jpg\" \/><meta property=\"og:image\" content=\"https:\/\/interpim.erresse-shop.it\/Import\/Prodotti\/emile-henry-tarte-tatin-grand-cru.jpg\" \/>\n\t<meta property=\"og:image:width\" content=\"1024\" \/>\n\t<meta property=\"og:image:height\" content=\"1024\" \/>\n\t<meta property=\"og:image:type\" content=\"image\/jpeg\" \/>\n<meta name=\"twitter:card\" content=\"summary_large_image\" \/>\n<meta name=\"twitter:image\" content=\"https:\/\/interpim.erresse-shop.it\/Import\/Prodotti\/emile-henry-tarte-tatin-grand-cru.jpg\" \/>\n<script type=\"application\/ld+json\" class=\"yoast-schema-graph\">{\"@context\":\"https:\/\/schema.org\",\"@graph\":[{\"@type\":\"WebPage\",\"@id\":\"https:\/\/dev6.erresse-shop.it\/fr\/shop\/poeles-pots\/plats-et-casseroles-a-four\/emile-henry-tarte-tatin-grand-cru\/\",\"url\":\"https:\/\/dev6.erresse-shop.it\/fr\/shop\/poeles-pots\/plats-et-casseroles-a-four\/emile-henry-tarte-tatin-grand-cru\/\",\"name\":\"EMILE HENRY Tarte Tatin Grand Cru - dev6 Erresse\",\"isPartOf\":{\"@id\":\"https:\/\/dev6.erresse-shop.it\/#website\"},\"primaryImageOfPage\":{\"@id\":\"https:\/\/dev6.erresse-shop.it\/fr\/shop\/poeles-pots\/plats-et-casseroles-a-four\/emile-henry-tarte-tatin-grand-cru\/#primaryimage\"},\"image\":{\"@id\":\"https:\/\/dev6.erresse-shop.it\/fr\/shop\/poeles-pots\/plats-et-casseroles-a-four\/emile-henry-tarte-tatin-grand-cru\/#primaryimage\"},\"thumbnailUrl\":\"https:\/\/i0.wp.com\/interpim.erresse-shop.it\/Import\/Prodotti\/emile-henry-tarte-tatin-grand-cru.jpg?ssl=1\",\"datePublished\":\"2026-04-04T07:03:20+00:00\",\"description\":\"Un seul moule pour faire toute la recette : d\u2019abord le caramel directement sur le feu (tout type de feu sauf induction), puis la cuisson au four dans le\",\"breadcrumb\":{\"@id\":\"https:\/\/dev6.erresse-shop.it\/fr\/shop\/poeles-pots\/plats-et-casseroles-a-four\/emile-henry-tarte-tatin-grand-cru\/#breadcrumb\"},\"inLanguage\":\"fr-FR\",\"potentialAction\":[{\"@type\":\"ReadAction\",\"target\":[\"https:\/\/dev6.erresse-shop.it\/fr\/shop\/poeles-pots\/plats-et-casseroles-a-four\/emile-henry-tarte-tatin-grand-cru\/\"]}]},{\"@type\":\"ImageObject\",\"inLanguage\":\"fr-FR\",\"@id\":\"https:\/\/dev6.erresse-shop.it\/fr\/shop\/poeles-pots\/plats-et-casseroles-a-four\/emile-henry-tarte-tatin-grand-cru\/#primaryimage\",\"url\":\"https:\/\/i0.wp.com\/interpim.erresse-shop.it\/Import\/Prodotti\/emile-henry-tarte-tatin-grand-cru.jpg?ssl=1\",\"contentUrl\":\"https:\/\/i0.wp.com\/interpim.erresse-shop.it\/Import\/Prodotti\/emile-henry-tarte-tatin-grand-cru.jpg?ssl=1\"},{\"@type\":\"BreadcrumbList\",\"@id\":\"https:\/\/dev6.erresse-shop.it\/fr\/shop\/poeles-pots\/plats-et-casseroles-a-four\/emile-henry-tarte-tatin-grand-cru\/#breadcrumb\",\"itemListElement\":[{\"@type\":\"ListItem\",\"position\":1,\"name\":\"Home\",\"item\":\"https:\/\/dev6.erresse-shop.it\/\"},{\"@type\":\"ListItem\",\"position\":2,\"name\":\"Boutique\",\"item\":\"https:\/\/dev6.erresse-shop.it\/shop\/\"},{\"@type\":\"ListItem\",\"position\":3,\"name\":\"EMILE HENRY Tarte Tatin Grand Cru\"}]},{\"@type\":\"WebSite\",\"@id\":\"https:\/\/dev6.erresse-shop.it\/#website\",\"url\":\"https:\/\/dev6.erresse-shop.it\/\",\"name\":\"Erresse Shop\",\"description\":\"\",\"publisher\":{\"@id\":\"https:\/\/dev6.erresse-shop.it\/#organization\"},\"potentialAction\":[{\"@type\":\"SearchAction\",\"target\":{\"@type\":\"EntryPoint\",\"urlTemplate\":\"https:\/\/dev6.erresse-shop.it\/?s={search_term_string}\"},\"query-input\":{\"@type\":\"PropertyValueSpecification\",\"valueRequired\":true,\"valueName\":\"search_term_string\"}}],\"inLanguage\":\"fr-FR\"},{\"@type\":\"Organization\",\"@id\":\"https:\/\/dev6.erresse-shop.it\/#organization\",\"name\":\"Erresse Shop\",\"url\":\"https:\/\/dev6.erresse-shop.it\/\",\"logo\":{\"@type\":\"ImageObject\",\"inLanguage\":\"fr-FR\",\"@id\":\"https:\/\/dev6.erresse-shop.it\/#\/schema\/logo\/image\/\",\"url\":\"https:\/\/dev6.erresse-shop.it\/wp-content\/uploads\/2025\/01\/LOGO-ERRESSE-CLASSICO.svg\",\"contentUrl\":\"https:\/\/dev6.erresse-shop.it\/wp-content\/uploads\/2025\/01\/LOGO-ERRESSE-CLASSICO.svg\",\"caption\":\"Erresse Shop\"},\"image\":{\"@id\":\"https:\/\/dev6.erresse-shop.it\/#\/schema\/logo\/image\/\"}}]}<\/script>\n<!-- \/ Yoast SEO plugin. -->","yoast_head_json":{"title":"EMILE HENRY Tarte Tatin Grand Cru - dev6 Erresse","description":"Un seul moule pour faire toute la recette : d\u2019abord le caramel directement sur le feu (tout type de feu sauf induction), puis la cuisson au four dans le","robots":{"index":"noindex","follow":"follow","max-snippet":"max-snippet:-1","max-image-preview":"max-image-preview:large","max-video-preview":"max-video-preview:-1"},"og_locale":"fr_FR","og_type":"article","og_title":"EMILE HENRY Tarte Tatin Grand Cru - dev6 Erresse","og_description":"Un seul moule pour faire toute la recette : d\u2019abord le caramel directement sur le feu (tout type de feu sauf induction), puis la cuisson au four dans le","og_url":"https:\/\/dev6.erresse-shop.it\/fr\/shop\/poeles-pots\/plats-et-casseroles-a-four\/emile-henry-tarte-tatin-grand-cru\/","og_site_name":"dev6 Erresse","og_image":[{"url":"https:\/\/interpim.erresse-shop.it\/Import\/Prodotti\/emile-henry-tarte-tatin-grand-cru.jpg","type":"","width":"","height":""},{"url":"https:\/\/interpim.erresse-shop.it\/Import\/Prodotti\/emile-henry-tarte-tatin-grand-cru.jpg","width":1024,"height":1024,"type":"image\/jpeg"}],"twitter_card":"summary_large_image","twitter_image":"https:\/\/interpim.erresse-shop.it\/Import\/Prodotti\/emile-henry-tarte-tatin-grand-cru.jpg","schema":{"@context":"https:\/\/schema.org","@graph":[{"@type":"WebPage","@id":"https:\/\/dev6.erresse-shop.it\/fr\/shop\/poeles-pots\/plats-et-casseroles-a-four\/emile-henry-tarte-tatin-grand-cru\/","url":"https:\/\/dev6.erresse-shop.it\/fr\/shop\/poeles-pots\/plats-et-casseroles-a-four\/emile-henry-tarte-tatin-grand-cru\/","name":"EMILE HENRY Tarte Tatin Grand Cru - dev6 Erresse","isPartOf":{"@id":"https:\/\/dev6.erresse-shop.it\/#website"},"primaryImageOfPage":{"@id":"https:\/\/dev6.erresse-shop.it\/fr\/shop\/poeles-pots\/plats-et-casseroles-a-four\/emile-henry-tarte-tatin-grand-cru\/#primaryimage"},"image":{"@id":"https:\/\/dev6.erresse-shop.it\/fr\/shop\/poeles-pots\/plats-et-casseroles-a-four\/emile-henry-tarte-tatin-grand-cru\/#primaryimage"},"thumbnailUrl":"https:\/\/i0.wp.com\/interpim.erresse-shop.it\/Import\/Prodotti\/emile-henry-tarte-tatin-grand-cru.jpg?ssl=1","datePublished":"2026-04-04T07:03:20+00:00","description":"Un seul moule pour faire toute la recette : d\u2019abord le caramel directement sur le feu (tout type de feu sauf induction), puis la cuisson au four dans le","breadcrumb":{"@id":"https:\/\/dev6.erresse-shop.it\/fr\/shop\/poeles-pots\/plats-et-casseroles-a-four\/emile-henry-tarte-tatin-grand-cru\/#breadcrumb"},"inLanguage":"fr-FR","potentialAction":[{"@type":"ReadAction","target":["https:\/\/dev6.erresse-shop.it\/fr\/shop\/poeles-pots\/plats-et-casseroles-a-four\/emile-henry-tarte-tatin-grand-cru\/"]}]},{"@type":"ImageObject","inLanguage":"fr-FR","@id":"https:\/\/dev6.erresse-shop.it\/fr\/shop\/poeles-pots\/plats-et-casseroles-a-four\/emile-henry-tarte-tatin-grand-cru\/#primaryimage","url":"https:\/\/i0.wp.com\/interpim.erresse-shop.it\/Import\/Prodotti\/emile-henry-tarte-tatin-grand-cru.jpg?ssl=1","contentUrl":"https:\/\/i0.wp.com\/interpim.erresse-shop.it\/Import\/Prodotti\/emile-henry-tarte-tatin-grand-cru.jpg?ssl=1"},{"@type":"BreadcrumbList","@id":"https:\/\/dev6.erresse-shop.it\/fr\/shop\/poeles-pots\/plats-et-casseroles-a-four\/emile-henry-tarte-tatin-grand-cru\/#breadcrumb","itemListElement":[{"@type":"ListItem","position":1,"name":"Home","item":"https:\/\/dev6.erresse-shop.it\/"},{"@type":"ListItem","position":2,"name":"Boutique","item":"https:\/\/dev6.erresse-shop.it\/shop\/"},{"@type":"ListItem","position":3,"name":"EMILE HENRY Tarte Tatin Grand Cru"}]},{"@type":"WebSite","@id":"https:\/\/dev6.erresse-shop.it\/#website","url":"https:\/\/dev6.erresse-shop.it\/","name":"Erresse Shop","description":"","publisher":{"@id":"https:\/\/dev6.erresse-shop.it\/#organization"},"potentialAction":[{"@type":"SearchAction","target":{"@type":"EntryPoint","urlTemplate":"https:\/\/dev6.erresse-shop.it\/?s={search_term_string}"},"query-input":{"@type":"PropertyValueSpecification","valueRequired":true,"valueName":"search_term_string"}}],"inLanguage":"fr-FR"},{"@type":"Organization","@id":"https:\/\/dev6.erresse-shop.it\/#organization","name":"Erresse Shop","url":"https:\/\/dev6.erresse-shop.it\/","logo":{"@type":"ImageObject","inLanguage":"fr-FR","@id":"https:\/\/dev6.erresse-shop.it\/#\/schema\/logo\/image\/","url":"https:\/\/dev6.erresse-shop.it\/wp-content\/uploads\/2025\/01\/LOGO-ERRESSE-CLASSICO.svg","contentUrl":"https:\/\/dev6.erresse-shop.it\/wp-content\/uploads\/2025\/01\/LOGO-ERRESSE-CLASSICO.svg","caption":"Erresse Shop"},"image":{"@id":"https:\/\/dev6.erresse-shop.it\/#\/schema\/logo\/image\/"}}]}},"df_price":99.95,"df_sale_price":99.95,"df_regular_price":142.5,"df_image_link":"https:\/\/i0.wp.com\/interpim.erresse-shop.it\/Import\/Prodotti\/emile-henry-tarte-tatin-grand-cru.jpg?resize=300,300&ssl=1","fifu_image_url":"https:\/\/interpim.erresse-shop.it\/Import\/Prodotti\/emile-henry-tarte-tatin-grand-cru.jpg","_links":{"self":[{"href":"https:\/\/dev6.erresse-shop.it\/fr\/wp-json\/wp\/v2\/product\/60236","targetHints":{"allow":["GET"]}}],"collection":[{"href":"https:\/\/dev6.erresse-shop.it\/fr\/wp-json\/wp\/v2\/product"}],"about":[{"href":"https:\/\/dev6.erresse-shop.it\/fr\/wp-json\/wp\/v2\/types\/product"}],"wp:featuredmedia":[{"embeddable":true,"href":"https:\/\/dev6.erresse-shop.it\/fr\/wp-json\/wp\/v2\/media\/6273260"}],"wp:attachment":[{"href":"https:\/\/dev6.erresse-shop.it\/fr\/wp-json\/wp\/v2\/media?parent=60236"}],"wp:term":[{"taxonomy":"product_cat","embeddable":true,"href":"https:\/\/dev6.erresse-shop.it\/fr\/wp-json\/wp\/v2\/product_cat?post=60236"},{"taxonomy":"product_tag","embeddable":true,"href":"https:\/\/dev6.erresse-shop.it\/fr\/wp-json\/wp\/v2\/product_tag?post=60236"}],"curies":[{"name":"wp","href":"https:\/\/api.w.org\/{rel}","templated":true}]}}