{"id":60188,"date":"2026-04-12T09:03:43","date_gmt":"2026-04-12T07:03:43","guid":{"rendered":"https:\/\/dev6.erresse-shop.it\/shop\/non%20class\u00e9\/zwilling-thermoplongeur-pochettes-sous-vide\/"},"modified":"2025-09-14T04:34:25","modified_gmt":"2025-09-14T02:34:25","slug":"zwilling-thermoplongeur-pochettes-sous-vide","status":"publish","type":"product","link":"https:\/\/dev6.erresse-shop.it\/fr\/shop\/cuisine\/couteaux\/accessoires\/zwilling-thermoplongeur-pochettes-sous-vide\/","title":{"rendered":"ZWILLING Thermoplongeur + Pochettes sous vide"},"content":{"rendered":"<p>ATTENTION : gratuit 9 sacs \u00e0 vide taille L (photo)<\/p>\n<p>Avec le thermoplongeur ZWILLING ENFINIGY jamais La cuisson sous vide n\u2019aura \u00e9t\u00e9 aussi facile. La cuisson sous vide est une technique culinaire qui consiste \u00e0 cuire les aliments, viande, poissons, l\u00e9gumes ou fruits, dans des sacs scell\u00e9s sous vide dans un bain-marie d\u2019eau chaude \u00e0 basse temp\u00e9rature, soit en dessous du point d\u2019\u00e9bullition. La temp\u00e9rature de cuisson optimale pour l\u2019aliment concern\u00e9 est maintenue pendant toute la dur\u00e9e de la cuisson, ce qui permet une cuisson particuli\u00e8rement douce et homog\u00e8ne. Le thermoplongeur ZWILLING ENFINIGY, compact et maniable, permet non seulement de contr\u00f4ler la temp\u00e9rature de l\u2019eau et le temps de cuisson, mais il est \u00e9galement facile \u00e0 utiliser : La temp\u00e9rature et le temps de cuisson souhait\u00e9s se r\u00e8glent simplement sur l\u2019\u00e9cran tactile LED, par paliers de temp\u00e9rature de 0,5 \u00b0C sur une plage allant de 0 \u00e0 90 \u00b0C et avec une pr\u00e9cision de &#43;\/- 0,1 \u00b0C \u2013 0,2 \u00b0C entre 40 et 70 \u00b0C. Vous pouvez vous consacrer \u00e0 d\u2019autres t\u00e2ches dans la cuisine, la fonction minuterie vous permet de surveiller le temps de cuisson. Une fois ce temps \u00e9coul\u00e9, le thermoplongeur \u00e9met un signal sonore et s\u2019arr\u00eate automatiquement. Et si vous voulez manger un peu plus tard ou si vos invit\u00e9s sont en retard, pas de probl\u00e8me ! Il suffit de laisser les aliments dans le bain-marie \u00e0 la temp\u00e9rature r\u00e9gl\u00e9e. Le point de cuisson ne change pas et reste parfait. La cuisson sous vide est d\u00e9sormais simple comme un jeu d\u2019enfants !<\/p>\n<p>\u00c9cran tactile LED intuitif avec affichage int\u00e9gr\u00e9 de la temp\u00e9rature et de la minuterie.<br \/>\nR\u00e9glage pr\u00e9cis de la temp\u00e9rature entre 25 \u00e0 90 \u00b0C.<br \/>\nGrande stabilit\u00e9 de temp\u00e9rature de &#43;\/- 0,1 \u00b0C \u2013 0,2 \u00b0C (max).<br \/>\nFonction de minuterie \/ signal sonore \u00e0 l\u2019expiration du temps et arr\u00eat automatique.<br \/>\nMoteur 1200 watts pour un chauffage particuli\u00e8rement rapide de l\u2019eau.<br \/>\nManipulation s\u00e9curis\u00e9e\u202f: se clipse sur le rebord du contenant.<br \/>\nS\u00e9curit\u00e9 maximale gr\u00e2ce \u00e0 la certification d\u2019\u00e9tanch\u00e9it\u00e9 IPX7.<br \/>\nTige chauffante en acier inoxydable avec composant en plastique r\u00e9sistant \u00e0 la chaleur sur la partie sup\u00e9rieure pour \u00e9viter de rayer faitouts ou casseroles.<br \/>\nLongueur du c\u00e2ble 1,25 m.<br \/>\n\u00c9galement inclus dans la livraison : Sac de rangement en textile pour un rangement sans risque de rayures, tableaux de cuisson et id\u00e9es de recettes.<\/p>\n<p>Couleur: Blanc<br \/>\nMat\u00e9riau: Acier inoxydable<br \/>\nTension: 220-240 V<br \/>\nFr\u00e9quence: 50\/60 Hz<br \/>\nProgrammes: 3<br \/>\n\u00c9cran LCD: Oui<br \/>\nPuissance: 1.200 W<\/p>\n","protected":false},"excerpt":{"rendered":"<p>ATTENTION : gratuit 9 sacs \u00e0 vide taille L (photo) Avec le thermoplongeur ZWILLING ENFINIGY jamais La cuisson sous vide n\u2019aura \u00e9t\u00e9 aussi facile. La cuisson sous vide est une technique culinaire qui consiste \u00e0 cuire les aliments, viande, poissons, l\u00e9gumes ou fruits, dans des sacs scell\u00e9s sous vide dans un bain-marie d\u2019eau chaude \u00e0 [&hellip;]<\/p>\n","protected":false},"featured_media":6356431,"template":"","meta":{"_acf_changed":false},"product_cat":[11999,11668,11992,12095],"product_tag":[],"class_list":{"0":"post-60188","1":"product","2":"type-product","3":"status-publish","4":"has-post-thumbnail","6":"product_cat-accessoires","7":"product_cat-cucina","8":"product_cat-cuisine","9":"product_cat-sous-vide","11":"first","12":"outofstock","13":"sale","14":"taxable","15":"shipping-taxable","16":"purchasable","17":"product-type-simple","swatches":"rey-swatches","show_selected":"","stretch_labels":"rey-swatches--stretch-labels"},"acf":[],"yoast_head":"<!-- This site is optimized with the Yoast SEO plugin v25.4 - https:\/\/yoast.com\/wordpress\/plugins\/seo\/ -->\n<title>ZWILLING Thermoplongeur + Pochettes sous vide - dev6 Erresse<\/title>\n<meta name=\"description\" content=\"ATTENTION : gratuit 9 sacs \u00e0 vide taille L (photo) Avec le thermoplongeur ZWILLING ENFINIGY jamais La cuisson sous vide n\u2019aura \u00e9t\u00e9 aussi facile. La\" \/>\n<meta name=\"robots\" content=\"noindex, follow, max-snippet:-1, max-image-preview:large, max-video-preview:-1\" \/>\n<meta property=\"og:locale\" content=\"fr_FR\" \/>\n<meta property=\"og:type\" content=\"article\" \/>\n<meta property=\"og:title\" content=\"ZWILLING Thermoplongeur + Pochettes sous vide - dev6 Erresse\" \/>\n<meta property=\"og:description\" content=\"ATTENTION : gratuit 9 sacs \u00e0 vide taille L (photo) Avec le thermoplongeur ZWILLING ENFINIGY jamais La cuisson sous vide n\u2019aura \u00e9t\u00e9 aussi facile. La\" \/>\n<meta property=\"og:url\" content=\"https:\/\/dev6.erresse-shop.it\/fr\/shop\/cuisine\/couteaux\/accessoires\/zwilling-thermoplongeur-pochettes-sous-vide\/\" \/>\n<meta property=\"og:site_name\" content=\"dev6 Erresse\" \/>\n<meta property=\"og:image\" content=\"https:\/\/interpim.erresse-shop.it\/img-catalogo\/zwilling\/zwilling-set-sacchetti-sottovuoto-1.jpg\" \/><meta property=\"og:image\" content=\"https:\/\/interpim.erresse-shop.it\/img-catalogo\/zwilling\/zwilling-set-sacchetti-sottovuoto-1.jpg\" \/>\n\t<meta property=\"og:image:width\" content=\"1024\" \/>\n\t<meta property=\"og:image:height\" content=\"1024\" \/>\n\t<meta property=\"og:image:type\" content=\"image\/jpeg\" \/>\n<meta name=\"twitter:card\" content=\"summary_large_image\" \/>\n<meta name=\"twitter:image\" content=\"https:\/\/interpim.erresse-shop.it\/img-catalogo\/zwilling\/zwilling-set-sacchetti-sottovuoto-1.jpg\" \/>\n<script type=\"application\/ld+json\" class=\"yoast-schema-graph\">{\"@context\":\"https:\/\/schema.org\",\"@graph\":[{\"@type\":\"WebPage\",\"@id\":\"https:\/\/dev6.erresse-shop.it\/fr\/shop\/cuisine\/couteaux\/accessoires\/zwilling-thermoplongeur-pochettes-sous-vide\/\",\"url\":\"https:\/\/dev6.erresse-shop.it\/fr\/shop\/cuisine\/couteaux\/accessoires\/zwilling-thermoplongeur-pochettes-sous-vide\/\",\"name\":\"ZWILLING Thermoplongeur + Pochettes sous vide - dev6 Erresse\",\"isPartOf\":{\"@id\":\"https:\/\/dev6.erresse-shop.it\/#website\"},\"primaryImageOfPage\":{\"@id\":\"https:\/\/dev6.erresse-shop.it\/fr\/shop\/cuisine\/couteaux\/accessoires\/zwilling-thermoplongeur-pochettes-sous-vide\/#primaryimage\"},\"image\":{\"@id\":\"https:\/\/dev6.erresse-shop.it\/fr\/shop\/cuisine\/couteaux\/accessoires\/zwilling-thermoplongeur-pochettes-sous-vide\/#primaryimage\"},\"thumbnailUrl\":\"https:\/\/i1.wp.com\/interpim.erresse-shop.it\/img-catalogo\/zwilling\/zwilling-set-sacchetti-sottovuoto-1.jpg?ssl=1\",\"datePublished\":\"2026-04-12T07:03:43+00:00\",\"description\":\"ATTENTION : gratuit 9 sacs \u00e0 vide taille L (photo) Avec le thermoplongeur ZWILLING ENFINIGY jamais La cuisson sous vide n\u2019aura \u00e9t\u00e9 aussi facile. La\",\"breadcrumb\":{\"@id\":\"https:\/\/dev6.erresse-shop.it\/fr\/shop\/cuisine\/couteaux\/accessoires\/zwilling-thermoplongeur-pochettes-sous-vide\/#breadcrumb\"},\"inLanguage\":\"fr-FR\",\"potentialAction\":[{\"@type\":\"ReadAction\",\"target\":[\"https:\/\/dev6.erresse-shop.it\/fr\/shop\/cuisine\/couteaux\/accessoires\/zwilling-thermoplongeur-pochettes-sous-vide\/\"]}]},{\"@type\":\"ImageObject\",\"inLanguage\":\"fr-FR\",\"@id\":\"https:\/\/dev6.erresse-shop.it\/fr\/shop\/cuisine\/couteaux\/accessoires\/zwilling-thermoplongeur-pochettes-sous-vide\/#primaryimage\",\"url\":\"https:\/\/i1.wp.com\/interpim.erresse-shop.it\/img-catalogo\/zwilling\/zwilling-set-sacchetti-sottovuoto-1.jpg?ssl=1\",\"contentUrl\":\"https:\/\/i1.wp.com\/interpim.erresse-shop.it\/img-catalogo\/zwilling\/zwilling-set-sacchetti-sottovuoto-1.jpg?ssl=1\"},{\"@type\":\"BreadcrumbList\",\"@id\":\"https:\/\/dev6.erresse-shop.it\/fr\/shop\/cuisine\/couteaux\/accessoires\/zwilling-thermoplongeur-pochettes-sous-vide\/#breadcrumb\",\"itemListElement\":[{\"@type\":\"ListItem\",\"position\":1,\"name\":\"Home\",\"item\":\"https:\/\/dev6.erresse-shop.it\/\"},{\"@type\":\"ListItem\",\"position\":2,\"name\":\"Boutique\",\"item\":\"https:\/\/dev6.erresse-shop.it\/shop\/\"},{\"@type\":\"ListItem\",\"position\":3,\"name\":\"ZWILLING Thermoplongeur + Pochettes sous vide\"}]},{\"@type\":\"WebSite\",\"@id\":\"https:\/\/dev6.erresse-shop.it\/#website\",\"url\":\"https:\/\/dev6.erresse-shop.it\/\",\"name\":\"Erresse Shop\",\"description\":\"\",\"publisher\":{\"@id\":\"https:\/\/dev6.erresse-shop.it\/#organization\"},\"potentialAction\":[{\"@type\":\"SearchAction\",\"target\":{\"@type\":\"EntryPoint\",\"urlTemplate\":\"https:\/\/dev6.erresse-shop.it\/?s={search_term_string}\"},\"query-input\":{\"@type\":\"PropertyValueSpecification\",\"valueRequired\":true,\"valueName\":\"search_term_string\"}}],\"inLanguage\":\"fr-FR\"},{\"@type\":\"Organization\",\"@id\":\"https:\/\/dev6.erresse-shop.it\/#organization\",\"name\":\"Erresse Shop\",\"url\":\"https:\/\/dev6.erresse-shop.it\/\",\"logo\":{\"@type\":\"ImageObject\",\"inLanguage\":\"fr-FR\",\"@id\":\"https:\/\/dev6.erresse-shop.it\/#\/schema\/logo\/image\/\",\"url\":\"https:\/\/dev6.erresse-shop.it\/wp-content\/uploads\/2025\/01\/LOGO-ERRESSE-CLASSICO.svg\",\"contentUrl\":\"https:\/\/dev6.erresse-shop.it\/wp-content\/uploads\/2025\/01\/LOGO-ERRESSE-CLASSICO.svg\",\"caption\":\"Erresse Shop\"},\"image\":{\"@id\":\"https:\/\/dev6.erresse-shop.it\/#\/schema\/logo\/image\/\"}}]}<\/script>\n<!-- \/ Yoast SEO plugin. -->","yoast_head_json":{"title":"ZWILLING Thermoplongeur + Pochettes sous vide - dev6 Erresse","description":"ATTENTION : gratuit 9 sacs \u00e0 vide taille L (photo) Avec le thermoplongeur ZWILLING ENFINIGY jamais La cuisson sous vide n\u2019aura \u00e9t\u00e9 aussi facile. La","robots":{"index":"noindex","follow":"follow","max-snippet":"max-snippet:-1","max-image-preview":"max-image-preview:large","max-video-preview":"max-video-preview:-1"},"og_locale":"fr_FR","og_type":"article","og_title":"ZWILLING Thermoplongeur + Pochettes sous vide - dev6 Erresse","og_description":"ATTENTION : gratuit 9 sacs \u00e0 vide taille L (photo) Avec le thermoplongeur ZWILLING ENFINIGY jamais La cuisson sous vide n\u2019aura \u00e9t\u00e9 aussi facile. La","og_url":"https:\/\/dev6.erresse-shop.it\/fr\/shop\/cuisine\/couteaux\/accessoires\/zwilling-thermoplongeur-pochettes-sous-vide\/","og_site_name":"dev6 Erresse","og_image":[{"url":"https:\/\/interpim.erresse-shop.it\/img-catalogo\/zwilling\/zwilling-set-sacchetti-sottovuoto-1.jpg","type":"","width":"","height":""},{"url":"https:\/\/interpim.erresse-shop.it\/img-catalogo\/zwilling\/zwilling-set-sacchetti-sottovuoto-1.jpg","width":1024,"height":1024,"type":"image\/jpeg"}],"twitter_card":"summary_large_image","twitter_image":"https:\/\/interpim.erresse-shop.it\/img-catalogo\/zwilling\/zwilling-set-sacchetti-sottovuoto-1.jpg","schema":{"@context":"https:\/\/schema.org","@graph":[{"@type":"WebPage","@id":"https:\/\/dev6.erresse-shop.it\/fr\/shop\/cuisine\/couteaux\/accessoires\/zwilling-thermoplongeur-pochettes-sous-vide\/","url":"https:\/\/dev6.erresse-shop.it\/fr\/shop\/cuisine\/couteaux\/accessoires\/zwilling-thermoplongeur-pochettes-sous-vide\/","name":"ZWILLING Thermoplongeur + Pochettes sous vide - dev6 Erresse","isPartOf":{"@id":"https:\/\/dev6.erresse-shop.it\/#website"},"primaryImageOfPage":{"@id":"https:\/\/dev6.erresse-shop.it\/fr\/shop\/cuisine\/couteaux\/accessoires\/zwilling-thermoplongeur-pochettes-sous-vide\/#primaryimage"},"image":{"@id":"https:\/\/dev6.erresse-shop.it\/fr\/shop\/cuisine\/couteaux\/accessoires\/zwilling-thermoplongeur-pochettes-sous-vide\/#primaryimage"},"thumbnailUrl":"https:\/\/i1.wp.com\/interpim.erresse-shop.it\/img-catalogo\/zwilling\/zwilling-set-sacchetti-sottovuoto-1.jpg?ssl=1","datePublished":"2026-04-12T07:03:43+00:00","description":"ATTENTION : gratuit 9 sacs \u00e0 vide taille L (photo) Avec le thermoplongeur ZWILLING ENFINIGY jamais La cuisson sous vide n\u2019aura \u00e9t\u00e9 aussi facile. La","breadcrumb":{"@id":"https:\/\/dev6.erresse-shop.it\/fr\/shop\/cuisine\/couteaux\/accessoires\/zwilling-thermoplongeur-pochettes-sous-vide\/#breadcrumb"},"inLanguage":"fr-FR","potentialAction":[{"@type":"ReadAction","target":["https:\/\/dev6.erresse-shop.it\/fr\/shop\/cuisine\/couteaux\/accessoires\/zwilling-thermoplongeur-pochettes-sous-vide\/"]}]},{"@type":"ImageObject","inLanguage":"fr-FR","@id":"https:\/\/dev6.erresse-shop.it\/fr\/shop\/cuisine\/couteaux\/accessoires\/zwilling-thermoplongeur-pochettes-sous-vide\/#primaryimage","url":"https:\/\/i1.wp.com\/interpim.erresse-shop.it\/img-catalogo\/zwilling\/zwilling-set-sacchetti-sottovuoto-1.jpg?ssl=1","contentUrl":"https:\/\/i1.wp.com\/interpim.erresse-shop.it\/img-catalogo\/zwilling\/zwilling-set-sacchetti-sottovuoto-1.jpg?ssl=1"},{"@type":"BreadcrumbList","@id":"https:\/\/dev6.erresse-shop.it\/fr\/shop\/cuisine\/couteaux\/accessoires\/zwilling-thermoplongeur-pochettes-sous-vide\/#breadcrumb","itemListElement":[{"@type":"ListItem","position":1,"name":"Home","item":"https:\/\/dev6.erresse-shop.it\/"},{"@type":"ListItem","position":2,"name":"Boutique","item":"https:\/\/dev6.erresse-shop.it\/shop\/"},{"@type":"ListItem","position":3,"name":"ZWILLING Thermoplongeur + Pochettes sous vide"}]},{"@type":"WebSite","@id":"https:\/\/dev6.erresse-shop.it\/#website","url":"https:\/\/dev6.erresse-shop.it\/","name":"Erresse Shop","description":"","publisher":{"@id":"https:\/\/dev6.erresse-shop.it\/#organization"},"potentialAction":[{"@type":"SearchAction","target":{"@type":"EntryPoint","urlTemplate":"https:\/\/dev6.erresse-shop.it\/?s={search_term_string}"},"query-input":{"@type":"PropertyValueSpecification","valueRequired":true,"valueName":"search_term_string"}}],"inLanguage":"fr-FR"},{"@type":"Organization","@id":"https:\/\/dev6.erresse-shop.it\/#organization","name":"Erresse Shop","url":"https:\/\/dev6.erresse-shop.it\/","logo":{"@type":"ImageObject","inLanguage":"fr-FR","@id":"https:\/\/dev6.erresse-shop.it\/#\/schema\/logo\/image\/","url":"https:\/\/dev6.erresse-shop.it\/wp-content\/uploads\/2025\/01\/LOGO-ERRESSE-CLASSICO.svg","contentUrl":"https:\/\/dev6.erresse-shop.it\/wp-content\/uploads\/2025\/01\/LOGO-ERRESSE-CLASSICO.svg","caption":"Erresse Shop"},"image":{"@id":"https:\/\/dev6.erresse-shop.it\/#\/schema\/logo\/image\/"}}]}},"df_price":89.95,"df_sale_price":89.95,"df_regular_price":129,"df_image_link":"https:\/\/i1.wp.com\/interpim.erresse-shop.it\/img-catalogo\/zwilling\/zwilling-set-sacchetti-sottovuoto-1.jpg?resize=300,300&ssl=1","fifu_image_url":"https:\/\/interpim.erresse-shop.it\/img-catalogo\/zwilling\/zwilling-set-sacchetti-sottovuoto-1.jpg","_links":{"self":[{"href":"https:\/\/dev6.erresse-shop.it\/fr\/wp-json\/wp\/v2\/product\/60188","targetHints":{"allow":["GET"]}}],"collection":[{"href":"https:\/\/dev6.erresse-shop.it\/fr\/wp-json\/wp\/v2\/product"}],"about":[{"href":"https:\/\/dev6.erresse-shop.it\/fr\/wp-json\/wp\/v2\/types\/product"}],"wp:featuredmedia":[{"embeddable":true,"href":"https:\/\/dev6.erresse-shop.it\/fr\/wp-json\/wp\/v2\/media\/6356431"}],"wp:attachment":[{"href":"https:\/\/dev6.erresse-shop.it\/fr\/wp-json\/wp\/v2\/media?parent=60188"}],"wp:term":[{"taxonomy":"product_cat","embeddable":true,"href":"https:\/\/dev6.erresse-shop.it\/fr\/wp-json\/wp\/v2\/product_cat?post=60188"},{"taxonomy":"product_tag","embeddable":true,"href":"https:\/\/dev6.erresse-shop.it\/fr\/wp-json\/wp\/v2\/product_tag?post=60188"}],"curies":[{"name":"wp","href":"https:\/\/api.w.org\/{rel}","templated":true}]}}