{"id":60150,"date":"2026-04-04T09:00:59","date_gmt":"2026-04-04T07:00:59","guid":{"rendered":"https:\/\/dev6.erresse-shop.it\/shop\/non%20class\u00e9\/smeg-annees-50-mini-bouilloire-vert\/"},"modified":"2025-11-22T17:59:14","modified_gmt":"2025-11-22T16:59:14","slug":"smeg-annees-50-mini-bouilloire-vert","status":"publish","type":"product","link":"https:\/\/dev6.erresse-shop.it\/fr\/shop\/petits-electromenagers\/bouilloires-electriques\/smeg-annees-50-mini-bouilloire-vert\/","title":{"rendered":"SMEG Ann\u00e9es 50 Mini Bouilloire Vert"},"content":{"rendered":"<p>FORMAT COMPACT<br \/>\nSMEG propose une mini-bouilloire adapt\u00e9e aux personnes seules ou en couple. Son petit format a l\u2019avantage d\u2019\u00eatre plus l\u00e9ger et plus facilement maniable au quotidien. Elle permet \u00e9galement de ne pas chauffer une trop grande quantit\u00e9 d\u2019eau, r\u00e9duisant ainsi votre consommation d\u2019\u00e9nergie.<\/p>\n<p>UN ESPRIT POP<br \/>\nL\u2019\u00e2me pop de la bouilloire KLF05 se refl\u00e8te dans la vari\u00e9t\u00e9 des couleurs disponibles : des couleurs pastel comme le cr\u00e8me, le vert, le rose et le bleu et des nuances audacieuses comme le rouge, le noir et le blanc mettent en valeur la base chrom\u00e9e et les d\u00e9tails en acier inox du bec verseur et des commandes marche-arr\u00eat.<\/p>\n<p>FACILIT\u00c9 ET S\u00c9CURIT\u00c9<br \/>\nSmeg ne renonce pas au confort : la base pratique avec connexion \u00e0 360 degr\u00e9s facilite l\u2019utilisation et la base antid\u00e9rapante garantit un support stable. En outre, l\u2019ouverture manuelle avec un angle de 80 degr\u00e9s est con\u00e7ue pour remplir facilement la carafe.<br \/>\nRapide et fiable, la mini bouilloire Smeg KLF05 garantit une utilisation en toute s\u00e9curit\u00e9 : elle s\u2019\u00e9teint automatiquement lorsqu\u2019elle atteint le point d\u2019\u00e9bullition, ainsi qu\u2019en cas de manque d\u2019eau, ou si le corps se d\u00e9tache de la base.<\/p>\n<p>FILTRE ANTI-CALCAIRE<br \/>\nUn filtre en acier inox lavable est inclus dans la bouilloire afin de retenir le calcaire naturellement pr\u00e9sent dans l\u2019eau qui se d\u00e9pose au fil du temps.<\/p>\n<p>ESTH\u00c9TIQUE<br \/>\nCouleur: Vert d\u2019eau<br \/>\nFinition: Brillant<br \/>\nEsth\u00e9tique: Ann\u00e9es 50<br \/>\nCouleur du couvercle: Vert d\u2019Eau<br \/>\nCouleur de la base: Chrom\u00e9 brillant<br \/>\nCouleur de la poign\u00e9e: Chrom\u00e9<br \/>\nCouleur du bec verseur: Inox brillant<br \/>\nCouleur du c\u00e2ble: Gris<br \/>\nMat\u00e9riau interne du corps: Inox<br \/>\nMat\u00e9riau du corps: Plastique<br \/>\nMat\u00e9riau de la base: Plastique<br \/>\nMat\u00e9riau du couvercle: Plastique<br \/>\nMat\u00e9riau de la poign\u00e9e: Plastique<br \/>\nMat\u00e9riau du bec verseur: Inox<br \/>\nType de logo: Appliqu\u00e9<\/p>\n<p>COMMANDES<br \/>\nType de commandes: Levier<br \/>\nMat\u00e9riau du levier: Inox<\/p>\n<p>TECH<br \/>\nIndication niveau d\u2019eau: Oui<br \/>\nCouvercle \u00e0 ouverture progressive: Manuel<br \/>\nFiltre: Oui<br \/>\nMat\u00e9riau du filtre: Inox<br \/>\nArr\u00eat automatique: Oui, \u00e0 100\u00b0C<br \/>\nArr\u00eat automatique de s\u00e9curit\u00e9: Oui<br \/>\nEl\u00e9ments chauffants dissimul\u00e9s: Oui<br \/>\nRange-cordon int\u00e9gr\u00e9: Oui<br \/>\nBase antid\u00e9rapante: Oui<br \/>\nBase avec connexion \u00e0 360\u00b0: Oui<\/p>\n<p>RACCORDEMENT \u00c9LECTRIQUE<br \/>\nTension (V): 220-240 V<br \/>\nFr\u00e9quence (Hz): 50\/60 Hz<br \/>\nLongueur du c\u00e2ble d\u2019alimentation: 1 m<\/p>\n<p>Non vendable en dehors de l\u2019Europe<\/p>\n","protected":false},"excerpt":{"rendered":"<p>FORMAT COMPACT SMEG propose une mini-bouilloire adapt\u00e9e aux personnes seules ou en couple. Son petit format a l\u2019avantage d\u2019\u00eatre plus l\u00e9ger et plus facilement maniable au quotidien. Elle permet \u00e9galement de ne pas chauffer une trop grande quantit\u00e9 d\u2019eau, r\u00e9duisant ainsi votre consommation d\u2019\u00e9nergie. UN ESPRIT POP L\u2019\u00e2me pop de la bouilloire KLF05 se refl\u00e8te [&hellip;]<\/p>\n","protected":false},"featured_media":6272969,"template":"","meta":{"_acf_changed":false},"product_cat":[12058,12055],"product_tag":[],"class_list":{"0":"post-60150","1":"product","2":"type-product","3":"status-publish","4":"has-post-thumbnail","6":"product_cat-bouilloires-electriques","7":"product_cat-petits-electromenagers","9":"first","10":"outofstock","11":"taxable","12":"shipping-taxable","13":"purchasable","14":"product-type-simple","swatches":"rey-swatches","show_selected":"","stretch_labels":"rey-swatches--stretch-labels"},"acf":[],"yoast_head":"<!-- This site is optimized with the Yoast SEO plugin v25.4 - https:\/\/yoast.com\/wordpress\/plugins\/seo\/ -->\n<title>SMEG Ann\u00e9es 50 Mini Bouilloire Vert - dev6 Erresse<\/title>\n<meta name=\"description\" content=\"FORMAT COMPACT SMEG propose une mini-bouilloire adapt\u00e9e aux personnes seules ou en couple. Son petit format a l\u2019avantage d\u2019\u00eatre plus l\u00e9ger et plus\" \/>\n<meta name=\"robots\" content=\"noindex, follow, max-snippet:-1, max-image-preview:large, max-video-preview:-1\" \/>\n<meta property=\"og:locale\" content=\"fr_FR\" \/>\n<meta property=\"og:type\" content=\"article\" \/>\n<meta property=\"og:title\" content=\"SMEG Ann\u00e9es 50 Mini Bouilloire Vert - dev6 Erresse\" \/>\n<meta property=\"og:description\" content=\"FORMAT COMPACT SMEG propose une mini-bouilloire adapt\u00e9e aux personnes seules ou en couple. Son petit format a l\u2019avantage d\u2019\u00eatre plus l\u00e9ger et plus\" \/>\n<meta property=\"og:url\" content=\"https:\/\/dev6.erresse-shop.it\/fr\/shop\/petits-electromenagers\/bouilloires-electriques\/smeg-annees-50-mini-bouilloire-vert\/\" \/>\n<meta property=\"og:site_name\" content=\"dev6 Erresse\" \/>\n<meta property=\"og:image\" content=\"https:\/\/interpim.erresse-shop.it\/Import\/Prodotti\/smeg-anni-50-mini-bollitore-verde.jpg\" \/><meta property=\"og:image\" content=\"https:\/\/interpim.erresse-shop.it\/Import\/Prodotti\/smeg-anni-50-mini-bollitore-verde.jpg\" \/>\n\t<meta property=\"og:image:width\" content=\"1024\" \/>\n\t<meta property=\"og:image:height\" content=\"1024\" \/>\n\t<meta property=\"og:image:type\" content=\"image\/jpeg\" \/>\n<meta name=\"twitter:card\" content=\"summary_large_image\" \/>\n<meta name=\"twitter:image\" content=\"https:\/\/interpim.erresse-shop.it\/Import\/Prodotti\/smeg-anni-50-mini-bollitore-verde.jpg\" \/>\n<script type=\"application\/ld+json\" class=\"yoast-schema-graph\">{\"@context\":\"https:\/\/schema.org\",\"@graph\":[{\"@type\":\"WebPage\",\"@id\":\"https:\/\/dev6.erresse-shop.it\/fr\/shop\/petits-electromenagers\/bouilloires-electriques\/smeg-annees-50-mini-bouilloire-vert\/\",\"url\":\"https:\/\/dev6.erresse-shop.it\/fr\/shop\/petits-electromenagers\/bouilloires-electriques\/smeg-annees-50-mini-bouilloire-vert\/\",\"name\":\"SMEG Ann\u00e9es 50 Mini Bouilloire Vert - dev6 Erresse\",\"isPartOf\":{\"@id\":\"https:\/\/dev6.erresse-shop.it\/#website\"},\"primaryImageOfPage\":{\"@id\":\"https:\/\/dev6.erresse-shop.it\/fr\/shop\/petits-electromenagers\/bouilloires-electriques\/smeg-annees-50-mini-bouilloire-vert\/#primaryimage\"},\"image\":{\"@id\":\"https:\/\/dev6.erresse-shop.it\/fr\/shop\/petits-electromenagers\/bouilloires-electriques\/smeg-annees-50-mini-bouilloire-vert\/#primaryimage\"},\"thumbnailUrl\":\"https:\/\/i1.wp.com\/interpim.erresse-shop.it\/Import\/Prodotti\/smeg-anni-50-mini-bollitore-verde.jpg?ssl=1\",\"datePublished\":\"2026-04-04T07:00:59+00:00\",\"description\":\"FORMAT COMPACT SMEG propose une mini-bouilloire adapt\u00e9e aux personnes seules ou en couple. Son petit format a l\u2019avantage d\u2019\u00eatre plus l\u00e9ger et plus\",\"breadcrumb\":{\"@id\":\"https:\/\/dev6.erresse-shop.it\/fr\/shop\/petits-electromenagers\/bouilloires-electriques\/smeg-annees-50-mini-bouilloire-vert\/#breadcrumb\"},\"inLanguage\":\"fr-FR\",\"potentialAction\":[{\"@type\":\"ReadAction\",\"target\":[\"https:\/\/dev6.erresse-shop.it\/fr\/shop\/petits-electromenagers\/bouilloires-electriques\/smeg-annees-50-mini-bouilloire-vert\/\"]}]},{\"@type\":\"ImageObject\",\"inLanguage\":\"fr-FR\",\"@id\":\"https:\/\/dev6.erresse-shop.it\/fr\/shop\/petits-electromenagers\/bouilloires-electriques\/smeg-annees-50-mini-bouilloire-vert\/#primaryimage\",\"url\":\"https:\/\/i1.wp.com\/interpim.erresse-shop.it\/Import\/Prodotti\/smeg-anni-50-mini-bollitore-verde.jpg?ssl=1\",\"contentUrl\":\"https:\/\/i1.wp.com\/interpim.erresse-shop.it\/Import\/Prodotti\/smeg-anni-50-mini-bollitore-verde.jpg?ssl=1\"},{\"@type\":\"BreadcrumbList\",\"@id\":\"https:\/\/dev6.erresse-shop.it\/fr\/shop\/petits-electromenagers\/bouilloires-electriques\/smeg-annees-50-mini-bouilloire-vert\/#breadcrumb\",\"itemListElement\":[{\"@type\":\"ListItem\",\"position\":1,\"name\":\"Home\",\"item\":\"https:\/\/dev6.erresse-shop.it\/\"},{\"@type\":\"ListItem\",\"position\":2,\"name\":\"Boutique\",\"item\":\"https:\/\/dev6.erresse-shop.it\/shop\/\"},{\"@type\":\"ListItem\",\"position\":3,\"name\":\"SMEG Ann\u00e9es 50 Mini Bouilloire Vert\"}]},{\"@type\":\"WebSite\",\"@id\":\"https:\/\/dev6.erresse-shop.it\/#website\",\"url\":\"https:\/\/dev6.erresse-shop.it\/\",\"name\":\"Erresse Shop\",\"description\":\"\",\"publisher\":{\"@id\":\"https:\/\/dev6.erresse-shop.it\/#organization\"},\"potentialAction\":[{\"@type\":\"SearchAction\",\"target\":{\"@type\":\"EntryPoint\",\"urlTemplate\":\"https:\/\/dev6.erresse-shop.it\/?s={search_term_string}\"},\"query-input\":{\"@type\":\"PropertyValueSpecification\",\"valueRequired\":true,\"valueName\":\"search_term_string\"}}],\"inLanguage\":\"fr-FR\"},{\"@type\":\"Organization\",\"@id\":\"https:\/\/dev6.erresse-shop.it\/#organization\",\"name\":\"Erresse Shop\",\"url\":\"https:\/\/dev6.erresse-shop.it\/\",\"logo\":{\"@type\":\"ImageObject\",\"inLanguage\":\"fr-FR\",\"@id\":\"https:\/\/dev6.erresse-shop.it\/#\/schema\/logo\/image\/\",\"url\":\"https:\/\/dev6.erresse-shop.it\/wp-content\/uploads\/2025\/01\/LOGO-ERRESSE-CLASSICO.svg\",\"contentUrl\":\"https:\/\/dev6.erresse-shop.it\/wp-content\/uploads\/2025\/01\/LOGO-ERRESSE-CLASSICO.svg\",\"caption\":\"Erresse Shop\"},\"image\":{\"@id\":\"https:\/\/dev6.erresse-shop.it\/#\/schema\/logo\/image\/\"}}]}<\/script>\n<!-- \/ Yoast SEO plugin. -->","yoast_head_json":{"title":"SMEG Ann\u00e9es 50 Mini Bouilloire Vert - dev6 Erresse","description":"FORMAT COMPACT SMEG propose une mini-bouilloire adapt\u00e9e aux personnes seules ou en couple. Son petit format a l\u2019avantage d\u2019\u00eatre plus l\u00e9ger et plus","robots":{"index":"noindex","follow":"follow","max-snippet":"max-snippet:-1","max-image-preview":"max-image-preview:large","max-video-preview":"max-video-preview:-1"},"og_locale":"fr_FR","og_type":"article","og_title":"SMEG Ann\u00e9es 50 Mini Bouilloire Vert - dev6 Erresse","og_description":"FORMAT COMPACT SMEG propose une mini-bouilloire adapt\u00e9e aux personnes seules ou en couple. Son petit format a l\u2019avantage d\u2019\u00eatre plus l\u00e9ger et plus","og_url":"https:\/\/dev6.erresse-shop.it\/fr\/shop\/petits-electromenagers\/bouilloires-electriques\/smeg-annees-50-mini-bouilloire-vert\/","og_site_name":"dev6 Erresse","og_image":[{"url":"https:\/\/interpim.erresse-shop.it\/Import\/Prodotti\/smeg-anni-50-mini-bollitore-verde.jpg","type":"","width":"","height":""},{"url":"https:\/\/interpim.erresse-shop.it\/Import\/Prodotti\/smeg-anni-50-mini-bollitore-verde.jpg","width":1024,"height":1024,"type":"image\/jpeg"}],"twitter_card":"summary_large_image","twitter_image":"https:\/\/interpim.erresse-shop.it\/Import\/Prodotti\/smeg-anni-50-mini-bollitore-verde.jpg","schema":{"@context":"https:\/\/schema.org","@graph":[{"@type":"WebPage","@id":"https:\/\/dev6.erresse-shop.it\/fr\/shop\/petits-electromenagers\/bouilloires-electriques\/smeg-annees-50-mini-bouilloire-vert\/","url":"https:\/\/dev6.erresse-shop.it\/fr\/shop\/petits-electromenagers\/bouilloires-electriques\/smeg-annees-50-mini-bouilloire-vert\/","name":"SMEG Ann\u00e9es 50 Mini Bouilloire Vert - dev6 Erresse","isPartOf":{"@id":"https:\/\/dev6.erresse-shop.it\/#website"},"primaryImageOfPage":{"@id":"https:\/\/dev6.erresse-shop.it\/fr\/shop\/petits-electromenagers\/bouilloires-electriques\/smeg-annees-50-mini-bouilloire-vert\/#primaryimage"},"image":{"@id":"https:\/\/dev6.erresse-shop.it\/fr\/shop\/petits-electromenagers\/bouilloires-electriques\/smeg-annees-50-mini-bouilloire-vert\/#primaryimage"},"thumbnailUrl":"https:\/\/i1.wp.com\/interpim.erresse-shop.it\/Import\/Prodotti\/smeg-anni-50-mini-bollitore-verde.jpg?ssl=1","datePublished":"2026-04-04T07:00:59+00:00","description":"FORMAT COMPACT SMEG propose une mini-bouilloire adapt\u00e9e aux personnes seules ou en couple. Son petit format a l\u2019avantage d\u2019\u00eatre plus l\u00e9ger et plus","breadcrumb":{"@id":"https:\/\/dev6.erresse-shop.it\/fr\/shop\/petits-electromenagers\/bouilloires-electriques\/smeg-annees-50-mini-bouilloire-vert\/#breadcrumb"},"inLanguage":"fr-FR","potentialAction":[{"@type":"ReadAction","target":["https:\/\/dev6.erresse-shop.it\/fr\/shop\/petits-electromenagers\/bouilloires-electriques\/smeg-annees-50-mini-bouilloire-vert\/"]}]},{"@type":"ImageObject","inLanguage":"fr-FR","@id":"https:\/\/dev6.erresse-shop.it\/fr\/shop\/petits-electromenagers\/bouilloires-electriques\/smeg-annees-50-mini-bouilloire-vert\/#primaryimage","url":"https:\/\/i1.wp.com\/interpim.erresse-shop.it\/Import\/Prodotti\/smeg-anni-50-mini-bollitore-verde.jpg?ssl=1","contentUrl":"https:\/\/i1.wp.com\/interpim.erresse-shop.it\/Import\/Prodotti\/smeg-anni-50-mini-bollitore-verde.jpg?ssl=1"},{"@type":"BreadcrumbList","@id":"https:\/\/dev6.erresse-shop.it\/fr\/shop\/petits-electromenagers\/bouilloires-electriques\/smeg-annees-50-mini-bouilloire-vert\/#breadcrumb","itemListElement":[{"@type":"ListItem","position":1,"name":"Home","item":"https:\/\/dev6.erresse-shop.it\/"},{"@type":"ListItem","position":2,"name":"Boutique","item":"https:\/\/dev6.erresse-shop.it\/shop\/"},{"@type":"ListItem","position":3,"name":"SMEG Ann\u00e9es 50 Mini Bouilloire Vert"}]},{"@type":"WebSite","@id":"https:\/\/dev6.erresse-shop.it\/#website","url":"https:\/\/dev6.erresse-shop.it\/","name":"Erresse Shop","description":"","publisher":{"@id":"https:\/\/dev6.erresse-shop.it\/#organization"},"potentialAction":[{"@type":"SearchAction","target":{"@type":"EntryPoint","urlTemplate":"https:\/\/dev6.erresse-shop.it\/?s={search_term_string}"},"query-input":{"@type":"PropertyValueSpecification","valueRequired":true,"valueName":"search_term_string"}}],"inLanguage":"fr-FR"},{"@type":"Organization","@id":"https:\/\/dev6.erresse-shop.it\/#organization","name":"Erresse Shop","url":"https:\/\/dev6.erresse-shop.it\/","logo":{"@type":"ImageObject","inLanguage":"fr-FR","@id":"https:\/\/dev6.erresse-shop.it\/#\/schema\/logo\/image\/","url":"https:\/\/dev6.erresse-shop.it\/wp-content\/uploads\/2025\/01\/LOGO-ERRESSE-CLASSICO.svg","contentUrl":"https:\/\/dev6.erresse-shop.it\/wp-content\/uploads\/2025\/01\/LOGO-ERRESSE-CLASSICO.svg","caption":"Erresse Shop"},"image":{"@id":"https:\/\/dev6.erresse-shop.it\/#\/schema\/logo\/image\/"}}]}},"df_price":129,"df_sale_price":"","df_regular_price":129,"df_image_link":"https:\/\/i1.wp.com\/interpim.erresse-shop.it\/Import\/Prodotti\/smeg-anni-50-mini-bollitore-verde.jpg?resize=300,300&ssl=1","fifu_image_url":"https:\/\/interpim.erresse-shop.it\/Import\/Prodotti\/smeg-anni-50-mini-bollitore-verde.jpg","_links":{"self":[{"href":"https:\/\/dev6.erresse-shop.it\/fr\/wp-json\/wp\/v2\/product\/60150","targetHints":{"allow":["GET"]}}],"collection":[{"href":"https:\/\/dev6.erresse-shop.it\/fr\/wp-json\/wp\/v2\/product"}],"about":[{"href":"https:\/\/dev6.erresse-shop.it\/fr\/wp-json\/wp\/v2\/types\/product"}],"wp:featuredmedia":[{"embeddable":true,"href":"https:\/\/dev6.erresse-shop.it\/fr\/wp-json\/wp\/v2\/media\/6272969"}],"wp:attachment":[{"href":"https:\/\/dev6.erresse-shop.it\/fr\/wp-json\/wp\/v2\/media?parent=60150"}],"wp:term":[{"taxonomy":"product_cat","embeddable":true,"href":"https:\/\/dev6.erresse-shop.it\/fr\/wp-json\/wp\/v2\/product_cat?post=60150"},{"taxonomy":"product_tag","embeddable":true,"href":"https:\/\/dev6.erresse-shop.it\/fr\/wp-json\/wp\/v2\/product_tag?post=60150"}],"curies":[{"name":"wp","href":"https:\/\/api.w.org\/{rel}","templated":true}]}}