{"id":60148,"date":"2026-04-12T09:02:32","date_gmt":"2026-04-12T07:02:32","guid":{"rendered":"https:\/\/dev6.erresse-shop.it\/shop\/non%20class\u00e9\/smeg-dolce-e-gabbana-grille-pain-4-tranches\/"},"modified":"2025-09-14T04:33:46","modified_gmt":"2025-09-14T02:33:46","slug":"smeg-dolce-e-gabbana-grille-pain-4-tranches","status":"publish","type":"product","link":"https:\/\/dev6.erresse-shop.it\/fr\/shop\/petits-electromenagers\/grille-pains\/smeg-dolce-e-gabbana-grille-pain-4-tranches\/","title":{"rendered":"SMEG Dolce e Gabbana Grille-Pain 4 Tranches"},"content":{"rendered":"<p>PROGRAMMES PR\u00c9\u00c9TABLIS<br \/>\nFonction chauffage pour r\u00e9chauffer les toasts ou les tranches de pain ou pour poursuivre le grillage si le r\u00e9sultat n\u2019est pas satisfaisant, d\u00e9cong\u00e9lation pour d\u00e9congeler le pain que l\u2019on veut griller imm\u00e9diatement, bagel pour dorer seulement un c\u00f4t\u00e9 du pain sans griller l\u2019autre, id\u00e9al pour les tranches \u00e0 tartiner.<\/p>\n<p>FENTES LARGES<br \/>\nLe centrage automatique des tranches de pain dans les grands compartiments permet un brunissement parfaitement uniforme. Une fois le temps de grillage s\u00e9lectionn\u00e9 \u00e9coul\u00e9, les tranches sont automatiquement \u00e9ject\u00e9es pour \u00eatre retir\u00e9es en toute s\u00e9curit\u00e9.<\/p>\n<p>ACCESSOIRES OPTION OPTION OPTION OPTION PRATIQUE<br \/>\nPince \u00e0 sandwichs pour faciliter la cuisson du pain avec la garniture souhait\u00e9e et grille \u00e0 sandwichs pour r\u00e9chauffer les sandwichs, les petits pains ou les brioches et les servir chauds, directement \u00e0 table.<\/p>\n<p>ESTH\u00c9TIQUE<br \/>\nCouleur: D\u00e9cor\u00e9e \/ Sp\u00e9ciale<br \/>\nD\u00e9coration \/ Couleur sp\u00e9ciale: Sicily is my love<br \/>\nFinition: Brillant<br \/>\nEsth\u00e9tique: Ann\u00e9es 50<br \/>\nS\u00e9rie: Sicily is my love<br \/>\nCollaborations: Smeg &amp; Dolce&amp;Gabbana<br \/>\nCouleur de la base: Chrom\u00e9 brillant<br \/>\nCouleur du top: Chrom\u00e9 brillant<br \/>\nMat\u00e9riau du corps: Inox<br \/>\nMat\u00e9riau de la base: Plastique<br \/>\nMat\u00e9riau du top: Inox<\/p>\n<p>PROGRAMMES \/ FONCTIONS<br \/>\nNombre de niveaux de brunissement: 6<br \/>\nFonction r\u00e9chauffage: Oui<br \/>\nFonction d\u00e9cong\u00e9lation: Oui<br \/>\nFonction bagel: Oui<\/p>\n<p>COMMANDES<br \/>\nType de commandes: Levier, Touches, Manette<br \/>\nMat\u00e9riau du levier: Inox<br \/>\nMat\u00e9riau de la manette: Plastique<br \/>\nMat\u00e9riau des touches: Plastique<\/p>\n<p>TECH<br \/>\nActivation du cycle: Levier de contr\u00f4le<br \/>\nActivation des fonctions: Touches r\u00e9tro-\u00e9clair\u00e9es<br \/>\nR\u00e9glage niveau de brunissement: Manette r\u00e9tro-\u00e9clair\u00e9e<br \/>\nLargeur des fentes: 36 mm<br \/>\nEjection automatique en fin de cuisson: Oui<br \/>\nSignal sonore fin de cuisson: No<br \/>\nTiroir ramasse-miettes: Oui<br \/>\nMat\u00e9riau du tiroir: Inox brillant<br \/>\nBase antid\u00e9rapante: Oui<br \/>\nRange-cordon int\u00e9gr\u00e9: Oui<\/p>\n<p>RACCORDEMENT \u00c9LECTRIQUE<br \/>\nPuissance: 1500 W<br \/>\nTension (V): 220-240 V<br \/>\nFr\u00e9quence (Hz): 50\/60 Hz<br \/>\nLongueur du c\u00e2ble d\u2019alimentation: 1 m<\/p>\n<p>Non vendable en dehors de l\u2019Europe<\/p>\n","protected":false},"excerpt":{"rendered":"<p>PROGRAMMES PR\u00c9\u00c9TABLIS Fonction chauffage pour r\u00e9chauffer les toasts ou les tranches de pain ou pour poursuivre le grillage si le r\u00e9sultat n\u2019est pas satisfaisant, d\u00e9cong\u00e9lation pour d\u00e9congeler le pain que l\u2019on veut griller imm\u00e9diatement, bagel pour dorer seulement un c\u00f4t\u00e9 du pain sans griller l\u2019autre, id\u00e9al pour les tranches \u00e0 tartiner. FENTES LARGES Le centrage [&hellip;]<\/p>\n","protected":false},"featured_media":6356243,"template":"","meta":{"_acf_changed":false},"product_cat":[12068,12055],"product_tag":[],"class_list":{"0":"post-60148","1":"product","2":"type-product","3":"status-publish","4":"has-post-thumbnail","6":"product_cat-grille-pains","7":"product_cat-petits-electromenagers","9":"first","10":"outofstock","11":"sale","12":"taxable","13":"shipping-taxable","14":"purchasable","15":"product-type-simple","swatches":"rey-swatches","show_selected":"","stretch_labels":"rey-swatches--stretch-labels"},"acf":[],"yoast_head":"<!-- This site is optimized with the Yoast SEO plugin v25.4 - https:\/\/yoast.com\/wordpress\/plugins\/seo\/ -->\n<title>SMEG Dolce e Gabbana Grille-Pain 4 Tranches - dev6 Erresse<\/title>\n<meta name=\"description\" content=\"PROGRAMMES PR\u00c9\u00c9TABLIS Fonction chauffage pour r\u00e9chauffer les toasts ou les tranches de pain ou pour poursuivre le grillage si le r\u00e9sultat n\u2019est pas\" \/>\n<meta name=\"robots\" content=\"noindex, follow, max-snippet:-1, max-image-preview:large, max-video-preview:-1\" \/>\n<meta property=\"og:locale\" content=\"fr_FR\" \/>\n<meta property=\"og:type\" content=\"article\" \/>\n<meta property=\"og:title\" content=\"SMEG Dolce e Gabbana Grille-Pain 4 Tranches - dev6 Erresse\" \/>\n<meta property=\"og:description\" content=\"PROGRAMMES PR\u00c9\u00c9TABLIS Fonction chauffage pour r\u00e9chauffer les toasts ou les tranches de pain ou pour poursuivre le grillage si le r\u00e9sultat n\u2019est pas\" \/>\n<meta property=\"og:url\" content=\"https:\/\/dev6.erresse-shop.it\/fr\/shop\/petits-electromenagers\/grille-pains\/smeg-dolce-e-gabbana-grille-pain-4-tranches\/\" \/>\n<meta property=\"og:site_name\" content=\"dev6 Erresse\" \/>\n<meta property=\"og:image\" content=\"https:\/\/interpim.erresse-shop.it\/wp-content\/uploads\/2022\/07\/SMEG-Dolce-e-Gabbana-Tostapane-4-Fette.jpg\/smeg-dolce-e-gabbana-tostapane-4-fette.jpg\" \/><meta property=\"og:image\" content=\"https:\/\/interpim.erresse-shop.it\/wp-content\/uploads\/2022\/07\/SMEG-Dolce-e-Gabbana-Tostapane-4-Fette.jpg\/smeg-dolce-e-gabbana-tostapane-4-fette.jpg\" \/>\n\t<meta property=\"og:image:width\" content=\"1024\" \/>\n\t<meta property=\"og:image:height\" content=\"1024\" \/>\n\t<meta property=\"og:image:type\" content=\"image\/jpeg\" \/>\n<meta name=\"twitter:card\" content=\"summary_large_image\" \/>\n<meta name=\"twitter:image\" content=\"https:\/\/interpim.erresse-shop.it\/wp-content\/uploads\/2022\/07\/SMEG-Dolce-e-Gabbana-Tostapane-4-Fette.jpg\/smeg-dolce-e-gabbana-tostapane-4-fette.jpg\" \/>\n<script type=\"application\/ld+json\" class=\"yoast-schema-graph\">{\"@context\":\"https:\/\/schema.org\",\"@graph\":[{\"@type\":\"WebPage\",\"@id\":\"https:\/\/dev6.erresse-shop.it\/fr\/shop\/petits-electromenagers\/grille-pains\/smeg-dolce-e-gabbana-grille-pain-4-tranches\/\",\"url\":\"https:\/\/dev6.erresse-shop.it\/fr\/shop\/petits-electromenagers\/grille-pains\/smeg-dolce-e-gabbana-grille-pain-4-tranches\/\",\"name\":\"SMEG Dolce e Gabbana Grille-Pain 4 Tranches - dev6 Erresse\",\"isPartOf\":{\"@id\":\"https:\/\/dev6.erresse-shop.it\/#website\"},\"primaryImageOfPage\":{\"@id\":\"https:\/\/dev6.erresse-shop.it\/fr\/shop\/petits-electromenagers\/grille-pains\/smeg-dolce-e-gabbana-grille-pain-4-tranches\/#primaryimage\"},\"image\":{\"@id\":\"https:\/\/dev6.erresse-shop.it\/fr\/shop\/petits-electromenagers\/grille-pains\/smeg-dolce-e-gabbana-grille-pain-4-tranches\/#primaryimage\"},\"thumbnailUrl\":\"https:\/\/i3.wp.com\/interpim.erresse-shop.it\/wp-content\/uploads\/2022\/07\/SMEG-Dolce-e-Gabbana-Tostapane-4-Fette.jpg\/smeg-dolce-e-gabbana-tostapane-4-fette.jpg?ssl=1\",\"datePublished\":\"2026-04-12T07:02:32+00:00\",\"description\":\"PROGRAMMES PR\u00c9\u00c9TABLIS Fonction chauffage pour r\u00e9chauffer les toasts ou les tranches de pain ou pour poursuivre le grillage si le r\u00e9sultat n\u2019est pas\",\"breadcrumb\":{\"@id\":\"https:\/\/dev6.erresse-shop.it\/fr\/shop\/petits-electromenagers\/grille-pains\/smeg-dolce-e-gabbana-grille-pain-4-tranches\/#breadcrumb\"},\"inLanguage\":\"fr-FR\",\"potentialAction\":[{\"@type\":\"ReadAction\",\"target\":[\"https:\/\/dev6.erresse-shop.it\/fr\/shop\/petits-electromenagers\/grille-pains\/smeg-dolce-e-gabbana-grille-pain-4-tranches\/\"]}]},{\"@type\":\"ImageObject\",\"inLanguage\":\"fr-FR\",\"@id\":\"https:\/\/dev6.erresse-shop.it\/fr\/shop\/petits-electromenagers\/grille-pains\/smeg-dolce-e-gabbana-grille-pain-4-tranches\/#primaryimage\",\"url\":\"https:\/\/i3.wp.com\/interpim.erresse-shop.it\/wp-content\/uploads\/2022\/07\/SMEG-Dolce-e-Gabbana-Tostapane-4-Fette.jpg\/smeg-dolce-e-gabbana-tostapane-4-fette.jpg?ssl=1\",\"contentUrl\":\"https:\/\/i3.wp.com\/interpim.erresse-shop.it\/wp-content\/uploads\/2022\/07\/SMEG-Dolce-e-Gabbana-Tostapane-4-Fette.jpg\/smeg-dolce-e-gabbana-tostapane-4-fette.jpg?ssl=1\"},{\"@type\":\"BreadcrumbList\",\"@id\":\"https:\/\/dev6.erresse-shop.it\/fr\/shop\/petits-electromenagers\/grille-pains\/smeg-dolce-e-gabbana-grille-pain-4-tranches\/#breadcrumb\",\"itemListElement\":[{\"@type\":\"ListItem\",\"position\":1,\"name\":\"Home\",\"item\":\"https:\/\/dev6.erresse-shop.it\/\"},{\"@type\":\"ListItem\",\"position\":2,\"name\":\"Boutique\",\"item\":\"https:\/\/dev6.erresse-shop.it\/shop\/\"},{\"@type\":\"ListItem\",\"position\":3,\"name\":\"SMEG Dolce e Gabbana Grille-Pain 4 Tranches\"}]},{\"@type\":\"WebSite\",\"@id\":\"https:\/\/dev6.erresse-shop.it\/#website\",\"url\":\"https:\/\/dev6.erresse-shop.it\/\",\"name\":\"Erresse Shop\",\"description\":\"\",\"publisher\":{\"@id\":\"https:\/\/dev6.erresse-shop.it\/#organization\"},\"potentialAction\":[{\"@type\":\"SearchAction\",\"target\":{\"@type\":\"EntryPoint\",\"urlTemplate\":\"https:\/\/dev6.erresse-shop.it\/?s={search_term_string}\"},\"query-input\":{\"@type\":\"PropertyValueSpecification\",\"valueRequired\":true,\"valueName\":\"search_term_string\"}}],\"inLanguage\":\"fr-FR\"},{\"@type\":\"Organization\",\"@id\":\"https:\/\/dev6.erresse-shop.it\/#organization\",\"name\":\"Erresse Shop\",\"url\":\"https:\/\/dev6.erresse-shop.it\/\",\"logo\":{\"@type\":\"ImageObject\",\"inLanguage\":\"fr-FR\",\"@id\":\"https:\/\/dev6.erresse-shop.it\/#\/schema\/logo\/image\/\",\"url\":\"https:\/\/dev6.erresse-shop.it\/wp-content\/uploads\/2025\/01\/LOGO-ERRESSE-CLASSICO.svg\",\"contentUrl\":\"https:\/\/dev6.erresse-shop.it\/wp-content\/uploads\/2025\/01\/LOGO-ERRESSE-CLASSICO.svg\",\"caption\":\"Erresse Shop\"},\"image\":{\"@id\":\"https:\/\/dev6.erresse-shop.it\/#\/schema\/logo\/image\/\"}}]}<\/script>\n<!-- \/ Yoast SEO plugin. -->","yoast_head_json":{"title":"SMEG Dolce e Gabbana Grille-Pain 4 Tranches - dev6 Erresse","description":"PROGRAMMES PR\u00c9\u00c9TABLIS Fonction chauffage pour r\u00e9chauffer les toasts ou les tranches de pain ou pour poursuivre le grillage si le r\u00e9sultat n\u2019est pas","robots":{"index":"noindex","follow":"follow","max-snippet":"max-snippet:-1","max-image-preview":"max-image-preview:large","max-video-preview":"max-video-preview:-1"},"og_locale":"fr_FR","og_type":"article","og_title":"SMEG Dolce e Gabbana Grille-Pain 4 Tranches - dev6 Erresse","og_description":"PROGRAMMES PR\u00c9\u00c9TABLIS Fonction chauffage pour r\u00e9chauffer les toasts ou les tranches de pain ou pour poursuivre le grillage si le r\u00e9sultat n\u2019est pas","og_url":"https:\/\/dev6.erresse-shop.it\/fr\/shop\/petits-electromenagers\/grille-pains\/smeg-dolce-e-gabbana-grille-pain-4-tranches\/","og_site_name":"dev6 Erresse","og_image":[{"url":"https:\/\/interpim.erresse-shop.it\/wp-content\/uploads\/2022\/07\/SMEG-Dolce-e-Gabbana-Tostapane-4-Fette.jpg\/smeg-dolce-e-gabbana-tostapane-4-fette.jpg","type":"","width":"","height":""},{"url":"https:\/\/interpim.erresse-shop.it\/wp-content\/uploads\/2022\/07\/SMEG-Dolce-e-Gabbana-Tostapane-4-Fette.jpg\/smeg-dolce-e-gabbana-tostapane-4-fette.jpg","width":1024,"height":1024,"type":"image\/jpeg"}],"twitter_card":"summary_large_image","twitter_image":"https:\/\/interpim.erresse-shop.it\/wp-content\/uploads\/2022\/07\/SMEG-Dolce-e-Gabbana-Tostapane-4-Fette.jpg\/smeg-dolce-e-gabbana-tostapane-4-fette.jpg","schema":{"@context":"https:\/\/schema.org","@graph":[{"@type":"WebPage","@id":"https:\/\/dev6.erresse-shop.it\/fr\/shop\/petits-electromenagers\/grille-pains\/smeg-dolce-e-gabbana-grille-pain-4-tranches\/","url":"https:\/\/dev6.erresse-shop.it\/fr\/shop\/petits-electromenagers\/grille-pains\/smeg-dolce-e-gabbana-grille-pain-4-tranches\/","name":"SMEG Dolce e Gabbana Grille-Pain 4 Tranches - dev6 Erresse","isPartOf":{"@id":"https:\/\/dev6.erresse-shop.it\/#website"},"primaryImageOfPage":{"@id":"https:\/\/dev6.erresse-shop.it\/fr\/shop\/petits-electromenagers\/grille-pains\/smeg-dolce-e-gabbana-grille-pain-4-tranches\/#primaryimage"},"image":{"@id":"https:\/\/dev6.erresse-shop.it\/fr\/shop\/petits-electromenagers\/grille-pains\/smeg-dolce-e-gabbana-grille-pain-4-tranches\/#primaryimage"},"thumbnailUrl":"https:\/\/i3.wp.com\/interpim.erresse-shop.it\/wp-content\/uploads\/2022\/07\/SMEG-Dolce-e-Gabbana-Tostapane-4-Fette.jpg\/smeg-dolce-e-gabbana-tostapane-4-fette.jpg?ssl=1","datePublished":"2026-04-12T07:02:32+00:00","description":"PROGRAMMES PR\u00c9\u00c9TABLIS Fonction chauffage pour r\u00e9chauffer les toasts ou les tranches de pain ou pour poursuivre le grillage si le r\u00e9sultat n\u2019est pas","breadcrumb":{"@id":"https:\/\/dev6.erresse-shop.it\/fr\/shop\/petits-electromenagers\/grille-pains\/smeg-dolce-e-gabbana-grille-pain-4-tranches\/#breadcrumb"},"inLanguage":"fr-FR","potentialAction":[{"@type":"ReadAction","target":["https:\/\/dev6.erresse-shop.it\/fr\/shop\/petits-electromenagers\/grille-pains\/smeg-dolce-e-gabbana-grille-pain-4-tranches\/"]}]},{"@type":"ImageObject","inLanguage":"fr-FR","@id":"https:\/\/dev6.erresse-shop.it\/fr\/shop\/petits-electromenagers\/grille-pains\/smeg-dolce-e-gabbana-grille-pain-4-tranches\/#primaryimage","url":"https:\/\/i3.wp.com\/interpim.erresse-shop.it\/wp-content\/uploads\/2022\/07\/SMEG-Dolce-e-Gabbana-Tostapane-4-Fette.jpg\/smeg-dolce-e-gabbana-tostapane-4-fette.jpg?ssl=1","contentUrl":"https:\/\/i3.wp.com\/interpim.erresse-shop.it\/wp-content\/uploads\/2022\/07\/SMEG-Dolce-e-Gabbana-Tostapane-4-Fette.jpg\/smeg-dolce-e-gabbana-tostapane-4-fette.jpg?ssl=1"},{"@type":"BreadcrumbList","@id":"https:\/\/dev6.erresse-shop.it\/fr\/shop\/petits-electromenagers\/grille-pains\/smeg-dolce-e-gabbana-grille-pain-4-tranches\/#breadcrumb","itemListElement":[{"@type":"ListItem","position":1,"name":"Home","item":"https:\/\/dev6.erresse-shop.it\/"},{"@type":"ListItem","position":2,"name":"Boutique","item":"https:\/\/dev6.erresse-shop.it\/shop\/"},{"@type":"ListItem","position":3,"name":"SMEG Dolce e Gabbana Grille-Pain 4 Tranches"}]},{"@type":"WebSite","@id":"https:\/\/dev6.erresse-shop.it\/#website","url":"https:\/\/dev6.erresse-shop.it\/","name":"Erresse Shop","description":"","publisher":{"@id":"https:\/\/dev6.erresse-shop.it\/#organization"},"potentialAction":[{"@type":"SearchAction","target":{"@type":"EntryPoint","urlTemplate":"https:\/\/dev6.erresse-shop.it\/?s={search_term_string}"},"query-input":{"@type":"PropertyValueSpecification","valueRequired":true,"valueName":"search_term_string"}}],"inLanguage":"fr-FR"},{"@type":"Organization","@id":"https:\/\/dev6.erresse-shop.it\/#organization","name":"Erresse Shop","url":"https:\/\/dev6.erresse-shop.it\/","logo":{"@type":"ImageObject","inLanguage":"fr-FR","@id":"https:\/\/dev6.erresse-shop.it\/#\/schema\/logo\/image\/","url":"https:\/\/dev6.erresse-shop.it\/wp-content\/uploads\/2025\/01\/LOGO-ERRESSE-CLASSICO.svg","contentUrl":"https:\/\/dev6.erresse-shop.it\/wp-content\/uploads\/2025\/01\/LOGO-ERRESSE-CLASSICO.svg","caption":"Erresse Shop"},"image":{"@id":"https:\/\/dev6.erresse-shop.it\/#\/schema\/logo\/image\/"}}]}},"df_price":549.95,"df_sale_price":549.95,"df_regular_price":599.9,"df_image_link":"https:\/\/i3.wp.com\/interpim.erresse-shop.it\/wp-content\/uploads\/2022\/07\/SMEG-Dolce-e-Gabbana-Tostapane-4-Fette.jpg\/smeg-dolce-e-gabbana-tostapane-4-fette.jpg?resize=300,300&ssl=1","fifu_image_url":"https:\/\/interpim.erresse-shop.it\/wp-content\/uploads\/2022\/07\/SMEG-Dolce-e-Gabbana-Tostapane-4-Fette.jpg\/smeg-dolce-e-gabbana-tostapane-4-fette.jpg","_links":{"self":[{"href":"https:\/\/dev6.erresse-shop.it\/fr\/wp-json\/wp\/v2\/product\/60148","targetHints":{"allow":["GET"]}}],"collection":[{"href":"https:\/\/dev6.erresse-shop.it\/fr\/wp-json\/wp\/v2\/product"}],"about":[{"href":"https:\/\/dev6.erresse-shop.it\/fr\/wp-json\/wp\/v2\/types\/product"}],"wp:featuredmedia":[{"embeddable":true,"href":"https:\/\/dev6.erresse-shop.it\/fr\/wp-json\/wp\/v2\/media\/6356243"}],"wp:attachment":[{"href":"https:\/\/dev6.erresse-shop.it\/fr\/wp-json\/wp\/v2\/media?parent=60148"}],"wp:term":[{"taxonomy":"product_cat","embeddable":true,"href":"https:\/\/dev6.erresse-shop.it\/fr\/wp-json\/wp\/v2\/product_cat?post=60148"},{"taxonomy":"product_tag","embeddable":true,"href":"https:\/\/dev6.erresse-shop.it\/fr\/wp-json\/wp\/v2\/product_tag?post=60148"}],"curies":[{"name":"wp","href":"https:\/\/api.w.org\/{rel}","templated":true}]}}