{"id":60130,"date":"2026-04-12T09:01:23","date_gmt":"2026-04-12T07:01:23","guid":{"rendered":"https:\/\/dev6.erresse-shop.it\/shop\/non%20class\u00e9\/smeg-annees-50-robot-sur-socle-blanc\/"},"modified":"2025-07-04T16:29:02","modified_gmt":"2025-07-04T14:29:02","slug":"smeg-annees-50-robot-sur-socle-blanc","status":"publish","type":"product","link":"https:\/\/dev6.erresse-shop.it\/fr\/shop\/petits-electromenagers\/petrins\/smeg-annees-50-robot-sur-socle-blanc\/","title":{"rendered":"SMEG Ann\u00e9es 50 Robot Sur Socle Blanc"},"content":{"rendered":"<p>ESTH\u00c9TIQUE<br \/>\nEsth\u00e9tique: Ann\u00e9es 50<br \/>\nCouleur: Blanc<br \/>\nCouleur du cache frontal: Chrom\u00e9<br \/>\nMat\u00e9riau du cache frontal: Plastique<br \/>\nMat\u00e9riau du corps: Aluminium coul\u00e9<br \/>\nCouleur de la base: Blanc<br \/>\nMat\u00e9riau de la base: Aluminium coul\u00e9<br \/>\nMat\u00e9riau du bol: Verre<br \/>\nType de logo: Appliqu\u00e9<\/p>\n<p>COMMANDES<br \/>\nType de commandes: Levier<br \/>\nMat\u00e9riau du levier: Inox<\/p>\n<p>PROGRAMMES \/ FONCTIONS<br \/>\nVitesses: 10<br \/>\nMise en marche progressive: Oui<\/p>\n<p>CARACT\u00c9RISTIQUES TECHNIQUES<br \/>\nMouvement: Plan\u00e9taire<br \/>\nContr\u00f4le de vitesse: Electronique<br \/>\nType de moteur: A transmission directe<br \/>\nPuissance du moteur: 800 W<br \/>\nS\u00e9curit\u00e9 blocage moteur: Oui<br \/>\nProtection surcharge moteur: Oui<br \/>\nSortie moteur frontale pour accessoires: Frontal<br \/>\nModalit\u00e9 de basculement de la t\u00eate: Bouton<br \/>\nCapacit\u00e9 du bol: 4,8 L<br \/>\nPoign\u00e9e du bol: Oui<br \/>\nPieds antid\u00e9rapants: Oui<br \/>\nCouleur du c\u00e2ble d\u2019alimentation: Gris<\/p>\n<p>CAPACIT\u00c9<br \/>\nMaximum Blanc d\u2019\u0153uf: 12<br \/>\nMinumum Blanc d\u2019\u0153uf: 3<br \/>\nMaximum P\u00e2te pour tarte: 2 Kg<br \/>\nMaximum p\u00e2te \u00e0 g\u00e2teaux: 2,6 Kg<br \/>\nMaximum P\u00e2te pour pain, pizza, p\u00e2tes: 1,8 kg de p\u00e2te au total (maximum 1,2 kg de farine)<br \/>\nMaximum Pr\u00e9paration pour p\u00e2tes aux \u0153ufs: 500 g p\u00e2te au total avec 3 \u0153ufs (taille moyenne 53-63g)<br \/>\nMaximum Cr\u00e8me fouett\u00e9e: 1 l<br \/>\nMinimum Cr\u00e8me fouett\u00e9e: 100 ml<\/p>\n<p>RACCORDEMENT \u00c9LECTRIQUE<br \/>\nTension (V): 220-240 V<br \/>\nFr\u00e9quence (Hz): 50 Hz<br \/>\nType de prise: Schuko<br \/>\nLongueur du c\u00e2ble: 1 m<\/p>\n<p>INFORMATIONS LOGISTIQUES<br \/>\nDimensions externes (H x L x P): 378 (490 t\u00eate relev\u00e9e) x 402 x 221 mm<br \/>\nPoids net: 11.000 kg<br \/>\nPoids brut (kg): 13.420 kg<br \/>\nLargeur du produit emball\u00e9 (mm): 460 mm<br \/>\nProfondeur du produit emball\u00e9 (mm): 340 mm<br \/>\nHauteur du produit emball\u00e9 (mm): 460 mm<\/p>\n<p>ACCESSOIRES FOURNIS<br \/>\nBatteur avec bords flexibles: Oui<br \/>\nFouet \u00e0 fils: Oui<br \/>\nBatteur plat: Oui<br \/>\nCrochet p\u00e9trisseur lavable au lave-vaisselle: Oui<br \/>\nBol: Oui<\/p>\n<p>Not for sale outside from Europe<\/p>\n","protected":false},"excerpt":{"rendered":"<p>ESTH\u00c9TIQUE Esth\u00e9tique: Ann\u00e9es 50 Couleur: Blanc Couleur du cache frontal: Chrom\u00e9 Mat\u00e9riau du cache frontal: Plastique Mat\u00e9riau du corps: Aluminium coul\u00e9 Couleur de la base: Blanc Mat\u00e9riau de la base: Aluminium coul\u00e9 Mat\u00e9riau du bol: Verre Type de logo: Appliqu\u00e9 COMMANDES Type de commandes: Levier Mat\u00e9riau du levier: Inox PROGRAMMES \/ FONCTIONS Vitesses: 10 Mise [&hellip;]<\/p>\n","protected":false},"featured_media":6356130,"template":"","meta":{"_acf_changed":false},"product_cat":[12055,12088],"product_tag":[],"class_list":{"0":"post-60130","1":"product","2":"type-product","3":"status-publish","4":"has-post-thumbnail","6":"product_cat-petits-electromenagers","7":"product_cat-petrins","9":"first","10":"outofstock","11":"sale","12":"taxable","13":"shipping-taxable","14":"purchasable","15":"product-type-simple","swatches":"rey-swatches","show_selected":"","stretch_labels":"rey-swatches--stretch-labels"},"acf":[],"yoast_head":"<!-- This site is optimized with the Yoast SEO plugin v25.4 - https:\/\/yoast.com\/wordpress\/plugins\/seo\/ -->\n<title>SMEG Ann\u00e9es 50 Robot Sur Socle Blanc - dev6 Erresse<\/title>\n<meta name=\"description\" content=\"ESTH\u00c9TIQUE Esth\u00e9tique: Ann\u00e9es 50 Couleur: Blanc Couleur du cache frontal: Chrom\u00e9 Mat\u00e9riau du cache frontal: Plastique Mat\u00e9riau du corps: Aluminium coul\u00e9\" \/>\n<meta name=\"robots\" content=\"noindex, follow, max-snippet:-1, max-image-preview:large, max-video-preview:-1\" \/>\n<meta property=\"og:locale\" content=\"fr_FR\" \/>\n<meta property=\"og:type\" content=\"article\" \/>\n<meta property=\"og:title\" content=\"SMEG Ann\u00e9es 50 Robot Sur Socle Blanc - dev6 Erresse\" \/>\n<meta property=\"og:description\" content=\"ESTH\u00c9TIQUE Esth\u00e9tique: Ann\u00e9es 50 Couleur: Blanc Couleur du cache frontal: Chrom\u00e9 Mat\u00e9riau du cache frontal: Plastique Mat\u00e9riau du corps: Aluminium coul\u00e9\" \/>\n<meta property=\"og:url\" content=\"https:\/\/dev6.erresse-shop.it\/fr\/shop\/petits-electromenagers\/petrins\/smeg-annees-50-robot-sur-socle-blanc\/\" \/>\n<meta property=\"og:site_name\" content=\"dev6 Erresse\" \/>\n<meta property=\"og:image\" content=\"https:\/\/interpim.erresse-shop.it\/img-catalogo\/smeg\/smeg-estetica-anni-50-impastatrice-smf03-bianco.png\" \/><meta property=\"og:image\" content=\"https:\/\/interpim.erresse-shop.it\/img-catalogo\/smeg\/smeg-estetica-anni-50-impastatrice-smf03-bianco.png\" \/>\n\t<meta property=\"og:image:width\" content=\"1024\" \/>\n\t<meta property=\"og:image:height\" content=\"1024\" \/>\n\t<meta property=\"og:image:type\" content=\"image\/jpeg\" \/>\n<meta name=\"twitter:card\" content=\"summary_large_image\" \/>\n<meta name=\"twitter:image\" content=\"https:\/\/interpim.erresse-shop.it\/img-catalogo\/smeg\/smeg-estetica-anni-50-impastatrice-smf03-bianco.png\" \/>\n<script type=\"application\/ld+json\" class=\"yoast-schema-graph\">{\"@context\":\"https:\/\/schema.org\",\"@graph\":[{\"@type\":\"WebPage\",\"@id\":\"https:\/\/dev6.erresse-shop.it\/fr\/shop\/petits-electromenagers\/petrins\/smeg-annees-50-robot-sur-socle-blanc\/\",\"url\":\"https:\/\/dev6.erresse-shop.it\/fr\/shop\/petits-electromenagers\/petrins\/smeg-annees-50-robot-sur-socle-blanc\/\",\"name\":\"SMEG Ann\u00e9es 50 Robot Sur Socle Blanc - dev6 Erresse\",\"isPartOf\":{\"@id\":\"https:\/\/dev6.erresse-shop.it\/#website\"},\"primaryImageOfPage\":{\"@id\":\"https:\/\/dev6.erresse-shop.it\/fr\/shop\/petits-electromenagers\/petrins\/smeg-annees-50-robot-sur-socle-blanc\/#primaryimage\"},\"image\":{\"@id\":\"https:\/\/dev6.erresse-shop.it\/fr\/shop\/petits-electromenagers\/petrins\/smeg-annees-50-robot-sur-socle-blanc\/#primaryimage\"},\"thumbnailUrl\":\"https:\/\/i0.wp.com\/interpim.erresse-shop.it\/img-catalogo\/smeg\/smeg-estetica-anni-50-impastatrice-smf03-bianco.png?ssl=1\",\"datePublished\":\"2026-04-12T07:01:23+00:00\",\"description\":\"ESTH\u00c9TIQUE Esth\u00e9tique: Ann\u00e9es 50 Couleur: Blanc Couleur du cache frontal: Chrom\u00e9 Mat\u00e9riau du cache frontal: Plastique Mat\u00e9riau du corps: Aluminium coul\u00e9\",\"breadcrumb\":{\"@id\":\"https:\/\/dev6.erresse-shop.it\/fr\/shop\/petits-electromenagers\/petrins\/smeg-annees-50-robot-sur-socle-blanc\/#breadcrumb\"},\"inLanguage\":\"fr-FR\",\"potentialAction\":[{\"@type\":\"ReadAction\",\"target\":[\"https:\/\/dev6.erresse-shop.it\/fr\/shop\/petits-electromenagers\/petrins\/smeg-annees-50-robot-sur-socle-blanc\/\"]}]},{\"@type\":\"ImageObject\",\"inLanguage\":\"fr-FR\",\"@id\":\"https:\/\/dev6.erresse-shop.it\/fr\/shop\/petits-electromenagers\/petrins\/smeg-annees-50-robot-sur-socle-blanc\/#primaryimage\",\"url\":\"https:\/\/i0.wp.com\/interpim.erresse-shop.it\/img-catalogo\/smeg\/smeg-estetica-anni-50-impastatrice-smf03-bianco.png?ssl=1\",\"contentUrl\":\"https:\/\/i0.wp.com\/interpim.erresse-shop.it\/img-catalogo\/smeg\/smeg-estetica-anni-50-impastatrice-smf03-bianco.png?ssl=1\"},{\"@type\":\"BreadcrumbList\",\"@id\":\"https:\/\/dev6.erresse-shop.it\/fr\/shop\/petits-electromenagers\/petrins\/smeg-annees-50-robot-sur-socle-blanc\/#breadcrumb\",\"itemListElement\":[{\"@type\":\"ListItem\",\"position\":1,\"name\":\"Home\",\"item\":\"https:\/\/dev6.erresse-shop.it\/\"},{\"@type\":\"ListItem\",\"position\":2,\"name\":\"Boutique\",\"item\":\"https:\/\/dev6.erresse-shop.it\/shop\/\"},{\"@type\":\"ListItem\",\"position\":3,\"name\":\"SMEG Ann\u00e9es 50 Robot Sur Socle Blanc\"}]},{\"@type\":\"WebSite\",\"@id\":\"https:\/\/dev6.erresse-shop.it\/#website\",\"url\":\"https:\/\/dev6.erresse-shop.it\/\",\"name\":\"Erresse Shop\",\"description\":\"\",\"publisher\":{\"@id\":\"https:\/\/dev6.erresse-shop.it\/#organization\"},\"potentialAction\":[{\"@type\":\"SearchAction\",\"target\":{\"@type\":\"EntryPoint\",\"urlTemplate\":\"https:\/\/dev6.erresse-shop.it\/?s={search_term_string}\"},\"query-input\":{\"@type\":\"PropertyValueSpecification\",\"valueRequired\":true,\"valueName\":\"search_term_string\"}}],\"inLanguage\":\"fr-FR\"},{\"@type\":\"Organization\",\"@id\":\"https:\/\/dev6.erresse-shop.it\/#organization\",\"name\":\"Erresse Shop\",\"url\":\"https:\/\/dev6.erresse-shop.it\/\",\"logo\":{\"@type\":\"ImageObject\",\"inLanguage\":\"fr-FR\",\"@id\":\"https:\/\/dev6.erresse-shop.it\/#\/schema\/logo\/image\/\",\"url\":\"https:\/\/dev6.erresse-shop.it\/wp-content\/uploads\/2025\/01\/LOGO-ERRESSE-CLASSICO.svg\",\"contentUrl\":\"https:\/\/dev6.erresse-shop.it\/wp-content\/uploads\/2025\/01\/LOGO-ERRESSE-CLASSICO.svg\",\"caption\":\"Erresse Shop\"},\"image\":{\"@id\":\"https:\/\/dev6.erresse-shop.it\/#\/schema\/logo\/image\/\"}}]}<\/script>\n<!-- \/ Yoast SEO plugin. -->","yoast_head_json":{"title":"SMEG Ann\u00e9es 50 Robot Sur Socle Blanc - dev6 Erresse","description":"ESTH\u00c9TIQUE Esth\u00e9tique: Ann\u00e9es 50 Couleur: Blanc Couleur du cache frontal: Chrom\u00e9 Mat\u00e9riau du cache frontal: Plastique Mat\u00e9riau du corps: Aluminium coul\u00e9","robots":{"index":"noindex","follow":"follow","max-snippet":"max-snippet:-1","max-image-preview":"max-image-preview:large","max-video-preview":"max-video-preview:-1"},"og_locale":"fr_FR","og_type":"article","og_title":"SMEG Ann\u00e9es 50 Robot Sur Socle Blanc - dev6 Erresse","og_description":"ESTH\u00c9TIQUE Esth\u00e9tique: Ann\u00e9es 50 Couleur: Blanc Couleur du cache frontal: Chrom\u00e9 Mat\u00e9riau du cache frontal: Plastique Mat\u00e9riau du corps: Aluminium coul\u00e9","og_url":"https:\/\/dev6.erresse-shop.it\/fr\/shop\/petits-electromenagers\/petrins\/smeg-annees-50-robot-sur-socle-blanc\/","og_site_name":"dev6 Erresse","og_image":[{"url":"https:\/\/interpim.erresse-shop.it\/img-catalogo\/smeg\/smeg-estetica-anni-50-impastatrice-smf03-bianco.png","type":"","width":"","height":""},{"url":"https:\/\/interpim.erresse-shop.it\/img-catalogo\/smeg\/smeg-estetica-anni-50-impastatrice-smf03-bianco.png","width":1024,"height":1024,"type":"image\/jpeg"}],"twitter_card":"summary_large_image","twitter_image":"https:\/\/interpim.erresse-shop.it\/img-catalogo\/smeg\/smeg-estetica-anni-50-impastatrice-smf03-bianco.png","schema":{"@context":"https:\/\/schema.org","@graph":[{"@type":"WebPage","@id":"https:\/\/dev6.erresse-shop.it\/fr\/shop\/petits-electromenagers\/petrins\/smeg-annees-50-robot-sur-socle-blanc\/","url":"https:\/\/dev6.erresse-shop.it\/fr\/shop\/petits-electromenagers\/petrins\/smeg-annees-50-robot-sur-socle-blanc\/","name":"SMEG Ann\u00e9es 50 Robot Sur Socle Blanc - dev6 Erresse","isPartOf":{"@id":"https:\/\/dev6.erresse-shop.it\/#website"},"primaryImageOfPage":{"@id":"https:\/\/dev6.erresse-shop.it\/fr\/shop\/petits-electromenagers\/petrins\/smeg-annees-50-robot-sur-socle-blanc\/#primaryimage"},"image":{"@id":"https:\/\/dev6.erresse-shop.it\/fr\/shop\/petits-electromenagers\/petrins\/smeg-annees-50-robot-sur-socle-blanc\/#primaryimage"},"thumbnailUrl":"https:\/\/i0.wp.com\/interpim.erresse-shop.it\/img-catalogo\/smeg\/smeg-estetica-anni-50-impastatrice-smf03-bianco.png?ssl=1","datePublished":"2026-04-12T07:01:23+00:00","description":"ESTH\u00c9TIQUE Esth\u00e9tique: Ann\u00e9es 50 Couleur: Blanc Couleur du cache frontal: Chrom\u00e9 Mat\u00e9riau du cache frontal: Plastique Mat\u00e9riau du corps: Aluminium coul\u00e9","breadcrumb":{"@id":"https:\/\/dev6.erresse-shop.it\/fr\/shop\/petits-electromenagers\/petrins\/smeg-annees-50-robot-sur-socle-blanc\/#breadcrumb"},"inLanguage":"fr-FR","potentialAction":[{"@type":"ReadAction","target":["https:\/\/dev6.erresse-shop.it\/fr\/shop\/petits-electromenagers\/petrins\/smeg-annees-50-robot-sur-socle-blanc\/"]}]},{"@type":"ImageObject","inLanguage":"fr-FR","@id":"https:\/\/dev6.erresse-shop.it\/fr\/shop\/petits-electromenagers\/petrins\/smeg-annees-50-robot-sur-socle-blanc\/#primaryimage","url":"https:\/\/i0.wp.com\/interpim.erresse-shop.it\/img-catalogo\/smeg\/smeg-estetica-anni-50-impastatrice-smf03-bianco.png?ssl=1","contentUrl":"https:\/\/i0.wp.com\/interpim.erresse-shop.it\/img-catalogo\/smeg\/smeg-estetica-anni-50-impastatrice-smf03-bianco.png?ssl=1"},{"@type":"BreadcrumbList","@id":"https:\/\/dev6.erresse-shop.it\/fr\/shop\/petits-electromenagers\/petrins\/smeg-annees-50-robot-sur-socle-blanc\/#breadcrumb","itemListElement":[{"@type":"ListItem","position":1,"name":"Home","item":"https:\/\/dev6.erresse-shop.it\/"},{"@type":"ListItem","position":2,"name":"Boutique","item":"https:\/\/dev6.erresse-shop.it\/shop\/"},{"@type":"ListItem","position":3,"name":"SMEG Ann\u00e9es 50 Robot Sur Socle Blanc"}]},{"@type":"WebSite","@id":"https:\/\/dev6.erresse-shop.it\/#website","url":"https:\/\/dev6.erresse-shop.it\/","name":"Erresse Shop","description":"","publisher":{"@id":"https:\/\/dev6.erresse-shop.it\/#organization"},"potentialAction":[{"@type":"SearchAction","target":{"@type":"EntryPoint","urlTemplate":"https:\/\/dev6.erresse-shop.it\/?s={search_term_string}"},"query-input":{"@type":"PropertyValueSpecification","valueRequired":true,"valueName":"search_term_string"}}],"inLanguage":"fr-FR"},{"@type":"Organization","@id":"https:\/\/dev6.erresse-shop.it\/#organization","name":"Erresse Shop","url":"https:\/\/dev6.erresse-shop.it\/","logo":{"@type":"ImageObject","inLanguage":"fr-FR","@id":"https:\/\/dev6.erresse-shop.it\/#\/schema\/logo\/image\/","url":"https:\/\/dev6.erresse-shop.it\/wp-content\/uploads\/2025\/01\/LOGO-ERRESSE-CLASSICO.svg","contentUrl":"https:\/\/dev6.erresse-shop.it\/wp-content\/uploads\/2025\/01\/LOGO-ERRESSE-CLASSICO.svg","caption":"Erresse Shop"},"image":{"@id":"https:\/\/dev6.erresse-shop.it\/#\/schema\/logo\/image\/"}}]}},"df_price":529,"df_sale_price":529,"df_regular_price":579,"df_image_link":"https:\/\/i0.wp.com\/interpim.erresse-shop.it\/img-catalogo\/smeg\/smeg-estetica-anni-50-impastatrice-smf03-bianco.png?resize=300,300&ssl=1","fifu_image_url":"https:\/\/interpim.erresse-shop.it\/img-catalogo\/smeg\/smeg-estetica-anni-50-impastatrice-smf03-bianco.png","_links":{"self":[{"href":"https:\/\/dev6.erresse-shop.it\/fr\/wp-json\/wp\/v2\/product\/60130","targetHints":{"allow":["GET"]}}],"collection":[{"href":"https:\/\/dev6.erresse-shop.it\/fr\/wp-json\/wp\/v2\/product"}],"about":[{"href":"https:\/\/dev6.erresse-shop.it\/fr\/wp-json\/wp\/v2\/types\/product"}],"wp:featuredmedia":[{"embeddable":true,"href":"https:\/\/dev6.erresse-shop.it\/fr\/wp-json\/wp\/v2\/media\/6356130"}],"wp:attachment":[{"href":"https:\/\/dev6.erresse-shop.it\/fr\/wp-json\/wp\/v2\/media?parent=60130"}],"wp:term":[{"taxonomy":"product_cat","embeddable":true,"href":"https:\/\/dev6.erresse-shop.it\/fr\/wp-json\/wp\/v2\/product_cat?post=60130"},{"taxonomy":"product_tag","embeddable":true,"href":"https:\/\/dev6.erresse-shop.it\/fr\/wp-json\/wp\/v2\/product_tag?post=60130"}],"curies":[{"name":"wp","href":"https:\/\/api.w.org\/{rel}","templated":true}]}}