{"id":60094,"date":"2026-04-12T09:01:23","date_gmt":"2026-04-12T07:01:23","guid":{"rendered":"https:\/\/dev6.erresse-shop.it\/shop\/non%20class\u00e9\/carlo-moretti-verre-quato-cristal-de-murano-rouge\/"},"modified":"2025-09-14T04:32:58","modified_gmt":"2025-09-14T02:32:58","slug":"carlo-moretti-verre-quato-cristal-de-murano-rouge","status":"publish","type":"product","link":"https:\/\/dev6.erresse-shop.it\/fr\/shop\/table-fr-2\/verres\/carlo-moretti-verre-quato-cristal-de-murano-rouge\/","title":{"rendered":"CARLO MORETTI Verre Quato Cristal de Murano Rouge"},"content":{"rendered":"<p>Verres \u00e0 section ovale irr\u00e9guli\u00e8re, inclin\u00e9e, en cristal de Murano, souffl\u00e9s \u00e0 la bouche et finis \u00e0 la main dans diff\u00e9rents motifs d\u00e9coratifs appliqu\u00e9s \u00e0 chaud : festons, taches, bandes, anneaux et spirales color\u00e9s, feuilles d\u2019or et d\u2019argent, couleurs transparentes et en p\u00e2te. Ils sont sign\u00e9s et dat\u00e9s.<\/p>\n<p>La puret\u00e9 de la forme rencontre la couleur dans les lunettes QuaTo. Carlo Moretti, en interpr\u00e9tant les possibilit\u00e9s expressives infinies du verre, cr\u00e9e une collection de verres en style mix and match, pour \u00e9gayer la table avec diff\u00e9rentes couleurs et textures. Souffl\u00e9 \u00e0 la bouche et fini \u00e0 la main.<\/p>\n<p>Verre et cristal de Murano : des \u00e9l\u00e9ments de valeur enti\u00e8rement italiens qui trouvent leur expression maximale dans les pr\u00e9cieuses collections sign\u00e9es par Carlo Moretti, une entreprise bas\u00e9e parmi les petites \u00eeles qui composent Murano. Le prestige de cette entreprise de Murano est d\u00fb \u00e0 la grande ma\u00eetrise de l\u2019utilisation du verre et du cristal, ce dernier ayant une plus grande r\u00e9sistance gr\u00e2ce \u00e0 l\u2019ajout de plomb dans le m\u00e9lange.<\/p>\n<p>Verre de Murano travaill\u00e9 et peint enti\u00e8rement \u00e0 la main. Chaque pi\u00e8ce est donc unique et inimitable.<br \/>\nCommandez d\u2019autres verres Carlo Moretti pour une collection unique.<br \/>\nQuantit\u00e9 : 1 verre<\/p>\n","protected":false},"excerpt":{"rendered":"<p>Verres \u00e0 section ovale irr\u00e9guli\u00e8re, inclin\u00e9e, en cristal de Murano, souffl\u00e9s \u00e0 la bouche et finis \u00e0 la main dans diff\u00e9rents motifs d\u00e9coratifs appliqu\u00e9s \u00e0 chaud : festons, taches, bandes, anneaux et spirales color\u00e9s, feuilles d\u2019or et d\u2019argent, couleurs transparentes et en p\u00e2te. Ils sont sign\u00e9s et dat\u00e9s. La puret\u00e9 de la forme rencontre la [&hellip;]<\/p>\n","protected":false},"featured_media":6356026,"template":"","meta":{"_acf_changed":false},"product_cat":[11995,11671,12009],"product_tag":[],"class_list":{"0":"post-60094","1":"product","2":"type-product","3":"status-publish","4":"has-post-thumbnail","6":"product_cat-table-fr-2","7":"product_cat-tavola","8":"product_cat-verres","10":"first","11":"outofstock","12":"sale","13":"taxable","14":"shipping-taxable","15":"purchasable","16":"product-type-simple","swatches":"rey-swatches","show_selected":"","stretch_labels":"rey-swatches--stretch-labels"},"acf":[],"yoast_head":"<!-- This site is optimized with the Yoast SEO plugin v25.4 - https:\/\/yoast.com\/wordpress\/plugins\/seo\/ -->\n<title>CARLO MORETTI Verre Quato Cristal de Murano Rouge - dev6 Erresse<\/title>\n<meta name=\"description\" content=\"Verres \u00e0 section ovale irr\u00e9guli\u00e8re, inclin\u00e9e, en cristal de Murano, souffl\u00e9s \u00e0 la bouche et finis \u00e0 la main dans diff\u00e9rents motifs d\u00e9coratifs appliqu\u00e9s \u00e0\" \/>\n<meta name=\"robots\" content=\"noindex, follow, max-snippet:-1, max-image-preview:large, max-video-preview:-1\" \/>\n<meta property=\"og:locale\" content=\"fr_FR\" \/>\n<meta property=\"og:type\" content=\"article\" \/>\n<meta property=\"og:title\" content=\"CARLO MORETTI Verre Quato Cristal de Murano Rouge - dev6 Erresse\" \/>\n<meta property=\"og:description\" content=\"Verres \u00e0 section ovale irr\u00e9guli\u00e8re, inclin\u00e9e, en cristal de Murano, souffl\u00e9s \u00e0 la bouche et finis \u00e0 la main dans diff\u00e9rents motifs d\u00e9coratifs appliqu\u00e9s \u00e0\" \/>\n<meta property=\"og:url\" content=\"https:\/\/dev6.erresse-shop.it\/fr\/shop\/table-fr-2\/verres\/carlo-moretti-verre-quato-cristal-de-murano-rouge\/\" \/>\n<meta property=\"og:site_name\" content=\"dev6 Erresse\" \/>\n<meta property=\"og:image\" content=\"https:\/\/interpim.erresse-shop.it\/Import\/Prodotti\/402.095.300.jpg\" \/><meta property=\"og:image\" content=\"https:\/\/interpim.erresse-shop.it\/Import\/Prodotti\/402.095.300.jpg\" \/>\n\t<meta property=\"og:image:width\" content=\"1024\" \/>\n\t<meta property=\"og:image:height\" content=\"1024\" \/>\n\t<meta property=\"og:image:type\" content=\"image\/jpeg\" \/>\n<meta name=\"twitter:card\" content=\"summary_large_image\" \/>\n<meta name=\"twitter:image\" content=\"https:\/\/interpim.erresse-shop.it\/Import\/Prodotti\/402.095.300.jpg\" \/>\n<script type=\"application\/ld+json\" class=\"yoast-schema-graph\">{\"@context\":\"https:\/\/schema.org\",\"@graph\":[{\"@type\":\"WebPage\",\"@id\":\"https:\/\/dev6.erresse-shop.it\/fr\/shop\/table-fr-2\/verres\/carlo-moretti-verre-quato-cristal-de-murano-rouge\/\",\"url\":\"https:\/\/dev6.erresse-shop.it\/fr\/shop\/table-fr-2\/verres\/carlo-moretti-verre-quato-cristal-de-murano-rouge\/\",\"name\":\"CARLO MORETTI Verre Quato Cristal de Murano Rouge - dev6 Erresse\",\"isPartOf\":{\"@id\":\"https:\/\/dev6.erresse-shop.it\/#website\"},\"primaryImageOfPage\":{\"@id\":\"https:\/\/dev6.erresse-shop.it\/fr\/shop\/table-fr-2\/verres\/carlo-moretti-verre-quato-cristal-de-murano-rouge\/#primaryimage\"},\"image\":{\"@id\":\"https:\/\/dev6.erresse-shop.it\/fr\/shop\/table-fr-2\/verres\/carlo-moretti-verre-quato-cristal-de-murano-rouge\/#primaryimage\"},\"thumbnailUrl\":\"https:\/\/i3.wp.com\/interpim.erresse-shop.it\/Import\/Prodotti\/402.095.300.jpg?ssl=1\",\"datePublished\":\"2026-04-12T07:01:23+00:00\",\"description\":\"Verres \u00e0 section ovale irr\u00e9guli\u00e8re, inclin\u00e9e, en cristal de Murano, souffl\u00e9s \u00e0 la bouche et finis \u00e0 la main dans diff\u00e9rents motifs d\u00e9coratifs appliqu\u00e9s \u00e0\",\"breadcrumb\":{\"@id\":\"https:\/\/dev6.erresse-shop.it\/fr\/shop\/table-fr-2\/verres\/carlo-moretti-verre-quato-cristal-de-murano-rouge\/#breadcrumb\"},\"inLanguage\":\"fr-FR\",\"potentialAction\":[{\"@type\":\"ReadAction\",\"target\":[\"https:\/\/dev6.erresse-shop.it\/fr\/shop\/table-fr-2\/verres\/carlo-moretti-verre-quato-cristal-de-murano-rouge\/\"]}]},{\"@type\":\"ImageObject\",\"inLanguage\":\"fr-FR\",\"@id\":\"https:\/\/dev6.erresse-shop.it\/fr\/shop\/table-fr-2\/verres\/carlo-moretti-verre-quato-cristal-de-murano-rouge\/#primaryimage\",\"url\":\"https:\/\/i3.wp.com\/interpim.erresse-shop.it\/Import\/Prodotti\/402.095.300.jpg?ssl=1\",\"contentUrl\":\"https:\/\/i3.wp.com\/interpim.erresse-shop.it\/Import\/Prodotti\/402.095.300.jpg?ssl=1\"},{\"@type\":\"BreadcrumbList\",\"@id\":\"https:\/\/dev6.erresse-shop.it\/fr\/shop\/table-fr-2\/verres\/carlo-moretti-verre-quato-cristal-de-murano-rouge\/#breadcrumb\",\"itemListElement\":[{\"@type\":\"ListItem\",\"position\":1,\"name\":\"Home\",\"item\":\"https:\/\/dev6.erresse-shop.it\/\"},{\"@type\":\"ListItem\",\"position\":2,\"name\":\"Boutique\",\"item\":\"https:\/\/dev6.erresse-shop.it\/shop\/\"},{\"@type\":\"ListItem\",\"position\":3,\"name\":\"CARLO MORETTI Verre Quato Cristal de Murano Rouge\"}]},{\"@type\":\"WebSite\",\"@id\":\"https:\/\/dev6.erresse-shop.it\/#website\",\"url\":\"https:\/\/dev6.erresse-shop.it\/\",\"name\":\"Erresse Shop\",\"description\":\"\",\"publisher\":{\"@id\":\"https:\/\/dev6.erresse-shop.it\/#organization\"},\"potentialAction\":[{\"@type\":\"SearchAction\",\"target\":{\"@type\":\"EntryPoint\",\"urlTemplate\":\"https:\/\/dev6.erresse-shop.it\/?s={search_term_string}\"},\"query-input\":{\"@type\":\"PropertyValueSpecification\",\"valueRequired\":true,\"valueName\":\"search_term_string\"}}],\"inLanguage\":\"fr-FR\"},{\"@type\":\"Organization\",\"@id\":\"https:\/\/dev6.erresse-shop.it\/#organization\",\"name\":\"Erresse Shop\",\"url\":\"https:\/\/dev6.erresse-shop.it\/\",\"logo\":{\"@type\":\"ImageObject\",\"inLanguage\":\"fr-FR\",\"@id\":\"https:\/\/dev6.erresse-shop.it\/#\/schema\/logo\/image\/\",\"url\":\"https:\/\/dev6.erresse-shop.it\/wp-content\/uploads\/2025\/01\/LOGO-ERRESSE-CLASSICO.svg\",\"contentUrl\":\"https:\/\/dev6.erresse-shop.it\/wp-content\/uploads\/2025\/01\/LOGO-ERRESSE-CLASSICO.svg\",\"caption\":\"Erresse Shop\"},\"image\":{\"@id\":\"https:\/\/dev6.erresse-shop.it\/#\/schema\/logo\/image\/\"}}]}<\/script>\n<!-- \/ Yoast SEO plugin. -->","yoast_head_json":{"title":"CARLO MORETTI Verre Quato Cristal de Murano Rouge - dev6 Erresse","description":"Verres \u00e0 section ovale irr\u00e9guli\u00e8re, inclin\u00e9e, en cristal de Murano, souffl\u00e9s \u00e0 la bouche et finis \u00e0 la main dans diff\u00e9rents motifs d\u00e9coratifs appliqu\u00e9s \u00e0","robots":{"index":"noindex","follow":"follow","max-snippet":"max-snippet:-1","max-image-preview":"max-image-preview:large","max-video-preview":"max-video-preview:-1"},"og_locale":"fr_FR","og_type":"article","og_title":"CARLO MORETTI Verre Quato Cristal de Murano Rouge - dev6 Erresse","og_description":"Verres \u00e0 section ovale irr\u00e9guli\u00e8re, inclin\u00e9e, en cristal de Murano, souffl\u00e9s \u00e0 la bouche et finis \u00e0 la main dans diff\u00e9rents motifs d\u00e9coratifs appliqu\u00e9s \u00e0","og_url":"https:\/\/dev6.erresse-shop.it\/fr\/shop\/table-fr-2\/verres\/carlo-moretti-verre-quato-cristal-de-murano-rouge\/","og_site_name":"dev6 Erresse","og_image":[{"url":"https:\/\/interpim.erresse-shop.it\/Import\/Prodotti\/402.095.300.jpg","type":"","width":"","height":""},{"url":"https:\/\/interpim.erresse-shop.it\/Import\/Prodotti\/402.095.300.jpg","width":1024,"height":1024,"type":"image\/jpeg"}],"twitter_card":"summary_large_image","twitter_image":"https:\/\/interpim.erresse-shop.it\/Import\/Prodotti\/402.095.300.jpg","schema":{"@context":"https:\/\/schema.org","@graph":[{"@type":"WebPage","@id":"https:\/\/dev6.erresse-shop.it\/fr\/shop\/table-fr-2\/verres\/carlo-moretti-verre-quato-cristal-de-murano-rouge\/","url":"https:\/\/dev6.erresse-shop.it\/fr\/shop\/table-fr-2\/verres\/carlo-moretti-verre-quato-cristal-de-murano-rouge\/","name":"CARLO MORETTI Verre Quato Cristal de Murano Rouge - dev6 Erresse","isPartOf":{"@id":"https:\/\/dev6.erresse-shop.it\/#website"},"primaryImageOfPage":{"@id":"https:\/\/dev6.erresse-shop.it\/fr\/shop\/table-fr-2\/verres\/carlo-moretti-verre-quato-cristal-de-murano-rouge\/#primaryimage"},"image":{"@id":"https:\/\/dev6.erresse-shop.it\/fr\/shop\/table-fr-2\/verres\/carlo-moretti-verre-quato-cristal-de-murano-rouge\/#primaryimage"},"thumbnailUrl":"https:\/\/i3.wp.com\/interpim.erresse-shop.it\/Import\/Prodotti\/402.095.300.jpg?ssl=1","datePublished":"2026-04-12T07:01:23+00:00","description":"Verres \u00e0 section ovale irr\u00e9guli\u00e8re, inclin\u00e9e, en cristal de Murano, souffl\u00e9s \u00e0 la bouche et finis \u00e0 la main dans diff\u00e9rents motifs d\u00e9coratifs appliqu\u00e9s \u00e0","breadcrumb":{"@id":"https:\/\/dev6.erresse-shop.it\/fr\/shop\/table-fr-2\/verres\/carlo-moretti-verre-quato-cristal-de-murano-rouge\/#breadcrumb"},"inLanguage":"fr-FR","potentialAction":[{"@type":"ReadAction","target":["https:\/\/dev6.erresse-shop.it\/fr\/shop\/table-fr-2\/verres\/carlo-moretti-verre-quato-cristal-de-murano-rouge\/"]}]},{"@type":"ImageObject","inLanguage":"fr-FR","@id":"https:\/\/dev6.erresse-shop.it\/fr\/shop\/table-fr-2\/verres\/carlo-moretti-verre-quato-cristal-de-murano-rouge\/#primaryimage","url":"https:\/\/i3.wp.com\/interpim.erresse-shop.it\/Import\/Prodotti\/402.095.300.jpg?ssl=1","contentUrl":"https:\/\/i3.wp.com\/interpim.erresse-shop.it\/Import\/Prodotti\/402.095.300.jpg?ssl=1"},{"@type":"BreadcrumbList","@id":"https:\/\/dev6.erresse-shop.it\/fr\/shop\/table-fr-2\/verres\/carlo-moretti-verre-quato-cristal-de-murano-rouge\/#breadcrumb","itemListElement":[{"@type":"ListItem","position":1,"name":"Home","item":"https:\/\/dev6.erresse-shop.it\/"},{"@type":"ListItem","position":2,"name":"Boutique","item":"https:\/\/dev6.erresse-shop.it\/shop\/"},{"@type":"ListItem","position":3,"name":"CARLO MORETTI Verre Quato Cristal de Murano Rouge"}]},{"@type":"WebSite","@id":"https:\/\/dev6.erresse-shop.it\/#website","url":"https:\/\/dev6.erresse-shop.it\/","name":"Erresse Shop","description":"","publisher":{"@id":"https:\/\/dev6.erresse-shop.it\/#organization"},"potentialAction":[{"@type":"SearchAction","target":{"@type":"EntryPoint","urlTemplate":"https:\/\/dev6.erresse-shop.it\/?s={search_term_string}"},"query-input":{"@type":"PropertyValueSpecification","valueRequired":true,"valueName":"search_term_string"}}],"inLanguage":"fr-FR"},{"@type":"Organization","@id":"https:\/\/dev6.erresse-shop.it\/#organization","name":"Erresse Shop","url":"https:\/\/dev6.erresse-shop.it\/","logo":{"@type":"ImageObject","inLanguage":"fr-FR","@id":"https:\/\/dev6.erresse-shop.it\/#\/schema\/logo\/image\/","url":"https:\/\/dev6.erresse-shop.it\/wp-content\/uploads\/2025\/01\/LOGO-ERRESSE-CLASSICO.svg","contentUrl":"https:\/\/dev6.erresse-shop.it\/wp-content\/uploads\/2025\/01\/LOGO-ERRESSE-CLASSICO.svg","caption":"Erresse Shop"},"image":{"@id":"https:\/\/dev6.erresse-shop.it\/#\/schema\/logo\/image\/"}}]}},"df_price":54,"df_sale_price":54,"df_regular_price":56,"df_image_link":"https:\/\/i3.wp.com\/interpim.erresse-shop.it\/Import\/Prodotti\/402.095.300.jpg?resize=300,300&ssl=1","fifu_image_url":"https:\/\/interpim.erresse-shop.it\/Import\/Prodotti\/402.095.300.jpg","_links":{"self":[{"href":"https:\/\/dev6.erresse-shop.it\/fr\/wp-json\/wp\/v2\/product\/60094","targetHints":{"allow":["GET"]}}],"collection":[{"href":"https:\/\/dev6.erresse-shop.it\/fr\/wp-json\/wp\/v2\/product"}],"about":[{"href":"https:\/\/dev6.erresse-shop.it\/fr\/wp-json\/wp\/v2\/types\/product"}],"wp:featuredmedia":[{"embeddable":true,"href":"https:\/\/dev6.erresse-shop.it\/fr\/wp-json\/wp\/v2\/media\/6356026"}],"wp:attachment":[{"href":"https:\/\/dev6.erresse-shop.it\/fr\/wp-json\/wp\/v2\/media?parent=60094"}],"wp:term":[{"taxonomy":"product_cat","embeddable":true,"href":"https:\/\/dev6.erresse-shop.it\/fr\/wp-json\/wp\/v2\/product_cat?post=60094"},{"taxonomy":"product_tag","embeddable":true,"href":"https:\/\/dev6.erresse-shop.it\/fr\/wp-json\/wp\/v2\/product_tag?post=60094"}],"curies":[{"name":"wp","href":"https:\/\/api.w.org\/{rel}","templated":true}]}}