{"id":60092,"date":"2026-04-12T09:01:23","date_gmt":"2026-04-12T07:01:23","guid":{"rendered":"https:\/\/dev6.erresse-shop.it\/shop\/non%20class\u00e9\/zafferano-poldina-pro-micro-lampe-de-table-orange\/"},"modified":"2025-09-14T04:32:56","modified_gmt":"2025-09-14T02:32:56","slug":"zafferano-poldina-pro-micro-lampe-de-table-orange","status":"publish","type":"product","link":"https:\/\/dev6.erresse-shop.it\/fr\/shop\/ameublement-maison\/lampes\/zafferano-poldina-pro-micro-lampe-de-table-orange\/","title":{"rendered":"ZAFFERANO Poldina PRO Micro Lampe de Table Orange"},"content":{"rendered":"<p>Lampe de table rechargeable, y compris la base de chargement \u00e0 contact, avec corps en aluminium peint, diffuseur en polycarbonate et source lumineuse LED.<\/p>\n<p>La lampe s\u2019allume et s\u2019\u00e9teint \u00e0 l\u2019aide d\u2019un bouton tactile situ\u00e9 sur la partie sup\u00e9rieure du diffuseur ; avec le m\u00eame bouton, il est possible de r\u00e9gler la temp\u00e9rature de couleur de la lumi\u00e8re (2200, 2700 ou 3000K) et l\u2019intensit\u00e9 du flux lumineux. La lampe poss\u00e8de \u00e9galement un indice de protection IP65, ce qui lui permet d\u2019\u00eatre utilis\u00e9e \u00e0 l\u2019int\u00e9rieur comme \u00e0 l\u2019ext\u00e9rieur. L\u2019autonomie de la batterie est garantie pour 7\/8 heures<\/p>\n<p>FONCTION DE S\u00c9LECTION DE LA TEMP\u00c9RATURE DE COULEUR<br \/>\nVous pouvez choisir une lumi\u00e8re plus ou moins chaude, entre les options 2700 et 3000K. Les diff\u00e9rentes nuances de lumi\u00e8re sont appel\u00e9es \u201ctemp\u00e9rature de couleur\u201d et sont mesur\u00e9es en degr\u00e9s Kelvin (K) : 2700K correspond \u00e0 une lumi\u00e8re chaude, 4000K \u00e0 une lumi\u00e8re totalement blanche, 6500K \u00e0 une lumi\u00e8re froide et bleu-blanc.<\/p>\n<p>La lampe \u00e9tant \u00e9teinte, appuyez l\u00e9g\u00e8rement pendant 4 secondes jusqu\u2019\u00e0 ce qu\u2019une LED bleue s\u2019allume.<br \/>\nUne simple pression sur l\u2019\u00e9cran tactile permet de modifier la temp\u00e9rature de couleur de la lampe.<br \/>\nPression lumineuse pendant 4 secondes pour m\u00e9moriser la nouvelle temp\u00e9rature de couleur et \u00e9teindre la lampe.<\/p>\n<p>Indice de protection IP65<br \/>\nL\u2019indice de protection IP est un param\u00e8tre international qui classe le degr\u00e9 de protection d\u2019un luminaire contre l\u2019intrusion de particules solides et liquides. La nouvelle Poldina a pass\u00e9 avec succ\u00e8s les nouveaux tests de laboratoire et se trouve donc d\u00e9sormais dans une classe de protection sup\u00e9rieure : IP65.<\/p>\n<p>Fonction de m\u00e9moire de gradation<br \/>\nCette fonction permet de m\u00e9moriser les pas de gradation : \u00e0 chaque allumage du luminaire, l\u2019intensit\u00e9 lumineuse ne sera pas maximale, mais correspondra \u00e0 celle pr\u00e9c\u00e9demment r\u00e9gl\u00e9e.<\/p>\n<p>DIMENSIONS<br \/>\nHauteur : 380 mm<br \/>\nDiam\u00e8tre : 110 mm<\/p>\n","protected":false},"excerpt":{"rendered":"<p>Lampe de table rechargeable, y compris la base de chargement \u00e0 contact, avec corps en aluminium peint, diffuseur en polycarbonate et source lumineuse LED. La lampe s\u2019allume et s\u2019\u00e9teint \u00e0 l\u2019aide d\u2019un bouton tactile situ\u00e9 sur la partie sup\u00e9rieure du diffuseur ; avec le m\u00eame bouton, il est possible de r\u00e9gler la temp\u00e9rature de couleur [&hellip;]<\/p>\n","protected":false},"featured_media":6356023,"template":"","meta":{"_acf_changed":false},"product_cat":[11990,11666,12019],"product_tag":[],"class_list":{"0":"post-60092","1":"product","2":"type-product","3":"status-publish","4":"has-post-thumbnail","6":"product_cat-ameublement-maison","7":"product_cat-arredamento-casa","8":"product_cat-lampes","10":"first","11":"outofstock","12":"sale","13":"taxable","14":"shipping-taxable","15":"purchasable","16":"product-type-simple","swatches":"rey-swatches","show_selected":"","stretch_labels":"rey-swatches--stretch-labels"},"acf":[],"yoast_head":"<!-- This site is optimized with the Yoast SEO plugin v25.4 - https:\/\/yoast.com\/wordpress\/plugins\/seo\/ -->\n<title>ZAFFERANO Poldina PRO Micro Lampe de Table Orange - dev6 Erresse<\/title>\n<meta name=\"description\" content=\"Lampe de table rechargeable, y compris la base de chargement \u00e0 contact, avec corps en aluminium peint, diffuseur en polycarbonate et source lumineuse LED.\" \/>\n<meta name=\"robots\" content=\"noindex, follow, max-snippet:-1, max-image-preview:large, max-video-preview:-1\" \/>\n<meta property=\"og:locale\" content=\"fr_FR\" \/>\n<meta property=\"og:type\" content=\"article\" \/>\n<meta property=\"og:title\" content=\"ZAFFERANO Poldina PRO Micro Lampe de Table Orange - dev6 Erresse\" \/>\n<meta property=\"og:description\" content=\"Lampe de table rechargeable, y compris la base de chargement \u00e0 contact, avec corps en aluminium peint, diffuseur en polycarbonate et source lumineuse LED.\" \/>\n<meta property=\"og:url\" content=\"https:\/\/dev6.erresse-shop.it\/fr\/shop\/ameublement-maison\/lampes\/zafferano-poldina-pro-micro-lampe-de-table-orange\/\" \/>\n<meta property=\"og:site_name\" content=\"dev6 Erresse\" \/>\n<meta property=\"og:image\" content=\"https:\/\/interpim.erresse-shop.it\/img-catalogo\/zafferano\/zafferano-poldina-pro-micro-arancione.jpg\" \/><meta property=\"og:image\" content=\"https:\/\/interpim.erresse-shop.it\/img-catalogo\/zafferano\/zafferano-poldina-pro-micro-arancione.jpg\" \/>\n\t<meta property=\"og:image:width\" content=\"1024\" \/>\n\t<meta property=\"og:image:height\" content=\"1024\" \/>\n\t<meta property=\"og:image:type\" content=\"image\/jpeg\" \/>\n<meta name=\"twitter:card\" content=\"summary_large_image\" \/>\n<meta name=\"twitter:image\" content=\"https:\/\/interpim.erresse-shop.it\/img-catalogo\/zafferano\/zafferano-poldina-pro-micro-arancione.jpg\" \/>\n<script type=\"application\/ld+json\" class=\"yoast-schema-graph\">{\"@context\":\"https:\/\/schema.org\",\"@graph\":[{\"@type\":\"WebPage\",\"@id\":\"https:\/\/dev6.erresse-shop.it\/fr\/shop\/ameublement-maison\/lampes\/zafferano-poldina-pro-micro-lampe-de-table-orange\/\",\"url\":\"https:\/\/dev6.erresse-shop.it\/fr\/shop\/ameublement-maison\/lampes\/zafferano-poldina-pro-micro-lampe-de-table-orange\/\",\"name\":\"ZAFFERANO Poldina PRO Micro Lampe de Table Orange - dev6 Erresse\",\"isPartOf\":{\"@id\":\"https:\/\/dev6.erresse-shop.it\/#website\"},\"primaryImageOfPage\":{\"@id\":\"https:\/\/dev6.erresse-shop.it\/fr\/shop\/ameublement-maison\/lampes\/zafferano-poldina-pro-micro-lampe-de-table-orange\/#primaryimage\"},\"image\":{\"@id\":\"https:\/\/dev6.erresse-shop.it\/fr\/shop\/ameublement-maison\/lampes\/zafferano-poldina-pro-micro-lampe-de-table-orange\/#primaryimage\"},\"thumbnailUrl\":\"https:\/\/i1.wp.com\/interpim.erresse-shop.it\/img-catalogo\/zafferano\/zafferano-poldina-pro-micro-arancione.jpg?ssl=1\",\"datePublished\":\"2026-04-12T07:01:23+00:00\",\"description\":\"Lampe de table rechargeable, y compris la base de chargement \u00e0 contact, avec corps en aluminium peint, diffuseur en polycarbonate et source lumineuse LED.\",\"breadcrumb\":{\"@id\":\"https:\/\/dev6.erresse-shop.it\/fr\/shop\/ameublement-maison\/lampes\/zafferano-poldina-pro-micro-lampe-de-table-orange\/#breadcrumb\"},\"inLanguage\":\"fr-FR\",\"potentialAction\":[{\"@type\":\"ReadAction\",\"target\":[\"https:\/\/dev6.erresse-shop.it\/fr\/shop\/ameublement-maison\/lampes\/zafferano-poldina-pro-micro-lampe-de-table-orange\/\"]}]},{\"@type\":\"ImageObject\",\"inLanguage\":\"fr-FR\",\"@id\":\"https:\/\/dev6.erresse-shop.it\/fr\/shop\/ameublement-maison\/lampes\/zafferano-poldina-pro-micro-lampe-de-table-orange\/#primaryimage\",\"url\":\"https:\/\/i1.wp.com\/interpim.erresse-shop.it\/img-catalogo\/zafferano\/zafferano-poldina-pro-micro-arancione.jpg?ssl=1\",\"contentUrl\":\"https:\/\/i1.wp.com\/interpim.erresse-shop.it\/img-catalogo\/zafferano\/zafferano-poldina-pro-micro-arancione.jpg?ssl=1\"},{\"@type\":\"BreadcrumbList\",\"@id\":\"https:\/\/dev6.erresse-shop.it\/fr\/shop\/ameublement-maison\/lampes\/zafferano-poldina-pro-micro-lampe-de-table-orange\/#breadcrumb\",\"itemListElement\":[{\"@type\":\"ListItem\",\"position\":1,\"name\":\"Home\",\"item\":\"https:\/\/dev6.erresse-shop.it\/\"},{\"@type\":\"ListItem\",\"position\":2,\"name\":\"Boutique\",\"item\":\"https:\/\/dev6.erresse-shop.it\/shop\/\"},{\"@type\":\"ListItem\",\"position\":3,\"name\":\"ZAFFERANO Poldina PRO Micro Lampe de Table Orange\"}]},{\"@type\":\"WebSite\",\"@id\":\"https:\/\/dev6.erresse-shop.it\/#website\",\"url\":\"https:\/\/dev6.erresse-shop.it\/\",\"name\":\"Erresse Shop\",\"description\":\"\",\"publisher\":{\"@id\":\"https:\/\/dev6.erresse-shop.it\/#organization\"},\"potentialAction\":[{\"@type\":\"SearchAction\",\"target\":{\"@type\":\"EntryPoint\",\"urlTemplate\":\"https:\/\/dev6.erresse-shop.it\/?s={search_term_string}\"},\"query-input\":{\"@type\":\"PropertyValueSpecification\",\"valueRequired\":true,\"valueName\":\"search_term_string\"}}],\"inLanguage\":\"fr-FR\"},{\"@type\":\"Organization\",\"@id\":\"https:\/\/dev6.erresse-shop.it\/#organization\",\"name\":\"Erresse Shop\",\"url\":\"https:\/\/dev6.erresse-shop.it\/\",\"logo\":{\"@type\":\"ImageObject\",\"inLanguage\":\"fr-FR\",\"@id\":\"https:\/\/dev6.erresse-shop.it\/#\/schema\/logo\/image\/\",\"url\":\"https:\/\/dev6.erresse-shop.it\/wp-content\/uploads\/2025\/01\/LOGO-ERRESSE-CLASSICO.svg\",\"contentUrl\":\"https:\/\/dev6.erresse-shop.it\/wp-content\/uploads\/2025\/01\/LOGO-ERRESSE-CLASSICO.svg\",\"caption\":\"Erresse Shop\"},\"image\":{\"@id\":\"https:\/\/dev6.erresse-shop.it\/#\/schema\/logo\/image\/\"}}]}<\/script>\n<!-- \/ Yoast SEO plugin. -->","yoast_head_json":{"title":"ZAFFERANO Poldina PRO Micro Lampe de Table Orange - dev6 Erresse","description":"Lampe de table rechargeable, y compris la base de chargement \u00e0 contact, avec corps en aluminium peint, diffuseur en polycarbonate et source lumineuse LED.","robots":{"index":"noindex","follow":"follow","max-snippet":"max-snippet:-1","max-image-preview":"max-image-preview:large","max-video-preview":"max-video-preview:-1"},"og_locale":"fr_FR","og_type":"article","og_title":"ZAFFERANO Poldina PRO Micro Lampe de Table Orange - dev6 Erresse","og_description":"Lampe de table rechargeable, y compris la base de chargement \u00e0 contact, avec corps en aluminium peint, diffuseur en polycarbonate et source lumineuse LED.","og_url":"https:\/\/dev6.erresse-shop.it\/fr\/shop\/ameublement-maison\/lampes\/zafferano-poldina-pro-micro-lampe-de-table-orange\/","og_site_name":"dev6 Erresse","og_image":[{"url":"https:\/\/interpim.erresse-shop.it\/img-catalogo\/zafferano\/zafferano-poldina-pro-micro-arancione.jpg","type":"","width":"","height":""},{"url":"https:\/\/interpim.erresse-shop.it\/img-catalogo\/zafferano\/zafferano-poldina-pro-micro-arancione.jpg","width":1024,"height":1024,"type":"image\/jpeg"}],"twitter_card":"summary_large_image","twitter_image":"https:\/\/interpim.erresse-shop.it\/img-catalogo\/zafferano\/zafferano-poldina-pro-micro-arancione.jpg","schema":{"@context":"https:\/\/schema.org","@graph":[{"@type":"WebPage","@id":"https:\/\/dev6.erresse-shop.it\/fr\/shop\/ameublement-maison\/lampes\/zafferano-poldina-pro-micro-lampe-de-table-orange\/","url":"https:\/\/dev6.erresse-shop.it\/fr\/shop\/ameublement-maison\/lampes\/zafferano-poldina-pro-micro-lampe-de-table-orange\/","name":"ZAFFERANO Poldina PRO Micro Lampe de Table Orange - dev6 Erresse","isPartOf":{"@id":"https:\/\/dev6.erresse-shop.it\/#website"},"primaryImageOfPage":{"@id":"https:\/\/dev6.erresse-shop.it\/fr\/shop\/ameublement-maison\/lampes\/zafferano-poldina-pro-micro-lampe-de-table-orange\/#primaryimage"},"image":{"@id":"https:\/\/dev6.erresse-shop.it\/fr\/shop\/ameublement-maison\/lampes\/zafferano-poldina-pro-micro-lampe-de-table-orange\/#primaryimage"},"thumbnailUrl":"https:\/\/i1.wp.com\/interpim.erresse-shop.it\/img-catalogo\/zafferano\/zafferano-poldina-pro-micro-arancione.jpg?ssl=1","datePublished":"2026-04-12T07:01:23+00:00","description":"Lampe de table rechargeable, y compris la base de chargement \u00e0 contact, avec corps en aluminium peint, diffuseur en polycarbonate et source lumineuse LED.","breadcrumb":{"@id":"https:\/\/dev6.erresse-shop.it\/fr\/shop\/ameublement-maison\/lampes\/zafferano-poldina-pro-micro-lampe-de-table-orange\/#breadcrumb"},"inLanguage":"fr-FR","potentialAction":[{"@type":"ReadAction","target":["https:\/\/dev6.erresse-shop.it\/fr\/shop\/ameublement-maison\/lampes\/zafferano-poldina-pro-micro-lampe-de-table-orange\/"]}]},{"@type":"ImageObject","inLanguage":"fr-FR","@id":"https:\/\/dev6.erresse-shop.it\/fr\/shop\/ameublement-maison\/lampes\/zafferano-poldina-pro-micro-lampe-de-table-orange\/#primaryimage","url":"https:\/\/i1.wp.com\/interpim.erresse-shop.it\/img-catalogo\/zafferano\/zafferano-poldina-pro-micro-arancione.jpg?ssl=1","contentUrl":"https:\/\/i1.wp.com\/interpim.erresse-shop.it\/img-catalogo\/zafferano\/zafferano-poldina-pro-micro-arancione.jpg?ssl=1"},{"@type":"BreadcrumbList","@id":"https:\/\/dev6.erresse-shop.it\/fr\/shop\/ameublement-maison\/lampes\/zafferano-poldina-pro-micro-lampe-de-table-orange\/#breadcrumb","itemListElement":[{"@type":"ListItem","position":1,"name":"Home","item":"https:\/\/dev6.erresse-shop.it\/"},{"@type":"ListItem","position":2,"name":"Boutique","item":"https:\/\/dev6.erresse-shop.it\/shop\/"},{"@type":"ListItem","position":3,"name":"ZAFFERANO Poldina PRO Micro Lampe de Table Orange"}]},{"@type":"WebSite","@id":"https:\/\/dev6.erresse-shop.it\/#website","url":"https:\/\/dev6.erresse-shop.it\/","name":"Erresse Shop","description":"","publisher":{"@id":"https:\/\/dev6.erresse-shop.it\/#organization"},"potentialAction":[{"@type":"SearchAction","target":{"@type":"EntryPoint","urlTemplate":"https:\/\/dev6.erresse-shop.it\/?s={search_term_string}"},"query-input":{"@type":"PropertyValueSpecification","valueRequired":true,"valueName":"search_term_string"}}],"inLanguage":"fr-FR"},{"@type":"Organization","@id":"https:\/\/dev6.erresse-shop.it\/#organization","name":"Erresse Shop","url":"https:\/\/dev6.erresse-shop.it\/","logo":{"@type":"ImageObject","inLanguage":"fr-FR","@id":"https:\/\/dev6.erresse-shop.it\/#\/schema\/logo\/image\/","url":"https:\/\/dev6.erresse-shop.it\/wp-content\/uploads\/2025\/01\/LOGO-ERRESSE-CLASSICO.svg","contentUrl":"https:\/\/dev6.erresse-shop.it\/wp-content\/uploads\/2025\/01\/LOGO-ERRESSE-CLASSICO.svg","caption":"Erresse Shop"},"image":{"@id":"https:\/\/dev6.erresse-shop.it\/#\/schema\/logo\/image\/"}}]}},"df_price":79.95,"df_sale_price":79.95,"df_regular_price":98,"df_image_link":"https:\/\/i1.wp.com\/interpim.erresse-shop.it\/img-catalogo\/zafferano\/zafferano-poldina-pro-micro-arancione.jpg?resize=300,300&ssl=1","fifu_image_url":"https:\/\/interpim.erresse-shop.it\/img-catalogo\/zafferano\/zafferano-poldina-pro-micro-arancione.jpg","_links":{"self":[{"href":"https:\/\/dev6.erresse-shop.it\/fr\/wp-json\/wp\/v2\/product\/60092","targetHints":{"allow":["GET"]}}],"collection":[{"href":"https:\/\/dev6.erresse-shop.it\/fr\/wp-json\/wp\/v2\/product"}],"about":[{"href":"https:\/\/dev6.erresse-shop.it\/fr\/wp-json\/wp\/v2\/types\/product"}],"wp:featuredmedia":[{"embeddable":true,"href":"https:\/\/dev6.erresse-shop.it\/fr\/wp-json\/wp\/v2\/media\/6356023"}],"wp:attachment":[{"href":"https:\/\/dev6.erresse-shop.it\/fr\/wp-json\/wp\/v2\/media?parent=60092"}],"wp:term":[{"taxonomy":"product_cat","embeddable":true,"href":"https:\/\/dev6.erresse-shop.it\/fr\/wp-json\/wp\/v2\/product_cat?post=60092"},{"taxonomy":"product_tag","embeddable":true,"href":"https:\/\/dev6.erresse-shop.it\/fr\/wp-json\/wp\/v2\/product_tag?post=60092"}],"curies":[{"name":"wp","href":"https:\/\/api.w.org\/{rel}","templated":true}]}}