{"id":60038,"date":"2026-04-12T08:58:57","date_gmt":"2026-04-12T06:58:57","guid":{"rendered":"https:\/\/dev6.erresse-shop.it\/shop\/non%20class\u00e9\/bordallo-pinheiro-4-assiettes-plates-geranium-275-cm-blanc\/"},"modified":"2026-01-09T02:08:46","modified_gmt":"2026-01-09T01:08:46","slug":"bordallo-pinheiro-4-assiettes-plates-geranium-275-cm-blanc","status":"publish","type":"product","link":"https:\/\/dev6.erresse-shop.it\/fr\/shop\/table-fr-2\/plats\/bordallo-pinheiro-4-assiettes-plates-geranium-275-cm-blanc\/","title":{"rendered":"BORDALLO PINHEIRO 4 Assiettes Plates Geranium 27,5 cm Blanc"},"content":{"rendered":"<p>Le g\u00e9ranium est souvent consid\u00e9r\u00e9 comme la fleur nationale du Portugal, car c\u2019est la plus typique des fleurs portugaises qui ornent les jardins et les balcons dans tout le pays. Il \u00e9tait repr\u00e9sent\u00e9 par Bordallo Pinheiro pour son feuillage inimitable.<\/p>\n<p>Mat\u00e9riau : terre cuite<\/p>\n","protected":false},"excerpt":{"rendered":"<p>Le g\u00e9ranium est souvent consid\u00e9r\u00e9 comme la fleur nationale du Portugal, car c\u2019est la plus typique des fleurs portugaises qui ornent les jardins et les balcons dans tout le pays. Il \u00e9tait repr\u00e9sent\u00e9 par Bordallo Pinheiro pour son feuillage inimitable. Mat\u00e9riau : terre cuite<\/p>\n","protected":false},"featured_media":6355799,"template":"","meta":{"_acf_changed":false},"product_cat":[12014,11995,11671],"product_tag":[],"class_list":{"0":"post-60038","1":"product","2":"type-product","3":"status-publish","4":"has-post-thumbnail","6":"product_cat-plats","7":"product_cat-table-fr-2","8":"product_cat-tavola","10":"first","11":"instock","12":"sale","13":"taxable","14":"shipping-taxable","15":"purchasable","16":"product-type-simple","swatches":"rey-swatches","show_selected":"","stretch_labels":"rey-swatches--stretch-labels"},"acf":[],"yoast_head":"<!-- This site is optimized with the Yoast SEO plugin v25.4 - https:\/\/yoast.com\/wordpress\/plugins\/seo\/ -->\n<title>BORDALLO PINHEIRO 4 Assiettes Plates Geranium 27,5 cm Blanc - dev6 Erresse<\/title>\n<meta name=\"description\" content=\"Le g\u00e9ranium est souvent consid\u00e9r\u00e9 comme la fleur nationale du Portugal, car c\u2019est la plus typique des fleurs portugaises qui ornent les jardins et les\" \/>\n<meta name=\"robots\" content=\"noindex, follow, max-snippet:-1, max-image-preview:large, max-video-preview:-1\" \/>\n<meta property=\"og:locale\" content=\"fr_FR\" \/>\n<meta property=\"og:type\" content=\"article\" \/>\n<meta property=\"og:title\" content=\"BORDALLO PINHEIRO 4 Assiettes Plates Geranium 27,5 cm Blanc - dev6 Erresse\" \/>\n<meta property=\"og:description\" content=\"Le g\u00e9ranium est souvent consid\u00e9r\u00e9 comme la fleur nationale du Portugal, car c\u2019est la plus typique des fleurs portugaises qui ornent les jardins et les\" \/>\n<meta property=\"og:url\" content=\"https:\/\/dev6.erresse-shop.it\/fr\/shop\/table-fr-2\/plats\/bordallo-pinheiro-4-assiettes-plates-geranium-275-cm-blanc\/\" \/>\n<meta property=\"og:site_name\" content=\"dev6 Erresse\" \/>\n<meta property=\"og:image\" content=\"https:\/\/interpim.erresse-shop.it\/Import\/Prodotti\/bordallo-pinheiro-geranio-piatto-piano-bianco-2.jpg\" \/><meta property=\"og:image\" content=\"https:\/\/interpim.erresse-shop.it\/Import\/Prodotti\/bordallo-pinheiro-geranio-piatto-piano-bianco-2.jpg\" \/>\n\t<meta property=\"og:image:width\" content=\"1024\" \/>\n\t<meta property=\"og:image:height\" content=\"1024\" \/>\n\t<meta property=\"og:image:type\" content=\"image\/jpeg\" \/>\n<meta name=\"twitter:card\" content=\"summary_large_image\" \/>\n<meta name=\"twitter:image\" content=\"https:\/\/interpim.erresse-shop.it\/Import\/Prodotti\/bordallo-pinheiro-geranio-piatto-piano-bianco-2.jpg\" \/>\n<script type=\"application\/ld+json\" class=\"yoast-schema-graph\">{\"@context\":\"https:\/\/schema.org\",\"@graph\":[{\"@type\":\"WebPage\",\"@id\":\"https:\/\/dev6.erresse-shop.it\/fr\/shop\/table-fr-2\/plats\/bordallo-pinheiro-4-assiettes-plates-geranium-275-cm-blanc\/\",\"url\":\"https:\/\/dev6.erresse-shop.it\/fr\/shop\/table-fr-2\/plats\/bordallo-pinheiro-4-assiettes-plates-geranium-275-cm-blanc\/\",\"name\":\"BORDALLO PINHEIRO 4 Assiettes Plates Geranium 27,5 cm Blanc - dev6 Erresse\",\"isPartOf\":{\"@id\":\"https:\/\/dev6.erresse-shop.it\/#website\"},\"primaryImageOfPage\":{\"@id\":\"https:\/\/dev6.erresse-shop.it\/fr\/shop\/table-fr-2\/plats\/bordallo-pinheiro-4-assiettes-plates-geranium-275-cm-blanc\/#primaryimage\"},\"image\":{\"@id\":\"https:\/\/dev6.erresse-shop.it\/fr\/shop\/table-fr-2\/plats\/bordallo-pinheiro-4-assiettes-plates-geranium-275-cm-blanc\/#primaryimage\"},\"thumbnailUrl\":\"https:\/\/i3.wp.com\/interpim.erresse-shop.it\/Import\/Prodotti\/bordallo-pinheiro-geranio-piatto-piano-bianco-2.jpg?ssl=1\",\"datePublished\":\"2026-04-12T06:58:57+00:00\",\"description\":\"Le g\u00e9ranium est souvent consid\u00e9r\u00e9 comme la fleur nationale du Portugal, car c\u2019est la plus typique des fleurs portugaises qui ornent les jardins et les\",\"breadcrumb\":{\"@id\":\"https:\/\/dev6.erresse-shop.it\/fr\/shop\/table-fr-2\/plats\/bordallo-pinheiro-4-assiettes-plates-geranium-275-cm-blanc\/#breadcrumb\"},\"inLanguage\":\"fr-FR\",\"potentialAction\":[{\"@type\":\"ReadAction\",\"target\":[\"https:\/\/dev6.erresse-shop.it\/fr\/shop\/table-fr-2\/plats\/bordallo-pinheiro-4-assiettes-plates-geranium-275-cm-blanc\/\"]}]},{\"@type\":\"ImageObject\",\"inLanguage\":\"fr-FR\",\"@id\":\"https:\/\/dev6.erresse-shop.it\/fr\/shop\/table-fr-2\/plats\/bordallo-pinheiro-4-assiettes-plates-geranium-275-cm-blanc\/#primaryimage\",\"url\":\"https:\/\/i3.wp.com\/interpim.erresse-shop.it\/Import\/Prodotti\/bordallo-pinheiro-geranio-piatto-piano-bianco-2.jpg?ssl=1\",\"contentUrl\":\"https:\/\/i3.wp.com\/interpim.erresse-shop.it\/Import\/Prodotti\/bordallo-pinheiro-geranio-piatto-piano-bianco-2.jpg?ssl=1\"},{\"@type\":\"BreadcrumbList\",\"@id\":\"https:\/\/dev6.erresse-shop.it\/fr\/shop\/table-fr-2\/plats\/bordallo-pinheiro-4-assiettes-plates-geranium-275-cm-blanc\/#breadcrumb\",\"itemListElement\":[{\"@type\":\"ListItem\",\"position\":1,\"name\":\"Home\",\"item\":\"https:\/\/dev6.erresse-shop.it\/\"},{\"@type\":\"ListItem\",\"position\":2,\"name\":\"Boutique\",\"item\":\"https:\/\/dev6.erresse-shop.it\/shop\/\"},{\"@type\":\"ListItem\",\"position\":3,\"name\":\"BORDALLO PINHEIRO 4 Assiettes Plates Geranium 27,5 cm Blanc\"}]},{\"@type\":\"WebSite\",\"@id\":\"https:\/\/dev6.erresse-shop.it\/#website\",\"url\":\"https:\/\/dev6.erresse-shop.it\/\",\"name\":\"Erresse Shop\",\"description\":\"\",\"publisher\":{\"@id\":\"https:\/\/dev6.erresse-shop.it\/#organization\"},\"potentialAction\":[{\"@type\":\"SearchAction\",\"target\":{\"@type\":\"EntryPoint\",\"urlTemplate\":\"https:\/\/dev6.erresse-shop.it\/?s={search_term_string}\"},\"query-input\":{\"@type\":\"PropertyValueSpecification\",\"valueRequired\":true,\"valueName\":\"search_term_string\"}}],\"inLanguage\":\"fr-FR\"},{\"@type\":\"Organization\",\"@id\":\"https:\/\/dev6.erresse-shop.it\/#organization\",\"name\":\"Erresse Shop\",\"url\":\"https:\/\/dev6.erresse-shop.it\/\",\"logo\":{\"@type\":\"ImageObject\",\"inLanguage\":\"fr-FR\",\"@id\":\"https:\/\/dev6.erresse-shop.it\/#\/schema\/logo\/image\/\",\"url\":\"https:\/\/dev6.erresse-shop.it\/wp-content\/uploads\/2025\/01\/LOGO-ERRESSE-CLASSICO.svg\",\"contentUrl\":\"https:\/\/dev6.erresse-shop.it\/wp-content\/uploads\/2025\/01\/LOGO-ERRESSE-CLASSICO.svg\",\"caption\":\"Erresse Shop\"},\"image\":{\"@id\":\"https:\/\/dev6.erresse-shop.it\/#\/schema\/logo\/image\/\"}}]}<\/script>\n<!-- \/ Yoast SEO plugin. -->","yoast_head_json":{"title":"BORDALLO PINHEIRO 4 Assiettes Plates Geranium 27,5 cm Blanc - dev6 Erresse","description":"Le g\u00e9ranium est souvent consid\u00e9r\u00e9 comme la fleur nationale du Portugal, car c\u2019est la plus typique des fleurs portugaises qui ornent les jardins et les","robots":{"index":"noindex","follow":"follow","max-snippet":"max-snippet:-1","max-image-preview":"max-image-preview:large","max-video-preview":"max-video-preview:-1"},"og_locale":"fr_FR","og_type":"article","og_title":"BORDALLO PINHEIRO 4 Assiettes Plates Geranium 27,5 cm Blanc - dev6 Erresse","og_description":"Le g\u00e9ranium est souvent consid\u00e9r\u00e9 comme la fleur nationale du Portugal, car c\u2019est la plus typique des fleurs portugaises qui ornent les jardins et les","og_url":"https:\/\/dev6.erresse-shop.it\/fr\/shop\/table-fr-2\/plats\/bordallo-pinheiro-4-assiettes-plates-geranium-275-cm-blanc\/","og_site_name":"dev6 Erresse","og_image":[{"url":"https:\/\/interpim.erresse-shop.it\/Import\/Prodotti\/bordallo-pinheiro-geranio-piatto-piano-bianco-2.jpg","type":"","width":"","height":""},{"url":"https:\/\/interpim.erresse-shop.it\/Import\/Prodotti\/bordallo-pinheiro-geranio-piatto-piano-bianco-2.jpg","width":1024,"height":1024,"type":"image\/jpeg"}],"twitter_card":"summary_large_image","twitter_image":"https:\/\/interpim.erresse-shop.it\/Import\/Prodotti\/bordallo-pinheiro-geranio-piatto-piano-bianco-2.jpg","schema":{"@context":"https:\/\/schema.org","@graph":[{"@type":"WebPage","@id":"https:\/\/dev6.erresse-shop.it\/fr\/shop\/table-fr-2\/plats\/bordallo-pinheiro-4-assiettes-plates-geranium-275-cm-blanc\/","url":"https:\/\/dev6.erresse-shop.it\/fr\/shop\/table-fr-2\/plats\/bordallo-pinheiro-4-assiettes-plates-geranium-275-cm-blanc\/","name":"BORDALLO PINHEIRO 4 Assiettes Plates Geranium 27,5 cm Blanc - dev6 Erresse","isPartOf":{"@id":"https:\/\/dev6.erresse-shop.it\/#website"},"primaryImageOfPage":{"@id":"https:\/\/dev6.erresse-shop.it\/fr\/shop\/table-fr-2\/plats\/bordallo-pinheiro-4-assiettes-plates-geranium-275-cm-blanc\/#primaryimage"},"image":{"@id":"https:\/\/dev6.erresse-shop.it\/fr\/shop\/table-fr-2\/plats\/bordallo-pinheiro-4-assiettes-plates-geranium-275-cm-blanc\/#primaryimage"},"thumbnailUrl":"https:\/\/i3.wp.com\/interpim.erresse-shop.it\/Import\/Prodotti\/bordallo-pinheiro-geranio-piatto-piano-bianco-2.jpg?ssl=1","datePublished":"2026-04-12T06:58:57+00:00","description":"Le g\u00e9ranium est souvent consid\u00e9r\u00e9 comme la fleur nationale du Portugal, car c\u2019est la plus typique des fleurs portugaises qui ornent les jardins et les","breadcrumb":{"@id":"https:\/\/dev6.erresse-shop.it\/fr\/shop\/table-fr-2\/plats\/bordallo-pinheiro-4-assiettes-plates-geranium-275-cm-blanc\/#breadcrumb"},"inLanguage":"fr-FR","potentialAction":[{"@type":"ReadAction","target":["https:\/\/dev6.erresse-shop.it\/fr\/shop\/table-fr-2\/plats\/bordallo-pinheiro-4-assiettes-plates-geranium-275-cm-blanc\/"]}]},{"@type":"ImageObject","inLanguage":"fr-FR","@id":"https:\/\/dev6.erresse-shop.it\/fr\/shop\/table-fr-2\/plats\/bordallo-pinheiro-4-assiettes-plates-geranium-275-cm-blanc\/#primaryimage","url":"https:\/\/i3.wp.com\/interpim.erresse-shop.it\/Import\/Prodotti\/bordallo-pinheiro-geranio-piatto-piano-bianco-2.jpg?ssl=1","contentUrl":"https:\/\/i3.wp.com\/interpim.erresse-shop.it\/Import\/Prodotti\/bordallo-pinheiro-geranio-piatto-piano-bianco-2.jpg?ssl=1"},{"@type":"BreadcrumbList","@id":"https:\/\/dev6.erresse-shop.it\/fr\/shop\/table-fr-2\/plats\/bordallo-pinheiro-4-assiettes-plates-geranium-275-cm-blanc\/#breadcrumb","itemListElement":[{"@type":"ListItem","position":1,"name":"Home","item":"https:\/\/dev6.erresse-shop.it\/"},{"@type":"ListItem","position":2,"name":"Boutique","item":"https:\/\/dev6.erresse-shop.it\/shop\/"},{"@type":"ListItem","position":3,"name":"BORDALLO PINHEIRO 4 Assiettes Plates Geranium 27,5 cm Blanc"}]},{"@type":"WebSite","@id":"https:\/\/dev6.erresse-shop.it\/#website","url":"https:\/\/dev6.erresse-shop.it\/","name":"Erresse Shop","description":"","publisher":{"@id":"https:\/\/dev6.erresse-shop.it\/#organization"},"potentialAction":[{"@type":"SearchAction","target":{"@type":"EntryPoint","urlTemplate":"https:\/\/dev6.erresse-shop.it\/?s={search_term_string}"},"query-input":{"@type":"PropertyValueSpecification","valueRequired":true,"valueName":"search_term_string"}}],"inLanguage":"fr-FR"},{"@type":"Organization","@id":"https:\/\/dev6.erresse-shop.it\/#organization","name":"Erresse Shop","url":"https:\/\/dev6.erresse-shop.it\/","logo":{"@type":"ImageObject","inLanguage":"fr-FR","@id":"https:\/\/dev6.erresse-shop.it\/#\/schema\/logo\/image\/","url":"https:\/\/dev6.erresse-shop.it\/wp-content\/uploads\/2025\/01\/LOGO-ERRESSE-CLASSICO.svg","contentUrl":"https:\/\/dev6.erresse-shop.it\/wp-content\/uploads\/2025\/01\/LOGO-ERRESSE-CLASSICO.svg","caption":"Erresse Shop"},"image":{"@id":"https:\/\/dev6.erresse-shop.it\/#\/schema\/logo\/image\/"}}]}},"df_price":69,"df_sale_price":69,"df_regular_price":88,"df_image_link":"https:\/\/i3.wp.com\/interpim.erresse-shop.it\/Import\/Prodotti\/bordallo-pinheiro-geranio-piatto-piano-bianco-2.jpg?resize=300,300&ssl=1","fifu_image_url":"https:\/\/interpim.erresse-shop.it\/Import\/Prodotti\/bordallo-pinheiro-geranio-piatto-piano-bianco-2.jpg","_links":{"self":[{"href":"https:\/\/dev6.erresse-shop.it\/fr\/wp-json\/wp\/v2\/product\/60038","targetHints":{"allow":["GET"]}}],"collection":[{"href":"https:\/\/dev6.erresse-shop.it\/fr\/wp-json\/wp\/v2\/product"}],"about":[{"href":"https:\/\/dev6.erresse-shop.it\/fr\/wp-json\/wp\/v2\/types\/product"}],"wp:featuredmedia":[{"embeddable":true,"href":"https:\/\/dev6.erresse-shop.it\/fr\/wp-json\/wp\/v2\/media\/6355799"}],"wp:attachment":[{"href":"https:\/\/dev6.erresse-shop.it\/fr\/wp-json\/wp\/v2\/media?parent=60038"}],"wp:term":[{"taxonomy":"product_cat","embeddable":true,"href":"https:\/\/dev6.erresse-shop.it\/fr\/wp-json\/wp\/v2\/product_cat?post=60038"},{"taxonomy":"product_tag","embeddable":true,"href":"https:\/\/dev6.erresse-shop.it\/fr\/wp-json\/wp\/v2\/product_tag?post=60038"}],"curies":[{"name":"wp","href":"https:\/\/api.w.org\/{rel}","templated":true}]}}