{"id":60026,"date":"2026-04-12T08:58:57","date_gmt":"2026-04-12T06:58:57","guid":{"rendered":"https:\/\/dev6.erresse-shop.it\/shop\/non%20class\u00e9\/rosenthal-vase-squall-40-cm-blanc\/"},"modified":"2025-09-14T04:31:43","modified_gmt":"2025-09-14T02:31:43","slug":"rosenthal-vase-squall-40-cm-blanc","status":"publish","type":"product","link":"https:\/\/dev6.erresse-shop.it\/fr\/shop\/ameublement-maison\/vases-fr\/rosenthal-vase-squall-40-cm-blanc\/","title":{"rendered":"ROSENTHAL Vase Squall 40 cm Blanc"},"content":{"rendered":"<p>Con\u00e7ue par C\u00e9dric Ragot pour Rosenthal, Squall est une collection de vases en porcelaine fine \u00e0 la finition polie.Squall est une collection de vases au design \u00e9l\u00e9gant et dynamique. Inspir\u00e9 et fascin\u00e9 par la plasticit\u00e9 et les limites de la d\u00e9formabilit\u00e9 des mat\u00e9riaux, le designer C\u00e9dric Ragot, cr\u00e9e Squall. Ces vases d\u00e9fient leurs limites et se d\u00e9forment, cr\u00e9ant un effet unique et magnifique de mouvement et de sinuosit\u00e9.<\/p>\n<p>Mat\u00e9riau : PorcelaineCollection : Squall<\/p>\n","protected":false},"excerpt":{"rendered":"<p>Con\u00e7ue par C\u00e9dric Ragot pour Rosenthal, Squall est une collection de vases en porcelaine fine \u00e0 la finition polie.Squall est une collection de vases au design \u00e9l\u00e9gant et dynamique. Inspir\u00e9 et fascin\u00e9 par la plasticit\u00e9 et les limites de la d\u00e9formabilit\u00e9 des mat\u00e9riaux, le designer C\u00e9dric Ragot, cr\u00e9e Squall. Ces vases d\u00e9fient leurs limites et [&hellip;]<\/p>\n","protected":false},"featured_media":6355697,"template":"","meta":{"_acf_changed":false},"product_cat":[11990,11666,12018],"product_tag":[],"class_list":{"0":"post-60026","1":"product","2":"type-product","3":"status-publish","4":"has-post-thumbnail","6":"product_cat-ameublement-maison","7":"product_cat-arredamento-casa","8":"product_cat-vases-fr","10":"first","11":"outofstock","12":"sale","13":"taxable","14":"shipping-taxable","15":"purchasable","16":"product-type-simple","swatches":"rey-swatches","show_selected":"","stretch_labels":"rey-swatches--stretch-labels"},"acf":[],"yoast_head":"<!-- This site is optimized with the Yoast SEO plugin v25.4 - https:\/\/yoast.com\/wordpress\/plugins\/seo\/ -->\n<title>ROSENTHAL Vase Squall 40 cm Blanc - dev6 Erresse<\/title>\n<meta name=\"description\" content=\"Con\u00e7ue par C\u00e9dric Ragot pour Rosenthal, Squall est une collection de vases en porcelaine fine \u00e0 la finition polie.Squall est une collection de vases au\" \/>\n<meta name=\"robots\" content=\"noindex, follow, max-snippet:-1, max-image-preview:large, max-video-preview:-1\" \/>\n<meta property=\"og:locale\" content=\"fr_FR\" \/>\n<meta property=\"og:type\" content=\"article\" \/>\n<meta property=\"og:title\" content=\"ROSENTHAL Vase Squall 40 cm Blanc - dev6 Erresse\" \/>\n<meta property=\"og:description\" content=\"Con\u00e7ue par C\u00e9dric Ragot pour Rosenthal, Squall est une collection de vases en porcelaine fine \u00e0 la finition polie.Squall est une collection de vases au\" \/>\n<meta property=\"og:url\" content=\"https:\/\/dev6.erresse-shop.it\/fr\/shop\/ameublement-maison\/vases-fr\/rosenthal-vase-squall-40-cm-blanc\/\" \/>\n<meta property=\"og:site_name\" content=\"dev6 Erresse\" \/>\n<meta property=\"og:image\" content=\"https:\/\/interpim.erresse-shop.it\/Import\/Prodotti\/vaso-squall-weiss-40-cm-2.jpg\" \/><meta property=\"og:image\" content=\"https:\/\/interpim.erresse-shop.it\/Import\/Prodotti\/vaso-squall-weiss-40-cm-2.jpg\" \/>\n\t<meta property=\"og:image:width\" content=\"1024\" \/>\n\t<meta property=\"og:image:height\" content=\"1024\" \/>\n\t<meta property=\"og:image:type\" content=\"image\/jpeg\" \/>\n<meta name=\"twitter:card\" content=\"summary_large_image\" \/>\n<meta name=\"twitter:image\" content=\"https:\/\/interpim.erresse-shop.it\/Import\/Prodotti\/vaso-squall-weiss-40-cm-2.jpg\" \/>\n<script type=\"application\/ld+json\" class=\"yoast-schema-graph\">{\"@context\":\"https:\/\/schema.org\",\"@graph\":[{\"@type\":\"WebPage\",\"@id\":\"https:\/\/dev6.erresse-shop.it\/fr\/shop\/ameublement-maison\/vases-fr\/rosenthal-vase-squall-40-cm-blanc\/\",\"url\":\"https:\/\/dev6.erresse-shop.it\/fr\/shop\/ameublement-maison\/vases-fr\/rosenthal-vase-squall-40-cm-blanc\/\",\"name\":\"ROSENTHAL Vase Squall 40 cm Blanc - dev6 Erresse\",\"isPartOf\":{\"@id\":\"https:\/\/dev6.erresse-shop.it\/#website\"},\"primaryImageOfPage\":{\"@id\":\"https:\/\/dev6.erresse-shop.it\/fr\/shop\/ameublement-maison\/vases-fr\/rosenthal-vase-squall-40-cm-blanc\/#primaryimage\"},\"image\":{\"@id\":\"https:\/\/dev6.erresse-shop.it\/fr\/shop\/ameublement-maison\/vases-fr\/rosenthal-vase-squall-40-cm-blanc\/#primaryimage\"},\"thumbnailUrl\":\"https:\/\/i0.wp.com\/interpim.erresse-shop.it\/Import\/Prodotti\/vaso-squall-weiss-40-cm-2.jpg?ssl=1\",\"datePublished\":\"2026-04-12T06:58:57+00:00\",\"description\":\"Con\u00e7ue par C\u00e9dric Ragot pour Rosenthal, Squall est une collection de vases en porcelaine fine \u00e0 la finition polie.Squall est une collection de vases au\",\"breadcrumb\":{\"@id\":\"https:\/\/dev6.erresse-shop.it\/fr\/shop\/ameublement-maison\/vases-fr\/rosenthal-vase-squall-40-cm-blanc\/#breadcrumb\"},\"inLanguage\":\"fr-FR\",\"potentialAction\":[{\"@type\":\"ReadAction\",\"target\":[\"https:\/\/dev6.erresse-shop.it\/fr\/shop\/ameublement-maison\/vases-fr\/rosenthal-vase-squall-40-cm-blanc\/\"]}]},{\"@type\":\"ImageObject\",\"inLanguage\":\"fr-FR\",\"@id\":\"https:\/\/dev6.erresse-shop.it\/fr\/shop\/ameublement-maison\/vases-fr\/rosenthal-vase-squall-40-cm-blanc\/#primaryimage\",\"url\":\"https:\/\/i0.wp.com\/interpim.erresse-shop.it\/Import\/Prodotti\/vaso-squall-weiss-40-cm-2.jpg?ssl=1\",\"contentUrl\":\"https:\/\/i0.wp.com\/interpim.erresse-shop.it\/Import\/Prodotti\/vaso-squall-weiss-40-cm-2.jpg?ssl=1\"},{\"@type\":\"BreadcrumbList\",\"@id\":\"https:\/\/dev6.erresse-shop.it\/fr\/shop\/ameublement-maison\/vases-fr\/rosenthal-vase-squall-40-cm-blanc\/#breadcrumb\",\"itemListElement\":[{\"@type\":\"ListItem\",\"position\":1,\"name\":\"Home\",\"item\":\"https:\/\/dev6.erresse-shop.it\/\"},{\"@type\":\"ListItem\",\"position\":2,\"name\":\"Boutique\",\"item\":\"https:\/\/dev6.erresse-shop.it\/shop\/\"},{\"@type\":\"ListItem\",\"position\":3,\"name\":\"ROSENTHAL Vase Squall 40 cm Blanc\"}]},{\"@type\":\"WebSite\",\"@id\":\"https:\/\/dev6.erresse-shop.it\/#website\",\"url\":\"https:\/\/dev6.erresse-shop.it\/\",\"name\":\"Erresse Shop\",\"description\":\"\",\"publisher\":{\"@id\":\"https:\/\/dev6.erresse-shop.it\/#organization\"},\"potentialAction\":[{\"@type\":\"SearchAction\",\"target\":{\"@type\":\"EntryPoint\",\"urlTemplate\":\"https:\/\/dev6.erresse-shop.it\/?s={search_term_string}\"},\"query-input\":{\"@type\":\"PropertyValueSpecification\",\"valueRequired\":true,\"valueName\":\"search_term_string\"}}],\"inLanguage\":\"fr-FR\"},{\"@type\":\"Organization\",\"@id\":\"https:\/\/dev6.erresse-shop.it\/#organization\",\"name\":\"Erresse Shop\",\"url\":\"https:\/\/dev6.erresse-shop.it\/\",\"logo\":{\"@type\":\"ImageObject\",\"inLanguage\":\"fr-FR\",\"@id\":\"https:\/\/dev6.erresse-shop.it\/#\/schema\/logo\/image\/\",\"url\":\"https:\/\/dev6.erresse-shop.it\/wp-content\/uploads\/2025\/01\/LOGO-ERRESSE-CLASSICO.svg\",\"contentUrl\":\"https:\/\/dev6.erresse-shop.it\/wp-content\/uploads\/2025\/01\/LOGO-ERRESSE-CLASSICO.svg\",\"caption\":\"Erresse Shop\"},\"image\":{\"@id\":\"https:\/\/dev6.erresse-shop.it\/#\/schema\/logo\/image\/\"}}]}<\/script>\n<!-- \/ Yoast SEO plugin. -->","yoast_head_json":{"title":"ROSENTHAL Vase Squall 40 cm Blanc - dev6 Erresse","description":"Con\u00e7ue par C\u00e9dric Ragot pour Rosenthal, Squall est une collection de vases en porcelaine fine \u00e0 la finition polie.Squall est une collection de vases au","robots":{"index":"noindex","follow":"follow","max-snippet":"max-snippet:-1","max-image-preview":"max-image-preview:large","max-video-preview":"max-video-preview:-1"},"og_locale":"fr_FR","og_type":"article","og_title":"ROSENTHAL Vase Squall 40 cm Blanc - dev6 Erresse","og_description":"Con\u00e7ue par C\u00e9dric Ragot pour Rosenthal, Squall est une collection de vases en porcelaine fine \u00e0 la finition polie.Squall est une collection de vases au","og_url":"https:\/\/dev6.erresse-shop.it\/fr\/shop\/ameublement-maison\/vases-fr\/rosenthal-vase-squall-40-cm-blanc\/","og_site_name":"dev6 Erresse","og_image":[{"url":"https:\/\/interpim.erresse-shop.it\/Import\/Prodotti\/vaso-squall-weiss-40-cm-2.jpg","type":"","width":"","height":""},{"url":"https:\/\/interpim.erresse-shop.it\/Import\/Prodotti\/vaso-squall-weiss-40-cm-2.jpg","width":1024,"height":1024,"type":"image\/jpeg"}],"twitter_card":"summary_large_image","twitter_image":"https:\/\/interpim.erresse-shop.it\/Import\/Prodotti\/vaso-squall-weiss-40-cm-2.jpg","schema":{"@context":"https:\/\/schema.org","@graph":[{"@type":"WebPage","@id":"https:\/\/dev6.erresse-shop.it\/fr\/shop\/ameublement-maison\/vases-fr\/rosenthal-vase-squall-40-cm-blanc\/","url":"https:\/\/dev6.erresse-shop.it\/fr\/shop\/ameublement-maison\/vases-fr\/rosenthal-vase-squall-40-cm-blanc\/","name":"ROSENTHAL Vase Squall 40 cm Blanc - dev6 Erresse","isPartOf":{"@id":"https:\/\/dev6.erresse-shop.it\/#website"},"primaryImageOfPage":{"@id":"https:\/\/dev6.erresse-shop.it\/fr\/shop\/ameublement-maison\/vases-fr\/rosenthal-vase-squall-40-cm-blanc\/#primaryimage"},"image":{"@id":"https:\/\/dev6.erresse-shop.it\/fr\/shop\/ameublement-maison\/vases-fr\/rosenthal-vase-squall-40-cm-blanc\/#primaryimage"},"thumbnailUrl":"https:\/\/i0.wp.com\/interpim.erresse-shop.it\/Import\/Prodotti\/vaso-squall-weiss-40-cm-2.jpg?ssl=1","datePublished":"2026-04-12T06:58:57+00:00","description":"Con\u00e7ue par C\u00e9dric Ragot pour Rosenthal, Squall est une collection de vases en porcelaine fine \u00e0 la finition polie.Squall est une collection de vases au","breadcrumb":{"@id":"https:\/\/dev6.erresse-shop.it\/fr\/shop\/ameublement-maison\/vases-fr\/rosenthal-vase-squall-40-cm-blanc\/#breadcrumb"},"inLanguage":"fr-FR","potentialAction":[{"@type":"ReadAction","target":["https:\/\/dev6.erresse-shop.it\/fr\/shop\/ameublement-maison\/vases-fr\/rosenthal-vase-squall-40-cm-blanc\/"]}]},{"@type":"ImageObject","inLanguage":"fr-FR","@id":"https:\/\/dev6.erresse-shop.it\/fr\/shop\/ameublement-maison\/vases-fr\/rosenthal-vase-squall-40-cm-blanc\/#primaryimage","url":"https:\/\/i0.wp.com\/interpim.erresse-shop.it\/Import\/Prodotti\/vaso-squall-weiss-40-cm-2.jpg?ssl=1","contentUrl":"https:\/\/i0.wp.com\/interpim.erresse-shop.it\/Import\/Prodotti\/vaso-squall-weiss-40-cm-2.jpg?ssl=1"},{"@type":"BreadcrumbList","@id":"https:\/\/dev6.erresse-shop.it\/fr\/shop\/ameublement-maison\/vases-fr\/rosenthal-vase-squall-40-cm-blanc\/#breadcrumb","itemListElement":[{"@type":"ListItem","position":1,"name":"Home","item":"https:\/\/dev6.erresse-shop.it\/"},{"@type":"ListItem","position":2,"name":"Boutique","item":"https:\/\/dev6.erresse-shop.it\/shop\/"},{"@type":"ListItem","position":3,"name":"ROSENTHAL Vase Squall 40 cm Blanc"}]},{"@type":"WebSite","@id":"https:\/\/dev6.erresse-shop.it\/#website","url":"https:\/\/dev6.erresse-shop.it\/","name":"Erresse Shop","description":"","publisher":{"@id":"https:\/\/dev6.erresse-shop.it\/#organization"},"potentialAction":[{"@type":"SearchAction","target":{"@type":"EntryPoint","urlTemplate":"https:\/\/dev6.erresse-shop.it\/?s={search_term_string}"},"query-input":{"@type":"PropertyValueSpecification","valueRequired":true,"valueName":"search_term_string"}}],"inLanguage":"fr-FR"},{"@type":"Organization","@id":"https:\/\/dev6.erresse-shop.it\/#organization","name":"Erresse Shop","url":"https:\/\/dev6.erresse-shop.it\/","logo":{"@type":"ImageObject","inLanguage":"fr-FR","@id":"https:\/\/dev6.erresse-shop.it\/#\/schema\/logo\/image\/","url":"https:\/\/dev6.erresse-shop.it\/wp-content\/uploads\/2025\/01\/LOGO-ERRESSE-CLASSICO.svg","contentUrl":"https:\/\/dev6.erresse-shop.it\/wp-content\/uploads\/2025\/01\/LOGO-ERRESSE-CLASSICO.svg","caption":"Erresse Shop"},"image":{"@id":"https:\/\/dev6.erresse-shop.it\/#\/schema\/logo\/image\/"}}]}},"df_price":469.95,"df_sale_price":469.95,"df_regular_price":545,"df_image_link":"https:\/\/i0.wp.com\/interpim.erresse-shop.it\/Import\/Prodotti\/vaso-squall-weiss-40-cm-2.jpg?resize=300,300&ssl=1","fifu_image_url":"https:\/\/interpim.erresse-shop.it\/Import\/Prodotti\/vaso-squall-weiss-40-cm-2.jpg","_links":{"self":[{"href":"https:\/\/dev6.erresse-shop.it\/fr\/wp-json\/wp\/v2\/product\/60026","targetHints":{"allow":["GET"]}}],"collection":[{"href":"https:\/\/dev6.erresse-shop.it\/fr\/wp-json\/wp\/v2\/product"}],"about":[{"href":"https:\/\/dev6.erresse-shop.it\/fr\/wp-json\/wp\/v2\/types\/product"}],"wp:featuredmedia":[{"embeddable":true,"href":"https:\/\/dev6.erresse-shop.it\/fr\/wp-json\/wp\/v2\/media\/6355697"}],"wp:attachment":[{"href":"https:\/\/dev6.erresse-shop.it\/fr\/wp-json\/wp\/v2\/media?parent=60026"}],"wp:term":[{"taxonomy":"product_cat","embeddable":true,"href":"https:\/\/dev6.erresse-shop.it\/fr\/wp-json\/wp\/v2\/product_cat?post=60026"},{"taxonomy":"product_tag","embeddable":true,"href":"https:\/\/dev6.erresse-shop.it\/fr\/wp-json\/wp\/v2\/product_tag?post=60026"}],"curies":[{"name":"wp","href":"https:\/\/api.w.org\/{rel}","templated":true}]}}