{"id":60012,"date":"2026-04-12T08:58:57","date_gmt":"2026-04-12T06:58:57","guid":{"rendered":"https:\/\/dev6.erresse-shop.it\/shop\/non%20class\u00e9\/emile-henry-boite-a-fromage-blanc\/"},"modified":"2025-09-14T04:31:26","modified_gmt":"2025-09-14T02:31:26","slug":"emile-henry-boite-a-fromage-blanc","status":"publish","type":"product","link":"https:\/\/dev6.erresse-shop.it\/fr\/shop\/table-fr-2\/recipients-et-bols\/emile-henry-boite-a-fromage-blanc\/","title":{"rendered":"EMILE HENRY Bo\u00eete \u00e0 Fromage Blanc"},"content":{"rendered":"<p>Id\u00e9ale pour le stockage dans des environnements frais, la bo\u00eete \u00e0 fromage en c\u00e9ramique est pratique pour conserver, prot\u00e9ger et servir toutes sortes de fromages. Le couvercle de la bo\u00eete devient \u00e9galement un joli plat de service lorsqu\u2019il est retourn\u00e9.<\/p>\n<p>D\u2019une capacit\u00e9 de 3,5 litres, la Cheese Box peut contenir jusqu\u2019\u00e0 10 pi\u00e8ces. Il est con\u00e7u pour une conservation optimale \u00e0 l\u2019int\u00e9rieur de la bo\u00eete, mais aussi au r\u00e9frig\u00e9rateur. \u00c9troite et profonde, elle prend peu de place sur l\u2019\u00e9tag\u00e8re. Son couvercle plat permet de ranger d\u2019autres r\u00e9cipients ou plats.<\/p>\n<p>Les poign\u00e9es lat\u00e9rales permettent de manipuler facilement la bo\u00eete \u00e0 fromage et son couvercle au r\u00e9frig\u00e9rateur et \u00e0 table. Pour faire passer le fromage du r\u00e9frig\u00e9rateur \u00e0 la table, il suffit de retourner le couvercle, de disposer les morceaux de fromage, entiers ou en tranches, et de les apporter \u00e0 la table pour les servir.<\/p>\n<p>Une fois termin\u00e9, il suffit d\u2019emballer les restes de fromage, de les replacer dans la bo\u00eete, de la refermer avec le couvercle apr\u00e8s nettoyage et de la ranger.<\/p>\n<p>Longueur \/ Diam\u00e8tre : 31 cm<br \/>\nLargeur : 20,5 cm<br \/>\nHauteur : 11 cm<br \/>\nPoids : 2,5kg<\/p>\n","protected":false},"excerpt":{"rendered":"<p>Id\u00e9ale pour le stockage dans des environnements frais, la bo\u00eete \u00e0 fromage en c\u00e9ramique est pratique pour conserver, prot\u00e9ger et servir toutes sortes de fromages. Le couvercle de la bo\u00eete devient \u00e9galement un joli plat de service lorsqu\u2019il est retourn\u00e9. D\u2019une capacit\u00e9 de 3,5 litres, la Cheese Box peut contenir jusqu\u2019\u00e0 10 pi\u00e8ces. Il est [&hellip;]<\/p>\n","protected":false},"featured_media":6355614,"template":"","meta":{"_acf_changed":false},"product_cat":[12015,11995,11671],"product_tag":[],"class_list":{"0":"post-60012","1":"product","2":"type-product","3":"status-publish","4":"has-post-thumbnail","6":"product_cat-recipients-et-bols","7":"product_cat-table-fr-2","8":"product_cat-tavola","10":"first","11":"outofstock","12":"sale","13":"taxable","14":"shipping-taxable","15":"purchasable","16":"product-type-simple","swatches":"rey-swatches","show_selected":"","stretch_labels":"rey-swatches--stretch-labels"},"acf":[],"yoast_head":"<!-- This site is optimized with the Yoast SEO plugin v25.4 - https:\/\/yoast.com\/wordpress\/plugins\/seo\/ -->\n<title>EMILE HENRY Bo\u00eete \u00e0 Fromage Blanc - dev6 Erresse<\/title>\n<meta name=\"description\" content=\"Id\u00e9ale pour le stockage dans des environnements frais, la bo\u00eete \u00e0 fromage en c\u00e9ramique est pratique pour conserver, prot\u00e9ger et servir toutes sortes de\" \/>\n<meta name=\"robots\" content=\"noindex, follow, max-snippet:-1, max-image-preview:large, max-video-preview:-1\" \/>\n<meta property=\"og:locale\" content=\"fr_FR\" \/>\n<meta property=\"og:type\" content=\"article\" \/>\n<meta property=\"og:title\" content=\"EMILE HENRY Bo\u00eete \u00e0 Fromage Blanc - dev6 Erresse\" \/>\n<meta property=\"og:description\" content=\"Id\u00e9ale pour le stockage dans des environnements frais, la bo\u00eete \u00e0 fromage en c\u00e9ramique est pratique pour conserver, prot\u00e9ger et servir toutes sortes de\" \/>\n<meta property=\"og:url\" content=\"https:\/\/dev6.erresse-shop.it\/fr\/shop\/table-fr-2\/recipients-et-bols\/emile-henry-boite-a-fromage-blanc\/\" \/>\n<meta property=\"og:site_name\" content=\"dev6 Erresse\" \/>\n<meta property=\"og:image\" content=\"https:\/\/interpim.erresse-shop.it\/Import\/Prodotti\/emile-henry-cheese-box-bianco.jpg\" \/><meta property=\"og:image\" content=\"https:\/\/interpim.erresse-shop.it\/Import\/Prodotti\/emile-henry-cheese-box-bianco.jpg\" \/>\n\t<meta property=\"og:image:width\" content=\"1024\" \/>\n\t<meta property=\"og:image:height\" content=\"1024\" \/>\n\t<meta property=\"og:image:type\" content=\"image\/jpeg\" \/>\n<meta name=\"twitter:card\" content=\"summary_large_image\" \/>\n<meta name=\"twitter:image\" content=\"https:\/\/interpim.erresse-shop.it\/Import\/Prodotti\/emile-henry-cheese-box-bianco.jpg\" \/>\n<script type=\"application\/ld+json\" class=\"yoast-schema-graph\">{\"@context\":\"https:\/\/schema.org\",\"@graph\":[{\"@type\":\"WebPage\",\"@id\":\"https:\/\/dev6.erresse-shop.it\/fr\/shop\/table-fr-2\/recipients-et-bols\/emile-henry-boite-a-fromage-blanc\/\",\"url\":\"https:\/\/dev6.erresse-shop.it\/fr\/shop\/table-fr-2\/recipients-et-bols\/emile-henry-boite-a-fromage-blanc\/\",\"name\":\"EMILE HENRY Bo\u00eete \u00e0 Fromage Blanc - dev6 Erresse\",\"isPartOf\":{\"@id\":\"https:\/\/dev6.erresse-shop.it\/#website\"},\"primaryImageOfPage\":{\"@id\":\"https:\/\/dev6.erresse-shop.it\/fr\/shop\/table-fr-2\/recipients-et-bols\/emile-henry-boite-a-fromage-blanc\/#primaryimage\"},\"image\":{\"@id\":\"https:\/\/dev6.erresse-shop.it\/fr\/shop\/table-fr-2\/recipients-et-bols\/emile-henry-boite-a-fromage-blanc\/#primaryimage\"},\"thumbnailUrl\":\"https:\/\/i1.wp.com\/interpim.erresse-shop.it\/Import\/Prodotti\/emile-henry-cheese-box-bianco.jpg?ssl=1\",\"datePublished\":\"2026-04-12T06:58:57+00:00\",\"description\":\"Id\u00e9ale pour le stockage dans des environnements frais, la bo\u00eete \u00e0 fromage en c\u00e9ramique est pratique pour conserver, prot\u00e9ger et servir toutes sortes de\",\"breadcrumb\":{\"@id\":\"https:\/\/dev6.erresse-shop.it\/fr\/shop\/table-fr-2\/recipients-et-bols\/emile-henry-boite-a-fromage-blanc\/#breadcrumb\"},\"inLanguage\":\"fr-FR\",\"potentialAction\":[{\"@type\":\"ReadAction\",\"target\":[\"https:\/\/dev6.erresse-shop.it\/fr\/shop\/table-fr-2\/recipients-et-bols\/emile-henry-boite-a-fromage-blanc\/\"]}]},{\"@type\":\"ImageObject\",\"inLanguage\":\"fr-FR\",\"@id\":\"https:\/\/dev6.erresse-shop.it\/fr\/shop\/table-fr-2\/recipients-et-bols\/emile-henry-boite-a-fromage-blanc\/#primaryimage\",\"url\":\"https:\/\/i1.wp.com\/interpim.erresse-shop.it\/Import\/Prodotti\/emile-henry-cheese-box-bianco.jpg?ssl=1\",\"contentUrl\":\"https:\/\/i1.wp.com\/interpim.erresse-shop.it\/Import\/Prodotti\/emile-henry-cheese-box-bianco.jpg?ssl=1\"},{\"@type\":\"BreadcrumbList\",\"@id\":\"https:\/\/dev6.erresse-shop.it\/fr\/shop\/table-fr-2\/recipients-et-bols\/emile-henry-boite-a-fromage-blanc\/#breadcrumb\",\"itemListElement\":[{\"@type\":\"ListItem\",\"position\":1,\"name\":\"Home\",\"item\":\"https:\/\/dev6.erresse-shop.it\/\"},{\"@type\":\"ListItem\",\"position\":2,\"name\":\"Boutique\",\"item\":\"https:\/\/dev6.erresse-shop.it\/shop\/\"},{\"@type\":\"ListItem\",\"position\":3,\"name\":\"EMILE HENRY Bo\u00eete \u00e0 Fromage Blanc\"}]},{\"@type\":\"WebSite\",\"@id\":\"https:\/\/dev6.erresse-shop.it\/#website\",\"url\":\"https:\/\/dev6.erresse-shop.it\/\",\"name\":\"Erresse Shop\",\"description\":\"\",\"publisher\":{\"@id\":\"https:\/\/dev6.erresse-shop.it\/#organization\"},\"potentialAction\":[{\"@type\":\"SearchAction\",\"target\":{\"@type\":\"EntryPoint\",\"urlTemplate\":\"https:\/\/dev6.erresse-shop.it\/?s={search_term_string}\"},\"query-input\":{\"@type\":\"PropertyValueSpecification\",\"valueRequired\":true,\"valueName\":\"search_term_string\"}}],\"inLanguage\":\"fr-FR\"},{\"@type\":\"Organization\",\"@id\":\"https:\/\/dev6.erresse-shop.it\/#organization\",\"name\":\"Erresse Shop\",\"url\":\"https:\/\/dev6.erresse-shop.it\/\",\"logo\":{\"@type\":\"ImageObject\",\"inLanguage\":\"fr-FR\",\"@id\":\"https:\/\/dev6.erresse-shop.it\/#\/schema\/logo\/image\/\",\"url\":\"https:\/\/dev6.erresse-shop.it\/wp-content\/uploads\/2025\/01\/LOGO-ERRESSE-CLASSICO.svg\",\"contentUrl\":\"https:\/\/dev6.erresse-shop.it\/wp-content\/uploads\/2025\/01\/LOGO-ERRESSE-CLASSICO.svg\",\"caption\":\"Erresse Shop\"},\"image\":{\"@id\":\"https:\/\/dev6.erresse-shop.it\/#\/schema\/logo\/image\/\"}}]}<\/script>\n<!-- \/ Yoast SEO plugin. -->","yoast_head_json":{"title":"EMILE HENRY Bo\u00eete \u00e0 Fromage Blanc - dev6 Erresse","description":"Id\u00e9ale pour le stockage dans des environnements frais, la bo\u00eete \u00e0 fromage en c\u00e9ramique est pratique pour conserver, prot\u00e9ger et servir toutes sortes de","robots":{"index":"noindex","follow":"follow","max-snippet":"max-snippet:-1","max-image-preview":"max-image-preview:large","max-video-preview":"max-video-preview:-1"},"og_locale":"fr_FR","og_type":"article","og_title":"EMILE HENRY Bo\u00eete \u00e0 Fromage Blanc - dev6 Erresse","og_description":"Id\u00e9ale pour le stockage dans des environnements frais, la bo\u00eete \u00e0 fromage en c\u00e9ramique est pratique pour conserver, prot\u00e9ger et servir toutes sortes de","og_url":"https:\/\/dev6.erresse-shop.it\/fr\/shop\/table-fr-2\/recipients-et-bols\/emile-henry-boite-a-fromage-blanc\/","og_site_name":"dev6 Erresse","og_image":[{"url":"https:\/\/interpim.erresse-shop.it\/Import\/Prodotti\/emile-henry-cheese-box-bianco.jpg","type":"","width":"","height":""},{"url":"https:\/\/interpim.erresse-shop.it\/Import\/Prodotti\/emile-henry-cheese-box-bianco.jpg","width":1024,"height":1024,"type":"image\/jpeg"}],"twitter_card":"summary_large_image","twitter_image":"https:\/\/interpim.erresse-shop.it\/Import\/Prodotti\/emile-henry-cheese-box-bianco.jpg","schema":{"@context":"https:\/\/schema.org","@graph":[{"@type":"WebPage","@id":"https:\/\/dev6.erresse-shop.it\/fr\/shop\/table-fr-2\/recipients-et-bols\/emile-henry-boite-a-fromage-blanc\/","url":"https:\/\/dev6.erresse-shop.it\/fr\/shop\/table-fr-2\/recipients-et-bols\/emile-henry-boite-a-fromage-blanc\/","name":"EMILE HENRY Bo\u00eete \u00e0 Fromage Blanc - dev6 Erresse","isPartOf":{"@id":"https:\/\/dev6.erresse-shop.it\/#website"},"primaryImageOfPage":{"@id":"https:\/\/dev6.erresse-shop.it\/fr\/shop\/table-fr-2\/recipients-et-bols\/emile-henry-boite-a-fromage-blanc\/#primaryimage"},"image":{"@id":"https:\/\/dev6.erresse-shop.it\/fr\/shop\/table-fr-2\/recipients-et-bols\/emile-henry-boite-a-fromage-blanc\/#primaryimage"},"thumbnailUrl":"https:\/\/i1.wp.com\/interpim.erresse-shop.it\/Import\/Prodotti\/emile-henry-cheese-box-bianco.jpg?ssl=1","datePublished":"2026-04-12T06:58:57+00:00","description":"Id\u00e9ale pour le stockage dans des environnements frais, la bo\u00eete \u00e0 fromage en c\u00e9ramique est pratique pour conserver, prot\u00e9ger et servir toutes sortes de","breadcrumb":{"@id":"https:\/\/dev6.erresse-shop.it\/fr\/shop\/table-fr-2\/recipients-et-bols\/emile-henry-boite-a-fromage-blanc\/#breadcrumb"},"inLanguage":"fr-FR","potentialAction":[{"@type":"ReadAction","target":["https:\/\/dev6.erresse-shop.it\/fr\/shop\/table-fr-2\/recipients-et-bols\/emile-henry-boite-a-fromage-blanc\/"]}]},{"@type":"ImageObject","inLanguage":"fr-FR","@id":"https:\/\/dev6.erresse-shop.it\/fr\/shop\/table-fr-2\/recipients-et-bols\/emile-henry-boite-a-fromage-blanc\/#primaryimage","url":"https:\/\/i1.wp.com\/interpim.erresse-shop.it\/Import\/Prodotti\/emile-henry-cheese-box-bianco.jpg?ssl=1","contentUrl":"https:\/\/i1.wp.com\/interpim.erresse-shop.it\/Import\/Prodotti\/emile-henry-cheese-box-bianco.jpg?ssl=1"},{"@type":"BreadcrumbList","@id":"https:\/\/dev6.erresse-shop.it\/fr\/shop\/table-fr-2\/recipients-et-bols\/emile-henry-boite-a-fromage-blanc\/#breadcrumb","itemListElement":[{"@type":"ListItem","position":1,"name":"Home","item":"https:\/\/dev6.erresse-shop.it\/"},{"@type":"ListItem","position":2,"name":"Boutique","item":"https:\/\/dev6.erresse-shop.it\/shop\/"},{"@type":"ListItem","position":3,"name":"EMILE HENRY Bo\u00eete \u00e0 Fromage Blanc"}]},{"@type":"WebSite","@id":"https:\/\/dev6.erresse-shop.it\/#website","url":"https:\/\/dev6.erresse-shop.it\/","name":"Erresse Shop","description":"","publisher":{"@id":"https:\/\/dev6.erresse-shop.it\/#organization"},"potentialAction":[{"@type":"SearchAction","target":{"@type":"EntryPoint","urlTemplate":"https:\/\/dev6.erresse-shop.it\/?s={search_term_string}"},"query-input":{"@type":"PropertyValueSpecification","valueRequired":true,"valueName":"search_term_string"}}],"inLanguage":"fr-FR"},{"@type":"Organization","@id":"https:\/\/dev6.erresse-shop.it\/#organization","name":"Erresse Shop","url":"https:\/\/dev6.erresse-shop.it\/","logo":{"@type":"ImageObject","inLanguage":"fr-FR","@id":"https:\/\/dev6.erresse-shop.it\/#\/schema\/logo\/image\/","url":"https:\/\/dev6.erresse-shop.it\/wp-content\/uploads\/2025\/01\/LOGO-ERRESSE-CLASSICO.svg","contentUrl":"https:\/\/dev6.erresse-shop.it\/wp-content\/uploads\/2025\/01\/LOGO-ERRESSE-CLASSICO.svg","caption":"Erresse Shop"},"image":{"@id":"https:\/\/dev6.erresse-shop.it\/#\/schema\/logo\/image\/"}}]}},"df_price":65.95,"df_sale_price":65.95,"df_regular_price":79.9,"df_image_link":"https:\/\/i1.wp.com\/interpim.erresse-shop.it\/Import\/Prodotti\/emile-henry-cheese-box-bianco.jpg?resize=300,300&ssl=1","fifu_image_url":"https:\/\/interpim.erresse-shop.it\/Import\/Prodotti\/emile-henry-cheese-box-bianco.jpg","_links":{"self":[{"href":"https:\/\/dev6.erresse-shop.it\/fr\/wp-json\/wp\/v2\/product\/60012","targetHints":{"allow":["GET"]}}],"collection":[{"href":"https:\/\/dev6.erresse-shop.it\/fr\/wp-json\/wp\/v2\/product"}],"about":[{"href":"https:\/\/dev6.erresse-shop.it\/fr\/wp-json\/wp\/v2\/types\/product"}],"wp:featuredmedia":[{"embeddable":true,"href":"https:\/\/dev6.erresse-shop.it\/fr\/wp-json\/wp\/v2\/media\/6355614"}],"wp:attachment":[{"href":"https:\/\/dev6.erresse-shop.it\/fr\/wp-json\/wp\/v2\/media?parent=60012"}],"wp:term":[{"taxonomy":"product_cat","embeddable":true,"href":"https:\/\/dev6.erresse-shop.it\/fr\/wp-json\/wp\/v2\/product_cat?post=60012"},{"taxonomy":"product_tag","embeddable":true,"href":"https:\/\/dev6.erresse-shop.it\/fr\/wp-json\/wp\/v2\/product_tag?post=60012"}],"curies":[{"name":"wp","href":"https:\/\/api.w.org\/{rel}","templated":true}]}}