{"id":60008,"date":"2026-04-12T08:57:46","date_gmt":"2026-04-12T06:57:46","guid":{"rendered":"https:\/\/dev6.erresse-shop.it\/shop\/non%20class\u00e9\/emile-henry-plat-a-four-pour-focaccia-rouge\/"},"modified":"2025-11-22T17:59:01","modified_gmt":"2025-11-22T16:59:01","slug":"emile-henry-plat-a-four-pour-focaccia-rouge","status":"publish","type":"product","link":"https:\/\/dev6.erresse-shop.it\/fr\/shop\/poeles-pots\/plats-et-casseroles-a-four\/emile-henry-plat-a-four-pour-focaccia-rouge\/","title":{"rendered":"EMILE HENRY Plat \u00e0 Four pour Focaccia Rouge"},"content":{"rendered":"<p>De taille g\u00e9n\u00e9reuse, avec des c\u00f4t\u00e9s hauts et des poign\u00e9es pratiques, il est id\u00e9al pour servir directement du four \u00e0 la table ! Fabriqu\u00e9e en c\u00e9ramique, notre po\u00eale \u00e0 focaccia diffuse la chaleur lentement et uniform\u00e9ment, de sorte que m\u00eame la focaccia la plus \u00e9paisse est parfaitement cuite jusqu\u2019au centre. Le r\u00e9sultat est une cro\u00fbte dor\u00e9e avec un int\u00e9rieur doux et a\u00e9r\u00e9.<\/p>\n<p>Mais qu\u2019est-ce qu\u2019une focaccia ? Certains le consid\u00e8rent comme un pain plat, d\u2019autres comme une pizza \u00e9paisse\u2026 Cette sp\u00e9cialit\u00e9 italienne se trouve \u00e9galement dans la r\u00e9gion de Provence en France, mais elle est connue sous le nom de \u201cFougasse\u201d, et est d\u00e9licieuse \u00e0 tout moment de la journ\u00e9e ! Non parfum\u00e9 pour le petit d\u00e9jeuner, il peut aussi \u00eatre aromatis\u00e9 au romarin et tremp\u00e9 dans de l\u2019huile d\u2019olive pour l\u2019ap\u00e9ritif. Avec l\u2019ajout de bacon et de fromage, il peut \u00eatre servi avec une salade pour le d\u00e9jeuner ou le d\u00eener.<\/p>\n<p>Quelle que soit la recette, elle est toujours un r\u00e9gal pour les yeux lorsqu\u2019elle est pr\u00e9sent\u00e9e dans notre plat de cuisson \u00e9l\u00e9gant mais pratique. Une g\u00e9n\u00e9reuse dose d\u2019huile d\u2019olive sur toute la surface facilitera la cuisson, tandis que notre rev\u00eatement \u00e0 base de verre tr\u00e8s r\u00e9sistant permet d\u2019utiliser des ustensiles en m\u00e9tal pour couper et servir. Le moule est facile \u00e0 nettoyer, que ce soit au lave-vaisselle ou \u00e0 la main.<\/p>\n<p>Longueur\/diam\u00e8tre : 40,5 cm<br \/>\nLargeur : 31,5 cm<br \/>\nHauteur : 6,9 cm<br \/>\nTemp\u00e9rature maximale : 290 \u00b0C<br \/>\nTemp\u00e9rature minimale : -20 \u00b0C<\/p>\n","protected":false},"excerpt":{"rendered":"<p>De taille g\u00e9n\u00e9reuse, avec des c\u00f4t\u00e9s hauts et des poign\u00e9es pratiques, il est id\u00e9al pour servir directement du four \u00e0 la table ! Fabriqu\u00e9e en c\u00e9ramique, notre po\u00eale \u00e0 focaccia diffuse la chaleur lentement et uniform\u00e9ment, de sorte que m\u00eame la focaccia la plus \u00e9paisse est parfaitement cuite jusqu\u2019au centre. Le r\u00e9sultat est une cro\u00fbte [&hellip;]<\/p>\n","protected":false},"featured_media":6355587,"template":"","meta":{"_acf_changed":false},"product_cat":[11667,12050,11991],"product_tag":[],"class_list":{"0":"post-60008","1":"product","2":"type-product","3":"status-publish","4":"has-post-thumbnail","6":"product_cat-padelle-pentole","7":"product_cat-plats-et-casseroles-a-four","8":"product_cat-poeles-pots","10":"first","11":"instock","12":"sale","13":"taxable","14":"shipping-taxable","15":"purchasable","16":"product-type-simple","swatches":"rey-swatches","show_selected":"","stretch_labels":"rey-swatches--stretch-labels"},"acf":[],"yoast_head":"<!-- This site is optimized with the Yoast SEO plugin v25.4 - https:\/\/yoast.com\/wordpress\/plugins\/seo\/ -->\n<title>EMILE HENRY Plat \u00e0 Four pour Focaccia Rouge - dev6 Erresse<\/title>\n<meta name=\"description\" content=\"De taille g\u00e9n\u00e9reuse, avec des c\u00f4t\u00e9s hauts et des poign\u00e9es pratiques, il est id\u00e9al pour servir directement du four \u00e0 la table ! Fabriqu\u00e9e en c\u00e9ramique,\" \/>\n<meta name=\"robots\" content=\"noindex, follow, max-snippet:-1, max-image-preview:large, max-video-preview:-1\" \/>\n<meta property=\"og:locale\" content=\"fr_FR\" \/>\n<meta property=\"og:type\" content=\"article\" \/>\n<meta property=\"og:title\" content=\"EMILE HENRY Plat \u00e0 Four pour Focaccia Rouge - dev6 Erresse\" \/>\n<meta property=\"og:description\" content=\"De taille g\u00e9n\u00e9reuse, avec des c\u00f4t\u00e9s hauts et des poign\u00e9es pratiques, il est id\u00e9al pour servir directement du four \u00e0 la table ! Fabriqu\u00e9e en c\u00e9ramique,\" \/>\n<meta property=\"og:url\" content=\"https:\/\/dev6.erresse-shop.it\/fr\/shop\/poeles-pots\/plats-et-casseroles-a-four\/emile-henry-plat-a-four-pour-focaccia-rouge\/\" \/>\n<meta property=\"og:site_name\" content=\"dev6 Erresse\" \/>\n<meta property=\"og:image\" content=\"https:\/\/interpim.erresse-shop.it\/Import\/Prodotti\/emile-henry-focaccia-rosso.jpg\" \/><meta property=\"og:image\" content=\"https:\/\/interpim.erresse-shop.it\/Import\/Prodotti\/emile-henry-focaccia-rosso.jpg\" \/>\n\t<meta property=\"og:image:width\" content=\"1024\" \/>\n\t<meta property=\"og:image:height\" content=\"1024\" \/>\n\t<meta property=\"og:image:type\" content=\"image\/jpeg\" \/>\n<meta name=\"twitter:card\" content=\"summary_large_image\" \/>\n<meta name=\"twitter:image\" content=\"https:\/\/interpim.erresse-shop.it\/Import\/Prodotti\/emile-henry-focaccia-rosso.jpg\" \/>\n<script type=\"application\/ld+json\" class=\"yoast-schema-graph\">{\"@context\":\"https:\/\/schema.org\",\"@graph\":[{\"@type\":\"WebPage\",\"@id\":\"https:\/\/dev6.erresse-shop.it\/fr\/shop\/poeles-pots\/plats-et-casseroles-a-four\/emile-henry-plat-a-four-pour-focaccia-rouge\/\",\"url\":\"https:\/\/dev6.erresse-shop.it\/fr\/shop\/poeles-pots\/plats-et-casseroles-a-four\/emile-henry-plat-a-four-pour-focaccia-rouge\/\",\"name\":\"EMILE HENRY Plat \u00e0 Four pour Focaccia Rouge - dev6 Erresse\",\"isPartOf\":{\"@id\":\"https:\/\/dev6.erresse-shop.it\/#website\"},\"primaryImageOfPage\":{\"@id\":\"https:\/\/dev6.erresse-shop.it\/fr\/shop\/poeles-pots\/plats-et-casseroles-a-four\/emile-henry-plat-a-four-pour-focaccia-rouge\/#primaryimage\"},\"image\":{\"@id\":\"https:\/\/dev6.erresse-shop.it\/fr\/shop\/poeles-pots\/plats-et-casseroles-a-four\/emile-henry-plat-a-four-pour-focaccia-rouge\/#primaryimage\"},\"thumbnailUrl\":\"https:\/\/i0.wp.com\/interpim.erresse-shop.it\/Import\/Prodotti\/emile-henry-focaccia-rosso.jpg?ssl=1\",\"datePublished\":\"2026-04-12T06:57:46+00:00\",\"description\":\"De taille g\u00e9n\u00e9reuse, avec des c\u00f4t\u00e9s hauts et des poign\u00e9es pratiques, il est id\u00e9al pour servir directement du four \u00e0 la table ! Fabriqu\u00e9e en c\u00e9ramique,\",\"breadcrumb\":{\"@id\":\"https:\/\/dev6.erresse-shop.it\/fr\/shop\/poeles-pots\/plats-et-casseroles-a-four\/emile-henry-plat-a-four-pour-focaccia-rouge\/#breadcrumb\"},\"inLanguage\":\"fr-FR\",\"potentialAction\":[{\"@type\":\"ReadAction\",\"target\":[\"https:\/\/dev6.erresse-shop.it\/fr\/shop\/poeles-pots\/plats-et-casseroles-a-four\/emile-henry-plat-a-four-pour-focaccia-rouge\/\"]}]},{\"@type\":\"ImageObject\",\"inLanguage\":\"fr-FR\",\"@id\":\"https:\/\/dev6.erresse-shop.it\/fr\/shop\/poeles-pots\/plats-et-casseroles-a-four\/emile-henry-plat-a-four-pour-focaccia-rouge\/#primaryimage\",\"url\":\"https:\/\/i0.wp.com\/interpim.erresse-shop.it\/Import\/Prodotti\/emile-henry-focaccia-rosso.jpg?ssl=1\",\"contentUrl\":\"https:\/\/i0.wp.com\/interpim.erresse-shop.it\/Import\/Prodotti\/emile-henry-focaccia-rosso.jpg?ssl=1\"},{\"@type\":\"BreadcrumbList\",\"@id\":\"https:\/\/dev6.erresse-shop.it\/fr\/shop\/poeles-pots\/plats-et-casseroles-a-four\/emile-henry-plat-a-four-pour-focaccia-rouge\/#breadcrumb\",\"itemListElement\":[{\"@type\":\"ListItem\",\"position\":1,\"name\":\"Home\",\"item\":\"https:\/\/dev6.erresse-shop.it\/\"},{\"@type\":\"ListItem\",\"position\":2,\"name\":\"Boutique\",\"item\":\"https:\/\/dev6.erresse-shop.it\/shop\/\"},{\"@type\":\"ListItem\",\"position\":3,\"name\":\"EMILE HENRY Plat \u00e0 Four pour Focaccia Rouge\"}]},{\"@type\":\"WebSite\",\"@id\":\"https:\/\/dev6.erresse-shop.it\/#website\",\"url\":\"https:\/\/dev6.erresse-shop.it\/\",\"name\":\"Erresse Shop\",\"description\":\"\",\"publisher\":{\"@id\":\"https:\/\/dev6.erresse-shop.it\/#organization\"},\"potentialAction\":[{\"@type\":\"SearchAction\",\"target\":{\"@type\":\"EntryPoint\",\"urlTemplate\":\"https:\/\/dev6.erresse-shop.it\/?s={search_term_string}\"},\"query-input\":{\"@type\":\"PropertyValueSpecification\",\"valueRequired\":true,\"valueName\":\"search_term_string\"}}],\"inLanguage\":\"fr-FR\"},{\"@type\":\"Organization\",\"@id\":\"https:\/\/dev6.erresse-shop.it\/#organization\",\"name\":\"Erresse Shop\",\"url\":\"https:\/\/dev6.erresse-shop.it\/\",\"logo\":{\"@type\":\"ImageObject\",\"inLanguage\":\"fr-FR\",\"@id\":\"https:\/\/dev6.erresse-shop.it\/#\/schema\/logo\/image\/\",\"url\":\"https:\/\/dev6.erresse-shop.it\/wp-content\/uploads\/2025\/01\/LOGO-ERRESSE-CLASSICO.svg\",\"contentUrl\":\"https:\/\/dev6.erresse-shop.it\/wp-content\/uploads\/2025\/01\/LOGO-ERRESSE-CLASSICO.svg\",\"caption\":\"Erresse Shop\"},\"image\":{\"@id\":\"https:\/\/dev6.erresse-shop.it\/#\/schema\/logo\/image\/\"}}]}<\/script>\n<!-- \/ Yoast SEO plugin. -->","yoast_head_json":{"title":"EMILE HENRY Plat \u00e0 Four pour Focaccia Rouge - dev6 Erresse","description":"De taille g\u00e9n\u00e9reuse, avec des c\u00f4t\u00e9s hauts et des poign\u00e9es pratiques, il est id\u00e9al pour servir directement du four \u00e0 la table ! Fabriqu\u00e9e en c\u00e9ramique,","robots":{"index":"noindex","follow":"follow","max-snippet":"max-snippet:-1","max-image-preview":"max-image-preview:large","max-video-preview":"max-video-preview:-1"},"og_locale":"fr_FR","og_type":"article","og_title":"EMILE HENRY Plat \u00e0 Four pour Focaccia Rouge - dev6 Erresse","og_description":"De taille g\u00e9n\u00e9reuse, avec des c\u00f4t\u00e9s hauts et des poign\u00e9es pratiques, il est id\u00e9al pour servir directement du four \u00e0 la table ! Fabriqu\u00e9e en c\u00e9ramique,","og_url":"https:\/\/dev6.erresse-shop.it\/fr\/shop\/poeles-pots\/plats-et-casseroles-a-four\/emile-henry-plat-a-four-pour-focaccia-rouge\/","og_site_name":"dev6 Erresse","og_image":[{"url":"https:\/\/interpim.erresse-shop.it\/Import\/Prodotti\/emile-henry-focaccia-rosso.jpg","type":"","width":"","height":""},{"url":"https:\/\/interpim.erresse-shop.it\/Import\/Prodotti\/emile-henry-focaccia-rosso.jpg","width":1024,"height":1024,"type":"image\/jpeg"}],"twitter_card":"summary_large_image","twitter_image":"https:\/\/interpim.erresse-shop.it\/Import\/Prodotti\/emile-henry-focaccia-rosso.jpg","schema":{"@context":"https:\/\/schema.org","@graph":[{"@type":"WebPage","@id":"https:\/\/dev6.erresse-shop.it\/fr\/shop\/poeles-pots\/plats-et-casseroles-a-four\/emile-henry-plat-a-four-pour-focaccia-rouge\/","url":"https:\/\/dev6.erresse-shop.it\/fr\/shop\/poeles-pots\/plats-et-casseroles-a-four\/emile-henry-plat-a-four-pour-focaccia-rouge\/","name":"EMILE HENRY Plat \u00e0 Four pour Focaccia Rouge - dev6 Erresse","isPartOf":{"@id":"https:\/\/dev6.erresse-shop.it\/#website"},"primaryImageOfPage":{"@id":"https:\/\/dev6.erresse-shop.it\/fr\/shop\/poeles-pots\/plats-et-casseroles-a-four\/emile-henry-plat-a-four-pour-focaccia-rouge\/#primaryimage"},"image":{"@id":"https:\/\/dev6.erresse-shop.it\/fr\/shop\/poeles-pots\/plats-et-casseroles-a-four\/emile-henry-plat-a-four-pour-focaccia-rouge\/#primaryimage"},"thumbnailUrl":"https:\/\/i0.wp.com\/interpim.erresse-shop.it\/Import\/Prodotti\/emile-henry-focaccia-rosso.jpg?ssl=1","datePublished":"2026-04-12T06:57:46+00:00","description":"De taille g\u00e9n\u00e9reuse, avec des c\u00f4t\u00e9s hauts et des poign\u00e9es pratiques, il est id\u00e9al pour servir directement du four \u00e0 la table ! Fabriqu\u00e9e en c\u00e9ramique,","breadcrumb":{"@id":"https:\/\/dev6.erresse-shop.it\/fr\/shop\/poeles-pots\/plats-et-casseroles-a-four\/emile-henry-plat-a-four-pour-focaccia-rouge\/#breadcrumb"},"inLanguage":"fr-FR","potentialAction":[{"@type":"ReadAction","target":["https:\/\/dev6.erresse-shop.it\/fr\/shop\/poeles-pots\/plats-et-casseroles-a-four\/emile-henry-plat-a-four-pour-focaccia-rouge\/"]}]},{"@type":"ImageObject","inLanguage":"fr-FR","@id":"https:\/\/dev6.erresse-shop.it\/fr\/shop\/poeles-pots\/plats-et-casseroles-a-four\/emile-henry-plat-a-four-pour-focaccia-rouge\/#primaryimage","url":"https:\/\/i0.wp.com\/interpim.erresse-shop.it\/Import\/Prodotti\/emile-henry-focaccia-rosso.jpg?ssl=1","contentUrl":"https:\/\/i0.wp.com\/interpim.erresse-shop.it\/Import\/Prodotti\/emile-henry-focaccia-rosso.jpg?ssl=1"},{"@type":"BreadcrumbList","@id":"https:\/\/dev6.erresse-shop.it\/fr\/shop\/poeles-pots\/plats-et-casseroles-a-four\/emile-henry-plat-a-four-pour-focaccia-rouge\/#breadcrumb","itemListElement":[{"@type":"ListItem","position":1,"name":"Home","item":"https:\/\/dev6.erresse-shop.it\/"},{"@type":"ListItem","position":2,"name":"Boutique","item":"https:\/\/dev6.erresse-shop.it\/shop\/"},{"@type":"ListItem","position":3,"name":"EMILE HENRY Plat \u00e0 Four pour Focaccia Rouge"}]},{"@type":"WebSite","@id":"https:\/\/dev6.erresse-shop.it\/#website","url":"https:\/\/dev6.erresse-shop.it\/","name":"Erresse Shop","description":"","publisher":{"@id":"https:\/\/dev6.erresse-shop.it\/#organization"},"potentialAction":[{"@type":"SearchAction","target":{"@type":"EntryPoint","urlTemplate":"https:\/\/dev6.erresse-shop.it\/?s={search_term_string}"},"query-input":{"@type":"PropertyValueSpecification","valueRequired":true,"valueName":"search_term_string"}}],"inLanguage":"fr-FR"},{"@type":"Organization","@id":"https:\/\/dev6.erresse-shop.it\/#organization","name":"Erresse Shop","url":"https:\/\/dev6.erresse-shop.it\/","logo":{"@type":"ImageObject","inLanguage":"fr-FR","@id":"https:\/\/dev6.erresse-shop.it\/#\/schema\/logo\/image\/","url":"https:\/\/dev6.erresse-shop.it\/wp-content\/uploads\/2025\/01\/LOGO-ERRESSE-CLASSICO.svg","contentUrl":"https:\/\/dev6.erresse-shop.it\/wp-content\/uploads\/2025\/01\/LOGO-ERRESSE-CLASSICO.svg","caption":"Erresse Shop"},"image":{"@id":"https:\/\/dev6.erresse-shop.it\/#\/schema\/logo\/image\/"}}]}},"df_price":79.95,"df_sale_price":79.95,"df_regular_price":102.5,"df_image_link":"https:\/\/i0.wp.com\/interpim.erresse-shop.it\/Import\/Prodotti\/emile-henry-focaccia-rosso.jpg?resize=300,300&ssl=1","fifu_image_url":"https:\/\/interpim.erresse-shop.it\/Import\/Prodotti\/emile-henry-focaccia-rosso.jpg","_links":{"self":[{"href":"https:\/\/dev6.erresse-shop.it\/fr\/wp-json\/wp\/v2\/product\/60008","targetHints":{"allow":["GET"]}}],"collection":[{"href":"https:\/\/dev6.erresse-shop.it\/fr\/wp-json\/wp\/v2\/product"}],"about":[{"href":"https:\/\/dev6.erresse-shop.it\/fr\/wp-json\/wp\/v2\/types\/product"}],"wp:featuredmedia":[{"embeddable":true,"href":"https:\/\/dev6.erresse-shop.it\/fr\/wp-json\/wp\/v2\/media\/6355587"}],"wp:attachment":[{"href":"https:\/\/dev6.erresse-shop.it\/fr\/wp-json\/wp\/v2\/media?parent=60008"}],"wp:term":[{"taxonomy":"product_cat","embeddable":true,"href":"https:\/\/dev6.erresse-shop.it\/fr\/wp-json\/wp\/v2\/product_cat?post=60008"},{"taxonomy":"product_tag","embeddable":true,"href":"https:\/\/dev6.erresse-shop.it\/fr\/wp-json\/wp\/v2\/product_tag?post=60008"}],"curies":[{"name":"wp","href":"https:\/\/api.w.org\/{rel}","templated":true}]}}