{"id":60002,"date":"2026-04-12T08:57:46","date_gmt":"2026-04-12T06:57:46","guid":{"rendered":"https:\/\/dev6.erresse-shop.it\/shop\/non%20class\u00e9\/emile-henry-cheese-baker-moule-a-fromage-rouge\/"},"modified":"2025-09-14T04:31:13","modified_gmt":"2025-09-14T02:31:13","slug":"emile-henry-cheese-baker-moule-a-fromage-rouge","status":"publish","type":"product","link":"https:\/\/dev6.erresse-shop.it\/fr\/shop\/poeles-pots\/plats-et-casseroles-a-four\/emile-henry-cheese-baker-moule-a-fromage-rouge\/","title":{"rendered":"EMILE HENRY Cheese Baker Moule \u00e0 Fromage Rouge"},"content":{"rendered":"<p>Le Cheese Baker permet de cuire au four tout type de fromage : brie, camembert, gorgonzola\u2026 Pour les cuisiner, osez varier les plaisirs : ajoutez des fruits (pommes, poires), des herbes aromatiques ou m\u00eame assaisonnez au vin blanc !<\/p>\n<p>\u00c0 la sortie du four, d\u00e9gustez votre fromage en ap\u00e9ritif avec des petits crackers, en raclette avec des pommes de terre, ou tout simplement en le versant sur des viandes froides et des l\u00e9gumes. Il y a autant de fa\u00e7ons de cuisiner le fromage dans le Cheese Baker que de fa\u00e7ons de le d\u00e9guster ! A vous de laisser libre cours \u00e0 votre imagination et de vous g\u00e2ter !<\/p>\n<p>Longueur\/diam\u00e8tre : 19,5 cm<br \/>\nLargeur : 17,5 cm<br \/>\nHauteur : 4,5 cm<br \/>\nPoids \u2013 KG : 1. KG<\/p>\n","protected":false},"excerpt":{"rendered":"<p>Le Cheese Baker permet de cuire au four tout type de fromage : brie, camembert, gorgonzola\u2026 Pour les cuisiner, osez varier les plaisirs : ajoutez des fruits (pommes, poires), des herbes aromatiques ou m\u00eame assaisonnez au vin blanc ! \u00c0 la sortie du four, d\u00e9gustez votre fromage en ap\u00e9ritif avec des petits crackers, en raclette [&hellip;]<\/p>\n","protected":false},"featured_media":6355538,"template":"","meta":{"_acf_changed":false},"product_cat":[11667,12050,11991],"product_tag":[],"class_list":{"0":"post-60002","1":"product","2":"type-product","3":"status-publish","4":"has-post-thumbnail","6":"product_cat-padelle-pentole","7":"product_cat-plats-et-casseroles-a-four","8":"product_cat-poeles-pots","10":"first","11":"instock","12":"sale","13":"taxable","14":"shipping-taxable","15":"purchasable","16":"product-type-simple","swatches":"rey-swatches","show_selected":"","stretch_labels":"rey-swatches--stretch-labels"},"acf":[],"yoast_head":"<!-- This site is optimized with the Yoast SEO plugin v25.4 - https:\/\/yoast.com\/wordpress\/plugins\/seo\/ -->\n<title>EMILE HENRY Cheese Baker Moule \u00e0 Fromage Rouge - dev6 Erresse<\/title>\n<meta name=\"description\" content=\"Le Cheese Baker permet de cuire au four tout type de fromage : brie, camembert, gorgonzola\u2026 Pour les cuisiner, osez varier les plaisirs : ajoutez des\" \/>\n<meta name=\"robots\" content=\"noindex, follow, max-snippet:-1, max-image-preview:large, max-video-preview:-1\" \/>\n<meta property=\"og:locale\" content=\"fr_FR\" \/>\n<meta property=\"og:type\" content=\"article\" \/>\n<meta property=\"og:title\" content=\"EMILE HENRY Cheese Baker Moule \u00e0 Fromage Rouge - dev6 Erresse\" \/>\n<meta property=\"og:description\" content=\"Le Cheese Baker permet de cuire au four tout type de fromage : brie, camembert, gorgonzola\u2026 Pour les cuisiner, osez varier les plaisirs : ajoutez des\" \/>\n<meta property=\"og:url\" content=\"https:\/\/dev6.erresse-shop.it\/fr\/shop\/poeles-pots\/plats-et-casseroles-a-four\/emile-henry-cheese-baker-moule-a-fromage-rouge\/\" \/>\n<meta property=\"og:site_name\" content=\"dev6 Erresse\" \/>\n<meta property=\"og:image\" content=\"https:\/\/interpim.erresse-shop.it\/Import\/Prodotti\/emile-henry-cheese-baker-rosso.jpg\" \/><meta property=\"og:image\" content=\"https:\/\/interpim.erresse-shop.it\/Import\/Prodotti\/emile-henry-cheese-baker-rosso.jpg\" \/>\n\t<meta property=\"og:image:width\" content=\"1024\" \/>\n\t<meta property=\"og:image:height\" content=\"1024\" \/>\n\t<meta property=\"og:image:type\" content=\"image\/jpeg\" \/>\n<meta name=\"twitter:card\" content=\"summary_large_image\" \/>\n<meta name=\"twitter:image\" content=\"https:\/\/interpim.erresse-shop.it\/Import\/Prodotti\/emile-henry-cheese-baker-rosso.jpg\" \/>\n<script type=\"application\/ld+json\" class=\"yoast-schema-graph\">{\"@context\":\"https:\/\/schema.org\",\"@graph\":[{\"@type\":\"WebPage\",\"@id\":\"https:\/\/dev6.erresse-shop.it\/fr\/shop\/poeles-pots\/plats-et-casseroles-a-four\/emile-henry-cheese-baker-moule-a-fromage-rouge\/\",\"url\":\"https:\/\/dev6.erresse-shop.it\/fr\/shop\/poeles-pots\/plats-et-casseroles-a-four\/emile-henry-cheese-baker-moule-a-fromage-rouge\/\",\"name\":\"EMILE HENRY Cheese Baker Moule \u00e0 Fromage Rouge - dev6 Erresse\",\"isPartOf\":{\"@id\":\"https:\/\/dev6.erresse-shop.it\/#website\"},\"primaryImageOfPage\":{\"@id\":\"https:\/\/dev6.erresse-shop.it\/fr\/shop\/poeles-pots\/plats-et-casseroles-a-four\/emile-henry-cheese-baker-moule-a-fromage-rouge\/#primaryimage\"},\"image\":{\"@id\":\"https:\/\/dev6.erresse-shop.it\/fr\/shop\/poeles-pots\/plats-et-casseroles-a-four\/emile-henry-cheese-baker-moule-a-fromage-rouge\/#primaryimage\"},\"thumbnailUrl\":\"https:\/\/i0.wp.com\/interpim.erresse-shop.it\/Import\/Prodotti\/emile-henry-cheese-baker-rosso.jpg?ssl=1\",\"datePublished\":\"2026-04-12T06:57:46+00:00\",\"description\":\"Le Cheese Baker permet de cuire au four tout type de fromage : brie, camembert, gorgonzola\u2026 Pour les cuisiner, osez varier les plaisirs : ajoutez des\",\"breadcrumb\":{\"@id\":\"https:\/\/dev6.erresse-shop.it\/fr\/shop\/poeles-pots\/plats-et-casseroles-a-four\/emile-henry-cheese-baker-moule-a-fromage-rouge\/#breadcrumb\"},\"inLanguage\":\"fr-FR\",\"potentialAction\":[{\"@type\":\"ReadAction\",\"target\":[\"https:\/\/dev6.erresse-shop.it\/fr\/shop\/poeles-pots\/plats-et-casseroles-a-four\/emile-henry-cheese-baker-moule-a-fromage-rouge\/\"]}]},{\"@type\":\"ImageObject\",\"inLanguage\":\"fr-FR\",\"@id\":\"https:\/\/dev6.erresse-shop.it\/fr\/shop\/poeles-pots\/plats-et-casseroles-a-four\/emile-henry-cheese-baker-moule-a-fromage-rouge\/#primaryimage\",\"url\":\"https:\/\/i0.wp.com\/interpim.erresse-shop.it\/Import\/Prodotti\/emile-henry-cheese-baker-rosso.jpg?ssl=1\",\"contentUrl\":\"https:\/\/i0.wp.com\/interpim.erresse-shop.it\/Import\/Prodotti\/emile-henry-cheese-baker-rosso.jpg?ssl=1\"},{\"@type\":\"BreadcrumbList\",\"@id\":\"https:\/\/dev6.erresse-shop.it\/fr\/shop\/poeles-pots\/plats-et-casseroles-a-four\/emile-henry-cheese-baker-moule-a-fromage-rouge\/#breadcrumb\",\"itemListElement\":[{\"@type\":\"ListItem\",\"position\":1,\"name\":\"Home\",\"item\":\"https:\/\/dev6.erresse-shop.it\/\"},{\"@type\":\"ListItem\",\"position\":2,\"name\":\"Boutique\",\"item\":\"https:\/\/dev6.erresse-shop.it\/shop\/\"},{\"@type\":\"ListItem\",\"position\":3,\"name\":\"EMILE HENRY Cheese Baker Moule \u00e0 Fromage Rouge\"}]},{\"@type\":\"WebSite\",\"@id\":\"https:\/\/dev6.erresse-shop.it\/#website\",\"url\":\"https:\/\/dev6.erresse-shop.it\/\",\"name\":\"Erresse Shop\",\"description\":\"\",\"publisher\":{\"@id\":\"https:\/\/dev6.erresse-shop.it\/#organization\"},\"potentialAction\":[{\"@type\":\"SearchAction\",\"target\":{\"@type\":\"EntryPoint\",\"urlTemplate\":\"https:\/\/dev6.erresse-shop.it\/?s={search_term_string}\"},\"query-input\":{\"@type\":\"PropertyValueSpecification\",\"valueRequired\":true,\"valueName\":\"search_term_string\"}}],\"inLanguage\":\"fr-FR\"},{\"@type\":\"Organization\",\"@id\":\"https:\/\/dev6.erresse-shop.it\/#organization\",\"name\":\"Erresse Shop\",\"url\":\"https:\/\/dev6.erresse-shop.it\/\",\"logo\":{\"@type\":\"ImageObject\",\"inLanguage\":\"fr-FR\",\"@id\":\"https:\/\/dev6.erresse-shop.it\/#\/schema\/logo\/image\/\",\"url\":\"https:\/\/dev6.erresse-shop.it\/wp-content\/uploads\/2025\/01\/LOGO-ERRESSE-CLASSICO.svg\",\"contentUrl\":\"https:\/\/dev6.erresse-shop.it\/wp-content\/uploads\/2025\/01\/LOGO-ERRESSE-CLASSICO.svg\",\"caption\":\"Erresse Shop\"},\"image\":{\"@id\":\"https:\/\/dev6.erresse-shop.it\/#\/schema\/logo\/image\/\"}}]}<\/script>\n<!-- \/ Yoast SEO plugin. -->","yoast_head_json":{"title":"EMILE HENRY Cheese Baker Moule \u00e0 Fromage Rouge - dev6 Erresse","description":"Le Cheese Baker permet de cuire au four tout type de fromage : brie, camembert, gorgonzola\u2026 Pour les cuisiner, osez varier les plaisirs : ajoutez des","robots":{"index":"noindex","follow":"follow","max-snippet":"max-snippet:-1","max-image-preview":"max-image-preview:large","max-video-preview":"max-video-preview:-1"},"og_locale":"fr_FR","og_type":"article","og_title":"EMILE HENRY Cheese Baker Moule \u00e0 Fromage Rouge - dev6 Erresse","og_description":"Le Cheese Baker permet de cuire au four tout type de fromage : brie, camembert, gorgonzola\u2026 Pour les cuisiner, osez varier les plaisirs : ajoutez des","og_url":"https:\/\/dev6.erresse-shop.it\/fr\/shop\/poeles-pots\/plats-et-casseroles-a-four\/emile-henry-cheese-baker-moule-a-fromage-rouge\/","og_site_name":"dev6 Erresse","og_image":[{"url":"https:\/\/interpim.erresse-shop.it\/Import\/Prodotti\/emile-henry-cheese-baker-rosso.jpg","type":"","width":"","height":""},{"url":"https:\/\/interpim.erresse-shop.it\/Import\/Prodotti\/emile-henry-cheese-baker-rosso.jpg","width":1024,"height":1024,"type":"image\/jpeg"}],"twitter_card":"summary_large_image","twitter_image":"https:\/\/interpim.erresse-shop.it\/Import\/Prodotti\/emile-henry-cheese-baker-rosso.jpg","schema":{"@context":"https:\/\/schema.org","@graph":[{"@type":"WebPage","@id":"https:\/\/dev6.erresse-shop.it\/fr\/shop\/poeles-pots\/plats-et-casseroles-a-four\/emile-henry-cheese-baker-moule-a-fromage-rouge\/","url":"https:\/\/dev6.erresse-shop.it\/fr\/shop\/poeles-pots\/plats-et-casseroles-a-four\/emile-henry-cheese-baker-moule-a-fromage-rouge\/","name":"EMILE HENRY Cheese Baker Moule \u00e0 Fromage Rouge - dev6 Erresse","isPartOf":{"@id":"https:\/\/dev6.erresse-shop.it\/#website"},"primaryImageOfPage":{"@id":"https:\/\/dev6.erresse-shop.it\/fr\/shop\/poeles-pots\/plats-et-casseroles-a-four\/emile-henry-cheese-baker-moule-a-fromage-rouge\/#primaryimage"},"image":{"@id":"https:\/\/dev6.erresse-shop.it\/fr\/shop\/poeles-pots\/plats-et-casseroles-a-four\/emile-henry-cheese-baker-moule-a-fromage-rouge\/#primaryimage"},"thumbnailUrl":"https:\/\/i0.wp.com\/interpim.erresse-shop.it\/Import\/Prodotti\/emile-henry-cheese-baker-rosso.jpg?ssl=1","datePublished":"2026-04-12T06:57:46+00:00","description":"Le Cheese Baker permet de cuire au four tout type de fromage : brie, camembert, gorgonzola\u2026 Pour les cuisiner, osez varier les plaisirs : ajoutez des","breadcrumb":{"@id":"https:\/\/dev6.erresse-shop.it\/fr\/shop\/poeles-pots\/plats-et-casseroles-a-four\/emile-henry-cheese-baker-moule-a-fromage-rouge\/#breadcrumb"},"inLanguage":"fr-FR","potentialAction":[{"@type":"ReadAction","target":["https:\/\/dev6.erresse-shop.it\/fr\/shop\/poeles-pots\/plats-et-casseroles-a-four\/emile-henry-cheese-baker-moule-a-fromage-rouge\/"]}]},{"@type":"ImageObject","inLanguage":"fr-FR","@id":"https:\/\/dev6.erresse-shop.it\/fr\/shop\/poeles-pots\/plats-et-casseroles-a-four\/emile-henry-cheese-baker-moule-a-fromage-rouge\/#primaryimage","url":"https:\/\/i0.wp.com\/interpim.erresse-shop.it\/Import\/Prodotti\/emile-henry-cheese-baker-rosso.jpg?ssl=1","contentUrl":"https:\/\/i0.wp.com\/interpim.erresse-shop.it\/Import\/Prodotti\/emile-henry-cheese-baker-rosso.jpg?ssl=1"},{"@type":"BreadcrumbList","@id":"https:\/\/dev6.erresse-shop.it\/fr\/shop\/poeles-pots\/plats-et-casseroles-a-four\/emile-henry-cheese-baker-moule-a-fromage-rouge\/#breadcrumb","itemListElement":[{"@type":"ListItem","position":1,"name":"Home","item":"https:\/\/dev6.erresse-shop.it\/"},{"@type":"ListItem","position":2,"name":"Boutique","item":"https:\/\/dev6.erresse-shop.it\/shop\/"},{"@type":"ListItem","position":3,"name":"EMILE HENRY Cheese Baker Moule \u00e0 Fromage Rouge"}]},{"@type":"WebSite","@id":"https:\/\/dev6.erresse-shop.it\/#website","url":"https:\/\/dev6.erresse-shop.it\/","name":"Erresse Shop","description":"","publisher":{"@id":"https:\/\/dev6.erresse-shop.it\/#organization"},"potentialAction":[{"@type":"SearchAction","target":{"@type":"EntryPoint","urlTemplate":"https:\/\/dev6.erresse-shop.it\/?s={search_term_string}"},"query-input":{"@type":"PropertyValueSpecification","valueRequired":true,"valueName":"search_term_string"}}],"inLanguage":"fr-FR"},{"@type":"Organization","@id":"https:\/\/dev6.erresse-shop.it\/#organization","name":"Erresse Shop","url":"https:\/\/dev6.erresse-shop.it\/","logo":{"@type":"ImageObject","inLanguage":"fr-FR","@id":"https:\/\/dev6.erresse-shop.it\/#\/schema\/logo\/image\/","url":"https:\/\/dev6.erresse-shop.it\/wp-content\/uploads\/2025\/01\/LOGO-ERRESSE-CLASSICO.svg","contentUrl":"https:\/\/dev6.erresse-shop.it\/wp-content\/uploads\/2025\/01\/LOGO-ERRESSE-CLASSICO.svg","caption":"Erresse Shop"},"image":{"@id":"https:\/\/dev6.erresse-shop.it\/#\/schema\/logo\/image\/"}}]}},"df_price":54.95,"df_sale_price":54.95,"df_regular_price":62.5,"df_image_link":"https:\/\/i0.wp.com\/interpim.erresse-shop.it\/Import\/Prodotti\/emile-henry-cheese-baker-rosso.jpg?resize=300,300&ssl=1","fifu_image_url":"https:\/\/interpim.erresse-shop.it\/Import\/Prodotti\/emile-henry-cheese-baker-rosso.jpg","_links":{"self":[{"href":"https:\/\/dev6.erresse-shop.it\/fr\/wp-json\/wp\/v2\/product\/60002","targetHints":{"allow":["GET"]}}],"collection":[{"href":"https:\/\/dev6.erresse-shop.it\/fr\/wp-json\/wp\/v2\/product"}],"about":[{"href":"https:\/\/dev6.erresse-shop.it\/fr\/wp-json\/wp\/v2\/types\/product"}],"wp:featuredmedia":[{"embeddable":true,"href":"https:\/\/dev6.erresse-shop.it\/fr\/wp-json\/wp\/v2\/media\/6355538"}],"wp:attachment":[{"href":"https:\/\/dev6.erresse-shop.it\/fr\/wp-json\/wp\/v2\/media?parent=60002"}],"wp:term":[{"taxonomy":"product_cat","embeddable":true,"href":"https:\/\/dev6.erresse-shop.it\/fr\/wp-json\/wp\/v2\/product_cat?post=60002"},{"taxonomy":"product_tag","embeddable":true,"href":"https:\/\/dev6.erresse-shop.it\/fr\/wp-json\/wp\/v2\/product_tag?post=60002"}],"curies":[{"name":"wp","href":"https:\/\/api.w.org\/{rel}","templated":true}]}}