{"id":59996,"date":"2026-04-04T08:56:16","date_gmt":"2026-04-04T06:56:16","guid":{"rendered":"https:\/\/dev6.erresse-shop.it\/shop\/non%20class\u00e9\/emile-henry-tajine-32-cm-grand-cru\/"},"modified":"2025-09-14T04:31:04","modified_gmt":"2025-09-14T02:31:04","slug":"emile-henry-tajine-32-cm-grand-cru","status":"publish","type":"product","link":"https:\/\/dev6.erresse-shop.it\/fr\/shop\/poeles-pots\/tajine\/emile-henry-tajine-32-cm-grand-cru\/","title":{"rendered":"EMILE HENRY Tajine 32 cm Grand Cru"},"content":{"rendered":"<p>Tajine signifie rencontres et g\u00e9n\u00e9rosit\u00e9. Des contrastes vari\u00e9s, des d\u00e9sirs et des souvenirs partag\u00e9s. C\u2019est aussi l\u2019une des seules recettes qui d\u00e9signe \u00e0 la fois un plat\u2026 et le plat dans lequel il est cuisin\u00e9. Preuve, s\u2019il en \u00e9tait besoin, de l\u2019importance, lorsqu\u2019on pr\u00e9pare, d\u2019\u00eatre bien entour\u00e9.<\/p>\n<p>Notre \u201d tajine \u201d est con\u00e7u pour sublimer ce plat voyageur, avec sa chaleur, sa rondeur et sa saveur. Parce que le meilleur tajine n\u2019est pas le plus compliqu\u00e9 ! C\u2019est ce que vous imaginez, en choisissant les ingr\u00e9dients qui vous inspirent et \u00e9voquent des \u00e9motions retrouv\u00e9es : citrons du jardin, dattes fra\u00eeches et fondantes, agrumes juteux\u2026 le tout d\u00e9licieusement envelopp\u00e9 d\u2019\u00e9pices parfum\u00e9es.<\/p>\n<p>Il suffit ensuite de le laisser mijoter, mijoter, mijoter sans se soucier : notre c\u00e9ramique Flame\u00ae diffuse une chaleur douce et homog\u00e8ne qui s\u2019adapte parfaitement.<\/p>\n<p>Gr\u00e2ce au couvercle conique ferm\u00e9, la vapeur circule, les ar\u00f4mes se d\u00e9veloppent et les saveurs se lib\u00e8rent tout au long du processus de cuisson. Enfin, sa taille vous permet de rester fid\u00e8le \u00e0 l\u2019esprit de ce plat g\u00e9n\u00e9reux, en servant 8 \u00e0 10 convives. Et n\u2019oubliez pas : il est si bon que nous vous recommandons vivement de le servir \u00e0 table !<\/p>\n<p>Quelques conseils pour utiliser votre tajine Emile Henry :<\/p>\n<p>Commencez toujours par un feu doux pendant les 5 premi\u00e8res minutes pour augmenter progressivement la temp\u00e9rature. Ne chauffez pas la base de votre tajine vide : ajoutez toujours un peu d\u2019eau ou d\u2019huile. Veillez \u00e0 ce qu\u2019il y ait toujours du jus dans votre tajine pendant la cuisson. Si n\u00e9cessaire, vous pouvez ajouter un petit verre d\u2019eau. Gardez le tajine ferm\u00e9 pendant la cuisson, vous pouvez bien s\u00fbr l\u2019ouvrir rapidement pour ajouter d\u2019autres ingr\u00e9dients et \u00e9pices.<\/p>\n<p>Longueur\/diam\u00e8tre : 32cm<br \/>\nLargeur : 32 cm<br \/>\nHauteur : 23 cm<br \/>\nPoids \u2013 KG : 3.5 KG<br \/>\nTemp\u00e9rature maximale : 290 \u00b0C<br \/>\nTemp\u00e9rature minimale : -20 \u00b0C<\/p>\n","protected":false},"excerpt":{"rendered":"<p>Tajine signifie rencontres et g\u00e9n\u00e9rosit\u00e9. Des contrastes vari\u00e9s, des d\u00e9sirs et des souvenirs partag\u00e9s. C\u2019est aussi l\u2019une des seules recettes qui d\u00e9signe \u00e0 la fois un plat\u2026 et le plat dans lequel il est cuisin\u00e9. Preuve, s\u2019il en \u00e9tait besoin, de l\u2019importance, lorsqu\u2019on pr\u00e9pare, d\u2019\u00eatre bien entour\u00e9. Notre \u201d tajine \u201d est con\u00e7u pour sublimer [&hellip;]<\/p>\n","protected":false},"featured_media":6272195,"template":"","meta":{"_acf_changed":false},"product_cat":[11667,11991,11701,12025],"product_tag":[],"class_list":{"0":"post-59996","1":"product","2":"type-product","3":"status-publish","4":"has-post-thumbnail","6":"product_cat-padelle-pentole","7":"product_cat-poeles-pots","8":"product_cat-tajine","11":"first","12":"outofstock","13":"sale","14":"taxable","15":"shipping-taxable","16":"purchasable","17":"product-type-simple","swatches":"rey-swatches","show_selected":"","stretch_labels":"rey-swatches--stretch-labels"},"acf":[],"yoast_head":"<!-- This site is optimized with the Yoast SEO plugin v25.4 - https:\/\/yoast.com\/wordpress\/plugins\/seo\/ -->\n<title>EMILE HENRY Tajine 32 cm Grand Cru - dev6 Erresse<\/title>\n<meta name=\"description\" content=\"Tajine signifie rencontres et g\u00e9n\u00e9rosit\u00e9. Des contrastes vari\u00e9s, des d\u00e9sirs et des souvenirs partag\u00e9s. C\u2019est aussi l\u2019une des seules recettes qui d\u00e9signe \u00e0\" \/>\n<meta name=\"robots\" content=\"noindex, follow, max-snippet:-1, max-image-preview:large, max-video-preview:-1\" \/>\n<meta property=\"og:locale\" content=\"fr_FR\" \/>\n<meta property=\"og:type\" content=\"article\" \/>\n<meta property=\"og:title\" content=\"EMILE HENRY Tajine 32 cm Grand Cru - dev6 Erresse\" \/>\n<meta property=\"og:description\" content=\"Tajine signifie rencontres et g\u00e9n\u00e9rosit\u00e9. Des contrastes vari\u00e9s, des d\u00e9sirs et des souvenirs partag\u00e9s. C\u2019est aussi l\u2019une des seules recettes qui d\u00e9signe \u00e0\" \/>\n<meta property=\"og:url\" content=\"https:\/\/dev6.erresse-shop.it\/fr\/shop\/poeles-pots\/tajine\/emile-henry-tajine-32-cm-grand-cru\/\" \/>\n<meta property=\"og:site_name\" content=\"dev6 Erresse\" \/>\n<meta property=\"og:image\" content=\"https:\/\/interpim.erresse-shop.it\/Import\/Prodotti\/emile-henry-tajine-rosso-32cm-3.jpg\" \/><meta property=\"og:image\" content=\"https:\/\/interpim.erresse-shop.it\/Import\/Prodotti\/emile-henry-tajine-rosso-32cm-3.jpg\" \/>\n\t<meta property=\"og:image:width\" content=\"1024\" \/>\n\t<meta property=\"og:image:height\" content=\"1024\" \/>\n\t<meta property=\"og:image:type\" content=\"image\/jpeg\" \/>\n<meta name=\"twitter:card\" content=\"summary_large_image\" \/>\n<meta name=\"twitter:image\" content=\"https:\/\/interpim.erresse-shop.it\/Import\/Prodotti\/emile-henry-tajine-rosso-32cm-3.jpg\" \/>\n<script type=\"application\/ld+json\" class=\"yoast-schema-graph\">{\"@context\":\"https:\/\/schema.org\",\"@graph\":[{\"@type\":\"WebPage\",\"@id\":\"https:\/\/dev6.erresse-shop.it\/fr\/shop\/poeles-pots\/tajine\/emile-henry-tajine-32-cm-grand-cru\/\",\"url\":\"https:\/\/dev6.erresse-shop.it\/fr\/shop\/poeles-pots\/tajine\/emile-henry-tajine-32-cm-grand-cru\/\",\"name\":\"EMILE HENRY Tajine 32 cm Grand Cru - dev6 Erresse\",\"isPartOf\":{\"@id\":\"https:\/\/dev6.erresse-shop.it\/#website\"},\"primaryImageOfPage\":{\"@id\":\"https:\/\/dev6.erresse-shop.it\/fr\/shop\/poeles-pots\/tajine\/emile-henry-tajine-32-cm-grand-cru\/#primaryimage\"},\"image\":{\"@id\":\"https:\/\/dev6.erresse-shop.it\/fr\/shop\/poeles-pots\/tajine\/emile-henry-tajine-32-cm-grand-cru\/#primaryimage\"},\"thumbnailUrl\":\"https:\/\/i2.wp.com\/interpim.erresse-shop.it\/Import\/Prodotti\/emile-henry-tajine-rosso-32cm-3.jpg?ssl=1\",\"datePublished\":\"2026-04-04T06:56:16+00:00\",\"description\":\"Tajine signifie rencontres et g\u00e9n\u00e9rosit\u00e9. Des contrastes vari\u00e9s, des d\u00e9sirs et des souvenirs partag\u00e9s. C\u2019est aussi l\u2019une des seules recettes qui d\u00e9signe \u00e0\",\"breadcrumb\":{\"@id\":\"https:\/\/dev6.erresse-shop.it\/fr\/shop\/poeles-pots\/tajine\/emile-henry-tajine-32-cm-grand-cru\/#breadcrumb\"},\"inLanguage\":\"fr-FR\",\"potentialAction\":[{\"@type\":\"ReadAction\",\"target\":[\"https:\/\/dev6.erresse-shop.it\/fr\/shop\/poeles-pots\/tajine\/emile-henry-tajine-32-cm-grand-cru\/\"]}]},{\"@type\":\"ImageObject\",\"inLanguage\":\"fr-FR\",\"@id\":\"https:\/\/dev6.erresse-shop.it\/fr\/shop\/poeles-pots\/tajine\/emile-henry-tajine-32-cm-grand-cru\/#primaryimage\",\"url\":\"https:\/\/i2.wp.com\/interpim.erresse-shop.it\/Import\/Prodotti\/emile-henry-tajine-rosso-32cm-3.jpg?ssl=1\",\"contentUrl\":\"https:\/\/i2.wp.com\/interpim.erresse-shop.it\/Import\/Prodotti\/emile-henry-tajine-rosso-32cm-3.jpg?ssl=1\"},{\"@type\":\"BreadcrumbList\",\"@id\":\"https:\/\/dev6.erresse-shop.it\/fr\/shop\/poeles-pots\/tajine\/emile-henry-tajine-32-cm-grand-cru\/#breadcrumb\",\"itemListElement\":[{\"@type\":\"ListItem\",\"position\":1,\"name\":\"Home\",\"item\":\"https:\/\/dev6.erresse-shop.it\/\"},{\"@type\":\"ListItem\",\"position\":2,\"name\":\"Boutique\",\"item\":\"https:\/\/dev6.erresse-shop.it\/shop\/\"},{\"@type\":\"ListItem\",\"position\":3,\"name\":\"EMILE HENRY Tajine 32 cm Grand Cru\"}]},{\"@type\":\"WebSite\",\"@id\":\"https:\/\/dev6.erresse-shop.it\/#website\",\"url\":\"https:\/\/dev6.erresse-shop.it\/\",\"name\":\"Erresse Shop\",\"description\":\"\",\"publisher\":{\"@id\":\"https:\/\/dev6.erresse-shop.it\/#organization\"},\"potentialAction\":[{\"@type\":\"SearchAction\",\"target\":{\"@type\":\"EntryPoint\",\"urlTemplate\":\"https:\/\/dev6.erresse-shop.it\/?s={search_term_string}\"},\"query-input\":{\"@type\":\"PropertyValueSpecification\",\"valueRequired\":true,\"valueName\":\"search_term_string\"}}],\"inLanguage\":\"fr-FR\"},{\"@type\":\"Organization\",\"@id\":\"https:\/\/dev6.erresse-shop.it\/#organization\",\"name\":\"Erresse Shop\",\"url\":\"https:\/\/dev6.erresse-shop.it\/\",\"logo\":{\"@type\":\"ImageObject\",\"inLanguage\":\"fr-FR\",\"@id\":\"https:\/\/dev6.erresse-shop.it\/#\/schema\/logo\/image\/\",\"url\":\"https:\/\/dev6.erresse-shop.it\/wp-content\/uploads\/2025\/01\/LOGO-ERRESSE-CLASSICO.svg\",\"contentUrl\":\"https:\/\/dev6.erresse-shop.it\/wp-content\/uploads\/2025\/01\/LOGO-ERRESSE-CLASSICO.svg\",\"caption\":\"Erresse Shop\"},\"image\":{\"@id\":\"https:\/\/dev6.erresse-shop.it\/#\/schema\/logo\/image\/\"}}]}<\/script>\n<!-- \/ Yoast SEO plugin. -->","yoast_head_json":{"title":"EMILE HENRY Tajine 32 cm Grand Cru - dev6 Erresse","description":"Tajine signifie rencontres et g\u00e9n\u00e9rosit\u00e9. Des contrastes vari\u00e9s, des d\u00e9sirs et des souvenirs partag\u00e9s. C\u2019est aussi l\u2019une des seules recettes qui d\u00e9signe \u00e0","robots":{"index":"noindex","follow":"follow","max-snippet":"max-snippet:-1","max-image-preview":"max-image-preview:large","max-video-preview":"max-video-preview:-1"},"og_locale":"fr_FR","og_type":"article","og_title":"EMILE HENRY Tajine 32 cm Grand Cru - dev6 Erresse","og_description":"Tajine signifie rencontres et g\u00e9n\u00e9rosit\u00e9. Des contrastes vari\u00e9s, des d\u00e9sirs et des souvenirs partag\u00e9s. C\u2019est aussi l\u2019une des seules recettes qui d\u00e9signe \u00e0","og_url":"https:\/\/dev6.erresse-shop.it\/fr\/shop\/poeles-pots\/tajine\/emile-henry-tajine-32-cm-grand-cru\/","og_site_name":"dev6 Erresse","og_image":[{"url":"https:\/\/interpim.erresse-shop.it\/Import\/Prodotti\/emile-henry-tajine-rosso-32cm-3.jpg","type":"","width":"","height":""},{"url":"https:\/\/interpim.erresse-shop.it\/Import\/Prodotti\/emile-henry-tajine-rosso-32cm-3.jpg","width":1024,"height":1024,"type":"image\/jpeg"}],"twitter_card":"summary_large_image","twitter_image":"https:\/\/interpim.erresse-shop.it\/Import\/Prodotti\/emile-henry-tajine-rosso-32cm-3.jpg","schema":{"@context":"https:\/\/schema.org","@graph":[{"@type":"WebPage","@id":"https:\/\/dev6.erresse-shop.it\/fr\/shop\/poeles-pots\/tajine\/emile-henry-tajine-32-cm-grand-cru\/","url":"https:\/\/dev6.erresse-shop.it\/fr\/shop\/poeles-pots\/tajine\/emile-henry-tajine-32-cm-grand-cru\/","name":"EMILE HENRY Tajine 32 cm Grand Cru - dev6 Erresse","isPartOf":{"@id":"https:\/\/dev6.erresse-shop.it\/#website"},"primaryImageOfPage":{"@id":"https:\/\/dev6.erresse-shop.it\/fr\/shop\/poeles-pots\/tajine\/emile-henry-tajine-32-cm-grand-cru\/#primaryimage"},"image":{"@id":"https:\/\/dev6.erresse-shop.it\/fr\/shop\/poeles-pots\/tajine\/emile-henry-tajine-32-cm-grand-cru\/#primaryimage"},"thumbnailUrl":"https:\/\/i2.wp.com\/interpim.erresse-shop.it\/Import\/Prodotti\/emile-henry-tajine-rosso-32cm-3.jpg?ssl=1","datePublished":"2026-04-04T06:56:16+00:00","description":"Tajine signifie rencontres et g\u00e9n\u00e9rosit\u00e9. Des contrastes vari\u00e9s, des d\u00e9sirs et des souvenirs partag\u00e9s. C\u2019est aussi l\u2019une des seules recettes qui d\u00e9signe \u00e0","breadcrumb":{"@id":"https:\/\/dev6.erresse-shop.it\/fr\/shop\/poeles-pots\/tajine\/emile-henry-tajine-32-cm-grand-cru\/#breadcrumb"},"inLanguage":"fr-FR","potentialAction":[{"@type":"ReadAction","target":["https:\/\/dev6.erresse-shop.it\/fr\/shop\/poeles-pots\/tajine\/emile-henry-tajine-32-cm-grand-cru\/"]}]},{"@type":"ImageObject","inLanguage":"fr-FR","@id":"https:\/\/dev6.erresse-shop.it\/fr\/shop\/poeles-pots\/tajine\/emile-henry-tajine-32-cm-grand-cru\/#primaryimage","url":"https:\/\/i2.wp.com\/interpim.erresse-shop.it\/Import\/Prodotti\/emile-henry-tajine-rosso-32cm-3.jpg?ssl=1","contentUrl":"https:\/\/i2.wp.com\/interpim.erresse-shop.it\/Import\/Prodotti\/emile-henry-tajine-rosso-32cm-3.jpg?ssl=1"},{"@type":"BreadcrumbList","@id":"https:\/\/dev6.erresse-shop.it\/fr\/shop\/poeles-pots\/tajine\/emile-henry-tajine-32-cm-grand-cru\/#breadcrumb","itemListElement":[{"@type":"ListItem","position":1,"name":"Home","item":"https:\/\/dev6.erresse-shop.it\/"},{"@type":"ListItem","position":2,"name":"Boutique","item":"https:\/\/dev6.erresse-shop.it\/shop\/"},{"@type":"ListItem","position":3,"name":"EMILE HENRY Tajine 32 cm Grand Cru"}]},{"@type":"WebSite","@id":"https:\/\/dev6.erresse-shop.it\/#website","url":"https:\/\/dev6.erresse-shop.it\/","name":"Erresse Shop","description":"","publisher":{"@id":"https:\/\/dev6.erresse-shop.it\/#organization"},"potentialAction":[{"@type":"SearchAction","target":{"@type":"EntryPoint","urlTemplate":"https:\/\/dev6.erresse-shop.it\/?s={search_term_string}"},"query-input":{"@type":"PropertyValueSpecification","valueRequired":true,"valueName":"search_term_string"}}],"inLanguage":"fr-FR"},{"@type":"Organization","@id":"https:\/\/dev6.erresse-shop.it\/#organization","name":"Erresse Shop","url":"https:\/\/dev6.erresse-shop.it\/","logo":{"@type":"ImageObject","inLanguage":"fr-FR","@id":"https:\/\/dev6.erresse-shop.it\/#\/schema\/logo\/image\/","url":"https:\/\/dev6.erresse-shop.it\/wp-content\/uploads\/2025\/01\/LOGO-ERRESSE-CLASSICO.svg","contentUrl":"https:\/\/dev6.erresse-shop.it\/wp-content\/uploads\/2025\/01\/LOGO-ERRESSE-CLASSICO.svg","caption":"Erresse Shop"},"image":{"@id":"https:\/\/dev6.erresse-shop.it\/#\/schema\/logo\/image\/"}}]}},"df_price":99.95,"df_sale_price":99.95,"df_regular_price":142.5,"df_image_link":"https:\/\/i2.wp.com\/interpim.erresse-shop.it\/Import\/Prodotti\/emile-henry-tajine-rosso-32cm-3.jpg?resize=300,300&ssl=1","fifu_image_url":"https:\/\/interpim.erresse-shop.it\/Import\/Prodotti\/emile-henry-tajine-rosso-32cm-3.jpg","_links":{"self":[{"href":"https:\/\/dev6.erresse-shop.it\/fr\/wp-json\/wp\/v2\/product\/59996","targetHints":{"allow":["GET"]}}],"collection":[{"href":"https:\/\/dev6.erresse-shop.it\/fr\/wp-json\/wp\/v2\/product"}],"about":[{"href":"https:\/\/dev6.erresse-shop.it\/fr\/wp-json\/wp\/v2\/types\/product"}],"wp:featuredmedia":[{"embeddable":true,"href":"https:\/\/dev6.erresse-shop.it\/fr\/wp-json\/wp\/v2\/media\/6272195"}],"wp:attachment":[{"href":"https:\/\/dev6.erresse-shop.it\/fr\/wp-json\/wp\/v2\/media?parent=59996"}],"wp:term":[{"taxonomy":"product_cat","embeddable":true,"href":"https:\/\/dev6.erresse-shop.it\/fr\/wp-json\/wp\/v2\/product_cat?post=59996"},{"taxonomy":"product_tag","embeddable":true,"href":"https:\/\/dev6.erresse-shop.it\/fr\/wp-json\/wp\/v2\/product_tag?post=59996"}],"curies":[{"name":"wp","href":"https:\/\/api.w.org\/{rel}","templated":true}]}}