{"id":59962,"date":"2026-04-10T09:36:19","date_gmt":"2026-04-10T07:36:19","guid":{"rendered":"https:\/\/dev6.erresse-shop.it\/shop\/non%20class\u00e9\/brabantia-boite-de-rangement-mindset-gris\/"},"modified":"2025-07-04T16:25:26","modified_gmt":"2025-07-04T14:25:26","slug":"brabantia-boite-de-rangement-mindset-gris","status":"publish","type":"product","link":"https:\/\/dev6.erresse-shop.it\/fr\/shop\/ameublement-maison\/salle-de-bain\/brabantia-boite-de-rangement-mindset-gris\/","title":{"rendered":"BRABANTIA Bo\u00eete de rangement MindSet Gris"},"content":{"rendered":"<p>Ce sont les petites choses qui nous rendent heureux. Comme cette jolie bo\u00eete de rangement MindSet de Brabantia avec couvercle. Un joli r\u00e9cipient en m\u00e9tal pour toutes ces petites choses que vous voulez garder ensemble. Parfait pour les cotons-tiges ou les lingettes d\u00e9maquillantes : le couvercle les garde au sec et les prot\u00e8ge de la poussi\u00e8re. Un conteneur parfait.<\/p>\n<p>Avantages et caract\u00e9ristiques<\/p>\n<p>Organisation pour les petits objets \u2013 id\u00e9al pour les cotons-tiges, les lingettes, les bijoux ou les accessoires pour cheveux.<br \/>\nHygi\u00e9nique \u2013 le couvercle doux au toucher emp\u00eache la poussi\u00e8re d\u2019entrer.<br \/>\nFacile \u00e0 nettoyer \u2013 corps en m\u00e9tal avec couvercle amovible en silicone.<br \/>\nStable, r\u00e9sistant aux rayures \u2013 base solide.<br \/>\nFinition brute \u2013 rev\u00eatement min\u00e9ral moderne.<br \/>\nId\u00e9al pour les zones humides \u2013 fabriqu\u00e9 en mat\u00e9riaux anticorrosion.<br \/>\nUtilisation sans souci \u2013 Garantie et service de 5 ans.<br \/>\nUn choix plus durable \u2013 fabriqu\u00e9 \u00e0 partir de 32% de mat\u00e9riaux recycl\u00e9s, recyclable \u00e0 81% apr\u00e8s usage.<\/p>\n<p>Dimensions<br \/>\nHauteur : 9,5 cm<br \/>\nLongueur : 8 cm<br \/>\nLargeur : 9,5 cm<\/p>\n<p>Garantie<br \/>\n5 ans<\/p>\n","protected":false},"excerpt":{"rendered":"<p>Ce sont les petites choses qui nous rendent heureux. Comme cette jolie bo\u00eete de rangement MindSet de Brabantia avec couvercle. Un joli r\u00e9cipient en m\u00e9tal pour toutes ces petites choses que vous voulez garder ensemble. Parfait pour les cotons-tiges ou les lingettes d\u00e9maquillantes : le couvercle les garde au sec et les prot\u00e8ge de la [&hellip;]<\/p>\n","protected":false},"featured_media":6313813,"template":"","meta":{"_acf_changed":false},"product_cat":[11990,12074],"product_tag":[],"class_list":{"0":"post-59962","1":"product","2":"type-product","3":"status-publish","4":"has-post-thumbnail","6":"product_cat-ameublement-maison","7":"product_cat-salle-de-bain","9":"first","10":"outofstock","11":"taxable","12":"shipping-taxable","13":"product-type-simple","swatches":"rey-swatches","show_selected":"","stretch_labels":"rey-swatches--stretch-labels"},"acf":[],"yoast_head":"<!-- This site is optimized with the Yoast SEO plugin v25.4 - https:\/\/yoast.com\/wordpress\/plugins\/seo\/ -->\n<title>BRABANTIA Bo\u00eete de rangement MindSet Gris - dev6 Erresse<\/title>\n<meta name=\"description\" content=\"Ce sont les petites choses qui nous rendent heureux. Comme cette jolie bo\u00eete de rangement MindSet de Brabantia avec couvercle. Un joli r\u00e9cipient en m\u00e9tal\" \/>\n<meta name=\"robots\" content=\"noindex, follow, max-snippet:-1, max-image-preview:large, max-video-preview:-1\" \/>\n<meta property=\"og:locale\" content=\"fr_FR\" \/>\n<meta property=\"og:type\" content=\"article\" \/>\n<meta property=\"og:title\" content=\"BRABANTIA Bo\u00eete de rangement MindSet Gris - dev6 Erresse\" \/>\n<meta property=\"og:description\" content=\"Ce sont les petites choses qui nous rendent heureux. Comme cette jolie bo\u00eete de rangement MindSet de Brabantia avec couvercle. Un joli r\u00e9cipient en m\u00e9tal\" \/>\n<meta property=\"og:url\" content=\"https:\/\/dev6.erresse-shop.it\/fr\/shop\/ameublement-maison\/salle-de-bain\/brabantia-boite-de-rangement-mindset-gris\/\" \/>\n<meta property=\"og:site_name\" content=\"dev6 Erresse\" \/>\n<meta property=\"og:image\" content=\"https:\/\/interpim.erresse-shop.it\/Import\/Prodotti\/brabantia-mindset-contenitore-portaoggetti-nero.jpg\" \/><meta property=\"og:image\" content=\"https:\/\/interpim.erresse-shop.it\/Import\/Prodotti\/brabantia-mindset-contenitore-portaoggetti-nero.jpg\" \/>\n\t<meta property=\"og:image:width\" content=\"1024\" \/>\n\t<meta property=\"og:image:height\" content=\"1024\" \/>\n\t<meta property=\"og:image:type\" content=\"image\/jpeg\" \/>\n<meta name=\"twitter:card\" content=\"summary_large_image\" \/>\n<meta name=\"twitter:image\" content=\"https:\/\/interpim.erresse-shop.it\/Import\/Prodotti\/brabantia-mindset-contenitore-portaoggetti-nero.jpg\" \/>\n<script type=\"application\/ld+json\" class=\"yoast-schema-graph\">{\"@context\":\"https:\/\/schema.org\",\"@graph\":[{\"@type\":\"WebPage\",\"@id\":\"https:\/\/dev6.erresse-shop.it\/fr\/shop\/ameublement-maison\/salle-de-bain\/brabantia-boite-de-rangement-mindset-gris\/\",\"url\":\"https:\/\/dev6.erresse-shop.it\/fr\/shop\/ameublement-maison\/salle-de-bain\/brabantia-boite-de-rangement-mindset-gris\/\",\"name\":\"BRABANTIA Bo\u00eete de rangement MindSet Gris - dev6 Erresse\",\"isPartOf\":{\"@id\":\"https:\/\/dev6.erresse-shop.it\/#website\"},\"primaryImageOfPage\":{\"@id\":\"https:\/\/dev6.erresse-shop.it\/fr\/shop\/ameublement-maison\/salle-de-bain\/brabantia-boite-de-rangement-mindset-gris\/#primaryimage\"},\"image\":{\"@id\":\"https:\/\/dev6.erresse-shop.it\/fr\/shop\/ameublement-maison\/salle-de-bain\/brabantia-boite-de-rangement-mindset-gris\/#primaryimage\"},\"thumbnailUrl\":\"https:\/\/i3.wp.com\/interpim.erresse-shop.it\/Import\/Prodotti\/brabantia-mindset-contenitore-portaoggetti-nero.jpg?ssl=1\",\"datePublished\":\"2026-04-10T07:36:19+00:00\",\"description\":\"Ce sont les petites choses qui nous rendent heureux. Comme cette jolie bo\u00eete de rangement MindSet de Brabantia avec couvercle. Un joli r\u00e9cipient en m\u00e9tal\",\"breadcrumb\":{\"@id\":\"https:\/\/dev6.erresse-shop.it\/fr\/shop\/ameublement-maison\/salle-de-bain\/brabantia-boite-de-rangement-mindset-gris\/#breadcrumb\"},\"inLanguage\":\"fr-FR\",\"potentialAction\":[{\"@type\":\"ReadAction\",\"target\":[\"https:\/\/dev6.erresse-shop.it\/fr\/shop\/ameublement-maison\/salle-de-bain\/brabantia-boite-de-rangement-mindset-gris\/\"]}]},{\"@type\":\"ImageObject\",\"inLanguage\":\"fr-FR\",\"@id\":\"https:\/\/dev6.erresse-shop.it\/fr\/shop\/ameublement-maison\/salle-de-bain\/brabantia-boite-de-rangement-mindset-gris\/#primaryimage\",\"url\":\"https:\/\/i3.wp.com\/interpim.erresse-shop.it\/Import\/Prodotti\/brabantia-mindset-contenitore-portaoggetti-nero.jpg?ssl=1\",\"contentUrl\":\"https:\/\/i3.wp.com\/interpim.erresse-shop.it\/Import\/Prodotti\/brabantia-mindset-contenitore-portaoggetti-nero.jpg?ssl=1\"},{\"@type\":\"BreadcrumbList\",\"@id\":\"https:\/\/dev6.erresse-shop.it\/fr\/shop\/ameublement-maison\/salle-de-bain\/brabantia-boite-de-rangement-mindset-gris\/#breadcrumb\",\"itemListElement\":[{\"@type\":\"ListItem\",\"position\":1,\"name\":\"Home\",\"item\":\"https:\/\/dev6.erresse-shop.it\/\"},{\"@type\":\"ListItem\",\"position\":2,\"name\":\"Boutique\",\"item\":\"https:\/\/dev6.erresse-shop.it\/shop\/\"},{\"@type\":\"ListItem\",\"position\":3,\"name\":\"BRABANTIA Bo\u00eete de rangement MindSet Gris\"}]},{\"@type\":\"WebSite\",\"@id\":\"https:\/\/dev6.erresse-shop.it\/#website\",\"url\":\"https:\/\/dev6.erresse-shop.it\/\",\"name\":\"Erresse Shop\",\"description\":\"\",\"publisher\":{\"@id\":\"https:\/\/dev6.erresse-shop.it\/#organization\"},\"potentialAction\":[{\"@type\":\"SearchAction\",\"target\":{\"@type\":\"EntryPoint\",\"urlTemplate\":\"https:\/\/dev6.erresse-shop.it\/?s={search_term_string}\"},\"query-input\":{\"@type\":\"PropertyValueSpecification\",\"valueRequired\":true,\"valueName\":\"search_term_string\"}}],\"inLanguage\":\"fr-FR\"},{\"@type\":\"Organization\",\"@id\":\"https:\/\/dev6.erresse-shop.it\/#organization\",\"name\":\"Erresse Shop\",\"url\":\"https:\/\/dev6.erresse-shop.it\/\",\"logo\":{\"@type\":\"ImageObject\",\"inLanguage\":\"fr-FR\",\"@id\":\"https:\/\/dev6.erresse-shop.it\/#\/schema\/logo\/image\/\",\"url\":\"https:\/\/dev6.erresse-shop.it\/wp-content\/uploads\/2025\/01\/LOGO-ERRESSE-CLASSICO.svg\",\"contentUrl\":\"https:\/\/dev6.erresse-shop.it\/wp-content\/uploads\/2025\/01\/LOGO-ERRESSE-CLASSICO.svg\",\"caption\":\"Erresse Shop\"},\"image\":{\"@id\":\"https:\/\/dev6.erresse-shop.it\/#\/schema\/logo\/image\/\"}}]}<\/script>\n<!-- \/ Yoast SEO plugin. -->","yoast_head_json":{"title":"BRABANTIA Bo\u00eete de rangement MindSet Gris - dev6 Erresse","description":"Ce sont les petites choses qui nous rendent heureux. Comme cette jolie bo\u00eete de rangement MindSet de Brabantia avec couvercle. Un joli r\u00e9cipient en m\u00e9tal","robots":{"index":"noindex","follow":"follow","max-snippet":"max-snippet:-1","max-image-preview":"max-image-preview:large","max-video-preview":"max-video-preview:-1"},"og_locale":"fr_FR","og_type":"article","og_title":"BRABANTIA Bo\u00eete de rangement MindSet Gris - dev6 Erresse","og_description":"Ce sont les petites choses qui nous rendent heureux. Comme cette jolie bo\u00eete de rangement MindSet de Brabantia avec couvercle. Un joli r\u00e9cipient en m\u00e9tal","og_url":"https:\/\/dev6.erresse-shop.it\/fr\/shop\/ameublement-maison\/salle-de-bain\/brabantia-boite-de-rangement-mindset-gris\/","og_site_name":"dev6 Erresse","og_image":[{"url":"https:\/\/interpim.erresse-shop.it\/Import\/Prodotti\/brabantia-mindset-contenitore-portaoggetti-nero.jpg","type":"","width":"","height":""},{"url":"https:\/\/interpim.erresse-shop.it\/Import\/Prodotti\/brabantia-mindset-contenitore-portaoggetti-nero.jpg","width":1024,"height":1024,"type":"image\/jpeg"}],"twitter_card":"summary_large_image","twitter_image":"https:\/\/interpim.erresse-shop.it\/Import\/Prodotti\/brabantia-mindset-contenitore-portaoggetti-nero.jpg","schema":{"@context":"https:\/\/schema.org","@graph":[{"@type":"WebPage","@id":"https:\/\/dev6.erresse-shop.it\/fr\/shop\/ameublement-maison\/salle-de-bain\/brabantia-boite-de-rangement-mindset-gris\/","url":"https:\/\/dev6.erresse-shop.it\/fr\/shop\/ameublement-maison\/salle-de-bain\/brabantia-boite-de-rangement-mindset-gris\/","name":"BRABANTIA Bo\u00eete de rangement MindSet Gris - dev6 Erresse","isPartOf":{"@id":"https:\/\/dev6.erresse-shop.it\/#website"},"primaryImageOfPage":{"@id":"https:\/\/dev6.erresse-shop.it\/fr\/shop\/ameublement-maison\/salle-de-bain\/brabantia-boite-de-rangement-mindset-gris\/#primaryimage"},"image":{"@id":"https:\/\/dev6.erresse-shop.it\/fr\/shop\/ameublement-maison\/salle-de-bain\/brabantia-boite-de-rangement-mindset-gris\/#primaryimage"},"thumbnailUrl":"https:\/\/i3.wp.com\/interpim.erresse-shop.it\/Import\/Prodotti\/brabantia-mindset-contenitore-portaoggetti-nero.jpg?ssl=1","datePublished":"2026-04-10T07:36:19+00:00","description":"Ce sont les petites choses qui nous rendent heureux. Comme cette jolie bo\u00eete de rangement MindSet de Brabantia avec couvercle. Un joli r\u00e9cipient en m\u00e9tal","breadcrumb":{"@id":"https:\/\/dev6.erresse-shop.it\/fr\/shop\/ameublement-maison\/salle-de-bain\/brabantia-boite-de-rangement-mindset-gris\/#breadcrumb"},"inLanguage":"fr-FR","potentialAction":[{"@type":"ReadAction","target":["https:\/\/dev6.erresse-shop.it\/fr\/shop\/ameublement-maison\/salle-de-bain\/brabantia-boite-de-rangement-mindset-gris\/"]}]},{"@type":"ImageObject","inLanguage":"fr-FR","@id":"https:\/\/dev6.erresse-shop.it\/fr\/shop\/ameublement-maison\/salle-de-bain\/brabantia-boite-de-rangement-mindset-gris\/#primaryimage","url":"https:\/\/i3.wp.com\/interpim.erresse-shop.it\/Import\/Prodotti\/brabantia-mindset-contenitore-portaoggetti-nero.jpg?ssl=1","contentUrl":"https:\/\/i3.wp.com\/interpim.erresse-shop.it\/Import\/Prodotti\/brabantia-mindset-contenitore-portaoggetti-nero.jpg?ssl=1"},{"@type":"BreadcrumbList","@id":"https:\/\/dev6.erresse-shop.it\/fr\/shop\/ameublement-maison\/salle-de-bain\/brabantia-boite-de-rangement-mindset-gris\/#breadcrumb","itemListElement":[{"@type":"ListItem","position":1,"name":"Home","item":"https:\/\/dev6.erresse-shop.it\/"},{"@type":"ListItem","position":2,"name":"Boutique","item":"https:\/\/dev6.erresse-shop.it\/shop\/"},{"@type":"ListItem","position":3,"name":"BRABANTIA Bo\u00eete de rangement MindSet Gris"}]},{"@type":"WebSite","@id":"https:\/\/dev6.erresse-shop.it\/#website","url":"https:\/\/dev6.erresse-shop.it\/","name":"Erresse Shop","description":"","publisher":{"@id":"https:\/\/dev6.erresse-shop.it\/#organization"},"potentialAction":[{"@type":"SearchAction","target":{"@type":"EntryPoint","urlTemplate":"https:\/\/dev6.erresse-shop.it\/?s={search_term_string}"},"query-input":{"@type":"PropertyValueSpecification","valueRequired":true,"valueName":"search_term_string"}}],"inLanguage":"fr-FR"},{"@type":"Organization","@id":"https:\/\/dev6.erresse-shop.it\/#organization","name":"Erresse Shop","url":"https:\/\/dev6.erresse-shop.it\/","logo":{"@type":"ImageObject","inLanguage":"fr-FR","@id":"https:\/\/dev6.erresse-shop.it\/#\/schema\/logo\/image\/","url":"https:\/\/dev6.erresse-shop.it\/wp-content\/uploads\/2025\/01\/LOGO-ERRESSE-CLASSICO.svg","contentUrl":"https:\/\/dev6.erresse-shop.it\/wp-content\/uploads\/2025\/01\/LOGO-ERRESSE-CLASSICO.svg","caption":"Erresse Shop"},"image":{"@id":"https:\/\/dev6.erresse-shop.it\/#\/schema\/logo\/image\/"}}]}},"df_price":"","df_sale_price":"","df_regular_price":"","df_image_link":"https:\/\/i3.wp.com\/interpim.erresse-shop.it\/Import\/Prodotti\/brabantia-mindset-contenitore-portaoggetti-nero.jpg?resize=300,300&ssl=1","fifu_image_url":"https:\/\/interpim.erresse-shop.it\/Import\/Prodotti\/brabantia-mindset-contenitore-portaoggetti-nero.jpg","_links":{"self":[{"href":"https:\/\/dev6.erresse-shop.it\/fr\/wp-json\/wp\/v2\/product\/59962","targetHints":{"allow":["GET"]}}],"collection":[{"href":"https:\/\/dev6.erresse-shop.it\/fr\/wp-json\/wp\/v2\/product"}],"about":[{"href":"https:\/\/dev6.erresse-shop.it\/fr\/wp-json\/wp\/v2\/types\/product"}],"wp:featuredmedia":[{"embeddable":true,"href":"https:\/\/dev6.erresse-shop.it\/fr\/wp-json\/wp\/v2\/media\/6313813"}],"wp:attachment":[{"href":"https:\/\/dev6.erresse-shop.it\/fr\/wp-json\/wp\/v2\/media?parent=59962"}],"wp:term":[{"taxonomy":"product_cat","embeddable":true,"href":"https:\/\/dev6.erresse-shop.it\/fr\/wp-json\/wp\/v2\/product_cat?post=59962"},{"taxonomy":"product_tag","embeddable":true,"href":"https:\/\/dev6.erresse-shop.it\/fr\/wp-json\/wp\/v2\/product_tag?post=59962"}],"curies":[{"name":"wp","href":"https:\/\/api.w.org\/{rel}","templated":true}]}}