{"id":59942,"date":"2026-04-12T08:56:38","date_gmt":"2026-04-12T06:56:38","guid":{"rendered":"https:\/\/dev6.erresse-shop.it\/shop\/non%20class\u00e9\/berkel-planche-a-decouper-avec-plaque-en-acier-inoxydable-red-line-220-et-250\/"},"modified":"2025-09-14T04:30:56","modified_gmt":"2025-09-14T02:30:56","slug":"berkel-planche-a-decouper-avec-plaque-en-acier-inoxydable-red-line-220-et-250","status":"publish","type":"product","link":"https:\/\/dev6.erresse-shop.it\/fr\/shop\/petits-electromenagers\/trancheuses\/berkel-planche-a-decouper-avec-plaque-en-acier-inoxydable-red-line-220-et-250\/","title":{"rendered":"BERKEL Planche \u00e0 d\u00e9couper avec plaque en acier inoxydable Red Line 220 et 250"},"content":{"rendered":"<p>La planche \u00e0 d\u00e9couper RED LINE, sp\u00e9cialement con\u00e7ue pour Red Line 220 et 250 par les designers eux-m\u00eames, glisse sur la plaque et s\u2019int\u00e8gre parfaitement dans les espaces. Les tranches glissent de la lame et reposent directement sur la planche \u00e0 d\u00e9couper. Sur le bord en bois, la prestigieuse signature de Berkel.<\/p>\n<p>Dimensions : 290 x 205 x 24 mm<\/p>\n<p>Mat\u00e9riau : Fr\u00eane et acier inoxydable<\/p>\n","protected":false},"excerpt":{"rendered":"<p>La planche \u00e0 d\u00e9couper RED LINE, sp\u00e9cialement con\u00e7ue pour Red Line 220 et 250 par les designers eux-m\u00eames, glisse sur la plaque et s\u2019int\u00e8gre parfaitement dans les espaces. Les tranches glissent de la lame et reposent directement sur la planche \u00e0 d\u00e9couper. Sur le bord en bois, la prestigieuse signature de Berkel. Dimensions : 290 [&hellip;]<\/p>\n","protected":false},"featured_media":6355295,"template":"","meta":{"_acf_changed":false},"product_cat":[11668,11992,12055,12042,12073],"product_tag":[],"class_list":{"0":"post-59942","1":"product","2":"type-product","3":"status-publish","4":"has-post-thumbnail","6":"product_cat-cucina","7":"product_cat-cuisine","8":"product_cat-petits-electromenagers","9":"product_cat-planches-a-decouper","10":"product_cat-trancheuses","12":"first","13":"instock","14":"sale","15":"taxable","16":"shipping-taxable","17":"purchasable","18":"product-type-simple","swatches":"rey-swatches","show_selected":"","stretch_labels":"rey-swatches--stretch-labels"},"acf":[],"yoast_head":"<!-- This site is optimized with the Yoast SEO plugin v25.4 - https:\/\/yoast.com\/wordpress\/plugins\/seo\/ -->\n<title>BERKEL Planche \u00e0 d\u00e9couper avec plaque en acier inoxydable Red Line 220 et 250 - dev6 Erresse<\/title>\n<meta name=\"description\" content=\"La planche \u00e0 d\u00e9couper RED LINE, sp\u00e9cialement con\u00e7ue pour Red Line 220 et 250 par les designers eux-m\u00eames, glisse sur la plaque et s\u2019int\u00e8gre parfaitement\" \/>\n<meta name=\"robots\" content=\"noindex, follow, max-snippet:-1, max-image-preview:large, max-video-preview:-1\" \/>\n<meta property=\"og:locale\" content=\"fr_FR\" \/>\n<meta property=\"og:type\" content=\"article\" \/>\n<meta property=\"og:title\" content=\"BERKEL Planche \u00e0 d\u00e9couper avec plaque en acier inoxydable Red Line 220 et 250 - dev6 Erresse\" \/>\n<meta property=\"og:description\" content=\"La planche \u00e0 d\u00e9couper RED LINE, sp\u00e9cialement con\u00e7ue pour Red Line 220 et 250 par les designers eux-m\u00eames, glisse sur la plaque et s\u2019int\u00e8gre parfaitement\" \/>\n<meta property=\"og:url\" content=\"https:\/\/dev6.erresse-shop.it\/fr\/shop\/petits-electromenagers\/trancheuses\/berkel-planche-a-decouper-avec-plaque-en-acier-inoxydable-red-line-220-et-250\/\" \/>\n<meta property=\"og:site_name\" content=\"dev6 Erresse\" \/>\n<meta property=\"og:image\" content=\"https:\/\/interpim.erresse-shop.it\/Import\/Prodotti\/berkel-tagliere-con-piastra-inox-red-line-220-e-250-2.jpg\" \/><meta property=\"og:image\" content=\"https:\/\/interpim.erresse-shop.it\/Import\/Prodotti\/berkel-tagliere-con-piastra-inox-red-line-220-e-250-2.jpg\" \/>\n\t<meta property=\"og:image:width\" content=\"1024\" \/>\n\t<meta property=\"og:image:height\" content=\"1024\" \/>\n\t<meta property=\"og:image:type\" content=\"image\/jpeg\" \/>\n<meta name=\"twitter:card\" content=\"summary_large_image\" \/>\n<meta name=\"twitter:image\" content=\"https:\/\/interpim.erresse-shop.it\/Import\/Prodotti\/berkel-tagliere-con-piastra-inox-red-line-220-e-250-2.jpg\" \/>\n<script type=\"application\/ld+json\" class=\"yoast-schema-graph\">{\"@context\":\"https:\/\/schema.org\",\"@graph\":[{\"@type\":\"WebPage\",\"@id\":\"https:\/\/dev6.erresse-shop.it\/fr\/shop\/petits-electromenagers\/trancheuses\/berkel-planche-a-decouper-avec-plaque-en-acier-inoxydable-red-line-220-et-250\/\",\"url\":\"https:\/\/dev6.erresse-shop.it\/fr\/shop\/petits-electromenagers\/trancheuses\/berkel-planche-a-decouper-avec-plaque-en-acier-inoxydable-red-line-220-et-250\/\",\"name\":\"BERKEL Planche \u00e0 d\u00e9couper avec plaque en acier inoxydable Red Line 220 et 250 - dev6 Erresse\",\"isPartOf\":{\"@id\":\"https:\/\/dev6.erresse-shop.it\/#website\"},\"primaryImageOfPage\":{\"@id\":\"https:\/\/dev6.erresse-shop.it\/fr\/shop\/petits-electromenagers\/trancheuses\/berkel-planche-a-decouper-avec-plaque-en-acier-inoxydable-red-line-220-et-250\/#primaryimage\"},\"image\":{\"@id\":\"https:\/\/dev6.erresse-shop.it\/fr\/shop\/petits-electromenagers\/trancheuses\/berkel-planche-a-decouper-avec-plaque-en-acier-inoxydable-red-line-220-et-250\/#primaryimage\"},\"thumbnailUrl\":\"https:\/\/i1.wp.com\/interpim.erresse-shop.it\/Import\/Prodotti\/berkel-tagliere-con-piastra-inox-red-line-220-e-250-2.jpg?ssl=1\",\"datePublished\":\"2026-04-12T06:56:38+00:00\",\"description\":\"La planche \u00e0 d\u00e9couper RED LINE, sp\u00e9cialement con\u00e7ue pour Red Line 220 et 250 par les designers eux-m\u00eames, glisse sur la plaque et s\u2019int\u00e8gre parfaitement\",\"breadcrumb\":{\"@id\":\"https:\/\/dev6.erresse-shop.it\/fr\/shop\/petits-electromenagers\/trancheuses\/berkel-planche-a-decouper-avec-plaque-en-acier-inoxydable-red-line-220-et-250\/#breadcrumb\"},\"inLanguage\":\"fr-FR\",\"potentialAction\":[{\"@type\":\"ReadAction\",\"target\":[\"https:\/\/dev6.erresse-shop.it\/fr\/shop\/petits-electromenagers\/trancheuses\/berkel-planche-a-decouper-avec-plaque-en-acier-inoxydable-red-line-220-et-250\/\"]}]},{\"@type\":\"ImageObject\",\"inLanguage\":\"fr-FR\",\"@id\":\"https:\/\/dev6.erresse-shop.it\/fr\/shop\/petits-electromenagers\/trancheuses\/berkel-planche-a-decouper-avec-plaque-en-acier-inoxydable-red-line-220-et-250\/#primaryimage\",\"url\":\"https:\/\/i1.wp.com\/interpim.erresse-shop.it\/Import\/Prodotti\/berkel-tagliere-con-piastra-inox-red-line-220-e-250-2.jpg?ssl=1\",\"contentUrl\":\"https:\/\/i1.wp.com\/interpim.erresse-shop.it\/Import\/Prodotti\/berkel-tagliere-con-piastra-inox-red-line-220-e-250-2.jpg?ssl=1\"},{\"@type\":\"BreadcrumbList\",\"@id\":\"https:\/\/dev6.erresse-shop.it\/fr\/shop\/petits-electromenagers\/trancheuses\/berkel-planche-a-decouper-avec-plaque-en-acier-inoxydable-red-line-220-et-250\/#breadcrumb\",\"itemListElement\":[{\"@type\":\"ListItem\",\"position\":1,\"name\":\"Home\",\"item\":\"https:\/\/dev6.erresse-shop.it\/\"},{\"@type\":\"ListItem\",\"position\":2,\"name\":\"Boutique\",\"item\":\"https:\/\/dev6.erresse-shop.it\/shop\/\"},{\"@type\":\"ListItem\",\"position\":3,\"name\":\"BERKEL Planche \u00e0 d\u00e9couper avec plaque en acier inoxydable Red Line 220 et 250\"}]},{\"@type\":\"WebSite\",\"@id\":\"https:\/\/dev6.erresse-shop.it\/#website\",\"url\":\"https:\/\/dev6.erresse-shop.it\/\",\"name\":\"Erresse Shop\",\"description\":\"\",\"publisher\":{\"@id\":\"https:\/\/dev6.erresse-shop.it\/#organization\"},\"potentialAction\":[{\"@type\":\"SearchAction\",\"target\":{\"@type\":\"EntryPoint\",\"urlTemplate\":\"https:\/\/dev6.erresse-shop.it\/?s={search_term_string}\"},\"query-input\":{\"@type\":\"PropertyValueSpecification\",\"valueRequired\":true,\"valueName\":\"search_term_string\"}}],\"inLanguage\":\"fr-FR\"},{\"@type\":\"Organization\",\"@id\":\"https:\/\/dev6.erresse-shop.it\/#organization\",\"name\":\"Erresse Shop\",\"url\":\"https:\/\/dev6.erresse-shop.it\/\",\"logo\":{\"@type\":\"ImageObject\",\"inLanguage\":\"fr-FR\",\"@id\":\"https:\/\/dev6.erresse-shop.it\/#\/schema\/logo\/image\/\",\"url\":\"https:\/\/dev6.erresse-shop.it\/wp-content\/uploads\/2025\/01\/LOGO-ERRESSE-CLASSICO.svg\",\"contentUrl\":\"https:\/\/dev6.erresse-shop.it\/wp-content\/uploads\/2025\/01\/LOGO-ERRESSE-CLASSICO.svg\",\"caption\":\"Erresse Shop\"},\"image\":{\"@id\":\"https:\/\/dev6.erresse-shop.it\/#\/schema\/logo\/image\/\"}}]}<\/script>\n<!-- \/ Yoast SEO plugin. -->","yoast_head_json":{"title":"BERKEL Planche \u00e0 d\u00e9couper avec plaque en acier inoxydable Red Line 220 et 250 - dev6 Erresse","description":"La planche \u00e0 d\u00e9couper RED LINE, sp\u00e9cialement con\u00e7ue pour Red Line 220 et 250 par les designers eux-m\u00eames, glisse sur la plaque et s\u2019int\u00e8gre parfaitement","robots":{"index":"noindex","follow":"follow","max-snippet":"max-snippet:-1","max-image-preview":"max-image-preview:large","max-video-preview":"max-video-preview:-1"},"og_locale":"fr_FR","og_type":"article","og_title":"BERKEL Planche \u00e0 d\u00e9couper avec plaque en acier inoxydable Red Line 220 et 250 - dev6 Erresse","og_description":"La planche \u00e0 d\u00e9couper RED LINE, sp\u00e9cialement con\u00e7ue pour Red Line 220 et 250 par les designers eux-m\u00eames, glisse sur la plaque et s\u2019int\u00e8gre parfaitement","og_url":"https:\/\/dev6.erresse-shop.it\/fr\/shop\/petits-electromenagers\/trancheuses\/berkel-planche-a-decouper-avec-plaque-en-acier-inoxydable-red-line-220-et-250\/","og_site_name":"dev6 Erresse","og_image":[{"url":"https:\/\/interpim.erresse-shop.it\/Import\/Prodotti\/berkel-tagliere-con-piastra-inox-red-line-220-e-250-2.jpg","type":"","width":"","height":""},{"url":"https:\/\/interpim.erresse-shop.it\/Import\/Prodotti\/berkel-tagliere-con-piastra-inox-red-line-220-e-250-2.jpg","width":1024,"height":1024,"type":"image\/jpeg"}],"twitter_card":"summary_large_image","twitter_image":"https:\/\/interpim.erresse-shop.it\/Import\/Prodotti\/berkel-tagliere-con-piastra-inox-red-line-220-e-250-2.jpg","schema":{"@context":"https:\/\/schema.org","@graph":[{"@type":"WebPage","@id":"https:\/\/dev6.erresse-shop.it\/fr\/shop\/petits-electromenagers\/trancheuses\/berkel-planche-a-decouper-avec-plaque-en-acier-inoxydable-red-line-220-et-250\/","url":"https:\/\/dev6.erresse-shop.it\/fr\/shop\/petits-electromenagers\/trancheuses\/berkel-planche-a-decouper-avec-plaque-en-acier-inoxydable-red-line-220-et-250\/","name":"BERKEL Planche \u00e0 d\u00e9couper avec plaque en acier inoxydable Red Line 220 et 250 - dev6 Erresse","isPartOf":{"@id":"https:\/\/dev6.erresse-shop.it\/#website"},"primaryImageOfPage":{"@id":"https:\/\/dev6.erresse-shop.it\/fr\/shop\/petits-electromenagers\/trancheuses\/berkel-planche-a-decouper-avec-plaque-en-acier-inoxydable-red-line-220-et-250\/#primaryimage"},"image":{"@id":"https:\/\/dev6.erresse-shop.it\/fr\/shop\/petits-electromenagers\/trancheuses\/berkel-planche-a-decouper-avec-plaque-en-acier-inoxydable-red-line-220-et-250\/#primaryimage"},"thumbnailUrl":"https:\/\/i1.wp.com\/interpim.erresse-shop.it\/Import\/Prodotti\/berkel-tagliere-con-piastra-inox-red-line-220-e-250-2.jpg?ssl=1","datePublished":"2026-04-12T06:56:38+00:00","description":"La planche \u00e0 d\u00e9couper RED LINE, sp\u00e9cialement con\u00e7ue pour Red Line 220 et 250 par les designers eux-m\u00eames, glisse sur la plaque et s\u2019int\u00e8gre parfaitement","breadcrumb":{"@id":"https:\/\/dev6.erresse-shop.it\/fr\/shop\/petits-electromenagers\/trancheuses\/berkel-planche-a-decouper-avec-plaque-en-acier-inoxydable-red-line-220-et-250\/#breadcrumb"},"inLanguage":"fr-FR","potentialAction":[{"@type":"ReadAction","target":["https:\/\/dev6.erresse-shop.it\/fr\/shop\/petits-electromenagers\/trancheuses\/berkel-planche-a-decouper-avec-plaque-en-acier-inoxydable-red-line-220-et-250\/"]}]},{"@type":"ImageObject","inLanguage":"fr-FR","@id":"https:\/\/dev6.erresse-shop.it\/fr\/shop\/petits-electromenagers\/trancheuses\/berkel-planche-a-decouper-avec-plaque-en-acier-inoxydable-red-line-220-et-250\/#primaryimage","url":"https:\/\/i1.wp.com\/interpim.erresse-shop.it\/Import\/Prodotti\/berkel-tagliere-con-piastra-inox-red-line-220-e-250-2.jpg?ssl=1","contentUrl":"https:\/\/i1.wp.com\/interpim.erresse-shop.it\/Import\/Prodotti\/berkel-tagliere-con-piastra-inox-red-line-220-e-250-2.jpg?ssl=1"},{"@type":"BreadcrumbList","@id":"https:\/\/dev6.erresse-shop.it\/fr\/shop\/petits-electromenagers\/trancheuses\/berkel-planche-a-decouper-avec-plaque-en-acier-inoxydable-red-line-220-et-250\/#breadcrumb","itemListElement":[{"@type":"ListItem","position":1,"name":"Home","item":"https:\/\/dev6.erresse-shop.it\/"},{"@type":"ListItem","position":2,"name":"Boutique","item":"https:\/\/dev6.erresse-shop.it\/shop\/"},{"@type":"ListItem","position":3,"name":"BERKEL Planche \u00e0 d\u00e9couper avec plaque en acier inoxydable Red Line 220 et 250"}]},{"@type":"WebSite","@id":"https:\/\/dev6.erresse-shop.it\/#website","url":"https:\/\/dev6.erresse-shop.it\/","name":"Erresse Shop","description":"","publisher":{"@id":"https:\/\/dev6.erresse-shop.it\/#organization"},"potentialAction":[{"@type":"SearchAction","target":{"@type":"EntryPoint","urlTemplate":"https:\/\/dev6.erresse-shop.it\/?s={search_term_string}"},"query-input":{"@type":"PropertyValueSpecification","valueRequired":true,"valueName":"search_term_string"}}],"inLanguage":"fr-FR"},{"@type":"Organization","@id":"https:\/\/dev6.erresse-shop.it\/#organization","name":"Erresse Shop","url":"https:\/\/dev6.erresse-shop.it\/","logo":{"@type":"ImageObject","inLanguage":"fr-FR","@id":"https:\/\/dev6.erresse-shop.it\/#\/schema\/logo\/image\/","url":"https:\/\/dev6.erresse-shop.it\/wp-content\/uploads\/2025\/01\/LOGO-ERRESSE-CLASSICO.svg","contentUrl":"https:\/\/dev6.erresse-shop.it\/wp-content\/uploads\/2025\/01\/LOGO-ERRESSE-CLASSICO.svg","caption":"Erresse Shop"},"image":{"@id":"https:\/\/dev6.erresse-shop.it\/#\/schema\/logo\/image\/"}}]}},"df_price":96.75,"df_sale_price":96.75,"df_regular_price":129,"df_image_link":"https:\/\/i1.wp.com\/interpim.erresse-shop.it\/Import\/Prodotti\/berkel-tagliere-con-piastra-inox-red-line-220-e-250-2.jpg?resize=300,300&ssl=1","fifu_image_url":"https:\/\/interpim.erresse-shop.it\/Import\/Prodotti\/berkel-tagliere-con-piastra-inox-red-line-220-e-250-2.jpg","_links":{"self":[{"href":"https:\/\/dev6.erresse-shop.it\/fr\/wp-json\/wp\/v2\/product\/59942","targetHints":{"allow":["GET"]}}],"collection":[{"href":"https:\/\/dev6.erresse-shop.it\/fr\/wp-json\/wp\/v2\/product"}],"about":[{"href":"https:\/\/dev6.erresse-shop.it\/fr\/wp-json\/wp\/v2\/types\/product"}],"wp:featuredmedia":[{"embeddable":true,"href":"https:\/\/dev6.erresse-shop.it\/fr\/wp-json\/wp\/v2\/media\/6355295"}],"wp:attachment":[{"href":"https:\/\/dev6.erresse-shop.it\/fr\/wp-json\/wp\/v2\/media?parent=59942"}],"wp:term":[{"taxonomy":"product_cat","embeddable":true,"href":"https:\/\/dev6.erresse-shop.it\/fr\/wp-json\/wp\/v2\/product_cat?post=59942"},{"taxonomy":"product_tag","embeddable":true,"href":"https:\/\/dev6.erresse-shop.it\/fr\/wp-json\/wp\/v2\/product_tag?post=59942"}],"curies":[{"name":"wp","href":"https:\/\/api.w.org\/{rel}","templated":true}]}}