{"id":59914,"date":"2026-04-12T08:56:38","date_gmt":"2026-04-12T06:56:38","guid":{"rendered":"https:\/\/dev6.erresse-shop.it\/shop\/non%20class\u00e9\/baci-milano-tete-rose-bordeaux-32cm\/"},"modified":"2025-09-14T04:30:42","modified_gmt":"2025-09-14T02:30:42","slug":"baci-milano-tete-rose-bordeaux-32cm","status":"publish","type":"product","link":"https:\/\/dev6.erresse-shop.it\/fr\/shop\/ameublement-maison\/objets-de-decoration\/baci-milano-tete-rose-bordeaux-32cm\/","title":{"rendered":"BACI MILANO T\u00eate rose\/bordeaux 32cm"},"content":{"rendered":"<p>Teste matte est une collection ambitieuse et envo\u00fbtante.<br \/>\nEn apparence, ce sont de simples statues, mais en r\u00e9alit\u00e9 ce sont des vases ! Ils sont orn\u00e9s de fleurs, d\u2019agrumes et de bijoux, repr\u00e9sentant la l\u00e9gende et la passion. Leur cr\u00e9ation d\u00e9coule de l\u2019envie d\u2019envo\u00fbter, de s\u00e9duire et d\u2019authentifier un accessoire d\u2019ameublement quotidien.<br \/>\nL\u2019irr\u00e9v\u00e9rence de la dualit\u00e9 des couleurs fait de leur r\u00e9interpr\u00e9tation un exemple extr\u00eame de contemporan\u00e9it\u00e9. Car la bonne cl\u00e9 d\u2019interpr\u00e9tation de ces pi\u00e8ces r\u00e9side dans la force de briser toute forme de rivalit\u00e9 entre la tradition et le futur, afin que le pass\u00e9 puisse exister sans \u00eatre oubli\u00e9 par la modernit\u00e9.<\/p>\n<p>Qu\u2019est-ce que vous attendez ? Meublez votre maison avec ces meubles uniques !<\/p>\n","protected":false},"excerpt":{"rendered":"<p>Teste matte est une collection ambitieuse et envo\u00fbtante. En apparence, ce sont de simples statues, mais en r\u00e9alit\u00e9 ce sont des vases ! Ils sont orn\u00e9s de fleurs, d\u2019agrumes et de bijoux, repr\u00e9sentant la l\u00e9gende et la passion. Leur cr\u00e9ation d\u00e9coule de l\u2019envie d\u2019envo\u00fbter, de s\u00e9duire et d\u2019authentifier un accessoire d\u2019ameublement quotidien. L\u2019irr\u00e9v\u00e9rence de la [&hellip;]<\/p>\n","protected":false},"featured_media":6355183,"template":"","meta":{"_acf_changed":false},"product_cat":[11990,11666,12021],"product_tag":[],"class_list":{"0":"post-59914","1":"product","2":"type-product","3":"status-publish","4":"has-post-thumbnail","6":"product_cat-ameublement-maison","7":"product_cat-arredamento-casa","8":"product_cat-objets-de-decoration","10":"first","11":"instock","12":"sale","13":"taxable","14":"shipping-taxable","15":"purchasable","16":"product-type-simple","swatches":"rey-swatches","show_selected":"","stretch_labels":"rey-swatches--stretch-labels"},"acf":[],"yoast_head":"<!-- This site is optimized with the Yoast SEO plugin v25.4 - https:\/\/yoast.com\/wordpress\/plugins\/seo\/ -->\n<title>BACI MILANO T\u00eate rose\/bordeaux 32cm - dev6 Erresse<\/title>\n<meta name=\"description\" content=\"Teste matte est une collection ambitieuse et envo\u00fbtante. En apparence, ce sont de simples statues, mais en r\u00e9alit\u00e9 ce sont des vases ! Ils sont orn\u00e9s de\" \/>\n<meta name=\"robots\" content=\"noindex, follow, max-snippet:-1, max-image-preview:large, max-video-preview:-1\" \/>\n<meta property=\"og:locale\" content=\"fr_FR\" \/>\n<meta property=\"og:type\" content=\"article\" \/>\n<meta property=\"og:title\" content=\"BACI MILANO T\u00eate rose\/bordeaux 32cm - dev6 Erresse\" \/>\n<meta property=\"og:description\" content=\"Teste matte est une collection ambitieuse et envo\u00fbtante. En apparence, ce sont de simples statues, mais en r\u00e9alit\u00e9 ce sont des vases ! Ils sont orn\u00e9s de\" \/>\n<meta property=\"og:url\" content=\"https:\/\/dev6.erresse-shop.it\/fr\/shop\/ameublement-maison\/objets-de-decoration\/baci-milano-tete-rose-bordeaux-32cm\/\" \/>\n<meta property=\"og:site_name\" content=\"dev6 Erresse\" \/>\n<meta property=\"og:image\" content=\"https:\/\/interpim.erresse-shop.it\/Import\/Prodotti\/baci-milano-testa-uomo-rosa_bordeaux-32cm.jpg\" \/><meta property=\"og:image\" content=\"https:\/\/interpim.erresse-shop.it\/Import\/Prodotti\/baci-milano-testa-uomo-rosa_bordeaux-32cm.jpg\" \/>\n\t<meta property=\"og:image:width\" content=\"1024\" \/>\n\t<meta property=\"og:image:height\" content=\"1024\" \/>\n\t<meta property=\"og:image:type\" content=\"image\/jpeg\" \/>\n<meta name=\"twitter:card\" content=\"summary_large_image\" \/>\n<meta name=\"twitter:image\" content=\"https:\/\/interpim.erresse-shop.it\/Import\/Prodotti\/baci-milano-testa-uomo-rosa_bordeaux-32cm.jpg\" \/>\n<script type=\"application\/ld+json\" class=\"yoast-schema-graph\">{\"@context\":\"https:\/\/schema.org\",\"@graph\":[{\"@type\":\"WebPage\",\"@id\":\"https:\/\/dev6.erresse-shop.it\/fr\/shop\/ameublement-maison\/objets-de-decoration\/baci-milano-tete-rose-bordeaux-32cm\/\",\"url\":\"https:\/\/dev6.erresse-shop.it\/fr\/shop\/ameublement-maison\/objets-de-decoration\/baci-milano-tete-rose-bordeaux-32cm\/\",\"name\":\"BACI MILANO T\u00eate rose\/bordeaux 32cm - dev6 Erresse\",\"isPartOf\":{\"@id\":\"https:\/\/dev6.erresse-shop.it\/#website\"},\"primaryImageOfPage\":{\"@id\":\"https:\/\/dev6.erresse-shop.it\/fr\/shop\/ameublement-maison\/objets-de-decoration\/baci-milano-tete-rose-bordeaux-32cm\/#primaryimage\"},\"image\":{\"@id\":\"https:\/\/dev6.erresse-shop.it\/fr\/shop\/ameublement-maison\/objets-de-decoration\/baci-milano-tete-rose-bordeaux-32cm\/#primaryimage\"},\"thumbnailUrl\":\"https:\/\/i2.wp.com\/interpim.erresse-shop.it\/Import\/Prodotti\/baci-milano-testa-uomo-rosa_bordeaux-32cm.jpg?ssl=1\",\"datePublished\":\"2026-04-12T06:56:38+00:00\",\"description\":\"Teste matte est une collection ambitieuse et envo\u00fbtante. En apparence, ce sont de simples statues, mais en r\u00e9alit\u00e9 ce sont des vases ! Ils sont orn\u00e9s de\",\"breadcrumb\":{\"@id\":\"https:\/\/dev6.erresse-shop.it\/fr\/shop\/ameublement-maison\/objets-de-decoration\/baci-milano-tete-rose-bordeaux-32cm\/#breadcrumb\"},\"inLanguage\":\"fr-FR\",\"potentialAction\":[{\"@type\":\"ReadAction\",\"target\":[\"https:\/\/dev6.erresse-shop.it\/fr\/shop\/ameublement-maison\/objets-de-decoration\/baci-milano-tete-rose-bordeaux-32cm\/\"]}]},{\"@type\":\"ImageObject\",\"inLanguage\":\"fr-FR\",\"@id\":\"https:\/\/dev6.erresse-shop.it\/fr\/shop\/ameublement-maison\/objets-de-decoration\/baci-milano-tete-rose-bordeaux-32cm\/#primaryimage\",\"url\":\"https:\/\/i2.wp.com\/interpim.erresse-shop.it\/Import\/Prodotti\/baci-milano-testa-uomo-rosa_bordeaux-32cm.jpg?ssl=1\",\"contentUrl\":\"https:\/\/i2.wp.com\/interpim.erresse-shop.it\/Import\/Prodotti\/baci-milano-testa-uomo-rosa_bordeaux-32cm.jpg?ssl=1\"},{\"@type\":\"BreadcrumbList\",\"@id\":\"https:\/\/dev6.erresse-shop.it\/fr\/shop\/ameublement-maison\/objets-de-decoration\/baci-milano-tete-rose-bordeaux-32cm\/#breadcrumb\",\"itemListElement\":[{\"@type\":\"ListItem\",\"position\":1,\"name\":\"Home\",\"item\":\"https:\/\/dev6.erresse-shop.it\/\"},{\"@type\":\"ListItem\",\"position\":2,\"name\":\"Boutique\",\"item\":\"https:\/\/dev6.erresse-shop.it\/shop\/\"},{\"@type\":\"ListItem\",\"position\":3,\"name\":\"BACI MILANO T\u00eate rose\/bordeaux 32cm\"}]},{\"@type\":\"WebSite\",\"@id\":\"https:\/\/dev6.erresse-shop.it\/#website\",\"url\":\"https:\/\/dev6.erresse-shop.it\/\",\"name\":\"Erresse Shop\",\"description\":\"\",\"publisher\":{\"@id\":\"https:\/\/dev6.erresse-shop.it\/#organization\"},\"potentialAction\":[{\"@type\":\"SearchAction\",\"target\":{\"@type\":\"EntryPoint\",\"urlTemplate\":\"https:\/\/dev6.erresse-shop.it\/?s={search_term_string}\"},\"query-input\":{\"@type\":\"PropertyValueSpecification\",\"valueRequired\":true,\"valueName\":\"search_term_string\"}}],\"inLanguage\":\"fr-FR\"},{\"@type\":\"Organization\",\"@id\":\"https:\/\/dev6.erresse-shop.it\/#organization\",\"name\":\"Erresse Shop\",\"url\":\"https:\/\/dev6.erresse-shop.it\/\",\"logo\":{\"@type\":\"ImageObject\",\"inLanguage\":\"fr-FR\",\"@id\":\"https:\/\/dev6.erresse-shop.it\/#\/schema\/logo\/image\/\",\"url\":\"https:\/\/dev6.erresse-shop.it\/wp-content\/uploads\/2025\/01\/LOGO-ERRESSE-CLASSICO.svg\",\"contentUrl\":\"https:\/\/dev6.erresse-shop.it\/wp-content\/uploads\/2025\/01\/LOGO-ERRESSE-CLASSICO.svg\",\"caption\":\"Erresse Shop\"},\"image\":{\"@id\":\"https:\/\/dev6.erresse-shop.it\/#\/schema\/logo\/image\/\"}}]}<\/script>\n<!-- \/ Yoast SEO plugin. -->","yoast_head_json":{"title":"BACI MILANO T\u00eate rose\/bordeaux 32cm - dev6 Erresse","description":"Teste matte est une collection ambitieuse et envo\u00fbtante. En apparence, ce sont de simples statues, mais en r\u00e9alit\u00e9 ce sont des vases ! Ils sont orn\u00e9s de","robots":{"index":"noindex","follow":"follow","max-snippet":"max-snippet:-1","max-image-preview":"max-image-preview:large","max-video-preview":"max-video-preview:-1"},"og_locale":"fr_FR","og_type":"article","og_title":"BACI MILANO T\u00eate rose\/bordeaux 32cm - dev6 Erresse","og_description":"Teste matte est une collection ambitieuse et envo\u00fbtante. En apparence, ce sont de simples statues, mais en r\u00e9alit\u00e9 ce sont des vases ! Ils sont orn\u00e9s de","og_url":"https:\/\/dev6.erresse-shop.it\/fr\/shop\/ameublement-maison\/objets-de-decoration\/baci-milano-tete-rose-bordeaux-32cm\/","og_site_name":"dev6 Erresse","og_image":[{"url":"https:\/\/interpim.erresse-shop.it\/Import\/Prodotti\/baci-milano-testa-uomo-rosa_bordeaux-32cm.jpg","type":"","width":"","height":""},{"url":"https:\/\/interpim.erresse-shop.it\/Import\/Prodotti\/baci-milano-testa-uomo-rosa_bordeaux-32cm.jpg","width":1024,"height":1024,"type":"image\/jpeg"}],"twitter_card":"summary_large_image","twitter_image":"https:\/\/interpim.erresse-shop.it\/Import\/Prodotti\/baci-milano-testa-uomo-rosa_bordeaux-32cm.jpg","schema":{"@context":"https:\/\/schema.org","@graph":[{"@type":"WebPage","@id":"https:\/\/dev6.erresse-shop.it\/fr\/shop\/ameublement-maison\/objets-de-decoration\/baci-milano-tete-rose-bordeaux-32cm\/","url":"https:\/\/dev6.erresse-shop.it\/fr\/shop\/ameublement-maison\/objets-de-decoration\/baci-milano-tete-rose-bordeaux-32cm\/","name":"BACI MILANO T\u00eate rose\/bordeaux 32cm - dev6 Erresse","isPartOf":{"@id":"https:\/\/dev6.erresse-shop.it\/#website"},"primaryImageOfPage":{"@id":"https:\/\/dev6.erresse-shop.it\/fr\/shop\/ameublement-maison\/objets-de-decoration\/baci-milano-tete-rose-bordeaux-32cm\/#primaryimage"},"image":{"@id":"https:\/\/dev6.erresse-shop.it\/fr\/shop\/ameublement-maison\/objets-de-decoration\/baci-milano-tete-rose-bordeaux-32cm\/#primaryimage"},"thumbnailUrl":"https:\/\/i2.wp.com\/interpim.erresse-shop.it\/Import\/Prodotti\/baci-milano-testa-uomo-rosa_bordeaux-32cm.jpg?ssl=1","datePublished":"2026-04-12T06:56:38+00:00","description":"Teste matte est une collection ambitieuse et envo\u00fbtante. En apparence, ce sont de simples statues, mais en r\u00e9alit\u00e9 ce sont des vases ! Ils sont orn\u00e9s de","breadcrumb":{"@id":"https:\/\/dev6.erresse-shop.it\/fr\/shop\/ameublement-maison\/objets-de-decoration\/baci-milano-tete-rose-bordeaux-32cm\/#breadcrumb"},"inLanguage":"fr-FR","potentialAction":[{"@type":"ReadAction","target":["https:\/\/dev6.erresse-shop.it\/fr\/shop\/ameublement-maison\/objets-de-decoration\/baci-milano-tete-rose-bordeaux-32cm\/"]}]},{"@type":"ImageObject","inLanguage":"fr-FR","@id":"https:\/\/dev6.erresse-shop.it\/fr\/shop\/ameublement-maison\/objets-de-decoration\/baci-milano-tete-rose-bordeaux-32cm\/#primaryimage","url":"https:\/\/i2.wp.com\/interpim.erresse-shop.it\/Import\/Prodotti\/baci-milano-testa-uomo-rosa_bordeaux-32cm.jpg?ssl=1","contentUrl":"https:\/\/i2.wp.com\/interpim.erresse-shop.it\/Import\/Prodotti\/baci-milano-testa-uomo-rosa_bordeaux-32cm.jpg?ssl=1"},{"@type":"BreadcrumbList","@id":"https:\/\/dev6.erresse-shop.it\/fr\/shop\/ameublement-maison\/objets-de-decoration\/baci-milano-tete-rose-bordeaux-32cm\/#breadcrumb","itemListElement":[{"@type":"ListItem","position":1,"name":"Home","item":"https:\/\/dev6.erresse-shop.it\/"},{"@type":"ListItem","position":2,"name":"Boutique","item":"https:\/\/dev6.erresse-shop.it\/shop\/"},{"@type":"ListItem","position":3,"name":"BACI MILANO T\u00eate rose\/bordeaux 32cm"}]},{"@type":"WebSite","@id":"https:\/\/dev6.erresse-shop.it\/#website","url":"https:\/\/dev6.erresse-shop.it\/","name":"Erresse Shop","description":"","publisher":{"@id":"https:\/\/dev6.erresse-shop.it\/#organization"},"potentialAction":[{"@type":"SearchAction","target":{"@type":"EntryPoint","urlTemplate":"https:\/\/dev6.erresse-shop.it\/?s={search_term_string}"},"query-input":{"@type":"PropertyValueSpecification","valueRequired":true,"valueName":"search_term_string"}}],"inLanguage":"fr-FR"},{"@type":"Organization","@id":"https:\/\/dev6.erresse-shop.it\/#organization","name":"Erresse Shop","url":"https:\/\/dev6.erresse-shop.it\/","logo":{"@type":"ImageObject","inLanguage":"fr-FR","@id":"https:\/\/dev6.erresse-shop.it\/#\/schema\/logo\/image\/","url":"https:\/\/dev6.erresse-shop.it\/wp-content\/uploads\/2025\/01\/LOGO-ERRESSE-CLASSICO.svg","contentUrl":"https:\/\/dev6.erresse-shop.it\/wp-content\/uploads\/2025\/01\/LOGO-ERRESSE-CLASSICO.svg","caption":"Erresse Shop"},"image":{"@id":"https:\/\/dev6.erresse-shop.it\/#\/schema\/logo\/image\/"}}]}},"df_price":84.95,"df_sale_price":84.95,"df_regular_price":116,"df_image_link":"https:\/\/i2.wp.com\/interpim.erresse-shop.it\/Import\/Prodotti\/baci-milano-testa-uomo-rosa_bordeaux-32cm.jpg?resize=300,300&ssl=1","fifu_image_url":"https:\/\/interpim.erresse-shop.it\/Import\/Prodotti\/baci-milano-testa-uomo-rosa_bordeaux-32cm.jpg","_links":{"self":[{"href":"https:\/\/dev6.erresse-shop.it\/fr\/wp-json\/wp\/v2\/product\/59914","targetHints":{"allow":["GET"]}}],"collection":[{"href":"https:\/\/dev6.erresse-shop.it\/fr\/wp-json\/wp\/v2\/product"}],"about":[{"href":"https:\/\/dev6.erresse-shop.it\/fr\/wp-json\/wp\/v2\/types\/product"}],"wp:featuredmedia":[{"embeddable":true,"href":"https:\/\/dev6.erresse-shop.it\/fr\/wp-json\/wp\/v2\/media\/6355183"}],"wp:attachment":[{"href":"https:\/\/dev6.erresse-shop.it\/fr\/wp-json\/wp\/v2\/media?parent=59914"}],"wp:term":[{"taxonomy":"product_cat","embeddable":true,"href":"https:\/\/dev6.erresse-shop.it\/fr\/wp-json\/wp\/v2\/product_cat?post=59914"},{"taxonomy":"product_tag","embeddable":true,"href":"https:\/\/dev6.erresse-shop.it\/fr\/wp-json\/wp\/v2\/product_tag?post=59914"}],"curies":[{"name":"wp","href":"https:\/\/api.w.org\/{rel}","templated":true}]}}