{"id":59908,"date":"2026-04-12T08:56:38","date_gmt":"2026-04-12T06:56:38","guid":{"rendered":"https:\/\/dev6.erresse-shop.it\/shop\/non%20class\u00e9\/baci-milano-optical-tete-de-cheval-noir-18cm\/"},"modified":"2025-09-14T04:30:37","modified_gmt":"2025-09-14T02:30:37","slug":"baci-milano-optical-tete-de-cheval-noir-18cm","status":"publish","type":"product","link":"https:\/\/dev6.erresse-shop.it\/fr\/shop\/ameublement-maison\/objets-de-decoration\/baci-milano-optical-tete-de-cheval-noir-18cm\/","title":{"rendered":"BACI MILANO Optical T\u00eate de cheval Noir 18cm"},"content":{"rendered":"<p>Optical est une collection authentique et raffin\u00e9e.<\/p>\n<p>Gr\u00e2ce au jeu rigoureux des deux dimensions, il cr\u00e9e un effet embl\u00e9matique proche de la tridimensionnalit\u00e9, donnant lieu \u00e0 des alt\u00e9rations visuelles capables de dissimuler des images imaginatives \u00e0 l\u2019attrait exponentiel.<\/p>\n<p>Les formes g\u00e9om\u00e9triques, les joints parfaits et le contraste marqu\u00e9 entre le noir et le blanc font de la collection Optical une rencontre \u00e9vocatrice entre \u00e9l\u00e9gance et surr\u00e9alisme.<br \/>\nUne ligne polyvalente qui s\u2019adapte aussi bien aux environnements classiques que plus modernes et qui donnera une touche originale et \u00e9l\u00e9gante pour embellir la maison et l\u2019ext\u00e9rieur.<\/p>\n","protected":false},"excerpt":{"rendered":"<p>Optical est une collection authentique et raffin\u00e9e. Gr\u00e2ce au jeu rigoureux des deux dimensions, il cr\u00e9e un effet embl\u00e9matique proche de la tridimensionnalit\u00e9, donnant lieu \u00e0 des alt\u00e9rations visuelles capables de dissimuler des images imaginatives \u00e0 l\u2019attrait exponentiel. Les formes g\u00e9om\u00e9triques, les joints parfaits et le contraste marqu\u00e9 entre le noir et le blanc font [&hellip;]<\/p>\n","protected":false},"featured_media":6355130,"template":"","meta":{"_acf_changed":false},"product_cat":[11990,11666,12021],"product_tag":[],"class_list":{"0":"post-59908","1":"product","2":"type-product","3":"status-publish","4":"has-post-thumbnail","6":"product_cat-ameublement-maison","7":"product_cat-arredamento-casa","8":"product_cat-objets-de-decoration","10":"first","11":"instock","12":"sale","13":"taxable","14":"shipping-taxable","15":"purchasable","16":"product-type-simple","swatches":"rey-swatches","show_selected":"","stretch_labels":"rey-swatches--stretch-labels"},"acf":[],"yoast_head":"<!-- This site is optimized with the Yoast SEO plugin v25.4 - https:\/\/yoast.com\/wordpress\/plugins\/seo\/ -->\n<title>BACI MILANO Optical T\u00eate de cheval Noir 18cm - dev6 Erresse<\/title>\n<meta name=\"description\" content=\"Optical est une collection authentique et raffin\u00e9e. Gr\u00e2ce au jeu rigoureux des deux dimensions, il cr\u00e9e un effet embl\u00e9matique proche de la\" \/>\n<meta name=\"robots\" content=\"noindex, follow, max-snippet:-1, max-image-preview:large, max-video-preview:-1\" \/>\n<meta property=\"og:locale\" content=\"fr_FR\" \/>\n<meta property=\"og:type\" content=\"article\" \/>\n<meta property=\"og:title\" content=\"BACI MILANO Optical T\u00eate de cheval Noir 18cm - dev6 Erresse\" \/>\n<meta property=\"og:description\" content=\"Optical est une collection authentique et raffin\u00e9e. Gr\u00e2ce au jeu rigoureux des deux dimensions, il cr\u00e9e un effet embl\u00e9matique proche de la\" \/>\n<meta property=\"og:url\" content=\"https:\/\/dev6.erresse-shop.it\/fr\/shop\/ameublement-maison\/objets-de-decoration\/baci-milano-optical-tete-de-cheval-noir-18cm\/\" \/>\n<meta property=\"og:site_name\" content=\"dev6 Erresse\" \/>\n<meta property=\"og:image\" content=\"https:\/\/interpim.erresse-shop.it\/Import\/Prodotti\/baci-milano-optical-testa-cavallo-nero-18cm.png\" \/><meta property=\"og:image\" content=\"https:\/\/interpim.erresse-shop.it\/Import\/Prodotti\/baci-milano-optical-testa-cavallo-nero-18cm.png\" \/>\n\t<meta property=\"og:image:width\" content=\"1024\" \/>\n\t<meta property=\"og:image:height\" content=\"1024\" \/>\n\t<meta property=\"og:image:type\" content=\"image\/jpeg\" \/>\n<meta name=\"twitter:card\" content=\"summary_large_image\" \/>\n<meta name=\"twitter:image\" content=\"https:\/\/interpim.erresse-shop.it\/Import\/Prodotti\/baci-milano-optical-testa-cavallo-nero-18cm.png\" \/>\n<script type=\"application\/ld+json\" class=\"yoast-schema-graph\">{\"@context\":\"https:\/\/schema.org\",\"@graph\":[{\"@type\":\"WebPage\",\"@id\":\"https:\/\/dev6.erresse-shop.it\/fr\/shop\/ameublement-maison\/objets-de-decoration\/baci-milano-optical-tete-de-cheval-noir-18cm\/\",\"url\":\"https:\/\/dev6.erresse-shop.it\/fr\/shop\/ameublement-maison\/objets-de-decoration\/baci-milano-optical-tete-de-cheval-noir-18cm\/\",\"name\":\"BACI MILANO Optical T\u00eate de cheval Noir 18cm - dev6 Erresse\",\"isPartOf\":{\"@id\":\"https:\/\/dev6.erresse-shop.it\/#website\"},\"primaryImageOfPage\":{\"@id\":\"https:\/\/dev6.erresse-shop.it\/fr\/shop\/ameublement-maison\/objets-de-decoration\/baci-milano-optical-tete-de-cheval-noir-18cm\/#primaryimage\"},\"image\":{\"@id\":\"https:\/\/dev6.erresse-shop.it\/fr\/shop\/ameublement-maison\/objets-de-decoration\/baci-milano-optical-tete-de-cheval-noir-18cm\/#primaryimage\"},\"thumbnailUrl\":\"https:\/\/i2.wp.com\/interpim.erresse-shop.it\/Import\/Prodotti\/baci-milano-optical-testa-cavallo-nero-18cm.png?ssl=1\",\"datePublished\":\"2026-04-12T06:56:38+00:00\",\"description\":\"Optical est une collection authentique et raffin\u00e9e. Gr\u00e2ce au jeu rigoureux des deux dimensions, il cr\u00e9e un effet embl\u00e9matique proche de la\",\"breadcrumb\":{\"@id\":\"https:\/\/dev6.erresse-shop.it\/fr\/shop\/ameublement-maison\/objets-de-decoration\/baci-milano-optical-tete-de-cheval-noir-18cm\/#breadcrumb\"},\"inLanguage\":\"fr-FR\",\"potentialAction\":[{\"@type\":\"ReadAction\",\"target\":[\"https:\/\/dev6.erresse-shop.it\/fr\/shop\/ameublement-maison\/objets-de-decoration\/baci-milano-optical-tete-de-cheval-noir-18cm\/\"]}]},{\"@type\":\"ImageObject\",\"inLanguage\":\"fr-FR\",\"@id\":\"https:\/\/dev6.erresse-shop.it\/fr\/shop\/ameublement-maison\/objets-de-decoration\/baci-milano-optical-tete-de-cheval-noir-18cm\/#primaryimage\",\"url\":\"https:\/\/i2.wp.com\/interpim.erresse-shop.it\/Import\/Prodotti\/baci-milano-optical-testa-cavallo-nero-18cm.png?ssl=1\",\"contentUrl\":\"https:\/\/i2.wp.com\/interpim.erresse-shop.it\/Import\/Prodotti\/baci-milano-optical-testa-cavallo-nero-18cm.png?ssl=1\"},{\"@type\":\"BreadcrumbList\",\"@id\":\"https:\/\/dev6.erresse-shop.it\/fr\/shop\/ameublement-maison\/objets-de-decoration\/baci-milano-optical-tete-de-cheval-noir-18cm\/#breadcrumb\",\"itemListElement\":[{\"@type\":\"ListItem\",\"position\":1,\"name\":\"Home\",\"item\":\"https:\/\/dev6.erresse-shop.it\/\"},{\"@type\":\"ListItem\",\"position\":2,\"name\":\"Boutique\",\"item\":\"https:\/\/dev6.erresse-shop.it\/shop\/\"},{\"@type\":\"ListItem\",\"position\":3,\"name\":\"BACI MILANO Optical T\u00eate de cheval Noir 18cm\"}]},{\"@type\":\"WebSite\",\"@id\":\"https:\/\/dev6.erresse-shop.it\/#website\",\"url\":\"https:\/\/dev6.erresse-shop.it\/\",\"name\":\"Erresse Shop\",\"description\":\"\",\"publisher\":{\"@id\":\"https:\/\/dev6.erresse-shop.it\/#organization\"},\"potentialAction\":[{\"@type\":\"SearchAction\",\"target\":{\"@type\":\"EntryPoint\",\"urlTemplate\":\"https:\/\/dev6.erresse-shop.it\/?s={search_term_string}\"},\"query-input\":{\"@type\":\"PropertyValueSpecification\",\"valueRequired\":true,\"valueName\":\"search_term_string\"}}],\"inLanguage\":\"fr-FR\"},{\"@type\":\"Organization\",\"@id\":\"https:\/\/dev6.erresse-shop.it\/#organization\",\"name\":\"Erresse Shop\",\"url\":\"https:\/\/dev6.erresse-shop.it\/\",\"logo\":{\"@type\":\"ImageObject\",\"inLanguage\":\"fr-FR\",\"@id\":\"https:\/\/dev6.erresse-shop.it\/#\/schema\/logo\/image\/\",\"url\":\"https:\/\/dev6.erresse-shop.it\/wp-content\/uploads\/2025\/01\/LOGO-ERRESSE-CLASSICO.svg\",\"contentUrl\":\"https:\/\/dev6.erresse-shop.it\/wp-content\/uploads\/2025\/01\/LOGO-ERRESSE-CLASSICO.svg\",\"caption\":\"Erresse Shop\"},\"image\":{\"@id\":\"https:\/\/dev6.erresse-shop.it\/#\/schema\/logo\/image\/\"}}]}<\/script>\n<!-- \/ Yoast SEO plugin. -->","yoast_head_json":{"title":"BACI MILANO Optical T\u00eate de cheval Noir 18cm - dev6 Erresse","description":"Optical est une collection authentique et raffin\u00e9e. Gr\u00e2ce au jeu rigoureux des deux dimensions, il cr\u00e9e un effet embl\u00e9matique proche de la","robots":{"index":"noindex","follow":"follow","max-snippet":"max-snippet:-1","max-image-preview":"max-image-preview:large","max-video-preview":"max-video-preview:-1"},"og_locale":"fr_FR","og_type":"article","og_title":"BACI MILANO Optical T\u00eate de cheval Noir 18cm - dev6 Erresse","og_description":"Optical est une collection authentique et raffin\u00e9e. Gr\u00e2ce au jeu rigoureux des deux dimensions, il cr\u00e9e un effet embl\u00e9matique proche de la","og_url":"https:\/\/dev6.erresse-shop.it\/fr\/shop\/ameublement-maison\/objets-de-decoration\/baci-milano-optical-tete-de-cheval-noir-18cm\/","og_site_name":"dev6 Erresse","og_image":[{"url":"https:\/\/interpim.erresse-shop.it\/Import\/Prodotti\/baci-milano-optical-testa-cavallo-nero-18cm.png","type":"","width":"","height":""},{"url":"https:\/\/interpim.erresse-shop.it\/Import\/Prodotti\/baci-milano-optical-testa-cavallo-nero-18cm.png","width":1024,"height":1024,"type":"image\/jpeg"}],"twitter_card":"summary_large_image","twitter_image":"https:\/\/interpim.erresse-shop.it\/Import\/Prodotti\/baci-milano-optical-testa-cavallo-nero-18cm.png","schema":{"@context":"https:\/\/schema.org","@graph":[{"@type":"WebPage","@id":"https:\/\/dev6.erresse-shop.it\/fr\/shop\/ameublement-maison\/objets-de-decoration\/baci-milano-optical-tete-de-cheval-noir-18cm\/","url":"https:\/\/dev6.erresse-shop.it\/fr\/shop\/ameublement-maison\/objets-de-decoration\/baci-milano-optical-tete-de-cheval-noir-18cm\/","name":"BACI MILANO Optical T\u00eate de cheval Noir 18cm - dev6 Erresse","isPartOf":{"@id":"https:\/\/dev6.erresse-shop.it\/#website"},"primaryImageOfPage":{"@id":"https:\/\/dev6.erresse-shop.it\/fr\/shop\/ameublement-maison\/objets-de-decoration\/baci-milano-optical-tete-de-cheval-noir-18cm\/#primaryimage"},"image":{"@id":"https:\/\/dev6.erresse-shop.it\/fr\/shop\/ameublement-maison\/objets-de-decoration\/baci-milano-optical-tete-de-cheval-noir-18cm\/#primaryimage"},"thumbnailUrl":"https:\/\/i2.wp.com\/interpim.erresse-shop.it\/Import\/Prodotti\/baci-milano-optical-testa-cavallo-nero-18cm.png?ssl=1","datePublished":"2026-04-12T06:56:38+00:00","description":"Optical est une collection authentique et raffin\u00e9e. Gr\u00e2ce au jeu rigoureux des deux dimensions, il cr\u00e9e un effet embl\u00e9matique proche de la","breadcrumb":{"@id":"https:\/\/dev6.erresse-shop.it\/fr\/shop\/ameublement-maison\/objets-de-decoration\/baci-milano-optical-tete-de-cheval-noir-18cm\/#breadcrumb"},"inLanguage":"fr-FR","potentialAction":[{"@type":"ReadAction","target":["https:\/\/dev6.erresse-shop.it\/fr\/shop\/ameublement-maison\/objets-de-decoration\/baci-milano-optical-tete-de-cheval-noir-18cm\/"]}]},{"@type":"ImageObject","inLanguage":"fr-FR","@id":"https:\/\/dev6.erresse-shop.it\/fr\/shop\/ameublement-maison\/objets-de-decoration\/baci-milano-optical-tete-de-cheval-noir-18cm\/#primaryimage","url":"https:\/\/i2.wp.com\/interpim.erresse-shop.it\/Import\/Prodotti\/baci-milano-optical-testa-cavallo-nero-18cm.png?ssl=1","contentUrl":"https:\/\/i2.wp.com\/interpim.erresse-shop.it\/Import\/Prodotti\/baci-milano-optical-testa-cavallo-nero-18cm.png?ssl=1"},{"@type":"BreadcrumbList","@id":"https:\/\/dev6.erresse-shop.it\/fr\/shop\/ameublement-maison\/objets-de-decoration\/baci-milano-optical-tete-de-cheval-noir-18cm\/#breadcrumb","itemListElement":[{"@type":"ListItem","position":1,"name":"Home","item":"https:\/\/dev6.erresse-shop.it\/"},{"@type":"ListItem","position":2,"name":"Boutique","item":"https:\/\/dev6.erresse-shop.it\/shop\/"},{"@type":"ListItem","position":3,"name":"BACI MILANO Optical T\u00eate de cheval Noir 18cm"}]},{"@type":"WebSite","@id":"https:\/\/dev6.erresse-shop.it\/#website","url":"https:\/\/dev6.erresse-shop.it\/","name":"Erresse Shop","description":"","publisher":{"@id":"https:\/\/dev6.erresse-shop.it\/#organization"},"potentialAction":[{"@type":"SearchAction","target":{"@type":"EntryPoint","urlTemplate":"https:\/\/dev6.erresse-shop.it\/?s={search_term_string}"},"query-input":{"@type":"PropertyValueSpecification","valueRequired":true,"valueName":"search_term_string"}}],"inLanguage":"fr-FR"},{"@type":"Organization","@id":"https:\/\/dev6.erresse-shop.it\/#organization","name":"Erresse Shop","url":"https:\/\/dev6.erresse-shop.it\/","logo":{"@type":"ImageObject","inLanguage":"fr-FR","@id":"https:\/\/dev6.erresse-shop.it\/#\/schema\/logo\/image\/","url":"https:\/\/dev6.erresse-shop.it\/wp-content\/uploads\/2025\/01\/LOGO-ERRESSE-CLASSICO.svg","contentUrl":"https:\/\/dev6.erresse-shop.it\/wp-content\/uploads\/2025\/01\/LOGO-ERRESSE-CLASSICO.svg","caption":"Erresse Shop"},"image":{"@id":"https:\/\/dev6.erresse-shop.it\/#\/schema\/logo\/image\/"}}]}},"df_price":55,"df_sale_price":55,"df_regular_price":65,"df_image_link":"https:\/\/i2.wp.com\/interpim.erresse-shop.it\/Import\/Prodotti\/baci-milano-optical-testa-cavallo-nero-18cm.png?resize=300,300&ssl=1","fifu_image_url":"https:\/\/interpim.erresse-shop.it\/Import\/Prodotti\/baci-milano-optical-testa-cavallo-nero-18cm.png","_links":{"self":[{"href":"https:\/\/dev6.erresse-shop.it\/fr\/wp-json\/wp\/v2\/product\/59908","targetHints":{"allow":["GET"]}}],"collection":[{"href":"https:\/\/dev6.erresse-shop.it\/fr\/wp-json\/wp\/v2\/product"}],"about":[{"href":"https:\/\/dev6.erresse-shop.it\/fr\/wp-json\/wp\/v2\/types\/product"}],"wp:featuredmedia":[{"embeddable":true,"href":"https:\/\/dev6.erresse-shop.it\/fr\/wp-json\/wp\/v2\/media\/6355130"}],"wp:attachment":[{"href":"https:\/\/dev6.erresse-shop.it\/fr\/wp-json\/wp\/v2\/media?parent=59908"}],"wp:term":[{"taxonomy":"product_cat","embeddable":true,"href":"https:\/\/dev6.erresse-shop.it\/fr\/wp-json\/wp\/v2\/product_cat?post=59908"},{"taxonomy":"product_tag","embeddable":true,"href":"https:\/\/dev6.erresse-shop.it\/fr\/wp-json\/wp\/v2\/product_tag?post=59908"}],"curies":[{"name":"wp","href":"https:\/\/api.w.org\/{rel}","templated":true}]}}