{"id":59882,"date":"2026-04-12T08:55:29","date_gmt":"2026-04-12T06:55:29","guid":{"rendered":"https:\/\/dev6.erresse-shop.it\/shop\/non%20class\u00e9\/sage-creatista-pro\/"},"modified":"2025-07-04T16:23:36","modified_gmt":"2025-07-04T14:23:36","slug":"sage-creatista-pro","status":"publish","type":"product","link":"https:\/\/dev6.erresse-shop.it\/fr\/shop\/petits-electromenagers\/machines-cafe\/a-dosettes-et-a-capsules\/sage-creatista-pro\/","title":{"rendered":"SAGE Creatista\u00ae Pro"},"content":{"rendered":"<p>Cr\u00e9ez des caf\u00e9s personnalis\u00e9s \u00e0 la maison aussi bien qu\u2019au bar. 2 cappuccinos en 75 secondes : l\u2019extraction du caf\u00e9 et le moussage automatique du lait se font simultan\u00e9ment, tandis que le syst\u00e8me innovant ThermoJet\u00ae chauffe la machine en 3 secondes. Il suffit de faire d\u00e9filer et de s\u00e9lectionner votre caf\u00e9 gr\u00e2ce au menu intuitif \u00e0 une touche. R\u00e9glez facilement l\u2019extraction, la consistance du lait et la temp\u00e9rature pour obtenir un ar\u00f4me plus riche. Cr\u00e9ez le Nespresso parfait, \u00e0 votre fa\u00e7on.<\/p>\n<p>2 Cappuccinos en 75 secondes :<\/p>\n<p>Pr\u00e9parez votre caf\u00e9 pr\u00e9f\u00e9r\u00e9 en un rien de temps. Gr\u00e2ce au syst\u00e8me innovant de double chauffage ThermoJet, la machine est pr\u00eate en 3 secondes et vous permet de pr\u00e9parer du caf\u00e9 et de faire mousser du lait automatiquement en m\u00eame temps.<\/p>\n<p>Balayez, s\u00e9lectionnez, appr\u00e9ciez :<\/p>\n<p>Il suffit de faire d\u00e9filer et de s\u00e9lectionner pour d\u00e9guster chez soi un caf\u00e9 aussi bon qu\u2019au bar. L\u2019\u00e9cran tactile couleur innovant permet de s\u00e9lectionner facilement le caf\u00e9 souhait\u00e9 dans le menu. L\u2019interface vous guide pas \u00e0 pas dans le processus de r\u00e9glage de la machine, ainsi que lors de la premi\u00e8re utilisation et du nettoyage n\u00e9cessaire.<\/p>\n<p>Un caf\u00e9 comme dans un bar \u00e0 la maison :<\/p>\n<p>Nous savons que chacun a ses propres go\u00fbts, et cela vaut \u00e9galement pour le choix du caf\u00e9. Avec 8 pr\u00e9r\u00e9glages diff\u00e9rents, pr\u00e9parez vos caf\u00e9s pr\u00e9f\u00e9r\u00e9s \u00e0 la maison, comme un vrai barista. Creatista Pro permet une personnalisation compl\u00e8te : r\u00e9glez la quantit\u00e9 de caf\u00e9 infus\u00e9, la temp\u00e9rature et la consistance du lait. Enregistrez ensuite votre caf\u00e9 dans le menu pour le s\u00e9lectionner quand vous le souhaitez.<\/p>\n<p>Moussage automatique du lait :<\/p>\n<p>Gr\u00e2ce \u00e0 la buse \u00e0 vapeur enti\u00e8rement automatique, Creatista Pro vous permet de r\u00e9gler la temp\u00e9rature et la consistance du lait comme vous le souhaitez. Le r\u00e9sultat est une mousse de lait velout\u00e9e avec des micro-bulles, parfaite pour le latte art.<\/p>\n<p>Bec d\u2019eau chaude d\u00e9di\u00e9 :<\/p>\n<p>L\u2019eau chaude et l\u2019espresso sortent de deux tuyaux ind\u00e9pendants. L\u2019eau chaude peut \u00eatre distribu\u00e9e \u00e0 volont\u00e9, pour cr\u00e9er votre propre Long Black d\u2019une simple pression ou pour r\u00e9chauffer la tasse. Le bec d\u2019eau chaude d\u00e9di\u00e9 permet \u00e9galement de ne pas contaminer le go\u00fbt du caf\u00e9 pour des r\u00e9sultats optimaux.<\/p>\n<p>Une commodit\u00e9 sans compromis :<\/p>\n<p>Tout le confort d\u2019une machine \u00e0 caf\u00e9 avec des capsules Nespresso combin\u00e9es pour la premi\u00e8re fois avec une interface \u00e0 \u00e9cran tactile et la technologie avanc\u00e9e de Sage pour faire mousser le lait par microbulles.<\/p>\n<p>Param\u00e8tres :<\/p>\n<p>8 boissons pr\u00e9r\u00e9gl\u00e9es<br \/>\nvolume du caf\u00e9 (7 options)<br \/>\nquantit\u00e9 d\u2019eau chaude (7 options)<br \/>\ntemp\u00e9rature du lait (11 options)<br \/>\nNiveau de moussage du lait (8 options)<\/p>\n<p>Capacit\u00e9 :<\/p>\n<p>R\u00e9servoir d\u2019eau de 2 litres<br \/>\nGrand r\u00e9cipient pour les capsules usag\u00e9es (12 capsules)<\/p>\n<p>Dimensions (LxPxH) : 42,9 x 19,7 x 32,8 cm<\/p>\n<p>Alimentation \u00e9lectrique : 2300W<\/p>\n<p>Mat\u00e9riau de construction : acier inoxydable<\/p>\n<p>Voltage : 220-240V<\/p>\n<p>Garantie : 2 ans pour r\u00e9paration ou remplacement (couverture fournie directement par Nespresso)<\/p>\n<p>Ne peut \u00eatre vendu en dehors de l\u2019Europe<\/p>\n","protected":false},"excerpt":{"rendered":"<p>Cr\u00e9ez des caf\u00e9s personnalis\u00e9s \u00e0 la maison aussi bien qu\u2019au bar. 2 cappuccinos en 75 secondes : l\u2019extraction du caf\u00e9 et le moussage automatique du lait se font simultan\u00e9ment, tandis que le syst\u00e8me innovant ThermoJet\u00ae chauffe la machine en 3 secondes. Il suffit de faire d\u00e9filer et de s\u00e9lectionner votre caf\u00e9 gr\u00e2ce au menu intuitif [&hellip;]<\/p>\n","protected":false},"featured_media":6355084,"template":"","meta":{"_acf_changed":false},"product_cat":[12081,12063,12055],"product_tag":[],"class_list":{"0":"post-59882","1":"product","2":"type-product","3":"status-publish","4":"has-post-thumbnail","6":"product_cat-a-dosettes-et-a-capsules","7":"product_cat-machines-cafe","8":"product_cat-petits-electromenagers","10":"first","11":"outofstock","12":"taxable","13":"shipping-taxable","14":"product-type-simple","swatches":"rey-swatches","show_selected":"","stretch_labels":"rey-swatches--stretch-labels"},"acf":[],"yoast_head":"<!-- This site is optimized with the Yoast SEO plugin v25.4 - https:\/\/yoast.com\/wordpress\/plugins\/seo\/ -->\n<title>SAGE Creatista\u00ae Pro - dev6 Erresse<\/title>\n<meta name=\"description\" content=\"Cr\u00e9ez des caf\u00e9s personnalis\u00e9s \u00e0 la maison aussi bien qu\u2019au bar. 2 cappuccinos en 75 secondes : l\u2019extraction du caf\u00e9 et le moussage automatique du lait se\" \/>\n<meta name=\"robots\" content=\"noindex, follow, max-snippet:-1, max-image-preview:large, max-video-preview:-1\" \/>\n<meta property=\"og:locale\" content=\"fr_FR\" \/>\n<meta property=\"og:type\" content=\"article\" \/>\n<meta property=\"og:title\" content=\"SAGE Creatista\u00ae Pro - dev6 Erresse\" \/>\n<meta property=\"og:description\" content=\"Cr\u00e9ez des caf\u00e9s personnalis\u00e9s \u00e0 la maison aussi bien qu\u2019au bar. 2 cappuccinos en 75 secondes : l\u2019extraction du caf\u00e9 et le moussage automatique du lait se\" \/>\n<meta property=\"og:url\" content=\"https:\/\/dev6.erresse-shop.it\/fr\/shop\/petits-electromenagers\/machines-cafe\/a-dosettes-et-a-capsules\/sage-creatista-pro\/\" \/>\n<meta property=\"og:site_name\" content=\"dev6 Erresse\" \/>\n<meta property=\"og:image\" content=\"https:\/\/interpim.erresse-shop.it\/Import\/Prodotti\/creatista-pro.jpg\" \/><meta property=\"og:image\" content=\"https:\/\/interpim.erresse-shop.it\/Import\/Prodotti\/creatista-pro.jpg\" \/>\n\t<meta property=\"og:image:width\" content=\"1024\" \/>\n\t<meta property=\"og:image:height\" content=\"1024\" \/>\n\t<meta property=\"og:image:type\" content=\"image\/jpeg\" \/>\n<meta name=\"twitter:card\" content=\"summary_large_image\" \/>\n<meta name=\"twitter:image\" content=\"https:\/\/interpim.erresse-shop.it\/Import\/Prodotti\/creatista-pro.jpg\" \/>\n<script type=\"application\/ld+json\" class=\"yoast-schema-graph\">{\"@context\":\"https:\/\/schema.org\",\"@graph\":[{\"@type\":\"WebPage\",\"@id\":\"https:\/\/dev6.erresse-shop.it\/fr\/shop\/petits-electromenagers\/machines-cafe\/a-dosettes-et-a-capsules\/sage-creatista-pro\/\",\"url\":\"https:\/\/dev6.erresse-shop.it\/fr\/shop\/petits-electromenagers\/machines-cafe\/a-dosettes-et-a-capsules\/sage-creatista-pro\/\",\"name\":\"SAGE Creatista\u00ae Pro - dev6 Erresse\",\"isPartOf\":{\"@id\":\"https:\/\/dev6.erresse-shop.it\/#website\"},\"primaryImageOfPage\":{\"@id\":\"https:\/\/dev6.erresse-shop.it\/fr\/shop\/petits-electromenagers\/machines-cafe\/a-dosettes-et-a-capsules\/sage-creatista-pro\/#primaryimage\"},\"image\":{\"@id\":\"https:\/\/dev6.erresse-shop.it\/fr\/shop\/petits-electromenagers\/machines-cafe\/a-dosettes-et-a-capsules\/sage-creatista-pro\/#primaryimage\"},\"thumbnailUrl\":\"https:\/\/i2.wp.com\/interpim.erresse-shop.it\/Import\/Prodotti\/creatista-pro.jpg?ssl=1\",\"datePublished\":\"2026-04-12T06:55:29+00:00\",\"description\":\"Cr\u00e9ez des caf\u00e9s personnalis\u00e9s \u00e0 la maison aussi bien qu\u2019au bar. 2 cappuccinos en 75 secondes : l\u2019extraction du caf\u00e9 et le moussage automatique du lait se\",\"breadcrumb\":{\"@id\":\"https:\/\/dev6.erresse-shop.it\/fr\/shop\/petits-electromenagers\/machines-cafe\/a-dosettes-et-a-capsules\/sage-creatista-pro\/#breadcrumb\"},\"inLanguage\":\"fr-FR\",\"potentialAction\":[{\"@type\":\"ReadAction\",\"target\":[\"https:\/\/dev6.erresse-shop.it\/fr\/shop\/petits-electromenagers\/machines-cafe\/a-dosettes-et-a-capsules\/sage-creatista-pro\/\"]}]},{\"@type\":\"ImageObject\",\"inLanguage\":\"fr-FR\",\"@id\":\"https:\/\/dev6.erresse-shop.it\/fr\/shop\/petits-electromenagers\/machines-cafe\/a-dosettes-et-a-capsules\/sage-creatista-pro\/#primaryimage\",\"url\":\"https:\/\/i2.wp.com\/interpim.erresse-shop.it\/Import\/Prodotti\/creatista-pro.jpg?ssl=1\",\"contentUrl\":\"https:\/\/i2.wp.com\/interpim.erresse-shop.it\/Import\/Prodotti\/creatista-pro.jpg?ssl=1\"},{\"@type\":\"BreadcrumbList\",\"@id\":\"https:\/\/dev6.erresse-shop.it\/fr\/shop\/petits-electromenagers\/machines-cafe\/a-dosettes-et-a-capsules\/sage-creatista-pro\/#breadcrumb\",\"itemListElement\":[{\"@type\":\"ListItem\",\"position\":1,\"name\":\"Home\",\"item\":\"https:\/\/dev6.erresse-shop.it\/\"},{\"@type\":\"ListItem\",\"position\":2,\"name\":\"Boutique\",\"item\":\"https:\/\/dev6.erresse-shop.it\/shop\/\"},{\"@type\":\"ListItem\",\"position\":3,\"name\":\"SAGE Creatista\u00ae Pro\"}]},{\"@type\":\"WebSite\",\"@id\":\"https:\/\/dev6.erresse-shop.it\/#website\",\"url\":\"https:\/\/dev6.erresse-shop.it\/\",\"name\":\"Erresse Shop\",\"description\":\"\",\"publisher\":{\"@id\":\"https:\/\/dev6.erresse-shop.it\/#organization\"},\"potentialAction\":[{\"@type\":\"SearchAction\",\"target\":{\"@type\":\"EntryPoint\",\"urlTemplate\":\"https:\/\/dev6.erresse-shop.it\/?s={search_term_string}\"},\"query-input\":{\"@type\":\"PropertyValueSpecification\",\"valueRequired\":true,\"valueName\":\"search_term_string\"}}],\"inLanguage\":\"fr-FR\"},{\"@type\":\"Organization\",\"@id\":\"https:\/\/dev6.erresse-shop.it\/#organization\",\"name\":\"Erresse Shop\",\"url\":\"https:\/\/dev6.erresse-shop.it\/\",\"logo\":{\"@type\":\"ImageObject\",\"inLanguage\":\"fr-FR\",\"@id\":\"https:\/\/dev6.erresse-shop.it\/#\/schema\/logo\/image\/\",\"url\":\"https:\/\/dev6.erresse-shop.it\/wp-content\/uploads\/2025\/01\/LOGO-ERRESSE-CLASSICO.svg\",\"contentUrl\":\"https:\/\/dev6.erresse-shop.it\/wp-content\/uploads\/2025\/01\/LOGO-ERRESSE-CLASSICO.svg\",\"caption\":\"Erresse Shop\"},\"image\":{\"@id\":\"https:\/\/dev6.erresse-shop.it\/#\/schema\/logo\/image\/\"}}]}<\/script>\n<!-- \/ Yoast SEO plugin. -->","yoast_head_json":{"title":"SAGE Creatista\u00ae Pro - dev6 Erresse","description":"Cr\u00e9ez des caf\u00e9s personnalis\u00e9s \u00e0 la maison aussi bien qu\u2019au bar. 2 cappuccinos en 75 secondes : l\u2019extraction du caf\u00e9 et le moussage automatique du lait se","robots":{"index":"noindex","follow":"follow","max-snippet":"max-snippet:-1","max-image-preview":"max-image-preview:large","max-video-preview":"max-video-preview:-1"},"og_locale":"fr_FR","og_type":"article","og_title":"SAGE Creatista\u00ae Pro - dev6 Erresse","og_description":"Cr\u00e9ez des caf\u00e9s personnalis\u00e9s \u00e0 la maison aussi bien qu\u2019au bar. 2 cappuccinos en 75 secondes : l\u2019extraction du caf\u00e9 et le moussage automatique du lait se","og_url":"https:\/\/dev6.erresse-shop.it\/fr\/shop\/petits-electromenagers\/machines-cafe\/a-dosettes-et-a-capsules\/sage-creatista-pro\/","og_site_name":"dev6 Erresse","og_image":[{"url":"https:\/\/interpim.erresse-shop.it\/Import\/Prodotti\/creatista-pro.jpg","type":"","width":"","height":""},{"url":"https:\/\/interpim.erresse-shop.it\/Import\/Prodotti\/creatista-pro.jpg","width":1024,"height":1024,"type":"image\/jpeg"}],"twitter_card":"summary_large_image","twitter_image":"https:\/\/interpim.erresse-shop.it\/Import\/Prodotti\/creatista-pro.jpg","schema":{"@context":"https:\/\/schema.org","@graph":[{"@type":"WebPage","@id":"https:\/\/dev6.erresse-shop.it\/fr\/shop\/petits-electromenagers\/machines-cafe\/a-dosettes-et-a-capsules\/sage-creatista-pro\/","url":"https:\/\/dev6.erresse-shop.it\/fr\/shop\/petits-electromenagers\/machines-cafe\/a-dosettes-et-a-capsules\/sage-creatista-pro\/","name":"SAGE Creatista\u00ae Pro - dev6 Erresse","isPartOf":{"@id":"https:\/\/dev6.erresse-shop.it\/#website"},"primaryImageOfPage":{"@id":"https:\/\/dev6.erresse-shop.it\/fr\/shop\/petits-electromenagers\/machines-cafe\/a-dosettes-et-a-capsules\/sage-creatista-pro\/#primaryimage"},"image":{"@id":"https:\/\/dev6.erresse-shop.it\/fr\/shop\/petits-electromenagers\/machines-cafe\/a-dosettes-et-a-capsules\/sage-creatista-pro\/#primaryimage"},"thumbnailUrl":"https:\/\/i2.wp.com\/interpim.erresse-shop.it\/Import\/Prodotti\/creatista-pro.jpg?ssl=1","datePublished":"2026-04-12T06:55:29+00:00","description":"Cr\u00e9ez des caf\u00e9s personnalis\u00e9s \u00e0 la maison aussi bien qu\u2019au bar. 2 cappuccinos en 75 secondes : l\u2019extraction du caf\u00e9 et le moussage automatique du lait se","breadcrumb":{"@id":"https:\/\/dev6.erresse-shop.it\/fr\/shop\/petits-electromenagers\/machines-cafe\/a-dosettes-et-a-capsules\/sage-creatista-pro\/#breadcrumb"},"inLanguage":"fr-FR","potentialAction":[{"@type":"ReadAction","target":["https:\/\/dev6.erresse-shop.it\/fr\/shop\/petits-electromenagers\/machines-cafe\/a-dosettes-et-a-capsules\/sage-creatista-pro\/"]}]},{"@type":"ImageObject","inLanguage":"fr-FR","@id":"https:\/\/dev6.erresse-shop.it\/fr\/shop\/petits-electromenagers\/machines-cafe\/a-dosettes-et-a-capsules\/sage-creatista-pro\/#primaryimage","url":"https:\/\/i2.wp.com\/interpim.erresse-shop.it\/Import\/Prodotti\/creatista-pro.jpg?ssl=1","contentUrl":"https:\/\/i2.wp.com\/interpim.erresse-shop.it\/Import\/Prodotti\/creatista-pro.jpg?ssl=1"},{"@type":"BreadcrumbList","@id":"https:\/\/dev6.erresse-shop.it\/fr\/shop\/petits-electromenagers\/machines-cafe\/a-dosettes-et-a-capsules\/sage-creatista-pro\/#breadcrumb","itemListElement":[{"@type":"ListItem","position":1,"name":"Home","item":"https:\/\/dev6.erresse-shop.it\/"},{"@type":"ListItem","position":2,"name":"Boutique","item":"https:\/\/dev6.erresse-shop.it\/shop\/"},{"@type":"ListItem","position":3,"name":"SAGE Creatista\u00ae Pro"}]},{"@type":"WebSite","@id":"https:\/\/dev6.erresse-shop.it\/#website","url":"https:\/\/dev6.erresse-shop.it\/","name":"Erresse Shop","description":"","publisher":{"@id":"https:\/\/dev6.erresse-shop.it\/#organization"},"potentialAction":[{"@type":"SearchAction","target":{"@type":"EntryPoint","urlTemplate":"https:\/\/dev6.erresse-shop.it\/?s={search_term_string}"},"query-input":{"@type":"PropertyValueSpecification","valueRequired":true,"valueName":"search_term_string"}}],"inLanguage":"fr-FR"},{"@type":"Organization","@id":"https:\/\/dev6.erresse-shop.it\/#organization","name":"Erresse Shop","url":"https:\/\/dev6.erresse-shop.it\/","logo":{"@type":"ImageObject","inLanguage":"fr-FR","@id":"https:\/\/dev6.erresse-shop.it\/#\/schema\/logo\/image\/","url":"https:\/\/dev6.erresse-shop.it\/wp-content\/uploads\/2025\/01\/LOGO-ERRESSE-CLASSICO.svg","contentUrl":"https:\/\/dev6.erresse-shop.it\/wp-content\/uploads\/2025\/01\/LOGO-ERRESSE-CLASSICO.svg","caption":"Erresse Shop"},"image":{"@id":"https:\/\/dev6.erresse-shop.it\/#\/schema\/logo\/image\/"}}]}},"df_price":"","df_sale_price":"","df_regular_price":"","df_image_link":"https:\/\/i2.wp.com\/interpim.erresse-shop.it\/Import\/Prodotti\/creatista-pro.jpg?resize=300,300&ssl=1","fifu_image_url":"https:\/\/interpim.erresse-shop.it\/Import\/Prodotti\/creatista-pro.jpg","_links":{"self":[{"href":"https:\/\/dev6.erresse-shop.it\/fr\/wp-json\/wp\/v2\/product\/59882","targetHints":{"allow":["GET"]}}],"collection":[{"href":"https:\/\/dev6.erresse-shop.it\/fr\/wp-json\/wp\/v2\/product"}],"about":[{"href":"https:\/\/dev6.erresse-shop.it\/fr\/wp-json\/wp\/v2\/types\/product"}],"wp:featuredmedia":[{"embeddable":true,"href":"https:\/\/dev6.erresse-shop.it\/fr\/wp-json\/wp\/v2\/media\/6355084"}],"wp:attachment":[{"href":"https:\/\/dev6.erresse-shop.it\/fr\/wp-json\/wp\/v2\/media?parent=59882"}],"wp:term":[{"taxonomy":"product_cat","embeddable":true,"href":"https:\/\/dev6.erresse-shop.it\/fr\/wp-json\/wp\/v2\/product_cat?post=59882"},{"taxonomy":"product_tag","embeddable":true,"href":"https:\/\/dev6.erresse-shop.it\/fr\/wp-json\/wp\/v2\/product_tag?post=59882"}],"curies":[{"name":"wp","href":"https:\/\/api.w.org\/{rel}","templated":true}]}}