{"id":59880,"date":"2026-04-12T08:55:29","date_gmt":"2026-04-12T06:55:29","guid":{"rendered":"https:\/\/dev6.erresse-shop.it\/shop\/non%20class\u00e9\/sage-creatista-plus\/"},"modified":"2025-07-04T16:23:33","modified_gmt":"2025-07-04T14:23:33","slug":"sage-creatista-plus","status":"publish","type":"product","link":"https:\/\/dev6.erresse-shop.it\/fr\/shop\/petits-electromenagers\/machines-cafe\/a-dosettes-et-a-capsules\/sage-creatista-plus\/","title":{"rendered":"SAGE Creatista\u2122 Plus"},"content":{"rendered":"<p>Nespresso Creatista Plus vous donne la possibilit\u00e9 de cr\u00e9er facilement votre caf\u00e9 pr\u00e9f\u00e9r\u00e9 \u00e0 la maison, aussi bien qu\u2019au bar. Avec son design \u00e9l\u00e9gant et sa finition en acier inoxydable, le Creatista Plus dispose d\u2019un temps de chauffe de 3 secondes, de 8 niveaux de texture et de 11 r\u00e9glages de temp\u00e9rature du lait. Chaque machine est livr\u00e9e avec un pot \u00e0 lait en acier inoxydable.<\/p>\n<p>Mousse \u00e0 microbulles comme au bar :<\/p>\n<p>Gr\u00e2ce \u00e0 la buse \u00e0 vapeur enti\u00e8rement automatique, vous pouvez cr\u00e9er une texture de lait parfaite pour l\u2019art du latt\u00e9, dans le confort de votre maison, \u00e0 la temp\u00e9rature que vous souhaitez.<\/p>\n<p>Le confort sans compromis :<\/p>\n<p>Toute la commodit\u00e9 d\u2019une machine \u00e0 caf\u00e9 \u00e0 capsules Nespresso combin\u00e9e pour la premi\u00e8re fois \u00e0 la technologie avanc\u00e9e de mousse de lait \u00e0 microbulles de Sage.<\/p>\n<p>Cr\u00e9ez facilement votre caf\u00e9 pr\u00e9f\u00e9r\u00e9 :<\/p>\n<p>Que vous ayez une passion pour le caf\u00e9 noir ou servi avec du lait parfaitement textur\u00e9, l\u2019\u00e9cran num\u00e9rique intuitif vous guidera dans les diff\u00e9rentes pr\u00e9parations de caf\u00e9 et vous permettra de les personnaliser.<\/p>\n<p>Fonction de nettoyage automatique :<\/p>\n<p>La brosse \u00e0 vapeur automatique effectue un lavage pour un nettoyage de base.<\/p>\n<p>Pr\u00e9parations de caf\u00e9 :\u00a0<\/p>\n<p>Ristretto, Espresso, Lungo, Latte, Cappuccino, Latte macchiato.<\/p>\n<p>Alimentation \u00e9lectrique : 1500 Watt<\/p>\n<p>Dimensions (LxPxH) : 40,8 x 17,1 x 31 cm<\/p>\n<p>Mat\u00e9riaux de construction : Finition en acier inoxydable<\/p>\n<p>Poids : 5,2 kg<\/p>\n<p>Capacit\u00e9 : r\u00e9servoir amovible de 1,5 l<\/p>\n<p>Contenance des g\u00e9lules : 12 g\u00e9lules usag\u00e9es<\/p>\n<p>Plateau d\u2019\u00e9gouttage : plateau amovible et indicateur de plateau plein<\/p>\n<p>Pression de la pompe : 19 bar<\/p>\n<p>Syst\u00e8me de chauffage : \u00e9l\u00e9ment chauffant ThermoJet\u00ae.<\/p>\n<p>Temps de chauffage : 3 secondes<\/p>\n<p>Voltage : 220-240 Volt<\/p>\n<p>Param\u00e8tres :\u00a0<\/p>\n<p>3 tailles programmables<br \/>\n8 niveaux de texture et 11 r\u00e9glages de la temp\u00e9rature du lait<br \/>\nDuret\u00e9 de l\u2019eau programmable<\/p>\n<p>Accessoires :<\/p>\n<p>Pot \u00e0 lait en acier inoxydable et s\u00e9lection de capsules Nespresso pour la d\u00e9gustation<br \/>\nPorte-gobelet amovible<br \/>\nMat\u00e9riaux sans BPA<br \/>\nAffichage num\u00e9rique en couleur<\/p>\n<p>Garantie : 2 ans pour r\u00e9paration ou remplacement (couverture fournie directement par Nespresso)<\/p>\n<p>Non commercialis\u00e9 en dehors de l\u2019Europe<\/p>\n","protected":false},"excerpt":{"rendered":"<p>Nespresso Creatista Plus vous donne la possibilit\u00e9 de cr\u00e9er facilement votre caf\u00e9 pr\u00e9f\u00e9r\u00e9 \u00e0 la maison, aussi bien qu\u2019au bar. Avec son design \u00e9l\u00e9gant et sa finition en acier inoxydable, le Creatista Plus dispose d\u2019un temps de chauffe de 3 secondes, de 8 niveaux de texture et de 11 r\u00e9glages de temp\u00e9rature du lait. Chaque [&hellip;]<\/p>\n","protected":false},"featured_media":6355077,"template":"","meta":{"_acf_changed":false},"product_cat":[12081,12063,12055],"product_tag":[],"class_list":{"0":"post-59880","1":"product","2":"type-product","3":"status-publish","4":"has-post-thumbnail","6":"product_cat-a-dosettes-et-a-capsules","7":"product_cat-machines-cafe","8":"product_cat-petits-electromenagers","10":"first","11":"outofstock","12":"sale","13":"taxable","14":"shipping-taxable","15":"purchasable","16":"product-type-simple","swatches":"rey-swatches","show_selected":"","stretch_labels":"rey-swatches--stretch-labels"},"acf":[],"yoast_head":"<!-- This site is optimized with the Yoast SEO plugin v25.4 - https:\/\/yoast.com\/wordpress\/plugins\/seo\/ -->\n<title>SAGE Creatista\u2122 Plus - dev6 Erresse<\/title>\n<meta name=\"description\" content=\"Nespresso Creatista Plus vous donne la possibilit\u00e9 de cr\u00e9er facilement votre caf\u00e9 pr\u00e9f\u00e9r\u00e9 \u00e0 la maison, aussi bien qu\u2019au bar. Avec son design \u00e9l\u00e9gant et sa\" \/>\n<meta name=\"robots\" content=\"noindex, follow, max-snippet:-1, max-image-preview:large, max-video-preview:-1\" \/>\n<meta property=\"og:locale\" content=\"fr_FR\" \/>\n<meta property=\"og:type\" content=\"article\" \/>\n<meta property=\"og:title\" content=\"SAGE Creatista\u2122 Plus - dev6 Erresse\" \/>\n<meta property=\"og:description\" content=\"Nespresso Creatista Plus vous donne la possibilit\u00e9 de cr\u00e9er facilement votre caf\u00e9 pr\u00e9f\u00e9r\u00e9 \u00e0 la maison, aussi bien qu\u2019au bar. Avec son design \u00e9l\u00e9gant et sa\" \/>\n<meta property=\"og:url\" content=\"https:\/\/dev6.erresse-shop.it\/fr\/shop\/petits-electromenagers\/machines-cafe\/a-dosettes-et-a-capsules\/sage-creatista-plus\/\" \/>\n<meta property=\"og:site_name\" content=\"dev6 Erresse\" \/>\n<meta property=\"og:image\" content=\"https:\/\/interpim.erresse-shop.it\/Import\/Prodotti\/creatista-plus-1.jpg\" \/><meta property=\"og:image\" content=\"https:\/\/interpim.erresse-shop.it\/Import\/Prodotti\/creatista-plus-1.jpg\" \/>\n\t<meta property=\"og:image:width\" content=\"1024\" \/>\n\t<meta property=\"og:image:height\" content=\"1024\" \/>\n\t<meta property=\"og:image:type\" content=\"image\/jpeg\" \/>\n<meta name=\"twitter:card\" content=\"summary_large_image\" \/>\n<meta name=\"twitter:image\" content=\"https:\/\/interpim.erresse-shop.it\/Import\/Prodotti\/creatista-plus-1.jpg\" \/>\n<script type=\"application\/ld+json\" class=\"yoast-schema-graph\">{\"@context\":\"https:\/\/schema.org\",\"@graph\":[{\"@type\":\"WebPage\",\"@id\":\"https:\/\/dev6.erresse-shop.it\/fr\/shop\/petits-electromenagers\/machines-cafe\/a-dosettes-et-a-capsules\/sage-creatista-plus\/\",\"url\":\"https:\/\/dev6.erresse-shop.it\/fr\/shop\/petits-electromenagers\/machines-cafe\/a-dosettes-et-a-capsules\/sage-creatista-plus\/\",\"name\":\"SAGE Creatista\u2122 Plus - dev6 Erresse\",\"isPartOf\":{\"@id\":\"https:\/\/dev6.erresse-shop.it\/#website\"},\"primaryImageOfPage\":{\"@id\":\"https:\/\/dev6.erresse-shop.it\/fr\/shop\/petits-electromenagers\/machines-cafe\/a-dosettes-et-a-capsules\/sage-creatista-plus\/#primaryimage\"},\"image\":{\"@id\":\"https:\/\/dev6.erresse-shop.it\/fr\/shop\/petits-electromenagers\/machines-cafe\/a-dosettes-et-a-capsules\/sage-creatista-plus\/#primaryimage\"},\"thumbnailUrl\":\"https:\/\/i0.wp.com\/interpim.erresse-shop.it\/Import\/Prodotti\/creatista-plus-1.jpg?ssl=1\",\"datePublished\":\"2026-04-12T06:55:29+00:00\",\"description\":\"Nespresso Creatista Plus vous donne la possibilit\u00e9 de cr\u00e9er facilement votre caf\u00e9 pr\u00e9f\u00e9r\u00e9 \u00e0 la maison, aussi bien qu\u2019au bar. Avec son design \u00e9l\u00e9gant et sa\",\"breadcrumb\":{\"@id\":\"https:\/\/dev6.erresse-shop.it\/fr\/shop\/petits-electromenagers\/machines-cafe\/a-dosettes-et-a-capsules\/sage-creatista-plus\/#breadcrumb\"},\"inLanguage\":\"fr-FR\",\"potentialAction\":[{\"@type\":\"ReadAction\",\"target\":[\"https:\/\/dev6.erresse-shop.it\/fr\/shop\/petits-electromenagers\/machines-cafe\/a-dosettes-et-a-capsules\/sage-creatista-plus\/\"]}]},{\"@type\":\"ImageObject\",\"inLanguage\":\"fr-FR\",\"@id\":\"https:\/\/dev6.erresse-shop.it\/fr\/shop\/petits-electromenagers\/machines-cafe\/a-dosettes-et-a-capsules\/sage-creatista-plus\/#primaryimage\",\"url\":\"https:\/\/i0.wp.com\/interpim.erresse-shop.it\/Import\/Prodotti\/creatista-plus-1.jpg?ssl=1\",\"contentUrl\":\"https:\/\/i0.wp.com\/interpim.erresse-shop.it\/Import\/Prodotti\/creatista-plus-1.jpg?ssl=1\"},{\"@type\":\"BreadcrumbList\",\"@id\":\"https:\/\/dev6.erresse-shop.it\/fr\/shop\/petits-electromenagers\/machines-cafe\/a-dosettes-et-a-capsules\/sage-creatista-plus\/#breadcrumb\",\"itemListElement\":[{\"@type\":\"ListItem\",\"position\":1,\"name\":\"Home\",\"item\":\"https:\/\/dev6.erresse-shop.it\/\"},{\"@type\":\"ListItem\",\"position\":2,\"name\":\"Boutique\",\"item\":\"https:\/\/dev6.erresse-shop.it\/shop\/\"},{\"@type\":\"ListItem\",\"position\":3,\"name\":\"SAGE Creatista\u2122 Plus\"}]},{\"@type\":\"WebSite\",\"@id\":\"https:\/\/dev6.erresse-shop.it\/#website\",\"url\":\"https:\/\/dev6.erresse-shop.it\/\",\"name\":\"Erresse Shop\",\"description\":\"\",\"publisher\":{\"@id\":\"https:\/\/dev6.erresse-shop.it\/#organization\"},\"potentialAction\":[{\"@type\":\"SearchAction\",\"target\":{\"@type\":\"EntryPoint\",\"urlTemplate\":\"https:\/\/dev6.erresse-shop.it\/?s={search_term_string}\"},\"query-input\":{\"@type\":\"PropertyValueSpecification\",\"valueRequired\":true,\"valueName\":\"search_term_string\"}}],\"inLanguage\":\"fr-FR\"},{\"@type\":\"Organization\",\"@id\":\"https:\/\/dev6.erresse-shop.it\/#organization\",\"name\":\"Erresse Shop\",\"url\":\"https:\/\/dev6.erresse-shop.it\/\",\"logo\":{\"@type\":\"ImageObject\",\"inLanguage\":\"fr-FR\",\"@id\":\"https:\/\/dev6.erresse-shop.it\/#\/schema\/logo\/image\/\",\"url\":\"https:\/\/dev6.erresse-shop.it\/wp-content\/uploads\/2025\/01\/LOGO-ERRESSE-CLASSICO.svg\",\"contentUrl\":\"https:\/\/dev6.erresse-shop.it\/wp-content\/uploads\/2025\/01\/LOGO-ERRESSE-CLASSICO.svg\",\"caption\":\"Erresse Shop\"},\"image\":{\"@id\":\"https:\/\/dev6.erresse-shop.it\/#\/schema\/logo\/image\/\"}}]}<\/script>\n<!-- \/ Yoast SEO plugin. -->","yoast_head_json":{"title":"SAGE Creatista\u2122 Plus - dev6 Erresse","description":"Nespresso Creatista Plus vous donne la possibilit\u00e9 de cr\u00e9er facilement votre caf\u00e9 pr\u00e9f\u00e9r\u00e9 \u00e0 la maison, aussi bien qu\u2019au bar. Avec son design \u00e9l\u00e9gant et sa","robots":{"index":"noindex","follow":"follow","max-snippet":"max-snippet:-1","max-image-preview":"max-image-preview:large","max-video-preview":"max-video-preview:-1"},"og_locale":"fr_FR","og_type":"article","og_title":"SAGE Creatista\u2122 Plus - dev6 Erresse","og_description":"Nespresso Creatista Plus vous donne la possibilit\u00e9 de cr\u00e9er facilement votre caf\u00e9 pr\u00e9f\u00e9r\u00e9 \u00e0 la maison, aussi bien qu\u2019au bar. Avec son design \u00e9l\u00e9gant et sa","og_url":"https:\/\/dev6.erresse-shop.it\/fr\/shop\/petits-electromenagers\/machines-cafe\/a-dosettes-et-a-capsules\/sage-creatista-plus\/","og_site_name":"dev6 Erresse","og_image":[{"url":"https:\/\/interpim.erresse-shop.it\/Import\/Prodotti\/creatista-plus-1.jpg","type":"","width":"","height":""},{"url":"https:\/\/interpim.erresse-shop.it\/Import\/Prodotti\/creatista-plus-1.jpg","width":1024,"height":1024,"type":"image\/jpeg"}],"twitter_card":"summary_large_image","twitter_image":"https:\/\/interpim.erresse-shop.it\/Import\/Prodotti\/creatista-plus-1.jpg","schema":{"@context":"https:\/\/schema.org","@graph":[{"@type":"WebPage","@id":"https:\/\/dev6.erresse-shop.it\/fr\/shop\/petits-electromenagers\/machines-cafe\/a-dosettes-et-a-capsules\/sage-creatista-plus\/","url":"https:\/\/dev6.erresse-shop.it\/fr\/shop\/petits-electromenagers\/machines-cafe\/a-dosettes-et-a-capsules\/sage-creatista-plus\/","name":"SAGE Creatista\u2122 Plus - dev6 Erresse","isPartOf":{"@id":"https:\/\/dev6.erresse-shop.it\/#website"},"primaryImageOfPage":{"@id":"https:\/\/dev6.erresse-shop.it\/fr\/shop\/petits-electromenagers\/machines-cafe\/a-dosettes-et-a-capsules\/sage-creatista-plus\/#primaryimage"},"image":{"@id":"https:\/\/dev6.erresse-shop.it\/fr\/shop\/petits-electromenagers\/machines-cafe\/a-dosettes-et-a-capsules\/sage-creatista-plus\/#primaryimage"},"thumbnailUrl":"https:\/\/i0.wp.com\/interpim.erresse-shop.it\/Import\/Prodotti\/creatista-plus-1.jpg?ssl=1","datePublished":"2026-04-12T06:55:29+00:00","description":"Nespresso Creatista Plus vous donne la possibilit\u00e9 de cr\u00e9er facilement votre caf\u00e9 pr\u00e9f\u00e9r\u00e9 \u00e0 la maison, aussi bien qu\u2019au bar. Avec son design \u00e9l\u00e9gant et sa","breadcrumb":{"@id":"https:\/\/dev6.erresse-shop.it\/fr\/shop\/petits-electromenagers\/machines-cafe\/a-dosettes-et-a-capsules\/sage-creatista-plus\/#breadcrumb"},"inLanguage":"fr-FR","potentialAction":[{"@type":"ReadAction","target":["https:\/\/dev6.erresse-shop.it\/fr\/shop\/petits-electromenagers\/machines-cafe\/a-dosettes-et-a-capsules\/sage-creatista-plus\/"]}]},{"@type":"ImageObject","inLanguage":"fr-FR","@id":"https:\/\/dev6.erresse-shop.it\/fr\/shop\/petits-electromenagers\/machines-cafe\/a-dosettes-et-a-capsules\/sage-creatista-plus\/#primaryimage","url":"https:\/\/i0.wp.com\/interpim.erresse-shop.it\/Import\/Prodotti\/creatista-plus-1.jpg?ssl=1","contentUrl":"https:\/\/i0.wp.com\/interpim.erresse-shop.it\/Import\/Prodotti\/creatista-plus-1.jpg?ssl=1"},{"@type":"BreadcrumbList","@id":"https:\/\/dev6.erresse-shop.it\/fr\/shop\/petits-electromenagers\/machines-cafe\/a-dosettes-et-a-capsules\/sage-creatista-plus\/#breadcrumb","itemListElement":[{"@type":"ListItem","position":1,"name":"Home","item":"https:\/\/dev6.erresse-shop.it\/"},{"@type":"ListItem","position":2,"name":"Boutique","item":"https:\/\/dev6.erresse-shop.it\/shop\/"},{"@type":"ListItem","position":3,"name":"SAGE Creatista\u2122 Plus"}]},{"@type":"WebSite","@id":"https:\/\/dev6.erresse-shop.it\/#website","url":"https:\/\/dev6.erresse-shop.it\/","name":"Erresse Shop","description":"","publisher":{"@id":"https:\/\/dev6.erresse-shop.it\/#organization"},"potentialAction":[{"@type":"SearchAction","target":{"@type":"EntryPoint","urlTemplate":"https:\/\/dev6.erresse-shop.it\/?s={search_term_string}"},"query-input":{"@type":"PropertyValueSpecification","valueRequired":true,"valueName":"search_term_string"}}],"inLanguage":"fr-FR"},{"@type":"Organization","@id":"https:\/\/dev6.erresse-shop.it\/#organization","name":"Erresse Shop","url":"https:\/\/dev6.erresse-shop.it\/","logo":{"@type":"ImageObject","inLanguage":"fr-FR","@id":"https:\/\/dev6.erresse-shop.it\/#\/schema\/logo\/image\/","url":"https:\/\/dev6.erresse-shop.it\/wp-content\/uploads\/2025\/01\/LOGO-ERRESSE-CLASSICO.svg","contentUrl":"https:\/\/dev6.erresse-shop.it\/wp-content\/uploads\/2025\/01\/LOGO-ERRESSE-CLASSICO.svg","caption":"Erresse Shop"},"image":{"@id":"https:\/\/dev6.erresse-shop.it\/#\/schema\/logo\/image\/"}}]}},"df_price":479.95,"df_sale_price":479.95,"df_regular_price":549.9,"df_image_link":"https:\/\/i0.wp.com\/interpim.erresse-shop.it\/Import\/Prodotti\/creatista-plus-1.jpg?resize=300,300&ssl=1","fifu_image_url":"https:\/\/interpim.erresse-shop.it\/Import\/Prodotti\/creatista-plus-1.jpg","_links":{"self":[{"href":"https:\/\/dev6.erresse-shop.it\/fr\/wp-json\/wp\/v2\/product\/59880","targetHints":{"allow":["GET"]}}],"collection":[{"href":"https:\/\/dev6.erresse-shop.it\/fr\/wp-json\/wp\/v2\/product"}],"about":[{"href":"https:\/\/dev6.erresse-shop.it\/fr\/wp-json\/wp\/v2\/types\/product"}],"wp:featuredmedia":[{"embeddable":true,"href":"https:\/\/dev6.erresse-shop.it\/fr\/wp-json\/wp\/v2\/media\/6355077"}],"wp:attachment":[{"href":"https:\/\/dev6.erresse-shop.it\/fr\/wp-json\/wp\/v2\/media?parent=59880"}],"wp:term":[{"taxonomy":"product_cat","embeddable":true,"href":"https:\/\/dev6.erresse-shop.it\/fr\/wp-json\/wp\/v2\/product_cat?post=59880"},{"taxonomy":"product_tag","embeddable":true,"href":"https:\/\/dev6.erresse-shop.it\/fr\/wp-json\/wp\/v2\/product_tag?post=59880"}],"curies":[{"name":"wp","href":"https:\/\/api.w.org\/{rel}","templated":true}]}}