{"id":59872,"date":"2026-04-12T08:55:29","date_gmt":"2026-04-12T06:55:29","guid":{"rendered":"https:\/\/dev6.erresse-shop.it\/shop\/non%20class\u00e9\/sage-the-fast-slow-pro\/"},"modified":"2025-07-04T16:23:23","modified_gmt":"2025-07-04T14:23:23","slug":"sage-the-fast-slow-pro","status":"publish","type":"product","link":"https:\/\/dev6.erresse-shop.it\/fr\/shop\/petits-electromenagers\/robots-de-cuisine\/sage-the-fast-slow-pro\/","title":{"rendered":"SAGE The Fast Slow Pro"},"content":{"rendered":"<p>Certains aliments n\u00e9cessitent une cuisson lente, d\u2019autres sont parfaits pour la cuisson sous pression. Le Fast Slow Pro ajuste automatiquement le temps, la temp\u00e9rature et la pression entre diff\u00e9rents modes de cuisson, de rapide \u00e0 lent, pour faire ressortir le meilleur go\u00fbt et la meilleure texture des ingr\u00e9dients. Des r\u00e9glages personnalis\u00e9s pour vos recettes pr\u00e9f\u00e9r\u00e9es vous permettent d\u2019enregistrer les valeurs de temp\u00e9rature, de pression et de temps de cuisson.<\/p>\n<p>Cuisine multifonctionnelle<\/p>\n<p>R\u00e9glage automatique du d\u00e9gagement de la vapeur :<\/p>\n<p>La cuisson sous pression ? Ne vous inqui\u00e9tez pas ! Gr\u00e2ce au syst\u00e8me d\u2019\u00e9vacuation automatique de la vapeur, vos mains sont toujours \u00e9loign\u00e9es des jets de vapeur. L\u2019appareil r\u00e8gle automatiquement la bonne m\u00e9thode de cuisson, en choisissant entre Quick, Pulse ou Natural pour garantir les meilleurs r\u00e9sultats.<\/p>\n<p>Syst\u00e8me de triple s\u00e9curit\u00e9 Couvercle :<\/p>\n<p>Construction en acier inoxydable avec triple syst\u00e8me de s\u00e9curit\u00e9. Couvercle \u00e0 charni\u00e8re amovible, r\u00e9sistant au lave-vaisselle, avec joint en silicone facile \u00e0 ins\u00e9rer : nettoyage et assemblage sans souci.<\/p>\n<p>Facile \u00e0 nettoyer :<\/p>\n<p>Le couvercle est amovible et passe au lave-vaisselle pour un nettoyage facile. Le r\u00e9cipient de cuisson \u00e0 rev\u00eatement c\u00e9ramique peut \u00e9galement \u00eatre utilis\u00e9 comme plat de service. La c\u00e9ramique est un mat\u00e9riau naturel et ne contient donc ni PFOA ni PTFE.<\/p>\n<p>Affichage LCD :<\/p>\n<p>L\u2019\u00e9cran LCD montre ce qui se passe \u00e0 l\u2019int\u00e9rieur du cuiseur avec les indicateurs de pression et de temp\u00e9rature, le compte \u00e0 rebours et l\u2019indicateur de d\u00e9gagement de vapeur. Les 8 niveaux de pression vont de 1,5 \u00e0 12 psi.<\/p>\n<p>\u00a0<\/p>\n<p>Alimentation \u00e9lectrique : 1100 Watts<\/p>\n<p>Dimensions (LxPxH) : 35 x 35 x 32 cm<\/p>\n<p>Capacit\u00e9 : Volume maximum \u2013 6L. Volume utilisable \u2013 4L. Volume minimum \u2013 1L.<\/p>\n<p>Double capteur : Deux capteurs situ\u00e9s sur le dessus et le dessous de l\u2019appareil surveillent les ingr\u00e9dients pour un contr\u00f4le plus pr\u00e9cis de la temp\u00e9rature et de la pression, tandis que le d\u00e9bit de vapeur varie automatiquement en fonction des aliments pour en am\u00e9liorer le go\u00fbt et la texture.<\/p>\n<p>Fonction de maintien au chaud : activ\u00e9e lorsque la cuisson est termin\u00e9e, cette fonction permet de garder vos aliments au chaud afin qu\u2019ils soient pr\u00eats \u00e0 \u00eatre servis lorsque vous le souhaitez.<\/p>\n<p>Voltage : 220-240 Volt<\/p>\n<p>Triple syst\u00e8me de s\u00e9curit\u00e9 : Couvercle avec fermeture de s\u00e9curit\u00e9, valve de s\u00e9curit\u00e9 et bouton de lib\u00e9ration de la pression.<\/p>\n<p>Mat\u00e9riaux de construction : Acier inoxydable bross\u00e9<\/p>\n<p>Garantie : 2 ans pour r\u00e9paration, remplacement ou remboursement (\u00e0 la seule discr\u00e9tion de Sage Appliances)<\/p>\n<p>Param\u00e8tres :<\/p>\n<p>Lib\u00e9ration automatique de la vapeur<br \/>\n11 r\u00e9glages pour la cuisson sous pression plus un r\u00e9glage personnalis\u00e9 pour vos recettes pr\u00e9f\u00e9r\u00e9es. R\u00e9glages pour la cuisson lente High ou Low de 2 \u00e0 12 heures<\/p>\n<p>Accessoires :<\/p>\n<p>Plateau vapeur en acier inoxydable<br \/>\nDessous de plat en acier inoxydable<\/p>\n<p>Ne peut \u00eatre vendu en dehors de l\u2019Europe<\/p>\n","protected":false},"excerpt":{"rendered":"<p>Certains aliments n\u00e9cessitent une cuisson lente, d\u2019autres sont parfaits pour la cuisson sous pression. Le Fast Slow Pro ajuste automatiquement le temps, la temp\u00e9rature et la pression entre diff\u00e9rents modes de cuisson, de rapide \u00e0 lent, pour faire ressortir le meilleur go\u00fbt et la meilleure texture des ingr\u00e9dients. Des r\u00e9glages personnalis\u00e9s pour vos recettes pr\u00e9f\u00e9r\u00e9es [&hellip;]<\/p>\n","protected":false},"featured_media":6355032,"template":"","meta":{"_acf_changed":false},"product_cat":[12055,12066],"product_tag":[],"class_list":{"0":"post-59872","1":"product","2":"type-product","3":"status-publish","4":"has-post-thumbnail","6":"product_cat-petits-electromenagers","7":"product_cat-robots-de-cuisine","9":"first","10":"outofstock","11":"sale","12":"taxable","13":"shipping-taxable","14":"purchasable","15":"product-type-simple","swatches":"rey-swatches","show_selected":"","stretch_labels":"rey-swatches--stretch-labels"},"acf":[],"yoast_head":"<!-- This site is optimized with the Yoast SEO plugin v25.4 - https:\/\/yoast.com\/wordpress\/plugins\/seo\/ -->\n<title>SAGE The Fast Slow Pro - dev6 Erresse<\/title>\n<meta name=\"description\" content=\"Certains aliments n\u00e9cessitent une cuisson lente, d\u2019autres sont parfaits pour la cuisson sous pression. Le Fast Slow Pro ajuste automatiquement le temps,\" \/>\n<meta name=\"robots\" content=\"noindex, follow, max-snippet:-1, max-image-preview:large, max-video-preview:-1\" \/>\n<meta property=\"og:locale\" content=\"fr_FR\" \/>\n<meta property=\"og:type\" content=\"article\" \/>\n<meta property=\"og:title\" content=\"SAGE The Fast Slow Pro - dev6 Erresse\" \/>\n<meta property=\"og:description\" content=\"Certains aliments n\u00e9cessitent une cuisson lente, d\u2019autres sont parfaits pour la cuisson sous pression. Le Fast Slow Pro ajuste automatiquement le temps,\" \/>\n<meta property=\"og:url\" content=\"https:\/\/dev6.erresse-shop.it\/fr\/shop\/petits-electromenagers\/robots-de-cuisine\/sage-the-fast-slow-pro\/\" \/>\n<meta property=\"og:site_name\" content=\"dev6 Erresse\" \/>\n<meta property=\"og:image\" content=\"https:\/\/interpim.erresse-shop.it\/img-catalogo\/jarrycan\/the-fast-slow-pro.jpg\" \/><meta property=\"og:image\" content=\"https:\/\/interpim.erresse-shop.it\/img-catalogo\/jarrycan\/the-fast-slow-pro.jpg\" \/>\n\t<meta property=\"og:image:width\" content=\"1024\" \/>\n\t<meta property=\"og:image:height\" content=\"1024\" \/>\n\t<meta property=\"og:image:type\" content=\"image\/jpeg\" \/>\n<meta name=\"twitter:card\" content=\"summary_large_image\" \/>\n<meta name=\"twitter:image\" content=\"https:\/\/interpim.erresse-shop.it\/img-catalogo\/jarrycan\/the-fast-slow-pro.jpg\" \/>\n<script type=\"application\/ld+json\" class=\"yoast-schema-graph\">{\"@context\":\"https:\/\/schema.org\",\"@graph\":[{\"@type\":\"WebPage\",\"@id\":\"https:\/\/dev6.erresse-shop.it\/fr\/shop\/petits-electromenagers\/robots-de-cuisine\/sage-the-fast-slow-pro\/\",\"url\":\"https:\/\/dev6.erresse-shop.it\/fr\/shop\/petits-electromenagers\/robots-de-cuisine\/sage-the-fast-slow-pro\/\",\"name\":\"SAGE The Fast Slow Pro - dev6 Erresse\",\"isPartOf\":{\"@id\":\"https:\/\/dev6.erresse-shop.it\/#website\"},\"primaryImageOfPage\":{\"@id\":\"https:\/\/dev6.erresse-shop.it\/fr\/shop\/petits-electromenagers\/robots-de-cuisine\/sage-the-fast-slow-pro\/#primaryimage\"},\"image\":{\"@id\":\"https:\/\/dev6.erresse-shop.it\/fr\/shop\/petits-electromenagers\/robots-de-cuisine\/sage-the-fast-slow-pro\/#primaryimage\"},\"thumbnailUrl\":\"https:\/\/i2.wp.com\/interpim.erresse-shop.it\/img-catalogo\/jarrycan\/the-fast-slow-pro.jpg?ssl=1\",\"datePublished\":\"2026-04-12T06:55:29+00:00\",\"description\":\"Certains aliments n\u00e9cessitent une cuisson lente, d\u2019autres sont parfaits pour la cuisson sous pression. Le Fast Slow Pro ajuste automatiquement le temps,\",\"breadcrumb\":{\"@id\":\"https:\/\/dev6.erresse-shop.it\/fr\/shop\/petits-electromenagers\/robots-de-cuisine\/sage-the-fast-slow-pro\/#breadcrumb\"},\"inLanguage\":\"fr-FR\",\"potentialAction\":[{\"@type\":\"ReadAction\",\"target\":[\"https:\/\/dev6.erresse-shop.it\/fr\/shop\/petits-electromenagers\/robots-de-cuisine\/sage-the-fast-slow-pro\/\"]}]},{\"@type\":\"ImageObject\",\"inLanguage\":\"fr-FR\",\"@id\":\"https:\/\/dev6.erresse-shop.it\/fr\/shop\/petits-electromenagers\/robots-de-cuisine\/sage-the-fast-slow-pro\/#primaryimage\",\"url\":\"https:\/\/i2.wp.com\/interpim.erresse-shop.it\/img-catalogo\/jarrycan\/the-fast-slow-pro.jpg?ssl=1\",\"contentUrl\":\"https:\/\/i2.wp.com\/interpim.erresse-shop.it\/img-catalogo\/jarrycan\/the-fast-slow-pro.jpg?ssl=1\"},{\"@type\":\"BreadcrumbList\",\"@id\":\"https:\/\/dev6.erresse-shop.it\/fr\/shop\/petits-electromenagers\/robots-de-cuisine\/sage-the-fast-slow-pro\/#breadcrumb\",\"itemListElement\":[{\"@type\":\"ListItem\",\"position\":1,\"name\":\"Home\",\"item\":\"https:\/\/dev6.erresse-shop.it\/\"},{\"@type\":\"ListItem\",\"position\":2,\"name\":\"Boutique\",\"item\":\"https:\/\/dev6.erresse-shop.it\/shop\/\"},{\"@type\":\"ListItem\",\"position\":3,\"name\":\"SAGE The Fast Slow Pro\"}]},{\"@type\":\"WebSite\",\"@id\":\"https:\/\/dev6.erresse-shop.it\/#website\",\"url\":\"https:\/\/dev6.erresse-shop.it\/\",\"name\":\"Erresse Shop\",\"description\":\"\",\"publisher\":{\"@id\":\"https:\/\/dev6.erresse-shop.it\/#organization\"},\"potentialAction\":[{\"@type\":\"SearchAction\",\"target\":{\"@type\":\"EntryPoint\",\"urlTemplate\":\"https:\/\/dev6.erresse-shop.it\/?s={search_term_string}\"},\"query-input\":{\"@type\":\"PropertyValueSpecification\",\"valueRequired\":true,\"valueName\":\"search_term_string\"}}],\"inLanguage\":\"fr-FR\"},{\"@type\":\"Organization\",\"@id\":\"https:\/\/dev6.erresse-shop.it\/#organization\",\"name\":\"Erresse Shop\",\"url\":\"https:\/\/dev6.erresse-shop.it\/\",\"logo\":{\"@type\":\"ImageObject\",\"inLanguage\":\"fr-FR\",\"@id\":\"https:\/\/dev6.erresse-shop.it\/#\/schema\/logo\/image\/\",\"url\":\"https:\/\/dev6.erresse-shop.it\/wp-content\/uploads\/2025\/01\/LOGO-ERRESSE-CLASSICO.svg\",\"contentUrl\":\"https:\/\/dev6.erresse-shop.it\/wp-content\/uploads\/2025\/01\/LOGO-ERRESSE-CLASSICO.svg\",\"caption\":\"Erresse Shop\"},\"image\":{\"@id\":\"https:\/\/dev6.erresse-shop.it\/#\/schema\/logo\/image\/\"}}]}<\/script>\n<!-- \/ Yoast SEO plugin. -->","yoast_head_json":{"title":"SAGE The Fast Slow Pro - dev6 Erresse","description":"Certains aliments n\u00e9cessitent une cuisson lente, d\u2019autres sont parfaits pour la cuisson sous pression. Le Fast Slow Pro ajuste automatiquement le temps,","robots":{"index":"noindex","follow":"follow","max-snippet":"max-snippet:-1","max-image-preview":"max-image-preview:large","max-video-preview":"max-video-preview:-1"},"og_locale":"fr_FR","og_type":"article","og_title":"SAGE The Fast Slow Pro - dev6 Erresse","og_description":"Certains aliments n\u00e9cessitent une cuisson lente, d\u2019autres sont parfaits pour la cuisson sous pression. Le Fast Slow Pro ajuste automatiquement le temps,","og_url":"https:\/\/dev6.erresse-shop.it\/fr\/shop\/petits-electromenagers\/robots-de-cuisine\/sage-the-fast-slow-pro\/","og_site_name":"dev6 Erresse","og_image":[{"url":"https:\/\/interpim.erresse-shop.it\/img-catalogo\/jarrycan\/the-fast-slow-pro.jpg","type":"","width":"","height":""},{"url":"https:\/\/interpim.erresse-shop.it\/img-catalogo\/jarrycan\/the-fast-slow-pro.jpg","width":1024,"height":1024,"type":"image\/jpeg"}],"twitter_card":"summary_large_image","twitter_image":"https:\/\/interpim.erresse-shop.it\/img-catalogo\/jarrycan\/the-fast-slow-pro.jpg","schema":{"@context":"https:\/\/schema.org","@graph":[{"@type":"WebPage","@id":"https:\/\/dev6.erresse-shop.it\/fr\/shop\/petits-electromenagers\/robots-de-cuisine\/sage-the-fast-slow-pro\/","url":"https:\/\/dev6.erresse-shop.it\/fr\/shop\/petits-electromenagers\/robots-de-cuisine\/sage-the-fast-slow-pro\/","name":"SAGE The Fast Slow Pro - dev6 Erresse","isPartOf":{"@id":"https:\/\/dev6.erresse-shop.it\/#website"},"primaryImageOfPage":{"@id":"https:\/\/dev6.erresse-shop.it\/fr\/shop\/petits-electromenagers\/robots-de-cuisine\/sage-the-fast-slow-pro\/#primaryimage"},"image":{"@id":"https:\/\/dev6.erresse-shop.it\/fr\/shop\/petits-electromenagers\/robots-de-cuisine\/sage-the-fast-slow-pro\/#primaryimage"},"thumbnailUrl":"https:\/\/i2.wp.com\/interpim.erresse-shop.it\/img-catalogo\/jarrycan\/the-fast-slow-pro.jpg?ssl=1","datePublished":"2026-04-12T06:55:29+00:00","description":"Certains aliments n\u00e9cessitent une cuisson lente, d\u2019autres sont parfaits pour la cuisson sous pression. Le Fast Slow Pro ajuste automatiquement le temps,","breadcrumb":{"@id":"https:\/\/dev6.erresse-shop.it\/fr\/shop\/petits-electromenagers\/robots-de-cuisine\/sage-the-fast-slow-pro\/#breadcrumb"},"inLanguage":"fr-FR","potentialAction":[{"@type":"ReadAction","target":["https:\/\/dev6.erresse-shop.it\/fr\/shop\/petits-electromenagers\/robots-de-cuisine\/sage-the-fast-slow-pro\/"]}]},{"@type":"ImageObject","inLanguage":"fr-FR","@id":"https:\/\/dev6.erresse-shop.it\/fr\/shop\/petits-electromenagers\/robots-de-cuisine\/sage-the-fast-slow-pro\/#primaryimage","url":"https:\/\/i2.wp.com\/interpim.erresse-shop.it\/img-catalogo\/jarrycan\/the-fast-slow-pro.jpg?ssl=1","contentUrl":"https:\/\/i2.wp.com\/interpim.erresse-shop.it\/img-catalogo\/jarrycan\/the-fast-slow-pro.jpg?ssl=1"},{"@type":"BreadcrumbList","@id":"https:\/\/dev6.erresse-shop.it\/fr\/shop\/petits-electromenagers\/robots-de-cuisine\/sage-the-fast-slow-pro\/#breadcrumb","itemListElement":[{"@type":"ListItem","position":1,"name":"Home","item":"https:\/\/dev6.erresse-shop.it\/"},{"@type":"ListItem","position":2,"name":"Boutique","item":"https:\/\/dev6.erresse-shop.it\/shop\/"},{"@type":"ListItem","position":3,"name":"SAGE The Fast Slow Pro"}]},{"@type":"WebSite","@id":"https:\/\/dev6.erresse-shop.it\/#website","url":"https:\/\/dev6.erresse-shop.it\/","name":"Erresse Shop","description":"","publisher":{"@id":"https:\/\/dev6.erresse-shop.it\/#organization"},"potentialAction":[{"@type":"SearchAction","target":{"@type":"EntryPoint","urlTemplate":"https:\/\/dev6.erresse-shop.it\/?s={search_term_string}"},"query-input":{"@type":"PropertyValueSpecification","valueRequired":true,"valueName":"search_term_string"}}],"inLanguage":"fr-FR"},{"@type":"Organization","@id":"https:\/\/dev6.erresse-shop.it\/#organization","name":"Erresse Shop","url":"https:\/\/dev6.erresse-shop.it\/","logo":{"@type":"ImageObject","inLanguage":"fr-FR","@id":"https:\/\/dev6.erresse-shop.it\/#\/schema\/logo\/image\/","url":"https:\/\/dev6.erresse-shop.it\/wp-content\/uploads\/2025\/01\/LOGO-ERRESSE-CLASSICO.svg","contentUrl":"https:\/\/dev6.erresse-shop.it\/wp-content\/uploads\/2025\/01\/LOGO-ERRESSE-CLASSICO.svg","caption":"Erresse Shop"},"image":{"@id":"https:\/\/dev6.erresse-shop.it\/#\/schema\/logo\/image\/"}}]}},"df_price":229.95,"df_sale_price":229.95,"df_regular_price":259.9,"df_image_link":"https:\/\/i2.wp.com\/interpim.erresse-shop.it\/img-catalogo\/jarrycan\/the-fast-slow-pro.jpg?resize=300,300&ssl=1","fifu_image_url":"https:\/\/interpim.erresse-shop.it\/img-catalogo\/jarrycan\/the-fast-slow-pro.jpg","_links":{"self":[{"href":"https:\/\/dev6.erresse-shop.it\/fr\/wp-json\/wp\/v2\/product\/59872","targetHints":{"allow":["GET"]}}],"collection":[{"href":"https:\/\/dev6.erresse-shop.it\/fr\/wp-json\/wp\/v2\/product"}],"about":[{"href":"https:\/\/dev6.erresse-shop.it\/fr\/wp-json\/wp\/v2\/types\/product"}],"wp:featuredmedia":[{"embeddable":true,"href":"https:\/\/dev6.erresse-shop.it\/fr\/wp-json\/wp\/v2\/media\/6355032"}],"wp:attachment":[{"href":"https:\/\/dev6.erresse-shop.it\/fr\/wp-json\/wp\/v2\/media?parent=59872"}],"wp:term":[{"taxonomy":"product_cat","embeddable":true,"href":"https:\/\/dev6.erresse-shop.it\/fr\/wp-json\/wp\/v2\/product_cat?post=59872"},{"taxonomy":"product_tag","embeddable":true,"href":"https:\/\/dev6.erresse-shop.it\/fr\/wp-json\/wp\/v2\/product_tag?post=59872"}],"curies":[{"name":"wp","href":"https:\/\/api.w.org\/{rel}","templated":true}]}}