{"id":59870,"date":"2026-04-12T08:55:29","date_gmt":"2026-04-12T06:55:29","guid":{"rendered":"https:\/\/dev6.erresse-shop.it\/shop\/non%20class\u00e9\/sage-the-risotto-plus\/"},"modified":"2025-09-14T04:30:22","modified_gmt":"2025-09-14T02:30:22","slug":"sage-the-risotto-plus","status":"publish","type":"product","link":"https:\/\/dev6.erresse-shop.it\/fr\/shop\/petits-electromenagers\/robots-de-cuisine\/sage-the-risotto-plus\/","title":{"rendered":"SAGE The Risotto Plus"},"content":{"rendered":"<p>Ne vous laissez pas tromper par son nom : ce multicuiseur avanc\u00e9 de 3,7 litres a plus d\u2019un tour dans son sac. Sa sp\u00e9cialit\u00e9 est le risotto sans remous, qui n\u2019a pas besoin d\u2019\u00eatre remu\u00e9, mais les plats cuits \u00e0 la vapeur et les pr\u00e9parations \u00e0 base de riz tendre et de quinoa sont d\u2019autres fl\u00e8ches de son arc.<\/p>\n<p>Multicuiseur<\/p>\n<p>Ce n\u2019est pas pour rien que le nom de cet appareil comporte le mot \u201cPlus\u201d. Confort, s\u00e9curit\u00e9 et polyvalence par simple pression sur un bouton : le Risotto Plus deviendra un accessoire irrempla\u00e7able dans votre cuisine.<\/p>\n<p>Fonction vapeur :<\/p>\n<p>En plus de pr\u00e9parer des risottos parfaits, l\u2019appareil est \u00e9galement \u00e9quip\u00e9 d\u2019une fonction de cuisson \u00e0 la vapeur, id\u00e9ale pour cuire les l\u00e9gumes, la volaille et les fruits de mer et profiter d\u2019une cuisine plus saine.<\/p>\n<p>\u00a0<\/p>\n<p>Alimentation \u00e9lectrique : 760 Watt<\/p>\n<p>Bol antiadh\u00e9sif : Aluminium avec rev\u00eatement antiadh\u00e9sif<\/p>\n<p>Dimensions (LxPxH) : 26 x 23 x 25 cm<\/p>\n<p>Fonction de maintien au chaud : s\u2019active automatiquement lorsque le riz et les risottos sont cuits pour garder les plats au chaud.<\/p>\n<p>Param\u00e8tres : Risotto, Saut\u00e9, Riz, Vapeur, Cuisson lente \u00e0 basse et haute temp\u00e9rature, Fonction de maintien au chaud automatique.<\/p>\n<p>Mat\u00e9riaux de construction : Couvercle en verre tremp\u00e9, bo\u00eetier en acier inoxydable bross\u00e9, r\u00e9cipient de cuisson \u00e0 rev\u00eatement antiadh\u00e9sif.<\/p>\n<p>Capacit\u00e9 : Maximum : 3,7 litres Maximum utilisable : 1,5 kg de riz blanc et 1,8 litre d\u2019eau<br \/>\nVolume minimum : 300 g de riz blanc et 360 ml d\u2019eau<br \/>\nVoltage : 110-120 Volt<\/p>\n<p>Accessoires :<\/p>\n<p>Plateau vapeur en acier inoxydable<br \/>\nScoop<br \/>\nCuill\u00e8re de service<\/p>\n<p>Non disponible en dehors de l\u2019Europe<\/p>\n","protected":false},"excerpt":{"rendered":"<p>Ne vous laissez pas tromper par son nom : ce multicuiseur avanc\u00e9 de 3,7 litres a plus d\u2019un tour dans son sac. Sa sp\u00e9cialit\u00e9 est le risotto sans remous, qui n\u2019a pas besoin d\u2019\u00eatre remu\u00e9, mais les plats cuits \u00e0 la vapeur et les pr\u00e9parations \u00e0 base de riz tendre et de quinoa sont d\u2019autres [&hellip;]<\/p>\n","protected":false},"featured_media":6355025,"template":"","meta":{"_acf_changed":false},"product_cat":[12055,12066],"product_tag":[],"class_list":{"0":"post-59870","1":"product","2":"type-product","3":"status-publish","4":"has-post-thumbnail","6":"product_cat-petits-electromenagers","7":"product_cat-robots-de-cuisine","9":"first","10":"outofstock","11":"sale","12":"taxable","13":"shipping-taxable","14":"purchasable","15":"product-type-simple","swatches":"rey-swatches","show_selected":"","stretch_labels":"rey-swatches--stretch-labels"},"acf":[],"yoast_head":"<!-- This site is optimized with the Yoast SEO plugin v25.4 - https:\/\/yoast.com\/wordpress\/plugins\/seo\/ -->\n<title>SAGE The Risotto Plus - dev6 Erresse<\/title>\n<meta name=\"description\" content=\"Ne vous laissez pas tromper par son nom : ce multicuiseur avanc\u00e9 de 3,7 litres a plus d\u2019un tour dans son sac. Sa sp\u00e9cialit\u00e9 est le risotto sans remous,\" \/>\n<meta name=\"robots\" content=\"noindex, follow, max-snippet:-1, max-image-preview:large, max-video-preview:-1\" \/>\n<meta property=\"og:locale\" content=\"fr_FR\" \/>\n<meta property=\"og:type\" content=\"article\" \/>\n<meta property=\"og:title\" content=\"SAGE The Risotto Plus - dev6 Erresse\" \/>\n<meta property=\"og:description\" content=\"Ne vous laissez pas tromper par son nom : ce multicuiseur avanc\u00e9 de 3,7 litres a plus d\u2019un tour dans son sac. Sa sp\u00e9cialit\u00e9 est le risotto sans remous,\" \/>\n<meta property=\"og:url\" content=\"https:\/\/dev6.erresse-shop.it\/fr\/shop\/petits-electromenagers\/robots-de-cuisine\/sage-the-risotto-plus\/\" \/>\n<meta property=\"og:site_name\" content=\"dev6 Erresse\" \/>\n<meta property=\"og:image\" content=\"https:\/\/interpim.erresse-shop.it\/img-catalogo\/sage\/the-risotto-plus.jpg\" \/><meta property=\"og:image\" content=\"https:\/\/interpim.erresse-shop.it\/img-catalogo\/sage\/the-risotto-plus.jpg\" \/>\n\t<meta property=\"og:image:width\" content=\"1024\" \/>\n\t<meta property=\"og:image:height\" content=\"1024\" \/>\n\t<meta property=\"og:image:type\" content=\"image\/jpeg\" \/>\n<meta name=\"twitter:card\" content=\"summary_large_image\" \/>\n<meta name=\"twitter:image\" content=\"https:\/\/interpim.erresse-shop.it\/img-catalogo\/sage\/the-risotto-plus.jpg\" \/>\n<script type=\"application\/ld+json\" class=\"yoast-schema-graph\">{\"@context\":\"https:\/\/schema.org\",\"@graph\":[{\"@type\":\"WebPage\",\"@id\":\"https:\/\/dev6.erresse-shop.it\/fr\/shop\/petits-electromenagers\/robots-de-cuisine\/sage-the-risotto-plus\/\",\"url\":\"https:\/\/dev6.erresse-shop.it\/fr\/shop\/petits-electromenagers\/robots-de-cuisine\/sage-the-risotto-plus\/\",\"name\":\"SAGE The Risotto Plus - dev6 Erresse\",\"isPartOf\":{\"@id\":\"https:\/\/dev6.erresse-shop.it\/#website\"},\"primaryImageOfPage\":{\"@id\":\"https:\/\/dev6.erresse-shop.it\/fr\/shop\/petits-electromenagers\/robots-de-cuisine\/sage-the-risotto-plus\/#primaryimage\"},\"image\":{\"@id\":\"https:\/\/dev6.erresse-shop.it\/fr\/shop\/petits-electromenagers\/robots-de-cuisine\/sage-the-risotto-plus\/#primaryimage\"},\"thumbnailUrl\":\"https:\/\/i2.wp.com\/interpim.erresse-shop.it\/img-catalogo\/sage\/the-risotto-plus.jpg?ssl=1\",\"datePublished\":\"2026-04-12T06:55:29+00:00\",\"description\":\"Ne vous laissez pas tromper par son nom : ce multicuiseur avanc\u00e9 de 3,7 litres a plus d\u2019un tour dans son sac. Sa sp\u00e9cialit\u00e9 est le risotto sans remous,\",\"breadcrumb\":{\"@id\":\"https:\/\/dev6.erresse-shop.it\/fr\/shop\/petits-electromenagers\/robots-de-cuisine\/sage-the-risotto-plus\/#breadcrumb\"},\"inLanguage\":\"fr-FR\",\"potentialAction\":[{\"@type\":\"ReadAction\",\"target\":[\"https:\/\/dev6.erresse-shop.it\/fr\/shop\/petits-electromenagers\/robots-de-cuisine\/sage-the-risotto-plus\/\"]}]},{\"@type\":\"ImageObject\",\"inLanguage\":\"fr-FR\",\"@id\":\"https:\/\/dev6.erresse-shop.it\/fr\/shop\/petits-electromenagers\/robots-de-cuisine\/sage-the-risotto-plus\/#primaryimage\",\"url\":\"https:\/\/i2.wp.com\/interpim.erresse-shop.it\/img-catalogo\/sage\/the-risotto-plus.jpg?ssl=1\",\"contentUrl\":\"https:\/\/i2.wp.com\/interpim.erresse-shop.it\/img-catalogo\/sage\/the-risotto-plus.jpg?ssl=1\"},{\"@type\":\"BreadcrumbList\",\"@id\":\"https:\/\/dev6.erresse-shop.it\/fr\/shop\/petits-electromenagers\/robots-de-cuisine\/sage-the-risotto-plus\/#breadcrumb\",\"itemListElement\":[{\"@type\":\"ListItem\",\"position\":1,\"name\":\"Home\",\"item\":\"https:\/\/dev6.erresse-shop.it\/\"},{\"@type\":\"ListItem\",\"position\":2,\"name\":\"Boutique\",\"item\":\"https:\/\/dev6.erresse-shop.it\/shop\/\"},{\"@type\":\"ListItem\",\"position\":3,\"name\":\"SAGE The Risotto Plus\"}]},{\"@type\":\"WebSite\",\"@id\":\"https:\/\/dev6.erresse-shop.it\/#website\",\"url\":\"https:\/\/dev6.erresse-shop.it\/\",\"name\":\"Erresse Shop\",\"description\":\"\",\"publisher\":{\"@id\":\"https:\/\/dev6.erresse-shop.it\/#organization\"},\"potentialAction\":[{\"@type\":\"SearchAction\",\"target\":{\"@type\":\"EntryPoint\",\"urlTemplate\":\"https:\/\/dev6.erresse-shop.it\/?s={search_term_string}\"},\"query-input\":{\"@type\":\"PropertyValueSpecification\",\"valueRequired\":true,\"valueName\":\"search_term_string\"}}],\"inLanguage\":\"fr-FR\"},{\"@type\":\"Organization\",\"@id\":\"https:\/\/dev6.erresse-shop.it\/#organization\",\"name\":\"Erresse Shop\",\"url\":\"https:\/\/dev6.erresse-shop.it\/\",\"logo\":{\"@type\":\"ImageObject\",\"inLanguage\":\"fr-FR\",\"@id\":\"https:\/\/dev6.erresse-shop.it\/#\/schema\/logo\/image\/\",\"url\":\"https:\/\/dev6.erresse-shop.it\/wp-content\/uploads\/2025\/01\/LOGO-ERRESSE-CLASSICO.svg\",\"contentUrl\":\"https:\/\/dev6.erresse-shop.it\/wp-content\/uploads\/2025\/01\/LOGO-ERRESSE-CLASSICO.svg\",\"caption\":\"Erresse Shop\"},\"image\":{\"@id\":\"https:\/\/dev6.erresse-shop.it\/#\/schema\/logo\/image\/\"}}]}<\/script>\n<!-- \/ Yoast SEO plugin. -->","yoast_head_json":{"title":"SAGE The Risotto Plus - dev6 Erresse","description":"Ne vous laissez pas tromper par son nom : ce multicuiseur avanc\u00e9 de 3,7 litres a plus d\u2019un tour dans son sac. Sa sp\u00e9cialit\u00e9 est le risotto sans remous,","robots":{"index":"noindex","follow":"follow","max-snippet":"max-snippet:-1","max-image-preview":"max-image-preview:large","max-video-preview":"max-video-preview:-1"},"og_locale":"fr_FR","og_type":"article","og_title":"SAGE The Risotto Plus - dev6 Erresse","og_description":"Ne vous laissez pas tromper par son nom : ce multicuiseur avanc\u00e9 de 3,7 litres a plus d\u2019un tour dans son sac. Sa sp\u00e9cialit\u00e9 est le risotto sans remous,","og_url":"https:\/\/dev6.erresse-shop.it\/fr\/shop\/petits-electromenagers\/robots-de-cuisine\/sage-the-risotto-plus\/","og_site_name":"dev6 Erresse","og_image":[{"url":"https:\/\/interpim.erresse-shop.it\/img-catalogo\/sage\/the-risotto-plus.jpg","type":"","width":"","height":""},{"url":"https:\/\/interpim.erresse-shop.it\/img-catalogo\/sage\/the-risotto-plus.jpg","width":1024,"height":1024,"type":"image\/jpeg"}],"twitter_card":"summary_large_image","twitter_image":"https:\/\/interpim.erresse-shop.it\/img-catalogo\/sage\/the-risotto-plus.jpg","schema":{"@context":"https:\/\/schema.org","@graph":[{"@type":"WebPage","@id":"https:\/\/dev6.erresse-shop.it\/fr\/shop\/petits-electromenagers\/robots-de-cuisine\/sage-the-risotto-plus\/","url":"https:\/\/dev6.erresse-shop.it\/fr\/shop\/petits-electromenagers\/robots-de-cuisine\/sage-the-risotto-plus\/","name":"SAGE The Risotto Plus - dev6 Erresse","isPartOf":{"@id":"https:\/\/dev6.erresse-shop.it\/#website"},"primaryImageOfPage":{"@id":"https:\/\/dev6.erresse-shop.it\/fr\/shop\/petits-electromenagers\/robots-de-cuisine\/sage-the-risotto-plus\/#primaryimage"},"image":{"@id":"https:\/\/dev6.erresse-shop.it\/fr\/shop\/petits-electromenagers\/robots-de-cuisine\/sage-the-risotto-plus\/#primaryimage"},"thumbnailUrl":"https:\/\/i2.wp.com\/interpim.erresse-shop.it\/img-catalogo\/sage\/the-risotto-plus.jpg?ssl=1","datePublished":"2026-04-12T06:55:29+00:00","description":"Ne vous laissez pas tromper par son nom : ce multicuiseur avanc\u00e9 de 3,7 litres a plus d\u2019un tour dans son sac. Sa sp\u00e9cialit\u00e9 est le risotto sans remous,","breadcrumb":{"@id":"https:\/\/dev6.erresse-shop.it\/fr\/shop\/petits-electromenagers\/robots-de-cuisine\/sage-the-risotto-plus\/#breadcrumb"},"inLanguage":"fr-FR","potentialAction":[{"@type":"ReadAction","target":["https:\/\/dev6.erresse-shop.it\/fr\/shop\/petits-electromenagers\/robots-de-cuisine\/sage-the-risotto-plus\/"]}]},{"@type":"ImageObject","inLanguage":"fr-FR","@id":"https:\/\/dev6.erresse-shop.it\/fr\/shop\/petits-electromenagers\/robots-de-cuisine\/sage-the-risotto-plus\/#primaryimage","url":"https:\/\/i2.wp.com\/interpim.erresse-shop.it\/img-catalogo\/sage\/the-risotto-plus.jpg?ssl=1","contentUrl":"https:\/\/i2.wp.com\/interpim.erresse-shop.it\/img-catalogo\/sage\/the-risotto-plus.jpg?ssl=1"},{"@type":"BreadcrumbList","@id":"https:\/\/dev6.erresse-shop.it\/fr\/shop\/petits-electromenagers\/robots-de-cuisine\/sage-the-risotto-plus\/#breadcrumb","itemListElement":[{"@type":"ListItem","position":1,"name":"Home","item":"https:\/\/dev6.erresse-shop.it\/"},{"@type":"ListItem","position":2,"name":"Boutique","item":"https:\/\/dev6.erresse-shop.it\/shop\/"},{"@type":"ListItem","position":3,"name":"SAGE The Risotto Plus"}]},{"@type":"WebSite","@id":"https:\/\/dev6.erresse-shop.it\/#website","url":"https:\/\/dev6.erresse-shop.it\/","name":"Erresse Shop","description":"","publisher":{"@id":"https:\/\/dev6.erresse-shop.it\/#organization"},"potentialAction":[{"@type":"SearchAction","target":{"@type":"EntryPoint","urlTemplate":"https:\/\/dev6.erresse-shop.it\/?s={search_term_string}"},"query-input":{"@type":"PropertyValueSpecification","valueRequired":true,"valueName":"search_term_string"}}],"inLanguage":"fr-FR"},{"@type":"Organization","@id":"https:\/\/dev6.erresse-shop.it\/#organization","name":"Erresse Shop","url":"https:\/\/dev6.erresse-shop.it\/","logo":{"@type":"ImageObject","inLanguage":"fr-FR","@id":"https:\/\/dev6.erresse-shop.it\/#\/schema\/logo\/image\/","url":"https:\/\/dev6.erresse-shop.it\/wp-content\/uploads\/2025\/01\/LOGO-ERRESSE-CLASSICO.svg","contentUrl":"https:\/\/dev6.erresse-shop.it\/wp-content\/uploads\/2025\/01\/LOGO-ERRESSE-CLASSICO.svg","caption":"Erresse Shop"},"image":{"@id":"https:\/\/dev6.erresse-shop.it\/#\/schema\/logo\/image\/"}}]}},"df_price":124.95,"df_sale_price":124.95,"df_regular_price":139.9,"df_image_link":"https:\/\/i2.wp.com\/interpim.erresse-shop.it\/img-catalogo\/sage\/the-risotto-plus.jpg?resize=300,300&ssl=1","fifu_image_url":"https:\/\/interpim.erresse-shop.it\/img-catalogo\/sage\/the-risotto-plus.jpg","_links":{"self":[{"href":"https:\/\/dev6.erresse-shop.it\/fr\/wp-json\/wp\/v2\/product\/59870","targetHints":{"allow":["GET"]}}],"collection":[{"href":"https:\/\/dev6.erresse-shop.it\/fr\/wp-json\/wp\/v2\/product"}],"about":[{"href":"https:\/\/dev6.erresse-shop.it\/fr\/wp-json\/wp\/v2\/types\/product"}],"wp:featuredmedia":[{"embeddable":true,"href":"https:\/\/dev6.erresse-shop.it\/fr\/wp-json\/wp\/v2\/media\/6355025"}],"wp:attachment":[{"href":"https:\/\/dev6.erresse-shop.it\/fr\/wp-json\/wp\/v2\/media?parent=59870"}],"wp:term":[{"taxonomy":"product_cat","embeddable":true,"href":"https:\/\/dev6.erresse-shop.it\/fr\/wp-json\/wp\/v2\/product_cat?post=59870"},{"taxonomy":"product_tag","embeddable":true,"href":"https:\/\/dev6.erresse-shop.it\/fr\/wp-json\/wp\/v2\/product_tag?post=59870"}],"curies":[{"name":"wp","href":"https:\/\/api.w.org\/{rel}","templated":true}]}}