{"id":59868,"date":"2026-04-12T08:55:29","date_gmt":"2026-04-12T06:55:29","guid":{"rendered":"https:\/\/dev6.erresse-shop.it\/shop\/non%20class\u00e9\/sage-the-smart-grinder-pro\/"},"modified":"2025-07-04T16:23:18","modified_gmt":"2025-07-04T14:23:18","slug":"sage-the-smart-grinder-pro","status":"publish","type":"product","link":"https:\/\/dev6.erresse-shop.it\/fr\/shop\/petits-electromenagers\/machines-cafe\/manuels\/sage-the-smart-grinder-pro\/","title":{"rendered":"SAGE The Smart Grinder Pro"},"content":{"rendered":"<p>Avec ses 60 r\u00e9glages uniques, ce moulin \u00e0 caf\u00e9 programmable \u00e0 meules coniques am\u00e9liore le potentiel de tout m\u00e9lange. Choisissez entre les \u201ctasses\u201d pour la pr\u00e9paration du caf\u00e9 \u00e0 piston ou du caf\u00e9 filtre et les \u201ctasses\u201d pour la pr\u00e9paration de l\u2019espresso afin d\u2019obtenir la bonne dose pour tout type de caf\u00e9. Mouds directement dans le porte-filtre ou dans un r\u00e9cipient herm\u00e9tique.<\/p>\n<p>Dosage facile :<br \/>\nLe Smart Grinder Pro vous permet de moudre le caf\u00e9 directement dans le portafiltre, dans un r\u00e9cipient herm\u00e9tique, dans le filtre en or ou dans des filtres en papier. Le choix vous appartient.<\/p>\n<p>Affichage LCD :<br \/>\nL\u2019\u00e9cran LCD pratique indique le r\u00e9glage de la mouture, le temps de mouture et le nombre de tasses ou de mugs s\u00e9lectionn\u00e9s.<\/p>\n<p>R\u00e9glages pr\u00e9programm\u00e9s :<br \/>\nLes r\u00e9glages intelligents du moulin \u00e0 caf\u00e9 vous permettent d\u2019obtenir des r\u00e9sultats parfaits, quel que soit le degr\u00e9 de mouture s\u00e9lectionn\u00e9.<\/p>\n<p>60 R\u00e9glages de broyage :<br \/>\nAvec un tel \u00e9ventail de r\u00e9glages intuitifs de la mouture, vous pouvez cr\u00e9er le caf\u00e9 parfait, de l\u2019espresso \u00e0 l\u2019infusion par piston.<\/p>\n<p>Avec Dosing IQ, la quantit\u00e9 est toujours correcte :<br \/>\nLa fonction Precision Digital Time vous permet de r\u00e9gler et de programmer la dur\u00e9e de broyage par incr\u00e9ments de 0,2 seconde, pour un contr\u00f4le total et une dose parfaite \u00e0 chaque fois.<\/p>\n<p>Alimentation \u00e9lectrique : 165 Watt<br \/>\nCapacit\u00e9 : 450g de caf\u00e9 en grains<br \/>\nDimensions (LxPxH) : 21,5 x 16 x 38,9 cm<br \/>\nVoltage : 220-240 Volt<br \/>\nMat\u00e9riau de construction : Bo\u00eetier en acier inoxydable &#43; meules coniques en acier inoxydable<br \/>\nR\u00e9glages : 60 r\u00e9glages de mouture de pr\u00e9cision, de l\u2019espresso \u00e0 la cafeti\u00e8re \u00e0 piston.<br \/>\nGarantie : 2 ans pour r\u00e9paration, remplacement ou remboursement (\u00e0 la seule discr\u00e9tion de Sage Appliances)<\/p>\n<p>Accessoires :<br \/>\nBo\u00eetier porte-filtre \u2013 Petit 50-54 mm<br \/>\nLogement du porte-filtre-Large 58 mm<br \/>\nR\u00e9cipient pour caf\u00e9 moulu avec couvercle \u00e9tanche<br \/>\nBrosse de nettoyage pour meuleuses coniques<\/p>\n<p>Ne peut \u00eatre vendu en dehors de l\u2019Europe<\/p>\n","protected":false},"excerpt":{"rendered":"<p>Avec ses 60 r\u00e9glages uniques, ce moulin \u00e0 caf\u00e9 programmable \u00e0 meules coniques am\u00e9liore le potentiel de tout m\u00e9lange. Choisissez entre les \u201ctasses\u201d pour la pr\u00e9paration du caf\u00e9 \u00e0 piston ou du caf\u00e9 filtre et les \u201ctasses\u201d pour la pr\u00e9paration de l\u2019espresso afin d\u2019obtenir la bonne dose pour tout type de caf\u00e9. Mouds directement dans [&hellip;]<\/p>\n","protected":false},"featured_media":6355021,"template":"","meta":{"_acf_changed":false},"product_cat":[12063,12090,12089,12055],"product_tag":[],"class_list":{"0":"post-59868","1":"product","2":"type-product","3":"status-publish","4":"has-post-thumbnail","6":"product_cat-machines-cafe","7":"product_cat-manuels","8":"product_cat-moulins-a-cafe","9":"product_cat-petits-electromenagers","11":"first","12":"outofstock","13":"sale","14":"taxable","15":"shipping-taxable","16":"purchasable","17":"product-type-simple","swatches":"rey-swatches","show_selected":"","stretch_labels":"rey-swatches--stretch-labels"},"acf":[],"yoast_head":"<!-- This site is optimized with the Yoast SEO plugin v25.4 - https:\/\/yoast.com\/wordpress\/plugins\/seo\/ -->\n<title>SAGE The Smart Grinder Pro - dev6 Erresse<\/title>\n<meta name=\"description\" content=\"Avec ses 60 r\u00e9glages uniques, ce moulin \u00e0 caf\u00e9 programmable \u00e0 meules coniques am\u00e9liore le potentiel de tout m\u00e9lange. Choisissez entre les \u201ctasses\u201d pour la\" \/>\n<meta name=\"robots\" content=\"noindex, follow, max-snippet:-1, max-image-preview:large, max-video-preview:-1\" \/>\n<meta property=\"og:locale\" content=\"fr_FR\" \/>\n<meta property=\"og:type\" content=\"article\" \/>\n<meta property=\"og:title\" content=\"SAGE The Smart Grinder Pro - dev6 Erresse\" \/>\n<meta property=\"og:description\" content=\"Avec ses 60 r\u00e9glages uniques, ce moulin \u00e0 caf\u00e9 programmable \u00e0 meules coniques am\u00e9liore le potentiel de tout m\u00e9lange. Choisissez entre les \u201ctasses\u201d pour la\" \/>\n<meta property=\"og:url\" content=\"https:\/\/dev6.erresse-shop.it\/fr\/shop\/petits-electromenagers\/machines-cafe\/manuels\/sage-the-smart-grinder-pro\/\" \/>\n<meta property=\"og:site_name\" content=\"dev6 Erresse\" \/>\n<meta property=\"og:image\" content=\"https:\/\/interpim.erresse-shop.it\/img-catalogo\/sage\/the-smart-grinder-pro.jpg\" \/><meta property=\"og:image\" content=\"https:\/\/interpim.erresse-shop.it\/img-catalogo\/sage\/the-smart-grinder-pro.jpg\" \/>\n\t<meta property=\"og:image:width\" content=\"1024\" \/>\n\t<meta property=\"og:image:height\" content=\"1024\" \/>\n\t<meta property=\"og:image:type\" content=\"image\/jpeg\" \/>\n<meta name=\"twitter:card\" content=\"summary_large_image\" \/>\n<meta name=\"twitter:image\" content=\"https:\/\/interpim.erresse-shop.it\/img-catalogo\/sage\/the-smart-grinder-pro.jpg\" \/>\n<script type=\"application\/ld+json\" class=\"yoast-schema-graph\">{\"@context\":\"https:\/\/schema.org\",\"@graph\":[{\"@type\":\"WebPage\",\"@id\":\"https:\/\/dev6.erresse-shop.it\/fr\/shop\/petits-electromenagers\/machines-cafe\/manuels\/sage-the-smart-grinder-pro\/\",\"url\":\"https:\/\/dev6.erresse-shop.it\/fr\/shop\/petits-electromenagers\/machines-cafe\/manuels\/sage-the-smart-grinder-pro\/\",\"name\":\"SAGE The Smart Grinder Pro - dev6 Erresse\",\"isPartOf\":{\"@id\":\"https:\/\/dev6.erresse-shop.it\/#website\"},\"primaryImageOfPage\":{\"@id\":\"https:\/\/dev6.erresse-shop.it\/fr\/shop\/petits-electromenagers\/machines-cafe\/manuels\/sage-the-smart-grinder-pro\/#primaryimage\"},\"image\":{\"@id\":\"https:\/\/dev6.erresse-shop.it\/fr\/shop\/petits-electromenagers\/machines-cafe\/manuels\/sage-the-smart-grinder-pro\/#primaryimage\"},\"thumbnailUrl\":\"https:\/\/i2.wp.com\/interpim.erresse-shop.it\/img-catalogo\/sage\/the-smart-grinder-pro.jpg?ssl=1\",\"datePublished\":\"2026-04-12T06:55:29+00:00\",\"description\":\"Avec ses 60 r\u00e9glages uniques, ce moulin \u00e0 caf\u00e9 programmable \u00e0 meules coniques am\u00e9liore le potentiel de tout m\u00e9lange. Choisissez entre les \u201ctasses\u201d pour la\",\"breadcrumb\":{\"@id\":\"https:\/\/dev6.erresse-shop.it\/fr\/shop\/petits-electromenagers\/machines-cafe\/manuels\/sage-the-smart-grinder-pro\/#breadcrumb\"},\"inLanguage\":\"fr-FR\",\"potentialAction\":[{\"@type\":\"ReadAction\",\"target\":[\"https:\/\/dev6.erresse-shop.it\/fr\/shop\/petits-electromenagers\/machines-cafe\/manuels\/sage-the-smart-grinder-pro\/\"]}]},{\"@type\":\"ImageObject\",\"inLanguage\":\"fr-FR\",\"@id\":\"https:\/\/dev6.erresse-shop.it\/fr\/shop\/petits-electromenagers\/machines-cafe\/manuels\/sage-the-smart-grinder-pro\/#primaryimage\",\"url\":\"https:\/\/i2.wp.com\/interpim.erresse-shop.it\/img-catalogo\/sage\/the-smart-grinder-pro.jpg?ssl=1\",\"contentUrl\":\"https:\/\/i2.wp.com\/interpim.erresse-shop.it\/img-catalogo\/sage\/the-smart-grinder-pro.jpg?ssl=1\"},{\"@type\":\"BreadcrumbList\",\"@id\":\"https:\/\/dev6.erresse-shop.it\/fr\/shop\/petits-electromenagers\/machines-cafe\/manuels\/sage-the-smart-grinder-pro\/#breadcrumb\",\"itemListElement\":[{\"@type\":\"ListItem\",\"position\":1,\"name\":\"Home\",\"item\":\"https:\/\/dev6.erresse-shop.it\/\"},{\"@type\":\"ListItem\",\"position\":2,\"name\":\"Boutique\",\"item\":\"https:\/\/dev6.erresse-shop.it\/shop\/\"},{\"@type\":\"ListItem\",\"position\":3,\"name\":\"SAGE The Smart Grinder Pro\"}]},{\"@type\":\"WebSite\",\"@id\":\"https:\/\/dev6.erresse-shop.it\/#website\",\"url\":\"https:\/\/dev6.erresse-shop.it\/\",\"name\":\"Erresse Shop\",\"description\":\"\",\"publisher\":{\"@id\":\"https:\/\/dev6.erresse-shop.it\/#organization\"},\"potentialAction\":[{\"@type\":\"SearchAction\",\"target\":{\"@type\":\"EntryPoint\",\"urlTemplate\":\"https:\/\/dev6.erresse-shop.it\/?s={search_term_string}\"},\"query-input\":{\"@type\":\"PropertyValueSpecification\",\"valueRequired\":true,\"valueName\":\"search_term_string\"}}],\"inLanguage\":\"fr-FR\"},{\"@type\":\"Organization\",\"@id\":\"https:\/\/dev6.erresse-shop.it\/#organization\",\"name\":\"Erresse Shop\",\"url\":\"https:\/\/dev6.erresse-shop.it\/\",\"logo\":{\"@type\":\"ImageObject\",\"inLanguage\":\"fr-FR\",\"@id\":\"https:\/\/dev6.erresse-shop.it\/#\/schema\/logo\/image\/\",\"url\":\"https:\/\/dev6.erresse-shop.it\/wp-content\/uploads\/2025\/01\/LOGO-ERRESSE-CLASSICO.svg\",\"contentUrl\":\"https:\/\/dev6.erresse-shop.it\/wp-content\/uploads\/2025\/01\/LOGO-ERRESSE-CLASSICO.svg\",\"caption\":\"Erresse Shop\"},\"image\":{\"@id\":\"https:\/\/dev6.erresse-shop.it\/#\/schema\/logo\/image\/\"}}]}<\/script>\n<!-- \/ Yoast SEO plugin. -->","yoast_head_json":{"title":"SAGE The Smart Grinder Pro - dev6 Erresse","description":"Avec ses 60 r\u00e9glages uniques, ce moulin \u00e0 caf\u00e9 programmable \u00e0 meules coniques am\u00e9liore le potentiel de tout m\u00e9lange. Choisissez entre les \u201ctasses\u201d pour la","robots":{"index":"noindex","follow":"follow","max-snippet":"max-snippet:-1","max-image-preview":"max-image-preview:large","max-video-preview":"max-video-preview:-1"},"og_locale":"fr_FR","og_type":"article","og_title":"SAGE The Smart Grinder Pro - dev6 Erresse","og_description":"Avec ses 60 r\u00e9glages uniques, ce moulin \u00e0 caf\u00e9 programmable \u00e0 meules coniques am\u00e9liore le potentiel de tout m\u00e9lange. Choisissez entre les \u201ctasses\u201d pour la","og_url":"https:\/\/dev6.erresse-shop.it\/fr\/shop\/petits-electromenagers\/machines-cafe\/manuels\/sage-the-smart-grinder-pro\/","og_site_name":"dev6 Erresse","og_image":[{"url":"https:\/\/interpim.erresse-shop.it\/img-catalogo\/sage\/the-smart-grinder-pro.jpg","type":"","width":"","height":""},{"url":"https:\/\/interpim.erresse-shop.it\/img-catalogo\/sage\/the-smart-grinder-pro.jpg","width":1024,"height":1024,"type":"image\/jpeg"}],"twitter_card":"summary_large_image","twitter_image":"https:\/\/interpim.erresse-shop.it\/img-catalogo\/sage\/the-smart-grinder-pro.jpg","schema":{"@context":"https:\/\/schema.org","@graph":[{"@type":"WebPage","@id":"https:\/\/dev6.erresse-shop.it\/fr\/shop\/petits-electromenagers\/machines-cafe\/manuels\/sage-the-smart-grinder-pro\/","url":"https:\/\/dev6.erresse-shop.it\/fr\/shop\/petits-electromenagers\/machines-cafe\/manuels\/sage-the-smart-grinder-pro\/","name":"SAGE The Smart Grinder Pro - dev6 Erresse","isPartOf":{"@id":"https:\/\/dev6.erresse-shop.it\/#website"},"primaryImageOfPage":{"@id":"https:\/\/dev6.erresse-shop.it\/fr\/shop\/petits-electromenagers\/machines-cafe\/manuels\/sage-the-smart-grinder-pro\/#primaryimage"},"image":{"@id":"https:\/\/dev6.erresse-shop.it\/fr\/shop\/petits-electromenagers\/machines-cafe\/manuels\/sage-the-smart-grinder-pro\/#primaryimage"},"thumbnailUrl":"https:\/\/i2.wp.com\/interpim.erresse-shop.it\/img-catalogo\/sage\/the-smart-grinder-pro.jpg?ssl=1","datePublished":"2026-04-12T06:55:29+00:00","description":"Avec ses 60 r\u00e9glages uniques, ce moulin \u00e0 caf\u00e9 programmable \u00e0 meules coniques am\u00e9liore le potentiel de tout m\u00e9lange. Choisissez entre les \u201ctasses\u201d pour la","breadcrumb":{"@id":"https:\/\/dev6.erresse-shop.it\/fr\/shop\/petits-electromenagers\/machines-cafe\/manuels\/sage-the-smart-grinder-pro\/#breadcrumb"},"inLanguage":"fr-FR","potentialAction":[{"@type":"ReadAction","target":["https:\/\/dev6.erresse-shop.it\/fr\/shop\/petits-electromenagers\/machines-cafe\/manuels\/sage-the-smart-grinder-pro\/"]}]},{"@type":"ImageObject","inLanguage":"fr-FR","@id":"https:\/\/dev6.erresse-shop.it\/fr\/shop\/petits-electromenagers\/machines-cafe\/manuels\/sage-the-smart-grinder-pro\/#primaryimage","url":"https:\/\/i2.wp.com\/interpim.erresse-shop.it\/img-catalogo\/sage\/the-smart-grinder-pro.jpg?ssl=1","contentUrl":"https:\/\/i2.wp.com\/interpim.erresse-shop.it\/img-catalogo\/sage\/the-smart-grinder-pro.jpg?ssl=1"},{"@type":"BreadcrumbList","@id":"https:\/\/dev6.erresse-shop.it\/fr\/shop\/petits-electromenagers\/machines-cafe\/manuels\/sage-the-smart-grinder-pro\/#breadcrumb","itemListElement":[{"@type":"ListItem","position":1,"name":"Home","item":"https:\/\/dev6.erresse-shop.it\/"},{"@type":"ListItem","position":2,"name":"Boutique","item":"https:\/\/dev6.erresse-shop.it\/shop\/"},{"@type":"ListItem","position":3,"name":"SAGE The Smart Grinder Pro"}]},{"@type":"WebSite","@id":"https:\/\/dev6.erresse-shop.it\/#website","url":"https:\/\/dev6.erresse-shop.it\/","name":"Erresse Shop","description":"","publisher":{"@id":"https:\/\/dev6.erresse-shop.it\/#organization"},"potentialAction":[{"@type":"SearchAction","target":{"@type":"EntryPoint","urlTemplate":"https:\/\/dev6.erresse-shop.it\/?s={search_term_string}"},"query-input":{"@type":"PropertyValueSpecification","valueRequired":true,"valueName":"search_term_string"}}],"inLanguage":"fr-FR"},{"@type":"Organization","@id":"https:\/\/dev6.erresse-shop.it\/#organization","name":"Erresse Shop","url":"https:\/\/dev6.erresse-shop.it\/","logo":{"@type":"ImageObject","inLanguage":"fr-FR","@id":"https:\/\/dev6.erresse-shop.it\/#\/schema\/logo\/image\/","url":"https:\/\/dev6.erresse-shop.it\/wp-content\/uploads\/2025\/01\/LOGO-ERRESSE-CLASSICO.svg","contentUrl":"https:\/\/dev6.erresse-shop.it\/wp-content\/uploads\/2025\/01\/LOGO-ERRESSE-CLASSICO.svg","caption":"Erresse Shop"},"image":{"@id":"https:\/\/dev6.erresse-shop.it\/#\/schema\/logo\/image\/"}}]}},"df_price":219.95,"df_sale_price":219.95,"df_regular_price":259.9,"df_image_link":"https:\/\/i2.wp.com\/interpim.erresse-shop.it\/img-catalogo\/sage\/the-smart-grinder-pro.jpg?resize=300,300&ssl=1","fifu_image_url":"https:\/\/interpim.erresse-shop.it\/img-catalogo\/sage\/the-smart-grinder-pro.jpg","_links":{"self":[{"href":"https:\/\/dev6.erresse-shop.it\/fr\/wp-json\/wp\/v2\/product\/59868","targetHints":{"allow":["GET"]}}],"collection":[{"href":"https:\/\/dev6.erresse-shop.it\/fr\/wp-json\/wp\/v2\/product"}],"about":[{"href":"https:\/\/dev6.erresse-shop.it\/fr\/wp-json\/wp\/v2\/types\/product"}],"wp:featuredmedia":[{"embeddable":true,"href":"https:\/\/dev6.erresse-shop.it\/fr\/wp-json\/wp\/v2\/media\/6355021"}],"wp:attachment":[{"href":"https:\/\/dev6.erresse-shop.it\/fr\/wp-json\/wp\/v2\/media?parent=59868"}],"wp:term":[{"taxonomy":"product_cat","embeddable":true,"href":"https:\/\/dev6.erresse-shop.it\/fr\/wp-json\/wp\/v2\/product_cat?post=59868"},{"taxonomy":"product_tag","embeddable":true,"href":"https:\/\/dev6.erresse-shop.it\/fr\/wp-json\/wp\/v2\/product_tag?post=59868"}],"curies":[{"name":"wp","href":"https:\/\/api.w.org\/{rel}","templated":true}]}}