{"id":59866,"date":"2026-04-12T08:55:29","date_gmt":"2026-04-12T06:55:29","guid":{"rendered":"https:\/\/dev6.erresse-shop.it\/shop\/non%20class\u00e9\/sage-the-dose-control-pro\/"},"modified":"2025-07-04T16:23:15","modified_gmt":"2025-07-04T14:23:15","slug":"sage-the-dose-control-pro","status":"publish","type":"product","link":"https:\/\/dev6.erresse-shop.it\/fr\/shop\/petits-electromenagers\/machines-cafe\/manuels\/sage-the-dose-control-pro\/","title":{"rendered":"SAGE The Dose Control Pro"},"content":{"rendered":"<p>Prenez le contr\u00f4le de vos grains fra\u00eechement torr\u00e9fi\u00e9s \u00e0 la seconde pr\u00e8s gr\u00e2ce \u00e0 60 r\u00e9glages de mouture pr\u00e9cis. Les broyeurs coniques de pr\u00e9cision inoxydable permettent de minimiser la chaleur \u00e9mise par la mouture et de prot\u00e9ger les huiles essentielles contenant les ar\u00f4mes de caf\u00e9.<\/p>\n<p>Une Monture Sur Mesure:<\/p>\n<p class=\"c_half-content__desc\">La machine Dose Control Pro vous permet de moudre le caf\u00e9 directement dans le porte-filtre, le panier \u00e0 filtre en m\u00e9tal ou le filtre papier. C\u2019est vous qui choisissez.<\/p>\n<p>60 R\u00e9glages De Mouture:<\/p>\n<p>Ce large panel d\u2019options vous permet de moudre votre caf\u00e9 finement pour cr\u00e9er un expresso ou plus grossi\u00e8rement \u00e0 la mani\u00e8re d\u2019une cafeti\u00e8re \u00e0 piston.<\/p>\n<p class=\"c_half-content__heading h2\">Minuteur \u00c9lectronique De Pr\u00e9cision:<\/p>\n<p>Ajustez la dur\u00e9e de mouture par incr\u00e9ments pr\u00e9cis d\u2019une seconde afin d\u2019obtenir la quantit\u00e9 parfaitement adapt\u00e9e \u00e0 n\u2019importe quelle boisson.<\/p>\n<p class=\"c_half-content__heading h2\">M\u00e9canisme De Mouture:<\/p>\n<p>Le broyeur conique en acier inoxydable est con\u00e7u pour minimiser la chaleur \u00e9mise par la mouture et prot\u00e9ger les huiles essentielles des grains de caf\u00e9.<\/p>\n<p>Alimentation \u00e9lectrique : 130 Watt<br \/>\nCapacit\u00e9 du porte-plume : 340 grammes<br \/>\nDimensions (LxPxH) : 20,4 x 16 x 34,2 cm<br \/>\nFonction : Moudre le caf\u00e9 directement dans le porte-filtre, le filtre en or ou les filtres en papier.<br \/>\nGarantie : 2 ans de garantie pour r\u00e9paration, remplacement ou remboursement (\u00e0 la seule discr\u00e9tion de Sage Appliances)<br \/>\nMeuleuse int\u00e9gr\u00e9e : Meuleuses coniques en acier inoxydable<br \/>\nM\u00e9canisme de mouture : Les moulins coniques en acier inoxydable sont con\u00e7us pour minimiser la chaleur d\u00e9velopp\u00e9e pendant la mouture et pr\u00e9server les huiles essentielles contenues dans les grains de caf\u00e9.<br \/>\nVoltage : 220-240 Volt<\/p>\n<p>Accessoires inclus:<\/p>\n<p>Bo\u00eetier porte-filtre \u2013 Petit 50-54 mm<br \/>\nLogement du porte-filtre-Large 58 mm<br \/>\nLame r\u00e9glable pour niveler la dose \u2013 nivelle le caf\u00e9 moulu pour une extraction uniforme<br \/>\nComprend une lame interchangeable pour les porte-filtres de 50 mm, 54 mm et 58 mm<\/p>\n<p>Ne peut \u00eatre vendu en dehors de l\u2019Europe<\/p>\n","protected":false},"excerpt":{"rendered":"<p>Prenez le contr\u00f4le de vos grains fra\u00eechement torr\u00e9fi\u00e9s \u00e0 la seconde pr\u00e8s gr\u00e2ce \u00e0 60 r\u00e9glages de mouture pr\u00e9cis. Les broyeurs coniques de pr\u00e9cision inoxydable permettent de minimiser la chaleur \u00e9mise par la mouture et de prot\u00e9ger les huiles essentielles contenant les ar\u00f4mes de caf\u00e9. Une Monture Sur Mesure: La machine Dose Control Pro vous [&hellip;]<\/p>\n","protected":false},"featured_media":6355020,"template":"","meta":{"_acf_changed":false},"product_cat":[12063,12090,12089,12055],"product_tag":[],"class_list":{"0":"post-59866","1":"product","2":"type-product","3":"status-publish","4":"has-post-thumbnail","6":"product_cat-machines-cafe","7":"product_cat-manuels","8":"product_cat-moulins-a-cafe","9":"product_cat-petits-electromenagers","11":"first","12":"outofstock","13":"sale","14":"taxable","15":"shipping-taxable","16":"purchasable","17":"product-type-simple","swatches":"rey-swatches","show_selected":"","stretch_labels":"rey-swatches--stretch-labels"},"acf":[],"yoast_head":"<!-- This site is optimized with the Yoast SEO plugin v25.4 - https:\/\/yoast.com\/wordpress\/plugins\/seo\/ -->\n<title>SAGE The Dose Control Pro - dev6 Erresse<\/title>\n<meta name=\"description\" content=\"Prenez le contr\u00f4le de vos grains fra\u00eechement torr\u00e9fi\u00e9s \u00e0 la seconde pr\u00e8s gr\u00e2ce \u00e0 60 r\u00e9glages de mouture pr\u00e9cis. Les broyeurs coniques de pr\u00e9cision\" \/>\n<meta name=\"robots\" content=\"noindex, follow, max-snippet:-1, max-image-preview:large, max-video-preview:-1\" \/>\n<meta property=\"og:locale\" content=\"fr_FR\" \/>\n<meta property=\"og:type\" content=\"article\" \/>\n<meta property=\"og:title\" content=\"SAGE The Dose Control Pro - dev6 Erresse\" \/>\n<meta property=\"og:description\" content=\"Prenez le contr\u00f4le de vos grains fra\u00eechement torr\u00e9fi\u00e9s \u00e0 la seconde pr\u00e8s gr\u00e2ce \u00e0 60 r\u00e9glages de mouture pr\u00e9cis. Les broyeurs coniques de pr\u00e9cision\" \/>\n<meta property=\"og:url\" content=\"https:\/\/dev6.erresse-shop.it\/fr\/shop\/petits-electromenagers\/machines-cafe\/manuels\/sage-the-dose-control-pro\/\" \/>\n<meta property=\"og:site_name\" content=\"dev6 Erresse\" \/>\n<meta property=\"og:image\" content=\"https:\/\/interpim.erresse-shop.it\/img-catalogo\/sage\/the-dose-control-pro.jpg\" \/><meta property=\"og:image\" content=\"https:\/\/interpim.erresse-shop.it\/img-catalogo\/sage\/the-dose-control-pro.jpg\" \/>\n\t<meta property=\"og:image:width\" content=\"1024\" \/>\n\t<meta property=\"og:image:height\" content=\"1024\" \/>\n\t<meta property=\"og:image:type\" content=\"image\/jpeg\" \/>\n<meta name=\"twitter:card\" content=\"summary_large_image\" \/>\n<meta name=\"twitter:image\" content=\"https:\/\/interpim.erresse-shop.it\/img-catalogo\/sage\/the-dose-control-pro.jpg\" \/>\n<script type=\"application\/ld+json\" class=\"yoast-schema-graph\">{\"@context\":\"https:\/\/schema.org\",\"@graph\":[{\"@type\":\"WebPage\",\"@id\":\"https:\/\/dev6.erresse-shop.it\/fr\/shop\/petits-electromenagers\/machines-cafe\/manuels\/sage-the-dose-control-pro\/\",\"url\":\"https:\/\/dev6.erresse-shop.it\/fr\/shop\/petits-electromenagers\/machines-cafe\/manuels\/sage-the-dose-control-pro\/\",\"name\":\"SAGE The Dose Control Pro - dev6 Erresse\",\"isPartOf\":{\"@id\":\"https:\/\/dev6.erresse-shop.it\/#website\"},\"primaryImageOfPage\":{\"@id\":\"https:\/\/dev6.erresse-shop.it\/fr\/shop\/petits-electromenagers\/machines-cafe\/manuels\/sage-the-dose-control-pro\/#primaryimage\"},\"image\":{\"@id\":\"https:\/\/dev6.erresse-shop.it\/fr\/shop\/petits-electromenagers\/machines-cafe\/manuels\/sage-the-dose-control-pro\/#primaryimage\"},\"thumbnailUrl\":\"https:\/\/i0.wp.com\/interpim.erresse-shop.it\/img-catalogo\/sage\/the-dose-control-pro.jpg?ssl=1\",\"datePublished\":\"2026-04-12T06:55:29+00:00\",\"description\":\"Prenez le contr\u00f4le de vos grains fra\u00eechement torr\u00e9fi\u00e9s \u00e0 la seconde pr\u00e8s gr\u00e2ce \u00e0 60 r\u00e9glages de mouture pr\u00e9cis. Les broyeurs coniques de pr\u00e9cision\",\"breadcrumb\":{\"@id\":\"https:\/\/dev6.erresse-shop.it\/fr\/shop\/petits-electromenagers\/machines-cafe\/manuels\/sage-the-dose-control-pro\/#breadcrumb\"},\"inLanguage\":\"fr-FR\",\"potentialAction\":[{\"@type\":\"ReadAction\",\"target\":[\"https:\/\/dev6.erresse-shop.it\/fr\/shop\/petits-electromenagers\/machines-cafe\/manuels\/sage-the-dose-control-pro\/\"]}]},{\"@type\":\"ImageObject\",\"inLanguage\":\"fr-FR\",\"@id\":\"https:\/\/dev6.erresse-shop.it\/fr\/shop\/petits-electromenagers\/machines-cafe\/manuels\/sage-the-dose-control-pro\/#primaryimage\",\"url\":\"https:\/\/i0.wp.com\/interpim.erresse-shop.it\/img-catalogo\/sage\/the-dose-control-pro.jpg?ssl=1\",\"contentUrl\":\"https:\/\/i0.wp.com\/interpim.erresse-shop.it\/img-catalogo\/sage\/the-dose-control-pro.jpg?ssl=1\"},{\"@type\":\"BreadcrumbList\",\"@id\":\"https:\/\/dev6.erresse-shop.it\/fr\/shop\/petits-electromenagers\/machines-cafe\/manuels\/sage-the-dose-control-pro\/#breadcrumb\",\"itemListElement\":[{\"@type\":\"ListItem\",\"position\":1,\"name\":\"Home\",\"item\":\"https:\/\/dev6.erresse-shop.it\/\"},{\"@type\":\"ListItem\",\"position\":2,\"name\":\"Boutique\",\"item\":\"https:\/\/dev6.erresse-shop.it\/shop\/\"},{\"@type\":\"ListItem\",\"position\":3,\"name\":\"SAGE The Dose Control Pro\"}]},{\"@type\":\"WebSite\",\"@id\":\"https:\/\/dev6.erresse-shop.it\/#website\",\"url\":\"https:\/\/dev6.erresse-shop.it\/\",\"name\":\"Erresse Shop\",\"description\":\"\",\"publisher\":{\"@id\":\"https:\/\/dev6.erresse-shop.it\/#organization\"},\"potentialAction\":[{\"@type\":\"SearchAction\",\"target\":{\"@type\":\"EntryPoint\",\"urlTemplate\":\"https:\/\/dev6.erresse-shop.it\/?s={search_term_string}\"},\"query-input\":{\"@type\":\"PropertyValueSpecification\",\"valueRequired\":true,\"valueName\":\"search_term_string\"}}],\"inLanguage\":\"fr-FR\"},{\"@type\":\"Organization\",\"@id\":\"https:\/\/dev6.erresse-shop.it\/#organization\",\"name\":\"Erresse Shop\",\"url\":\"https:\/\/dev6.erresse-shop.it\/\",\"logo\":{\"@type\":\"ImageObject\",\"inLanguage\":\"fr-FR\",\"@id\":\"https:\/\/dev6.erresse-shop.it\/#\/schema\/logo\/image\/\",\"url\":\"https:\/\/dev6.erresse-shop.it\/wp-content\/uploads\/2025\/01\/LOGO-ERRESSE-CLASSICO.svg\",\"contentUrl\":\"https:\/\/dev6.erresse-shop.it\/wp-content\/uploads\/2025\/01\/LOGO-ERRESSE-CLASSICO.svg\",\"caption\":\"Erresse Shop\"},\"image\":{\"@id\":\"https:\/\/dev6.erresse-shop.it\/#\/schema\/logo\/image\/\"}}]}<\/script>\n<!-- \/ Yoast SEO plugin. -->","yoast_head_json":{"title":"SAGE The Dose Control Pro - dev6 Erresse","description":"Prenez le contr\u00f4le de vos grains fra\u00eechement torr\u00e9fi\u00e9s \u00e0 la seconde pr\u00e8s gr\u00e2ce \u00e0 60 r\u00e9glages de mouture pr\u00e9cis. Les broyeurs coniques de pr\u00e9cision","robots":{"index":"noindex","follow":"follow","max-snippet":"max-snippet:-1","max-image-preview":"max-image-preview:large","max-video-preview":"max-video-preview:-1"},"og_locale":"fr_FR","og_type":"article","og_title":"SAGE The Dose Control Pro - dev6 Erresse","og_description":"Prenez le contr\u00f4le de vos grains fra\u00eechement torr\u00e9fi\u00e9s \u00e0 la seconde pr\u00e8s gr\u00e2ce \u00e0 60 r\u00e9glages de mouture pr\u00e9cis. Les broyeurs coniques de pr\u00e9cision","og_url":"https:\/\/dev6.erresse-shop.it\/fr\/shop\/petits-electromenagers\/machines-cafe\/manuels\/sage-the-dose-control-pro\/","og_site_name":"dev6 Erresse","og_image":[{"url":"https:\/\/interpim.erresse-shop.it\/img-catalogo\/sage\/the-dose-control-pro.jpg","type":"","width":"","height":""},{"url":"https:\/\/interpim.erresse-shop.it\/img-catalogo\/sage\/the-dose-control-pro.jpg","width":1024,"height":1024,"type":"image\/jpeg"}],"twitter_card":"summary_large_image","twitter_image":"https:\/\/interpim.erresse-shop.it\/img-catalogo\/sage\/the-dose-control-pro.jpg","schema":{"@context":"https:\/\/schema.org","@graph":[{"@type":"WebPage","@id":"https:\/\/dev6.erresse-shop.it\/fr\/shop\/petits-electromenagers\/machines-cafe\/manuels\/sage-the-dose-control-pro\/","url":"https:\/\/dev6.erresse-shop.it\/fr\/shop\/petits-electromenagers\/machines-cafe\/manuels\/sage-the-dose-control-pro\/","name":"SAGE The Dose Control Pro - dev6 Erresse","isPartOf":{"@id":"https:\/\/dev6.erresse-shop.it\/#website"},"primaryImageOfPage":{"@id":"https:\/\/dev6.erresse-shop.it\/fr\/shop\/petits-electromenagers\/machines-cafe\/manuels\/sage-the-dose-control-pro\/#primaryimage"},"image":{"@id":"https:\/\/dev6.erresse-shop.it\/fr\/shop\/petits-electromenagers\/machines-cafe\/manuels\/sage-the-dose-control-pro\/#primaryimage"},"thumbnailUrl":"https:\/\/i0.wp.com\/interpim.erresse-shop.it\/img-catalogo\/sage\/the-dose-control-pro.jpg?ssl=1","datePublished":"2026-04-12T06:55:29+00:00","description":"Prenez le contr\u00f4le de vos grains fra\u00eechement torr\u00e9fi\u00e9s \u00e0 la seconde pr\u00e8s gr\u00e2ce \u00e0 60 r\u00e9glages de mouture pr\u00e9cis. Les broyeurs coniques de pr\u00e9cision","breadcrumb":{"@id":"https:\/\/dev6.erresse-shop.it\/fr\/shop\/petits-electromenagers\/machines-cafe\/manuels\/sage-the-dose-control-pro\/#breadcrumb"},"inLanguage":"fr-FR","potentialAction":[{"@type":"ReadAction","target":["https:\/\/dev6.erresse-shop.it\/fr\/shop\/petits-electromenagers\/machines-cafe\/manuels\/sage-the-dose-control-pro\/"]}]},{"@type":"ImageObject","inLanguage":"fr-FR","@id":"https:\/\/dev6.erresse-shop.it\/fr\/shop\/petits-electromenagers\/machines-cafe\/manuels\/sage-the-dose-control-pro\/#primaryimage","url":"https:\/\/i0.wp.com\/interpim.erresse-shop.it\/img-catalogo\/sage\/the-dose-control-pro.jpg?ssl=1","contentUrl":"https:\/\/i0.wp.com\/interpim.erresse-shop.it\/img-catalogo\/sage\/the-dose-control-pro.jpg?ssl=1"},{"@type":"BreadcrumbList","@id":"https:\/\/dev6.erresse-shop.it\/fr\/shop\/petits-electromenagers\/machines-cafe\/manuels\/sage-the-dose-control-pro\/#breadcrumb","itemListElement":[{"@type":"ListItem","position":1,"name":"Home","item":"https:\/\/dev6.erresse-shop.it\/"},{"@type":"ListItem","position":2,"name":"Boutique","item":"https:\/\/dev6.erresse-shop.it\/shop\/"},{"@type":"ListItem","position":3,"name":"SAGE The Dose Control Pro"}]},{"@type":"WebSite","@id":"https:\/\/dev6.erresse-shop.it\/#website","url":"https:\/\/dev6.erresse-shop.it\/","name":"Erresse Shop","description":"","publisher":{"@id":"https:\/\/dev6.erresse-shop.it\/#organization"},"potentialAction":[{"@type":"SearchAction","target":{"@type":"EntryPoint","urlTemplate":"https:\/\/dev6.erresse-shop.it\/?s={search_term_string}"},"query-input":{"@type":"PropertyValueSpecification","valueRequired":true,"valueName":"search_term_string"}}],"inLanguage":"fr-FR"},{"@type":"Organization","@id":"https:\/\/dev6.erresse-shop.it\/#organization","name":"Erresse Shop","url":"https:\/\/dev6.erresse-shop.it\/","logo":{"@type":"ImageObject","inLanguage":"fr-FR","@id":"https:\/\/dev6.erresse-shop.it\/#\/schema\/logo\/image\/","url":"https:\/\/dev6.erresse-shop.it\/wp-content\/uploads\/2025\/01\/LOGO-ERRESSE-CLASSICO.svg","contentUrl":"https:\/\/dev6.erresse-shop.it\/wp-content\/uploads\/2025\/01\/LOGO-ERRESSE-CLASSICO.svg","caption":"Erresse Shop"},"image":{"@id":"https:\/\/dev6.erresse-shop.it\/#\/schema\/logo\/image\/"}}]}},"df_price":189.95,"df_sale_price":189.95,"df_regular_price":219.9,"df_image_link":"https:\/\/i0.wp.com\/interpim.erresse-shop.it\/img-catalogo\/sage\/the-dose-control-pro.jpg?resize=300,300&ssl=1","fifu_image_url":"https:\/\/interpim.erresse-shop.it\/img-catalogo\/sage\/the-dose-control-pro.jpg","_links":{"self":[{"href":"https:\/\/dev6.erresse-shop.it\/fr\/wp-json\/wp\/v2\/product\/59866","targetHints":{"allow":["GET"]}}],"collection":[{"href":"https:\/\/dev6.erresse-shop.it\/fr\/wp-json\/wp\/v2\/product"}],"about":[{"href":"https:\/\/dev6.erresse-shop.it\/fr\/wp-json\/wp\/v2\/types\/product"}],"wp:featuredmedia":[{"embeddable":true,"href":"https:\/\/dev6.erresse-shop.it\/fr\/wp-json\/wp\/v2\/media\/6355020"}],"wp:attachment":[{"href":"https:\/\/dev6.erresse-shop.it\/fr\/wp-json\/wp\/v2\/media?parent=59866"}],"wp:term":[{"taxonomy":"product_cat","embeddable":true,"href":"https:\/\/dev6.erresse-shop.it\/fr\/wp-json\/wp\/v2\/product_cat?post=59866"},{"taxonomy":"product_tag","embeddable":true,"href":"https:\/\/dev6.erresse-shop.it\/fr\/wp-json\/wp\/v2\/product_tag?post=59866"}],"curies":[{"name":"wp","href":"https:\/\/api.w.org\/{rel}","templated":true}]}}