{"id":59834,"date":"2026-04-12T08:54:19","date_gmt":"2026-04-12T06:54:19","guid":{"rendered":"https:\/\/dev6.erresse-shop.it\/shop\/non%20class\u00e9\/rosenthal-vase-arcus-24-cm-blanc-mat\/"},"modified":"2025-09-14T04:30:14","modified_gmt":"2025-09-14T02:30:14","slug":"rosenthal-vase-arcus-24-cm-blanc-mat","status":"publish","type":"product","link":"https:\/\/dev6.erresse-shop.it\/fr\/shop\/ameublement-maison\/vases-fr\/rosenthal-vase-arcus-24-cm-blanc-mat\/","title":{"rendered":"ROSENTHAL Vase Arcus 24 cm Blanc mat"},"content":{"rendered":"<p>Le vase de table Arcus en porcelaine de Rosenthal est dynamique et original. Son ouverture en \u00e9ventail et la blancheur de la porcelaine pure en font un objet de d\u00e9coration int\u00e9rieure particulier et \u00e9l\u00e9gant, r\u00e9solument novateur.<\/p>\n<p>Rosenthal nous a conquis avec un vase en porcelaine design, parfait pour les maisons modernes et classiques.<\/p>\n<p>Mat\u00e9riau : Porcelaine<br \/>\nCollection : Arcus<\/p>\n","protected":false},"excerpt":{"rendered":"<p>Le vase de table Arcus en porcelaine de Rosenthal est dynamique et original. Son ouverture en \u00e9ventail et la blancheur de la porcelaine pure en font un objet de d\u00e9coration int\u00e9rieure particulier et \u00e9l\u00e9gant, r\u00e9solument novateur. Rosenthal nous a conquis avec un vase en porcelaine design, parfait pour les maisons modernes et classiques. Mat\u00e9riau : [&hellip;]<\/p>\n","protected":false},"featured_media":6354940,"template":"","meta":{"_acf_changed":false},"product_cat":[11990,11666,12018],"product_tag":[],"class_list":{"0":"post-59834","1":"product","2":"type-product","3":"status-publish","4":"has-post-thumbnail","6":"product_cat-ameublement-maison","7":"product_cat-arredamento-casa","8":"product_cat-vases-fr","10":"first","11":"outofstock","12":"sale","13":"taxable","14":"shipping-taxable","15":"purchasable","16":"product-type-simple","swatches":"rey-swatches","show_selected":"","stretch_labels":"rey-swatches--stretch-labels"},"acf":[],"yoast_head":"<!-- This site is optimized with the Yoast SEO plugin v25.4 - https:\/\/yoast.com\/wordpress\/plugins\/seo\/ -->\n<title>ROSENTHAL Vase Arcus 24 cm Blanc mat - dev6 Erresse<\/title>\n<meta name=\"description\" content=\"Le vase de table Arcus en porcelaine de Rosenthal est dynamique et original. Son ouverture en \u00e9ventail et la blancheur de la porcelaine pure en font un\" \/>\n<meta name=\"robots\" content=\"noindex, follow, max-snippet:-1, max-image-preview:large, max-video-preview:-1\" \/>\n<meta property=\"og:locale\" content=\"fr_FR\" \/>\n<meta property=\"og:type\" content=\"article\" \/>\n<meta property=\"og:title\" content=\"ROSENTHAL Vase Arcus 24 cm Blanc mat - dev6 Erresse\" \/>\n<meta property=\"og:description\" content=\"Le vase de table Arcus en porcelaine de Rosenthal est dynamique et original. Son ouverture en \u00e9ventail et la blancheur de la porcelaine pure en font un\" \/>\n<meta property=\"og:url\" content=\"https:\/\/dev6.erresse-shop.it\/fr\/shop\/ameublement-maison\/vases-fr\/rosenthal-vase-arcus-24-cm-blanc-mat\/\" \/>\n<meta property=\"og:site_name\" content=\"dev6 Erresse\" \/>\n<meta property=\"og:image\" content=\"https:\/\/interpim.erresse-shop.it\/Import\/Prodotti\/vaso-arcus-weiss-matt-24cm.jpg\" \/><meta property=\"og:image\" content=\"https:\/\/interpim.erresse-shop.it\/Import\/Prodotti\/vaso-arcus-weiss-matt-24cm.jpg\" \/>\n\t<meta property=\"og:image:width\" content=\"1024\" \/>\n\t<meta property=\"og:image:height\" content=\"1024\" \/>\n\t<meta property=\"og:image:type\" content=\"image\/jpeg\" \/>\n<meta name=\"twitter:card\" content=\"summary_large_image\" \/>\n<meta name=\"twitter:image\" content=\"https:\/\/interpim.erresse-shop.it\/Import\/Prodotti\/vaso-arcus-weiss-matt-24cm.jpg\" \/>\n<script type=\"application\/ld+json\" class=\"yoast-schema-graph\">{\"@context\":\"https:\/\/schema.org\",\"@graph\":[{\"@type\":\"WebPage\",\"@id\":\"https:\/\/dev6.erresse-shop.it\/fr\/shop\/ameublement-maison\/vases-fr\/rosenthal-vase-arcus-24-cm-blanc-mat\/\",\"url\":\"https:\/\/dev6.erresse-shop.it\/fr\/shop\/ameublement-maison\/vases-fr\/rosenthal-vase-arcus-24-cm-blanc-mat\/\",\"name\":\"ROSENTHAL Vase Arcus 24 cm Blanc mat - dev6 Erresse\",\"isPartOf\":{\"@id\":\"https:\/\/dev6.erresse-shop.it\/#website\"},\"primaryImageOfPage\":{\"@id\":\"https:\/\/dev6.erresse-shop.it\/fr\/shop\/ameublement-maison\/vases-fr\/rosenthal-vase-arcus-24-cm-blanc-mat\/#primaryimage\"},\"image\":{\"@id\":\"https:\/\/dev6.erresse-shop.it\/fr\/shop\/ameublement-maison\/vases-fr\/rosenthal-vase-arcus-24-cm-blanc-mat\/#primaryimage\"},\"thumbnailUrl\":\"https:\/\/i1.wp.com\/interpim.erresse-shop.it\/Import\/Prodotti\/vaso-arcus-weiss-matt-24cm.jpg?ssl=1\",\"datePublished\":\"2026-04-12T06:54:19+00:00\",\"description\":\"Le vase de table Arcus en porcelaine de Rosenthal est dynamique et original. Son ouverture en \u00e9ventail et la blancheur de la porcelaine pure en font un\",\"breadcrumb\":{\"@id\":\"https:\/\/dev6.erresse-shop.it\/fr\/shop\/ameublement-maison\/vases-fr\/rosenthal-vase-arcus-24-cm-blanc-mat\/#breadcrumb\"},\"inLanguage\":\"fr-FR\",\"potentialAction\":[{\"@type\":\"ReadAction\",\"target\":[\"https:\/\/dev6.erresse-shop.it\/fr\/shop\/ameublement-maison\/vases-fr\/rosenthal-vase-arcus-24-cm-blanc-mat\/\"]}]},{\"@type\":\"ImageObject\",\"inLanguage\":\"fr-FR\",\"@id\":\"https:\/\/dev6.erresse-shop.it\/fr\/shop\/ameublement-maison\/vases-fr\/rosenthal-vase-arcus-24-cm-blanc-mat\/#primaryimage\",\"url\":\"https:\/\/i1.wp.com\/interpim.erresse-shop.it\/Import\/Prodotti\/vaso-arcus-weiss-matt-24cm.jpg?ssl=1\",\"contentUrl\":\"https:\/\/i1.wp.com\/interpim.erresse-shop.it\/Import\/Prodotti\/vaso-arcus-weiss-matt-24cm.jpg?ssl=1\"},{\"@type\":\"BreadcrumbList\",\"@id\":\"https:\/\/dev6.erresse-shop.it\/fr\/shop\/ameublement-maison\/vases-fr\/rosenthal-vase-arcus-24-cm-blanc-mat\/#breadcrumb\",\"itemListElement\":[{\"@type\":\"ListItem\",\"position\":1,\"name\":\"Home\",\"item\":\"https:\/\/dev6.erresse-shop.it\/\"},{\"@type\":\"ListItem\",\"position\":2,\"name\":\"Boutique\",\"item\":\"https:\/\/dev6.erresse-shop.it\/shop\/\"},{\"@type\":\"ListItem\",\"position\":3,\"name\":\"ROSENTHAL Vase Arcus 24 cm Blanc mat\"}]},{\"@type\":\"WebSite\",\"@id\":\"https:\/\/dev6.erresse-shop.it\/#website\",\"url\":\"https:\/\/dev6.erresse-shop.it\/\",\"name\":\"Erresse Shop\",\"description\":\"\",\"publisher\":{\"@id\":\"https:\/\/dev6.erresse-shop.it\/#organization\"},\"potentialAction\":[{\"@type\":\"SearchAction\",\"target\":{\"@type\":\"EntryPoint\",\"urlTemplate\":\"https:\/\/dev6.erresse-shop.it\/?s={search_term_string}\"},\"query-input\":{\"@type\":\"PropertyValueSpecification\",\"valueRequired\":true,\"valueName\":\"search_term_string\"}}],\"inLanguage\":\"fr-FR\"},{\"@type\":\"Organization\",\"@id\":\"https:\/\/dev6.erresse-shop.it\/#organization\",\"name\":\"Erresse Shop\",\"url\":\"https:\/\/dev6.erresse-shop.it\/\",\"logo\":{\"@type\":\"ImageObject\",\"inLanguage\":\"fr-FR\",\"@id\":\"https:\/\/dev6.erresse-shop.it\/#\/schema\/logo\/image\/\",\"url\":\"https:\/\/dev6.erresse-shop.it\/wp-content\/uploads\/2025\/01\/LOGO-ERRESSE-CLASSICO.svg\",\"contentUrl\":\"https:\/\/dev6.erresse-shop.it\/wp-content\/uploads\/2025\/01\/LOGO-ERRESSE-CLASSICO.svg\",\"caption\":\"Erresse Shop\"},\"image\":{\"@id\":\"https:\/\/dev6.erresse-shop.it\/#\/schema\/logo\/image\/\"}}]}<\/script>\n<!-- \/ Yoast SEO plugin. -->","yoast_head_json":{"title":"ROSENTHAL Vase Arcus 24 cm Blanc mat - dev6 Erresse","description":"Le vase de table Arcus en porcelaine de Rosenthal est dynamique et original. Son ouverture en \u00e9ventail et la blancheur de la porcelaine pure en font un","robots":{"index":"noindex","follow":"follow","max-snippet":"max-snippet:-1","max-image-preview":"max-image-preview:large","max-video-preview":"max-video-preview:-1"},"og_locale":"fr_FR","og_type":"article","og_title":"ROSENTHAL Vase Arcus 24 cm Blanc mat - dev6 Erresse","og_description":"Le vase de table Arcus en porcelaine de Rosenthal est dynamique et original. Son ouverture en \u00e9ventail et la blancheur de la porcelaine pure en font un","og_url":"https:\/\/dev6.erresse-shop.it\/fr\/shop\/ameublement-maison\/vases-fr\/rosenthal-vase-arcus-24-cm-blanc-mat\/","og_site_name":"dev6 Erresse","og_image":[{"url":"https:\/\/interpim.erresse-shop.it\/Import\/Prodotti\/vaso-arcus-weiss-matt-24cm.jpg","type":"","width":"","height":""},{"url":"https:\/\/interpim.erresse-shop.it\/Import\/Prodotti\/vaso-arcus-weiss-matt-24cm.jpg","width":1024,"height":1024,"type":"image\/jpeg"}],"twitter_card":"summary_large_image","twitter_image":"https:\/\/interpim.erresse-shop.it\/Import\/Prodotti\/vaso-arcus-weiss-matt-24cm.jpg","schema":{"@context":"https:\/\/schema.org","@graph":[{"@type":"WebPage","@id":"https:\/\/dev6.erresse-shop.it\/fr\/shop\/ameublement-maison\/vases-fr\/rosenthal-vase-arcus-24-cm-blanc-mat\/","url":"https:\/\/dev6.erresse-shop.it\/fr\/shop\/ameublement-maison\/vases-fr\/rosenthal-vase-arcus-24-cm-blanc-mat\/","name":"ROSENTHAL Vase Arcus 24 cm Blanc mat - dev6 Erresse","isPartOf":{"@id":"https:\/\/dev6.erresse-shop.it\/#website"},"primaryImageOfPage":{"@id":"https:\/\/dev6.erresse-shop.it\/fr\/shop\/ameublement-maison\/vases-fr\/rosenthal-vase-arcus-24-cm-blanc-mat\/#primaryimage"},"image":{"@id":"https:\/\/dev6.erresse-shop.it\/fr\/shop\/ameublement-maison\/vases-fr\/rosenthal-vase-arcus-24-cm-blanc-mat\/#primaryimage"},"thumbnailUrl":"https:\/\/i1.wp.com\/interpim.erresse-shop.it\/Import\/Prodotti\/vaso-arcus-weiss-matt-24cm.jpg?ssl=1","datePublished":"2026-04-12T06:54:19+00:00","description":"Le vase de table Arcus en porcelaine de Rosenthal est dynamique et original. Son ouverture en \u00e9ventail et la blancheur de la porcelaine pure en font un","breadcrumb":{"@id":"https:\/\/dev6.erresse-shop.it\/fr\/shop\/ameublement-maison\/vases-fr\/rosenthal-vase-arcus-24-cm-blanc-mat\/#breadcrumb"},"inLanguage":"fr-FR","potentialAction":[{"@type":"ReadAction","target":["https:\/\/dev6.erresse-shop.it\/fr\/shop\/ameublement-maison\/vases-fr\/rosenthal-vase-arcus-24-cm-blanc-mat\/"]}]},{"@type":"ImageObject","inLanguage":"fr-FR","@id":"https:\/\/dev6.erresse-shop.it\/fr\/shop\/ameublement-maison\/vases-fr\/rosenthal-vase-arcus-24-cm-blanc-mat\/#primaryimage","url":"https:\/\/i1.wp.com\/interpim.erresse-shop.it\/Import\/Prodotti\/vaso-arcus-weiss-matt-24cm.jpg?ssl=1","contentUrl":"https:\/\/i1.wp.com\/interpim.erresse-shop.it\/Import\/Prodotti\/vaso-arcus-weiss-matt-24cm.jpg?ssl=1"},{"@type":"BreadcrumbList","@id":"https:\/\/dev6.erresse-shop.it\/fr\/shop\/ameublement-maison\/vases-fr\/rosenthal-vase-arcus-24-cm-blanc-mat\/#breadcrumb","itemListElement":[{"@type":"ListItem","position":1,"name":"Home","item":"https:\/\/dev6.erresse-shop.it\/"},{"@type":"ListItem","position":2,"name":"Boutique","item":"https:\/\/dev6.erresse-shop.it\/shop\/"},{"@type":"ListItem","position":3,"name":"ROSENTHAL Vase Arcus 24 cm Blanc mat"}]},{"@type":"WebSite","@id":"https:\/\/dev6.erresse-shop.it\/#website","url":"https:\/\/dev6.erresse-shop.it\/","name":"Erresse Shop","description":"","publisher":{"@id":"https:\/\/dev6.erresse-shop.it\/#organization"},"potentialAction":[{"@type":"SearchAction","target":{"@type":"EntryPoint","urlTemplate":"https:\/\/dev6.erresse-shop.it\/?s={search_term_string}"},"query-input":{"@type":"PropertyValueSpecification","valueRequired":true,"valueName":"search_term_string"}}],"inLanguage":"fr-FR"},{"@type":"Organization","@id":"https:\/\/dev6.erresse-shop.it\/#organization","name":"Erresse Shop","url":"https:\/\/dev6.erresse-shop.it\/","logo":{"@type":"ImageObject","inLanguage":"fr-FR","@id":"https:\/\/dev6.erresse-shop.it\/#\/schema\/logo\/image\/","url":"https:\/\/dev6.erresse-shop.it\/wp-content\/uploads\/2025\/01\/LOGO-ERRESSE-CLASSICO.svg","contentUrl":"https:\/\/dev6.erresse-shop.it\/wp-content\/uploads\/2025\/01\/LOGO-ERRESSE-CLASSICO.svg","caption":"Erresse Shop"},"image":{"@id":"https:\/\/dev6.erresse-shop.it\/#\/schema\/logo\/image\/"}}]}},"df_price":189.95,"df_sale_price":189.95,"df_regular_price":229,"df_image_link":"https:\/\/i1.wp.com\/interpim.erresse-shop.it\/Import\/Prodotti\/vaso-arcus-weiss-matt-24cm.jpg?resize=300,300&ssl=1","fifu_image_url":"https:\/\/interpim.erresse-shop.it\/Import\/Prodotti\/vaso-arcus-weiss-matt-24cm.jpg","_links":{"self":[{"href":"https:\/\/dev6.erresse-shop.it\/fr\/wp-json\/wp\/v2\/product\/59834","targetHints":{"allow":["GET"]}}],"collection":[{"href":"https:\/\/dev6.erresse-shop.it\/fr\/wp-json\/wp\/v2\/product"}],"about":[{"href":"https:\/\/dev6.erresse-shop.it\/fr\/wp-json\/wp\/v2\/types\/product"}],"wp:featuredmedia":[{"embeddable":true,"href":"https:\/\/dev6.erresse-shop.it\/fr\/wp-json\/wp\/v2\/media\/6354940"}],"wp:attachment":[{"href":"https:\/\/dev6.erresse-shop.it\/fr\/wp-json\/wp\/v2\/media?parent=59834"}],"wp:term":[{"taxonomy":"product_cat","embeddable":true,"href":"https:\/\/dev6.erresse-shop.it\/fr\/wp-json\/wp\/v2\/product_cat?post=59834"},{"taxonomy":"product_tag","embeddable":true,"href":"https:\/\/dev6.erresse-shop.it\/fr\/wp-json\/wp\/v2\/product_tag?post=59834"}],"curies":[{"name":"wp","href":"https:\/\/api.w.org\/{rel}","templated":true}]}}