{"id":59828,"date":"2026-04-12T08:54:19","date_gmt":"2026-04-12T06:54:19","guid":{"rendered":"https:\/\/dev6.erresse-shop.it\/shop\/non%20class\u00e9\/rosenthal-vase-des-phases-vase-26-cm-blanc-mat\/"},"modified":"2025-09-14T04:30:06","modified_gmt":"2025-09-14T02:30:06","slug":"rosenthal-vase-des-phases-vase-26-cm-blanc-mat","status":"publish","type":"product","link":"https:\/\/dev6.erresse-shop.it\/fr\/shop\/ameublement-maison\/vases-fr\/rosenthal-vase-des-phases-vase-26-cm-blanc-mat\/","title":{"rendered":"ROSENTHAL Vase des Phases Vase 26 cm Blanc mat"},"content":{"rendered":"<p>Le vase de la collection PHASES de Rosenthal, cr\u00e9\u00e9 par Dror Benshetrits, un designer d\u00e9di\u00e9 \u00e0 l\u2019innovation qui, \u00e0 travers de nouvelles utilisations des mat\u00e9riaux, tant au niveau des techniques que des formes, a cr\u00e9\u00e9 cette collection, inspir\u00e9e par le concept des diff\u00e9rentes \u00e9tapes de la vie.<br \/>\nEn utilisant la forme d\u2019un vase aux formes douces et f\u00e9minines, il repr\u00e9sente, \u00e0 travers une phase de destruction, la transformation en un objet qui, bien que plus brut, est aussi plus int\u00e9ressant et fascinant.<br \/>\nGr\u00e2ce \u00e0 un processus de r\u00e9paration qui vise \u00e0 mettre en valeur les caract\u00e9ristiques nouvellement acquises du vase, au lieu de tenter de r\u00e9tablir les formes originales, il consolide son aspect suggestif.<\/p>\n<p>Mat\u00e9riau : Porcelaine<br \/>\nCollection : Phases<\/p>\n","protected":false},"excerpt":{"rendered":"<p>Le vase de la collection PHASES de Rosenthal, cr\u00e9\u00e9 par Dror Benshetrits, un designer d\u00e9di\u00e9 \u00e0 l\u2019innovation qui, \u00e0 travers de nouvelles utilisations des mat\u00e9riaux, tant au niveau des techniques que des formes, a cr\u00e9\u00e9 cette collection, inspir\u00e9e par le concept des diff\u00e9rentes \u00e9tapes de la vie. En utilisant la forme d\u2019un vase aux formes [&hellip;]<\/p>\n","protected":false},"featured_media":6354932,"template":"","meta":{"_acf_changed":false},"product_cat":[11990,11666,12018],"product_tag":[],"class_list":{"0":"post-59828","1":"product","2":"type-product","3":"status-publish","4":"has-post-thumbnail","6":"product_cat-ameublement-maison","7":"product_cat-arredamento-casa","8":"product_cat-vases-fr","10":"first","11":"outofstock","12":"sale","13":"taxable","14":"shipping-taxable","15":"purchasable","16":"product-type-simple","swatches":"rey-swatches","show_selected":"","stretch_labels":"rey-swatches--stretch-labels"},"acf":[],"yoast_head":"<!-- This site is optimized with the Yoast SEO plugin v25.4 - https:\/\/yoast.com\/wordpress\/plugins\/seo\/ -->\n<title>ROSENTHAL Vase des Phases Vase 26 cm Blanc mat - dev6 Erresse<\/title>\n<meta name=\"description\" content=\"Le vase de la collection PHASES de Rosenthal, cr\u00e9\u00e9 par Dror Benshetrits, un designer d\u00e9di\u00e9 \u00e0 l\u2019innovation qui, \u00e0 travers de nouvelles utilisations des\" \/>\n<meta name=\"robots\" content=\"noindex, follow, max-snippet:-1, max-image-preview:large, max-video-preview:-1\" \/>\n<meta property=\"og:locale\" content=\"fr_FR\" \/>\n<meta property=\"og:type\" content=\"article\" \/>\n<meta property=\"og:title\" content=\"ROSENTHAL Vase des Phases Vase 26 cm Blanc mat - dev6 Erresse\" \/>\n<meta property=\"og:description\" content=\"Le vase de la collection PHASES de Rosenthal, cr\u00e9\u00e9 par Dror Benshetrits, un designer d\u00e9di\u00e9 \u00e0 l\u2019innovation qui, \u00e0 travers de nouvelles utilisations des\" \/>\n<meta property=\"og:url\" content=\"https:\/\/dev6.erresse-shop.it\/fr\/shop\/ameublement-maison\/vases-fr\/rosenthal-vase-des-phases-vase-26-cm-blanc-mat\/\" \/>\n<meta property=\"og:site_name\" content=\"dev6 Erresse\" \/>\n<meta property=\"og:image\" content=\"https:\/\/interpim.erresse-shop.it\/Import\/Prodotti\/vaso-vase-of-phases-weiss-30cm.jpg\" \/><meta property=\"og:image\" content=\"https:\/\/interpim.erresse-shop.it\/Import\/Prodotti\/vaso-vase-of-phases-weiss-30cm.jpg\" \/>\n\t<meta property=\"og:image:width\" content=\"1024\" \/>\n\t<meta property=\"og:image:height\" content=\"1024\" \/>\n\t<meta property=\"og:image:type\" content=\"image\/jpeg\" \/>\n<meta name=\"twitter:card\" content=\"summary_large_image\" \/>\n<meta name=\"twitter:image\" content=\"https:\/\/interpim.erresse-shop.it\/Import\/Prodotti\/vaso-vase-of-phases-weiss-30cm.jpg\" \/>\n<script type=\"application\/ld+json\" class=\"yoast-schema-graph\">{\"@context\":\"https:\/\/schema.org\",\"@graph\":[{\"@type\":\"WebPage\",\"@id\":\"https:\/\/dev6.erresse-shop.it\/fr\/shop\/ameublement-maison\/vases-fr\/rosenthal-vase-des-phases-vase-26-cm-blanc-mat\/\",\"url\":\"https:\/\/dev6.erresse-shop.it\/fr\/shop\/ameublement-maison\/vases-fr\/rosenthal-vase-des-phases-vase-26-cm-blanc-mat\/\",\"name\":\"ROSENTHAL Vase des Phases Vase 26 cm Blanc mat - dev6 Erresse\",\"isPartOf\":{\"@id\":\"https:\/\/dev6.erresse-shop.it\/#website\"},\"primaryImageOfPage\":{\"@id\":\"https:\/\/dev6.erresse-shop.it\/fr\/shop\/ameublement-maison\/vases-fr\/rosenthal-vase-des-phases-vase-26-cm-blanc-mat\/#primaryimage\"},\"image\":{\"@id\":\"https:\/\/dev6.erresse-shop.it\/fr\/shop\/ameublement-maison\/vases-fr\/rosenthal-vase-des-phases-vase-26-cm-blanc-mat\/#primaryimage\"},\"thumbnailUrl\":\"https:\/\/i2.wp.com\/interpim.erresse-shop.it\/Import\/Prodotti\/vaso-vase-of-phases-weiss-30cm.jpg?ssl=1\",\"datePublished\":\"2026-04-12T06:54:19+00:00\",\"description\":\"Le vase de la collection PHASES de Rosenthal, cr\u00e9\u00e9 par Dror Benshetrits, un designer d\u00e9di\u00e9 \u00e0 l\u2019innovation qui, \u00e0 travers de nouvelles utilisations des\",\"breadcrumb\":{\"@id\":\"https:\/\/dev6.erresse-shop.it\/fr\/shop\/ameublement-maison\/vases-fr\/rosenthal-vase-des-phases-vase-26-cm-blanc-mat\/#breadcrumb\"},\"inLanguage\":\"fr-FR\",\"potentialAction\":[{\"@type\":\"ReadAction\",\"target\":[\"https:\/\/dev6.erresse-shop.it\/fr\/shop\/ameublement-maison\/vases-fr\/rosenthal-vase-des-phases-vase-26-cm-blanc-mat\/\"]}]},{\"@type\":\"ImageObject\",\"inLanguage\":\"fr-FR\",\"@id\":\"https:\/\/dev6.erresse-shop.it\/fr\/shop\/ameublement-maison\/vases-fr\/rosenthal-vase-des-phases-vase-26-cm-blanc-mat\/#primaryimage\",\"url\":\"https:\/\/i2.wp.com\/interpim.erresse-shop.it\/Import\/Prodotti\/vaso-vase-of-phases-weiss-30cm.jpg?ssl=1\",\"contentUrl\":\"https:\/\/i2.wp.com\/interpim.erresse-shop.it\/Import\/Prodotti\/vaso-vase-of-phases-weiss-30cm.jpg?ssl=1\"},{\"@type\":\"BreadcrumbList\",\"@id\":\"https:\/\/dev6.erresse-shop.it\/fr\/shop\/ameublement-maison\/vases-fr\/rosenthal-vase-des-phases-vase-26-cm-blanc-mat\/#breadcrumb\",\"itemListElement\":[{\"@type\":\"ListItem\",\"position\":1,\"name\":\"Home\",\"item\":\"https:\/\/dev6.erresse-shop.it\/\"},{\"@type\":\"ListItem\",\"position\":2,\"name\":\"Boutique\",\"item\":\"https:\/\/dev6.erresse-shop.it\/shop\/\"},{\"@type\":\"ListItem\",\"position\":3,\"name\":\"ROSENTHAL Vase des Phases Vase 26 cm Blanc mat\"}]},{\"@type\":\"WebSite\",\"@id\":\"https:\/\/dev6.erresse-shop.it\/#website\",\"url\":\"https:\/\/dev6.erresse-shop.it\/\",\"name\":\"Erresse Shop\",\"description\":\"\",\"publisher\":{\"@id\":\"https:\/\/dev6.erresse-shop.it\/#organization\"},\"potentialAction\":[{\"@type\":\"SearchAction\",\"target\":{\"@type\":\"EntryPoint\",\"urlTemplate\":\"https:\/\/dev6.erresse-shop.it\/?s={search_term_string}\"},\"query-input\":{\"@type\":\"PropertyValueSpecification\",\"valueRequired\":true,\"valueName\":\"search_term_string\"}}],\"inLanguage\":\"fr-FR\"},{\"@type\":\"Organization\",\"@id\":\"https:\/\/dev6.erresse-shop.it\/#organization\",\"name\":\"Erresse Shop\",\"url\":\"https:\/\/dev6.erresse-shop.it\/\",\"logo\":{\"@type\":\"ImageObject\",\"inLanguage\":\"fr-FR\",\"@id\":\"https:\/\/dev6.erresse-shop.it\/#\/schema\/logo\/image\/\",\"url\":\"https:\/\/dev6.erresse-shop.it\/wp-content\/uploads\/2025\/01\/LOGO-ERRESSE-CLASSICO.svg\",\"contentUrl\":\"https:\/\/dev6.erresse-shop.it\/wp-content\/uploads\/2025\/01\/LOGO-ERRESSE-CLASSICO.svg\",\"caption\":\"Erresse Shop\"},\"image\":{\"@id\":\"https:\/\/dev6.erresse-shop.it\/#\/schema\/logo\/image\/\"}}]}<\/script>\n<!-- \/ Yoast SEO plugin. -->","yoast_head_json":{"title":"ROSENTHAL Vase des Phases Vase 26 cm Blanc mat - dev6 Erresse","description":"Le vase de la collection PHASES de Rosenthal, cr\u00e9\u00e9 par Dror Benshetrits, un designer d\u00e9di\u00e9 \u00e0 l\u2019innovation qui, \u00e0 travers de nouvelles utilisations des","robots":{"index":"noindex","follow":"follow","max-snippet":"max-snippet:-1","max-image-preview":"max-image-preview:large","max-video-preview":"max-video-preview:-1"},"og_locale":"fr_FR","og_type":"article","og_title":"ROSENTHAL Vase des Phases Vase 26 cm Blanc mat - dev6 Erresse","og_description":"Le vase de la collection PHASES de Rosenthal, cr\u00e9\u00e9 par Dror Benshetrits, un designer d\u00e9di\u00e9 \u00e0 l\u2019innovation qui, \u00e0 travers de nouvelles utilisations des","og_url":"https:\/\/dev6.erresse-shop.it\/fr\/shop\/ameublement-maison\/vases-fr\/rosenthal-vase-des-phases-vase-26-cm-blanc-mat\/","og_site_name":"dev6 Erresse","og_image":[{"url":"https:\/\/interpim.erresse-shop.it\/Import\/Prodotti\/vaso-vase-of-phases-weiss-30cm.jpg","type":"","width":"","height":""},{"url":"https:\/\/interpim.erresse-shop.it\/Import\/Prodotti\/vaso-vase-of-phases-weiss-30cm.jpg","width":1024,"height":1024,"type":"image\/jpeg"}],"twitter_card":"summary_large_image","twitter_image":"https:\/\/interpim.erresse-shop.it\/Import\/Prodotti\/vaso-vase-of-phases-weiss-30cm.jpg","schema":{"@context":"https:\/\/schema.org","@graph":[{"@type":"WebPage","@id":"https:\/\/dev6.erresse-shop.it\/fr\/shop\/ameublement-maison\/vases-fr\/rosenthal-vase-des-phases-vase-26-cm-blanc-mat\/","url":"https:\/\/dev6.erresse-shop.it\/fr\/shop\/ameublement-maison\/vases-fr\/rosenthal-vase-des-phases-vase-26-cm-blanc-mat\/","name":"ROSENTHAL Vase des Phases Vase 26 cm Blanc mat - dev6 Erresse","isPartOf":{"@id":"https:\/\/dev6.erresse-shop.it\/#website"},"primaryImageOfPage":{"@id":"https:\/\/dev6.erresse-shop.it\/fr\/shop\/ameublement-maison\/vases-fr\/rosenthal-vase-des-phases-vase-26-cm-blanc-mat\/#primaryimage"},"image":{"@id":"https:\/\/dev6.erresse-shop.it\/fr\/shop\/ameublement-maison\/vases-fr\/rosenthal-vase-des-phases-vase-26-cm-blanc-mat\/#primaryimage"},"thumbnailUrl":"https:\/\/i2.wp.com\/interpim.erresse-shop.it\/Import\/Prodotti\/vaso-vase-of-phases-weiss-30cm.jpg?ssl=1","datePublished":"2026-04-12T06:54:19+00:00","description":"Le vase de la collection PHASES de Rosenthal, cr\u00e9\u00e9 par Dror Benshetrits, un designer d\u00e9di\u00e9 \u00e0 l\u2019innovation qui, \u00e0 travers de nouvelles utilisations des","breadcrumb":{"@id":"https:\/\/dev6.erresse-shop.it\/fr\/shop\/ameublement-maison\/vases-fr\/rosenthal-vase-des-phases-vase-26-cm-blanc-mat\/#breadcrumb"},"inLanguage":"fr-FR","potentialAction":[{"@type":"ReadAction","target":["https:\/\/dev6.erresse-shop.it\/fr\/shop\/ameublement-maison\/vases-fr\/rosenthal-vase-des-phases-vase-26-cm-blanc-mat\/"]}]},{"@type":"ImageObject","inLanguage":"fr-FR","@id":"https:\/\/dev6.erresse-shop.it\/fr\/shop\/ameublement-maison\/vases-fr\/rosenthal-vase-des-phases-vase-26-cm-blanc-mat\/#primaryimage","url":"https:\/\/i2.wp.com\/interpim.erresse-shop.it\/Import\/Prodotti\/vaso-vase-of-phases-weiss-30cm.jpg?ssl=1","contentUrl":"https:\/\/i2.wp.com\/interpim.erresse-shop.it\/Import\/Prodotti\/vaso-vase-of-phases-weiss-30cm.jpg?ssl=1"},{"@type":"BreadcrumbList","@id":"https:\/\/dev6.erresse-shop.it\/fr\/shop\/ameublement-maison\/vases-fr\/rosenthal-vase-des-phases-vase-26-cm-blanc-mat\/#breadcrumb","itemListElement":[{"@type":"ListItem","position":1,"name":"Home","item":"https:\/\/dev6.erresse-shop.it\/"},{"@type":"ListItem","position":2,"name":"Boutique","item":"https:\/\/dev6.erresse-shop.it\/shop\/"},{"@type":"ListItem","position":3,"name":"ROSENTHAL Vase des Phases Vase 26 cm Blanc mat"}]},{"@type":"WebSite","@id":"https:\/\/dev6.erresse-shop.it\/#website","url":"https:\/\/dev6.erresse-shop.it\/","name":"Erresse Shop","description":"","publisher":{"@id":"https:\/\/dev6.erresse-shop.it\/#organization"},"potentialAction":[{"@type":"SearchAction","target":{"@type":"EntryPoint","urlTemplate":"https:\/\/dev6.erresse-shop.it\/?s={search_term_string}"},"query-input":{"@type":"PropertyValueSpecification","valueRequired":true,"valueName":"search_term_string"}}],"inLanguage":"fr-FR"},{"@type":"Organization","@id":"https:\/\/dev6.erresse-shop.it\/#organization","name":"Erresse Shop","url":"https:\/\/dev6.erresse-shop.it\/","logo":{"@type":"ImageObject","inLanguage":"fr-FR","@id":"https:\/\/dev6.erresse-shop.it\/#\/schema\/logo\/image\/","url":"https:\/\/dev6.erresse-shop.it\/wp-content\/uploads\/2025\/01\/LOGO-ERRESSE-CLASSICO.svg","contentUrl":"https:\/\/dev6.erresse-shop.it\/wp-content\/uploads\/2025\/01\/LOGO-ERRESSE-CLASSICO.svg","caption":"Erresse Shop"},"image":{"@id":"https:\/\/dev6.erresse-shop.it\/#\/schema\/logo\/image\/"}}]}},"df_price":149.95,"df_sale_price":149.95,"df_regular_price":165,"df_image_link":"https:\/\/i2.wp.com\/interpim.erresse-shop.it\/Import\/Prodotti\/vaso-vase-of-phases-weiss-30cm.jpg?resize=300,300&ssl=1","fifu_image_url":"https:\/\/interpim.erresse-shop.it\/Import\/Prodotti\/vaso-vase-of-phases-weiss-30cm.jpg","_links":{"self":[{"href":"https:\/\/dev6.erresse-shop.it\/fr\/wp-json\/wp\/v2\/product\/59828","targetHints":{"allow":["GET"]}}],"collection":[{"href":"https:\/\/dev6.erresse-shop.it\/fr\/wp-json\/wp\/v2\/product"}],"about":[{"href":"https:\/\/dev6.erresse-shop.it\/fr\/wp-json\/wp\/v2\/types\/product"}],"wp:featuredmedia":[{"embeddable":true,"href":"https:\/\/dev6.erresse-shop.it\/fr\/wp-json\/wp\/v2\/media\/6354932"}],"wp:attachment":[{"href":"https:\/\/dev6.erresse-shop.it\/fr\/wp-json\/wp\/v2\/media?parent=59828"}],"wp:term":[{"taxonomy":"product_cat","embeddable":true,"href":"https:\/\/dev6.erresse-shop.it\/fr\/wp-json\/wp\/v2\/product_cat?post=59828"},{"taxonomy":"product_tag","embeddable":true,"href":"https:\/\/dev6.erresse-shop.it\/fr\/wp-json\/wp\/v2\/product_tag?post=59828"}],"curies":[{"name":"wp","href":"https:\/\/api.w.org\/{rel}","templated":true}]}}